{"id":60965,"date":"2026-04-15T11:11:14","date_gmt":"2026-04-15T09:11:14","guid":{"rendered":"https:\/\/ironsky.pl\/sklep\/produkt\/stacja-zasilania-ecoflow-trail-300-dc-288wh\/"},"modified":"2026-04-15T11:11:32","modified_gmt":"2026-04-15T09:11:32","slug":"stacja-zasilania-ecoflow-trail-300-dc-288wh","status":"publish","type":"product","link":"https:\/\/ironsky.pl\/sklep\/produkt\/stacja-zasilania-ecoflow-trail-300-dc-288wh\/","title":{"rendered":"Stacja zasilania ECOFLOW TRAIL 300 DC 288Wh"},"content":{"rendered":"<h3>Przeno\u015bna stacja zasilania EcoFlow TRAIL 300 DC<\/h3>\n<p>EcoFlow TRAIL 300 DC to wydajniejsza wersja lekkiej stacji zasilania, stworzona dla os\u00f3b, kt\u00f3re potrzebuj\u0105 wi\u0119kszej rezerwy energii w podr\u00f3\u017cy, na biwaku czy w sytuacjach awaryjnych. Dzi\u0119ki pojemno\u015bci 288 Wh i \u0142\u0105cznej mocy wyj\u015bciowej 300 W mo\u017cesz zasila\u0107 jeszcze wi\u0119cej urz\u0105dze\u0144 jednocze\u015bnie \u2013 od o\u015bwietlenia i laptopa, po ch\u0142odziarki turystyczne, przeno\u015bne projektory czy drony. Mimo rozszerzonych mo\u017cliwo\u015bci stacja wci\u0105\u017c pozostaje niezwykle mobilna \u2013 wa\u017cy tylko oko\u0142o 2,6 kg i bez problemu mie\u015bci si\u0119 w plecaku czy torbie.<\/p>\n<p>\n<img decoding=\"async\" src=\"https:\/\/assets.innpro.pl\/18314\/24304\/15.jpg\" border=\"0\" alt=\"Czarna przeno\u015bna stacja zasilania na skale na tle b\u0142\u0119kitnego nieba i morza\" \/>\n<\/p>\n<h3>Zawsze pod r\u0119k\u0105<\/h3>\n<p>Model TRAIL 300 DC jest zauwa\u017calnie mniejszy i l\u017cejszy ni\u017c inne urz\u0105dzenia w tej klasie. Wymiary oko\u0142o 166 \u00d7 115 \u00d7 167 mm sprawiaj\u0105, \u017ce stacja jest por\u0119czna i wygodna w transporcie \u2013 bez problemu zabierzesz j\u0105 na ka\u017cd\u0105 wypraw\u0119.<\/p>\n<p>\n<img decoding=\"async\" src=\"https:\/\/assets.innpro.pl\/18314\/24304\/9.jpg\" border=\"0\" alt=\"Kobieta wk\u0142ada przeno\u015bn\u0105 stacj\u0119 zasilania do plecaka turystycznego w lesie\" \/>\n<\/p>\n<h3>Mocna i wszechstronna<\/h3>\n<p>Dzi\u0119ki czystemu pr\u0105dowi DC o mocy do 300 W (po 140 W na port, w tym gniazdo samochodowe 12 V) bez problemu zasilisz ponad 90% podstawowych urz\u0105dze\u0144 outdoorowych. Za pomoc\u0105 stacji z \u0142atwo\u015bci\u0105 o\u015bwietlisz obozowisko, na\u0142adujesz laptopa czy uruchomisz lod\u00f3wk\u0119 turystyczn\u0105. To rozwi\u0105zanie, kt\u00f3re daje pe\u0142n\u0105 swobod\u0119 \u2013 mo\u017cesz pracowa\u0107 zdalnie w terenie, ogl\u0105da\u0107 filmy z projektora czy \u0142adowa\u0107 sprz\u0119t fotograficzny w trakcie sesji w plenerze.<\/p>\n<p>\n<img decoding=\"async\" src=\"https:\/\/assets.innpro.pl\/18314\/24304\/16.jpg\" border=\"0\" alt=\"Dwie osoby ogl\u0105daj\u0105 film w nocy na projektorze pod\u0142\u0105czonym do stacji zasilania\" \/>\n<\/p>\n<h3>Energia na d\u0142u\u017cej<\/h3>\n<p>Pojemno\u015b\u0107 288 Wh oznacza wi\u0119cej godzin dzia\u0142ania niezb\u0119dnych sprz\u0119t\u00f3w \u2013 dla przyk\u0142adu, latarka kempingowa mo\u017ce \u015bwieci\u0107 nawet przez 44 godziny, telefon na\u0142adujesz do pe\u0142na oko\u0142o 16 razy, a ma\u0142a ch\u0142odziarka b\u0119dzie pracowa\u0107 prawie przez ca\u0142\u0105 dob\u0119 (oko\u0142o 23 godzin). Dzi\u0119ki temu mo\u017cesz w pe\u0142ni cieszy\u0107 si\u0119 wypadami w teren!<\/p>\n<p>\n<img decoding=\"async\" src=\"https:\/\/assets.innpro.pl\/18314\/24304\/10.jpg\" border=\"0\" alt=\"M\u0119\u017cczyzna z telefonem o zachodzie s\u0142o\u0144ca obok stacji zasilania, drona i aparatu na skale\" \/>\n<\/p>\n<h3>Bogaty zestaw port\u00f3w<\/h3>\n<p>Stacja EcoFlow TRAIL 300 DC oferuje dwa porty USB-C PD 140 W, dwa porty USB-A 12 W oraz gniazdo samochodowe 12 V. Dzi\u0119ki temu mo\u017cesz pod\u0142\u0105czy\u0107 do niej kilka urz\u0105dze\u0144 jednocze\u015bnie. To ogromna wygoda, gdy w terenie korzystasz z wielu sprz\u0119t\u00f3w lub podr\u00f3\u017cujesz z grup\u0105 przyjaci\u00f3\u0142 \u2013 nikt ju\u017c nie b\u0119dzie musia\u0142 czeka\u0107 na swoj\u0105 kolej, aby na\u0142adowa\u0107 telefon czy laptopa!<\/p>\n<p>\n<img decoding=\"async\" src=\"https:\/\/assets.innpro.pl\/18314\/24304\/12.jpg\" border=\"0\" alt=\"Grupa os\u00f3b wznosi toast przy stole kempingowym ze stacj\u0105 zasilania i g\u0142o\u015bnikiem wieczorem\" \/>\n<\/p>\n<h3>Kilka sposob\u00f3w \u0142adowania \u2013 w domu i w trasie<\/h3>\n<p>Model TRAIL 300 DC mo\u017ce by\u0107 \u0142adowany na r\u00f3\u017cne sposoby. Za pomoc\u0105 dw\u00f3ch port\u00f3w USB-C PD 140 W na\u0142adujesz go do 80% w oko\u0142o 69 minut. Zajmij si\u0119 pakowaniem na wypraw\u0119, a zanim sko\u0144czysz, stacja b\u0119dzie ju\u017c gotowa do dzia\u0142ania! Mo\u017cesz te\u017c \u0142adowa\u0107 j\u0105 przy u\u017cyciu paneli fotowoltaicznych 110 W (do 80% w oko\u0142o 2,4 godziny) lub w samochodzie (do 80% w oko\u0142o 2,6 godzin). Takie rozwi\u0105zanie \u015bwietnie sprawdzi si\u0119 podczas podr\u00f3\u017cy! Z EcoFlow TRAIL 300 DC zapewnisz sobie dost\u0119p do pr\u0105du, gdziekolwiek si\u0119 znajdziesz.<\/p>\n<p>\n<img decoding=\"async\" src=\"https:\/\/assets.innpro.pl\/18314\/24304\/14.jpg\" border=\"0\" alt=\"Panel fotowoltaiczny pod\u0142\u0105czony do przeno\u015bnej stacji zasilania stoj\u0105cej na kamieniu w lesie\" \/>\n<\/p>\n<h3>Wytrzyma\u0142a i bezpieczna konstrukcja<\/h3>\n<p>TRAIL 300 DC korzysta z akumulatora LFP o \u017cywotno\u015bci si\u0119gaj\u0105cej 5 lat oraz 40-warstwowego systemu monitoringu w czasie rzeczywistym. Technologia BMS SOC Balancing dba o r\u00f3wnomierne \u0142adowanie, a X-Guard chroni przed awariami. Obudowa wykonana jest z trudnopalnego materia\u0142u UL94V-0 i ma stopie\u0144 ochrony IP30, co gwarantuje bezpiecze\u0144stwo w terenie. A je\u015bli planujesz wypraw\u0119 w bardziej wymagaj\u0105cych warunkach, zaopatrz si\u0119 w dost\u0119pn\u0105 w oddzielnej sprzeda\u017cy wodoodporn\u0105 torb\u0119.<\/p>\n<p>\n<img decoding=\"async\" src=\"https:\/\/assets.innpro.pl\/18314\/24304\/8.jpg\" border=\"0\" alt=\"Osoba siedz\u0105ca na krze\u015ble kempingowym przy wodospadzie z przeno\u015bn\u0105 stacj\u0105 zasilania na ziemi\" \/>\n<\/p>\n<div class=\"table-wrapper\">\n<p>\u00a0<\/p>\n<h3>Og\u00f3lne<\/h3>\n<table>\n<tbody>\n<tr>\n<th>Producent<\/th>\n<td>EcoFlow<\/td>\n<\/tr>\n<tr>\n<th>Nazwa<\/th>\n<td>EcoFlow TRAIL 300 DC<\/td>\n<\/tr>\n<tr>\n<th>Model<\/th>\n<td>EF-TX-288<\/td>\n<\/tr>\n<tr>\n<th>Waga<\/th>\n<td>Ok. 2,6 kg<\/td>\n<\/tr>\n<tr>\n<th>Wymiary<\/th>\n<td>Ok. 166 \u00d7 115 \u00d7 167 mm<\/td>\n<\/tr>\n<\/tbody>\n<\/table>\n<p>\u00a0<\/p>\n<h3>Wyj\u015bcia<\/h3>\n<table>\n<tbody>\n<tr>\n<th>USB-A1\/A2<\/th>\n<td>5 V \u2393 2,4 A, 12 W na port, 24 W \u0142\u0105cznie<\/td>\n<\/tr>\n<tr>\n<th>USB-C1<\/th>\n<td>5\/9\/12\/15 V \u2393 3 A, 20\/28 V \u2393 5 A, 140 W maks.<\/td>\n<\/tr>\n<tr>\n<th>USB-C2<\/th>\n<td>5\/9\/12\/15 V \u2393 3 A, 20\/28 V \u2393 5 A, 140 W maks.<\/td>\n<\/tr>\n<tr>\n<th>Gniazdo samochodowe<\/th>\n<td>12 V \u2393 10 A<\/td>\n<\/tr>\n<\/tbody>\n<\/table>\n<p>\u00a0<\/p>\n<h3>Wej\u015bcia<\/h3>\n<table>\n<tbody>\n<tr>\n<th>USB-C1<\/th>\n<td>9\/12\/15 V \u2393 3 A, 20\/28 V \u2393 5 A, 140 W maks.<\/td>\n<\/tr>\n<tr>\n<th>USB-C2<\/th>\n<td>9\/12\/15 V \u2393 3 A, 20\/28 V \u2393 5 A, 140 W maks.<\/td>\n<\/tr>\n<tr>\n<th>Port solarny\/gniazdo samochodowe<\/th>\n<td>10\u201330 V \u2393 10 A maks., 110 W maks.<\/td>\n<\/tr>\n<\/tbody>\n<\/table>\n<p>\u00a0<\/p>\n<h3>Akumulator<\/h3>\n<table>\n<tbody>\n<tr>\n<th>Napi\u0119cie znamionowe<\/th>\n<td>19,2 V\u2393<\/td>\n<\/tr>\n<tr>\n<th>Pojemno\u015b\u0107<\/th>\n<td>288 Wh<\/td>\n<\/tr>\n<tr>\n<th>Chemia ogniw<\/th>\n<td>LFP (LiFePO\u2084)<\/td>\n<\/tr>\n<tr>\n<th>Zabezpieczenia<\/th>\n<td>Ochrona przed przepi\u0119ciem, przeci\u0105\u017ceniem, przegrzaniem, zwarciem, niskim napi\u0119ciem, zbyt nisk\u0105 temperatur\u0105 i pr\u0105dem przet\u0119\u017ceniowym<\/td>\n<\/tr>\n<\/tbody>\n<\/table>\n<p>\u00a0<\/p>\n<h3>Warunki pracy<\/h3>\n<table>\n<tbody>\n<tr>\n<th>Temperatura \u0142adowania<\/th>\n<td>Od 0\u00b0C do 45\u00b0C<\/td>\n<\/tr>\n<tr>\n<th>Temperatura roz\u0142adowania<\/th>\n<td>Od -10\u00b0C do 45\u00b0C<\/td>\n<\/tr>\n<tr>\n<th>Temperatura przechowywania<\/th>\n<td>Od -10\u00b0C do 45\u00b0C<\/td>\n<\/tr>\n<tr>\n<th>Maks. wysoko\u015b\u0107 pracy<\/th>\n<td>\u2264 3000 m<\/td>\n<\/tr>\n<\/tbody>\n<\/table>\n<\/div>\n","protected":false},"excerpt":{"rendered":"<p>Przeno\u015bna stacja zasilania EcoFlow TRAIL 300 DC EcoFlow TRAIL 300 DC to wydajniejsza wersja lekkiej stacji zasilania, stworzona dla os\u00f3b,<\/p>\n","protected":false},"featured_media":50372,"comment_status":"closed","ping_status":"open","template":"","meta":{"_acf_changed":false},"product_brand":[],"product_cat":[1108,1111,6199],"product_tag":[],"class_list":{"0":"post-60965","1":"product","2":"type-product","3":"status-publish","4":"has-post-thumbnail","6":"product_cat-energia","7":"product_cat-stacje-zasilania","8":"product_cat-stacje-zasilania-stacje-zasilania","9":"pa_okres-gwarancji-5775","10":"pa_producent-ecoflow","12":"first","13":"outofstock","14":"taxable","15":"shipping-taxable","16":"purchasable","17":"product-type-simple"},"acf":[],"yoast_head":"<!-- This site is optimized with the Yoast SEO plugin v27.2 - https:\/\/yoast.com\/product\/yoast-seo-wordpress\/ -->\n<title>Stacja zasilania ECOFLOW TRAIL 300 DC 288Wh - IRONSKY.PL Sklep z Dronami<\/title>\n<meta name=\"description\" content=\"Stacja zasilania ECOFLOW TRAIL 300 DC 288Wh - \u2705 sklep z dronami i fachowym doradztwem. \u2705 Tutaj kupisz produkty DJI, Yuneec, Parrot, Syma i wiele innych, a tak\u017ce kursy i licencje na operatora drona.\" \/>\n<meta name=\"robots\" content=\"index, follow, max-snippet:-1, max-image-preview:large, max-video-preview:-1\" \/>\n<link rel=\"canonical\" href=\"https:\/\/ironsky.pl\/sklep\/produkt\/stacja-zasilania-ecoflow-trail-300-dc-288wh\/\" \/>\n<meta property=\"og:locale\" content=\"pl_PL\" \/>\n<meta property=\"og:type\" content=\"article\" \/>\n<meta property=\"og:title\" content=\"Stacja zasilania ECOFLOW TRAIL 300 DC 288Wh - IRONSKY.PL Sklep z Dronami\" \/>\n<meta property=\"og:description\" content=\"Stacja zasilania ECOFLOW TRAIL 300 DC 288Wh - \u2705 sklep z dronami i fachowym doradztwem. \u2705 Tutaj kupisz produkty DJI, Yuneec, Parrot, Syma i wiele innych, a tak\u017ce kursy i licencje na operatora drona.\" \/>\n<meta property=\"og:url\" content=\"https:\/\/ironsky.pl\/sklep\/produkt\/stacja-zasilania-ecoflow-trail-300-dc-288wh\/\" \/>\n<meta property=\"og:site_name\" content=\"IRONSKY.PL Sklep z Dronami\" \/>\n<meta property=\"article:modified_time\" content=\"2026-04-15T09:11:32+00:00\" \/>\n<meta property=\"og:image\" content=\"https:\/\/ironsky.pl\/sklep\/wp-content\/uploads\/2025\/10\/55357_3.jpg\" \/>\n\t<meta property=\"og:image:width\" content=\"800\" \/>\n\t<meta property=\"og:image:height\" content=\"800\" \/>\n\t<meta property=\"og:image:type\" content=\"image\/jpeg\" \/>\n<meta name=\"twitter:card\" content=\"summary_large_image\" \/>\n<meta name=\"twitter:label1\" content=\"Szacowany czas czytania\" \/>\n\t<meta name=\"twitter:data1\" content=\"3 minuty\" \/>\n<script type=\"application\/ld+json\" class=\"yoast-schema-graph\">{\"@context\":\"https:\/\/schema.org\",\"@graph\":[{\"@type\":\"WebPage\",\"@id\":\"https:\/\/ironsky.pl\/sklep\/produkt\/stacja-zasilania-ecoflow-trail-300-dc-288wh\/\",\"url\":\"https:\/\/ironsky.pl\/sklep\/produkt\/stacja-zasilania-ecoflow-trail-300-dc-288wh\/\",\"name\":\"Stacja zasilania ECOFLOW TRAIL 300 DC 288Wh - IRONSKY.PL Sklep z Dronami\",\"isPartOf\":{\"@id\":\"https:\/\/ironsky.pl\/sklep\/#website\"},\"primaryImageOfPage\":{\"@id\":\"https:\/\/ironsky.pl\/sklep\/produkt\/stacja-zasilania-ecoflow-trail-300-dc-288wh\/#primaryimage\"},\"image\":{\"@id\":\"https:\/\/ironsky.pl\/sklep\/produkt\/stacja-zasilania-ecoflow-trail-300-dc-288wh\/#primaryimage\"},\"thumbnailUrl\":\"https:\/\/ironsky.pl\/sklep\/wp-content\/uploads\/2025\/10\/55357_3.jpg\",\"datePublished\":\"2026-04-15T09:11:14+00:00\",\"dateModified\":\"2026-04-15T09:11:32+00:00\",\"description\":\"Stacja zasilania ECOFLOW TRAIL 300 DC 288Wh - \u2705 sklep z dronami i fachowym doradztwem. \u2705 Tutaj kupisz produkty DJI, Yuneec, Parrot, Syma i wiele innych, a tak\u017ce kursy i licencje na operatora drona.\",\"breadcrumb\":{\"@id\":\"https:\/\/ironsky.pl\/sklep\/produkt\/stacja-zasilania-ecoflow-trail-300-dc-288wh\/#breadcrumb\"},\"inLanguage\":\"pl-PL\",\"potentialAction\":[{\"@type\":\"ReadAction\",\"target\":[\"https:\/\/ironsky.pl\/sklep\/produkt\/stacja-zasilania-ecoflow-trail-300-dc-288wh\/\"]}]},{\"@type\":\"ImageObject\",\"inLanguage\":\"pl-PL\",\"@id\":\"https:\/\/ironsky.pl\/sklep\/produkt\/stacja-zasilania-ecoflow-trail-300-dc-288wh\/#primaryimage\",\"url\":\"https:\/\/ironsky.pl\/sklep\/wp-content\/uploads\/2025\/10\/55357_3.jpg\",\"contentUrl\":\"https:\/\/ironsky.pl\/sklep\/wp-content\/uploads\/2025\/10\/55357_3.jpg\",\"width\":800,\"height\":800},{\"@type\":\"BreadcrumbList\",\"@id\":\"https:\/\/ironsky.pl\/sklep\/produkt\/stacja-zasilania-ecoflow-trail-300-dc-288wh\/#breadcrumb\",\"itemListElement\":[{\"@type\":\"ListItem\",\"position\":1,\"name\":\"Strona g\u0142\u00f3wna\",\"item\":\"https:\/\/ironsky.pl\/sklep\/\"},{\"@type\":\"ListItem\",\"position\":2,\"name\":\"Wszystkie produkty\",\"item\":\"https:\/\/ironsky.pl\/sklep\/produkty\/\"},{\"@type\":\"ListItem\",\"position\":3,\"name\":\"Stacja zasilania ECOFLOW TRAIL 300 DC 288Wh\"}]},{\"@type\":\"WebSite\",\"@id\":\"https:\/\/ironsky.pl\/sklep\/#website\",\"url\":\"https:\/\/ironsky.pl\/sklep\/\",\"name\":\"IRONSKY.PL Sklep z Dronami\",\"description\":\"IRONSKY.PL Sklep z Dronami\",\"potentialAction\":[{\"@type\":\"SearchAction\",\"target\":{\"@type\":\"EntryPoint\",\"urlTemplate\":\"https:\/\/ironsky.pl\/sklep\/?s={search_term_string}\"},\"query-input\":{\"@type\":\"PropertyValueSpecification\",\"valueRequired\":true,\"valueName\":\"search_term_string\"}}],\"inLanguage\":\"pl-PL\"}]}<\/script>\n<!-- \/ Yoast SEO plugin. -->","yoast_head_json":{"title":"Stacja zasilania ECOFLOW TRAIL 300 DC 288Wh - IRONSKY.PL Sklep z Dronami","description":"Stacja zasilania ECOFLOW TRAIL 300 DC 288Wh - \u2705 sklep z dronami i fachowym doradztwem. \u2705 Tutaj kupisz produkty DJI, Yuneec, Parrot, Syma i wiele innych, a tak\u017ce kursy i licencje na operatora drona.","robots":{"index":"index","follow":"follow","max-snippet":"max-snippet:-1","max-image-preview":"max-image-preview:large","max-video-preview":"max-video-preview:-1"},"canonical":"https:\/\/ironsky.pl\/sklep\/produkt\/stacja-zasilania-ecoflow-trail-300-dc-288wh\/","og_locale":"pl_PL","og_type":"article","og_title":"Stacja zasilania ECOFLOW TRAIL 300 DC 288Wh - IRONSKY.PL Sklep z Dronami","og_description":"Stacja zasilania ECOFLOW TRAIL 300 DC 288Wh - \u2705 sklep z dronami i fachowym doradztwem. \u2705 Tutaj kupisz produkty DJI, Yuneec, Parrot, Syma i wiele innych, a tak\u017ce kursy i licencje na operatora drona.","og_url":"https:\/\/ironsky.pl\/sklep\/produkt\/stacja-zasilania-ecoflow-trail-300-dc-288wh\/","og_site_name":"IRONSKY.PL Sklep z Dronami","article_modified_time":"2026-04-15T09:11:32+00:00","og_image":[{"width":800,"height":800,"url":"https:\/\/ironsky.pl\/sklep\/wp-content\/uploads\/2025\/10\/55357_3.jpg","type":"image\/jpeg"}],"twitter_card":"summary_large_image","twitter_misc":{"Szacowany czas czytania":"3 minuty"},"schema":{"@context":"https:\/\/schema.org","@graph":[{"@type":"WebPage","@id":"https:\/\/ironsky.pl\/sklep\/produkt\/stacja-zasilania-ecoflow-trail-300-dc-288wh\/","url":"https:\/\/ironsky.pl\/sklep\/produkt\/stacja-zasilania-ecoflow-trail-300-dc-288wh\/","name":"Stacja zasilania ECOFLOW TRAIL 300 DC 288Wh - IRONSKY.PL Sklep z Dronami","isPartOf":{"@id":"https:\/\/ironsky.pl\/sklep\/#website"},"primaryImageOfPage":{"@id":"https:\/\/ironsky.pl\/sklep\/produkt\/stacja-zasilania-ecoflow-trail-300-dc-288wh\/#primaryimage"},"image":{"@id":"https:\/\/ironsky.pl\/sklep\/produkt\/stacja-zasilania-ecoflow-trail-300-dc-288wh\/#primaryimage"},"thumbnailUrl":"https:\/\/ironsky.pl\/sklep\/wp-content\/uploads\/2025\/10\/55357_3.jpg","datePublished":"2026-04-15T09:11:14+00:00","dateModified":"2026-04-15T09:11:32+00:00","description":"Stacja zasilania ECOFLOW TRAIL 300 DC 288Wh - \u2705 sklep z dronami i fachowym doradztwem. \u2705 Tutaj kupisz produkty DJI, Yuneec, Parrot, Syma i wiele innych, a tak\u017ce kursy i licencje na operatora drona.","breadcrumb":{"@id":"https:\/\/ironsky.pl\/sklep\/produkt\/stacja-zasilania-ecoflow-trail-300-dc-288wh\/#breadcrumb"},"inLanguage":"pl-PL","potentialAction":[{"@type":"ReadAction","target":["https:\/\/ironsky.pl\/sklep\/produkt\/stacja-zasilania-ecoflow-trail-300-dc-288wh\/"]}]},{"@type":"ImageObject","inLanguage":"pl-PL","@id":"https:\/\/ironsky.pl\/sklep\/produkt\/stacja-zasilania-ecoflow-trail-300-dc-288wh\/#primaryimage","url":"https:\/\/ironsky.pl\/sklep\/wp-content\/uploads\/2025\/10\/55357_3.jpg","contentUrl":"https:\/\/ironsky.pl\/sklep\/wp-content\/uploads\/2025\/10\/55357_3.jpg","width":800,"height":800},{"@type":"BreadcrumbList","@id":"https:\/\/ironsky.pl\/sklep\/produkt\/stacja-zasilania-ecoflow-trail-300-dc-288wh\/#breadcrumb","itemListElement":[{"@type":"ListItem","position":1,"name":"Strona g\u0142\u00f3wna","item":"https:\/\/ironsky.pl\/sklep\/"},{"@type":"ListItem","position":2,"name":"Wszystkie produkty","item":"https:\/\/ironsky.pl\/sklep\/produkty\/"},{"@type":"ListItem","position":3,"name":"Stacja zasilania ECOFLOW TRAIL 300 DC 288Wh"}]},{"@type":"WebSite","@id":"https:\/\/ironsky.pl\/sklep\/#website","url":"https:\/\/ironsky.pl\/sklep\/","name":"IRONSKY.PL Sklep z Dronami","description":"IRONSKY.PL Sklep z Dronami","potentialAction":[{"@type":"SearchAction","target":{"@type":"EntryPoint","urlTemplate":"https:\/\/ironsky.pl\/sklep\/?s={search_term_string}"},"query-input":{"@type":"PropertyValueSpecification","valueRequired":true,"valueName":"search_term_string"}}],"inLanguage":"pl-PL"}]}},"_links":{"self":[{"href":"https:\/\/ironsky.pl\/sklep\/wp-json\/wp\/v2\/product\/60965","targetHints":{"allow":["GET"]}}],"collection":[{"href":"https:\/\/ironsky.pl\/sklep\/wp-json\/wp\/v2\/product"}],"about":[{"href":"https:\/\/ironsky.pl\/sklep\/wp-json\/wp\/v2\/types\/product"}],"replies":[{"embeddable":true,"href":"https:\/\/ironsky.pl\/sklep\/wp-json\/wp\/v2\/comments?post=60965"}],"wp:featuredmedia":[{"embeddable":true,"href":"https:\/\/ironsky.pl\/sklep\/wp-json\/wp\/v2\/media\/50372"}],"wp:attachment":[{"href":"https:\/\/ironsky.pl\/sklep\/wp-json\/wp\/v2\/media?parent=60965"}],"wp:term":[{"taxonomy":"product_brand","embeddable":true,"href":"https:\/\/ironsky.pl\/sklep\/wp-json\/wp\/v2\/product_brand?post=60965"},{"taxonomy":"product_cat","embeddable":true,"href":"https:\/\/ironsky.pl\/sklep\/wp-json\/wp\/v2\/product_cat?post=60965"},{"taxonomy":"product_tag","embeddable":true,"href":"https:\/\/ironsky.pl\/sklep\/wp-json\/wp\/v2\/product_tag?post=60965"}],"curies":[{"name":"wp","href":"https:\/\/api.w.org\/{rel}","templated":true}]}}