{"id":60962,"date":"2026-04-15T11:11:14","date_gmt":"2026-04-15T09:11:14","guid":{"rendered":"https:\/\/ironsky.pl\/sklep\/produkt\/magazyn-energii-ecoflow-stream-ultra-x-384kwh\/"},"modified":"2026-04-15T11:11:27","modified_gmt":"2026-04-15T09:11:27","slug":"magazyn-energii-ecoflow-stream-ultra-x-384kwh","status":"publish","type":"product","link":"https:\/\/ironsky.pl\/sklep\/produkt\/magazyn-energii-ecoflow-stream-ultra-x-384kwh\/","title":{"rendered":"Magazyn energii ECOFLOW STREAM Ultra X 3,84kWh"},"content":{"rendered":"<h3>Magazyn energii z mikroinwerterem EcoFlow STREAM Ultra X (3,84kWh)<\/h3>\n<p>EcoFlow STREAM Ultra X to zaawansowany magazyn energii o pojemno\u015bci 3,84 kWh z wbudowanym mikroinwerterem. W po\u0142\u0105czeniu z panelami fotowoltaicznymi pozwala maksymalnie wykorzysta\u0107 pr\u0105d produkowany ze s\u0142o\u0144ca i pomaga oszcz\u0119dza\u0107 na rachunkach. Ma a\u017c cztery wej\u015bcia MPPT o \u0142\u0105cznej mocy 2000 W i mo\u017ce obs\u0142u\u017cy\u0107 sprz\u0119t do 2300 W. Jest przy tym bardzo prosty w instalacji. W ramach ekosystemu STREAM urz\u0105dzenie w pierwszej kolejno\u015bci zasila dom energi\u0105 z modu\u0142\u00f3w PV, nast\u0119pnie pobiera pr\u0105d zmagazynowany w akumulatorze, a dopiero na ko\u0144cu z sieci. To oznacza wi\u0119ksz\u0105 niezale\u017cno\u015b\u0107 i pe\u0142ne bezpiecze\u0144stwo energetyczne \u2013 tak\u017ce w sytuacjach awaryjnych.<\/p>\n<p>\n<img decoding=\"async\" src=\"https:\/\/assets.innpro.pl\/18287\/24269\/9.jpg\" border=\"0\" alt=\"Rodzina bawi si\u0119 w salonie, obok magazyn energii pod\u0142\u0105czony do gniazdka \u015bciennego\" \/>\n<\/p>\n<h3>Pot\u0119\u017cna moc 2300 W<\/h3>\n<p>EcoFlow STREAM Ultra X umo\u017cliwia zasilanie urz\u0105dze\u0144 moc\u0105 do 2300 W na dwa sposoby. W przypadku pojedynczej jednostki system \u0142\u0105czy energi\u0119 s\u0142oneczn\u0105 (do 1200 W) z energi\u0105 pobieran\u0105 z sieci (do 1100 W), aby uzyska\u0107 pe\u0142ne pokrycie zapotrzebowania \u2013 to idealne rozwi\u0105zanie do codziennego zasilania energoch\u0142onnych sprz\u0119t\u00f3w bez ryzyka przeci\u0105\u017cenia instalacji. Je\u015bli jednak po\u0142\u0105czysz dwie jednostki r\u00f3wnolegle, mo\u017cesz uzyska\u0107 2300 W wyj\u015bciowej mocy ca\u0142kowicie z energii s\u0142onecznej, redukuj\u0105c pob\u00f3r z sieci do zera i maksymalizuj\u0105c autokonsumpcj\u0119.<\/p>\n<p>\n<img decoding=\"async\" src=\"https:\/\/assets.innpro.pl\/18287\/24269\/10.jpg\" border=\"0\" alt=\"Dwa magazyny energii z widocznymi aakumulatorami i oznaczeniami mocy\" \/>\n<\/p>\n<h3>Skalowalno\u015b\u0107 do 23 kWh \u2013 rozwi\u0105zanie na lata<\/h3>\n<p>Podstawowa pojemno\u015b\u0107 3,84 kWh wystarczy, aby zasila\u0107 najwa\u017cniejsze urz\u0105dzenia po zmroku lub w trakcie awarii. Je\u015bli jednak potrzebujesz wi\u0119kszych mo\u017cliwo\u015bci, mo\u017cesz rozbudowa\u0107 system do a\u017c sze\u015bciu jednostek, uzyskuj\u0105c 23 kWh energii. To elastyczne rozwi\u0105zanie, kt\u00f3re ro\u015bnie wraz z Twoimi potrzebami \u2013 od ma\u0142ego backupu po kompletny system do zasilania ca\u0142ego domu.<\/p>\n<p>\n<img decoding=\"async\" src=\"https:\/\/assets.innpro.pl\/18287\/24269\/5.jpg\" border=\"0\" alt=\"Sze\u015b\u0107 magazyn\u00f3w energii u\u0142o\u017conych w trzech kolumnach po dwa na br\u0105zowym gradientowym tle\" \/>\n<\/p>\n<h3>Maksymalne wykorzystanie s\u0142o\u0144ca \u2013 4 MPPT i 2000 W wej\u015bcia PV<\/h3>\n<p>STREAM Ultra X ma cztery wej\u015bcia MPPT i obs\u0142uguje moc wej\u015bciow\u0105 z paneli s\u0142onecznych a\u017c do 2000 W (4 \u00d7 500 W). Co wi\u0119cej, dzi\u0119ki zaawansowanej technologii pracy w s\u0142abym \u015bwietle akumulator gromadzi energi\u0119 nawet w s\u0142abym nas\u0142onecznieniu. Takie rozwi\u0105zanie pozwala pozyska\u0107 do godziny dodatkowej produkcji dziennie, tak\u017ce przy pochmurnej pogodzie i o \u015bwicie. Wi\u0119cej energii w ci\u0105gu dnia oznacza mniejsze zu\u017cycie pr\u0105du z sieci i szybszy zwrot z inwestycji!<\/p>\n<p>\n<img decoding=\"async\" src=\"https:\/\/assets.innpro.pl\/18287\/24269\/2.jpg\" border=\"0\" alt=\"Nowoczesny taras z panelami s\u0142onecznymi, balustrad\u0105 i magazynem energii przy \u015bcianie\" \/>\n<\/p>\n<h3>Sie\u0107 s\u0142oneczna w ca\u0142ym domu<\/h3>\n<p>EcoFlow STREAM Ultra X umo\u017cliwia stworzenie zdecentralizowanej sieci solarnej. Wystarczy pod\u0142\u0105czy\u0107 jednostki do gniazdek w r\u00f3\u017cnych miejscach \u2013 jedna mo\u017ce znajdowa\u0107 si\u0119 blisko paneli PV, a inne w pobli\u017cu urz\u0105dze\u0144 o du\u017cym poborze mocy. STREAM automatycznie \u0142\u0105czy wszystkie modu\u0142y w jeden inteligentny system i rozdziela energi\u0119 tam, gdzie jest najbardziej potrzebna \u2013 do kuchni, pralni czy salonu \u2013 bez konieczno\u015bci r\u0119cznej konfiguracji.<\/p>\n<p>\n<img decoding=\"async\" src=\"https:\/\/assets.innpro.pl\/18287\/24269\/3.jpg\" border=\"0\" alt=\"Dwa srebrne magazyny energii pod\u0142\u0105czone do gniazdka obok pralki w pomieszczeniu gospodarczym\" \/>\n<\/p>\n<h3>Inteligentne zarz\u0105dzanie i automatyzacja<\/h3>\n<p>Dzi\u0119ki aplikacji EcoFlow i systemowi OASIS masz pe\u0142n\u0105 kontrol\u0119 nad zu\u017cyciem energii w czasie rzeczywistym \u2013 od podgl\u0105du przep\u0142yw\u00f3w po ustawianie priorytet\u00f3w i harmonogram\u00f3w. AI Mode analizuje prognozy pogody, taryfy dynamiczne i Tw\u00f3j profil zu\u017cycia, automatycznie \u0142aduj\u0105c akumulator w tanich godzinach i roz\u0142adowuj\u0105c go, gdy energia jest najdro\u017csza. Mo\u017cesz te\u017c tworzy\u0107 w\u0142asne regu\u0142y automatyzacji i scenariusze dla smart home, aby na przyk\u0142ad uruchamia\u0107 \u0142adowanie samochodu elektrycznego, gdy produkcja PV jest najwi\u0119ksza. Uwaga: niekt\u00f3re funkcje aplikacji EcoFlow wymagaj\u0105 subskrypcji premium.<\/p>\n<p>\n<img decoding=\"async\" src=\"https:\/\/assets.innpro.pl\/18287\/24269\/1.jpg\" border=\"0\" alt=\"Smartfon z aplikacj\u0105 do zarz\u0105dzania energi\u0105 obok pionowo u\u0142o\u017conych magazyn\u00f3w energii z widocznymi akumulatorami\" \/>\n<\/p>\n<h3>Integracja z inteligentnym domem<\/h3>\n<p>STREAM Ultra X wsp\u00f3\u0142pracuje z inteligentnymi licznikami i gniazdkami EcoFlow, komunikuj\u0105c si\u0119 nawet offline. System automatycznie dostosowuje moc oddawan\u0105 do domowej sieci i zapobiega marnowaniu energii. Co wi\u0119cej, dzi\u0119ki zgodno\u015bci z popularnymi protoko\u0142ami (Shelly, Matter, Tibber) zyskujesz pe\u0142n\u0105 kontrol\u0119 nad ca\u0142ym domem z poziomu jednej aplikacji.<\/p>\n<p>\n<img decoding=\"async\" src=\"https:\/\/assets.innpro.pl\/18287\/24269\/8.jpg\" border=\"0\" alt=\"Magazyn energii pod\u0142\u0105czony do gniazdka w pomieszczeniu z pralk\u0105 i ro\u015blin\u0105 doniczkow\u0105\" \/>\n<\/p>\n<h3>Bezpiecze\u0144stwo i niezawodno\u015b\u0107 na lata<\/h3>\n<p>Ogniwa LFP zapewniaj\u0105 oko\u0142o 6000 cykli \u0142adowania przy zachowaniu 70% pojemno\u015bci, co przek\u0142ada si\u0119 nawet na 15 lat bezproblemowego u\u017cytkowania. Obudowa urz\u0105dzenia jest ognioodporna, a wielopoziomowy system zabezpiecze\u0144 chroni mi\u0119dzy innymi przed przeci\u0105\u017ceniem i przegrzaniem. Szybki spadek napi\u0119cia (w czasie &lt; 0,7 s) gwarantuje bezpiecze\u0144stwo instalacji, a globalne certyfikaty (ISO, TRUSTe, NIST) potwierdzaj\u0105 zgodno\u015b\u0107 z najwy\u017cszymi standardami prywatno\u015bci i ochrony danych.<\/p>\n<p>\n<img decoding=\"async\" src=\"https:\/\/assets.innpro.pl\/18287\/24269\/7.jpg\" border=\"0\" alt=\"Trzy srebrne magazyny energii ustawione obok siebie na pod\u0142odze przy br\u0105zowej \u015bcianie\" \/>\n<\/p>\n<h3>Odporno\u015b\u0107 na warunki atmosferyczne<\/h3>\n<p>Klasa szczelno\u015bci IP65 chroni urz\u0105dzenie przed deszczem i py\u0142em, a funkcja samoogrzewania umo\u017cliwia bezproblemow\u0105 prac\u0119 w temperaturze nawet -20\u00b0C. Dzi\u0119ki temu STREAM Ultra X mo\u017ce by\u0107 zamontowany zar\u00f3wno wewn\u0105trz, jak i na zewn\u0105trz. B\u0119dzie dzia\u0142a\u0107 niezawodnie przez ca\u0142y rok!<\/p>\n<p>\n<img decoding=\"async\" src=\"https:\/\/assets.innpro.pl\/18287\/24269\/11.jpg\" border=\"0\" alt=\"Przekr\u00f3j g\u00f3rnej cz\u0119\u015bci magazynu energii z widocznymi akumulatorami na czarnym tle\" \/>\n<\/p>\n<h3>Cicha praca i przemy\u015blany design<\/h3>\n<p>Poziom ha\u0142asu poni\u017cej 30 dB sprawia, \u017ce urz\u0105dzenie nie zak\u0142\u00f3ca codziennego \u017cycia. Mo\u017cesz bez przeszk\u00f3d ustawi\u0107 je w salonie czy w sypialni! Ponadto jego obudowa zosta\u0142a wykonana z materia\u0142\u00f3w o zmniejszonym \u015bladzie w\u0119glowym, dzi\u0119ki czemu jest przyjazna dla \u015brodowiska. Do tego dochodzi szybka instalacja plug-and-play i dost\u0119pne w oddzielnej sprzeda\u017cy wymienne panele frontowe w dw\u00f3ch kolorach (naturalne drewno i elegancka czer\u0144), kt\u00f3re pozwalaj\u0105 dopasowa\u0107 magazyn energii do aran\u017cacji wn\u0119trza.<\/p>\n<p>\n<img decoding=\"async\" src=\"https:\/\/assets.innpro.pl\/18287\/24269\/6.jpg\" border=\"0\" alt=\"Magazyn energii z drewnianym wyko\u0144czeniem stoj\u0105cy przy \u015bcianie w jasnym wn\u0119trzu z widokiem na salon\" \/>\n<\/p>\n<h3>W zestawie<\/h3>\n<ul class=\"list-disc pl-5\">\n<li>Magazyn energii EcoFlow STREAM Ultra X<\/li>\n<li>Przew\u00f3d przed\u0142u\u017caj\u0105cy do paneli fotowoltaiczny (2,95 m) x8<\/li>\n<li>Kabel STREAM AC (1,5 m)<\/li>\n<li>Klucz PV<\/li>\n<li>Uchwyt monta\u017cowy<\/li>\n<li>Uchwyt blokuj\u0105cy<\/li>\n<li>Instrukcja bezpiecze\u0144stwa<\/li>\n<li>Instrukcja instalacji<\/li>\n<li>Karta gwarancyjna<\/li>\n<\/ul>\n<div class=\"table-wrapper\">\n<p>\u00a0<\/p>\n<h3>Og\u00f3lne<\/h3>\n<table>\n<tbody>\n<tr>\n<th>Producent<\/th>\n<td>EcoFlow<\/td>\n<\/tr>\n<tr>\n<th>Nazwa<\/th>\n<td>STREAM Ultra X<\/td>\n<\/tr>\n<tr>\n<th>Model<\/th>\n<td>EFSTREAMULTRAX800W<\/td>\n<\/tr>\n<tr>\n<th>Waga<\/th>\n<td>38,8 kg<\/td>\n<\/tr>\n<tr>\n<th>Wymiary<\/th>\n<td>420 \u00d7 294 \u00d7 460 mm<\/td>\n<\/tr>\n<\/tbody>\n<\/table>\n<p>\u00a0<\/p>\n<h3>Akumulator<\/h3>\n<table>\n<tbody>\n<tr>\n<th>Pojemno\u015b\u0107 akumulatora<\/th>\n<td>3,84 kWh<\/td>\n<\/tr>\n<tr>\n<th>\u017bywotno\u015b\u0107 akumulatora<\/th>\n<td>6000 cykli \/ 70% SOH<\/td>\n<\/tr>\n<tr>\n<th>Typ akumulatora<\/th>\n<td>200 Ah litowo-jonowy (100 Ah 6S2P)<\/td>\n<\/tr>\n<tr>\n<th>Napi\u0119cie znamionowe akumulatora<\/th>\n<td>19,2 V<\/td>\n<\/tr>\n<tr>\n<th>Zakres napi\u0119cia \u0142adowania<\/th>\n<td>13,8-21,9 V (dolna granica 2,3 V, g\u00f3rna 3,65 V na ogniwo)<\/td>\n<\/tr>\n<tr>\n<th>Zakres napi\u0119cia roz\u0142adowania<\/th>\n<td>15-21,9 V (dolna granica 2,5 V, g\u00f3rna 3,65 V na ogniwo)<\/td>\n<\/tr>\n<tr>\n<th>Maks. pr\u0105d \u0142adowania\/roz\u0142adowania<\/th>\n<td>80 A<\/td>\n<\/tr>\n<tr>\n<th>Maks. moc \u0142adowania<\/th>\n<td>\u22651500 W<\/td>\n<\/tr>\n<tr>\n<th>Maks. moc roz\u0142adowania<\/th>\n<td>1200 W<\/td>\n<\/tr>\n<\/tbody>\n<\/table>\n<p>\u00a0<\/p>\n<h3>Parametry fotowoltaiczne<\/h3>\n<table>\n<tbody>\n<tr>\n<th>MPPT<\/th>\n<td>4<\/td>\n<\/tr>\n<tr>\n<th>Maks. moc wej\u015bciowa na kana\u0142<\/th>\n<td>500 W<\/td>\n<\/tr>\n<tr>\n<th>Maks. moc wej\u015bciowa PV<\/th>\n<td>2000 W<\/td>\n<\/tr>\n<tr>\n<th>Maks. napi\u0119cie wej\u015bciowe PV<\/th>\n<td>60 Vdc<\/td>\n<\/tr>\n<tr>\n<th>Zakres napi\u0119cia MPPT<\/th>\n<td>15-60 Vdc<\/td>\n<\/tr>\n<\/tbody>\n<\/table>\n<p>\u00a0<\/p>\n<h3>Parametry on-grid<\/h3>\n<table>\n<tbody>\n<tr>\n<th>Moc wyj\u015bciowa on-grid<\/th>\n<td>800 W<\/td>\n<\/tr>\n<tr>\n<th>Maks. pr\u0105d wyj\u015bciowy on-grid<\/th>\n<td>2,61 A \/ 3,48 A \/ 5,22 A<\/td>\n<\/tr>\n<tr>\n<th>Maks. pr\u0105d wej\u015bciowy bypass<\/th>\n<td>10 A<\/td>\n<\/tr>\n<tr>\n<th>Napi\u0119cie znamionowe<\/th>\n<td>220\/230\/240 V~<\/td>\n<\/tr>\n<tr>\n<th>Zakres napi\u0119cia<\/th>\n<td>180-270 Vac<\/td>\n<\/tr>\n<tr>\n<th>Zakres cz\u0119stotliwo\u015bci<\/th>\n<td>45-55 Hz<\/td>\n<\/tr>\n<\/tbody>\n<\/table>\n<p>\u00a0<\/p>\n<h3>Parametry off-grid<\/h3>\n<table>\n<tbody>\n<tr>\n<th>Znamionowa moc pozorna<\/th>\n<td>1200 VA<\/td>\n<\/tr>\n<tr>\n<th>Maks. moc pozorna<\/th>\n<td>1200 VA<\/td>\n<\/tr>\n<tr>\n<th>Znamionowy pr\u0105d wyj\u015bciowy<\/th>\n<td>5,22 A<\/td>\n<\/tr>\n<tr>\n<th>Maks. pr\u0105d wyj\u015bciowy<\/th>\n<td>5,22 A<\/td>\n<\/tr>\n<tr>\n<th>Znamionowe napi\u0119cie wyj\u015bciowe<\/th>\n<td>230 Vac<\/td>\n<\/tr>\n<tr>\n<th>Znamionowa cz\u0119stotliwo\u015b\u0107 wyj\u015bciowa<\/th>\n<td>50\/60 Hz<\/td>\n<\/tr>\n<tr>\n<th>Zakres cz\u0119stotliwo\u015bci wyj\u015bciowej<\/th>\n<td>45-55 Hz<\/td>\n<\/tr>\n<\/tbody>\n<\/table>\n<p>\u00a0<\/p>\n<h3>Parametry bypass<\/h3>\n<table>\n<tbody>\n<tr>\n<th>Maks. moc wyj\u015bciowa bypass<\/th>\n<td>2300 W (10 A)<\/td>\n<\/tr>\n<\/tbody>\n<\/table>\n<p>\u00a0<\/p>\n<h3>Wydajno\u015b\u0107<\/h3>\n<table>\n<tbody>\n<tr>\n<th>Sprawno\u015b\u0107 maksymalna<\/th>\n<td>93%<\/td>\n<\/tr>\n<tr>\n<th>Sprawno\u015b\u0107 konwersji MPPT<\/th>\n<td>96%<\/td>\n<\/tr>\n<tr>\n<th>Sprawno\u015b\u0107 \u015bledzenia MPPT<\/th>\n<td>99,8%<\/td>\n<\/tr>\n<\/tbody>\n<\/table>\n<p>\u00a0<\/p>\n<h3>Parametry podstawowe<\/h3>\n<table>\n<tbody>\n<tr>\n<th>Zakres temperatur pracy<\/th>\n<td>Od -20\u00b0C do 55C<\/td>\n<\/tr>\n<tr>\n<th>Zakres temperatur przechowywania<\/th>\n<td>Od -20\u00b0C do 55\u00b0C<\/td>\n<\/tr>\n<tr>\n<th>Funkcja podgrzewania akumulatora<\/th>\n<td>Podczas \u0142adowania w temperaturach poni\u017cej 5\u00b0C<\/td>\n<\/tr>\n<tr>\n<th>Wilgotno\u015b\u0107 robocza<\/th>\n<td>5-95%<\/td>\n<\/tr>\n<tr>\n<th>Maks. wysoko\u015b\u0107 n.p.m.<\/th>\n<td>4000 m<\/td>\n<\/tr>\n<tr>\n<th>Metoda monitoringu<\/th>\n<td>Wi-Fi \/ Bluetooth<\/td>\n<\/tr>\n<tr>\n<th>Poziom ha\u0142asu<\/th>\n<td>&lt;30 dB<\/td>\n<\/tr>\n<tr>\n<th>Pob\u00f3r mocy w trybie czuwania<\/th>\n<td>&lt;5 W<\/td>\n<\/tr>\n<tr>\n<th>Klasa szczelno\u015bci<\/th>\n<td>IP65 (IP54 z gniazdem Schuko)<\/td>\n<\/tr>\n<\/tbody>\n<\/table>\n<\/div>\n","protected":false},"excerpt":{"rendered":"<p>Magazyn energii z mikroinwerterem EcoFlow STREAM Ultra X (3,84kWh) EcoFlow STREAM Ultra X to zaawansowany magazyn energii o pojemno\u015bci 3,84<\/p>\n","protected":false},"featured_media":50221,"comment_status":"closed","ping_status":"open","template":"","meta":{"_acf_changed":false},"product_brand":[],"product_cat":[1108,1110,6235],"product_tag":[],"class_list":{"0":"post-60962","1":"product","2":"type-product","3":"status-publish","4":"has-post-thumbnail","6":"product_cat-energia","7":"product_cat-panele-fotowoltaiczne","8":"product_cat-systemy-balkonowe","9":"pa_120-m-5776","10":"pa_producent-ecoflow","12":"first","13":"outofstock","14":"taxable","15":"shipping-taxable","16":"purchasable","17":"product-type-simple"},"acf":[],"yoast_head":"<!-- This site is optimized with the Yoast SEO plugin v27.2 - https:\/\/yoast.com\/product\/yoast-seo-wordpress\/ -->\n<title>Magazyn energii ECOFLOW STREAM Ultra X 3,84kWh - IRONSKY.PL Sklep z Dronami<\/title>\n<meta name=\"description\" content=\"Magazyn energii ECOFLOW STREAM Ultra X 3,84kWh - \u2705 sklep z dronami i fachowym doradztwem. \u2705 Tutaj kupisz produkty DJI, Yuneec, Parrot, Syma i wiele innych, a tak\u017ce kursy i licencje na operatora drona.\" \/>\n<meta name=\"robots\" content=\"index, follow, max-snippet:-1, max-image-preview:large, max-video-preview:-1\" \/>\n<link rel=\"canonical\" href=\"https:\/\/ironsky.pl\/sklep\/produkt\/magazyn-energii-ecoflow-stream-ultra-x-384kwh\/\" \/>\n<meta property=\"og:locale\" content=\"pl_PL\" \/>\n<meta property=\"og:type\" content=\"article\" \/>\n<meta property=\"og:title\" content=\"Magazyn energii ECOFLOW STREAM Ultra X 3,84kWh - IRONSKY.PL Sklep z Dronami\" \/>\n<meta property=\"og:description\" content=\"Magazyn energii ECOFLOW STREAM Ultra X 3,84kWh - \u2705 sklep z dronami i fachowym doradztwem. \u2705 Tutaj kupisz produkty DJI, Yuneec, Parrot, Syma i wiele innych, a tak\u017ce kursy i licencje na operatora drona.\" \/>\n<meta property=\"og:url\" content=\"https:\/\/ironsky.pl\/sklep\/produkt\/magazyn-energii-ecoflow-stream-ultra-x-384kwh\/\" \/>\n<meta property=\"og:site_name\" content=\"IRONSKY.PL Sklep z Dronami\" \/>\n<meta property=\"article:modified_time\" content=\"2026-04-15T09:11:27+00:00\" \/>\n<meta property=\"og:image\" content=\"https:\/\/ironsky.pl\/sklep\/wp-content\/uploads\/2025\/10\/55353_1.jpg\" \/>\n\t<meta property=\"og:image:width\" content=\"800\" \/>\n\t<meta property=\"og:image:height\" content=\"800\" \/>\n\t<meta property=\"og:image:type\" content=\"image\/jpeg\" \/>\n<meta name=\"twitter:card\" content=\"summary_large_image\" \/>\n<meta name=\"twitter:label1\" content=\"Szacowany czas czytania\" \/>\n\t<meta name=\"twitter:data1\" content=\"5 minut\" \/>\n<script type=\"application\/ld+json\" class=\"yoast-schema-graph\">{\"@context\":\"https:\/\/schema.org\",\"@graph\":[{\"@type\":\"WebPage\",\"@id\":\"https:\/\/ironsky.pl\/sklep\/produkt\/magazyn-energii-ecoflow-stream-ultra-x-384kwh\/\",\"url\":\"https:\/\/ironsky.pl\/sklep\/produkt\/magazyn-energii-ecoflow-stream-ultra-x-384kwh\/\",\"name\":\"Magazyn energii ECOFLOW STREAM Ultra X 3,84kWh - IRONSKY.PL Sklep z Dronami\",\"isPartOf\":{\"@id\":\"https:\/\/ironsky.pl\/sklep\/#website\"},\"primaryImageOfPage\":{\"@id\":\"https:\/\/ironsky.pl\/sklep\/produkt\/magazyn-energii-ecoflow-stream-ultra-x-384kwh\/#primaryimage\"},\"image\":{\"@id\":\"https:\/\/ironsky.pl\/sklep\/produkt\/magazyn-energii-ecoflow-stream-ultra-x-384kwh\/#primaryimage\"},\"thumbnailUrl\":\"https:\/\/ironsky.pl\/sklep\/wp-content\/uploads\/2025\/10\/55353_1.jpg\",\"datePublished\":\"2026-04-15T09:11:14+00:00\",\"dateModified\":\"2026-04-15T09:11:27+00:00\",\"description\":\"Magazyn energii ECOFLOW STREAM Ultra X 3,84kWh - \u2705 sklep z dronami i fachowym doradztwem. \u2705 Tutaj kupisz produkty DJI, Yuneec, Parrot, Syma i wiele innych, a tak\u017ce kursy i licencje na operatora drona.\",\"breadcrumb\":{\"@id\":\"https:\/\/ironsky.pl\/sklep\/produkt\/magazyn-energii-ecoflow-stream-ultra-x-384kwh\/#breadcrumb\"},\"inLanguage\":\"pl-PL\",\"potentialAction\":[{\"@type\":\"ReadAction\",\"target\":[\"https:\/\/ironsky.pl\/sklep\/produkt\/magazyn-energii-ecoflow-stream-ultra-x-384kwh\/\"]}]},{\"@type\":\"ImageObject\",\"inLanguage\":\"pl-PL\",\"@id\":\"https:\/\/ironsky.pl\/sklep\/produkt\/magazyn-energii-ecoflow-stream-ultra-x-384kwh\/#primaryimage\",\"url\":\"https:\/\/ironsky.pl\/sklep\/wp-content\/uploads\/2025\/10\/55353_1.jpg\",\"contentUrl\":\"https:\/\/ironsky.pl\/sklep\/wp-content\/uploads\/2025\/10\/55353_1.jpg\",\"width\":800,\"height\":800},{\"@type\":\"BreadcrumbList\",\"@id\":\"https:\/\/ironsky.pl\/sklep\/produkt\/magazyn-energii-ecoflow-stream-ultra-x-384kwh\/#breadcrumb\",\"itemListElement\":[{\"@type\":\"ListItem\",\"position\":1,\"name\":\"Strona g\u0142\u00f3wna\",\"item\":\"https:\/\/ironsky.pl\/sklep\/\"},{\"@type\":\"ListItem\",\"position\":2,\"name\":\"Wszystkie produkty\",\"item\":\"https:\/\/ironsky.pl\/sklep\/produkty\/\"},{\"@type\":\"ListItem\",\"position\":3,\"name\":\"Magazyn energii ECOFLOW STREAM Ultra X 3,84kWh\"}]},{\"@type\":\"WebSite\",\"@id\":\"https:\/\/ironsky.pl\/sklep\/#website\",\"url\":\"https:\/\/ironsky.pl\/sklep\/\",\"name\":\"IRONSKY.PL Sklep z Dronami\",\"description\":\"IRONSKY.PL Sklep z Dronami\",\"potentialAction\":[{\"@type\":\"SearchAction\",\"target\":{\"@type\":\"EntryPoint\",\"urlTemplate\":\"https:\/\/ironsky.pl\/sklep\/?s={search_term_string}\"},\"query-input\":{\"@type\":\"PropertyValueSpecification\",\"valueRequired\":true,\"valueName\":\"search_term_string\"}}],\"inLanguage\":\"pl-PL\"}]}<\/script>\n<!-- \/ Yoast SEO plugin. -->","yoast_head_json":{"title":"Magazyn energii ECOFLOW STREAM Ultra X 3,84kWh - IRONSKY.PL Sklep z Dronami","description":"Magazyn energii ECOFLOW STREAM Ultra X 3,84kWh - \u2705 sklep z dronami i fachowym doradztwem. \u2705 Tutaj kupisz produkty DJI, Yuneec, Parrot, Syma i wiele innych, a tak\u017ce kursy i licencje na operatora drona.","robots":{"index":"index","follow":"follow","max-snippet":"max-snippet:-1","max-image-preview":"max-image-preview:large","max-video-preview":"max-video-preview:-1"},"canonical":"https:\/\/ironsky.pl\/sklep\/produkt\/magazyn-energii-ecoflow-stream-ultra-x-384kwh\/","og_locale":"pl_PL","og_type":"article","og_title":"Magazyn energii ECOFLOW STREAM Ultra X 3,84kWh - IRONSKY.PL Sklep z Dronami","og_description":"Magazyn energii ECOFLOW STREAM Ultra X 3,84kWh - \u2705 sklep z dronami i fachowym doradztwem. \u2705 Tutaj kupisz produkty DJI, Yuneec, Parrot, Syma i wiele innych, a tak\u017ce kursy i licencje na operatora drona.","og_url":"https:\/\/ironsky.pl\/sklep\/produkt\/magazyn-energii-ecoflow-stream-ultra-x-384kwh\/","og_site_name":"IRONSKY.PL Sklep z Dronami","article_modified_time":"2026-04-15T09:11:27+00:00","og_image":[{"width":800,"height":800,"url":"https:\/\/ironsky.pl\/sklep\/wp-content\/uploads\/2025\/10\/55353_1.jpg","type":"image\/jpeg"}],"twitter_card":"summary_large_image","twitter_misc":{"Szacowany czas czytania":"5 minut"},"schema":{"@context":"https:\/\/schema.org","@graph":[{"@type":"WebPage","@id":"https:\/\/ironsky.pl\/sklep\/produkt\/magazyn-energii-ecoflow-stream-ultra-x-384kwh\/","url":"https:\/\/ironsky.pl\/sklep\/produkt\/magazyn-energii-ecoflow-stream-ultra-x-384kwh\/","name":"Magazyn energii ECOFLOW STREAM Ultra X 3,84kWh - IRONSKY.PL Sklep z Dronami","isPartOf":{"@id":"https:\/\/ironsky.pl\/sklep\/#website"},"primaryImageOfPage":{"@id":"https:\/\/ironsky.pl\/sklep\/produkt\/magazyn-energii-ecoflow-stream-ultra-x-384kwh\/#primaryimage"},"image":{"@id":"https:\/\/ironsky.pl\/sklep\/produkt\/magazyn-energii-ecoflow-stream-ultra-x-384kwh\/#primaryimage"},"thumbnailUrl":"https:\/\/ironsky.pl\/sklep\/wp-content\/uploads\/2025\/10\/55353_1.jpg","datePublished":"2026-04-15T09:11:14+00:00","dateModified":"2026-04-15T09:11:27+00:00","description":"Magazyn energii ECOFLOW STREAM Ultra X 3,84kWh - \u2705 sklep z dronami i fachowym doradztwem. \u2705 Tutaj kupisz produkty DJI, Yuneec, Parrot, Syma i wiele innych, a tak\u017ce kursy i licencje na operatora drona.","breadcrumb":{"@id":"https:\/\/ironsky.pl\/sklep\/produkt\/magazyn-energii-ecoflow-stream-ultra-x-384kwh\/#breadcrumb"},"inLanguage":"pl-PL","potentialAction":[{"@type":"ReadAction","target":["https:\/\/ironsky.pl\/sklep\/produkt\/magazyn-energii-ecoflow-stream-ultra-x-384kwh\/"]}]},{"@type":"ImageObject","inLanguage":"pl-PL","@id":"https:\/\/ironsky.pl\/sklep\/produkt\/magazyn-energii-ecoflow-stream-ultra-x-384kwh\/#primaryimage","url":"https:\/\/ironsky.pl\/sklep\/wp-content\/uploads\/2025\/10\/55353_1.jpg","contentUrl":"https:\/\/ironsky.pl\/sklep\/wp-content\/uploads\/2025\/10\/55353_1.jpg","width":800,"height":800},{"@type":"BreadcrumbList","@id":"https:\/\/ironsky.pl\/sklep\/produkt\/magazyn-energii-ecoflow-stream-ultra-x-384kwh\/#breadcrumb","itemListElement":[{"@type":"ListItem","position":1,"name":"Strona g\u0142\u00f3wna","item":"https:\/\/ironsky.pl\/sklep\/"},{"@type":"ListItem","position":2,"name":"Wszystkie produkty","item":"https:\/\/ironsky.pl\/sklep\/produkty\/"},{"@type":"ListItem","position":3,"name":"Magazyn energii ECOFLOW STREAM Ultra X 3,84kWh"}]},{"@type":"WebSite","@id":"https:\/\/ironsky.pl\/sklep\/#website","url":"https:\/\/ironsky.pl\/sklep\/","name":"IRONSKY.PL Sklep z Dronami","description":"IRONSKY.PL Sklep z Dronami","potentialAction":[{"@type":"SearchAction","target":{"@type":"EntryPoint","urlTemplate":"https:\/\/ironsky.pl\/sklep\/?s={search_term_string}"},"query-input":{"@type":"PropertyValueSpecification","valueRequired":true,"valueName":"search_term_string"}}],"inLanguage":"pl-PL"}]}},"_links":{"self":[{"href":"https:\/\/ironsky.pl\/sklep\/wp-json\/wp\/v2\/product\/60962","targetHints":{"allow":["GET"]}}],"collection":[{"href":"https:\/\/ironsky.pl\/sklep\/wp-json\/wp\/v2\/product"}],"about":[{"href":"https:\/\/ironsky.pl\/sklep\/wp-json\/wp\/v2\/types\/product"}],"replies":[{"embeddable":true,"href":"https:\/\/ironsky.pl\/sklep\/wp-json\/wp\/v2\/comments?post=60962"}],"wp:featuredmedia":[{"embeddable":true,"href":"https:\/\/ironsky.pl\/sklep\/wp-json\/wp\/v2\/media\/50221"}],"wp:attachment":[{"href":"https:\/\/ironsky.pl\/sklep\/wp-json\/wp\/v2\/media?parent=60962"}],"wp:term":[{"taxonomy":"product_brand","embeddable":true,"href":"https:\/\/ironsky.pl\/sklep\/wp-json\/wp\/v2\/product_brand?post=60962"},{"taxonomy":"product_cat","embeddable":true,"href":"https:\/\/ironsky.pl\/sklep\/wp-json\/wp\/v2\/product_cat?post=60962"},{"taxonomy":"product_tag","embeddable":true,"href":"https:\/\/ironsky.pl\/sklep\/wp-json\/wp\/v2\/product_tag?post=60962"}],"curies":[{"name":"wp","href":"https:\/\/api.w.org\/{rel}","templated":true}]}}