{"id":60961,"date":"2026-04-15T11:11:14","date_gmt":"2026-04-15T09:11:14","guid":{"rendered":"https:\/\/ironsky.pl\/sklep\/produkt\/magazyn-energii-ecoflow-stream-ac-192kwh\/"},"modified":"2026-04-15T11:11:26","modified_gmt":"2026-04-15T09:11:26","slug":"magazyn-energii-ecoflow-stream-ac-192kwh","status":"publish","type":"product","link":"https:\/\/ironsky.pl\/sklep\/produkt\/magazyn-energii-ecoflow-stream-ac-192kwh\/","title":{"rendered":"Magazyn energii ECOFLOW STREAM AC 1,92kWh"},"content":{"rendered":"<h3>Magazyn energii EcoFlow STREAM AC (1,92 kWh)<\/h3>\n<p>EcoFlow STREAM AC to kompaktowy magazyn energii o pojemno\u015bci 1,92 kWh, kt\u00f3ry pomaga obni\u017cy\u0107 zu\u017cycie pr\u0105du z sieci i zaoszcz\u0119dzi\u0107 na rachunkach. Jest cz\u0119\u015bci\u0105 systemu EcoFlow STREAM \u2013 po po\u0142\u0105czeniu z mikroinwerterem pozwala gromadzi\u0107 nadwy\u017cki z paneli fotowoltaicznych i wykorzystywa\u0107 je do zasilania urz\u0105dze\u0144 w domu, gdy produkcja spada. Wyr\u00f3\u017cnia si\u0119 moc\u0105 wyj\u015bciow\u0105 do 800 W i cich\u0105 prac\u0105 \u2013 poni\u017cej 30 dB. Zajmuje przy tym niewiele miejsca \u2013 jego wymiary to tylko 255 x 254 x 458 mm, dzi\u0119ki czemu bez problemu zmie\u015bcisz go w przedpokoju, obok szafki kuchennej czy w salonie.<\/p>\n<p>\n<img decoding=\"async\" src=\"https:\/\/assets.innpro.pl\/18281\/24263\/7.jpg\" border=\"0\" alt=\"Rodzina bawi si\u0119 w salonie na kanapie, obok kt\u00f3rej stoi srebrny magazyn energii\" \/>\n<\/p>\n<h3>Szeroka kompatybilno\u015b\u0107 i \u0142atwy monta\u017c<\/h3>\n<p>STREAM AC dzia\u0142a z wi\u0119kszo\u015bci\u0105 mikroinwerter\u00f3w dost\u0119pnych na rynku, wi\u0119c nie wymaga kosztownych przer\u00f3bek instalacji. Wystarczy pod\u0142\u0105czy\u0107 go do gniazdka \u2013 system plug-and-play sprawia, \u017ce nie jest konieczne wiercenie ani wzywanie elektryka. To najszybszy spos\u00f3b, aby rozbudowa\u0107 istniej\u0105cy system PV i zwi\u0119kszy\u0107 produkcj\u0119 w\u0142asnej energii.<\/p>\n<p>\n<img decoding=\"async\" src=\"https:\/\/assets.innpro.pl\/18281\/24263\/6.jpg\" border=\"0\" alt=\"Magazyn energii EcoFlow STREAM AC w otoczeniu r\u00f3\u017cnych mikroinwerter\u00f3w na be\u017cowym tle\" \/>\n<\/p>\n<h3>Elastyczna i skalowalna pojemno\u015b\u0107<\/h3>\n<p>Podstawowa pojemno\u015b\u0107 1,92 kWh bez problemu wystarczy do zasilania o\u015bwietlenia, routera, lod\u00f3wki czy telewizora. Je\u015bli jednak potrzebujesz wi\u0119kszej niezale\u017cno\u015bci energetycznej, mo\u017cesz po\u0142\u0105czy\u0107 do 6 jednostek STREAM AC w jeden system, uzyskuj\u0105c a\u017c 11,52 kWh pojemno\u015bci. Rozwi\u0105zanie ro\u015bnie wraz z Twoimi potrzebami \u2013 od ma\u0142ego backupu po pe\u0142ne zasilanie domu.<\/p>\n<p>\n<img decoding=\"async\" src=\"https:\/\/assets.innpro.pl\/18281\/24263\/1.jpg\" border=\"0\" alt=\"Dwa magazyny energii obok pralki i suszarki na tle jasnej \u015bciany\" \/>\n<\/p>\n<h3>Stabilna moc 800 W<\/h3>\n<p>Magazyn energii STREAM AC zapewnia moc wyj\u015bciow\u0105 do 800 W, dzi\u0119ki czemu sprawdzi si\u0119 w przypadku wi\u0119kszo\u015bci urz\u0105dze\u0144 domowych, takich jak router, lampa czy telewizor. Mo\u017cesz wi\u0119c swobodnie korzysta\u0107 ze swoich sprz\u0119t\u00f3w nawet w przypadku przerwy w dostawie pr\u0105du.<\/p>\n<p>\n<img decoding=\"async\" src=\"https:\/\/assets.innpro.pl\/18281\/24263\/11.jpg\" border=\"0\" alt=\"Wizualizacja systemu magazynowania energii z akumulatorami w nowoczesnym, dwupoziomowym wn\u0119trzu\" \/>\n<\/p>\n<h3>Inteligentne zarz\u0105dzanie energi\u0105<\/h3>\n<p>Dzi\u0119ki aplikacji EcoFlow mo\u017cesz wygodnie zarz\u0105dza\u0107 prac\u0105 systemu w czasie rzeczywistym. Wbudowany model AI-TOU analizuje taryfy pr\u0105du co 60 minut i automatycznie \u0142aduje magazyn w godzinach taniej energii, oddaj\u0105c j\u0105, gdy ceny s\u0105 najwy\u017csze. To realna oszcz\u0119dno\u015b\u0107 bez r\u0119cznego planowania! Ponadto prognozy solarne Solcast przetwarzaj\u0105 ponad 100 milion\u00f3w danych pogodowych na godzin\u0119, aby przewidywa\u0107 produkcj\u0119 i optymalizowa\u0107 \u0142adowanie. Uwaga: niekt\u00f3re funkcje aplikacji EcoFlow wymagaj\u0105 subskrypcji premium.<\/p>\n<p>\n<img decoding=\"async\" src=\"https:\/\/assets.innpro.pl\/18281\/24263\/8.jpg\" border=\"0\" alt=\"Srebrny magazyn energii w otwartej wn\u0119ce ciemnoszarej szafki z ksi\u0105\u017ckami i dekoracjami\" \/>\n<\/p>\n<h3>Kompatybilno\u015b\u0107 z inteligentnymi licznikami<\/h3>\n<p>STREAM AC wsp\u00f3\u0142pracuje z inteligentnymi licznikami, gniazdkami i aplikacj\u0105 EcoFlow, aby kierowa\u0107 ca\u0142\u0105 nadwy\u017ck\u0119 solarn\u0105 do Twoich urz\u0105dze\u0144. Dzi\u0119ki temu ka\u017cda wyprodukowana kilowatogodzina zostaje w Twoim domu i umo\u017cliwia na przyk\u0142ad \u0142adowanie roweru elektrycznego, zasilanie wentylacji czy systemu nawadniania.<\/p>\n<p>\n<img decoding=\"async\" src=\"https:\/\/assets.innpro.pl\/18281\/24263\/9.jpg\" border=\"0\" alt=\"Srebrny magazyn energii z przewodem pod\u0142\u0105czonym do gniazdka stoi na pod\u0142odze w jasnym wn\u0119trzu\" \/>\n<\/p>\n<h3>Bezpiecze\u0144stwo klasy premium<\/h3>\n<p>Magazyn energii STREAM AC zosta\u0142 zaprojektowany z my\u015bl\u0105 o wieloletniej, bezproblemowej pracy. Wielopoziomowy system zabezpiecze\u0144 chroni go mi\u0119dzy innymi przed przeci\u0105\u017ceniem i przegrzaniem, a szybki spadek napi\u0119cia do bezpiecznego poziomu (ju\u017c w oko\u0142o 0,7 s) chroni domow\u0105 instalacj\u0119 przy od\u0142\u0105czeniu. Obudowa z izolacj\u0105 aero\u017celow\u0105 jest ognioodporna, a certyfikaty globalnych standard\u00f3w (TRUSTe, NIST, ISO) potwierdzaj\u0105 ochron\u0119 danych i zgodno\u015b\u0107 z wymogami bezpiecze\u0144stwa.<\/p>\n<p>\n<img decoding=\"async\" src=\"https:\/\/assets.innpro.pl\/18281\/24263\/5.jpg\" border=\"0\" alt=\"Du\u017cy balkon z magazynem energii, mikroinwerterem i panelami fotowoltaicznymi\" \/>\n<\/p>\n<h3>Niezawodne dzia\u0142anie w ka\u017cdych warunkach<\/h3>\n<p>STREAM AC dzia\u0142a w szerokim zakresie temperatur (od \u201320\u00b0C do 55\u00b0C), a funkcja samoogrzewania umo\u017cliwia jego bezpieczn\u0105 prac\u0119 nawet w mro\u017ane zimowe dni. Klasa szczelno\u015bci IP65 zapewnia pe\u0142n\u0105 odporno\u015b\u0107 na deszcz i kurz, dzi\u0119ki czemu magazyn mo\u017cna zamontowa\u0107 zar\u00f3wno wewn\u0105trz, jak i na zewn\u0105trz budynku. Dodatkowo urz\u0105dzenie wykorzystuje ogniwa litowo-\u017celazowo-fosforanowe (LFP), kt\u00f3re gwarantuj\u0105 a\u017c 6000 cykli \u0142adowania przy zachowaniu 70% pojemno\u015bci. To oznacza nawet 15 lat niezawodnej pracy!<\/p>\n<p>\n<img decoding=\"async\" src=\"https:\/\/assets.innpro.pl\/18281\/24263\/3.jpg\" border=\"0\" alt=\"Szara obudowa magazynu energii z kroplami wody na powierzchni\" \/>\n<\/p>\n<h3>Cicha praca i kompaktowy design<\/h3>\n<p>STREAM AC pracuje wyj\u0105tkowo cicho \u2013 jego poziom g\u0142o\u015bno\u015bci wynosi tylko oko\u0142o 30 dB, mo\u017cesz wi\u0119c postawi\u0107 go w salonie czy sypialni bez obaw o ha\u0142as. Ponadto smuk\u0142a, pionowa konstrukcja pozwala zaoszcz\u0119dzi\u0107 miejsce i doskonale komponuje si\u0119 z nowoczesnym wn\u0119trzem.<\/p>\n<p>\n<img decoding=\"async\" src=\"https:\/\/assets.innpro.pl\/18281\/24263\/2.jpg\" border=\"0\" alt=\"Para w \u0142\u00f3\u017cku w ciemnej sypialni, obok srebrny magazyn energii przy gniazdku elektrycznym\" \/>\n<\/p>\n<h3>W zestawie<\/h3>\n<ul class=\"list-disc pl-5\">\n<li>Magazyn energii EcoFlow STREAM AC 800 W<\/li>\n<li>Kabel STREAM AC (1,5 m)<\/li>\n<li>Uchwyt monta\u017cowy<\/li>\n<li>Uchwyt blokuj\u0105cy<\/li>\n<li>Instrukcja bezpiecze\u0144stwa<\/li>\n<li>Instrukcja instalacji<\/li>\n<li>Karta gwarancyjna<\/li>\n<\/ul>\n<div class=\"table-wrapper\">\n<p>\u00a0<\/p>\n<h3><\/h3>\n<table>\n<tbody>\n<tr>\n<th>Producent<\/th>\n<td>EcoFlow<\/td>\n<\/tr>\n<tr>\n<th>Nazwa<\/th>\n<td>STREAM AC<\/td>\n<\/tr>\n<tr>\n<th>Model<\/th>\n<td>EFSTREAMAC800W-EU<\/td>\n<\/tr>\n<tr>\n<th>Pojemno\u015b\u0107<\/th>\n<td>1,92 kWh<\/td>\n<\/tr>\n<tr>\n<th>\u017bywotno\u015b\u0107 akumulatora<\/th>\n<td>Ok. 6000 cykli<\/td>\n<\/tr>\n<tr>\n<th>Moc \u0142adowania AC<\/th>\n<td>800 W<\/td>\n<\/tr>\n<tr>\n<th>Moc wyj\u015bciowa AC<\/th>\n<td>800 W<\/td>\n<\/tr>\n<tr>\n<th>Moc wyj\u015bciowa (tryb grid-tied)<\/th>\n<td>800 W<\/td>\n<\/tr>\n<tr>\n<th>Zakres temperatur pracy<\/th>\n<td>Od -20\u00b0C do 55 \u00b0C<\/td>\n<\/tr>\n<tr>\n<th>Funkcja samoogrzewania<\/th>\n<td>Aktywacja podczas \u0142adowania przy \u2264 5 \u00b0C<\/td>\n<\/tr>\n<tr>\n<th>\u0141\u0105czno\u015b\u0107<\/th>\n<td>Wi-Fi \/ Bluetooth<\/td>\n<\/tr>\n<tr>\n<th>Klasa szczelno\u015bci<\/th>\n<td>IP65<\/td>\n<\/tr>\n<tr>\n<th>Waga netto<\/th>\n<td>21,2 kg<\/td>\n<\/tr>\n<tr>\n<th>Wymiary<\/th>\n<td>255 mm \u00d7 254 mm \u00d7 458 mm<\/td>\n<\/tr>\n<tr>\n<th>Poziom ha\u0142asu<\/th>\n<td>&lt; 30 dB<\/td>\n<\/tr>\n<\/tbody>\n<\/table>\n<\/div>\n","protected":false},"excerpt":{"rendered":"<p>Magazyn energii EcoFlow STREAM AC (1,92 kWh) EcoFlow STREAM AC to kompaktowy magazyn energii o pojemno\u015bci 1,92 kWh, kt\u00f3ry pomaga<\/p>\n","protected":false},"featured_media":50211,"comment_status":"closed","ping_status":"open","template":"","meta":{"_acf_changed":false},"product_brand":[],"product_cat":[1108,1110,6235],"product_tag":[],"class_list":{"0":"post-60961","1":"product","2":"type-product","3":"status-publish","4":"has-post-thumbnail","6":"product_cat-energia","7":"product_cat-panele-fotowoltaiczne","8":"product_cat-systemy-balkonowe","9":"pa_120-m-5776","10":"pa_producent-ecoflow","12":"first","13":"outofstock","14":"taxable","15":"shipping-taxable","16":"purchasable","17":"product-type-simple"},"acf":[],"yoast_head":"<!-- This site is optimized with the Yoast SEO plugin v27.2 - https:\/\/yoast.com\/product\/yoast-seo-wordpress\/ -->\n<title>Magazyn energii ECOFLOW STREAM AC 1,92kWh - IRONSKY.PL Sklep z Dronami<\/title>\n<meta name=\"description\" content=\"Magazyn energii ECOFLOW STREAM AC 1,92kWh - \u2705 sklep z dronami i fachowym doradztwem. \u2705 Tutaj kupisz produkty DJI, Yuneec, Parrot, Syma i wiele innych, a tak\u017ce kursy i licencje na operatora drona.\" \/>\n<meta name=\"robots\" content=\"index, follow, max-snippet:-1, max-image-preview:large, max-video-preview:-1\" \/>\n<link rel=\"canonical\" href=\"https:\/\/ironsky.pl\/sklep\/produkt\/magazyn-energii-ecoflow-stream-ac-192kwh\/\" \/>\n<meta property=\"og:locale\" content=\"pl_PL\" \/>\n<meta property=\"og:type\" content=\"article\" \/>\n<meta property=\"og:title\" content=\"Magazyn energii ECOFLOW STREAM AC 1,92kWh - IRONSKY.PL Sklep z Dronami\" \/>\n<meta property=\"og:description\" content=\"Magazyn energii ECOFLOW STREAM AC 1,92kWh - \u2705 sklep z dronami i fachowym doradztwem. \u2705 Tutaj kupisz produkty DJI, Yuneec, Parrot, Syma i wiele innych, a tak\u017ce kursy i licencje na operatora drona.\" \/>\n<meta property=\"og:url\" content=\"https:\/\/ironsky.pl\/sklep\/produkt\/magazyn-energii-ecoflow-stream-ac-192kwh\/\" \/>\n<meta property=\"og:site_name\" content=\"IRONSKY.PL Sklep z Dronami\" \/>\n<meta property=\"article:modified_time\" content=\"2026-04-15T09:11:26+00:00\" \/>\n<meta property=\"og:image\" content=\"https:\/\/ironsky.pl\/sklep\/wp-content\/uploads\/2025\/10\/55352_8.jpg\" \/>\n\t<meta property=\"og:image:width\" content=\"800\" \/>\n\t<meta property=\"og:image:height\" content=\"800\" \/>\n\t<meta property=\"og:image:type\" content=\"image\/jpeg\" \/>\n<meta name=\"twitter:card\" content=\"summary_large_image\" \/>\n<meta name=\"twitter:label1\" content=\"Szacowany czas czytania\" \/>\n\t<meta name=\"twitter:data1\" content=\"3 minuty\" \/>\n<script type=\"application\/ld+json\" class=\"yoast-schema-graph\">{\"@context\":\"https:\/\/schema.org\",\"@graph\":[{\"@type\":\"WebPage\",\"@id\":\"https:\/\/ironsky.pl\/sklep\/produkt\/magazyn-energii-ecoflow-stream-ac-192kwh\/\",\"url\":\"https:\/\/ironsky.pl\/sklep\/produkt\/magazyn-energii-ecoflow-stream-ac-192kwh\/\",\"name\":\"Magazyn energii ECOFLOW STREAM AC 1,92kWh - IRONSKY.PL Sklep z Dronami\",\"isPartOf\":{\"@id\":\"https:\/\/ironsky.pl\/sklep\/#website\"},\"primaryImageOfPage\":{\"@id\":\"https:\/\/ironsky.pl\/sklep\/produkt\/magazyn-energii-ecoflow-stream-ac-192kwh\/#primaryimage\"},\"image\":{\"@id\":\"https:\/\/ironsky.pl\/sklep\/produkt\/magazyn-energii-ecoflow-stream-ac-192kwh\/#primaryimage\"},\"thumbnailUrl\":\"https:\/\/ironsky.pl\/sklep\/wp-content\/uploads\/2025\/10\/55352_8.jpg\",\"datePublished\":\"2026-04-15T09:11:14+00:00\",\"dateModified\":\"2026-04-15T09:11:26+00:00\",\"description\":\"Magazyn energii ECOFLOW STREAM AC 1,92kWh - \u2705 sklep z dronami i fachowym doradztwem. \u2705 Tutaj kupisz produkty DJI, Yuneec, Parrot, Syma i wiele innych, a tak\u017ce kursy i licencje na operatora drona.\",\"breadcrumb\":{\"@id\":\"https:\/\/ironsky.pl\/sklep\/produkt\/magazyn-energii-ecoflow-stream-ac-192kwh\/#breadcrumb\"},\"inLanguage\":\"pl-PL\",\"potentialAction\":[{\"@type\":\"ReadAction\",\"target\":[\"https:\/\/ironsky.pl\/sklep\/produkt\/magazyn-energii-ecoflow-stream-ac-192kwh\/\"]}]},{\"@type\":\"ImageObject\",\"inLanguage\":\"pl-PL\",\"@id\":\"https:\/\/ironsky.pl\/sklep\/produkt\/magazyn-energii-ecoflow-stream-ac-192kwh\/#primaryimage\",\"url\":\"https:\/\/ironsky.pl\/sklep\/wp-content\/uploads\/2025\/10\/55352_8.jpg\",\"contentUrl\":\"https:\/\/ironsky.pl\/sklep\/wp-content\/uploads\/2025\/10\/55352_8.jpg\",\"width\":800,\"height\":800},{\"@type\":\"BreadcrumbList\",\"@id\":\"https:\/\/ironsky.pl\/sklep\/produkt\/magazyn-energii-ecoflow-stream-ac-192kwh\/#breadcrumb\",\"itemListElement\":[{\"@type\":\"ListItem\",\"position\":1,\"name\":\"Strona g\u0142\u00f3wna\",\"item\":\"https:\/\/ironsky.pl\/sklep\/\"},{\"@type\":\"ListItem\",\"position\":2,\"name\":\"Wszystkie produkty\",\"item\":\"https:\/\/ironsky.pl\/sklep\/produkty\/\"},{\"@type\":\"ListItem\",\"position\":3,\"name\":\"Magazyn energii ECOFLOW STREAM AC 1,92kWh\"}]},{\"@type\":\"WebSite\",\"@id\":\"https:\/\/ironsky.pl\/sklep\/#website\",\"url\":\"https:\/\/ironsky.pl\/sklep\/\",\"name\":\"IRONSKY.PL Sklep z Dronami\",\"description\":\"IRONSKY.PL Sklep z Dronami\",\"potentialAction\":[{\"@type\":\"SearchAction\",\"target\":{\"@type\":\"EntryPoint\",\"urlTemplate\":\"https:\/\/ironsky.pl\/sklep\/?s={search_term_string}\"},\"query-input\":{\"@type\":\"PropertyValueSpecification\",\"valueRequired\":true,\"valueName\":\"search_term_string\"}}],\"inLanguage\":\"pl-PL\"}]}<\/script>\n<!-- \/ Yoast SEO plugin. -->","yoast_head_json":{"title":"Magazyn energii ECOFLOW STREAM AC 1,92kWh - IRONSKY.PL Sklep z Dronami","description":"Magazyn energii ECOFLOW STREAM AC 1,92kWh - \u2705 sklep z dronami i fachowym doradztwem. \u2705 Tutaj kupisz produkty DJI, Yuneec, Parrot, Syma i wiele innych, a tak\u017ce kursy i licencje na operatora drona.","robots":{"index":"index","follow":"follow","max-snippet":"max-snippet:-1","max-image-preview":"max-image-preview:large","max-video-preview":"max-video-preview:-1"},"canonical":"https:\/\/ironsky.pl\/sklep\/produkt\/magazyn-energii-ecoflow-stream-ac-192kwh\/","og_locale":"pl_PL","og_type":"article","og_title":"Magazyn energii ECOFLOW STREAM AC 1,92kWh - IRONSKY.PL Sklep z Dronami","og_description":"Magazyn energii ECOFLOW STREAM AC 1,92kWh - \u2705 sklep z dronami i fachowym doradztwem. \u2705 Tutaj kupisz produkty DJI, Yuneec, Parrot, Syma i wiele innych, a tak\u017ce kursy i licencje na operatora drona.","og_url":"https:\/\/ironsky.pl\/sklep\/produkt\/magazyn-energii-ecoflow-stream-ac-192kwh\/","og_site_name":"IRONSKY.PL Sklep z Dronami","article_modified_time":"2026-04-15T09:11:26+00:00","og_image":[{"width":800,"height":800,"url":"https:\/\/ironsky.pl\/sklep\/wp-content\/uploads\/2025\/10\/55352_8.jpg","type":"image\/jpeg"}],"twitter_card":"summary_large_image","twitter_misc":{"Szacowany czas czytania":"3 minuty"},"schema":{"@context":"https:\/\/schema.org","@graph":[{"@type":"WebPage","@id":"https:\/\/ironsky.pl\/sklep\/produkt\/magazyn-energii-ecoflow-stream-ac-192kwh\/","url":"https:\/\/ironsky.pl\/sklep\/produkt\/magazyn-energii-ecoflow-stream-ac-192kwh\/","name":"Magazyn energii ECOFLOW STREAM AC 1,92kWh - IRONSKY.PL Sklep z Dronami","isPartOf":{"@id":"https:\/\/ironsky.pl\/sklep\/#website"},"primaryImageOfPage":{"@id":"https:\/\/ironsky.pl\/sklep\/produkt\/magazyn-energii-ecoflow-stream-ac-192kwh\/#primaryimage"},"image":{"@id":"https:\/\/ironsky.pl\/sklep\/produkt\/magazyn-energii-ecoflow-stream-ac-192kwh\/#primaryimage"},"thumbnailUrl":"https:\/\/ironsky.pl\/sklep\/wp-content\/uploads\/2025\/10\/55352_8.jpg","datePublished":"2026-04-15T09:11:14+00:00","dateModified":"2026-04-15T09:11:26+00:00","description":"Magazyn energii ECOFLOW STREAM AC 1,92kWh - \u2705 sklep z dronami i fachowym doradztwem. \u2705 Tutaj kupisz produkty DJI, Yuneec, Parrot, Syma i wiele innych, a tak\u017ce kursy i licencje na operatora drona.","breadcrumb":{"@id":"https:\/\/ironsky.pl\/sklep\/produkt\/magazyn-energii-ecoflow-stream-ac-192kwh\/#breadcrumb"},"inLanguage":"pl-PL","potentialAction":[{"@type":"ReadAction","target":["https:\/\/ironsky.pl\/sklep\/produkt\/magazyn-energii-ecoflow-stream-ac-192kwh\/"]}]},{"@type":"ImageObject","inLanguage":"pl-PL","@id":"https:\/\/ironsky.pl\/sklep\/produkt\/magazyn-energii-ecoflow-stream-ac-192kwh\/#primaryimage","url":"https:\/\/ironsky.pl\/sklep\/wp-content\/uploads\/2025\/10\/55352_8.jpg","contentUrl":"https:\/\/ironsky.pl\/sklep\/wp-content\/uploads\/2025\/10\/55352_8.jpg","width":800,"height":800},{"@type":"BreadcrumbList","@id":"https:\/\/ironsky.pl\/sklep\/produkt\/magazyn-energii-ecoflow-stream-ac-192kwh\/#breadcrumb","itemListElement":[{"@type":"ListItem","position":1,"name":"Strona g\u0142\u00f3wna","item":"https:\/\/ironsky.pl\/sklep\/"},{"@type":"ListItem","position":2,"name":"Wszystkie produkty","item":"https:\/\/ironsky.pl\/sklep\/produkty\/"},{"@type":"ListItem","position":3,"name":"Magazyn energii ECOFLOW STREAM AC 1,92kWh"}]},{"@type":"WebSite","@id":"https:\/\/ironsky.pl\/sklep\/#website","url":"https:\/\/ironsky.pl\/sklep\/","name":"IRONSKY.PL Sklep z Dronami","description":"IRONSKY.PL Sklep z Dronami","potentialAction":[{"@type":"SearchAction","target":{"@type":"EntryPoint","urlTemplate":"https:\/\/ironsky.pl\/sklep\/?s={search_term_string}"},"query-input":{"@type":"PropertyValueSpecification","valueRequired":true,"valueName":"search_term_string"}}],"inLanguage":"pl-PL"}]}},"_links":{"self":[{"href":"https:\/\/ironsky.pl\/sklep\/wp-json\/wp\/v2\/product\/60961","targetHints":{"allow":["GET"]}}],"collection":[{"href":"https:\/\/ironsky.pl\/sklep\/wp-json\/wp\/v2\/product"}],"about":[{"href":"https:\/\/ironsky.pl\/sklep\/wp-json\/wp\/v2\/types\/product"}],"replies":[{"embeddable":true,"href":"https:\/\/ironsky.pl\/sklep\/wp-json\/wp\/v2\/comments?post=60961"}],"wp:featuredmedia":[{"embeddable":true,"href":"https:\/\/ironsky.pl\/sklep\/wp-json\/wp\/v2\/media\/50211"}],"wp:attachment":[{"href":"https:\/\/ironsky.pl\/sklep\/wp-json\/wp\/v2\/media?parent=60961"}],"wp:term":[{"taxonomy":"product_brand","embeddable":true,"href":"https:\/\/ironsky.pl\/sklep\/wp-json\/wp\/v2\/product_brand?post=60961"},{"taxonomy":"product_cat","embeddable":true,"href":"https:\/\/ironsky.pl\/sklep\/wp-json\/wp\/v2\/product_cat?post=60961"},{"taxonomy":"product_tag","embeddable":true,"href":"https:\/\/ironsky.pl\/sklep\/wp-json\/wp\/v2\/product_tag?post=60961"}],"curies":[{"name":"wp","href":"https:\/\/api.w.org\/{rel}","templated":true}]}}