{"id":60958,"date":"2026-04-15T11:11:14","date_gmt":"2026-04-15T09:11:14","guid":{"rendered":"https:\/\/ironsky.pl\/sklep\/produkt\/filament-anycubic-pla-1kg-czarny\/"},"modified":"2026-04-15T11:11:22","modified_gmt":"2026-04-15T09:11:22","slug":"filament-anycubic-pla-1kg-czarny","status":"publish","type":"product","link":"https:\/\/ironsky.pl\/sklep\/produkt\/filament-anycubic-pla-1kg-czarny\/","title":{"rendered":"Filament ANYCUBIC PLA 1kg (czarny)"},"content":{"rendered":"<h3>Filament PLA Anycubic 1 KG (Czarny)<\/h3>\n<p>Filament PLA Anycubic 1 KG w kolorze czarnym to wysokiej jako\u015bci materia\u0142 stworzony z my\u015bl\u0105 o p\u0142ynnych i precyzyjnych wydrukach 3D. Dzi\u0119ki \u0142atwo\u015bci obs\u0142ugi i niezawodnym w\u0142a\u015bciwo\u015bciom jest to idealny wyb\u00f3r zar\u00f3wno dla amator\u00f3w, jak i profesjonalist\u00f3w szukaj\u0105cych doskona\u0142ych rezultat\u00f3w.<\/p>\n<p>\n<img decoding=\"async\" src=\"https:\/\/assets.innpro.pl\/9236\/10790\/1.jpg\" border=\"0\" alt=\"Du\u017ca szpula czarnego filamentu do drukarki 3D stoj\u0105ca obok wydrukowanego czarnego modelu wie\u017cy zamkowej\" \/>\n<\/p>\n<h3>Wysoka jako\u015b\u0107 i precyzja<\/h3>\n<p>Filament PLA Anycubic zapewnia precyzyjne nawijanie oraz sta\u0142\u0105 \u015brednic\u0119 drutu, co minimalizuje ryzyko zator\u00f3w i zapewnia nieprzerwane drukowanie. Bez p\u0119cherzyk\u00f3w powietrza i nier\u00f3wno\u015bci, ka\u017cda warstwa materia\u0142u uk\u0142ada si\u0119 r\u00f3wno, co gwarantuje g\u0142adko\u015b\u0107 i dok\u0142adno\u015b\u0107 wydruk\u00f3w.<\/p>\n<p>\n<img decoding=\"async\" src=\"https:\/\/assets.innpro.pl\/9236\/10790\/4.jpg\" border=\"0\" alt=\"Szpula czarnego filamentu do drukarki 3D ustawiona pionowo obok wydrukowanej czarnej mechanicznej d\u0142oni\" \/>\n<\/p>\n<h3>\u0141atwa obs\u0142uga i wszechstronno\u015b\u0107<\/h3>\n<p>Dzi\u0119ki szerokiemu zakresowi temperatur pracy (200-210\u00b0C) oraz temperatury sto\u0142u grzewczego (50-60\u00b0C), filament ten jest prosty w obs\u0142udze i dostosowany do r\u00f3\u017cnych projekt\u00f3w. Cechuj\u0105c si\u0119 doskona\u0142\u0105 przyczepno\u015bci\u0105 do sto\u0142u roboczego, redukuje problem odkszta\u0142ce\u0144 i zapewnia trwa\u0142o\u015b\u0107 wydruk\u00f3w. Idealne przyleganie warstw sprawia, \u017ce modele s\u0105 wytrzyma\u0142e i zachowuj\u0105 swoj\u0105 form\u0119. Nawet przy skomplikowanych modelach mo\u017cesz liczy\u0107 na \u0142atw\u0105 kontrol\u0119 temperatury i doskona\u0142e efekty ko\u0144cowe.<\/p>\n<p>\n<img decoding=\"async\" src=\"https:\/\/assets.innpro.pl\/9236\/10790\/2.jpg\" border=\"0\" alt=\"Dysza drukarki 3D drukuj\u0105ca czarny, geometrycznie rze\u017abiony model wazonu\" \/>\n<\/p>\n<h3>Ekologiczny wyb\u00f3r<\/h3>\n<p>Wykonany g\u0142\u00f3wnie z kukurydzianej skrobi, filament PLA Anycubic jest biodegradowalny i przyjazny dla \u015brodowiska, co przyczynia si\u0119 do zmniejszenia ilo\u015bci odpad\u00f3w i promowania zr\u00f3wnowa\u017conych praktyk w druku 3D, bez kompromis\u00f3w w jako\u015bci.<\/p>\n<p>\n<img decoding=\"async\" src=\"https:\/\/assets.innpro.pl\/9236\/10790\/3.jpg\" border=\"0\" alt=\"Szpula czarnego filamentu do drukarki 3D otoczona ilustracj\u0105 cyklu produkcji opartego na odnawialnych \u017ar\u00f3d\u0142ach, takich jak kukurydza i cz\u0105steczki organiczne\" \/>\n<\/p>\n<div class=\"table-wrapper\">\n<p>\u00a0<\/p>\n<h3><\/h3>\n<table>\n<tbody>\n<tr>\n<th>Producent<\/th>\n<td>Anycubic<\/td>\n<\/tr>\n<tr>\n<th>Kod producenta<\/th>\n<td>IPHPLBK-106<\/td>\n<\/tr>\n<tr>\n<th>Jednolita \u015brednica przewodu<\/th>\n<td>1.75mm<\/td>\n<\/tr>\n<tr>\n<th>Temperatura druku<\/th>\n<td>200-210\u00b0C <\/td>\n<\/tr>\n<tr>\n<th>Temperatura sto\u0142u grzewczego<\/th>\n<td>50-60\u00b0C<\/td>\n<\/tr>\n<\/tbody>\n<\/table>\n<\/div>\n","protected":false},"excerpt":{"rendered":"<p>Filament PLA Anycubic 1 KG (Czarny) Filament PLA Anycubic 1 KG w kolorze czarnym to wysokiej jako\u015bci materia\u0142 stworzony z<\/p>\n","protected":false},"featured_media":50205,"comment_status":"closed","ping_status":"open","template":"","meta":{"_acf_changed":false},"product_brand":[],"product_cat":[6222,6225,6217],"product_tag":[],"class_list":{"0":"post-60958","1":"product","2":"type-product","3":"status-publish","4":"has-post-thumbnail","6":"product_cat-druk-3d-technologie-kreatywne","7":"product_cat-filamenty-druk-3d-technologie-kreatywne","8":"product_cat-technologie-kreatywne","9":"pa_brak-5770","10":"pa_producent-anycubic","12":"first","13":"outofstock","14":"taxable","15":"shipping-taxable","16":"purchasable","17":"product-type-simple"},"acf":[],"yoast_head":"<!-- This site is optimized with the Yoast SEO plugin v27.2 - https:\/\/yoast.com\/product\/yoast-seo-wordpress\/ -->\n<title>Filament ANYCUBIC PLA 1kg (czarny) - IRONSKY.PL Sklep z Dronami<\/title>\n<meta name=\"description\" content=\"Filament ANYCUBIC PLA 1kg (czarny) - \u2705 sklep z dronami i fachowym doradztwem. \u2705 Tutaj kupisz produkty DJI, Yuneec, Parrot, Syma i wiele innych, a tak\u017ce kursy i licencje na operatora drona.\" \/>\n<meta name=\"robots\" content=\"index, follow, max-snippet:-1, max-image-preview:large, max-video-preview:-1\" \/>\n<link rel=\"canonical\" href=\"https:\/\/ironsky.pl\/sklep\/produkt\/filament-anycubic-pla-1kg-czarny\/\" \/>\n<meta property=\"og:locale\" content=\"pl_PL\" \/>\n<meta property=\"og:type\" content=\"article\" \/>\n<meta property=\"og:title\" content=\"Filament ANYCUBIC PLA 1kg (czarny) - IRONSKY.PL Sklep z Dronami\" \/>\n<meta property=\"og:description\" content=\"Filament ANYCUBIC PLA 1kg (czarny) - \u2705 sklep z dronami i fachowym doradztwem. \u2705 Tutaj kupisz produkty DJI, Yuneec, Parrot, Syma i wiele innych, a tak\u017ce kursy i licencje na operatora drona.\" \/>\n<meta property=\"og:url\" content=\"https:\/\/ironsky.pl\/sklep\/produkt\/filament-anycubic-pla-1kg-czarny\/\" \/>\n<meta property=\"og:site_name\" content=\"IRONSKY.PL Sklep z Dronami\" \/>\n<meta property=\"article:modified_time\" content=\"2026-04-15T09:11:22+00:00\" \/>\n<meta property=\"og:image\" content=\"https:\/\/ironsky.pl\/sklep\/wp-content\/uploads\/2025\/10\/55322_1.jpg\" \/>\n\t<meta property=\"og:image:width\" content=\"800\" \/>\n\t<meta property=\"og:image:height\" content=\"800\" \/>\n\t<meta property=\"og:image:type\" content=\"image\/jpeg\" \/>\n<meta name=\"twitter:card\" content=\"summary_large_image\" \/>\n<meta name=\"twitter:label1\" content=\"Szacowany czas czytania\" \/>\n\t<meta name=\"twitter:data1\" content=\"1 minuta\" \/>\n<script type=\"application\/ld+json\" class=\"yoast-schema-graph\">{\"@context\":\"https:\/\/schema.org\",\"@graph\":[{\"@type\":\"WebPage\",\"@id\":\"https:\/\/ironsky.pl\/sklep\/produkt\/filament-anycubic-pla-1kg-czarny\/\",\"url\":\"https:\/\/ironsky.pl\/sklep\/produkt\/filament-anycubic-pla-1kg-czarny\/\",\"name\":\"Filament ANYCUBIC PLA 1kg (czarny) - IRONSKY.PL Sklep z Dronami\",\"isPartOf\":{\"@id\":\"https:\/\/ironsky.pl\/sklep\/#website\"},\"primaryImageOfPage\":{\"@id\":\"https:\/\/ironsky.pl\/sklep\/produkt\/filament-anycubic-pla-1kg-czarny\/#primaryimage\"},\"image\":{\"@id\":\"https:\/\/ironsky.pl\/sklep\/produkt\/filament-anycubic-pla-1kg-czarny\/#primaryimage\"},\"thumbnailUrl\":\"https:\/\/ironsky.pl\/sklep\/wp-content\/uploads\/2025\/10\/55322_1.jpg\",\"datePublished\":\"2026-04-15T09:11:14+00:00\",\"dateModified\":\"2026-04-15T09:11:22+00:00\",\"description\":\"Filament ANYCUBIC PLA 1kg (czarny) - \u2705 sklep z dronami i fachowym doradztwem. \u2705 Tutaj kupisz produkty DJI, Yuneec, Parrot, Syma i wiele innych, a tak\u017ce kursy i licencje na operatora drona.\",\"breadcrumb\":{\"@id\":\"https:\/\/ironsky.pl\/sklep\/produkt\/filament-anycubic-pla-1kg-czarny\/#breadcrumb\"},\"inLanguage\":\"pl-PL\",\"potentialAction\":[{\"@type\":\"ReadAction\",\"target\":[\"https:\/\/ironsky.pl\/sklep\/produkt\/filament-anycubic-pla-1kg-czarny\/\"]}]},{\"@type\":\"ImageObject\",\"inLanguage\":\"pl-PL\",\"@id\":\"https:\/\/ironsky.pl\/sklep\/produkt\/filament-anycubic-pla-1kg-czarny\/#primaryimage\",\"url\":\"https:\/\/ironsky.pl\/sklep\/wp-content\/uploads\/2025\/10\/55322_1.jpg\",\"contentUrl\":\"https:\/\/ironsky.pl\/sklep\/wp-content\/uploads\/2025\/10\/55322_1.jpg\",\"width\":800,\"height\":800},{\"@type\":\"BreadcrumbList\",\"@id\":\"https:\/\/ironsky.pl\/sklep\/produkt\/filament-anycubic-pla-1kg-czarny\/#breadcrumb\",\"itemListElement\":[{\"@type\":\"ListItem\",\"position\":1,\"name\":\"Strona g\u0142\u00f3wna\",\"item\":\"https:\/\/ironsky.pl\/sklep\/\"},{\"@type\":\"ListItem\",\"position\":2,\"name\":\"Wszystkie produkty\",\"item\":\"https:\/\/ironsky.pl\/sklep\/produkty\/\"},{\"@type\":\"ListItem\",\"position\":3,\"name\":\"Filament ANYCUBIC PLA 1kg (czarny)\"}]},{\"@type\":\"WebSite\",\"@id\":\"https:\/\/ironsky.pl\/sklep\/#website\",\"url\":\"https:\/\/ironsky.pl\/sklep\/\",\"name\":\"IRONSKY.PL Sklep z Dronami\",\"description\":\"IRONSKY.PL Sklep z Dronami\",\"potentialAction\":[{\"@type\":\"SearchAction\",\"target\":{\"@type\":\"EntryPoint\",\"urlTemplate\":\"https:\/\/ironsky.pl\/sklep\/?s={search_term_string}\"},\"query-input\":{\"@type\":\"PropertyValueSpecification\",\"valueRequired\":true,\"valueName\":\"search_term_string\"}}],\"inLanguage\":\"pl-PL\"}]}<\/script>\n<!-- \/ Yoast SEO plugin. -->","yoast_head_json":{"title":"Filament ANYCUBIC PLA 1kg (czarny) - IRONSKY.PL Sklep z Dronami","description":"Filament ANYCUBIC PLA 1kg (czarny) - \u2705 sklep z dronami i fachowym doradztwem. \u2705 Tutaj kupisz produkty DJI, Yuneec, Parrot, Syma i wiele innych, a tak\u017ce kursy i licencje na operatora drona.","robots":{"index":"index","follow":"follow","max-snippet":"max-snippet:-1","max-image-preview":"max-image-preview:large","max-video-preview":"max-video-preview:-1"},"canonical":"https:\/\/ironsky.pl\/sklep\/produkt\/filament-anycubic-pla-1kg-czarny\/","og_locale":"pl_PL","og_type":"article","og_title":"Filament ANYCUBIC PLA 1kg (czarny) - IRONSKY.PL Sklep z Dronami","og_description":"Filament ANYCUBIC PLA 1kg (czarny) - \u2705 sklep z dronami i fachowym doradztwem. \u2705 Tutaj kupisz produkty DJI, Yuneec, Parrot, Syma i wiele innych, a tak\u017ce kursy i licencje na operatora drona.","og_url":"https:\/\/ironsky.pl\/sklep\/produkt\/filament-anycubic-pla-1kg-czarny\/","og_site_name":"IRONSKY.PL Sklep z Dronami","article_modified_time":"2026-04-15T09:11:22+00:00","og_image":[{"width":800,"height":800,"url":"https:\/\/ironsky.pl\/sklep\/wp-content\/uploads\/2025\/10\/55322_1.jpg","type":"image\/jpeg"}],"twitter_card":"summary_large_image","twitter_misc":{"Szacowany czas czytania":"1 minuta"},"schema":{"@context":"https:\/\/schema.org","@graph":[{"@type":"WebPage","@id":"https:\/\/ironsky.pl\/sklep\/produkt\/filament-anycubic-pla-1kg-czarny\/","url":"https:\/\/ironsky.pl\/sklep\/produkt\/filament-anycubic-pla-1kg-czarny\/","name":"Filament ANYCUBIC PLA 1kg (czarny) - IRONSKY.PL Sklep z Dronami","isPartOf":{"@id":"https:\/\/ironsky.pl\/sklep\/#website"},"primaryImageOfPage":{"@id":"https:\/\/ironsky.pl\/sklep\/produkt\/filament-anycubic-pla-1kg-czarny\/#primaryimage"},"image":{"@id":"https:\/\/ironsky.pl\/sklep\/produkt\/filament-anycubic-pla-1kg-czarny\/#primaryimage"},"thumbnailUrl":"https:\/\/ironsky.pl\/sklep\/wp-content\/uploads\/2025\/10\/55322_1.jpg","datePublished":"2026-04-15T09:11:14+00:00","dateModified":"2026-04-15T09:11:22+00:00","description":"Filament ANYCUBIC PLA 1kg (czarny) - \u2705 sklep z dronami i fachowym doradztwem. \u2705 Tutaj kupisz produkty DJI, Yuneec, Parrot, Syma i wiele innych, a tak\u017ce kursy i licencje na operatora drona.","breadcrumb":{"@id":"https:\/\/ironsky.pl\/sklep\/produkt\/filament-anycubic-pla-1kg-czarny\/#breadcrumb"},"inLanguage":"pl-PL","potentialAction":[{"@type":"ReadAction","target":["https:\/\/ironsky.pl\/sklep\/produkt\/filament-anycubic-pla-1kg-czarny\/"]}]},{"@type":"ImageObject","inLanguage":"pl-PL","@id":"https:\/\/ironsky.pl\/sklep\/produkt\/filament-anycubic-pla-1kg-czarny\/#primaryimage","url":"https:\/\/ironsky.pl\/sklep\/wp-content\/uploads\/2025\/10\/55322_1.jpg","contentUrl":"https:\/\/ironsky.pl\/sklep\/wp-content\/uploads\/2025\/10\/55322_1.jpg","width":800,"height":800},{"@type":"BreadcrumbList","@id":"https:\/\/ironsky.pl\/sklep\/produkt\/filament-anycubic-pla-1kg-czarny\/#breadcrumb","itemListElement":[{"@type":"ListItem","position":1,"name":"Strona g\u0142\u00f3wna","item":"https:\/\/ironsky.pl\/sklep\/"},{"@type":"ListItem","position":2,"name":"Wszystkie produkty","item":"https:\/\/ironsky.pl\/sklep\/produkty\/"},{"@type":"ListItem","position":3,"name":"Filament ANYCUBIC PLA 1kg (czarny)"}]},{"@type":"WebSite","@id":"https:\/\/ironsky.pl\/sklep\/#website","url":"https:\/\/ironsky.pl\/sklep\/","name":"IRONSKY.PL Sklep z Dronami","description":"IRONSKY.PL Sklep z Dronami","potentialAction":[{"@type":"SearchAction","target":{"@type":"EntryPoint","urlTemplate":"https:\/\/ironsky.pl\/sklep\/?s={search_term_string}"},"query-input":{"@type":"PropertyValueSpecification","valueRequired":true,"valueName":"search_term_string"}}],"inLanguage":"pl-PL"}]}},"_links":{"self":[{"href":"https:\/\/ironsky.pl\/sklep\/wp-json\/wp\/v2\/product\/60958","targetHints":{"allow":["GET"]}}],"collection":[{"href":"https:\/\/ironsky.pl\/sklep\/wp-json\/wp\/v2\/product"}],"about":[{"href":"https:\/\/ironsky.pl\/sklep\/wp-json\/wp\/v2\/types\/product"}],"replies":[{"embeddable":true,"href":"https:\/\/ironsky.pl\/sklep\/wp-json\/wp\/v2\/comments?post=60958"}],"wp:featuredmedia":[{"embeddable":true,"href":"https:\/\/ironsky.pl\/sklep\/wp-json\/wp\/v2\/media\/50205"}],"wp:attachment":[{"href":"https:\/\/ironsky.pl\/sklep\/wp-json\/wp\/v2\/media?parent=60958"}],"wp:term":[{"taxonomy":"product_brand","embeddable":true,"href":"https:\/\/ironsky.pl\/sklep\/wp-json\/wp\/v2\/product_brand?post=60958"},{"taxonomy":"product_cat","embeddable":true,"href":"https:\/\/ironsky.pl\/sklep\/wp-json\/wp\/v2\/product_cat?post=60958"},{"taxonomy":"product_tag","embeddable":true,"href":"https:\/\/ironsky.pl\/sklep\/wp-json\/wp\/v2\/product_tag?post=60958"}],"curies":[{"name":"wp","href":"https:\/\/api.w.org\/{rel}","templated":true}]}}