{"id":60956,"date":"2026-04-15T11:11:14","date_gmt":"2026-04-15T09:11:14","guid":{"rendered":"https:\/\/ironsky.pl\/sklep\/produkt\/zestaw-montazowy-dji-manifold-3-dla-matrice-4-series-2\/"},"modified":"2026-04-15T11:11:19","modified_gmt":"2026-04-15T09:11:19","slug":"zestaw-montazowy-dji-manifold-3-dla-matrice-4-series-2","status":"publish","type":"product","link":"https:\/\/ironsky.pl\/sklep\/produkt\/zestaw-montazowy-dji-manifold-3-dla-matrice-4-series-2\/","title":{"rendered":"Zestaw monta\u017cowy DJI Manifold 3 dla Matrice 4 Series"},"content":{"rendered":"<h3>Zestaw monta\u017cowy DJI Manifold 3 dla Matrice 4 Series<\/h3>\n<p>Zestaw monta\u017cowy DJI Manifold 3 do dron\u00f3w z serii Matrice 4 to kompletne rozwi\u0105zanie, kt\u00f3re umo\u017cliwia bezpieczne i stabilne pod\u0142\u0105czenie komputera pok\u0142adowego Manifold 3 do drona DJI Matrice 4 Series. W sk\u0142ad zestawu wchodz\u0105 wszystkie niezb\u0119dne elementy monta\u017cowe, takie jak z\u0142\u0105cze, kabel koncentryczny, \u015bruby mocuj\u0105ce, \u015brubokr\u0119t oraz klucz imbusowy, kt\u00f3ry dodatkowo mo\u017ce s\u0142u\u017cy\u0107 do resetowania urz\u0105dzenia. Starannie dobrane komponenty zapewniaj\u0105 pewne po\u0142\u0105czenie, odporne na wibracje w czasie lotu, co przek\u0142ada si\u0119 na niezawodno\u015b\u0107 dzia\u0142ania ca\u0142ego systemu. Ca\u0142o\u015b\u0107 wa\u017cy jedynie 33,7 g, dzi\u0119ki czemu nie wp\u0142ywa znacz\u0105co na wag\u0119 i osi\u0105gi drona.<\/p>\n<p>\n<img decoding=\"async\" src=\"https:\/\/assets.innpro.pl\/18163\/24121\/1.jpg\" border=\"0\" alt=\"Zestaw monta\u017cowy DJI Manifold 3 na jasnym tle.\" \/>\n<\/p>\n<h3>W zestawie<\/h3>\n<ul class=\"list-disc pl-5\">\n<li>Z\u0142\u0105cze (dla Matrice 4) \u00d71<\/li>\n<li>Kabel koncentryczny (dla Matrice 4) \u00d71<\/li>\n<li>\u015aruba z\u0142\u0105cza (dla Manifold 3) \u00d76<\/li>\n<li>\u015aruba kabla koncentrycznego (dla Manifold 3) \u00d72<\/li>\n<li>\u015arubokr\u0119t krzy\u017cakowy \u00d71<\/li>\n<li>Klucz imbusowy \u00d71<\/li>\n<\/ul>\n<div class=\"table-wrapper\">\n<p>\u00a0<\/p>\n<h3><\/h3>\n<table>\n<tbody>\n<tr>\n<th>Producent<\/th>\n<td>DJI Enterprise<\/td>\n<\/tr>\n<tr>\n<th>Kod produktu<\/th>\n<td>CP.EN.00000698.01<\/td>\n<\/tr>\n<tr>\n<th>Waga<\/th>\n<td>33,7 g (z\u0142\u0105cze + kabel + \u015bruby)<\/td>\n<\/tr>\n<tr>\n<th>Kompatybilno\u015b\u0107<\/th>\n<td>Manifold 3, DJI Matrice 4 Series<\/td>\n<\/tr>\n<\/tbody>\n<\/table>\n<\/div>\n","protected":false},"excerpt":{"rendered":"<p>Zestaw monta\u017cowy DJI Manifold 3 dla Matrice 4 Series Zestaw monta\u017cowy DJI Manifold 3 do dron\u00f3w z serii Matrice 4<\/p>\n","protected":false},"featured_media":50181,"comment_status":"closed","ping_status":"open","template":"","meta":{"_acf_changed":false},"product_brand":[],"product_cat":[6169,1088,1105],"product_tag":[],"class_list":{"0":"post-60956","1":"product","2":"type-product","3":"status-publish","4":"has-post-thumbnail","6":"product_cat-akcesoria-i-czesci","7":"product_cat-drony","8":"product_cat-przemyslowe","9":"pa_okres-gwarancji-5757","10":"pa_producent-dji-enterprise","12":"first","13":"instock","14":"taxable","15":"shipping-taxable","16":"purchasable","17":"product-type-simple"},"acf":[],"yoast_head":"<!-- This site is optimized with the Yoast SEO plugin v27.2 - https:\/\/yoast.com\/product\/yoast-seo-wordpress\/ -->\n<title>Zestaw monta\u017cowy DJI Manifold 3 dla Matrice 4 Series - IRONSKY.PL Sklep z Dronami<\/title>\n<meta name=\"description\" content=\"Zestaw monta\u017cowy DJI Manifold 3 dla Matrice 4 Series - \u2705 sklep z dronami i fachowym doradztwem. \u2705 Tutaj kupisz produkty DJI, Yuneec, Parrot, Syma i wiele innych, a tak\u017ce kursy i licencje na operatora drona.\" \/>\n<meta name=\"robots\" content=\"index, follow, max-snippet:-1, max-image-preview:large, max-video-preview:-1\" \/>\n<link rel=\"canonical\" href=\"https:\/\/ironsky.pl\/sklep\/produkt\/zestaw-montazowy-dji-manifold-3-dla-matrice-4-series-2\/\" \/>\n<meta property=\"og:locale\" content=\"pl_PL\" \/>\n<meta property=\"og:type\" content=\"article\" \/>\n<meta property=\"og:title\" content=\"Zestaw monta\u017cowy DJI Manifold 3 dla Matrice 4 Series - IRONSKY.PL Sklep z Dronami\" \/>\n<meta property=\"og:description\" content=\"Zestaw monta\u017cowy DJI Manifold 3 dla Matrice 4 Series - \u2705 sklep z dronami i fachowym doradztwem. \u2705 Tutaj kupisz produkty DJI, Yuneec, Parrot, Syma i wiele innych, a tak\u017ce kursy i licencje na operatora drona.\" \/>\n<meta property=\"og:url\" content=\"https:\/\/ironsky.pl\/sklep\/produkt\/zestaw-montazowy-dji-manifold-3-dla-matrice-4-series-2\/\" \/>\n<meta property=\"og:site_name\" content=\"IRONSKY.PL Sklep z Dronami\" \/>\n<meta property=\"article:modified_time\" content=\"2026-04-15T09:11:19+00:00\" \/>\n<meta property=\"og:image\" content=\"https:\/\/ironsky.pl\/sklep\/wp-content\/uploads\/2025\/10\/55271_1.jpg\" \/>\n\t<meta property=\"og:image:width\" content=\"800\" \/>\n\t<meta property=\"og:image:height\" content=\"800\" \/>\n\t<meta property=\"og:image:type\" content=\"image\/jpeg\" \/>\n<meta name=\"twitter:card\" content=\"summary_large_image\" \/>\n<meta name=\"twitter:label1\" content=\"Szacowany czas czytania\" \/>\n\t<meta name=\"twitter:data1\" content=\"1 minuta\" \/>\n<script type=\"application\/ld+json\" class=\"yoast-schema-graph\">{\"@context\":\"https:\/\/schema.org\",\"@graph\":[{\"@type\":\"WebPage\",\"@id\":\"https:\/\/ironsky.pl\/sklep\/produkt\/zestaw-montazowy-dji-manifold-3-dla-matrice-4-series-2\/\",\"url\":\"https:\/\/ironsky.pl\/sklep\/produkt\/zestaw-montazowy-dji-manifold-3-dla-matrice-4-series-2\/\",\"name\":\"Zestaw monta\u017cowy DJI Manifold 3 dla Matrice 4 Series - IRONSKY.PL Sklep z Dronami\",\"isPartOf\":{\"@id\":\"https:\/\/ironsky.pl\/sklep\/#website\"},\"primaryImageOfPage\":{\"@id\":\"https:\/\/ironsky.pl\/sklep\/produkt\/zestaw-montazowy-dji-manifold-3-dla-matrice-4-series-2\/#primaryimage\"},\"image\":{\"@id\":\"https:\/\/ironsky.pl\/sklep\/produkt\/zestaw-montazowy-dji-manifold-3-dla-matrice-4-series-2\/#primaryimage\"},\"thumbnailUrl\":\"https:\/\/ironsky.pl\/sklep\/wp-content\/uploads\/2025\/10\/55271_1.jpg\",\"datePublished\":\"2026-04-15T09:11:14+00:00\",\"dateModified\":\"2026-04-15T09:11:19+00:00\",\"description\":\"Zestaw monta\u017cowy DJI Manifold 3 dla Matrice 4 Series - \u2705 sklep z dronami i fachowym doradztwem. \u2705 Tutaj kupisz produkty DJI, Yuneec, Parrot, Syma i wiele innych, a tak\u017ce kursy i licencje na operatora drona.\",\"breadcrumb\":{\"@id\":\"https:\/\/ironsky.pl\/sklep\/produkt\/zestaw-montazowy-dji-manifold-3-dla-matrice-4-series-2\/#breadcrumb\"},\"inLanguage\":\"pl-PL\",\"potentialAction\":[{\"@type\":\"ReadAction\",\"target\":[\"https:\/\/ironsky.pl\/sklep\/produkt\/zestaw-montazowy-dji-manifold-3-dla-matrice-4-series-2\/\"]}]},{\"@type\":\"ImageObject\",\"inLanguage\":\"pl-PL\",\"@id\":\"https:\/\/ironsky.pl\/sklep\/produkt\/zestaw-montazowy-dji-manifold-3-dla-matrice-4-series-2\/#primaryimage\",\"url\":\"https:\/\/ironsky.pl\/sklep\/wp-content\/uploads\/2025\/10\/55271_1.jpg\",\"contentUrl\":\"https:\/\/ironsky.pl\/sklep\/wp-content\/uploads\/2025\/10\/55271_1.jpg\",\"width\":800,\"height\":800},{\"@type\":\"BreadcrumbList\",\"@id\":\"https:\/\/ironsky.pl\/sklep\/produkt\/zestaw-montazowy-dji-manifold-3-dla-matrice-4-series-2\/#breadcrumb\",\"itemListElement\":[{\"@type\":\"ListItem\",\"position\":1,\"name\":\"Strona g\u0142\u00f3wna\",\"item\":\"https:\/\/ironsky.pl\/sklep\/\"},{\"@type\":\"ListItem\",\"position\":2,\"name\":\"Wszystkie produkty\",\"item\":\"https:\/\/ironsky.pl\/sklep\/produkty\/\"},{\"@type\":\"ListItem\",\"position\":3,\"name\":\"Zestaw monta\u017cowy DJI Manifold 3 dla Matrice 4 Series\"}]},{\"@type\":\"WebSite\",\"@id\":\"https:\/\/ironsky.pl\/sklep\/#website\",\"url\":\"https:\/\/ironsky.pl\/sklep\/\",\"name\":\"IRONSKY.PL Sklep z Dronami\",\"description\":\"IRONSKY.PL Sklep z Dronami\",\"potentialAction\":[{\"@type\":\"SearchAction\",\"target\":{\"@type\":\"EntryPoint\",\"urlTemplate\":\"https:\/\/ironsky.pl\/sklep\/?s={search_term_string}\"},\"query-input\":{\"@type\":\"PropertyValueSpecification\",\"valueRequired\":true,\"valueName\":\"search_term_string\"}}],\"inLanguage\":\"pl-PL\"}]}<\/script>\n<!-- \/ Yoast SEO plugin. -->","yoast_head_json":{"title":"Zestaw monta\u017cowy DJI Manifold 3 dla Matrice 4 Series - IRONSKY.PL Sklep z Dronami","description":"Zestaw monta\u017cowy DJI Manifold 3 dla Matrice 4 Series - \u2705 sklep z dronami i fachowym doradztwem. \u2705 Tutaj kupisz produkty DJI, Yuneec, Parrot, Syma i wiele innych, a tak\u017ce kursy i licencje na operatora drona.","robots":{"index":"index","follow":"follow","max-snippet":"max-snippet:-1","max-image-preview":"max-image-preview:large","max-video-preview":"max-video-preview:-1"},"canonical":"https:\/\/ironsky.pl\/sklep\/produkt\/zestaw-montazowy-dji-manifold-3-dla-matrice-4-series-2\/","og_locale":"pl_PL","og_type":"article","og_title":"Zestaw monta\u017cowy DJI Manifold 3 dla Matrice 4 Series - IRONSKY.PL Sklep z Dronami","og_description":"Zestaw monta\u017cowy DJI Manifold 3 dla Matrice 4 Series - \u2705 sklep z dronami i fachowym doradztwem. \u2705 Tutaj kupisz produkty DJI, Yuneec, Parrot, Syma i wiele innych, a tak\u017ce kursy i licencje na operatora drona.","og_url":"https:\/\/ironsky.pl\/sklep\/produkt\/zestaw-montazowy-dji-manifold-3-dla-matrice-4-series-2\/","og_site_name":"IRONSKY.PL Sklep z Dronami","article_modified_time":"2026-04-15T09:11:19+00:00","og_image":[{"width":800,"height":800,"url":"https:\/\/ironsky.pl\/sklep\/wp-content\/uploads\/2025\/10\/55271_1.jpg","type":"image\/jpeg"}],"twitter_card":"summary_large_image","twitter_misc":{"Szacowany czas czytania":"1 minuta"},"schema":{"@context":"https:\/\/schema.org","@graph":[{"@type":"WebPage","@id":"https:\/\/ironsky.pl\/sklep\/produkt\/zestaw-montazowy-dji-manifold-3-dla-matrice-4-series-2\/","url":"https:\/\/ironsky.pl\/sklep\/produkt\/zestaw-montazowy-dji-manifold-3-dla-matrice-4-series-2\/","name":"Zestaw monta\u017cowy DJI Manifold 3 dla Matrice 4 Series - IRONSKY.PL Sklep z Dronami","isPartOf":{"@id":"https:\/\/ironsky.pl\/sklep\/#website"},"primaryImageOfPage":{"@id":"https:\/\/ironsky.pl\/sklep\/produkt\/zestaw-montazowy-dji-manifold-3-dla-matrice-4-series-2\/#primaryimage"},"image":{"@id":"https:\/\/ironsky.pl\/sklep\/produkt\/zestaw-montazowy-dji-manifold-3-dla-matrice-4-series-2\/#primaryimage"},"thumbnailUrl":"https:\/\/ironsky.pl\/sklep\/wp-content\/uploads\/2025\/10\/55271_1.jpg","datePublished":"2026-04-15T09:11:14+00:00","dateModified":"2026-04-15T09:11:19+00:00","description":"Zestaw monta\u017cowy DJI Manifold 3 dla Matrice 4 Series - \u2705 sklep z dronami i fachowym doradztwem. \u2705 Tutaj kupisz produkty DJI, Yuneec, Parrot, Syma i wiele innych, a tak\u017ce kursy i licencje na operatora drona.","breadcrumb":{"@id":"https:\/\/ironsky.pl\/sklep\/produkt\/zestaw-montazowy-dji-manifold-3-dla-matrice-4-series-2\/#breadcrumb"},"inLanguage":"pl-PL","potentialAction":[{"@type":"ReadAction","target":["https:\/\/ironsky.pl\/sklep\/produkt\/zestaw-montazowy-dji-manifold-3-dla-matrice-4-series-2\/"]}]},{"@type":"ImageObject","inLanguage":"pl-PL","@id":"https:\/\/ironsky.pl\/sklep\/produkt\/zestaw-montazowy-dji-manifold-3-dla-matrice-4-series-2\/#primaryimage","url":"https:\/\/ironsky.pl\/sklep\/wp-content\/uploads\/2025\/10\/55271_1.jpg","contentUrl":"https:\/\/ironsky.pl\/sklep\/wp-content\/uploads\/2025\/10\/55271_1.jpg","width":800,"height":800},{"@type":"BreadcrumbList","@id":"https:\/\/ironsky.pl\/sklep\/produkt\/zestaw-montazowy-dji-manifold-3-dla-matrice-4-series-2\/#breadcrumb","itemListElement":[{"@type":"ListItem","position":1,"name":"Strona g\u0142\u00f3wna","item":"https:\/\/ironsky.pl\/sklep\/"},{"@type":"ListItem","position":2,"name":"Wszystkie produkty","item":"https:\/\/ironsky.pl\/sklep\/produkty\/"},{"@type":"ListItem","position":3,"name":"Zestaw monta\u017cowy DJI Manifold 3 dla Matrice 4 Series"}]},{"@type":"WebSite","@id":"https:\/\/ironsky.pl\/sklep\/#website","url":"https:\/\/ironsky.pl\/sklep\/","name":"IRONSKY.PL Sklep z Dronami","description":"IRONSKY.PL Sklep z Dronami","potentialAction":[{"@type":"SearchAction","target":{"@type":"EntryPoint","urlTemplate":"https:\/\/ironsky.pl\/sklep\/?s={search_term_string}"},"query-input":{"@type":"PropertyValueSpecification","valueRequired":true,"valueName":"search_term_string"}}],"inLanguage":"pl-PL"}]}},"_links":{"self":[{"href":"https:\/\/ironsky.pl\/sklep\/wp-json\/wp\/v2\/product\/60956","targetHints":{"allow":["GET"]}}],"collection":[{"href":"https:\/\/ironsky.pl\/sklep\/wp-json\/wp\/v2\/product"}],"about":[{"href":"https:\/\/ironsky.pl\/sklep\/wp-json\/wp\/v2\/types\/product"}],"replies":[{"embeddable":true,"href":"https:\/\/ironsky.pl\/sklep\/wp-json\/wp\/v2\/comments?post=60956"}],"wp:featuredmedia":[{"embeddable":true,"href":"https:\/\/ironsky.pl\/sklep\/wp-json\/wp\/v2\/media\/50181"}],"wp:attachment":[{"href":"https:\/\/ironsky.pl\/sklep\/wp-json\/wp\/v2\/media?parent=60956"}],"wp:term":[{"taxonomy":"product_brand","embeddable":true,"href":"https:\/\/ironsky.pl\/sklep\/wp-json\/wp\/v2\/product_brand?post=60956"},{"taxonomy":"product_cat","embeddable":true,"href":"https:\/\/ironsky.pl\/sklep\/wp-json\/wp\/v2\/product_cat?post=60956"},{"taxonomy":"product_tag","embeddable":true,"href":"https:\/\/ironsky.pl\/sklep\/wp-json\/wp\/v2\/product_tag?post=60956"}],"curies":[{"name":"wp","href":"https:\/\/api.w.org\/{rel}","templated":true}]}}