{"id":60948,"date":"2026-04-15T11:10:49","date_gmt":"2026-04-15T09:10:49","guid":{"rendered":"https:\/\/ironsky.pl\/sklep\/produkt\/pierscien-bazowy-z-dekielkiem-freewell-52mm-real-locking-vnd\/"},"modified":"2026-04-15T11:11:08","modified_gmt":"2026-04-15T09:11:08","slug":"pierscien-bazowy-z-dekielkiem-freewell-52mm-real-locking-vnd","status":"publish","type":"product","link":"https:\/\/ironsky.pl\/sklep\/produkt\/pierscien-bazowy-z-dekielkiem-freewell-52mm-real-locking-vnd\/","title":{"rendered":"Pier\u015bcie\u0144 bazowy z dekielkiem FREEWELL 52mm Real Locking VND"},"content":{"rendered":"<h3>Pier\u015bcie\u0144 bazowy z dekielkiem Freewell 52 mm do Real Locking VND<\/h3>\n<p>Pier\u015bcie\u0144 bazowy Freewell 52 mm to niezb\u0119dny element systemu Real Locking VND\/CPL, kt\u00f3ry umo\u017cliwia bezpieczny i szybki monta\u017c filtr\u00f3w na obiektywie. Wykonany z precyzyjnie frezowanego aluminium, zapewnia solidne mocowanie i kompatybilno\u015b\u0107 z pozosta\u0142ymi elementami systemu \u2013 od filtr\u00f3w VND po nak\u0142adki. Model 52 mm pasuje do obiektyw\u00f3w z takim w\u0142a\u015bnie gwintem i umo\u017cliwia rozszerzenie systemu na mniejsze \u015brednice.<\/p>\n<p>\n<img decoding=\"async\" src=\"https:\/\/assets.innpro.pl\/18271\/24253\/1.jpg\" border=\"0\" alt=\"Trzymana w d\u0142oni os\u0142ona Freewell NFC.\" \/>\n<\/p>\n<h3>Os\u0142ona z NFC \u2013 ochrona i szybki dost\u0119p do informacji<\/h3>\n<p>W zestawie znajduje si\u0119 dwuzatrzaskowa za\u015blepka ochronna z wbudowanym modu\u0142em NFC. Umo\u017cliwia ona b\u0142yskawiczny dost\u0119p do instrukcji obs\u0142ugi, gwarancji i materia\u0142\u00f3w wsparcia technicznego \u2013 wystarczy zbli\u017cy\u0107 smartfon. Sama os\u0142ona skutecznie zabezpiecza soczewk\u0119 lub zamontowany filtr przed kurzem, zarysowaniami i uszkodzeniami mechanicznymi w czasie transportu.<\/p>\n<p>\n<img decoding=\"async\" src=\"https:\/\/assets.innpro.pl\/18271\/24253\/4.jpg\" border=\"0\" alt=\"Czarno-czerwona os\u0142ona NFC Freewell na jasnym tle.\" \/>\n<\/p>\n<h3>Mo\u017cliwo\u015b\u0107 rozbudowy<\/h3>\n<p>Pier\u015bcie\u0144 bazowy stanowi podstaw\u0119 do rozbudowy zestawu filtr\u00f3w Freewell Real Locking. Dost\u0119pny jest w r\u00f3\u017cnych rozmiarach (od 49 mm do 82 mm), co pozwala dopasowa\u0107 system do r\u00f3\u017cnych obiektyw\u00f3w. Dzi\u0119ki temu mo\u017cesz korzysta\u0107 z jednego zestawu filtr\u00f3w na wielu aparatach, zachowuj\u0105c kompatybilno\u015b\u0107 i wygod\u0119 pracy.<\/p>\n<p>\n<img decoding=\"async\" src=\"https:\/\/assets.innpro.pl\/18271\/24253\/2.jpg\" border=\"0\" alt=\"Pier\u015bcie\u0144 bazowy i os\u0142ona z NFC Freewell na jasnym tle.\" \/>\n<\/p>\n<h3>W zestawie<\/h3>\n<ul class=\"list-disc pl-5\">\n<li>pier\u015bcie\u0144 bazowy<\/li>\n<li>os\u0142ona z NFC<\/li>\n<\/ul>\n<div class=\"table-wrapper\">\n<p>\u00a0<\/p>\n<h3><\/h3>\n<table>\n<tbody>\n<tr>\n<th>Producent<\/th>\n<td>Freewell<\/td>\n<\/tr>\n<tr>\n<th>Kod produktu<\/th>\n<td>FW-L1-BL52<\/td>\n<\/tr>\n<tr>\n<th>Wymiary pier\u015bcienia<\/th>\n<td>\u015brednica zewn\u0119trzna 89.3 mm, grubo\u015b\u0107 4.8 mm<\/td>\n<\/tr>\n<tr>\n<th>Waga pier\u015bcienia<\/th>\n<td>5.7 g<\/td>\n<\/tr>\n<tr>\n<th>Wymiary os\u0142ony z NFC<\/th>\n<td>\u015brednica zewn\u0119trzna 102.9 mm, grubo\u015b\u0107 6.1 mm<\/td>\n<\/tr>\n<tr>\n<th>Waga os\u0142ony z NFC<\/th>\n<td>25.9 g<\/td>\n<\/tr>\n<\/tbody>\n<\/table>\n<\/div>\n","protected":false},"excerpt":{"rendered":"<p>Pier\u015bcie\u0144 bazowy z dekielkiem Freewell 52 mm do Real Locking VND Pier\u015bcie\u0144 bazowy Freewell 52 mm to niezb\u0119dny element systemu<\/p>\n","protected":false},"featured_media":50163,"comment_status":"closed","ping_status":"open","template":"","meta":{"_acf_changed":false},"product_brand":[],"product_cat":[1130,6174,1128],"product_tag":[],"class_list":{"0":"post-60948","1":"product","2":"type-product","3":"status-publish","4":"has-post-thumbnail","6":"product_cat-akcesoria-foto","7":"product_cat-do-aparatow-i-kamer","8":"product_cat-foto-wideo","9":"pa_okres-gwarancji-5754","10":"pa_producent-freewell","12":"first","13":"outofstock","14":"taxable","15":"shipping-taxable","16":"purchasable","17":"product-type-simple"},"acf":[],"yoast_head":"<!-- This site is optimized with the Yoast SEO plugin v27.2 - https:\/\/yoast.com\/product\/yoast-seo-wordpress\/ -->\n<title>Pier\u015bcie\u0144 bazowy z dekielkiem FREEWELL 52mm Real Locking VND - IRONSKY.PL Sklep z Dronami<\/title>\n<meta name=\"description\" content=\"Pier\u015bcie\u0144 bazowy z dekielkiem FREEWELL 52mm Real Locking VND - \u2705 sklep z dronami i fachowym doradztwem. \u2705 Tutaj kupisz produkty DJI, Yuneec, Parrot, Syma i wiele innych, a tak\u017ce kursy i licencje na operatora drona.\" \/>\n<meta name=\"robots\" content=\"index, follow, max-snippet:-1, max-image-preview:large, max-video-preview:-1\" \/>\n<link rel=\"canonical\" href=\"https:\/\/ironsky.pl\/sklep\/produkt\/pierscien-bazowy-z-dekielkiem-freewell-52mm-real-locking-vnd\/\" \/>\n<meta property=\"og:locale\" content=\"pl_PL\" \/>\n<meta property=\"og:type\" content=\"article\" \/>\n<meta property=\"og:title\" content=\"Pier\u015bcie\u0144 bazowy z dekielkiem FREEWELL 52mm Real Locking VND - IRONSKY.PL Sklep z Dronami\" \/>\n<meta property=\"og:description\" content=\"Pier\u015bcie\u0144 bazowy z dekielkiem FREEWELL 52mm Real Locking VND - \u2705 sklep z dronami i fachowym doradztwem. \u2705 Tutaj kupisz produkty DJI, Yuneec, Parrot, Syma i wiele innych, a tak\u017ce kursy i licencje na operatora drona.\" \/>\n<meta property=\"og:url\" content=\"https:\/\/ironsky.pl\/sklep\/produkt\/pierscien-bazowy-z-dekielkiem-freewell-52mm-real-locking-vnd\/\" \/>\n<meta property=\"og:site_name\" content=\"IRONSKY.PL Sklep z Dronami\" \/>\n<meta property=\"article:modified_time\" content=\"2026-04-15T09:11:08+00:00\" \/>\n<meta property=\"og:image\" content=\"https:\/\/ironsky.pl\/sklep\/wp-content\/uploads\/2025\/10\/55017_1.jpg\" \/>\n\t<meta property=\"og:image:width\" content=\"800\" \/>\n\t<meta property=\"og:image:height\" content=\"800\" \/>\n\t<meta property=\"og:image:type\" content=\"image\/jpeg\" \/>\n<meta name=\"twitter:card\" content=\"summary_large_image\" \/>\n<meta name=\"twitter:label1\" content=\"Szacowany czas czytania\" \/>\n\t<meta name=\"twitter:data1\" content=\"1 minuta\" \/>\n<script type=\"application\/ld+json\" class=\"yoast-schema-graph\">{\"@context\":\"https:\/\/schema.org\",\"@graph\":[{\"@type\":\"WebPage\",\"@id\":\"https:\/\/ironsky.pl\/sklep\/produkt\/pierscien-bazowy-z-dekielkiem-freewell-52mm-real-locking-vnd\/\",\"url\":\"https:\/\/ironsky.pl\/sklep\/produkt\/pierscien-bazowy-z-dekielkiem-freewell-52mm-real-locking-vnd\/\",\"name\":\"Pier\u015bcie\u0144 bazowy z dekielkiem FREEWELL 52mm Real Locking VND - IRONSKY.PL Sklep z Dronami\",\"isPartOf\":{\"@id\":\"https:\/\/ironsky.pl\/sklep\/#website\"},\"primaryImageOfPage\":{\"@id\":\"https:\/\/ironsky.pl\/sklep\/produkt\/pierscien-bazowy-z-dekielkiem-freewell-52mm-real-locking-vnd\/#primaryimage\"},\"image\":{\"@id\":\"https:\/\/ironsky.pl\/sklep\/produkt\/pierscien-bazowy-z-dekielkiem-freewell-52mm-real-locking-vnd\/#primaryimage\"},\"thumbnailUrl\":\"https:\/\/ironsky.pl\/sklep\/wp-content\/uploads\/2025\/10\/55017_1.jpg\",\"datePublished\":\"2026-04-15T09:10:49+00:00\",\"dateModified\":\"2026-04-15T09:11:08+00:00\",\"description\":\"Pier\u015bcie\u0144 bazowy z dekielkiem FREEWELL 52mm Real Locking VND - \u2705 sklep z dronami i fachowym doradztwem. \u2705 Tutaj kupisz produkty DJI, Yuneec, Parrot, Syma i wiele innych, a tak\u017ce kursy i licencje na operatora drona.\",\"breadcrumb\":{\"@id\":\"https:\/\/ironsky.pl\/sklep\/produkt\/pierscien-bazowy-z-dekielkiem-freewell-52mm-real-locking-vnd\/#breadcrumb\"},\"inLanguage\":\"pl-PL\",\"potentialAction\":[{\"@type\":\"ReadAction\",\"target\":[\"https:\/\/ironsky.pl\/sklep\/produkt\/pierscien-bazowy-z-dekielkiem-freewell-52mm-real-locking-vnd\/\"]}]},{\"@type\":\"ImageObject\",\"inLanguage\":\"pl-PL\",\"@id\":\"https:\/\/ironsky.pl\/sklep\/produkt\/pierscien-bazowy-z-dekielkiem-freewell-52mm-real-locking-vnd\/#primaryimage\",\"url\":\"https:\/\/ironsky.pl\/sklep\/wp-content\/uploads\/2025\/10\/55017_1.jpg\",\"contentUrl\":\"https:\/\/ironsky.pl\/sklep\/wp-content\/uploads\/2025\/10\/55017_1.jpg\",\"width\":800,\"height\":800},{\"@type\":\"BreadcrumbList\",\"@id\":\"https:\/\/ironsky.pl\/sklep\/produkt\/pierscien-bazowy-z-dekielkiem-freewell-52mm-real-locking-vnd\/#breadcrumb\",\"itemListElement\":[{\"@type\":\"ListItem\",\"position\":1,\"name\":\"Strona g\u0142\u00f3wna\",\"item\":\"https:\/\/ironsky.pl\/sklep\/\"},{\"@type\":\"ListItem\",\"position\":2,\"name\":\"Wszystkie produkty\",\"item\":\"https:\/\/ironsky.pl\/sklep\/produkty\/\"},{\"@type\":\"ListItem\",\"position\":3,\"name\":\"Pier\u015bcie\u0144 bazowy z dekielkiem FREEWELL 52mm Real Locking VND\"}]},{\"@type\":\"WebSite\",\"@id\":\"https:\/\/ironsky.pl\/sklep\/#website\",\"url\":\"https:\/\/ironsky.pl\/sklep\/\",\"name\":\"IRONSKY.PL Sklep z Dronami\",\"description\":\"IRONSKY.PL Sklep z Dronami\",\"potentialAction\":[{\"@type\":\"SearchAction\",\"target\":{\"@type\":\"EntryPoint\",\"urlTemplate\":\"https:\/\/ironsky.pl\/sklep\/?s={search_term_string}\"},\"query-input\":{\"@type\":\"PropertyValueSpecification\",\"valueRequired\":true,\"valueName\":\"search_term_string\"}}],\"inLanguage\":\"pl-PL\"}]}<\/script>\n<!-- \/ Yoast SEO plugin. -->","yoast_head_json":{"title":"Pier\u015bcie\u0144 bazowy z dekielkiem FREEWELL 52mm Real Locking VND - IRONSKY.PL Sklep z Dronami","description":"Pier\u015bcie\u0144 bazowy z dekielkiem FREEWELL 52mm Real Locking VND - \u2705 sklep z dronami i fachowym doradztwem. \u2705 Tutaj kupisz produkty DJI, Yuneec, Parrot, Syma i wiele innych, a tak\u017ce kursy i licencje na operatora drona.","robots":{"index":"index","follow":"follow","max-snippet":"max-snippet:-1","max-image-preview":"max-image-preview:large","max-video-preview":"max-video-preview:-1"},"canonical":"https:\/\/ironsky.pl\/sklep\/produkt\/pierscien-bazowy-z-dekielkiem-freewell-52mm-real-locking-vnd\/","og_locale":"pl_PL","og_type":"article","og_title":"Pier\u015bcie\u0144 bazowy z dekielkiem FREEWELL 52mm Real Locking VND - IRONSKY.PL Sklep z Dronami","og_description":"Pier\u015bcie\u0144 bazowy z dekielkiem FREEWELL 52mm Real Locking VND - \u2705 sklep z dronami i fachowym doradztwem. \u2705 Tutaj kupisz produkty DJI, Yuneec, Parrot, Syma i wiele innych, a tak\u017ce kursy i licencje na operatora drona.","og_url":"https:\/\/ironsky.pl\/sklep\/produkt\/pierscien-bazowy-z-dekielkiem-freewell-52mm-real-locking-vnd\/","og_site_name":"IRONSKY.PL Sklep z Dronami","article_modified_time":"2026-04-15T09:11:08+00:00","og_image":[{"width":800,"height":800,"url":"https:\/\/ironsky.pl\/sklep\/wp-content\/uploads\/2025\/10\/55017_1.jpg","type":"image\/jpeg"}],"twitter_card":"summary_large_image","twitter_misc":{"Szacowany czas czytania":"1 minuta"},"schema":{"@context":"https:\/\/schema.org","@graph":[{"@type":"WebPage","@id":"https:\/\/ironsky.pl\/sklep\/produkt\/pierscien-bazowy-z-dekielkiem-freewell-52mm-real-locking-vnd\/","url":"https:\/\/ironsky.pl\/sklep\/produkt\/pierscien-bazowy-z-dekielkiem-freewell-52mm-real-locking-vnd\/","name":"Pier\u015bcie\u0144 bazowy z dekielkiem FREEWELL 52mm Real Locking VND - IRONSKY.PL Sklep z Dronami","isPartOf":{"@id":"https:\/\/ironsky.pl\/sklep\/#website"},"primaryImageOfPage":{"@id":"https:\/\/ironsky.pl\/sklep\/produkt\/pierscien-bazowy-z-dekielkiem-freewell-52mm-real-locking-vnd\/#primaryimage"},"image":{"@id":"https:\/\/ironsky.pl\/sklep\/produkt\/pierscien-bazowy-z-dekielkiem-freewell-52mm-real-locking-vnd\/#primaryimage"},"thumbnailUrl":"https:\/\/ironsky.pl\/sklep\/wp-content\/uploads\/2025\/10\/55017_1.jpg","datePublished":"2026-04-15T09:10:49+00:00","dateModified":"2026-04-15T09:11:08+00:00","description":"Pier\u015bcie\u0144 bazowy z dekielkiem FREEWELL 52mm Real Locking VND - \u2705 sklep z dronami i fachowym doradztwem. \u2705 Tutaj kupisz produkty DJI, Yuneec, Parrot, Syma i wiele innych, a tak\u017ce kursy i licencje na operatora drona.","breadcrumb":{"@id":"https:\/\/ironsky.pl\/sklep\/produkt\/pierscien-bazowy-z-dekielkiem-freewell-52mm-real-locking-vnd\/#breadcrumb"},"inLanguage":"pl-PL","potentialAction":[{"@type":"ReadAction","target":["https:\/\/ironsky.pl\/sklep\/produkt\/pierscien-bazowy-z-dekielkiem-freewell-52mm-real-locking-vnd\/"]}]},{"@type":"ImageObject","inLanguage":"pl-PL","@id":"https:\/\/ironsky.pl\/sklep\/produkt\/pierscien-bazowy-z-dekielkiem-freewell-52mm-real-locking-vnd\/#primaryimage","url":"https:\/\/ironsky.pl\/sklep\/wp-content\/uploads\/2025\/10\/55017_1.jpg","contentUrl":"https:\/\/ironsky.pl\/sklep\/wp-content\/uploads\/2025\/10\/55017_1.jpg","width":800,"height":800},{"@type":"BreadcrumbList","@id":"https:\/\/ironsky.pl\/sklep\/produkt\/pierscien-bazowy-z-dekielkiem-freewell-52mm-real-locking-vnd\/#breadcrumb","itemListElement":[{"@type":"ListItem","position":1,"name":"Strona g\u0142\u00f3wna","item":"https:\/\/ironsky.pl\/sklep\/"},{"@type":"ListItem","position":2,"name":"Wszystkie produkty","item":"https:\/\/ironsky.pl\/sklep\/produkty\/"},{"@type":"ListItem","position":3,"name":"Pier\u015bcie\u0144 bazowy z dekielkiem FREEWELL 52mm Real Locking VND"}]},{"@type":"WebSite","@id":"https:\/\/ironsky.pl\/sklep\/#website","url":"https:\/\/ironsky.pl\/sklep\/","name":"IRONSKY.PL Sklep z Dronami","description":"IRONSKY.PL Sklep z Dronami","potentialAction":[{"@type":"SearchAction","target":{"@type":"EntryPoint","urlTemplate":"https:\/\/ironsky.pl\/sklep\/?s={search_term_string}"},"query-input":{"@type":"PropertyValueSpecification","valueRequired":true,"valueName":"search_term_string"}}],"inLanguage":"pl-PL"}]}},"_links":{"self":[{"href":"https:\/\/ironsky.pl\/sklep\/wp-json\/wp\/v2\/product\/60948","targetHints":{"allow":["GET"]}}],"collection":[{"href":"https:\/\/ironsky.pl\/sklep\/wp-json\/wp\/v2\/product"}],"about":[{"href":"https:\/\/ironsky.pl\/sklep\/wp-json\/wp\/v2\/types\/product"}],"replies":[{"embeddable":true,"href":"https:\/\/ironsky.pl\/sklep\/wp-json\/wp\/v2\/comments?post=60948"}],"wp:featuredmedia":[{"embeddable":true,"href":"https:\/\/ironsky.pl\/sklep\/wp-json\/wp\/v2\/media\/50163"}],"wp:attachment":[{"href":"https:\/\/ironsky.pl\/sklep\/wp-json\/wp\/v2\/media?parent=60948"}],"wp:term":[{"taxonomy":"product_brand","embeddable":true,"href":"https:\/\/ironsky.pl\/sklep\/wp-json\/wp\/v2\/product_brand?post=60948"},{"taxonomy":"product_cat","embeddable":true,"href":"https:\/\/ironsky.pl\/sklep\/wp-json\/wp\/v2\/product_cat?post=60948"},{"taxonomy":"product_tag","embeddable":true,"href":"https:\/\/ironsky.pl\/sklep\/wp-json\/wp\/v2\/product_tag?post=60948"}],"curies":[{"name":"wp","href":"https:\/\/api.w.org\/{rel}","templated":true}]}}