{"id":60937,"date":"2026-04-15T11:10:49","date_gmt":"2026-04-15T09:10:49","guid":{"rendered":"https:\/\/ironsky.pl\/sklep\/produkt\/oslona-przeciwsloneczna-freewell-fuji-x100-series-czarna\/"},"modified":"2026-04-15T11:10:54","modified_gmt":"2026-04-15T09:10:54","slug":"oslona-przeciwsloneczna-freewell-fuji-x100-series-czarna","status":"publish","type":"product","link":"https:\/\/ironsky.pl\/sklep\/produkt\/oslona-przeciwsloneczna-freewell-fuji-x100-series-czarna\/","title":{"rendered":"Os\u0142ona przeciws\u0142oneczna FREEWELL Fuji X100 Series (czarna)"},"content":{"rendered":"<h3>Os\u0142ona przeciws\u0142oneczna Freewell do Fuji X100 Series (czarna)<\/h3>\n<p>Os\u0142ona przeciws\u0142oneczna Freewell do Fuji X100 Series oferuje ochron\u0119 obiektywu i wbudowany filtr CPL\/Black Mist (49 mm). Filtr polaryzacyjny redukuje odblaski i poprawia nasycenie kolor\u00f3w, co sprawdza si\u0119 mi\u0119dzy innymi przy fotografii krajobrazowej. Efekt Black Mist zmi\u0119kcza \u015bwiat\u0142o i doskonale nadaje si\u0119 do portret\u00f3w i uj\u0119\u0107 miejskich.<\/p>\n<p>\n<img decoding=\"async\" src=\"https:\/\/assets.innpro.pl\/18250\/24230\/6.jpg\" border=\"0\" alt=\"Trzymany w d\u0142oni aparat z na\u0142o\u017con\u0105 os\u0142on\u0105 przeciws\u0142oneczn\u0105.\" \/>\n<\/p>\n<h3>Szybka regulacja i \u0142atwa wymiana filtr\u00f3w<\/h3>\n<p>Zastosowany pier\u015bcie\u0144 CPL umo\u017cliwia szybk\u0105 i wygodn\u0105 regulacj\u0119 filtra \u2013 wystarczy obr\u00f3t za pomoc\u0105 dw\u00f3ch uchwyt\u00f3w. Sam\u0105 os\u0142on\u0119 mo\u017cna \u0142atwo otworzy\u0107 i wymieni\u0107 filtr bez ca\u0142kowitego demonta\u017cu. System jest kompatybilny z innymi filtrami o \u015brednicy 49 mm.<\/p>\n<p>\n<img decoding=\"async\" src=\"https:\/\/assets.innpro.pl\/18250\/24230\/4.jpg\" border=\"0\" alt=\"Umieszczony na drewnianym stole aparat z zamontowan\u0105 os\u0142on\u0105 przeciws\u0142oneczn\u0105 Freewell.\" \/>\n<\/p>\n<h3>Lekka, trwa\u0142a i gotowa do dzia\u0142ania<\/h3>\n<p>Wykonana z aluminium CNC os\u0142ona jest lekka i solidna, dzi\u0119ki czemu stanowi skuteczn\u0105 ochron\u0119 przed kurzem i uszkodzeniami mechanicznymi. Do\u0142\u0105czona magnetyczna za\u015blepka z technologi\u0105 NFC u\u0142atwia szybki dost\u0119p do instrukcji, wystarczy zbli\u017cy\u0107 do niej smartfon. Ca\u0142o\u015b\u0107 zosta\u0142a zaprojektowana z my\u015bl\u0105 o wygodnym fotografowaniu w ka\u017cdych warunkach.<\/p>\n<p>\n<img decoding=\"async\" src=\"https:\/\/assets.innpro.pl\/18250\/24230\/3.jpg\" border=\"0\" alt=\"Instrukcja monta\u017cu os\u0142ony przeciws\u0142onecznej i za\u015blepki magnetycznej Freewell.\" \/>\n<\/p>\n<h3>W zestawie<\/h3>\n<ul class=\"list-disc pl-5\">\n<li>os\u0142ona przeciws\u0142oneczna<\/li>\n<li>filtr CPL\/Gmist<\/li>\n<li>magnetyczna za\u015blepka NFC<\/li>\n<li>\u015bciereczka do czyszczenia<\/li>\n<\/ul>\n<div class=\"table-wrapper\">\n<p>\u00a0<\/p>\n<h3><\/h3>\n<table>\n<tbody>\n<tr>\n<th>Producent<\/th>\n<td>Freewell<\/td>\n<\/tr>\n<tr>\n<th>Kod produktu<\/th>\n<td>FW-FU-XBR<\/td>\n<\/tr>\n<tr>\n<th>Kompatybilno\u015b\u0107<\/th>\n<td>Fuji X100 Series<\/td>\n<\/tr>\n<\/tbody>\n<\/table>\n<\/div>\n","protected":false},"excerpt":{"rendered":"<p>Os\u0142ona przeciws\u0142oneczna Freewell do Fuji X100 Series (czarna) Os\u0142ona przeciws\u0142oneczna Freewell do Fuji X100 Series oferuje ochron\u0119 obiektywu i wbudowany<\/p>\n","protected":false},"featured_media":50127,"comment_status":"closed","ping_status":"open","template":"","meta":{"_acf_changed":false},"product_brand":[],"product_cat":[6216,6211,1128],"product_tag":[],"class_list":{"0":"post-60937","1":"product","2":"type-product","3":"status-publish","4":"has-post-thumbnail","6":"product_cat-do-lustrzanek-filtry","7":"product_cat-filtry","8":"product_cat-foto-wideo","9":"pa_okres-gwarancji-5754","10":"pa_producent-freewell","12":"first","13":"outofstock","14":"taxable","15":"shipping-taxable","16":"purchasable","17":"product-type-simple"},"acf":[],"yoast_head":"<!-- This site is optimized with the Yoast SEO plugin v27.2 - https:\/\/yoast.com\/product\/yoast-seo-wordpress\/ -->\n<title>Os\u0142ona przeciws\u0142oneczna FREEWELL Fuji X100 Series (czarna) - IRONSKY.PL Sklep z Dronami<\/title>\n<meta name=\"description\" content=\"Os\u0142ona przeciws\u0142oneczna FREEWELL Fuji X100 Series (czarna) - \u2705 sklep z dronami i fachowym doradztwem. \u2705 Tutaj kupisz produkty DJI, Yuneec, Parrot, Syma i wiele innych, a tak\u017ce kursy i licencje na operatora drona.\" \/>\n<meta name=\"robots\" content=\"index, follow, max-snippet:-1, max-image-preview:large, max-video-preview:-1\" \/>\n<link rel=\"canonical\" href=\"https:\/\/ironsky.pl\/sklep\/produkt\/oslona-przeciwsloneczna-freewell-fuji-x100-series-czarna\/\" \/>\n<meta property=\"og:locale\" content=\"pl_PL\" \/>\n<meta property=\"og:type\" content=\"article\" \/>\n<meta property=\"og:title\" content=\"Os\u0142ona przeciws\u0142oneczna FREEWELL Fuji X100 Series (czarna) - IRONSKY.PL Sklep z Dronami\" \/>\n<meta property=\"og:description\" content=\"Os\u0142ona przeciws\u0142oneczna FREEWELL Fuji X100 Series (czarna) - \u2705 sklep z dronami i fachowym doradztwem. \u2705 Tutaj kupisz produkty DJI, Yuneec, Parrot, Syma i wiele innych, a tak\u017ce kursy i licencje na operatora drona.\" \/>\n<meta property=\"og:url\" content=\"https:\/\/ironsky.pl\/sklep\/produkt\/oslona-przeciwsloneczna-freewell-fuji-x100-series-czarna\/\" \/>\n<meta property=\"og:site_name\" content=\"IRONSKY.PL Sklep z Dronami\" \/>\n<meta property=\"article:modified_time\" content=\"2026-04-15T09:10:54+00:00\" \/>\n<meta property=\"og:image\" content=\"https:\/\/ironsky.pl\/sklep\/wp-content\/uploads\/2025\/10\/54992_1.jpg\" \/>\n\t<meta property=\"og:image:width\" content=\"800\" \/>\n\t<meta property=\"og:image:height\" content=\"800\" \/>\n\t<meta property=\"og:image:type\" content=\"image\/jpeg\" \/>\n<meta name=\"twitter:card\" content=\"summary_large_image\" \/>\n<meta name=\"twitter:label1\" content=\"Szacowany czas czytania\" \/>\n\t<meta name=\"twitter:data1\" content=\"1 minuta\" \/>\n<script type=\"application\/ld+json\" class=\"yoast-schema-graph\">{\"@context\":\"https:\/\/schema.org\",\"@graph\":[{\"@type\":\"WebPage\",\"@id\":\"https:\/\/ironsky.pl\/sklep\/produkt\/oslona-przeciwsloneczna-freewell-fuji-x100-series-czarna\/\",\"url\":\"https:\/\/ironsky.pl\/sklep\/produkt\/oslona-przeciwsloneczna-freewell-fuji-x100-series-czarna\/\",\"name\":\"Os\u0142ona przeciws\u0142oneczna FREEWELL Fuji X100 Series (czarna) - IRONSKY.PL Sklep z Dronami\",\"isPartOf\":{\"@id\":\"https:\/\/ironsky.pl\/sklep\/#website\"},\"primaryImageOfPage\":{\"@id\":\"https:\/\/ironsky.pl\/sklep\/produkt\/oslona-przeciwsloneczna-freewell-fuji-x100-series-czarna\/#primaryimage\"},\"image\":{\"@id\":\"https:\/\/ironsky.pl\/sklep\/produkt\/oslona-przeciwsloneczna-freewell-fuji-x100-series-czarna\/#primaryimage\"},\"thumbnailUrl\":\"https:\/\/ironsky.pl\/sklep\/wp-content\/uploads\/2025\/10\/54992_1.jpg\",\"datePublished\":\"2026-04-15T09:10:49+00:00\",\"dateModified\":\"2026-04-15T09:10:54+00:00\",\"description\":\"Os\u0142ona przeciws\u0142oneczna FREEWELL Fuji X100 Series (czarna) - \u2705 sklep z dronami i fachowym doradztwem. \u2705 Tutaj kupisz produkty DJI, Yuneec, Parrot, Syma i wiele innych, a tak\u017ce kursy i licencje na operatora drona.\",\"breadcrumb\":{\"@id\":\"https:\/\/ironsky.pl\/sklep\/produkt\/oslona-przeciwsloneczna-freewell-fuji-x100-series-czarna\/#breadcrumb\"},\"inLanguage\":\"pl-PL\",\"potentialAction\":[{\"@type\":\"ReadAction\",\"target\":[\"https:\/\/ironsky.pl\/sklep\/produkt\/oslona-przeciwsloneczna-freewell-fuji-x100-series-czarna\/\"]}]},{\"@type\":\"ImageObject\",\"inLanguage\":\"pl-PL\",\"@id\":\"https:\/\/ironsky.pl\/sklep\/produkt\/oslona-przeciwsloneczna-freewell-fuji-x100-series-czarna\/#primaryimage\",\"url\":\"https:\/\/ironsky.pl\/sklep\/wp-content\/uploads\/2025\/10\/54992_1.jpg\",\"contentUrl\":\"https:\/\/ironsky.pl\/sklep\/wp-content\/uploads\/2025\/10\/54992_1.jpg\",\"width\":800,\"height\":800},{\"@type\":\"BreadcrumbList\",\"@id\":\"https:\/\/ironsky.pl\/sklep\/produkt\/oslona-przeciwsloneczna-freewell-fuji-x100-series-czarna\/#breadcrumb\",\"itemListElement\":[{\"@type\":\"ListItem\",\"position\":1,\"name\":\"Strona g\u0142\u00f3wna\",\"item\":\"https:\/\/ironsky.pl\/sklep\/\"},{\"@type\":\"ListItem\",\"position\":2,\"name\":\"Wszystkie produkty\",\"item\":\"https:\/\/ironsky.pl\/sklep\/produkty\/\"},{\"@type\":\"ListItem\",\"position\":3,\"name\":\"Os\u0142ona przeciws\u0142oneczna FREEWELL Fuji X100 Series (czarna)\"}]},{\"@type\":\"WebSite\",\"@id\":\"https:\/\/ironsky.pl\/sklep\/#website\",\"url\":\"https:\/\/ironsky.pl\/sklep\/\",\"name\":\"IRONSKY.PL Sklep z Dronami\",\"description\":\"IRONSKY.PL Sklep z Dronami\",\"potentialAction\":[{\"@type\":\"SearchAction\",\"target\":{\"@type\":\"EntryPoint\",\"urlTemplate\":\"https:\/\/ironsky.pl\/sklep\/?s={search_term_string}\"},\"query-input\":{\"@type\":\"PropertyValueSpecification\",\"valueRequired\":true,\"valueName\":\"search_term_string\"}}],\"inLanguage\":\"pl-PL\"}]}<\/script>\n<!-- \/ Yoast SEO plugin. -->","yoast_head_json":{"title":"Os\u0142ona przeciws\u0142oneczna FREEWELL Fuji X100 Series (czarna) - IRONSKY.PL Sklep z Dronami","description":"Os\u0142ona przeciws\u0142oneczna FREEWELL Fuji X100 Series (czarna) - \u2705 sklep z dronami i fachowym doradztwem. \u2705 Tutaj kupisz produkty DJI, Yuneec, Parrot, Syma i wiele innych, a tak\u017ce kursy i licencje na operatora drona.","robots":{"index":"index","follow":"follow","max-snippet":"max-snippet:-1","max-image-preview":"max-image-preview:large","max-video-preview":"max-video-preview:-1"},"canonical":"https:\/\/ironsky.pl\/sklep\/produkt\/oslona-przeciwsloneczna-freewell-fuji-x100-series-czarna\/","og_locale":"pl_PL","og_type":"article","og_title":"Os\u0142ona przeciws\u0142oneczna FREEWELL Fuji X100 Series (czarna) - IRONSKY.PL Sklep z Dronami","og_description":"Os\u0142ona przeciws\u0142oneczna FREEWELL Fuji X100 Series (czarna) - \u2705 sklep z dronami i fachowym doradztwem. \u2705 Tutaj kupisz produkty DJI, Yuneec, Parrot, Syma i wiele innych, a tak\u017ce kursy i licencje na operatora drona.","og_url":"https:\/\/ironsky.pl\/sklep\/produkt\/oslona-przeciwsloneczna-freewell-fuji-x100-series-czarna\/","og_site_name":"IRONSKY.PL Sklep z Dronami","article_modified_time":"2026-04-15T09:10:54+00:00","og_image":[{"width":800,"height":800,"url":"https:\/\/ironsky.pl\/sklep\/wp-content\/uploads\/2025\/10\/54992_1.jpg","type":"image\/jpeg"}],"twitter_card":"summary_large_image","twitter_misc":{"Szacowany czas czytania":"1 minuta"},"schema":{"@context":"https:\/\/schema.org","@graph":[{"@type":"WebPage","@id":"https:\/\/ironsky.pl\/sklep\/produkt\/oslona-przeciwsloneczna-freewell-fuji-x100-series-czarna\/","url":"https:\/\/ironsky.pl\/sklep\/produkt\/oslona-przeciwsloneczna-freewell-fuji-x100-series-czarna\/","name":"Os\u0142ona przeciws\u0142oneczna FREEWELL Fuji X100 Series (czarna) - IRONSKY.PL Sklep z Dronami","isPartOf":{"@id":"https:\/\/ironsky.pl\/sklep\/#website"},"primaryImageOfPage":{"@id":"https:\/\/ironsky.pl\/sklep\/produkt\/oslona-przeciwsloneczna-freewell-fuji-x100-series-czarna\/#primaryimage"},"image":{"@id":"https:\/\/ironsky.pl\/sklep\/produkt\/oslona-przeciwsloneczna-freewell-fuji-x100-series-czarna\/#primaryimage"},"thumbnailUrl":"https:\/\/ironsky.pl\/sklep\/wp-content\/uploads\/2025\/10\/54992_1.jpg","datePublished":"2026-04-15T09:10:49+00:00","dateModified":"2026-04-15T09:10:54+00:00","description":"Os\u0142ona przeciws\u0142oneczna FREEWELL Fuji X100 Series (czarna) - \u2705 sklep z dronami i fachowym doradztwem. \u2705 Tutaj kupisz produkty DJI, Yuneec, Parrot, Syma i wiele innych, a tak\u017ce kursy i licencje na operatora drona.","breadcrumb":{"@id":"https:\/\/ironsky.pl\/sklep\/produkt\/oslona-przeciwsloneczna-freewell-fuji-x100-series-czarna\/#breadcrumb"},"inLanguage":"pl-PL","potentialAction":[{"@type":"ReadAction","target":["https:\/\/ironsky.pl\/sklep\/produkt\/oslona-przeciwsloneczna-freewell-fuji-x100-series-czarna\/"]}]},{"@type":"ImageObject","inLanguage":"pl-PL","@id":"https:\/\/ironsky.pl\/sklep\/produkt\/oslona-przeciwsloneczna-freewell-fuji-x100-series-czarna\/#primaryimage","url":"https:\/\/ironsky.pl\/sklep\/wp-content\/uploads\/2025\/10\/54992_1.jpg","contentUrl":"https:\/\/ironsky.pl\/sklep\/wp-content\/uploads\/2025\/10\/54992_1.jpg","width":800,"height":800},{"@type":"BreadcrumbList","@id":"https:\/\/ironsky.pl\/sklep\/produkt\/oslona-przeciwsloneczna-freewell-fuji-x100-series-czarna\/#breadcrumb","itemListElement":[{"@type":"ListItem","position":1,"name":"Strona g\u0142\u00f3wna","item":"https:\/\/ironsky.pl\/sklep\/"},{"@type":"ListItem","position":2,"name":"Wszystkie produkty","item":"https:\/\/ironsky.pl\/sklep\/produkty\/"},{"@type":"ListItem","position":3,"name":"Os\u0142ona przeciws\u0142oneczna FREEWELL Fuji X100 Series (czarna)"}]},{"@type":"WebSite","@id":"https:\/\/ironsky.pl\/sklep\/#website","url":"https:\/\/ironsky.pl\/sklep\/","name":"IRONSKY.PL Sklep z Dronami","description":"IRONSKY.PL Sklep z Dronami","potentialAction":[{"@type":"SearchAction","target":{"@type":"EntryPoint","urlTemplate":"https:\/\/ironsky.pl\/sklep\/?s={search_term_string}"},"query-input":{"@type":"PropertyValueSpecification","valueRequired":true,"valueName":"search_term_string"}}],"inLanguage":"pl-PL"}]}},"_links":{"self":[{"href":"https:\/\/ironsky.pl\/sklep\/wp-json\/wp\/v2\/product\/60937","targetHints":{"allow":["GET"]}}],"collection":[{"href":"https:\/\/ironsky.pl\/sklep\/wp-json\/wp\/v2\/product"}],"about":[{"href":"https:\/\/ironsky.pl\/sklep\/wp-json\/wp\/v2\/types\/product"}],"replies":[{"embeddable":true,"href":"https:\/\/ironsky.pl\/sklep\/wp-json\/wp\/v2\/comments?post=60937"}],"wp:featuredmedia":[{"embeddable":true,"href":"https:\/\/ironsky.pl\/sklep\/wp-json\/wp\/v2\/media\/50127"}],"wp:attachment":[{"href":"https:\/\/ironsky.pl\/sklep\/wp-json\/wp\/v2\/media?parent=60937"}],"wp:term":[{"taxonomy":"product_brand","embeddable":true,"href":"https:\/\/ironsky.pl\/sklep\/wp-json\/wp\/v2\/product_brand?post=60937"},{"taxonomy":"product_cat","embeddable":true,"href":"https:\/\/ironsky.pl\/sklep\/wp-json\/wp\/v2\/product_cat?post=60937"},{"taxonomy":"product_tag","embeddable":true,"href":"https:\/\/ironsky.pl\/sklep\/wp-json\/wp\/v2\/product_tag?post=60937"}],"curies":[{"name":"wp","href":"https:\/\/api.w.org\/{rel}","templated":true}]}}