{"id":60935,"date":"2026-04-15T11:10:49","date_gmt":"2026-04-15T09:10:49","guid":{"rendered":"https:\/\/ironsky.pl\/sklep\/produkt\/mocowanie-sunnylife-do-osmo-pocket-3-szybki-montaz-1-4-tytanowe\/"},"modified":"2026-04-15T11:10:51","modified_gmt":"2026-04-15T09:10:51","slug":"mocowanie-sunnylife-do-osmo-pocket-3-szybki-montaz-1-4-tytanowe","status":"publish","type":"product","link":"https:\/\/ironsky.pl\/sklep\/produkt\/mocowanie-sunnylife-do-osmo-pocket-3-szybki-montaz-1-4-tytanowe\/","title":{"rendered":"Mocowanie SUNNYLIFE do Osmo Pocket 3 szybki monta\u017c 1\/4&#8243; (tytanowe)"},"content":{"rendered":"<h3>Mocowanie do szybkiego monta\u017cu 1\/4&#8221; w kszta\u0142cie kocich uszu Sunnylife do OP 3 (tytanowy)<\/h3>\n<p>Mocowanie Sunnylife do kamery Osmo Pocket 3 w kszta\u0142cie kocich uszu to lekki, a zarazem wytrzyma\u0142y adapter z aluminium CNC (Computerized Numerical Control, obr\u00f3bka materia\u0142u, kt\u00f3rej proces przebiega komputerowo), kt\u00f3ry \u0142\u0105czy szybki monta\u017c i szerokie mo\u017cliwo\u015bci rozbudowy. Oferuje gwint 1\/4&#8221;, mocowanie cold shoe i sk\u0142adane mocowanie 2-wtykowe, dzi\u0119ki czemu \u0142atwo pod\u0142\u0105czysz dodatkowe akcesoria, takie jak mikrofony, lampy czy adapter Sunnylife AD824. Jest kompatybilny z oryginalnymi oraz kolorowymi etui Sunnylife K933\/K990 i seri\u0105 754, a wbudowane mi\u0119kkie podk\u0142adki chroni\u0105 kamer\u0119 Pocket 3 przed zarysowaniami i wstrz\u0105sami. To praktyczne rozwi\u0105zanie zapewnia stabilno\u015b\u0107, bezpiecze\u0144stwo i elastyczno\u015b\u0107 w r\u00f3\u017cnych scenariuszach nagrywania.<\/p>\n<p>\n<img decoding=\"async\" src=\"https:\/\/assets.innpro.pl\/18050\/23947\/1.jpg\" border=\"0\" alt=\"Kamera DJI Pocket w r\u00f3\u017cowym uchwycie Sunnylife BK016 obok trzech wersji uchwyt\u00f3w w kolorach srebrnym, r\u00f3\u017cowym i czarnym\" \/>\n<\/p>\n<h3>Rozbudowane mo\u017cliwo\u015bci rozszerze\u0144<\/h3>\n<p>Adapter oferuje r\u00f3\u017cnorodne interfejsy, w tym gwint 1\/4&#8221;, sk\u0142adane mocowanie 2-wtykowe, mocowanie cold shoe, oraz dedykowany interfejs dla Pocket 3. Gwint 1\/4&#8221; pozwala na po\u0142\u0105czenie DJI Pocket 3 z aparatem w celu zwi\u0119kszenia k\u0105ta uj\u0119cia (wymaga u\u017cycia adaptera cold shoe 1\/4&#8221;, brak w zestawie). Dzi\u0119ki cold shoe akcesorium jest kompatybilne z dodatkami takimi jak lampy do\u015bwietlaj\u0105ce czy mikrofony. Unikalny kszta\u0142t \u201ekocich uszu\u201d umo\u017cliwia szybkie pozycjonowanie i \u0142atwy monta\u017c uchwytu. Dzi\u0119ki temu instalacja akcesori\u00f3w staje si\u0119 prostsza i bardziej intuicyjna.<\/p>\n<p>\n<img decoding=\"async\" src=\"https:\/\/assets.innpro.pl\/18050\/23947\/2.jpg\" border=\"0\" alt=\"Zbli\u017cenie uchwytu Sunnylife BK016 w kolorze srebrnym zamontowanego na dolnej cz\u0119\u015bci kamery z widocznym gwintem statywowym\" \/>\n<\/p>\n<h3>Pe\u0142na kompatybilno\u015b\u0107 z akcesoriami Sunnylife<\/h3>\n<p>Adapter do kamery Pocket 3 umo\u017cliwia pod\u0142\u0105czenie adaptera Sunnylife AD824, aby uzyska\u0107 dwa interfejsy 2-wtykowe. Sk\u0142adana 2-wtykowa konstrukcja mocowania sprawia, \u017ce uchwyt mo\u017cna stosowa\u0107 z wieloma akcesoriami Sunnylife, np. przy mocowaniu Pocket 3 do roweru, w pozycji p\u0142askiej, co zmniejsza op\u00f3r powietrza i u\u0142atwia kontrol\u0119 ekranu. Dodatkowo uchwyt u\u0142atwia regulacj\u0119 k\u0105ta nagrywania przy u\u017cyciu wysi\u0119gnika.<\/p>\n<p>\n<img decoding=\"async\" src=\"https:\/\/assets.innpro.pl\/18050\/23947\/3.jpg\" border=\"0\" alt=\"Dwa uj\u0119cia prezentuj\u0105ce demonta\u017c dolnego modu\u0142u kamery DJI Pocket z zamontowanym uchwytem Sunnylife BK016\" \/>\n<\/p>\n<h3>Ochrona i stabilno\u015b\u0107 podczas u\u017cytkowania<\/h3>\n<p>Mocowanie zosta\u0142o zaprojektowane tak, aby wsp\u00f3\u0142pracowa\u0107 z oryginaln\u0105 os\u0142on\u0105 ochronn\u0105 oraz etui Sunnylife K933\/K990. Jest r\u00f3wnie\u017c kompatybilne z seri\u0105 etui ochronnych Sunnylife 754. Dzi\u0119ki temu Pocket 3 otrzymuje kompleksow\u0105 ochron\u0119 \u2013 mo\u017cliwe jest jednoczesne korzystanie z magnetycznego uchwytu i futera\u0142u podczas nagrywania.<\/p>\n<p>\n<img decoding=\"async\" src=\"https:\/\/assets.innpro.pl\/18050\/23947\/4.jpg\" border=\"0\" alt=\"Metalowe uchwyty Sunnylife BK016 w kolorach srebrnym i r\u00f3\u017cowym, przedstawione na bia\u0142ym tle\" \/>\n<\/p>\n<h3>Dodatkowe zabezpieczenia<\/h3>\n<p>Wbudowane mi\u0119kkie podk\u0142adki stabilizuj\u0105 mocowanie, zapobiegaj\u0105c zarysowaniom i wstrz\u0105som. Dzi\u0119ki temu mo\u017cesz mie\u0107 pewno\u015b\u0107, \u017ce kamera Pocket 3 pozostaje bezpieczna i odpowiednio zamocowana w ka\u017cdej sytuacji.<\/p>\n<p>\n<img decoding=\"async\" src=\"https:\/\/assets.innpro.pl\/18050\/23947\/5.jpg\" border=\"0\" alt=\"Uchwyt Sunnylife BK016 w kolorze czarno-srebrnym, le\u017c\u0105cy na bia\u0142ym materiale\" \/>\n<\/p>\n<div class=\"table-wrapper\">\n<p>\u00a0<\/p>\n<h3><\/h3>\n<table>\n<tbody>\n<tr>\n<th>Producent<\/th>\n<td>Sunnylife<\/td>\n<\/tr>\n<tr>\n<th>Model<\/th>\n<td>OP3-BK016<\/td>\n<\/tr>\n<tr>\n<th>Materia\u0142 wykonania<\/th>\n<td>Stop aluminium<\/td>\n<\/tr>\n<tr>\n<th>Waga<\/th>\n<td>28 g<\/td>\n<\/tr>\n<tr>\n<th>Wymiary<\/th>\n<td>42 x 46 x 24 mm<\/td>\n<\/tr>\n<tr>\n<th>Kolor<\/th>\n<td>Tytanowy<\/td>\n<\/tr>\n<\/tbody>\n<\/table>\n<\/div>\n","protected":false},"excerpt":{"rendered":"<p>Mocowanie do szybkiego monta\u017cu 1\/4&#8221; w kszta\u0142cie kocich uszu Sunnylife do OP 3 (tytanowy) Mocowanie Sunnylife do kamery Osmo Pocket<\/p>\n","protected":false},"featured_media":50353,"comment_status":"closed","ping_status":"open","template":"","meta":{"_acf_changed":false},"product_brand":[],"product_cat":[1130,6208,1128],"product_tag":[],"class_list":{"0":"post-60935","1":"product","2":"type-product","3":"status-publish","4":"has-post-thumbnail","6":"product_cat-akcesoria-foto","7":"product_cat-do-gimbali","8":"product_cat-foto-wideo","9":"pa_okres-gwarancji-5754","10":"pa_producent-sunnylife","12":"first","13":"outofstock","14":"taxable","15":"shipping-taxable","16":"purchasable","17":"product-type-simple"},"acf":[],"yoast_head":"<!-- This site is optimized with the Yoast SEO plugin v27.2 - https:\/\/yoast.com\/product\/yoast-seo-wordpress\/ -->\n<title>Mocowanie SUNNYLIFE do Osmo Pocket 3 szybki monta\u017c 1\/4&quot; (tytanowe) - IRONSKY.PL Sklep z Dronami<\/title>\n<meta name=\"description\" content=\"Mocowanie SUNNYLIFE do Osmo Pocket 3 szybki monta\u017c 1\/4&quot; (tytanowe) - \u2705 sklep z dronami i fachowym doradztwem. \u2705 Tutaj kupisz produkty DJI, Yuneec, Parrot, Syma i wiele innych, a tak\u017ce kursy i licencje na operatora drona.\" \/>\n<meta name=\"robots\" content=\"index, follow, max-snippet:-1, max-image-preview:large, max-video-preview:-1\" \/>\n<link rel=\"canonical\" href=\"https:\/\/ironsky.pl\/sklep\/produkt\/mocowanie-sunnylife-do-osmo-pocket-3-szybki-montaz-1-4-tytanowe\/\" \/>\n<meta property=\"og:locale\" content=\"pl_PL\" \/>\n<meta property=\"og:type\" content=\"article\" \/>\n<meta property=\"og:title\" content=\"Mocowanie SUNNYLIFE do Osmo Pocket 3 szybki monta\u017c 1\/4&quot; (tytanowe) - IRONSKY.PL Sklep z Dronami\" \/>\n<meta property=\"og:description\" content=\"Mocowanie SUNNYLIFE do Osmo Pocket 3 szybki monta\u017c 1\/4&quot; (tytanowe) - \u2705 sklep z dronami i fachowym doradztwem. \u2705 Tutaj kupisz produkty DJI, Yuneec, Parrot, Syma i wiele innych, a tak\u017ce kursy i licencje na operatora drona.\" \/>\n<meta property=\"og:url\" content=\"https:\/\/ironsky.pl\/sklep\/produkt\/mocowanie-sunnylife-do-osmo-pocket-3-szybki-montaz-1-4-tytanowe\/\" \/>\n<meta property=\"og:site_name\" content=\"IRONSKY.PL Sklep z Dronami\" \/>\n<meta property=\"article:modified_time\" content=\"2026-04-15T09:10:51+00:00\" \/>\n<meta property=\"og:image\" content=\"https:\/\/ironsky.pl\/sklep\/wp-content\/uploads\/2025\/10\/54939_1.jpg\" \/>\n\t<meta property=\"og:image:width\" content=\"800\" \/>\n\t<meta property=\"og:image:height\" content=\"800\" \/>\n\t<meta property=\"og:image:type\" content=\"image\/jpeg\" \/>\n<meta name=\"twitter:card\" content=\"summary_large_image\" \/>\n<meta name=\"twitter:label1\" content=\"Szacowany czas czytania\" \/>\n\t<meta name=\"twitter:data1\" content=\"2 minuty\" \/>\n<script type=\"application\/ld+json\" class=\"yoast-schema-graph\">{\"@context\":\"https:\/\/schema.org\",\"@graph\":[{\"@type\":\"WebPage\",\"@id\":\"https:\/\/ironsky.pl\/sklep\/produkt\/mocowanie-sunnylife-do-osmo-pocket-3-szybki-montaz-1-4-tytanowe\/\",\"url\":\"https:\/\/ironsky.pl\/sklep\/produkt\/mocowanie-sunnylife-do-osmo-pocket-3-szybki-montaz-1-4-tytanowe\/\",\"name\":\"Mocowanie SUNNYLIFE do Osmo Pocket 3 szybki monta\u017c 1\/4\\\" (tytanowe) - IRONSKY.PL Sklep z Dronami\",\"isPartOf\":{\"@id\":\"https:\/\/ironsky.pl\/sklep\/#website\"},\"primaryImageOfPage\":{\"@id\":\"https:\/\/ironsky.pl\/sklep\/produkt\/mocowanie-sunnylife-do-osmo-pocket-3-szybki-montaz-1-4-tytanowe\/#primaryimage\"},\"image\":{\"@id\":\"https:\/\/ironsky.pl\/sklep\/produkt\/mocowanie-sunnylife-do-osmo-pocket-3-szybki-montaz-1-4-tytanowe\/#primaryimage\"},\"thumbnailUrl\":\"https:\/\/ironsky.pl\/sklep\/wp-content\/uploads\/2025\/10\/54939_1.jpg\",\"datePublished\":\"2026-04-15T09:10:49+00:00\",\"dateModified\":\"2026-04-15T09:10:51+00:00\",\"description\":\"Mocowanie SUNNYLIFE do Osmo Pocket 3 szybki monta\u017c 1\/4\\\" (tytanowe) - \u2705 sklep z dronami i fachowym doradztwem. \u2705 Tutaj kupisz produkty DJI, Yuneec, Parrot, Syma i wiele innych, a tak\u017ce kursy i licencje na operatora drona.\",\"breadcrumb\":{\"@id\":\"https:\/\/ironsky.pl\/sklep\/produkt\/mocowanie-sunnylife-do-osmo-pocket-3-szybki-montaz-1-4-tytanowe\/#breadcrumb\"},\"inLanguage\":\"pl-PL\",\"potentialAction\":[{\"@type\":\"ReadAction\",\"target\":[\"https:\/\/ironsky.pl\/sklep\/produkt\/mocowanie-sunnylife-do-osmo-pocket-3-szybki-montaz-1-4-tytanowe\/\"]}]},{\"@type\":\"ImageObject\",\"inLanguage\":\"pl-PL\",\"@id\":\"https:\/\/ironsky.pl\/sklep\/produkt\/mocowanie-sunnylife-do-osmo-pocket-3-szybki-montaz-1-4-tytanowe\/#primaryimage\",\"url\":\"https:\/\/ironsky.pl\/sklep\/wp-content\/uploads\/2025\/10\/54939_1.jpg\",\"contentUrl\":\"https:\/\/ironsky.pl\/sklep\/wp-content\/uploads\/2025\/10\/54939_1.jpg\",\"width\":800,\"height\":800},{\"@type\":\"BreadcrumbList\",\"@id\":\"https:\/\/ironsky.pl\/sklep\/produkt\/mocowanie-sunnylife-do-osmo-pocket-3-szybki-montaz-1-4-tytanowe\/#breadcrumb\",\"itemListElement\":[{\"@type\":\"ListItem\",\"position\":1,\"name\":\"Strona g\u0142\u00f3wna\",\"item\":\"https:\/\/ironsky.pl\/sklep\/\"},{\"@type\":\"ListItem\",\"position\":2,\"name\":\"Wszystkie produkty\",\"item\":\"https:\/\/ironsky.pl\/sklep\/produkty\/\"},{\"@type\":\"ListItem\",\"position\":3,\"name\":\"Mocowanie SUNNYLIFE do Osmo Pocket 3 szybki monta\u017c 1\/4&#8243; (tytanowe)\"}]},{\"@type\":\"WebSite\",\"@id\":\"https:\/\/ironsky.pl\/sklep\/#website\",\"url\":\"https:\/\/ironsky.pl\/sklep\/\",\"name\":\"IRONSKY.PL Sklep z Dronami\",\"description\":\"IRONSKY.PL Sklep z Dronami\",\"potentialAction\":[{\"@type\":\"SearchAction\",\"target\":{\"@type\":\"EntryPoint\",\"urlTemplate\":\"https:\/\/ironsky.pl\/sklep\/?s={search_term_string}\"},\"query-input\":{\"@type\":\"PropertyValueSpecification\",\"valueRequired\":true,\"valueName\":\"search_term_string\"}}],\"inLanguage\":\"pl-PL\"}]}<\/script>\n<!-- \/ Yoast SEO plugin. -->","yoast_head_json":{"title":"Mocowanie SUNNYLIFE do Osmo Pocket 3 szybki monta\u017c 1\/4\" (tytanowe) - IRONSKY.PL Sklep z Dronami","description":"Mocowanie SUNNYLIFE do Osmo Pocket 3 szybki monta\u017c 1\/4\" (tytanowe) - \u2705 sklep z dronami i fachowym doradztwem. \u2705 Tutaj kupisz produkty DJI, Yuneec, Parrot, Syma i wiele innych, a tak\u017ce kursy i licencje na operatora drona.","robots":{"index":"index","follow":"follow","max-snippet":"max-snippet:-1","max-image-preview":"max-image-preview:large","max-video-preview":"max-video-preview:-1"},"canonical":"https:\/\/ironsky.pl\/sklep\/produkt\/mocowanie-sunnylife-do-osmo-pocket-3-szybki-montaz-1-4-tytanowe\/","og_locale":"pl_PL","og_type":"article","og_title":"Mocowanie SUNNYLIFE do Osmo Pocket 3 szybki monta\u017c 1\/4\" (tytanowe) - IRONSKY.PL Sklep z Dronami","og_description":"Mocowanie SUNNYLIFE do Osmo Pocket 3 szybki monta\u017c 1\/4\" (tytanowe) - \u2705 sklep z dronami i fachowym doradztwem. \u2705 Tutaj kupisz produkty DJI, Yuneec, Parrot, Syma i wiele innych, a tak\u017ce kursy i licencje na operatora drona.","og_url":"https:\/\/ironsky.pl\/sklep\/produkt\/mocowanie-sunnylife-do-osmo-pocket-3-szybki-montaz-1-4-tytanowe\/","og_site_name":"IRONSKY.PL Sklep z Dronami","article_modified_time":"2026-04-15T09:10:51+00:00","og_image":[{"width":800,"height":800,"url":"https:\/\/ironsky.pl\/sklep\/wp-content\/uploads\/2025\/10\/54939_1.jpg","type":"image\/jpeg"}],"twitter_card":"summary_large_image","twitter_misc":{"Szacowany czas czytania":"2 minuty"},"schema":{"@context":"https:\/\/schema.org","@graph":[{"@type":"WebPage","@id":"https:\/\/ironsky.pl\/sklep\/produkt\/mocowanie-sunnylife-do-osmo-pocket-3-szybki-montaz-1-4-tytanowe\/","url":"https:\/\/ironsky.pl\/sklep\/produkt\/mocowanie-sunnylife-do-osmo-pocket-3-szybki-montaz-1-4-tytanowe\/","name":"Mocowanie SUNNYLIFE do Osmo Pocket 3 szybki monta\u017c 1\/4\" (tytanowe) - IRONSKY.PL Sklep z Dronami","isPartOf":{"@id":"https:\/\/ironsky.pl\/sklep\/#website"},"primaryImageOfPage":{"@id":"https:\/\/ironsky.pl\/sklep\/produkt\/mocowanie-sunnylife-do-osmo-pocket-3-szybki-montaz-1-4-tytanowe\/#primaryimage"},"image":{"@id":"https:\/\/ironsky.pl\/sklep\/produkt\/mocowanie-sunnylife-do-osmo-pocket-3-szybki-montaz-1-4-tytanowe\/#primaryimage"},"thumbnailUrl":"https:\/\/ironsky.pl\/sklep\/wp-content\/uploads\/2025\/10\/54939_1.jpg","datePublished":"2026-04-15T09:10:49+00:00","dateModified":"2026-04-15T09:10:51+00:00","description":"Mocowanie SUNNYLIFE do Osmo Pocket 3 szybki monta\u017c 1\/4\" (tytanowe) - \u2705 sklep z dronami i fachowym doradztwem. \u2705 Tutaj kupisz produkty DJI, Yuneec, Parrot, Syma i wiele innych, a tak\u017ce kursy i licencje na operatora drona.","breadcrumb":{"@id":"https:\/\/ironsky.pl\/sklep\/produkt\/mocowanie-sunnylife-do-osmo-pocket-3-szybki-montaz-1-4-tytanowe\/#breadcrumb"},"inLanguage":"pl-PL","potentialAction":[{"@type":"ReadAction","target":["https:\/\/ironsky.pl\/sklep\/produkt\/mocowanie-sunnylife-do-osmo-pocket-3-szybki-montaz-1-4-tytanowe\/"]}]},{"@type":"ImageObject","inLanguage":"pl-PL","@id":"https:\/\/ironsky.pl\/sklep\/produkt\/mocowanie-sunnylife-do-osmo-pocket-3-szybki-montaz-1-4-tytanowe\/#primaryimage","url":"https:\/\/ironsky.pl\/sklep\/wp-content\/uploads\/2025\/10\/54939_1.jpg","contentUrl":"https:\/\/ironsky.pl\/sklep\/wp-content\/uploads\/2025\/10\/54939_1.jpg","width":800,"height":800},{"@type":"BreadcrumbList","@id":"https:\/\/ironsky.pl\/sklep\/produkt\/mocowanie-sunnylife-do-osmo-pocket-3-szybki-montaz-1-4-tytanowe\/#breadcrumb","itemListElement":[{"@type":"ListItem","position":1,"name":"Strona g\u0142\u00f3wna","item":"https:\/\/ironsky.pl\/sklep\/"},{"@type":"ListItem","position":2,"name":"Wszystkie produkty","item":"https:\/\/ironsky.pl\/sklep\/produkty\/"},{"@type":"ListItem","position":3,"name":"Mocowanie SUNNYLIFE do Osmo Pocket 3 szybki monta\u017c 1\/4&#8243; (tytanowe)"}]},{"@type":"WebSite","@id":"https:\/\/ironsky.pl\/sklep\/#website","url":"https:\/\/ironsky.pl\/sklep\/","name":"IRONSKY.PL Sklep z Dronami","description":"IRONSKY.PL Sklep z Dronami","potentialAction":[{"@type":"SearchAction","target":{"@type":"EntryPoint","urlTemplate":"https:\/\/ironsky.pl\/sklep\/?s={search_term_string}"},"query-input":{"@type":"PropertyValueSpecification","valueRequired":true,"valueName":"search_term_string"}}],"inLanguage":"pl-PL"}]}},"_links":{"self":[{"href":"https:\/\/ironsky.pl\/sklep\/wp-json\/wp\/v2\/product\/60935","targetHints":{"allow":["GET"]}}],"collection":[{"href":"https:\/\/ironsky.pl\/sklep\/wp-json\/wp\/v2\/product"}],"about":[{"href":"https:\/\/ironsky.pl\/sklep\/wp-json\/wp\/v2\/types\/product"}],"replies":[{"embeddable":true,"href":"https:\/\/ironsky.pl\/sklep\/wp-json\/wp\/v2\/comments?post=60935"}],"wp:featuredmedia":[{"embeddable":true,"href":"https:\/\/ironsky.pl\/sklep\/wp-json\/wp\/v2\/media\/50353"}],"wp:attachment":[{"href":"https:\/\/ironsky.pl\/sklep\/wp-json\/wp\/v2\/media?parent=60935"}],"wp:term":[{"taxonomy":"product_brand","embeddable":true,"href":"https:\/\/ironsky.pl\/sklep\/wp-json\/wp\/v2\/product_brand?post=60935"},{"taxonomy":"product_cat","embeddable":true,"href":"https:\/\/ironsky.pl\/sklep\/wp-json\/wp\/v2\/product_cat?post=60935"},{"taxonomy":"product_tag","embeddable":true,"href":"https:\/\/ironsky.pl\/sklep\/wp-json\/wp\/v2\/product_tag?post=60935"}],"curies":[{"name":"wp","href":"https:\/\/api.w.org\/{rel}","templated":true}]}}