{"id":60933,"date":"2026-04-15T11:10:41","date_gmt":"2026-04-15T09:10:41","guid":{"rendered":"https:\/\/ironsky.pl\/sklep\/produkt\/opaska-silikonowa-sunnylife-mj991-uchwyt-magnetyczny\/"},"modified":"2026-04-15T11:10:48","modified_gmt":"2026-04-15T09:10:48","slug":"opaska-silikonowa-sunnylife-mj991-uchwyt-magnetyczny","status":"publish","type":"product","link":"https:\/\/ironsky.pl\/sklep\/produkt\/opaska-silikonowa-sunnylife-mj991-uchwyt-magnetyczny\/","title":{"rendered":"Opaska silikonowa SUNNYLIFE MJ991 + uchwyt magnetyczny"},"content":{"rendered":"<h3>Sunnylife MJ991 2 w 1 silikonowa opaska i magnetyczny uchwyt na telefon do OP 3<\/h3>\n<p>Sunnylife MJ991 to praktyczne akcesorium 2 w 1 stworzone dla kamery DJI Osmo Pocket 3, kt\u00f3re \u0142\u0105czy silikonow\u0105, regulowan\u0105 opask\u0119 chroni\u0105c\u0105 przed upadkiem z wygodnym uchwytem przed\u0142u\u017caj\u0105cym oraz stabilnym magnetycznym uchwytem na telefon obs\u0142uguj\u0105cym pionowe i poziome kadrowanie. Wyposa\u017cone w cold shoe interface pozwala zamocowa\u0107 mikrofon lub lamp\u0119, a wbudowany tryb telepromptera u\u0142atwia prowadzenie transmisji i nagra\u0144 na \u017cywo. Dzi\u0119ki precyzyjnym wyci\u0119ciom, mi\u0119kkim podk\u0142adkom i otworowi na smycz urz\u0105dzenie jest bezpieczne w u\u017cytkowaniu, a ultracienki pier\u015bcie\u0144 magnetyczny (0,44 mm) i kompatybilno\u015b\u0107 z MagSafe umo\u017cliwiaj\u0105 \u0142adowanie bezprzewodowe.\u00a0<\/p>\n<p>\n<img decoding=\"async\" src=\"https:\/\/assets.innpro.pl\/18059\/23956\/1.jpg\" border=\"0\" alt=\"Kamera z uchwytem na smartfon i mikrofonem ustawiona na stole, zbli\u017cenie d\u0142oni trzymaj\u0105cej urz\u0105dzenie\" \/>\n<\/p>\n<h3>Wygoda i bezpiecze\u0144stwo w jednym<\/h3>\n<p>Silikonowa opaska Sunnylife MJ991 chroni kamer\u0119 DJI Pocket 3 przed upadkiem i odci\u0105\u017ca Twoj\u0105 d\u0142o\u0144 podczas nagrywania. Regulowana opaska (67\u2013137 mm) wykonana z mi\u0119kkiego silikonu jest przyjemna w dotyku, \u0142atwa w u\u017cyciu i wyposa\u017cona w szybkoz\u0142\u0105czk\u0119, co pozwala na szybkie zak\u0142adanie i zdejmowanie.<\/p>\n<p>\n<img decoding=\"async\" src=\"https:\/\/assets.innpro.pl\/18059\/23956\/2.jpg\" border=\"0\" alt=\"Dwie osoby trzymaj\u0105ce kamery z uchwytami w r\u0119ku, widok z boku i z ty\u0142u\" \/>\n<\/p>\n<h3>Opaska i magnetyczny uchwyt w jednym<\/h3>\n<p>MJ991 to nie tylko opaska z uchwytem, ale r\u00f3wnie\u017c stabilny magnetyczny uchwyt na telefon. Dzi\u0119ki temu akcesorium \u0142\u0105czy funkcj\u0119 wygodnego uchwytu przed\u0142u\u017caj\u0105cego z mo\u017cliwo\u015bci\u0105 mocowania smartfona, u\u0142atwiaj\u0105c prac\u0119 w r\u00f3\u017cnych trybach i sytuacjach.<\/p>\n<p>\n<img decoding=\"async\" src=\"https:\/\/assets.innpro.pl\/18059\/23956\/3.jpg\" border=\"0\" alt=\"Dwie d\u0142onie rozk\u0142adaj\u0105ce uchwyt zamontowany na ma\u0142ej kamerze z gimbalem\" \/>\n<\/p>\n<h3>Stabilny i pewny monta\u017c telefonu<\/h3>\n<p>Silny magnes gwarantuje bezpieczne i odporne na drgania mocowanie telefonu. Uchwyt wspiera poziome i pionowe ustawienie, co u\u0142atwia uzyskanie idealnego kadru podczas nagrywania. W zestawie znajduje si\u0119 ultracienki (0,44 mm) pier\u015bcie\u0144 magnetyczny \u2013 kompatybilny z wi\u0119kszo\u015bci\u0105 smartfon\u00f3w. Modele iPhone 12 i nowsze, kt\u00f3re posiadaj\u0105 wsparcie dla MagSafe nie wymagaj\u0105 korzystania z pier\u015bcienia.<\/p>\n<p>\n<img decoding=\"async\" src=\"https:\/\/assets.innpro.pl\/18059\/23956\/4.jpg\" border=\"0\" alt=\"Kamera z uchwytem, smartfonem i mikrofonem na statywie w pomieszczeniu i w plenerze\" \/>\n<\/p>\n<h3>Komfortowe nagrywanie<\/h3>\n<p>Opaska dzia\u0142a jak wygodny uchwyt przed\u0142u\u017caj\u0105cy, kt\u00f3ry poprawia ergonomi\u0119 trzymania Pocket 3. W trybie codziennym pe\u0142ni funkcj\u0119 opaski zabezpieczaj\u0105cej, a w trakcie filmowania pozwala odpocz\u0105\u0107 d\u0142oni mi\u0119dzy uj\u0119ciami.<\/p>\n<p>\n<img decoding=\"async\" src=\"https:\/\/assets.innpro.pl\/18059\/23956\/5.jpg\" border=\"0\" alt=\"Kamera z uchwytem i zamocowanym smartfonem trzymana jedn\u0105 r\u0119k\u0105\" \/>\n<\/p>\n<h3>Funkcje dla tw\u00f3rc\u00f3w tre\u015bci<\/h3>\n<p>Dzi\u0119ki mocowaniu typu cold shoe zyskujesz mo\u017cliwo\u015b\u0107 zamocowania mikrofonu lub lampy LED (Light Emitting Diode, dioda emituj\u0105ca \u015bwiat\u0142o). Funkcja telepromptera u\u0142atwia p\u0142ynne prowadzenie transmisji na \u017cywo i nagrywanie komentarzy bez zapominania tekstu. Kompatybilno\u015b\u0107 z uchwytem z gwintem 1\/4&#8243; oraz uchwytem akumulatorowym otwiera przed Tob\u0105 jeszcze wi\u0119cej kreatywnych rozwi\u0105za\u0144.<\/p>\n<p>\n<img decoding=\"async\" src=\"https:\/\/assets.innpro.pl\/18059\/23956\/6.jpg\" border=\"0\" alt=\"Trzy zbli\u017cenia pokazuj\u0105ce r\u00f3\u017cne sposoby trzymania uchwytu zamontowanego na kamerze\" \/>\n<\/p>\n<h3>Ochrona i dopasowanie<\/h3>\n<p>Akcesorium posiada precyzyjne wyci\u0119cia, elegancki design oraz wbudowane mi\u0119kkie podk\u0142adki, kt\u00f3re stabilizuj\u0105 Pocket 3, chroni\u0105c kamer\u0119 przed zarysowaniami i wstrz\u0105sami. Dodatkowo otw\u00f3r na smycz zabezpiecza sprz\u0119t przed przypadkowym upuszczeniem.<\/p>\n<p>\n<img decoding=\"async\" src=\"https:\/\/assets.innpro.pl\/18059\/23956\/7.jpg\" border=\"0\" alt=\"Zbli\u017cenie montowania smartfona do uchwytu magnetycznego kamery z gimbalem\" \/>\n<\/p>\n<div class=\"table-wrapper\">\n<p>\u00a0<\/p>\n<h3><\/h3>\n<table>\n<tbody>\n<tr>\n<th>Producent<\/th>\n<td>Sunnylife<\/td>\n<\/tr>\n<tr>\n<th>Model<\/th>\n<td>MJ991<\/td>\n<\/tr>\n<tr>\n<th>Kompatybilne modele<\/th>\n<td>Osmo Pocket 3<\/td>\n<\/tr>\n<tr>\n<th>Materia\u0142 wykonania<\/th>\n<td>Plastik, silikon, magnes<\/td>\n<\/tr>\n<tr>\n<th>Waga<\/th>\n<td>82 g<\/td>\n<\/tr>\n<tr>\n<th>Wymiary<\/th>\n<td>159 x 57 x 81 mm<\/td>\n<\/tr>\n<tr>\n<th>Kolor<\/th>\n<td>Czarny<\/td>\n<\/tr>\n<\/tbody>\n<\/table>\n<\/div>\n","protected":false},"excerpt":{"rendered":"<p>Sunnylife MJ991 2 w 1 silikonowa opaska i magnetyczny uchwyt na telefon do OP 3 Sunnylife MJ991 to praktyczne akcesorium<\/p>\n","protected":false},"featured_media":50349,"comment_status":"closed","ping_status":"open","template":"","meta":{"_acf_changed":false},"product_brand":[],"product_cat":[1130,6208,1128],"product_tag":[],"class_list":{"0":"post-60933","1":"product","2":"type-product","3":"status-publish","4":"has-post-thumbnail","6":"product_cat-akcesoria-foto","7":"product_cat-do-gimbali","8":"product_cat-foto-wideo","9":"pa_okres-gwarancji-5754","10":"pa_producent-sunnylife","12":"first","13":"outofstock","14":"taxable","15":"shipping-taxable","16":"purchasable","17":"product-type-simple"},"acf":[],"yoast_head":"<!-- This site is optimized with the Yoast SEO plugin v27.2 - https:\/\/yoast.com\/product\/yoast-seo-wordpress\/ -->\n<title>Opaska silikonowa SUNNYLIFE MJ991 + uchwyt magnetyczny - IRONSKY.PL Sklep z Dronami<\/title>\n<meta name=\"description\" content=\"Opaska silikonowa SUNNYLIFE MJ991 + uchwyt magnetyczny - \u2705 sklep z dronami i fachowym doradztwem. \u2705 Tutaj kupisz produkty DJI, Yuneec, Parrot, Syma i wiele innych, a tak\u017ce kursy i licencje na operatora drona.\" \/>\n<meta name=\"robots\" content=\"index, follow, max-snippet:-1, max-image-preview:large, max-video-preview:-1\" \/>\n<link rel=\"canonical\" href=\"https:\/\/ironsky.pl\/sklep\/produkt\/opaska-silikonowa-sunnylife-mj991-uchwyt-magnetyczny\/\" \/>\n<meta property=\"og:locale\" content=\"pl_PL\" \/>\n<meta property=\"og:type\" content=\"article\" \/>\n<meta property=\"og:title\" content=\"Opaska silikonowa SUNNYLIFE MJ991 + uchwyt magnetyczny - IRONSKY.PL Sklep z Dronami\" \/>\n<meta property=\"og:description\" content=\"Opaska silikonowa SUNNYLIFE MJ991 + uchwyt magnetyczny - \u2705 sklep z dronami i fachowym doradztwem. \u2705 Tutaj kupisz produkty DJI, Yuneec, Parrot, Syma i wiele innych, a tak\u017ce kursy i licencje na operatora drona.\" \/>\n<meta property=\"og:url\" content=\"https:\/\/ironsky.pl\/sklep\/produkt\/opaska-silikonowa-sunnylife-mj991-uchwyt-magnetyczny\/\" \/>\n<meta property=\"og:site_name\" content=\"IRONSKY.PL Sklep z Dronami\" \/>\n<meta property=\"article:modified_time\" content=\"2026-04-15T09:10:48+00:00\" \/>\n<meta property=\"og:image\" content=\"https:\/\/ironsky.pl\/sklep\/wp-content\/uploads\/2025\/10\/54932_1.jpg\" \/>\n\t<meta property=\"og:image:width\" content=\"800\" \/>\n\t<meta property=\"og:image:height\" content=\"800\" \/>\n\t<meta property=\"og:image:type\" content=\"image\/jpeg\" \/>\n<meta name=\"twitter:card\" content=\"summary_large_image\" \/>\n<meta name=\"twitter:label1\" content=\"Szacowany czas czytania\" \/>\n\t<meta name=\"twitter:data1\" content=\"2 minuty\" \/>\n<script type=\"application\/ld+json\" class=\"yoast-schema-graph\">{\"@context\":\"https:\/\/schema.org\",\"@graph\":[{\"@type\":\"WebPage\",\"@id\":\"https:\/\/ironsky.pl\/sklep\/produkt\/opaska-silikonowa-sunnylife-mj991-uchwyt-magnetyczny\/\",\"url\":\"https:\/\/ironsky.pl\/sklep\/produkt\/opaska-silikonowa-sunnylife-mj991-uchwyt-magnetyczny\/\",\"name\":\"Opaska silikonowa SUNNYLIFE MJ991 + uchwyt magnetyczny - IRONSKY.PL Sklep z Dronami\",\"isPartOf\":{\"@id\":\"https:\/\/ironsky.pl\/sklep\/#website\"},\"primaryImageOfPage\":{\"@id\":\"https:\/\/ironsky.pl\/sklep\/produkt\/opaska-silikonowa-sunnylife-mj991-uchwyt-magnetyczny\/#primaryimage\"},\"image\":{\"@id\":\"https:\/\/ironsky.pl\/sklep\/produkt\/opaska-silikonowa-sunnylife-mj991-uchwyt-magnetyczny\/#primaryimage\"},\"thumbnailUrl\":\"https:\/\/ironsky.pl\/sklep\/wp-content\/uploads\/2025\/10\/54932_1.jpg\",\"datePublished\":\"2026-04-15T09:10:41+00:00\",\"dateModified\":\"2026-04-15T09:10:48+00:00\",\"description\":\"Opaska silikonowa SUNNYLIFE MJ991 + uchwyt magnetyczny - \u2705 sklep z dronami i fachowym doradztwem. \u2705 Tutaj kupisz produkty DJI, Yuneec, Parrot, Syma i wiele innych, a tak\u017ce kursy i licencje na operatora drona.\",\"breadcrumb\":{\"@id\":\"https:\/\/ironsky.pl\/sklep\/produkt\/opaska-silikonowa-sunnylife-mj991-uchwyt-magnetyczny\/#breadcrumb\"},\"inLanguage\":\"pl-PL\",\"potentialAction\":[{\"@type\":\"ReadAction\",\"target\":[\"https:\/\/ironsky.pl\/sklep\/produkt\/opaska-silikonowa-sunnylife-mj991-uchwyt-magnetyczny\/\"]}]},{\"@type\":\"ImageObject\",\"inLanguage\":\"pl-PL\",\"@id\":\"https:\/\/ironsky.pl\/sklep\/produkt\/opaska-silikonowa-sunnylife-mj991-uchwyt-magnetyczny\/#primaryimage\",\"url\":\"https:\/\/ironsky.pl\/sklep\/wp-content\/uploads\/2025\/10\/54932_1.jpg\",\"contentUrl\":\"https:\/\/ironsky.pl\/sklep\/wp-content\/uploads\/2025\/10\/54932_1.jpg\",\"width\":800,\"height\":800},{\"@type\":\"BreadcrumbList\",\"@id\":\"https:\/\/ironsky.pl\/sklep\/produkt\/opaska-silikonowa-sunnylife-mj991-uchwyt-magnetyczny\/#breadcrumb\",\"itemListElement\":[{\"@type\":\"ListItem\",\"position\":1,\"name\":\"Strona g\u0142\u00f3wna\",\"item\":\"https:\/\/ironsky.pl\/sklep\/\"},{\"@type\":\"ListItem\",\"position\":2,\"name\":\"Wszystkie produkty\",\"item\":\"https:\/\/ironsky.pl\/sklep\/produkty\/\"},{\"@type\":\"ListItem\",\"position\":3,\"name\":\"Opaska silikonowa SUNNYLIFE MJ991 + uchwyt magnetyczny\"}]},{\"@type\":\"WebSite\",\"@id\":\"https:\/\/ironsky.pl\/sklep\/#website\",\"url\":\"https:\/\/ironsky.pl\/sklep\/\",\"name\":\"IRONSKY.PL Sklep z Dronami\",\"description\":\"IRONSKY.PL Sklep z Dronami\",\"potentialAction\":[{\"@type\":\"SearchAction\",\"target\":{\"@type\":\"EntryPoint\",\"urlTemplate\":\"https:\/\/ironsky.pl\/sklep\/?s={search_term_string}\"},\"query-input\":{\"@type\":\"PropertyValueSpecification\",\"valueRequired\":true,\"valueName\":\"search_term_string\"}}],\"inLanguage\":\"pl-PL\"}]}<\/script>\n<!-- \/ Yoast SEO plugin. -->","yoast_head_json":{"title":"Opaska silikonowa SUNNYLIFE MJ991 + uchwyt magnetyczny - IRONSKY.PL Sklep z Dronami","description":"Opaska silikonowa SUNNYLIFE MJ991 + uchwyt magnetyczny - \u2705 sklep z dronami i fachowym doradztwem. \u2705 Tutaj kupisz produkty DJI, Yuneec, Parrot, Syma i wiele innych, a tak\u017ce kursy i licencje na operatora drona.","robots":{"index":"index","follow":"follow","max-snippet":"max-snippet:-1","max-image-preview":"max-image-preview:large","max-video-preview":"max-video-preview:-1"},"canonical":"https:\/\/ironsky.pl\/sklep\/produkt\/opaska-silikonowa-sunnylife-mj991-uchwyt-magnetyczny\/","og_locale":"pl_PL","og_type":"article","og_title":"Opaska silikonowa SUNNYLIFE MJ991 + uchwyt magnetyczny - IRONSKY.PL Sklep z Dronami","og_description":"Opaska silikonowa SUNNYLIFE MJ991 + uchwyt magnetyczny - \u2705 sklep z dronami i fachowym doradztwem. \u2705 Tutaj kupisz produkty DJI, Yuneec, Parrot, Syma i wiele innych, a tak\u017ce kursy i licencje na operatora drona.","og_url":"https:\/\/ironsky.pl\/sklep\/produkt\/opaska-silikonowa-sunnylife-mj991-uchwyt-magnetyczny\/","og_site_name":"IRONSKY.PL Sklep z Dronami","article_modified_time":"2026-04-15T09:10:48+00:00","og_image":[{"width":800,"height":800,"url":"https:\/\/ironsky.pl\/sklep\/wp-content\/uploads\/2025\/10\/54932_1.jpg","type":"image\/jpeg"}],"twitter_card":"summary_large_image","twitter_misc":{"Szacowany czas czytania":"2 minuty"},"schema":{"@context":"https:\/\/schema.org","@graph":[{"@type":"WebPage","@id":"https:\/\/ironsky.pl\/sklep\/produkt\/opaska-silikonowa-sunnylife-mj991-uchwyt-magnetyczny\/","url":"https:\/\/ironsky.pl\/sklep\/produkt\/opaska-silikonowa-sunnylife-mj991-uchwyt-magnetyczny\/","name":"Opaska silikonowa SUNNYLIFE MJ991 + uchwyt magnetyczny - IRONSKY.PL Sklep z Dronami","isPartOf":{"@id":"https:\/\/ironsky.pl\/sklep\/#website"},"primaryImageOfPage":{"@id":"https:\/\/ironsky.pl\/sklep\/produkt\/opaska-silikonowa-sunnylife-mj991-uchwyt-magnetyczny\/#primaryimage"},"image":{"@id":"https:\/\/ironsky.pl\/sklep\/produkt\/opaska-silikonowa-sunnylife-mj991-uchwyt-magnetyczny\/#primaryimage"},"thumbnailUrl":"https:\/\/ironsky.pl\/sklep\/wp-content\/uploads\/2025\/10\/54932_1.jpg","datePublished":"2026-04-15T09:10:41+00:00","dateModified":"2026-04-15T09:10:48+00:00","description":"Opaska silikonowa SUNNYLIFE MJ991 + uchwyt magnetyczny - \u2705 sklep z dronami i fachowym doradztwem. \u2705 Tutaj kupisz produkty DJI, Yuneec, Parrot, Syma i wiele innych, a tak\u017ce kursy i licencje na operatora drona.","breadcrumb":{"@id":"https:\/\/ironsky.pl\/sklep\/produkt\/opaska-silikonowa-sunnylife-mj991-uchwyt-magnetyczny\/#breadcrumb"},"inLanguage":"pl-PL","potentialAction":[{"@type":"ReadAction","target":["https:\/\/ironsky.pl\/sklep\/produkt\/opaska-silikonowa-sunnylife-mj991-uchwyt-magnetyczny\/"]}]},{"@type":"ImageObject","inLanguage":"pl-PL","@id":"https:\/\/ironsky.pl\/sklep\/produkt\/opaska-silikonowa-sunnylife-mj991-uchwyt-magnetyczny\/#primaryimage","url":"https:\/\/ironsky.pl\/sklep\/wp-content\/uploads\/2025\/10\/54932_1.jpg","contentUrl":"https:\/\/ironsky.pl\/sklep\/wp-content\/uploads\/2025\/10\/54932_1.jpg","width":800,"height":800},{"@type":"BreadcrumbList","@id":"https:\/\/ironsky.pl\/sklep\/produkt\/opaska-silikonowa-sunnylife-mj991-uchwyt-magnetyczny\/#breadcrumb","itemListElement":[{"@type":"ListItem","position":1,"name":"Strona g\u0142\u00f3wna","item":"https:\/\/ironsky.pl\/sklep\/"},{"@type":"ListItem","position":2,"name":"Wszystkie produkty","item":"https:\/\/ironsky.pl\/sklep\/produkty\/"},{"@type":"ListItem","position":3,"name":"Opaska silikonowa SUNNYLIFE MJ991 + uchwyt magnetyczny"}]},{"@type":"WebSite","@id":"https:\/\/ironsky.pl\/sklep\/#website","url":"https:\/\/ironsky.pl\/sklep\/","name":"IRONSKY.PL Sklep z Dronami","description":"IRONSKY.PL Sklep z Dronami","potentialAction":[{"@type":"SearchAction","target":{"@type":"EntryPoint","urlTemplate":"https:\/\/ironsky.pl\/sklep\/?s={search_term_string}"},"query-input":{"@type":"PropertyValueSpecification","valueRequired":true,"valueName":"search_term_string"}}],"inLanguage":"pl-PL"}]}},"_links":{"self":[{"href":"https:\/\/ironsky.pl\/sklep\/wp-json\/wp\/v2\/product\/60933","targetHints":{"allow":["GET"]}}],"collection":[{"href":"https:\/\/ironsky.pl\/sklep\/wp-json\/wp\/v2\/product"}],"about":[{"href":"https:\/\/ironsky.pl\/sklep\/wp-json\/wp\/v2\/types\/product"}],"replies":[{"embeddable":true,"href":"https:\/\/ironsky.pl\/sklep\/wp-json\/wp\/v2\/comments?post=60933"}],"wp:featuredmedia":[{"embeddable":true,"href":"https:\/\/ironsky.pl\/sklep\/wp-json\/wp\/v2\/media\/50349"}],"wp:attachment":[{"href":"https:\/\/ironsky.pl\/sklep\/wp-json\/wp\/v2\/media?parent=60933"}],"wp:term":[{"taxonomy":"product_brand","embeddable":true,"href":"https:\/\/ironsky.pl\/sklep\/wp-json\/wp\/v2\/product_brand?post=60933"},{"taxonomy":"product_cat","embeddable":true,"href":"https:\/\/ironsky.pl\/sklep\/wp-json\/wp\/v2\/product_cat?post=60933"},{"taxonomy":"product_tag","embeddable":true,"href":"https:\/\/ironsky.pl\/sklep\/wp-json\/wp\/v2\/product_tag?post=60933"}],"curies":[{"name":"wp","href":"https:\/\/api.w.org\/{rel}","templated":true}]}}