{"id":60931,"date":"2026-04-15T11:10:41","date_gmt":"2026-04-15T09:10:41","guid":{"rendered":"https:\/\/ironsky.pl\/sklep\/produkt\/uchwyt-magnetyczny-sunnylife-761v2-do-osmo-pocket-3-czarny\/"},"modified":"2026-04-15T11:10:45","modified_gmt":"2026-04-15T09:10:45","slug":"uchwyt-magnetyczny-sunnylife-761v2-do-osmo-pocket-3-czarny","status":"publish","type":"product","link":"https:\/\/ironsky.pl\/sklep\/produkt\/uchwyt-magnetyczny-sunnylife-761v2-do-osmo-pocket-3-czarny\/","title":{"rendered":"Uchwyt magnetyczny SUNNYLIFE 761V2 do Osmo Pocket 3 (czarny)"},"content":{"rendered":"<h3>Magnetyczny uchwyt Sunnylife 761V2 do OP 3 (czarny)<\/h3>\n<p>Sunnylife 761V2 to magnetyczny uchwyt do DJI Osmo Pocket 3, kt\u00f3ry zapewnia stabilne mocowanie dzi\u0119ki sze\u015bciu wbudowanym magnesom, umo\u017cliwiaj\u0105c bezpieczne nagrywanie nawet podczas intensywnych aktywno\u015bci. Uchwyt jest wielofunkcyjny \u2013 sprawdzi si\u0119 jako statyw sto\u0142owy, uchwyt do vlogowania, jazdy samochodem czy uj\u0119\u0107 poklatkowych. Wyposa\u017cony w gniazdo 1\/4&#8243;, sk\u0142adane mocowanie 2-wtykowe i adapter cold shoe, oferuje szerokie mo\u017cliwo\u015bci rozbudowy. Silna ta\u015bma klej\u0105ca i metalowe p\u0142ytki monta\u017cowe pozwalaj\u0105 na instalacj\u0119 na r\u00f3\u017cnych powierzchniach, a mi\u0119kkie wk\u0142adki i podk\u0142adka antypo\u015blizgowa chroni\u0105 kamer\u0119 przed wstrz\u0105sami i zarysowaniami.<\/p>\n<p>\n<img decoding=\"async\" src=\"https:\/\/assets.innpro.pl\/18047\/23944\/1.jpg\" border=\"0\" alt=\"Trzy przyk\u0142ady u\u017cycia magnetycznego uchwytu Sunnylife do kamery DJI Pocket \u2014 przyklejonego do \u015bciany, zamontowanego na motocyklu i na barierce drogowej\" \/>\n<\/p>\n<h3>Niezawodne mocowanie magnetyczne<\/h3>\n<p>Wbudowane 6 magnes\u00f3w o wysokiej sile przyci\u0105gania gwarantuje stabilne mocowanie kamery nawet podczas intensywnych aktywno\u015bci na \u015bwie\u017cym powietrzu. Uchwyt zapewnia pe\u0142ne bezpiecze\u0144stwo urz\u0105dzenia w ka\u017cdych warunkach \u2013 od jazdy na rowerze, przez uj\u0119cia typu timelapse, po montowanie na samochodzie.<\/p>\n<p>\n<img decoding=\"async\" src=\"https:\/\/assets.innpro.pl\/18047\/23944\/2.jpg\" border=\"0\" alt=\"Wizualizacja dzia\u0142ania uchwytu magnetycznego z o\u015bmioma okr\u0105g\u0142ymi magnesami unosz\u0105cymi si\u0119 nad baz\u0105\" \/>\n<\/p>\n<h3>Wielofunkcyjno\u015b\u0107 w ka\u017cdej sytuacji<\/h3>\n<p>Uchwyt Sunnylife 761V2 zosta\u0142 zaprojektowany do wielu zastosowa\u0144. Mo\u017ce pe\u0142ni\u0107 funkcj\u0119 statywu sto\u0142owego (zapewniaj\u0105c nowe perspektywy nagrywania), akcesorium do vlogowania w ruchu (do nagra\u0144 z samochodu czy roweru) lub narz\u0119dzia do stabilnych uj\u0119\u0107 poklatkowych. Dodatkowo zastosowanie silnej ta\u015bmy klej\u0105cej umo\u017cliwia monta\u017c na g\u0142adkich i czystych powierzchniach takich jak drewno, szk\u0142o, metal, p\u0142ytki, marmur czy \u015bciany.<\/p>\n<p>\n<img decoding=\"async\" src=\"https:\/\/assets.innpro.pl\/18047\/23944\/3.jpg\" border=\"0\" alt=\"Kamera DJI Pocket z\u0142o\u017cona na stole z roz\u0142o\u017con\u0105 podp\u00f3rk\u0105 i r\u0119k\u0105 si\u0119gaj\u0105c\u0105 do przycisku\" \/>\n<\/p>\n<h3>Przemy\u015blana konstrukcja<\/h3>\n<p>Model 761V2 oferuje gniazdo \u015brubowe 1\/4 cala, sk\u0142adane mocowanie 2-wtykowe, oraz adapter typu cold shoe, co umo\u017cliwia elastyczne pod\u0142\u0105czanie r\u00f3\u017cnych akcesori\u00f3w i poszerzenie k\u0105ta nagrywania. Uwaga: aby korzysta\u0107 z mocowania na \u015brubie 1\/4&#8243;, nale\u017cy u\u017cy\u0107 adaptera cold shoe 1\/4&#8243; (brak w zestawie).<\/p>\n<p>\n<img decoding=\"async\" src=\"https:\/\/assets.innpro.pl\/18047\/23944\/4.jpg\" border=\"0\" alt=\"Kamera DJI Pocket z lamp\u0105 LED zamocowana magnetycznie do metalowej powierzchni obok osobnego uchwytu Sunnylife\" \/>\n<\/p>\n<h3>Stabilno\u015b\u0107 i ochrona kamery<\/h3>\n<p>Uchwyt wyposa\u017cono w antypo\u015blizgow\u0105 podk\u0142adk\u0119 silikonow\u0105, kt\u00f3ra zapobiega przesuwaniu si\u0119 kamery i chroni j\u0105 przed zarysowaniami. Wbudowane mi\u0119kkie wk\u0142adki jeszcze lepiej stabilizuj\u0105 Osmo Pocket 3, chroni\u0105c j\u0105 przed wstrz\u0105sami i zadrapaniami.<\/p>\n<p>\n<img decoding=\"async\" src=\"https:\/\/assets.innpro.pl\/18047\/23944\/5.jpg\" border=\"0\" alt=\"Kamera DJI Pocket zamontowana w uchwycie Sunnylife w kolorze czarnym obok pustego uchwytu w wersji niebieskiej\" \/>\n<\/p>\n<h3>Prosty monta\u017c i pe\u0142na kompatybilno\u015b\u0107<\/h3>\n<p>Uchwyt Sunnylife 761V2 pozwala na szybki i intuicyjny monta\u017c kamery. Dla jeszcze lepszej ochrony podczas nagra\u0144 warto po\u0142\u0105czy\u0107 go z modelem Sunnylife 754V2 (brak w zestawie) \u2013 razem tworz\u0105 kompletny system zabezpieczaj\u0105cy urz\u0105dzenie.<\/p>\n<p>\n<img decoding=\"async\" src=\"https:\/\/assets.innpro.pl\/18047\/23944\/6.jpg\" border=\"0\" alt=\"Sam uchwyt Sunnylife w kolorze czarnym pokazany w pionie na jasnym tle\" \/>\n<\/p>\n<h3>W zestawie<\/h3>\n<ul class=\"list-disc pl-5\">\n<li>magnetyczny uchwyt<\/li>\n<li>metalowa p\u0142ytka monta\u017cowa<\/li>\n<li>ta\u015bma monta\u017cowa<\/li>\n<li>instrukcja obs\u0142ugi<\/li>\n<\/ul>\n<div class=\"table-wrapper\">\n<p>\u00a0<\/p>\n<h3><\/h3>\n<table>\n<tbody>\n<tr>\n<th>Producent<\/th>\n<td>Sunnylife<\/td>\n<\/tr>\n<tr>\n<th>Model<\/th>\n<td>761V2<\/td>\n<\/tr>\n<tr>\n<th>Kompatybilne modele<\/th>\n<td>DJI Osmo Pocket 3<\/td>\n<\/tr>\n<tr>\n<th>Materia\u0142 wykonania<\/th>\n<td>Plastik, magnes, silikon<\/td>\n<\/tr>\n<tr>\n<th>Waga<\/th>\n<td>66 g<\/td>\n<\/tr>\n<tr>\n<th>Wymiary<\/th>\n<td>46 x 88 x 46 mm<\/td>\n<\/tr>\n<tr>\n<th>Kolor<\/th>\n<td>Czarny<\/td>\n<\/tr>\n<\/tbody>\n<\/table>\n<\/div>\n","protected":false},"excerpt":{"rendered":"<p>Magnetyczny uchwyt Sunnylife 761V2 do OP 3 (czarny) Sunnylife 761V2 to magnetyczny uchwyt do DJI Osmo Pocket 3, kt\u00f3ry zapewnia<\/p>\n","protected":false},"featured_media":50343,"comment_status":"closed","ping_status":"open","template":"","meta":{"_acf_changed":false},"product_brand":[],"product_cat":[1130,6208,1128],"product_tag":[],"class_list":{"0":"post-60931","1":"product","2":"type-product","3":"status-publish","4":"has-post-thumbnail","6":"product_cat-akcesoria-foto","7":"product_cat-do-gimbali","8":"product_cat-foto-wideo","9":"pa_okres-gwarancji-5754","10":"pa_producent-sunnylife","12":"first","13":"outofstock","14":"taxable","15":"shipping-taxable","16":"purchasable","17":"product-type-simple"},"acf":[],"yoast_head":"<!-- This site is optimized with the Yoast SEO plugin v27.2 - https:\/\/yoast.com\/product\/yoast-seo-wordpress\/ -->\n<title>Uchwyt magnetyczny SUNNYLIFE 761V2 do Osmo Pocket 3 (czarny) - IRONSKY.PL Sklep z Dronami<\/title>\n<meta name=\"description\" content=\"Uchwyt magnetyczny SUNNYLIFE 761V2 do Osmo Pocket 3 (czarny) - \u2705 sklep z dronami i fachowym doradztwem. \u2705 Tutaj kupisz produkty DJI, Yuneec, Parrot, Syma i wiele innych, a tak\u017ce kursy i licencje na operatora drona.\" \/>\n<meta name=\"robots\" content=\"index, follow, max-snippet:-1, max-image-preview:large, max-video-preview:-1\" \/>\n<link rel=\"canonical\" href=\"https:\/\/ironsky.pl\/sklep\/produkt\/uchwyt-magnetyczny-sunnylife-761v2-do-osmo-pocket-3-czarny\/\" \/>\n<meta property=\"og:locale\" content=\"pl_PL\" \/>\n<meta property=\"og:type\" content=\"article\" \/>\n<meta property=\"og:title\" content=\"Uchwyt magnetyczny SUNNYLIFE 761V2 do Osmo Pocket 3 (czarny) - IRONSKY.PL Sklep z Dronami\" \/>\n<meta property=\"og:description\" content=\"Uchwyt magnetyczny SUNNYLIFE 761V2 do Osmo Pocket 3 (czarny) - \u2705 sklep z dronami i fachowym doradztwem. \u2705 Tutaj kupisz produkty DJI, Yuneec, Parrot, Syma i wiele innych, a tak\u017ce kursy i licencje na operatora drona.\" \/>\n<meta property=\"og:url\" content=\"https:\/\/ironsky.pl\/sklep\/produkt\/uchwyt-magnetyczny-sunnylife-761v2-do-osmo-pocket-3-czarny\/\" \/>\n<meta property=\"og:site_name\" content=\"IRONSKY.PL Sklep z Dronami\" \/>\n<meta property=\"article:modified_time\" content=\"2026-04-15T09:10:45+00:00\" \/>\n<meta property=\"og:image\" content=\"https:\/\/ironsky.pl\/sklep\/wp-content\/uploads\/2025\/10\/54926_1.jpg\" \/>\n\t<meta property=\"og:image:width\" content=\"800\" \/>\n\t<meta property=\"og:image:height\" content=\"800\" \/>\n\t<meta property=\"og:image:type\" content=\"image\/jpeg\" \/>\n<meta name=\"twitter:card\" content=\"summary_large_image\" \/>\n<meta name=\"twitter:label1\" content=\"Szacowany czas czytania\" \/>\n\t<meta name=\"twitter:data1\" content=\"2 minuty\" \/>\n<script type=\"application\/ld+json\" class=\"yoast-schema-graph\">{\"@context\":\"https:\/\/schema.org\",\"@graph\":[{\"@type\":\"WebPage\",\"@id\":\"https:\/\/ironsky.pl\/sklep\/produkt\/uchwyt-magnetyczny-sunnylife-761v2-do-osmo-pocket-3-czarny\/\",\"url\":\"https:\/\/ironsky.pl\/sklep\/produkt\/uchwyt-magnetyczny-sunnylife-761v2-do-osmo-pocket-3-czarny\/\",\"name\":\"Uchwyt magnetyczny SUNNYLIFE 761V2 do Osmo Pocket 3 (czarny) - IRONSKY.PL Sklep z Dronami\",\"isPartOf\":{\"@id\":\"https:\/\/ironsky.pl\/sklep\/#website\"},\"primaryImageOfPage\":{\"@id\":\"https:\/\/ironsky.pl\/sklep\/produkt\/uchwyt-magnetyczny-sunnylife-761v2-do-osmo-pocket-3-czarny\/#primaryimage\"},\"image\":{\"@id\":\"https:\/\/ironsky.pl\/sklep\/produkt\/uchwyt-magnetyczny-sunnylife-761v2-do-osmo-pocket-3-czarny\/#primaryimage\"},\"thumbnailUrl\":\"https:\/\/ironsky.pl\/sklep\/wp-content\/uploads\/2025\/10\/54926_1.jpg\",\"datePublished\":\"2026-04-15T09:10:41+00:00\",\"dateModified\":\"2026-04-15T09:10:45+00:00\",\"description\":\"Uchwyt magnetyczny SUNNYLIFE 761V2 do Osmo Pocket 3 (czarny) - \u2705 sklep z dronami i fachowym doradztwem. \u2705 Tutaj kupisz produkty DJI, Yuneec, Parrot, Syma i wiele innych, a tak\u017ce kursy i licencje na operatora drona.\",\"breadcrumb\":{\"@id\":\"https:\/\/ironsky.pl\/sklep\/produkt\/uchwyt-magnetyczny-sunnylife-761v2-do-osmo-pocket-3-czarny\/#breadcrumb\"},\"inLanguage\":\"pl-PL\",\"potentialAction\":[{\"@type\":\"ReadAction\",\"target\":[\"https:\/\/ironsky.pl\/sklep\/produkt\/uchwyt-magnetyczny-sunnylife-761v2-do-osmo-pocket-3-czarny\/\"]}]},{\"@type\":\"ImageObject\",\"inLanguage\":\"pl-PL\",\"@id\":\"https:\/\/ironsky.pl\/sklep\/produkt\/uchwyt-magnetyczny-sunnylife-761v2-do-osmo-pocket-3-czarny\/#primaryimage\",\"url\":\"https:\/\/ironsky.pl\/sklep\/wp-content\/uploads\/2025\/10\/54926_1.jpg\",\"contentUrl\":\"https:\/\/ironsky.pl\/sklep\/wp-content\/uploads\/2025\/10\/54926_1.jpg\",\"width\":800,\"height\":800},{\"@type\":\"BreadcrumbList\",\"@id\":\"https:\/\/ironsky.pl\/sklep\/produkt\/uchwyt-magnetyczny-sunnylife-761v2-do-osmo-pocket-3-czarny\/#breadcrumb\",\"itemListElement\":[{\"@type\":\"ListItem\",\"position\":1,\"name\":\"Strona g\u0142\u00f3wna\",\"item\":\"https:\/\/ironsky.pl\/sklep\/\"},{\"@type\":\"ListItem\",\"position\":2,\"name\":\"Wszystkie produkty\",\"item\":\"https:\/\/ironsky.pl\/sklep\/produkty\/\"},{\"@type\":\"ListItem\",\"position\":3,\"name\":\"Uchwyt magnetyczny SUNNYLIFE 761V2 do Osmo Pocket 3 (czarny)\"}]},{\"@type\":\"WebSite\",\"@id\":\"https:\/\/ironsky.pl\/sklep\/#website\",\"url\":\"https:\/\/ironsky.pl\/sklep\/\",\"name\":\"IRONSKY.PL Sklep z Dronami\",\"description\":\"IRONSKY.PL Sklep z Dronami\",\"potentialAction\":[{\"@type\":\"SearchAction\",\"target\":{\"@type\":\"EntryPoint\",\"urlTemplate\":\"https:\/\/ironsky.pl\/sklep\/?s={search_term_string}\"},\"query-input\":{\"@type\":\"PropertyValueSpecification\",\"valueRequired\":true,\"valueName\":\"search_term_string\"}}],\"inLanguage\":\"pl-PL\"}]}<\/script>\n<!-- \/ Yoast SEO plugin. -->","yoast_head_json":{"title":"Uchwyt magnetyczny SUNNYLIFE 761V2 do Osmo Pocket 3 (czarny) - IRONSKY.PL Sklep z Dronami","description":"Uchwyt magnetyczny SUNNYLIFE 761V2 do Osmo Pocket 3 (czarny) - \u2705 sklep z dronami i fachowym doradztwem. \u2705 Tutaj kupisz produkty DJI, Yuneec, Parrot, Syma i wiele innych, a tak\u017ce kursy i licencje na operatora drona.","robots":{"index":"index","follow":"follow","max-snippet":"max-snippet:-1","max-image-preview":"max-image-preview:large","max-video-preview":"max-video-preview:-1"},"canonical":"https:\/\/ironsky.pl\/sklep\/produkt\/uchwyt-magnetyczny-sunnylife-761v2-do-osmo-pocket-3-czarny\/","og_locale":"pl_PL","og_type":"article","og_title":"Uchwyt magnetyczny SUNNYLIFE 761V2 do Osmo Pocket 3 (czarny) - IRONSKY.PL Sklep z Dronami","og_description":"Uchwyt magnetyczny SUNNYLIFE 761V2 do Osmo Pocket 3 (czarny) - \u2705 sklep z dronami i fachowym doradztwem. \u2705 Tutaj kupisz produkty DJI, Yuneec, Parrot, Syma i wiele innych, a tak\u017ce kursy i licencje na operatora drona.","og_url":"https:\/\/ironsky.pl\/sklep\/produkt\/uchwyt-magnetyczny-sunnylife-761v2-do-osmo-pocket-3-czarny\/","og_site_name":"IRONSKY.PL Sklep z Dronami","article_modified_time":"2026-04-15T09:10:45+00:00","og_image":[{"width":800,"height":800,"url":"https:\/\/ironsky.pl\/sklep\/wp-content\/uploads\/2025\/10\/54926_1.jpg","type":"image\/jpeg"}],"twitter_card":"summary_large_image","twitter_misc":{"Szacowany czas czytania":"2 minuty"},"schema":{"@context":"https:\/\/schema.org","@graph":[{"@type":"WebPage","@id":"https:\/\/ironsky.pl\/sklep\/produkt\/uchwyt-magnetyczny-sunnylife-761v2-do-osmo-pocket-3-czarny\/","url":"https:\/\/ironsky.pl\/sklep\/produkt\/uchwyt-magnetyczny-sunnylife-761v2-do-osmo-pocket-3-czarny\/","name":"Uchwyt magnetyczny SUNNYLIFE 761V2 do Osmo Pocket 3 (czarny) - IRONSKY.PL Sklep z Dronami","isPartOf":{"@id":"https:\/\/ironsky.pl\/sklep\/#website"},"primaryImageOfPage":{"@id":"https:\/\/ironsky.pl\/sklep\/produkt\/uchwyt-magnetyczny-sunnylife-761v2-do-osmo-pocket-3-czarny\/#primaryimage"},"image":{"@id":"https:\/\/ironsky.pl\/sklep\/produkt\/uchwyt-magnetyczny-sunnylife-761v2-do-osmo-pocket-3-czarny\/#primaryimage"},"thumbnailUrl":"https:\/\/ironsky.pl\/sklep\/wp-content\/uploads\/2025\/10\/54926_1.jpg","datePublished":"2026-04-15T09:10:41+00:00","dateModified":"2026-04-15T09:10:45+00:00","description":"Uchwyt magnetyczny SUNNYLIFE 761V2 do Osmo Pocket 3 (czarny) - \u2705 sklep z dronami i fachowym doradztwem. \u2705 Tutaj kupisz produkty DJI, Yuneec, Parrot, Syma i wiele innych, a tak\u017ce kursy i licencje na operatora drona.","breadcrumb":{"@id":"https:\/\/ironsky.pl\/sklep\/produkt\/uchwyt-magnetyczny-sunnylife-761v2-do-osmo-pocket-3-czarny\/#breadcrumb"},"inLanguage":"pl-PL","potentialAction":[{"@type":"ReadAction","target":["https:\/\/ironsky.pl\/sklep\/produkt\/uchwyt-magnetyczny-sunnylife-761v2-do-osmo-pocket-3-czarny\/"]}]},{"@type":"ImageObject","inLanguage":"pl-PL","@id":"https:\/\/ironsky.pl\/sklep\/produkt\/uchwyt-magnetyczny-sunnylife-761v2-do-osmo-pocket-3-czarny\/#primaryimage","url":"https:\/\/ironsky.pl\/sklep\/wp-content\/uploads\/2025\/10\/54926_1.jpg","contentUrl":"https:\/\/ironsky.pl\/sklep\/wp-content\/uploads\/2025\/10\/54926_1.jpg","width":800,"height":800},{"@type":"BreadcrumbList","@id":"https:\/\/ironsky.pl\/sklep\/produkt\/uchwyt-magnetyczny-sunnylife-761v2-do-osmo-pocket-3-czarny\/#breadcrumb","itemListElement":[{"@type":"ListItem","position":1,"name":"Strona g\u0142\u00f3wna","item":"https:\/\/ironsky.pl\/sklep\/"},{"@type":"ListItem","position":2,"name":"Wszystkie produkty","item":"https:\/\/ironsky.pl\/sklep\/produkty\/"},{"@type":"ListItem","position":3,"name":"Uchwyt magnetyczny SUNNYLIFE 761V2 do Osmo Pocket 3 (czarny)"}]},{"@type":"WebSite","@id":"https:\/\/ironsky.pl\/sklep\/#website","url":"https:\/\/ironsky.pl\/sklep\/","name":"IRONSKY.PL Sklep z Dronami","description":"IRONSKY.PL Sklep z Dronami","potentialAction":[{"@type":"SearchAction","target":{"@type":"EntryPoint","urlTemplate":"https:\/\/ironsky.pl\/sklep\/?s={search_term_string}"},"query-input":{"@type":"PropertyValueSpecification","valueRequired":true,"valueName":"search_term_string"}}],"inLanguage":"pl-PL"}]}},"_links":{"self":[{"href":"https:\/\/ironsky.pl\/sklep\/wp-json\/wp\/v2\/product\/60931","targetHints":{"allow":["GET"]}}],"collection":[{"href":"https:\/\/ironsky.pl\/sklep\/wp-json\/wp\/v2\/product"}],"about":[{"href":"https:\/\/ironsky.pl\/sklep\/wp-json\/wp\/v2\/types\/product"}],"replies":[{"embeddable":true,"href":"https:\/\/ironsky.pl\/sklep\/wp-json\/wp\/v2\/comments?post=60931"}],"wp:featuredmedia":[{"embeddable":true,"href":"https:\/\/ironsky.pl\/sklep\/wp-json\/wp\/v2\/media\/50343"}],"wp:attachment":[{"href":"https:\/\/ironsky.pl\/sklep\/wp-json\/wp\/v2\/media?parent=60931"}],"wp:term":[{"taxonomy":"product_brand","embeddable":true,"href":"https:\/\/ironsky.pl\/sklep\/wp-json\/wp\/v2\/product_brand?post=60931"},{"taxonomy":"product_cat","embeddable":true,"href":"https:\/\/ironsky.pl\/sklep\/wp-json\/wp\/v2\/product_cat?post=60931"},{"taxonomy":"product_tag","embeddable":true,"href":"https:\/\/ironsky.pl\/sklep\/wp-json\/wp\/v2\/product_tag?post=60931"}],"curies":[{"name":"wp","href":"https:\/\/api.w.org\/{rel}","templated":true}]}}