{"id":60929,"date":"2026-04-15T11:10:41","date_gmt":"2026-04-15T09:10:41","guid":{"rendered":"https:\/\/ironsky.pl\/sklep\/produkt\/adapter-magnetyczny-sunnylife-761v3-do-osmo-pocket-3-czarny\/"},"modified":"2026-04-15T11:10:43","modified_gmt":"2026-04-15T09:10:43","slug":"adapter-magnetyczny-sunnylife-761v3-do-osmo-pocket-3-czarny","status":"publish","type":"product","link":"https:\/\/ironsky.pl\/sklep\/produkt\/adapter-magnetyczny-sunnylife-761v3-do-osmo-pocket-3-czarny\/","title":{"rendered":"Adapter magnetyczny SUNNYLIFE 761V3 do Osmo Pocket 3 (czarny)"},"content":{"rendered":"<h3>Magnetyczny adapter uchwytu Sunnylife 761V3 do OP 3 (czarny)<\/h3>\n<p>Adapter magnetyczny Sunnylife 761V3 do kamery Osmo Pocket 3 to wszechstronne akcesorium, kt\u00f3re zapewnia szybki monta\u017c dzi\u0119ki charakterystycznemu kszta\u0142towi przypominaj\u0105cego kocie uszy i mocnym magnesom, gwarantuj\u0105cym stabilno\u015b\u0107 nawet w dynamicznych warunkach. Oferuje rozbudowane opcje monta\u017cu, w tym gwint 1\/4&#8243;, sk\u0142adany uchwyt 2-wtykowy oraz z\u0142\u0105cze cold shoe do pod\u0142\u0105czenia mikrofon\u00f3w i o\u015bwietlenia. Mo\u017ce pe\u0142ni\u0107 funkcj\u0119 statywu sto\u0142owego, sprawdza si\u0119 w vlogowaniu, uj\u0119ciach time-lapse i monta\u017cu na samochodzie. Jest kompatybilny z oryginalnymi i kolorowymi os\u0142onami Sunnylife, a mi\u0119kkie podk\u0142adki chroni\u0105 kamer\u0119 przed wstrz\u0105sami. W zestawie znajduj\u0105 si\u0119 metalowe blaszki z mocnym klejem oraz klucz do dokr\u0119cania uchwytu.<\/p>\n<p>\n<img decoding=\"async\" src=\"https:\/\/assets.innpro.pl\/18045\/23941\/1.jpg\" border=\"0\" alt=\"Trzy uj\u0119cia kamery DJI Pocket ustawionej na r\u00f3\u017cnych poziomach nachylenia z rozk\u0142adan\u0105 podp\u00f3rk\u0105 na jasnym tle\" \/>\n<\/p>\n<h3>Szybki monta\u017c i stabilno\u015b\u0107<\/h3>\n<p>Adapter posiada charakterystyczny kszta\u0142t \u201ekocich uszu\u201d, kt\u00f3ry umo\u017cliwia \u0142atwe i szybkie pozycjonowanie uchwytu. Wbudowane 6 magnes\u00f3w o wysokiej sile przyci\u0105gania gwarantuje bezpieczne mocowanie kamery nawet podczas intensywnych aktywno\u015bci na zewn\u0105trz. Dodatkowo antypo\u015blizgowa silikonowa podk\u0142adka stabilizuje urz\u0105dzenie i chroni je przed zarysowaniami.<\/p>\n<p>\n<img decoding=\"async\" src=\"https:\/\/assets.innpro.pl\/18045\/23941\/2.jpg\" border=\"0\" alt=\"Kamera DJI Pocket przymocowana magnetycznie do metalowej powierzchni obok z\u0142o\u017conego uchwytu w etui r\u00f3\u017cowo-czarnym na stole\" \/>\n<\/p>\n<h3>Uniwersalne mo\u017cliwo\u015bci rozbudowy<\/h3>\n<p>Sunnylife 761V3 oferuje r\u00f3\u017cnorodne interfejsy monta\u017cowe, takie jak gwint 1\/4 cala, sk\u0142adane mocowanie 2-wtykowe oraz adapter typu cold shoe. Gwint 1\/4\u201d pozwala na po\u0142\u0105czenie Osmo Pocket 3 z innymi kamerami (wymaga adaptera cold shoe 1\/4&#8243;, brak w zestawie), co umo\u017cliwia uzyskanie szerszych k\u0105t\u00f3w nagrywania i ciekawszych uj\u0119\u0107. Sk\u0142adany uchwyt 2-wtykowy jest kompatybilny z wieloma akcesoriami Sunnylife. Natomiast z\u0142\u0105cze cold shoe pozwala na monta\u017c akcesori\u00f3w takich jak mikrofony czy lampy do\u015bwietlaj\u0105ce.<\/p>\n<p>\n<img decoding=\"async\" src=\"https:\/\/assets.innpro.pl\/18045\/23941\/3.jpg\" border=\"0\" alt=\"Uchwyt magnetyczny Sunnylife w kolorze czarnym z gwintem statywowym, przedstawiony na bia\u0142ym tle\" \/>\n<\/p>\n<h3>Elastyczne zastosowanie w r\u00f3\u017cnych sytuacjach<\/h3>\n<p>Adapter mo\u017ce pe\u0142ni\u0107 funkcj\u0119 statywu sto\u0142owego, co pozwala na uzyskanie nowych perspektyw podczas nagrywania. Sprawdzi si\u0119 doskonale w r\u00f3\u017cnych scenariuszach \u2013 w samochodzie, do vlogowania, do tworzenia uj\u0119\u0107 poklatkowych (time lapse), itd. Dzi\u0119ki swojej kompaktowej konstrukcji urz\u0105dzenie mo\u017cna \u0142atwo wykorzysta\u0107 zar\u00f3wno w profesjonalnym studio, jak i w plenerze.<\/p>\n<p>\n<img decoding=\"async\" src=\"https:\/\/assets.innpro.pl\/18045\/23941\/4.jpg\" border=\"0\" alt=\"Osoba trzymaj\u0105ca z\u0142o\u017con\u0105 kamer\u0119 DJI Pocket z zamontowanym magnetycznym uchwytem z gwintem\" \/>\n<\/p>\n<h3>Przemy\u015blana konstrukcja ochronna<\/h3>\n<p>Adapter mo\u017ce by\u0107 u\u017cywany bez demonta\u017cu oryginalnej os\u0142ony ochronnej DJI oraz kolorowych os\u0142on Sunnylife, takich jak modele K933 czy K990. Umo\u017cliwia to szybk\u0105 prac\u0119 bez konieczno\u015bci zdejmowania os\u0142on. Wbudowane mi\u0119kkie podk\u0142adki u\u0142atwiaj\u0105 lepsze dopasowanie Osmo Pocket 3 i chroni\u0105 przed wstrz\u0105sami i zarysowaniami. Podczas przerw w nagrywaniu uchwyt zapewnia kamerze pe\u0142n\u0105 ochron\u0119, zw\u0142aszcza w po\u0142\u0105czeniu z os\u0142onami Sunnylife.<\/p>\n<p>\n<img decoding=\"async\" src=\"https:\/\/assets.innpro.pl\/18045\/23941\/5.jpg\" border=\"0\" alt=\"Wizualizacja dzia\u0142ania uchwytu magnetycznego z o\u015bmioma magnesami neodymowymi przyci\u0105ganymi do podstawy\" \/>\n<\/p>\n<h3>Mocowanie i akcesoria w zestawie<\/h3>\n<p>W komplecie znajduj\u0105 si\u0119 metalowe blaszki z mocnym klejem \u2013 idealne do monta\u017cu na g\u0142adkich, czystych powierzchniach takich jak drewno, p\u0142ytki, marmur, metal, szk\u0142o czy \u015bciany. Nale\u017cy pami\u0119ta\u0107, \u017ce klej na metalowych blaszkach jest jednorazowego u\u017cytku. Do zestawu do\u0142\u0105czony jest tak\u017ce klucz, dzi\u0119ki kt\u00f3remu mo\u017cna dodatkowo dokr\u0119ci\u0107 o\u015b uchwytu, zapewniaj\u0105c jeszcze wi\u0119ksz\u0105 stabilno\u015b\u0107 konstrukcji.<\/p>\n<p>\n<img decoding=\"async\" src=\"https:\/\/assets.innpro.pl\/18045\/23941\/6.jpg\" border=\"0\" alt=\"Trzy wersje uchwytu magnetycznego Sunnylife w kolorach \u017c\u00f3\u0142tym, czarnym i niebieskim, ustawione na kolorowych podstawkach\" \/>\n<\/p>\n<h3>W zestawie<\/h3>\n<ul class=\"list-disc pl-5\">\n<li>magnetyczny adapter uchwytu<\/li>\n<li>metalowe blaszki z mocnym klejem<\/li>\n<li>instrukcja obs\u0142ugi<\/li>\n<\/ul>\n<div class=\"table-wrapper\">\n<p>\u00a0<\/p>\n<h3><\/h3>\n<table>\n<tbody>\n<tr>\n<th>Producent<\/th>\n<td>Sunnylife<\/td>\n<\/tr>\n<tr>\n<th>Model<\/th>\n<td>761V3<\/td>\n<\/tr>\n<tr>\n<th>Kompatybilno\u015b\u0107<\/th>\n<td>Osmo Pocket 3<\/td>\n<\/tr>\n<tr>\n<th>Materia\u0142 wykonania<\/th>\n<td>Plastik, magnes, silikon<\/td>\n<\/tr>\n<tr>\n<th>Waga<\/th>\n<td>58 g<\/td>\n<\/tr>\n<tr>\n<th>Wymiary<\/th>\n<td>83 x 46 x 48 mm<\/td>\n<\/tr>\n<tr>\n<th>Kolor<\/th>\n<td>Czarny<\/td>\n<\/tr>\n<\/tbody>\n<\/table>\n<\/div>\n","protected":false},"excerpt":{"rendered":"<p>Magnetyczny adapter uchwytu Sunnylife 761V3 do OP 3 (czarny) Adapter magnetyczny Sunnylife 761V3 do kamery Osmo Pocket 3 to wszechstronne<\/p>\n","protected":false},"featured_media":50338,"comment_status":"closed","ping_status":"open","template":"","meta":{"_acf_changed":false},"product_brand":[],"product_cat":[1130,6208,1128],"product_tag":[],"class_list":{"0":"post-60929","1":"product","2":"type-product","3":"status-publish","4":"has-post-thumbnail","6":"product_cat-akcesoria-foto","7":"product_cat-do-gimbali","8":"product_cat-foto-wideo","9":"pa_okres-gwarancji-5754","10":"pa_producent-sunnylife","12":"first","13":"outofstock","14":"taxable","15":"shipping-taxable","16":"purchasable","17":"product-type-simple"},"acf":[],"yoast_head":"<!-- This site is optimized with the Yoast SEO plugin v27.2 - https:\/\/yoast.com\/product\/yoast-seo-wordpress\/ -->\n<title>Adapter magnetyczny SUNNYLIFE 761V3 do Osmo Pocket 3 (czarny) - IRONSKY.PL Sklep z Dronami<\/title>\n<meta name=\"description\" content=\"Adapter magnetyczny SUNNYLIFE 761V3 do Osmo Pocket 3 (czarny) - \u2705 sklep z dronami i fachowym doradztwem. \u2705 Tutaj kupisz produkty DJI, Yuneec, Parrot, Syma i wiele innych, a tak\u017ce kursy i licencje na operatora drona.\" \/>\n<meta name=\"robots\" content=\"index, follow, max-snippet:-1, max-image-preview:large, max-video-preview:-1\" \/>\n<link rel=\"canonical\" href=\"https:\/\/ironsky.pl\/sklep\/produkt\/adapter-magnetyczny-sunnylife-761v3-do-osmo-pocket-3-czarny\/\" \/>\n<meta property=\"og:locale\" content=\"pl_PL\" \/>\n<meta property=\"og:type\" content=\"article\" \/>\n<meta property=\"og:title\" content=\"Adapter magnetyczny SUNNYLIFE 761V3 do Osmo Pocket 3 (czarny) - IRONSKY.PL Sklep z Dronami\" \/>\n<meta property=\"og:description\" content=\"Adapter magnetyczny SUNNYLIFE 761V3 do Osmo Pocket 3 (czarny) - \u2705 sklep z dronami i fachowym doradztwem. \u2705 Tutaj kupisz produkty DJI, Yuneec, Parrot, Syma i wiele innych, a tak\u017ce kursy i licencje na operatora drona.\" \/>\n<meta property=\"og:url\" content=\"https:\/\/ironsky.pl\/sklep\/produkt\/adapter-magnetyczny-sunnylife-761v3-do-osmo-pocket-3-czarny\/\" \/>\n<meta property=\"og:site_name\" content=\"IRONSKY.PL Sklep z Dronami\" \/>\n<meta property=\"article:modified_time\" content=\"2026-04-15T09:10:43+00:00\" \/>\n<meta property=\"og:image\" content=\"https:\/\/ironsky.pl\/sklep\/wp-content\/uploads\/2025\/10\/54922_1.jpg\" \/>\n\t<meta property=\"og:image:width\" content=\"800\" \/>\n\t<meta property=\"og:image:height\" content=\"800\" \/>\n\t<meta property=\"og:image:type\" content=\"image\/jpeg\" \/>\n<meta name=\"twitter:card\" content=\"summary_large_image\" \/>\n<meta name=\"twitter:label1\" content=\"Szacowany czas czytania\" \/>\n\t<meta name=\"twitter:data1\" content=\"2 minuty\" \/>\n<script type=\"application\/ld+json\" class=\"yoast-schema-graph\">{\"@context\":\"https:\/\/schema.org\",\"@graph\":[{\"@type\":\"WebPage\",\"@id\":\"https:\/\/ironsky.pl\/sklep\/produkt\/adapter-magnetyczny-sunnylife-761v3-do-osmo-pocket-3-czarny\/\",\"url\":\"https:\/\/ironsky.pl\/sklep\/produkt\/adapter-magnetyczny-sunnylife-761v3-do-osmo-pocket-3-czarny\/\",\"name\":\"Adapter magnetyczny SUNNYLIFE 761V3 do Osmo Pocket 3 (czarny) - IRONSKY.PL Sklep z Dronami\",\"isPartOf\":{\"@id\":\"https:\/\/ironsky.pl\/sklep\/#website\"},\"primaryImageOfPage\":{\"@id\":\"https:\/\/ironsky.pl\/sklep\/produkt\/adapter-magnetyczny-sunnylife-761v3-do-osmo-pocket-3-czarny\/#primaryimage\"},\"image\":{\"@id\":\"https:\/\/ironsky.pl\/sklep\/produkt\/adapter-magnetyczny-sunnylife-761v3-do-osmo-pocket-3-czarny\/#primaryimage\"},\"thumbnailUrl\":\"https:\/\/ironsky.pl\/sklep\/wp-content\/uploads\/2025\/10\/54922_1.jpg\",\"datePublished\":\"2026-04-15T09:10:41+00:00\",\"dateModified\":\"2026-04-15T09:10:43+00:00\",\"description\":\"Adapter magnetyczny SUNNYLIFE 761V3 do Osmo Pocket 3 (czarny) - \u2705 sklep z dronami i fachowym doradztwem. \u2705 Tutaj kupisz produkty DJI, Yuneec, Parrot, Syma i wiele innych, a tak\u017ce kursy i licencje na operatora drona.\",\"breadcrumb\":{\"@id\":\"https:\/\/ironsky.pl\/sklep\/produkt\/adapter-magnetyczny-sunnylife-761v3-do-osmo-pocket-3-czarny\/#breadcrumb\"},\"inLanguage\":\"pl-PL\",\"potentialAction\":[{\"@type\":\"ReadAction\",\"target\":[\"https:\/\/ironsky.pl\/sklep\/produkt\/adapter-magnetyczny-sunnylife-761v3-do-osmo-pocket-3-czarny\/\"]}]},{\"@type\":\"ImageObject\",\"inLanguage\":\"pl-PL\",\"@id\":\"https:\/\/ironsky.pl\/sklep\/produkt\/adapter-magnetyczny-sunnylife-761v3-do-osmo-pocket-3-czarny\/#primaryimage\",\"url\":\"https:\/\/ironsky.pl\/sklep\/wp-content\/uploads\/2025\/10\/54922_1.jpg\",\"contentUrl\":\"https:\/\/ironsky.pl\/sklep\/wp-content\/uploads\/2025\/10\/54922_1.jpg\",\"width\":800,\"height\":800},{\"@type\":\"BreadcrumbList\",\"@id\":\"https:\/\/ironsky.pl\/sklep\/produkt\/adapter-magnetyczny-sunnylife-761v3-do-osmo-pocket-3-czarny\/#breadcrumb\",\"itemListElement\":[{\"@type\":\"ListItem\",\"position\":1,\"name\":\"Strona g\u0142\u00f3wna\",\"item\":\"https:\/\/ironsky.pl\/sklep\/\"},{\"@type\":\"ListItem\",\"position\":2,\"name\":\"Wszystkie produkty\",\"item\":\"https:\/\/ironsky.pl\/sklep\/produkty\/\"},{\"@type\":\"ListItem\",\"position\":3,\"name\":\"Adapter magnetyczny SUNNYLIFE 761V3 do Osmo Pocket 3 (czarny)\"}]},{\"@type\":\"WebSite\",\"@id\":\"https:\/\/ironsky.pl\/sklep\/#website\",\"url\":\"https:\/\/ironsky.pl\/sklep\/\",\"name\":\"IRONSKY.PL Sklep z Dronami\",\"description\":\"IRONSKY.PL Sklep z Dronami\",\"potentialAction\":[{\"@type\":\"SearchAction\",\"target\":{\"@type\":\"EntryPoint\",\"urlTemplate\":\"https:\/\/ironsky.pl\/sklep\/?s={search_term_string}\"},\"query-input\":{\"@type\":\"PropertyValueSpecification\",\"valueRequired\":true,\"valueName\":\"search_term_string\"}}],\"inLanguage\":\"pl-PL\"}]}<\/script>\n<!-- \/ Yoast SEO plugin. -->","yoast_head_json":{"title":"Adapter magnetyczny SUNNYLIFE 761V3 do Osmo Pocket 3 (czarny) - IRONSKY.PL Sklep z Dronami","description":"Adapter magnetyczny SUNNYLIFE 761V3 do Osmo Pocket 3 (czarny) - \u2705 sklep z dronami i fachowym doradztwem. \u2705 Tutaj kupisz produkty DJI, Yuneec, Parrot, Syma i wiele innych, a tak\u017ce kursy i licencje na operatora drona.","robots":{"index":"index","follow":"follow","max-snippet":"max-snippet:-1","max-image-preview":"max-image-preview:large","max-video-preview":"max-video-preview:-1"},"canonical":"https:\/\/ironsky.pl\/sklep\/produkt\/adapter-magnetyczny-sunnylife-761v3-do-osmo-pocket-3-czarny\/","og_locale":"pl_PL","og_type":"article","og_title":"Adapter magnetyczny SUNNYLIFE 761V3 do Osmo Pocket 3 (czarny) - IRONSKY.PL Sklep z Dronami","og_description":"Adapter magnetyczny SUNNYLIFE 761V3 do Osmo Pocket 3 (czarny) - \u2705 sklep z dronami i fachowym doradztwem. \u2705 Tutaj kupisz produkty DJI, Yuneec, Parrot, Syma i wiele innych, a tak\u017ce kursy i licencje na operatora drona.","og_url":"https:\/\/ironsky.pl\/sklep\/produkt\/adapter-magnetyczny-sunnylife-761v3-do-osmo-pocket-3-czarny\/","og_site_name":"IRONSKY.PL Sklep z Dronami","article_modified_time":"2026-04-15T09:10:43+00:00","og_image":[{"width":800,"height":800,"url":"https:\/\/ironsky.pl\/sklep\/wp-content\/uploads\/2025\/10\/54922_1.jpg","type":"image\/jpeg"}],"twitter_card":"summary_large_image","twitter_misc":{"Szacowany czas czytania":"2 minuty"},"schema":{"@context":"https:\/\/schema.org","@graph":[{"@type":"WebPage","@id":"https:\/\/ironsky.pl\/sklep\/produkt\/adapter-magnetyczny-sunnylife-761v3-do-osmo-pocket-3-czarny\/","url":"https:\/\/ironsky.pl\/sklep\/produkt\/adapter-magnetyczny-sunnylife-761v3-do-osmo-pocket-3-czarny\/","name":"Adapter magnetyczny SUNNYLIFE 761V3 do Osmo Pocket 3 (czarny) - IRONSKY.PL Sklep z Dronami","isPartOf":{"@id":"https:\/\/ironsky.pl\/sklep\/#website"},"primaryImageOfPage":{"@id":"https:\/\/ironsky.pl\/sklep\/produkt\/adapter-magnetyczny-sunnylife-761v3-do-osmo-pocket-3-czarny\/#primaryimage"},"image":{"@id":"https:\/\/ironsky.pl\/sklep\/produkt\/adapter-magnetyczny-sunnylife-761v3-do-osmo-pocket-3-czarny\/#primaryimage"},"thumbnailUrl":"https:\/\/ironsky.pl\/sklep\/wp-content\/uploads\/2025\/10\/54922_1.jpg","datePublished":"2026-04-15T09:10:41+00:00","dateModified":"2026-04-15T09:10:43+00:00","description":"Adapter magnetyczny SUNNYLIFE 761V3 do Osmo Pocket 3 (czarny) - \u2705 sklep z dronami i fachowym doradztwem. \u2705 Tutaj kupisz produkty DJI, Yuneec, Parrot, Syma i wiele innych, a tak\u017ce kursy i licencje na operatora drona.","breadcrumb":{"@id":"https:\/\/ironsky.pl\/sklep\/produkt\/adapter-magnetyczny-sunnylife-761v3-do-osmo-pocket-3-czarny\/#breadcrumb"},"inLanguage":"pl-PL","potentialAction":[{"@type":"ReadAction","target":["https:\/\/ironsky.pl\/sklep\/produkt\/adapter-magnetyczny-sunnylife-761v3-do-osmo-pocket-3-czarny\/"]}]},{"@type":"ImageObject","inLanguage":"pl-PL","@id":"https:\/\/ironsky.pl\/sklep\/produkt\/adapter-magnetyczny-sunnylife-761v3-do-osmo-pocket-3-czarny\/#primaryimage","url":"https:\/\/ironsky.pl\/sklep\/wp-content\/uploads\/2025\/10\/54922_1.jpg","contentUrl":"https:\/\/ironsky.pl\/sklep\/wp-content\/uploads\/2025\/10\/54922_1.jpg","width":800,"height":800},{"@type":"BreadcrumbList","@id":"https:\/\/ironsky.pl\/sklep\/produkt\/adapter-magnetyczny-sunnylife-761v3-do-osmo-pocket-3-czarny\/#breadcrumb","itemListElement":[{"@type":"ListItem","position":1,"name":"Strona g\u0142\u00f3wna","item":"https:\/\/ironsky.pl\/sklep\/"},{"@type":"ListItem","position":2,"name":"Wszystkie produkty","item":"https:\/\/ironsky.pl\/sklep\/produkty\/"},{"@type":"ListItem","position":3,"name":"Adapter magnetyczny SUNNYLIFE 761V3 do Osmo Pocket 3 (czarny)"}]},{"@type":"WebSite","@id":"https:\/\/ironsky.pl\/sklep\/#website","url":"https:\/\/ironsky.pl\/sklep\/","name":"IRONSKY.PL Sklep z Dronami","description":"IRONSKY.PL Sklep z Dronami","potentialAction":[{"@type":"SearchAction","target":{"@type":"EntryPoint","urlTemplate":"https:\/\/ironsky.pl\/sklep\/?s={search_term_string}"},"query-input":{"@type":"PropertyValueSpecification","valueRequired":true,"valueName":"search_term_string"}}],"inLanguage":"pl-PL"}]}},"_links":{"self":[{"href":"https:\/\/ironsky.pl\/sklep\/wp-json\/wp\/v2\/product\/60929","targetHints":{"allow":["GET"]}}],"collection":[{"href":"https:\/\/ironsky.pl\/sklep\/wp-json\/wp\/v2\/product"}],"about":[{"href":"https:\/\/ironsky.pl\/sklep\/wp-json\/wp\/v2\/types\/product"}],"replies":[{"embeddable":true,"href":"https:\/\/ironsky.pl\/sklep\/wp-json\/wp\/v2\/comments?post=60929"}],"wp:featuredmedia":[{"embeddable":true,"href":"https:\/\/ironsky.pl\/sklep\/wp-json\/wp\/v2\/media\/50338"}],"wp:attachment":[{"href":"https:\/\/ironsky.pl\/sklep\/wp-json\/wp\/v2\/media?parent=60929"}],"wp:term":[{"taxonomy":"product_brand","embeddable":true,"href":"https:\/\/ironsky.pl\/sklep\/wp-json\/wp\/v2\/product_brand?post=60929"},{"taxonomy":"product_cat","embeddable":true,"href":"https:\/\/ironsky.pl\/sklep\/wp-json\/wp\/v2\/product_cat?post=60929"},{"taxonomy":"product_tag","embeddable":true,"href":"https:\/\/ironsky.pl\/sklep\/wp-json\/wp\/v2\/product_tag?post=60929"}],"curies":[{"name":"wp","href":"https:\/\/api.w.org\/{rel}","templated":true}]}}