{"id":60926,"date":"2026-04-15T11:10:25","date_gmt":"2026-04-15T09:10:25","guid":{"rendered":"https:\/\/ironsky.pl\/sklep\/produkt\/szybkozlaczka-sunnylife-bk03-do-osmo-pocket-3-czarna-2\/"},"modified":"2026-04-15T11:10:40","modified_gmt":"2026-04-15T09:10:40","slug":"szybkozlaczka-sunnylife-bk03-do-osmo-pocket-3-czarna-2","status":"publish","type":"product","link":"https:\/\/ironsky.pl\/sklep\/produkt\/szybkozlaczka-sunnylife-bk03-do-osmo-pocket-3-czarna-2\/","title":{"rendered":"Szybkoz\u0142\u0105czka SUNNYLIFE BK03 do Osmo Pocket 3 (czarna)"},"content":{"rendered":"<h3>Szybkoz\u0142\u0105czka Sunnylife BK03 do OP 3 (czarna)<\/h3>\n<p>Szybkoz\u0142\u0105czka Sunnylife BK03 do kamery Osmo Pocket 3 to wszechstronny adapter z gwintem 1\/4&#8243;, mocowaniem cold shoe i sk\u0142adanym uchwytem 2-wtykowym, kt\u00f3ry pozwala pod\u0142\u0105czy\u0107 Twoj\u0105 kamer\u0119 do r\u00f3\u017cnych akcesori\u00f3w, takich jak uchwyty rowerowe, wysi\u0119gniki, lampy czy mikrofony. Kszta\u0142t przypominaj\u0105cy kocie uszy u\u0142atwia szybki monta\u017c, a mo\u017cliwo\u015b\u0107 wsp\u00f3\u0142pracy z adapterem Sunnylife AD82 rozszerza liczb\u0119 dost\u0119pnych z\u0142\u0105czy. Szybkoz\u0142\u0105czka dzia\u0142a z oryginaln\u0105 os\u0142on\u0105 ochronn\u0105 i pokrowcami Sunnylife K933\/K990, a wbudowane mi\u0119kkie podk\u0142adki chroni\u0105 urz\u0105dzenie przed zarysowaniami i wstrz\u0105sami, zapewniaj\u0105c pe\u0142ne bezpiecze\u0144stwo podczas nagrywania.<\/p>\n<p>\n<img decoding=\"async\" src=\"https:\/\/assets.innpro.pl\/18056\/23953\/1.jpg\" border=\"0\" alt=\"Kamera DJI Pocket zamontowana w uchwycie Sunnylife, pokazana z bliska, na kierownicy roweru oraz na wysi\u0119gniku trzymanym w d\u0142oni\" \/>\n<\/p>\n<h3>Zwi\u0119kszaj k\u0105ty uj\u0119\u0107 i mo\u017cliwo\u015bci nagrywania<\/h3>\n<p>Gwint 1\/4&#8243; umo\u017cliwia po\u0142\u0105czenie szybkoz\u0142\u0105czki z kamer\u0105, co pozwala uzyska\u0107 szersze k\u0105ty i bardziej zr\u00f3\u017cnicowane uj\u0119cia (konieczne jest u\u017cycie adaptera cold shoe 1\/4&#8243;, brak w zestawie). Charakterystyczny kszta\u0142t szybkoz\u0142\u0105czki przypominaj\u0105cy kocie uszy u\u0142atwia precyzyjne pozycjonowanie oraz b\u0142yskawiczny monta\u017c akcesorium.<\/p>\n<p>\n<img decoding=\"async\" src=\"https:\/\/assets.innpro.pl\/18056\/23953\/2.jpg\" border=\"0\" alt=\"Kamera DJI Pocket na statywie przed kobiet\u0105 siedz\u0105c\u0105 przy stole oraz zamontowana na szybie motocyklowej za pomoc\u0105 uchwytu Sunnylife\" \/>\n<\/p>\n<h3>Sk\u0142adany uchwyt\u00a0<\/h3>\n<p>Rozk\u0142adany system 2-wtykowy wsp\u00f3\u0142pracuje z wieloma akcesoriami Sunnylife, takimi jak uchwyty rowerowe czy wysi\u0119gniki. Umo\u017cliwia stabilne po\u0142o\u017cenie Pocket 3 na p\u0142asko, co zwi\u0119ksza bezpiecze\u0144stwo, zmniejsza op\u00f3r oraz u\u0142atwia podgl\u0105d ekranu. Dodatkowo pozwala wygodnie regulowa\u0107 k\u0105t nagrywania przy u\u017cyciu dr\u0105\u017ck\u00f3w przed\u0142u\u017caj\u0105cych.<\/p>\n<p>\n<img decoding=\"async\" src=\"https:\/\/assets.innpro.pl\/18056\/23953\/3.jpg\" border=\"0\" alt=\"Kamera DJI Pocket trzymana w d\u0142oni z zamontowan\u0105 lamp\u0105 LED po lewej stronie oraz z mikrofonem z os\u0142on\u0105 przeciwwietrzn\u0105 po prawej\" \/>\n<\/p>\n<h3>Szeroka kompatybilno\u015b\u0107<\/h3>\n<p>Interfejs adaptera do Pocket 3 umo\u017cliwia pod\u0142\u0105czenie adaptera Sunnylife AD82, aby uzyska\u0107 dwa z\u0142\u0105cza 2-wtykowe jednocze\u015bnie. Mocowanie typu cold shoe zapewnia kompatybilno\u015b\u0107 z akcesoriami, takimi jak lampy do\u015bwietlaj\u0105ce czy mikrofony, co znacz\u0105co rozszerza mo\u017cliwo\u015bci filmowania.<\/p>\n<p>\n<img decoding=\"async\" src=\"https:\/\/assets.innpro.pl\/18056\/23953\/4.jpg\" border=\"0\" alt=\"Trzy uj\u0119cia pokrowc\u00f3w na DJI Pocket w kolorze czarnym i r\u00f3\u017cowym, trzymanych w d\u0142oni w plenerze\" \/>\n<\/p>\n<h3>Bezpieczne u\u017cytkowanie\u00a0<\/h3>\n<p>Szybkoz\u0142\u0105czka mo\u017ce by\u0107 u\u017cywana bez konieczno\u015bci demonta\u017cu \u2013 dzia\u0142a zar\u00f3wno z oryginaln\u0105 os\u0142on\u0105 ochronn\u0105, jak i z pokrowcami Sunnylife K933 oraz K990. Po\u0142\u0105czenie magnetycznego uchwytu z os\u0142on\u0105 ochronn\u0105 Sunnylife pozwala zapewni\u0107 kamerze pe\u0142ne zabezpieczenie podczas nagrywania. Wbudowane mi\u0119kkie podk\u0142adki dodatkowo stabilizuj\u0105 urz\u0105dzenie, chroni\u0105c je przed zarysowaniami i wstrz\u0105sami. Dzi\u0119ki temu zyskujesz pewno\u015b\u0107, \u017ce Twoja kamera jest zawsze odpowiednio zabezpieczona.<\/p>\n<p>\n<img decoding=\"async\" src=\"https:\/\/assets.innpro.pl\/18056\/23953\/5.jpg\" border=\"0\" alt=\"Kamera DJI Pocket montowana na uchwycie r\u0119cznym z zatrzaskiem Sunnylife oraz widok gotowego zestawu trzymanego w d\u0142oni\" \/>\n<\/p>\n<div class=\"table-wrapper\">\n<p>\u00a0<\/p>\n<h3><\/h3>\n<table>\n<tbody>\n<tr>\n<th>Producent<\/th>\n<td>Sunnylife<\/td>\n<\/tr>\n<tr>\n<th>Model<\/th>\n<td>BK03<\/td>\n<\/tr>\n<tr>\n<th>Kompatybilno\u015b\u0107<\/th>\n<td>DJI Osmo Pocket 3<\/td>\n<\/tr>\n<tr>\n<th>Materia\u0142 wykonania<\/th>\n<td>Plastik<\/td>\n<\/tr>\n<tr>\n<th>Waga<\/th>\n<td>13g<\/td>\n<\/tr>\n<tr>\n<th>Wymiary<\/th>\n<td>42 x 46 x 24 mm<\/td>\n<\/tr>\n<tr>\n<th>Kolor<\/th>\n<td>Czarny<\/td>\n<\/tr>\n<\/tbody>\n<\/table>\n<\/div>\n","protected":false},"excerpt":{"rendered":"<p>Szybkoz\u0142\u0105czka Sunnylife BK03 do OP 3 (czarna) Szybkoz\u0142\u0105czka Sunnylife BK03 do kamery Osmo Pocket 3 to wszechstronny adapter z gwintem<\/p>\n","protected":false},"featured_media":51308,"comment_status":"closed","ping_status":"open","template":"","meta":{"_acf_changed":false},"product_brand":[],"product_cat":[1130,6208,1128],"product_tag":[],"class_list":{"0":"post-60926","1":"product","2":"type-product","3":"status-publish","4":"has-post-thumbnail","6":"product_cat-akcesoria-foto","7":"product_cat-do-gimbali","8":"product_cat-foto-wideo","9":"pa_okres-gwarancji-5754","10":"pa_producent-sunnylife","12":"first","13":"outofstock","14":"taxable","15":"shipping-taxable","16":"purchasable","17":"product-type-simple"},"acf":[],"yoast_head":"<!-- This site is optimized with the Yoast SEO plugin v27.2 - https:\/\/yoast.com\/product\/yoast-seo-wordpress\/ -->\n<title>Szybkoz\u0142\u0105czka SUNNYLIFE BK03 do Osmo Pocket 3 (czarna) - IRONSKY.PL Sklep z Dronami<\/title>\n<meta name=\"description\" content=\"Szybkoz\u0142\u0105czka SUNNYLIFE BK03 do Osmo Pocket 3 (czarna) - \u2705 sklep z dronami i fachowym doradztwem. \u2705 Tutaj kupisz produkty DJI, Yuneec, Parrot, Syma i wiele innych, a tak\u017ce kursy i licencje na operatora drona.\" \/>\n<meta name=\"robots\" content=\"index, follow, max-snippet:-1, max-image-preview:large, max-video-preview:-1\" \/>\n<link rel=\"canonical\" href=\"https:\/\/ironsky.pl\/sklep\/produkt\/szybkozlaczka-sunnylife-bk03-do-osmo-pocket-3-czarna-2\/\" \/>\n<meta property=\"og:locale\" content=\"pl_PL\" \/>\n<meta property=\"og:type\" content=\"article\" \/>\n<meta property=\"og:title\" content=\"Szybkoz\u0142\u0105czka SUNNYLIFE BK03 do Osmo Pocket 3 (czarna) - IRONSKY.PL Sklep z Dronami\" \/>\n<meta property=\"og:description\" content=\"Szybkoz\u0142\u0105czka SUNNYLIFE BK03 do Osmo Pocket 3 (czarna) - \u2705 sklep z dronami i fachowym doradztwem. \u2705 Tutaj kupisz produkty DJI, Yuneec, Parrot, Syma i wiele innych, a tak\u017ce kursy i licencje na operatora drona.\" \/>\n<meta property=\"og:url\" content=\"https:\/\/ironsky.pl\/sklep\/produkt\/szybkozlaczka-sunnylife-bk03-do-osmo-pocket-3-czarna-2\/\" \/>\n<meta property=\"og:site_name\" content=\"IRONSKY.PL Sklep z Dronami\" \/>\n<meta property=\"article:modified_time\" content=\"2026-04-15T09:10:40+00:00\" \/>\n<meta property=\"og:image\" content=\"https:\/\/ironsky.pl\/sklep\/wp-content\/uploads\/2026\/02\/54915_1.jpg\" \/>\n\t<meta property=\"og:image:width\" content=\"800\" \/>\n\t<meta property=\"og:image:height\" content=\"800\" \/>\n\t<meta property=\"og:image:type\" content=\"image\/jpeg\" \/>\n<meta name=\"twitter:card\" content=\"summary_large_image\" \/>\n<meta name=\"twitter:label1\" content=\"Szacowany czas czytania\" \/>\n\t<meta name=\"twitter:data1\" content=\"2 minuty\" \/>\n<script type=\"application\/ld+json\" class=\"yoast-schema-graph\">{\"@context\":\"https:\/\/schema.org\",\"@graph\":[{\"@type\":\"WebPage\",\"@id\":\"https:\/\/ironsky.pl\/sklep\/produkt\/szybkozlaczka-sunnylife-bk03-do-osmo-pocket-3-czarna-2\/\",\"url\":\"https:\/\/ironsky.pl\/sklep\/produkt\/szybkozlaczka-sunnylife-bk03-do-osmo-pocket-3-czarna-2\/\",\"name\":\"Szybkoz\u0142\u0105czka SUNNYLIFE BK03 do Osmo Pocket 3 (czarna) - IRONSKY.PL Sklep z Dronami\",\"isPartOf\":{\"@id\":\"https:\/\/ironsky.pl\/sklep\/#website\"},\"primaryImageOfPage\":{\"@id\":\"https:\/\/ironsky.pl\/sklep\/produkt\/szybkozlaczka-sunnylife-bk03-do-osmo-pocket-3-czarna-2\/#primaryimage\"},\"image\":{\"@id\":\"https:\/\/ironsky.pl\/sklep\/produkt\/szybkozlaczka-sunnylife-bk03-do-osmo-pocket-3-czarna-2\/#primaryimage\"},\"thumbnailUrl\":\"https:\/\/ironsky.pl\/sklep\/wp-content\/uploads\/2026\/02\/54915_1.jpg\",\"datePublished\":\"2026-04-15T09:10:25+00:00\",\"dateModified\":\"2026-04-15T09:10:40+00:00\",\"description\":\"Szybkoz\u0142\u0105czka SUNNYLIFE BK03 do Osmo Pocket 3 (czarna) - \u2705 sklep z dronami i fachowym doradztwem. \u2705 Tutaj kupisz produkty DJI, Yuneec, Parrot, Syma i wiele innych, a tak\u017ce kursy i licencje na operatora drona.\",\"breadcrumb\":{\"@id\":\"https:\/\/ironsky.pl\/sklep\/produkt\/szybkozlaczka-sunnylife-bk03-do-osmo-pocket-3-czarna-2\/#breadcrumb\"},\"inLanguage\":\"pl-PL\",\"potentialAction\":[{\"@type\":\"ReadAction\",\"target\":[\"https:\/\/ironsky.pl\/sklep\/produkt\/szybkozlaczka-sunnylife-bk03-do-osmo-pocket-3-czarna-2\/\"]}]},{\"@type\":\"ImageObject\",\"inLanguage\":\"pl-PL\",\"@id\":\"https:\/\/ironsky.pl\/sklep\/produkt\/szybkozlaczka-sunnylife-bk03-do-osmo-pocket-3-czarna-2\/#primaryimage\",\"url\":\"https:\/\/ironsky.pl\/sklep\/wp-content\/uploads\/2026\/02\/54915_1.jpg\",\"contentUrl\":\"https:\/\/ironsky.pl\/sklep\/wp-content\/uploads\/2026\/02\/54915_1.jpg\",\"width\":800,\"height\":800},{\"@type\":\"BreadcrumbList\",\"@id\":\"https:\/\/ironsky.pl\/sklep\/produkt\/szybkozlaczka-sunnylife-bk03-do-osmo-pocket-3-czarna-2\/#breadcrumb\",\"itemListElement\":[{\"@type\":\"ListItem\",\"position\":1,\"name\":\"Strona g\u0142\u00f3wna\",\"item\":\"https:\/\/ironsky.pl\/sklep\/\"},{\"@type\":\"ListItem\",\"position\":2,\"name\":\"Wszystkie produkty\",\"item\":\"https:\/\/ironsky.pl\/sklep\/produkty\/\"},{\"@type\":\"ListItem\",\"position\":3,\"name\":\"Szybkoz\u0142\u0105czka SUNNYLIFE BK03 do Osmo Pocket 3 (czarna)\"}]},{\"@type\":\"WebSite\",\"@id\":\"https:\/\/ironsky.pl\/sklep\/#website\",\"url\":\"https:\/\/ironsky.pl\/sklep\/\",\"name\":\"IRONSKY.PL Sklep z Dronami\",\"description\":\"IRONSKY.PL Sklep z Dronami\",\"potentialAction\":[{\"@type\":\"SearchAction\",\"target\":{\"@type\":\"EntryPoint\",\"urlTemplate\":\"https:\/\/ironsky.pl\/sklep\/?s={search_term_string}\"},\"query-input\":{\"@type\":\"PropertyValueSpecification\",\"valueRequired\":true,\"valueName\":\"search_term_string\"}}],\"inLanguage\":\"pl-PL\"}]}<\/script>\n<!-- \/ Yoast SEO plugin. -->","yoast_head_json":{"title":"Szybkoz\u0142\u0105czka SUNNYLIFE BK03 do Osmo Pocket 3 (czarna) - IRONSKY.PL Sklep z Dronami","description":"Szybkoz\u0142\u0105czka SUNNYLIFE BK03 do Osmo Pocket 3 (czarna) - \u2705 sklep z dronami i fachowym doradztwem. \u2705 Tutaj kupisz produkty DJI, Yuneec, Parrot, Syma i wiele innych, a tak\u017ce kursy i licencje na operatora drona.","robots":{"index":"index","follow":"follow","max-snippet":"max-snippet:-1","max-image-preview":"max-image-preview:large","max-video-preview":"max-video-preview:-1"},"canonical":"https:\/\/ironsky.pl\/sklep\/produkt\/szybkozlaczka-sunnylife-bk03-do-osmo-pocket-3-czarna-2\/","og_locale":"pl_PL","og_type":"article","og_title":"Szybkoz\u0142\u0105czka SUNNYLIFE BK03 do Osmo Pocket 3 (czarna) - IRONSKY.PL Sklep z Dronami","og_description":"Szybkoz\u0142\u0105czka SUNNYLIFE BK03 do Osmo Pocket 3 (czarna) - \u2705 sklep z dronami i fachowym doradztwem. \u2705 Tutaj kupisz produkty DJI, Yuneec, Parrot, Syma i wiele innych, a tak\u017ce kursy i licencje na operatora drona.","og_url":"https:\/\/ironsky.pl\/sklep\/produkt\/szybkozlaczka-sunnylife-bk03-do-osmo-pocket-3-czarna-2\/","og_site_name":"IRONSKY.PL Sklep z Dronami","article_modified_time":"2026-04-15T09:10:40+00:00","og_image":[{"width":800,"height":800,"url":"https:\/\/ironsky.pl\/sklep\/wp-content\/uploads\/2026\/02\/54915_1.jpg","type":"image\/jpeg"}],"twitter_card":"summary_large_image","twitter_misc":{"Szacowany czas czytania":"2 minuty"},"schema":{"@context":"https:\/\/schema.org","@graph":[{"@type":"WebPage","@id":"https:\/\/ironsky.pl\/sklep\/produkt\/szybkozlaczka-sunnylife-bk03-do-osmo-pocket-3-czarna-2\/","url":"https:\/\/ironsky.pl\/sklep\/produkt\/szybkozlaczka-sunnylife-bk03-do-osmo-pocket-3-czarna-2\/","name":"Szybkoz\u0142\u0105czka SUNNYLIFE BK03 do Osmo Pocket 3 (czarna) - IRONSKY.PL Sklep z Dronami","isPartOf":{"@id":"https:\/\/ironsky.pl\/sklep\/#website"},"primaryImageOfPage":{"@id":"https:\/\/ironsky.pl\/sklep\/produkt\/szybkozlaczka-sunnylife-bk03-do-osmo-pocket-3-czarna-2\/#primaryimage"},"image":{"@id":"https:\/\/ironsky.pl\/sklep\/produkt\/szybkozlaczka-sunnylife-bk03-do-osmo-pocket-3-czarna-2\/#primaryimage"},"thumbnailUrl":"https:\/\/ironsky.pl\/sklep\/wp-content\/uploads\/2026\/02\/54915_1.jpg","datePublished":"2026-04-15T09:10:25+00:00","dateModified":"2026-04-15T09:10:40+00:00","description":"Szybkoz\u0142\u0105czka SUNNYLIFE BK03 do Osmo Pocket 3 (czarna) - \u2705 sklep z dronami i fachowym doradztwem. \u2705 Tutaj kupisz produkty DJI, Yuneec, Parrot, Syma i wiele innych, a tak\u017ce kursy i licencje na operatora drona.","breadcrumb":{"@id":"https:\/\/ironsky.pl\/sklep\/produkt\/szybkozlaczka-sunnylife-bk03-do-osmo-pocket-3-czarna-2\/#breadcrumb"},"inLanguage":"pl-PL","potentialAction":[{"@type":"ReadAction","target":["https:\/\/ironsky.pl\/sklep\/produkt\/szybkozlaczka-sunnylife-bk03-do-osmo-pocket-3-czarna-2\/"]}]},{"@type":"ImageObject","inLanguage":"pl-PL","@id":"https:\/\/ironsky.pl\/sklep\/produkt\/szybkozlaczka-sunnylife-bk03-do-osmo-pocket-3-czarna-2\/#primaryimage","url":"https:\/\/ironsky.pl\/sklep\/wp-content\/uploads\/2026\/02\/54915_1.jpg","contentUrl":"https:\/\/ironsky.pl\/sklep\/wp-content\/uploads\/2026\/02\/54915_1.jpg","width":800,"height":800},{"@type":"BreadcrumbList","@id":"https:\/\/ironsky.pl\/sklep\/produkt\/szybkozlaczka-sunnylife-bk03-do-osmo-pocket-3-czarna-2\/#breadcrumb","itemListElement":[{"@type":"ListItem","position":1,"name":"Strona g\u0142\u00f3wna","item":"https:\/\/ironsky.pl\/sklep\/"},{"@type":"ListItem","position":2,"name":"Wszystkie produkty","item":"https:\/\/ironsky.pl\/sklep\/produkty\/"},{"@type":"ListItem","position":3,"name":"Szybkoz\u0142\u0105czka SUNNYLIFE BK03 do Osmo Pocket 3 (czarna)"}]},{"@type":"WebSite","@id":"https:\/\/ironsky.pl\/sklep\/#website","url":"https:\/\/ironsky.pl\/sklep\/","name":"IRONSKY.PL Sklep z Dronami","description":"IRONSKY.PL Sklep z Dronami","potentialAction":[{"@type":"SearchAction","target":{"@type":"EntryPoint","urlTemplate":"https:\/\/ironsky.pl\/sklep\/?s={search_term_string}"},"query-input":{"@type":"PropertyValueSpecification","valueRequired":true,"valueName":"search_term_string"}}],"inLanguage":"pl-PL"}]}},"_links":{"self":[{"href":"https:\/\/ironsky.pl\/sklep\/wp-json\/wp\/v2\/product\/60926","targetHints":{"allow":["GET"]}}],"collection":[{"href":"https:\/\/ironsky.pl\/sklep\/wp-json\/wp\/v2\/product"}],"about":[{"href":"https:\/\/ironsky.pl\/sklep\/wp-json\/wp\/v2\/types\/product"}],"replies":[{"embeddable":true,"href":"https:\/\/ironsky.pl\/sklep\/wp-json\/wp\/v2\/comments?post=60926"}],"wp:featuredmedia":[{"embeddable":true,"href":"https:\/\/ironsky.pl\/sklep\/wp-json\/wp\/v2\/media\/51308"}],"wp:attachment":[{"href":"https:\/\/ironsky.pl\/sklep\/wp-json\/wp\/v2\/media?parent=60926"}],"wp:term":[{"taxonomy":"product_brand","embeddable":true,"href":"https:\/\/ironsky.pl\/sklep\/wp-json\/wp\/v2\/product_brand?post=60926"},{"taxonomy":"product_cat","embeddable":true,"href":"https:\/\/ironsky.pl\/sklep\/wp-json\/wp\/v2\/product_cat?post=60926"},{"taxonomy":"product_tag","embeddable":true,"href":"https:\/\/ironsky.pl\/sklep\/wp-json\/wp\/v2\/product_tag?post=60926"}],"curies":[{"name":"wp","href":"https:\/\/api.w.org\/{rel}","templated":true}]}}