{"id":60924,"date":"2026-04-15T11:10:25","date_gmt":"2026-04-15T09:10:25","guid":{"rendered":"https:\/\/ironsky.pl\/sklep\/produkt\/grawerka-laserowa-3w1-xtool-m1-10w-2\/"},"modified":"2026-04-15T11:10:37","modified_gmt":"2026-04-15T09:10:37","slug":"grawerka-laserowa-3w1-xtool-m1-10w-2","status":"publish","type":"product","link":"https:\/\/ironsky.pl\/sklep\/produkt\/grawerka-laserowa-3w1-xtool-m1-10w-2\/","title":{"rendered":"Grawerka laserowa 3w1 xTool M1 10W"},"content":{"rendered":"<div style=\"display: flex; flex-direction: column;\" class=\"iai-section-b518b711-327c-49dd-a6df-803f52333dbe-description-wrapper\">\n<div class=\"iai-section-b518b711-327c-49dd-a6df-803f52333dbe iai-section-b518b711-327c-49dd-a6df-803f52333dbe-html\">\n<h3>Grawerka laserowa 3w1 xTool M110W<\/h3>\n<p>xTool M1 to urz\u0105dzenie, kt\u00f3re wyznacza nowe standardy w dziedzinie precyzyjnego ci\u0119cia i grawerowania. Jako wielofunkcyjna maszyna zintegrowana z laserem, grawerem i ostrzem, xTool M1 otwiera przed Tob\u0105 drzwi do niesko\u0144czonych mo\u017cliwo\u015bci tw\u00f3rczych. Bez wzgl\u0119du na to, czy jeste\u015b rzemie\u015blnikiem, mi\u0142o\u015bnikiem technologii, tw\u00f3rc\u0105 domowym czy profesjonalnym projektantem, xTool M1 zosta\u0142 zaprojektowany, aby wspiera\u0107 Twoj\u0105 wyobra\u017ani\u0119 i pom\u00f3c w realizacji naj\u015bmielszych projekt\u00f3w.<\/p>\n<p><img decoding=\"async\" src=\"https:\/\/assets.innpro.pl\/5424\/6372\/2.jpg\" border=\"0\" alt=\"Bia\u0142a grawerka laserowa na tle koszulek, zdj\u0119cia w ramce i innych wygrawerowanych przedmiot\u00f3w.\"><\/p>\n<h3>Innowacyjne po\u0142\u0105czenie technologii<\/h3>\n<p>Wykorzystuj\u0105c moc lasera o wyj\u015bciu 10W, xTool M1 pozwala na ci\u0119cie drewna typu Basswood o grubo\u015bci do 8mm jednym ci\u0119ciem. Dzi\u0119ki zaawansowanej technologii skupienia promienia laserowego uzyskasz ultra-precyzyjne detale o dok\u0142adno\u015bci do 0.01mm. Jego cicha praca na poziomie poni\u017cej 60db pozwala na komfortowe u\u017cytkowanie w ka\u017cdym \u015brodowisku.<\/p>\n<p><img decoding=\"async\" src=\"https:\/\/assets.innpro.pl\/5424\/6372\/5.jpg\" border=\"0\" alt=\"Grwerka laserowa na jasnym stole. Za ni\u0105 zielona \u015bciana z zawieszonymi obrazkami.\"><\/p>\n<h3>Zaawansowana kamera<\/h3>\n<p>16-megapikselowa kamera ultra-szerokok\u0105tna wspomagana przez AI (Artificial Intelligence, sztuczna inteligencja) to Tw\u00f3j osobisty asystent, kt\u00f3ry u\u0142atwi fokusowanie, rozpoznawanie materia\u0142u oraz precyzyjne ustawienie projektu. Funkcja automatycznego rozpoznawania obrazu pozwoli Ci wybra\u0107 wz\u00f3r, kt\u00f3ry zostanie automatycznie przeniesiony na wybrany materia\u0142, bez konieczno\u015bci manualnego dostosowywania.<\/p>\n<p><img decoding=\"async\" src=\"https:\/\/assets.innpro.pl\/5424\/6372\/6.jpg\" border=\"0\" alt=\"Grawerka laserowa XTool le\u017cy na drewnianym stole obok wygrawerowanych przedmiot\u00f3w.\"><\/p>\n<h3>Intuicyjne oprogramowanie<\/h3>\n<p>xTool M1 jest kompatybilny z systemami operacyjnymi Windows, macOS, Android i iOS, co pozwala na p\u0142ynn\u0105 prac\u0119 na r\u00f3\u017cnorodnych urz\u0105dzeniach. Z dedykowan\u0105 aplikacj\u0105 Laserbox mo\u017cesz edytowa\u0107 zdj\u0119cia, tekst i grawerowa\u0107 kody QR (Quick Response, szybka odpowied\u017a; dwuwymiarowy kod kreskowy), aby spe\u0142ni\u0107 wszystkie Twoje potrzeby personalizacji.<\/p>\n<p><img decoding=\"async\" src=\"https:\/\/assets.innpro.pl\/5424\/6372\/3.jpg\" border=\"0\" alt=\"Kobieta w spi\u0119tych w\u0142osach korzysta z grawerki laserowej i trzyma w d\u0142oni bia\u0142\u0105 kartk\u0119 z zielonym wzorem.\"><\/p>\n<h3>Przyjazna dla u\u017cytkownika<\/h3>\n<p>Zaprojektowana z my\u015bl\u0105 o \u0142atwo\u015bci obs\u0142ugi, maszyna jest przyjazna nawet dla pocz\u0105tkuj\u0105cych u\u017cytkownik\u00f3w. Jej niewielkie wymiary i waga czyni\u0105 j\u0105 idealnym wyborem do ka\u017cdego pomieszczenia roboczego \u2014 zar\u00f3wno w domu, jak i w pracowni.<\/p>\n<p><img decoding=\"async\" src=\"https:\/\/assets.innpro.pl\/5424\/6372\/4.jpg\" border=\"0\" alt=\"Grwerka laserowa XTool le\u017cy na stole obok wygrawerowanych przedmiot\u00f3w.\"><\/p>\n<h3>Tw\u00f3rz z xTool M1<\/h3>\n<p>Nie ma ogranicze\u0144 dla tego, co mo\u017cesz stworzy\u0107 z xTool M1. Od personalizowanych prezent\u00f3w, przez unikatowe ozdoby domowe, a\u017c po innowacyjne projekty modowe \u2013 ka\u017cdy pomys\u0142 mo\u017ce zosta\u0107 zrealizowany. Wybierz xTool M1 i przekszta\u0142\u0107 swoje pomys\u0142y w rzeczywisto\u015b\u0107 z precyzj\u0105 i stylem, o jakich dot\u0105d mog\u0142e\u015b tylko marzy\u0107.<\/p>\n<p><img decoding=\"async\" src=\"https:\/\/assets.innpro.pl\/5424\/6372\/7.jpg\" border=\"0\" alt=\"Bia\u0142a grawerka laserowa XTool z czarn\u0105 pokryw\u0105 le\u017cy na drewnianym stole. Przed ni\u0105 widczne s\u0105 r\u00f3\u017cne przedmioty, w tym koszulki, kubek termiczny, kolczyki itp.\"><\/p>\n<h3>W zestawie<\/h3>\n<ul class=\"list-disc pl-5\">\n<li>Grawerka laserowa M1 10W x 1<\/li>\n<li>Pakiet materia\u0142\u00f3w podstawowych x 1<\/li>\n<li>Mata do ci\u0119cia z lekkim uchwytem (niebieska) x 2<\/li>\n<li>Mata do ci\u0119cia z mocnym uchwytem (r\u00f3\u017cowa) x 2<\/li>\n<li>45\u00b0 ostrze wymienne x 5<\/li>\n<\/ul>\n<div class=\"table-wrapper\">\n<p>&nbsp;<\/p>\n<h3>Og\u00f3lne<\/h3>\n<table>\n<tbody>\n<tr>\n<th>Producent<\/th>\n<td>xTool<\/td>\n<\/tr>\n<tr>\n<th>Model<\/th>\n<td>M1 10W<\/td>\n<\/tr>\n<tr>\n<th>Moc wyj\u015bciowa lasera<\/th>\n<td>10W<\/td>\n<\/tr>\n<tr>\n<th>Wej\u015bcie mocy elektrycznej<\/th>\n<td>38W<\/td>\n<\/tr>\n<tr>\n<th>\u0179r\u00f3d\u0142o lasera<\/th>\n<td>Laser diodowy (D\u0142ugo\u015b\u0107 fali: 455nm) ;<\/td>\n<\/tr>\n<tr>\n<th>\u017bywotno\u015b\u0107:<\/th>\n<td>8000h ~ 10000h<\/td>\n<\/tr>\n<\/tbody>\n<\/table>\n<p>&nbsp;<\/p>\n<h3>Przetwarzanie materia\u0142\u00f3w<\/h3>\n<table>\n<tbody>\n<tr>\n<th>Maksymalna g\u0142\u0119boko\u015b\u0107 ci\u0119cia<\/th>\n<td>10W 8mm (Basswood)<\/td>\n<\/tr>\n<tr>\n<th>Maksymalna szybko\u015b\u0107 grawerowania:<\/th>\n<td>250mm\/s<\/td>\n<\/tr>\n<tr>\n<th>Precyzja grawerowania:<\/th>\n<td>0.01mm<\/td>\n<\/tr>\n<tr>\n<th>Poziom ha\u0142asu:<\/th>\n<td>&lt;60db<\/td>\n<\/tr>\n<\/tbody>\n<\/table>\n<p>&nbsp;<\/p>\n<h3>Obszar pracy<\/h3>\n<table>\n<tbody>\n<tr>\n<th>Obszar pracy dla lasera:<\/th>\n<td>385 x 300mm<\/td>\n<\/tr>\n<tr>\n<th>Obszar pracy dla ostrza:<\/th>\n<td>365 x 300mm<\/td>\n<\/tr>\n<tr>\n<th>Maksymalna wysoko\u015b\u0107 materia\u0142u roboczego:<\/th>\n<td>16mm (bez podnoszenia)<\/td>\n<\/tr>\n<tr>\n<th>&nbsp;<\/th>\n<td>&nbsp;<\/td>\n<\/tr>\n<\/tbody>\n<\/table>\n<p>&nbsp;<\/p>\n<h3>Informacje o kamerze AI<\/h3>\n<table>\n<tbody>\n<tr>\n<th>Tryb fokusowania:<\/th>\n<td>AI wizualne AF \/ Rozpoznawanie materia\u0142\u00f3w AF \/ Ustawianie materia\u0142u AF<\/td>\n<\/tr>\n<tr>\n<th>Kamera:<\/th>\n<td>Wysokorozdzielcza, ultraszerokok\u0105tna<\/td>\n<\/tr>\n<tr>\n<th>Liczba pikseli:<\/th>\n<td>16MP<\/td>\n<\/tr>\n<tr>\n<th>Rozdzielczo\u015b\u0107 obrazu:<\/th>\n<td>500Dpi<\/td>\n<\/tr>\n<tr>\n<th>&nbsp;<\/th>\n<td>&nbsp;<\/td>\n<\/tr>\n<\/tbody>\n<\/table>\n<p>&nbsp;<\/p>\n<h3>\u0141\u0105czno\u015b\u0107<\/h3>\n<table>\n<tbody>\n<tr>\n<th>Interfejsy po\u0142\u0105czenia:<\/th>\n<td>Wi-Fi, USB<\/td>\n<\/tr>\n<\/tbody>\n<\/table>\n<p>&nbsp;<\/p>\n<h3>Oprogramowanie<\/h3>\n<table>\n<tbody>\n<tr>\n<th>System operacyjny:<\/th>\n<td>Windows \/ macOS \/ Android \/ iOS<\/td>\n<\/tr>\n<tr>\n<th>Oprogramowanie kontroluj\u0105ce:<\/th>\n<td>Laserbox Software \/ Laserbox App<\/td>\n<\/tr>\n<tr>\n<th>Rodzaje plik\u00f3w:<\/th>\n<td>SVG, DXF, JPG, JPEG, PNG, BMP, TIF, CR2, itp.<\/td>\n<\/tr>\n<\/tbody>\n<\/table>\n<p>&nbsp;<\/p>\n<h3>Rozmiar i waga<\/h3>\n<table>\n<tbody>\n<tr>\n<th>Rozmiar produktu (D\u0142. x Szer. x Wys.):<\/th>\n<td>557 x 453 x 230mm<\/td>\n<\/tr>\n<tr>\n<th>Waga produktu:<\/th>\n<td>9.8kg<\/td>\n<\/tr>\n<\/tbody>\n<\/table>\n<\/div>\n<\/div>\n<\/div>\n","protected":false},"excerpt":{"rendered":"<p>Grawerka laserowa 3w1 xTool M110W xTool M1 to urz\u0105dzenie, kt\u00f3re wyznacza nowe standardy w dziedzinie precyzyjnego ci\u0119cia i grawerowania. Jako<\/p>\n","protected":false},"featured_media":50119,"comment_status":"closed","ping_status":"open","template":"","meta":{"_acf_changed":false},"product_brand":[],"product_cat":[6218,6217,6219],"product_tag":[],"class_list":{"0":"post-60924","1":"product","2":"type-product","3":"status-publish","4":"has-post-thumbnail","6":"product_cat-grawerki-i-wycinarki-laserowe","7":"product_cat-technologie-kreatywne","8":"product_cat-urzadzenia","9":"pa_okres-gwarancji-5757","10":"pa_producent-xtool","12":"first","13":"outofstock","14":"taxable","15":"shipping-taxable","16":"purchasable","17":"product-type-simple"},"acf":[],"yoast_head":"<!-- This site is optimized with the Yoast SEO plugin v27.2 - https:\/\/yoast.com\/product\/yoast-seo-wordpress\/ -->\n<title>Grawerka laserowa 3w1 xTool M1 10W - IRONSKY.PL Sklep z Dronami<\/title>\n<meta name=\"description\" content=\"Grawerka laserowa 3w1 xTool M1 10W - \u2705 sklep z dronami i fachowym doradztwem. \u2705 Tutaj kupisz produkty DJI, Yuneec, Parrot, Syma i wiele innych, a tak\u017ce kursy i licencje na operatora drona.\" \/>\n<meta name=\"robots\" content=\"index, follow, max-snippet:-1, max-image-preview:large, max-video-preview:-1\" \/>\n<link rel=\"canonical\" href=\"https:\/\/ironsky.pl\/sklep\/produkt\/grawerka-laserowa-3w1-xtool-m1-10w-2\/\" \/>\n<meta property=\"og:locale\" content=\"pl_PL\" \/>\n<meta property=\"og:type\" content=\"article\" \/>\n<meta property=\"og:title\" content=\"Grawerka laserowa 3w1 xTool M1 10W - IRONSKY.PL Sklep z Dronami\" \/>\n<meta property=\"og:description\" content=\"Grawerka laserowa 3w1 xTool M1 10W - \u2705 sklep z dronami i fachowym doradztwem. \u2705 Tutaj kupisz produkty DJI, Yuneec, Parrot, Syma i wiele innych, a tak\u017ce kursy i licencje na operatora drona.\" \/>\n<meta property=\"og:url\" content=\"https:\/\/ironsky.pl\/sklep\/produkt\/grawerka-laserowa-3w1-xtool-m1-10w-2\/\" \/>\n<meta property=\"og:site_name\" content=\"IRONSKY.PL Sklep z Dronami\" \/>\n<meta property=\"article:modified_time\" content=\"2026-04-15T09:10:37+00:00\" \/>\n<meta property=\"og:image\" content=\"https:\/\/ironsky.pl\/sklep\/wp-content\/uploads\/2025\/10\/54907_1.jpg\" \/>\n\t<meta property=\"og:image:width\" content=\"800\" \/>\n\t<meta property=\"og:image:height\" content=\"800\" \/>\n\t<meta property=\"og:image:type\" content=\"image\/jpeg\" \/>\n<meta name=\"twitter:card\" content=\"summary_large_image\" \/>\n<meta name=\"twitter:label1\" content=\"Szacowany czas czytania\" \/>\n\t<meta name=\"twitter:data1\" content=\"3 minuty\" \/>\n<script type=\"application\/ld+json\" class=\"yoast-schema-graph\">{\"@context\":\"https:\/\/schema.org\",\"@graph\":[{\"@type\":\"WebPage\",\"@id\":\"https:\/\/ironsky.pl\/sklep\/produkt\/grawerka-laserowa-3w1-xtool-m1-10w-2\/\",\"url\":\"https:\/\/ironsky.pl\/sklep\/produkt\/grawerka-laserowa-3w1-xtool-m1-10w-2\/\",\"name\":\"Grawerka laserowa 3w1 xTool M1 10W - IRONSKY.PL Sklep z Dronami\",\"isPartOf\":{\"@id\":\"https:\/\/ironsky.pl\/sklep\/#website\"},\"primaryImageOfPage\":{\"@id\":\"https:\/\/ironsky.pl\/sklep\/produkt\/grawerka-laserowa-3w1-xtool-m1-10w-2\/#primaryimage\"},\"image\":{\"@id\":\"https:\/\/ironsky.pl\/sklep\/produkt\/grawerka-laserowa-3w1-xtool-m1-10w-2\/#primaryimage\"},\"thumbnailUrl\":\"https:\/\/ironsky.pl\/sklep\/wp-content\/uploads\/2025\/10\/54907_1.jpg\",\"datePublished\":\"2026-04-15T09:10:25+00:00\",\"dateModified\":\"2026-04-15T09:10:37+00:00\",\"description\":\"Grawerka laserowa 3w1 xTool M1 10W - \u2705 sklep z dronami i fachowym doradztwem. \u2705 Tutaj kupisz produkty DJI, Yuneec, Parrot, Syma i wiele innych, a tak\u017ce kursy i licencje na operatora drona.\",\"breadcrumb\":{\"@id\":\"https:\/\/ironsky.pl\/sklep\/produkt\/grawerka-laserowa-3w1-xtool-m1-10w-2\/#breadcrumb\"},\"inLanguage\":\"pl-PL\",\"potentialAction\":[{\"@type\":\"ReadAction\",\"target\":[\"https:\/\/ironsky.pl\/sklep\/produkt\/grawerka-laserowa-3w1-xtool-m1-10w-2\/\"]}]},{\"@type\":\"ImageObject\",\"inLanguage\":\"pl-PL\",\"@id\":\"https:\/\/ironsky.pl\/sklep\/produkt\/grawerka-laserowa-3w1-xtool-m1-10w-2\/#primaryimage\",\"url\":\"https:\/\/ironsky.pl\/sklep\/wp-content\/uploads\/2025\/10\/54907_1.jpg\",\"contentUrl\":\"https:\/\/ironsky.pl\/sklep\/wp-content\/uploads\/2025\/10\/54907_1.jpg\",\"width\":800,\"height\":800},{\"@type\":\"BreadcrumbList\",\"@id\":\"https:\/\/ironsky.pl\/sklep\/produkt\/grawerka-laserowa-3w1-xtool-m1-10w-2\/#breadcrumb\",\"itemListElement\":[{\"@type\":\"ListItem\",\"position\":1,\"name\":\"Strona g\u0142\u00f3wna\",\"item\":\"https:\/\/ironsky.pl\/sklep\/\"},{\"@type\":\"ListItem\",\"position\":2,\"name\":\"Wszystkie produkty\",\"item\":\"https:\/\/ironsky.pl\/sklep\/produkty\/\"},{\"@type\":\"ListItem\",\"position\":3,\"name\":\"Grawerka laserowa 3w1 xTool M1 10W\"}]},{\"@type\":\"WebSite\",\"@id\":\"https:\/\/ironsky.pl\/sklep\/#website\",\"url\":\"https:\/\/ironsky.pl\/sklep\/\",\"name\":\"IRONSKY.PL Sklep z Dronami\",\"description\":\"IRONSKY.PL Sklep z Dronami\",\"potentialAction\":[{\"@type\":\"SearchAction\",\"target\":{\"@type\":\"EntryPoint\",\"urlTemplate\":\"https:\/\/ironsky.pl\/sklep\/?s={search_term_string}\"},\"query-input\":{\"@type\":\"PropertyValueSpecification\",\"valueRequired\":true,\"valueName\":\"search_term_string\"}}],\"inLanguage\":\"pl-PL\"}]}<\/script>\n<!-- \/ Yoast SEO plugin. -->","yoast_head_json":{"title":"Grawerka laserowa 3w1 xTool M1 10W - IRONSKY.PL Sklep z Dronami","description":"Grawerka laserowa 3w1 xTool M1 10W - \u2705 sklep z dronami i fachowym doradztwem. \u2705 Tutaj kupisz produkty DJI, Yuneec, Parrot, Syma i wiele innych, a tak\u017ce kursy i licencje na operatora drona.","robots":{"index":"index","follow":"follow","max-snippet":"max-snippet:-1","max-image-preview":"max-image-preview:large","max-video-preview":"max-video-preview:-1"},"canonical":"https:\/\/ironsky.pl\/sklep\/produkt\/grawerka-laserowa-3w1-xtool-m1-10w-2\/","og_locale":"pl_PL","og_type":"article","og_title":"Grawerka laserowa 3w1 xTool M1 10W - IRONSKY.PL Sklep z Dronami","og_description":"Grawerka laserowa 3w1 xTool M1 10W - \u2705 sklep z dronami i fachowym doradztwem. \u2705 Tutaj kupisz produkty DJI, Yuneec, Parrot, Syma i wiele innych, a tak\u017ce kursy i licencje na operatora drona.","og_url":"https:\/\/ironsky.pl\/sklep\/produkt\/grawerka-laserowa-3w1-xtool-m1-10w-2\/","og_site_name":"IRONSKY.PL Sklep z Dronami","article_modified_time":"2026-04-15T09:10:37+00:00","og_image":[{"width":800,"height":800,"url":"https:\/\/ironsky.pl\/sklep\/wp-content\/uploads\/2025\/10\/54907_1.jpg","type":"image\/jpeg"}],"twitter_card":"summary_large_image","twitter_misc":{"Szacowany czas czytania":"3 minuty"},"schema":{"@context":"https:\/\/schema.org","@graph":[{"@type":"WebPage","@id":"https:\/\/ironsky.pl\/sklep\/produkt\/grawerka-laserowa-3w1-xtool-m1-10w-2\/","url":"https:\/\/ironsky.pl\/sklep\/produkt\/grawerka-laserowa-3w1-xtool-m1-10w-2\/","name":"Grawerka laserowa 3w1 xTool M1 10W - IRONSKY.PL Sklep z Dronami","isPartOf":{"@id":"https:\/\/ironsky.pl\/sklep\/#website"},"primaryImageOfPage":{"@id":"https:\/\/ironsky.pl\/sklep\/produkt\/grawerka-laserowa-3w1-xtool-m1-10w-2\/#primaryimage"},"image":{"@id":"https:\/\/ironsky.pl\/sklep\/produkt\/grawerka-laserowa-3w1-xtool-m1-10w-2\/#primaryimage"},"thumbnailUrl":"https:\/\/ironsky.pl\/sklep\/wp-content\/uploads\/2025\/10\/54907_1.jpg","datePublished":"2026-04-15T09:10:25+00:00","dateModified":"2026-04-15T09:10:37+00:00","description":"Grawerka laserowa 3w1 xTool M1 10W - \u2705 sklep z dronami i fachowym doradztwem. \u2705 Tutaj kupisz produkty DJI, Yuneec, Parrot, Syma i wiele innych, a tak\u017ce kursy i licencje na operatora drona.","breadcrumb":{"@id":"https:\/\/ironsky.pl\/sklep\/produkt\/grawerka-laserowa-3w1-xtool-m1-10w-2\/#breadcrumb"},"inLanguage":"pl-PL","potentialAction":[{"@type":"ReadAction","target":["https:\/\/ironsky.pl\/sklep\/produkt\/grawerka-laserowa-3w1-xtool-m1-10w-2\/"]}]},{"@type":"ImageObject","inLanguage":"pl-PL","@id":"https:\/\/ironsky.pl\/sklep\/produkt\/grawerka-laserowa-3w1-xtool-m1-10w-2\/#primaryimage","url":"https:\/\/ironsky.pl\/sklep\/wp-content\/uploads\/2025\/10\/54907_1.jpg","contentUrl":"https:\/\/ironsky.pl\/sklep\/wp-content\/uploads\/2025\/10\/54907_1.jpg","width":800,"height":800},{"@type":"BreadcrumbList","@id":"https:\/\/ironsky.pl\/sklep\/produkt\/grawerka-laserowa-3w1-xtool-m1-10w-2\/#breadcrumb","itemListElement":[{"@type":"ListItem","position":1,"name":"Strona g\u0142\u00f3wna","item":"https:\/\/ironsky.pl\/sklep\/"},{"@type":"ListItem","position":2,"name":"Wszystkie produkty","item":"https:\/\/ironsky.pl\/sklep\/produkty\/"},{"@type":"ListItem","position":3,"name":"Grawerka laserowa 3w1 xTool M1 10W"}]},{"@type":"WebSite","@id":"https:\/\/ironsky.pl\/sklep\/#website","url":"https:\/\/ironsky.pl\/sklep\/","name":"IRONSKY.PL Sklep z Dronami","description":"IRONSKY.PL Sklep z Dronami","potentialAction":[{"@type":"SearchAction","target":{"@type":"EntryPoint","urlTemplate":"https:\/\/ironsky.pl\/sklep\/?s={search_term_string}"},"query-input":{"@type":"PropertyValueSpecification","valueRequired":true,"valueName":"search_term_string"}}],"inLanguage":"pl-PL"}]}},"_links":{"self":[{"href":"https:\/\/ironsky.pl\/sklep\/wp-json\/wp\/v2\/product\/60924","targetHints":{"allow":["GET"]}}],"collection":[{"href":"https:\/\/ironsky.pl\/sklep\/wp-json\/wp\/v2\/product"}],"about":[{"href":"https:\/\/ironsky.pl\/sklep\/wp-json\/wp\/v2\/types\/product"}],"replies":[{"embeddable":true,"href":"https:\/\/ironsky.pl\/sklep\/wp-json\/wp\/v2\/comments?post=60924"}],"wp:featuredmedia":[{"embeddable":true,"href":"https:\/\/ironsky.pl\/sklep\/wp-json\/wp\/v2\/media\/50119"}],"wp:attachment":[{"href":"https:\/\/ironsky.pl\/sklep\/wp-json\/wp\/v2\/media?parent=60924"}],"wp:term":[{"taxonomy":"product_brand","embeddable":true,"href":"https:\/\/ironsky.pl\/sklep\/wp-json\/wp\/v2\/product_brand?post=60924"},{"taxonomy":"product_cat","embeddable":true,"href":"https:\/\/ironsky.pl\/sklep\/wp-json\/wp\/v2\/product_cat?post=60924"},{"taxonomy":"product_tag","embeddable":true,"href":"https:\/\/ironsky.pl\/sklep\/wp-json\/wp\/v2\/product_tag?post=60924"}],"curies":[{"name":"wp","href":"https:\/\/api.w.org\/{rel}","templated":true}]}}