{"id":60922,"date":"2026-04-15T11:10:25","date_gmt":"2026-04-15T09:10:25","guid":{"rendered":"https:\/\/ironsky.pl\/sklep\/produkt\/magnetyczny-uchwyt-podwojny-telesin-dji-osmo-360-2\/"},"modified":"2026-04-15T11:10:35","modified_gmt":"2026-04-15T09:10:35","slug":"magnetyczny-uchwyt-podwojny-telesin-dji-osmo-360-2","status":"publish","type":"product","link":"https:\/\/ironsky.pl\/sklep\/produkt\/magnetyczny-uchwyt-podwojny-telesin-dji-osmo-360-2\/","title":{"rendered":"Magnetyczny uchwyt podw\u00f3jny Telesin DJI Osmo 360"},"content":{"rendered":"<h3>Magnetyczny uchwyt podw\u00f3jny Telesin DJI Osmo 360<\/h3>\n<p>Poznaj magnetyczny uchwyt Telesin stworzony z my\u015bl\u0105 o u\u017cytkownikach kamery DJI Osmo 360. Ten uniwersalny uchwyt \u0142\u0105czy w sobie bezpiecze\u0144stwo i wygod\u0119 dzi\u0119ki systemom Hyper Magnetic i Snap Lock, kt\u00f3re zapewniaj\u0105 stabilne mocowanie i szybki dost\u0119p do sprz\u0119tu. Mechanizm szybkoz\u0142\u0105czki pozwala na b\u0142yskawiczne od\u0142\u0105czanie za pomoc\u0105 dw\u00f3ch palc\u00f3w, a silikonowa podk\u0142adka skutecznie amortyzuje wstrz\u0105sy, zapobiega ze\u015blizgiwaniu si\u0119 i eliminuje luzy mi\u0119dzy elementami. Dzi\u0119ki swojej lekkiej wadze akcesorium nie obci\u0105\u017ca zestawu i u\u0142atwia nagrywanie w dowolnym miejscu. Mo\u017cliwo\u015b\u0107 szybkiej zmiany uchwyt\u00f3w bez konieczno\u015bci ponownego ustawiania k\u0105ta gwarantuje p\u0142ynno\u015b\u0107 pracy, a metalowe zatrzaski z wytrzyma\u0142ego stopu aluminium zapewniaj\u0105 wyj\u0105tkow\u0105 trwa\u0142o\u015b\u0107 i niezawodno\u015b\u0107 nawet przy intensywnym u\u017cytkowaniu.<\/p>\n<p>\n<img decoding=\"async\" src=\"https:\/\/assets.innpro.pl\/18068\/23965\/1.jpg\" border=\"0\" alt=\"Adapter TELESIN montowany do kamery 360\u00b0, widoczny proces instalacji z wizualnym efektem zatrzasku\" \/>\n<\/p>\n<h3>Niezawodne mocowanie w ka\u017cdej sytuacji<\/h3>\n<p>Postaw na akcesorium, kt\u00f3re \u0142\u0105czy bezpiecze\u0144stwo i wygod\u0119 u\u017cytkowania. System Hyper Magnetic i Snap Lock gwarantuje pewne mocowanie urz\u0105dzenia, dzi\u0119ki czemu mo\u017cesz skupi\u0107 si\u0119 wy\u0142\u0105cznie na nagrywaniu i uchwyceniu najlepszych uj\u0119\u0107. Dzi\u0119ki spr\u0119\u017cystemu zatrzaskowi szybkoz\u0142\u0105czki wystarczy nacisn\u0105\u0107 dwoma palcami, aby b\u0142yskawicznie odpi\u0105\u0107 akcesorium. To rozwi\u0105zanie, kt\u00f3re oszcz\u0119dza czas i u\u0142atwia prac\u0119 \u2013 niezale\u017cnie od tego, czy nagrywasz dynamiczne uj\u0119cia, czy zmieniasz perspektyw\u0119.<\/p>\n<p>\n<img decoding=\"async\" src=\"https:\/\/assets.innpro.pl\/18068\/23965\/2.jpg\" border=\"0\" alt=\"Zbli\u017cenie na r\u0119ce u\u017cytkownika, kt\u00f3re odpinaj\u0105 adapter TELESIN od kamery 360\u00b0 poprzez naci\u015bni\u0119cie zaczep\u00f3w\" \/>\n<\/p>\n<h3>Stabilno\u015b\u0107 i ochrona sprz\u0119tu<\/h3>\n<p>Amortyzuj\u0105ca podk\u0142adka silikonowa zapewnia stabilno\u015b\u0107, redukuje wibracje i chroni sprz\u0119t przed ze\u015blizgiwaniem si\u0119. Dodatkowo eliminuje powstawanie luz\u00f3w mi\u0119dzy elementami, co przek\u0142ada si\u0119 na wi\u0119ksz\u0105 trwa\u0142o\u015b\u0107 ca\u0142ej konstrukcji. Wa\u017cy zaledwie 18 g, dzi\u0119ki czemu nie obci\u0105\u017ca zestawu nagraniowego. To drobny, ale niezwykle praktyczny element wyposa\u017cenia, kt\u00f3ry mo\u017cesz zabra\u0107 ze sob\u0105 wsz\u0119dzie.<\/p>\n<p>\n<img decoding=\"async\" src=\"https:\/\/assets.innpro.pl\/18068\/23965\/3.jpg\" border=\"0\" alt=\"Kamera 360\u00b0 zamocowana na kierownicy roweru za pomoc\u0105 adaptera TELESIN, gotowa do nagrywania przejazdu\" \/>\n<\/p>\n<h3>Szybka zmiana uchwyt\u00f3w<\/h3>\n<p>Prze\u0142\u0105czanie mi\u0119dzy r\u00f3\u017cnymi mocowaniami jest niezwykle proste. Ju\u017c nie musisz za ka\u017cdym razem ustawia\u0107 k\u0105ta. W efekcie mo\u017cesz rozpocz\u0105\u0107 nagrywanie natychmiast, w dowolnym miejscu i czasie.<\/p>\n<p>\n<img decoding=\"async\" src=\"https:\/\/assets.innpro.pl\/18068\/23965\/4.jpg\" border=\"0\" alt=\"U\u017cytkownik trzymaj\u0105cy lekki adapter TELESIN mi\u0119dzy palcami, na tle napisu \u201e18 g\u201d podkre\u015blaj\u0105cego jego wag\u0119\" \/>\n<\/p>\n<h3>Trwa\u0142o\u015b\u0107 na d\u0142ugie lata<\/h3>\n<p>Metalowe zatrzaski z wytrzyma\u0142ego stopu aluminium gwarantuj\u0105 d\u0142ugotrwa\u0142e u\u017cytkowanie nawet w wymagaj\u0105cych warunkach. To inwestycja w akcesorium, kt\u00f3re zachowa swoj\u0105 niezawodno\u015b\u0107 przez d\u0142ugi czas.<\/p>\n<p>\n<img decoding=\"async\" src=\"https:\/\/assets.innpro.pl\/18068\/23965\/5.jpg\" border=\"0\" alt=\"Zbli\u017cenie na adapter TELESIN w pozycji poziomej, pokazuj\u0105ce jego konstrukcj\u0119 i system mocowania\" \/>\n<\/p>\n<h3>W zestawie<\/h3>\n<ul class=\"list-disc pl-5\">\n<li>magnetyczny uchwyt<\/li>\n<li>baza uchwytu Triple Claw 1\/4&#8243;<\/li>\n<li>\u015bruba blokuj\u0105ca<\/li>\n<li>Instrukcja obs\u0142ugi <\/li>\n<\/ul>\n<div class=\"table-wrapper\">\n<p>\u00a0<\/p>\n<h3><\/h3>\n<table>\n<tbody>\n<tr>\n<th>Producent<\/th>\n<td>Telesin<\/td>\n<\/tr>\n<tr>\n<th>Model<\/th>\n<td>S7-JBK-23-TDJ<\/td>\n<\/tr>\n<tr>\n<th>Materia\u0142 wykonania<\/th>\n<td>Nylon, w\u0142\u00f3kno szklane, magnes, silikon<\/td>\n<\/tr>\n<tr>\n<th>Kompatybilno\u015b\u0107<\/th>\n<td>DJI Osmo 360, DJI Osmo Action 5 Pro\/4\/3<\/td>\n<\/tr>\n<tr>\n<th>Waga<\/th>\n<td>18 g<\/td>\n<\/tr>\n<tr>\n<th>Wymiary<\/th>\n<td>47,3 \u00d7 20,5 \u00d7 31,9 mm<\/td>\n<\/tr>\n<\/tbody>\n<\/table>\n<\/div>\n","protected":false},"excerpt":{"rendered":"<p>Magnetyczny uchwyt podw\u00f3jny Telesin DJI Osmo 360 Poznaj magnetyczny uchwyt Telesin stworzony z my\u015bl\u0105 o u\u017cytkownikach kamery DJI Osmo 360.<\/p>\n","protected":false},"featured_media":51300,"comment_status":"closed","ping_status":"open","template":"","meta":{"_acf_changed":false},"product_brand":[],"product_cat":[1130,1137,1128],"product_tag":[],"class_list":{"0":"post-60922","1":"product","2":"type-product","3":"status-publish","4":"has-post-thumbnail","6":"product_cat-akcesoria-foto","7":"product_cat-do-kamer-sportowych","8":"product_cat-foto-wideo","9":"pa_okres-gwarancji-5754","10":"pa_producent-telesin","12":"first","13":"outofstock","14":"taxable","15":"shipping-taxable","16":"purchasable","17":"product-type-simple"},"acf":[],"yoast_head":"<!-- This site is optimized with the Yoast SEO plugin v27.2 - https:\/\/yoast.com\/product\/yoast-seo-wordpress\/ -->\n<title>Magnetyczny uchwyt podw\u00f3jny Telesin DJI Osmo 360 - IRONSKY.PL Sklep z Dronami<\/title>\n<meta name=\"description\" content=\"Magnetyczny uchwyt podw\u00f3jny Telesin DJI Osmo 360 - \u2705 sklep z dronami i fachowym doradztwem. \u2705 Tutaj kupisz produkty DJI, Yuneec, Parrot, Syma i wiele innych, a tak\u017ce kursy i licencje na operatora drona.\" \/>\n<meta name=\"robots\" content=\"index, follow, max-snippet:-1, max-image-preview:large, max-video-preview:-1\" \/>\n<link rel=\"canonical\" href=\"https:\/\/ironsky.pl\/sklep\/produkt\/magnetyczny-uchwyt-podwojny-telesin-dji-osmo-360-2\/\" \/>\n<meta property=\"og:locale\" content=\"pl_PL\" \/>\n<meta property=\"og:type\" content=\"article\" \/>\n<meta property=\"og:title\" content=\"Magnetyczny uchwyt podw\u00f3jny Telesin DJI Osmo 360 - IRONSKY.PL Sklep z Dronami\" \/>\n<meta property=\"og:description\" content=\"Magnetyczny uchwyt podw\u00f3jny Telesin DJI Osmo 360 - \u2705 sklep z dronami i fachowym doradztwem. \u2705 Tutaj kupisz produkty DJI, Yuneec, Parrot, Syma i wiele innych, a tak\u017ce kursy i licencje na operatora drona.\" \/>\n<meta property=\"og:url\" content=\"https:\/\/ironsky.pl\/sklep\/produkt\/magnetyczny-uchwyt-podwojny-telesin-dji-osmo-360-2\/\" \/>\n<meta property=\"og:site_name\" content=\"IRONSKY.PL Sklep z Dronami\" \/>\n<meta property=\"article:modified_time\" content=\"2026-04-15T09:10:35+00:00\" \/>\n<meta property=\"og:image\" content=\"https:\/\/ironsky.pl\/sklep\/wp-content\/uploads\/2026\/02\/54900_1.jpg\" \/>\n\t<meta property=\"og:image:width\" content=\"800\" \/>\n\t<meta property=\"og:image:height\" content=\"800\" \/>\n\t<meta property=\"og:image:type\" content=\"image\/jpeg\" \/>\n<meta name=\"twitter:card\" content=\"summary_large_image\" \/>\n<meta name=\"twitter:label1\" content=\"Szacowany czas czytania\" \/>\n\t<meta name=\"twitter:data1\" content=\"2 minuty\" \/>\n<script type=\"application\/ld+json\" class=\"yoast-schema-graph\">{\"@context\":\"https:\/\/schema.org\",\"@graph\":[{\"@type\":\"WebPage\",\"@id\":\"https:\/\/ironsky.pl\/sklep\/produkt\/magnetyczny-uchwyt-podwojny-telesin-dji-osmo-360-2\/\",\"url\":\"https:\/\/ironsky.pl\/sklep\/produkt\/magnetyczny-uchwyt-podwojny-telesin-dji-osmo-360-2\/\",\"name\":\"Magnetyczny uchwyt podw\u00f3jny Telesin DJI Osmo 360 - IRONSKY.PL Sklep z Dronami\",\"isPartOf\":{\"@id\":\"https:\/\/ironsky.pl\/sklep\/#website\"},\"primaryImageOfPage\":{\"@id\":\"https:\/\/ironsky.pl\/sklep\/produkt\/magnetyczny-uchwyt-podwojny-telesin-dji-osmo-360-2\/#primaryimage\"},\"image\":{\"@id\":\"https:\/\/ironsky.pl\/sklep\/produkt\/magnetyczny-uchwyt-podwojny-telesin-dji-osmo-360-2\/#primaryimage\"},\"thumbnailUrl\":\"https:\/\/ironsky.pl\/sklep\/wp-content\/uploads\/2026\/02\/54900_1.jpg\",\"datePublished\":\"2026-04-15T09:10:25+00:00\",\"dateModified\":\"2026-04-15T09:10:35+00:00\",\"description\":\"Magnetyczny uchwyt podw\u00f3jny Telesin DJI Osmo 360 - \u2705 sklep z dronami i fachowym doradztwem. \u2705 Tutaj kupisz produkty DJI, Yuneec, Parrot, Syma i wiele innych, a tak\u017ce kursy i licencje na operatora drona.\",\"breadcrumb\":{\"@id\":\"https:\/\/ironsky.pl\/sklep\/produkt\/magnetyczny-uchwyt-podwojny-telesin-dji-osmo-360-2\/#breadcrumb\"},\"inLanguage\":\"pl-PL\",\"potentialAction\":[{\"@type\":\"ReadAction\",\"target\":[\"https:\/\/ironsky.pl\/sklep\/produkt\/magnetyczny-uchwyt-podwojny-telesin-dji-osmo-360-2\/\"]}]},{\"@type\":\"ImageObject\",\"inLanguage\":\"pl-PL\",\"@id\":\"https:\/\/ironsky.pl\/sklep\/produkt\/magnetyczny-uchwyt-podwojny-telesin-dji-osmo-360-2\/#primaryimage\",\"url\":\"https:\/\/ironsky.pl\/sklep\/wp-content\/uploads\/2026\/02\/54900_1.jpg\",\"contentUrl\":\"https:\/\/ironsky.pl\/sklep\/wp-content\/uploads\/2026\/02\/54900_1.jpg\",\"width\":800,\"height\":800},{\"@type\":\"BreadcrumbList\",\"@id\":\"https:\/\/ironsky.pl\/sklep\/produkt\/magnetyczny-uchwyt-podwojny-telesin-dji-osmo-360-2\/#breadcrumb\",\"itemListElement\":[{\"@type\":\"ListItem\",\"position\":1,\"name\":\"Strona g\u0142\u00f3wna\",\"item\":\"https:\/\/ironsky.pl\/sklep\/\"},{\"@type\":\"ListItem\",\"position\":2,\"name\":\"Wszystkie produkty\",\"item\":\"https:\/\/ironsky.pl\/sklep\/produkty\/\"},{\"@type\":\"ListItem\",\"position\":3,\"name\":\"Magnetyczny uchwyt podw\u00f3jny Telesin DJI Osmo 360\"}]},{\"@type\":\"WebSite\",\"@id\":\"https:\/\/ironsky.pl\/sklep\/#website\",\"url\":\"https:\/\/ironsky.pl\/sklep\/\",\"name\":\"IRONSKY.PL Sklep z Dronami\",\"description\":\"IRONSKY.PL Sklep z Dronami\",\"potentialAction\":[{\"@type\":\"SearchAction\",\"target\":{\"@type\":\"EntryPoint\",\"urlTemplate\":\"https:\/\/ironsky.pl\/sklep\/?s={search_term_string}\"},\"query-input\":{\"@type\":\"PropertyValueSpecification\",\"valueRequired\":true,\"valueName\":\"search_term_string\"}}],\"inLanguage\":\"pl-PL\"}]}<\/script>\n<!-- \/ Yoast SEO plugin. -->","yoast_head_json":{"title":"Magnetyczny uchwyt podw\u00f3jny Telesin DJI Osmo 360 - IRONSKY.PL Sklep z Dronami","description":"Magnetyczny uchwyt podw\u00f3jny Telesin DJI Osmo 360 - \u2705 sklep z dronami i fachowym doradztwem. \u2705 Tutaj kupisz produkty DJI, Yuneec, Parrot, Syma i wiele innych, a tak\u017ce kursy i licencje na operatora drona.","robots":{"index":"index","follow":"follow","max-snippet":"max-snippet:-1","max-image-preview":"max-image-preview:large","max-video-preview":"max-video-preview:-1"},"canonical":"https:\/\/ironsky.pl\/sklep\/produkt\/magnetyczny-uchwyt-podwojny-telesin-dji-osmo-360-2\/","og_locale":"pl_PL","og_type":"article","og_title":"Magnetyczny uchwyt podw\u00f3jny Telesin DJI Osmo 360 - IRONSKY.PL Sklep z Dronami","og_description":"Magnetyczny uchwyt podw\u00f3jny Telesin DJI Osmo 360 - \u2705 sklep z dronami i fachowym doradztwem. \u2705 Tutaj kupisz produkty DJI, Yuneec, Parrot, Syma i wiele innych, a tak\u017ce kursy i licencje na operatora drona.","og_url":"https:\/\/ironsky.pl\/sklep\/produkt\/magnetyczny-uchwyt-podwojny-telesin-dji-osmo-360-2\/","og_site_name":"IRONSKY.PL Sklep z Dronami","article_modified_time":"2026-04-15T09:10:35+00:00","og_image":[{"width":800,"height":800,"url":"https:\/\/ironsky.pl\/sklep\/wp-content\/uploads\/2026\/02\/54900_1.jpg","type":"image\/jpeg"}],"twitter_card":"summary_large_image","twitter_misc":{"Szacowany czas czytania":"2 minuty"},"schema":{"@context":"https:\/\/schema.org","@graph":[{"@type":"WebPage","@id":"https:\/\/ironsky.pl\/sklep\/produkt\/magnetyczny-uchwyt-podwojny-telesin-dji-osmo-360-2\/","url":"https:\/\/ironsky.pl\/sklep\/produkt\/magnetyczny-uchwyt-podwojny-telesin-dji-osmo-360-2\/","name":"Magnetyczny uchwyt podw\u00f3jny Telesin DJI Osmo 360 - IRONSKY.PL Sklep z Dronami","isPartOf":{"@id":"https:\/\/ironsky.pl\/sklep\/#website"},"primaryImageOfPage":{"@id":"https:\/\/ironsky.pl\/sklep\/produkt\/magnetyczny-uchwyt-podwojny-telesin-dji-osmo-360-2\/#primaryimage"},"image":{"@id":"https:\/\/ironsky.pl\/sklep\/produkt\/magnetyczny-uchwyt-podwojny-telesin-dji-osmo-360-2\/#primaryimage"},"thumbnailUrl":"https:\/\/ironsky.pl\/sklep\/wp-content\/uploads\/2026\/02\/54900_1.jpg","datePublished":"2026-04-15T09:10:25+00:00","dateModified":"2026-04-15T09:10:35+00:00","description":"Magnetyczny uchwyt podw\u00f3jny Telesin DJI Osmo 360 - \u2705 sklep z dronami i fachowym doradztwem. \u2705 Tutaj kupisz produkty DJI, Yuneec, Parrot, Syma i wiele innych, a tak\u017ce kursy i licencje na operatora drona.","breadcrumb":{"@id":"https:\/\/ironsky.pl\/sklep\/produkt\/magnetyczny-uchwyt-podwojny-telesin-dji-osmo-360-2\/#breadcrumb"},"inLanguage":"pl-PL","potentialAction":[{"@type":"ReadAction","target":["https:\/\/ironsky.pl\/sklep\/produkt\/magnetyczny-uchwyt-podwojny-telesin-dji-osmo-360-2\/"]}]},{"@type":"ImageObject","inLanguage":"pl-PL","@id":"https:\/\/ironsky.pl\/sklep\/produkt\/magnetyczny-uchwyt-podwojny-telesin-dji-osmo-360-2\/#primaryimage","url":"https:\/\/ironsky.pl\/sklep\/wp-content\/uploads\/2026\/02\/54900_1.jpg","contentUrl":"https:\/\/ironsky.pl\/sklep\/wp-content\/uploads\/2026\/02\/54900_1.jpg","width":800,"height":800},{"@type":"BreadcrumbList","@id":"https:\/\/ironsky.pl\/sklep\/produkt\/magnetyczny-uchwyt-podwojny-telesin-dji-osmo-360-2\/#breadcrumb","itemListElement":[{"@type":"ListItem","position":1,"name":"Strona g\u0142\u00f3wna","item":"https:\/\/ironsky.pl\/sklep\/"},{"@type":"ListItem","position":2,"name":"Wszystkie produkty","item":"https:\/\/ironsky.pl\/sklep\/produkty\/"},{"@type":"ListItem","position":3,"name":"Magnetyczny uchwyt podw\u00f3jny Telesin DJI Osmo 360"}]},{"@type":"WebSite","@id":"https:\/\/ironsky.pl\/sklep\/#website","url":"https:\/\/ironsky.pl\/sklep\/","name":"IRONSKY.PL Sklep z Dronami","description":"IRONSKY.PL Sklep z Dronami","potentialAction":[{"@type":"SearchAction","target":{"@type":"EntryPoint","urlTemplate":"https:\/\/ironsky.pl\/sklep\/?s={search_term_string}"},"query-input":{"@type":"PropertyValueSpecification","valueRequired":true,"valueName":"search_term_string"}}],"inLanguage":"pl-PL"}]}},"_links":{"self":[{"href":"https:\/\/ironsky.pl\/sklep\/wp-json\/wp\/v2\/product\/60922","targetHints":{"allow":["GET"]}}],"collection":[{"href":"https:\/\/ironsky.pl\/sklep\/wp-json\/wp\/v2\/product"}],"about":[{"href":"https:\/\/ironsky.pl\/sklep\/wp-json\/wp\/v2\/types\/product"}],"replies":[{"embeddable":true,"href":"https:\/\/ironsky.pl\/sklep\/wp-json\/wp\/v2\/comments?post=60922"}],"wp:featuredmedia":[{"embeddable":true,"href":"https:\/\/ironsky.pl\/sklep\/wp-json\/wp\/v2\/media\/51300"}],"wp:attachment":[{"href":"https:\/\/ironsky.pl\/sklep\/wp-json\/wp\/v2\/media?parent=60922"}],"wp:term":[{"taxonomy":"product_brand","embeddable":true,"href":"https:\/\/ironsky.pl\/sklep\/wp-json\/wp\/v2\/product_brand?post=60922"},{"taxonomy":"product_cat","embeddable":true,"href":"https:\/\/ironsky.pl\/sklep\/wp-json\/wp\/v2\/product_cat?post=60922"},{"taxonomy":"product_tag","embeddable":true,"href":"https:\/\/ironsky.pl\/sklep\/wp-json\/wp\/v2\/product_tag?post=60922"}],"curies":[{"name":"wp","href":"https:\/\/api.w.org\/{rel}","templated":true}]}}