{"id":60912,"date":"2026-04-15T11:10:25","date_gmt":"2026-04-15T09:10:25","guid":{"rendered":"https:\/\/ironsky.pl\/sklep\/produkt\/torba-ochronna-telesin-dji-osmo-360-calkowicie-zamkniety-2\/"},"modified":"2026-04-15T11:10:30","modified_gmt":"2026-04-15T09:10:30","slug":"torba-ochronna-telesin-dji-osmo-360-calkowicie-zamkniety-2","status":"publish","type":"product","link":"https:\/\/ironsky.pl\/sklep\/produkt\/torba-ochronna-telesin-dji-osmo-360-calkowicie-zamkniety-2\/","title":{"rendered":"Torba ochronna Telesin DJI Osmo 360, ca\u0142kowicie zamkni\u0119ty"},"content":{"rendered":"<h3>Torba ochronna Telesin DJI Osmo 360, ca\u0142kowicie zamkni\u0119ty<\/h3>\n<p>Torba ochronna Telesin do DJI Osmo 360 to pe\u0142ne zabezpieczenie kamery w kompaktowej i stylowej formie. Sztywna obudowa z PU (poliuretan, elastyczne i wytrzyma\u0142e tworzywo sztuczne) skutecznie amortyzuje wstrz\u0105sy, a mi\u0119kkie wn\u0119trze z aksamitu chroni przed zarysowaniami. Dedykowana konstrukcja z podwy\u017cszonymi os\u0142onami zabezpiecza podw\u00f3jne obiektywy, a odporno\u015b\u0107 na warunki atmosferyczne gwarantuje ochron\u0119 przed deszczem, potem i zachlapaniami. Ergonomiczny uchwyt oraz eleganckie wyko\u0144czenie \u0142\u0105cz\u0105 funkcjonalno\u015b\u0107 ze stylem, a kompaktowe wymiary i praktyczny klips sprawiaj\u0105, \u017ce torba jest wygodna w przenoszeniu i zawsze gotowa do u\u017cycia w ka\u017cdej sytuacji.<\/p>\n<p>\n<img decoding=\"async\" src=\"https:\/\/assets.innpro.pl\/18067\/23964\/1.jpg\" border=\"0\" alt=\"Kamera 360\u00b0 stoj\u0105ca na skale obok etui TELESIN z karabi\u0144czykiem, gotowego do przenoszenia\" \/>\n<\/p>\n<h3>Mi\u0119kka ochrona wn\u0119trza<\/h3>\n<p>Wn\u0119trze torby wyko\u0144czone jest mi\u0119kkim aksamitem, kt\u00f3ry zapobiega powstawaniu rys na obudowie i soczewkach kamery. To gwarancja, \u017ce Tw\u00f3j sprz\u0119t zachowa idealny wygl\u0105d nawet podczas intensywnego u\u017cytkowania i cz\u0119stych podr\u00f3\u017cy.<\/p>\n<p>\n<img decoding=\"async\" src=\"https:\/\/assets.innpro.pl\/18067\/23964\/2.jpg\" border=\"0\" alt=\"Etui TELESIN uderzane strumieniem wody, prezentuj\u0105ce wodoodporno\u015b\u0107\" \/>\n<\/p>\n<h3>Styl i funkcjonalno\u015b\u0107<\/h3>\n<p>Torba wyr\u00f3\u017cnia si\u0119 nowoczesnym designem inspirowanym liniami g\u00f3rskich szczyt\u00f3w. Metalowe detale i ergonomiczny uchwyt typu zapewniaj\u0105 elegancki wygl\u0105d, a tak\u017ce wygodne otwieranie i szybki dost\u0119p do kamery. To po\u0142\u0105czenie praktyczno\u015bci i wyrafinowanego stylu.<\/p>\n<p>\n<img decoding=\"async\" src=\"https:\/\/assets.innpro.pl\/18067\/23964\/3.jpg\" border=\"0\" alt=\"M\u0119\u017cczyzna trzymaj\u0105cy kompaktowe etui TELESIN w r\u0119ku przy biodrze\" \/>\n<\/p>\n<h3>Dedykowana ochrona obiektyw\u00f3w<\/h3>\n<p>Konstrukcja torby zosta\u0142a precyzyjnie dopasowana do podw\u00f3jnych obiektyw\u00f3w DJI Osmo 360. Podwy\u017cszone os\u0142ony zapewniaj\u0105 im dodatkowe zabezpieczenie, eliminuj\u0105c ryzyko uszkodze\u0144 podczas transportu i przechowywania.<\/p>\n<p>\n<img decoding=\"async\" src=\"https:\/\/assets.innpro.pl\/18067\/23964\/4.jpg\" border=\"0\" alt=\"Turysta z etui TELESIN przypi\u0119tym do ramienia plecaka i widokiem etui na statywie (ma\u0142a wstawka w rogu)\" \/>\n<\/p>\n<h3>Gotowa na ka\u017cd\u0105 przygod\u0119<\/h3>\n<p>Torba jest odporna na warunki atmosferyczne. Skutecznie chroni przed deszczem, potem i zachlapaniami. Niezale\u017cnie od tego, czy zabierasz kamer\u0119 na w\u0119dr\u00f3wk\u0119 w g\u00f3ry, czy nagrywasz w mie\u015bcie, mo\u017cesz mie\u0107 pewno\u015b\u0107, \u017ce Tw\u00f3j sprz\u0119t jest bezpieczny.<\/p>\n<p>\n<img decoding=\"async\" src=\"https:\/\/assets.innpro.pl\/18067\/23964\/5.jpg\" border=\"0\" alt=\"Dynamiczne uj\u0119cie etui TELESIN unosz\u0105cego si\u0119 w powietrzu na ciemnym tle\" \/>\n<\/p>\n<h3>Kompaktowa i por\u0119czna<\/h3>\n<p>Dzi\u0119ki niewielkim rozmiarom torb\u0119 bez trudu zmie\u015bcisz w plecaku, kieszeni czy nawet w d\u0142oni. Wyposa\u017cona w praktyczny klips, umo\u017cliwia szybkie przypi\u0119cie do torby lub paska, co sprawia, \u017ce Osmo 360 zawsze masz pod r\u0119k\u0105.<\/p>\n<p>\n<img decoding=\"async\" src=\"https:\/\/assets.innpro.pl\/18067\/23964\/6.jpg\" border=\"0\" alt=\"Osoba w szarych spodniach chowaj\u0105ca etui TELESIN do kieszeni bocznej\" \/>\n<\/p>\n<h3>W zestawie<\/h3>\n<ul class=\"list-disc pl-5\">\n<li>torba ochronna<\/li>\n<li>karabi\u0144czyk<\/li>\n<\/ul>\n<div class=\"table-wrapper\">\n<p>\u00a0<\/p>\n<h3><\/h3>\n<table>\n<tbody>\n<tr>\n<th>Producent<\/th>\n<td>Telesin<\/td>\n<\/tr>\n<tr>\n<th>Model<\/th>\n<td>S6-PRC-22-TDJ<\/td>\n<\/tr>\n<tr>\n<th>Materia\u0142 wykonania<\/th>\n<td>PU, jedwab<\/td>\n<\/tr>\n<tr>\n<th>Kompatybilno\u015b\u0107<\/th>\n<td>DJI Osmo 360<\/td>\n<\/tr>\n<tr>\n<th>Waga<\/th>\n<td>ok. 48 g<\/td>\n<\/tr>\n<tr>\n<th>Wymiary<\/th>\n<td>95 x 57 x 75 mm<\/td>\n<\/tr>\n<tr>\n<th>Kolor<\/th>\n<td>Czarny<\/td>\n<\/tr>\n<\/tbody>\n<\/table>\n<\/div>\n","protected":false},"excerpt":{"rendered":"<p>Torba ochronna Telesin DJI Osmo 360, ca\u0142kowicie zamkni\u0119ty Torba ochronna Telesin do DJI Osmo 360 to pe\u0142ne zabezpieczenie kamery w<\/p>\n","protected":false},"featured_media":51297,"comment_status":"closed","ping_status":"open","template":"","meta":{"_acf_changed":false},"product_brand":[],"product_cat":[1128,6173,6172],"product_tag":[],"class_list":{"0":"post-60912","1":"product","2":"type-product","3":"status-publish","4":"has-post-thumbnail","6":"product_cat-foto-wideo","7":"product_cat-futeraly-i-etui","8":"product_cat-przechowywanie-i-transport","9":"pa_okres-gwarancji-5754","10":"pa_producent-telesin","12":"first","13":"outofstock","14":"taxable","15":"shipping-taxable","16":"purchasable","17":"product-type-simple"},"acf":[],"yoast_head":"<!-- This site is optimized with the Yoast SEO plugin v27.2 - https:\/\/yoast.com\/product\/yoast-seo-wordpress\/ -->\n<title>Torba ochronna Telesin DJI Osmo 360, ca\u0142kowicie zamkni\u0119ty - IRONSKY.PL Sklep z Dronami<\/title>\n<meta name=\"description\" content=\"Torba ochronna Telesin DJI Osmo 360, ca\u0142kowicie zamkni\u0119ty - \u2705 sklep z dronami i fachowym doradztwem. \u2705 Tutaj kupisz produkty DJI, Yuneec, Parrot, Syma i wiele innych, a tak\u017ce kursy i licencje na operatora drona.\" \/>\n<meta name=\"robots\" content=\"index, follow, max-snippet:-1, max-image-preview:large, max-video-preview:-1\" \/>\n<link rel=\"canonical\" href=\"https:\/\/ironsky.pl\/sklep\/produkt\/torba-ochronna-telesin-dji-osmo-360-calkowicie-zamkniety-2\/\" \/>\n<meta property=\"og:locale\" content=\"pl_PL\" \/>\n<meta property=\"og:type\" content=\"article\" \/>\n<meta property=\"og:title\" content=\"Torba ochronna Telesin DJI Osmo 360, ca\u0142kowicie zamkni\u0119ty - IRONSKY.PL Sklep z Dronami\" \/>\n<meta property=\"og:description\" content=\"Torba ochronna Telesin DJI Osmo 360, ca\u0142kowicie zamkni\u0119ty - \u2705 sklep z dronami i fachowym doradztwem. \u2705 Tutaj kupisz produkty DJI, Yuneec, Parrot, Syma i wiele innych, a tak\u017ce kursy i licencje na operatora drona.\" \/>\n<meta property=\"og:url\" content=\"https:\/\/ironsky.pl\/sklep\/produkt\/torba-ochronna-telesin-dji-osmo-360-calkowicie-zamkniety-2\/\" \/>\n<meta property=\"og:site_name\" content=\"IRONSKY.PL Sklep z Dronami\" \/>\n<meta property=\"article:modified_time\" content=\"2026-04-15T09:10:30+00:00\" \/>\n<meta property=\"og:image\" content=\"https:\/\/ironsky.pl\/sklep\/wp-content\/uploads\/2026\/02\/54896_2.jpg\" \/>\n\t<meta property=\"og:image:width\" content=\"800\" \/>\n\t<meta property=\"og:image:height\" content=\"800\" \/>\n\t<meta property=\"og:image:type\" content=\"image\/jpeg\" \/>\n<meta name=\"twitter:card\" content=\"summary_large_image\" \/>\n<meta name=\"twitter:label1\" content=\"Szacowany czas czytania\" \/>\n\t<meta name=\"twitter:data1\" content=\"2 minuty\" \/>\n<script type=\"application\/ld+json\" class=\"yoast-schema-graph\">{\"@context\":\"https:\/\/schema.org\",\"@graph\":[{\"@type\":\"WebPage\",\"@id\":\"https:\/\/ironsky.pl\/sklep\/produkt\/torba-ochronna-telesin-dji-osmo-360-calkowicie-zamkniety-2\/\",\"url\":\"https:\/\/ironsky.pl\/sklep\/produkt\/torba-ochronna-telesin-dji-osmo-360-calkowicie-zamkniety-2\/\",\"name\":\"Torba ochronna Telesin DJI Osmo 360, ca\u0142kowicie zamkni\u0119ty - IRONSKY.PL Sklep z Dronami\",\"isPartOf\":{\"@id\":\"https:\/\/ironsky.pl\/sklep\/#website\"},\"primaryImageOfPage\":{\"@id\":\"https:\/\/ironsky.pl\/sklep\/produkt\/torba-ochronna-telesin-dji-osmo-360-calkowicie-zamkniety-2\/#primaryimage\"},\"image\":{\"@id\":\"https:\/\/ironsky.pl\/sklep\/produkt\/torba-ochronna-telesin-dji-osmo-360-calkowicie-zamkniety-2\/#primaryimage\"},\"thumbnailUrl\":\"https:\/\/ironsky.pl\/sklep\/wp-content\/uploads\/2026\/02\/54896_2.jpg\",\"datePublished\":\"2026-04-15T09:10:25+00:00\",\"dateModified\":\"2026-04-15T09:10:30+00:00\",\"description\":\"Torba ochronna Telesin DJI Osmo 360, ca\u0142kowicie zamkni\u0119ty - \u2705 sklep z dronami i fachowym doradztwem. \u2705 Tutaj kupisz produkty DJI, Yuneec, Parrot, Syma i wiele innych, a tak\u017ce kursy i licencje na operatora drona.\",\"breadcrumb\":{\"@id\":\"https:\/\/ironsky.pl\/sklep\/produkt\/torba-ochronna-telesin-dji-osmo-360-calkowicie-zamkniety-2\/#breadcrumb\"},\"inLanguage\":\"pl-PL\",\"potentialAction\":[{\"@type\":\"ReadAction\",\"target\":[\"https:\/\/ironsky.pl\/sklep\/produkt\/torba-ochronna-telesin-dji-osmo-360-calkowicie-zamkniety-2\/\"]}]},{\"@type\":\"ImageObject\",\"inLanguage\":\"pl-PL\",\"@id\":\"https:\/\/ironsky.pl\/sklep\/produkt\/torba-ochronna-telesin-dji-osmo-360-calkowicie-zamkniety-2\/#primaryimage\",\"url\":\"https:\/\/ironsky.pl\/sklep\/wp-content\/uploads\/2026\/02\/54896_2.jpg\",\"contentUrl\":\"https:\/\/ironsky.pl\/sklep\/wp-content\/uploads\/2026\/02\/54896_2.jpg\",\"width\":800,\"height\":800},{\"@type\":\"BreadcrumbList\",\"@id\":\"https:\/\/ironsky.pl\/sklep\/produkt\/torba-ochronna-telesin-dji-osmo-360-calkowicie-zamkniety-2\/#breadcrumb\",\"itemListElement\":[{\"@type\":\"ListItem\",\"position\":1,\"name\":\"Strona g\u0142\u00f3wna\",\"item\":\"https:\/\/ironsky.pl\/sklep\/\"},{\"@type\":\"ListItem\",\"position\":2,\"name\":\"Wszystkie produkty\",\"item\":\"https:\/\/ironsky.pl\/sklep\/produkty\/\"},{\"@type\":\"ListItem\",\"position\":3,\"name\":\"Torba ochronna Telesin DJI Osmo 360, ca\u0142kowicie zamkni\u0119ty\"}]},{\"@type\":\"WebSite\",\"@id\":\"https:\/\/ironsky.pl\/sklep\/#website\",\"url\":\"https:\/\/ironsky.pl\/sklep\/\",\"name\":\"IRONSKY.PL Sklep z Dronami\",\"description\":\"IRONSKY.PL Sklep z Dronami\",\"potentialAction\":[{\"@type\":\"SearchAction\",\"target\":{\"@type\":\"EntryPoint\",\"urlTemplate\":\"https:\/\/ironsky.pl\/sklep\/?s={search_term_string}\"},\"query-input\":{\"@type\":\"PropertyValueSpecification\",\"valueRequired\":true,\"valueName\":\"search_term_string\"}}],\"inLanguage\":\"pl-PL\"}]}<\/script>\n<!-- \/ Yoast SEO plugin. -->","yoast_head_json":{"title":"Torba ochronna Telesin DJI Osmo 360, ca\u0142kowicie zamkni\u0119ty - IRONSKY.PL Sklep z Dronami","description":"Torba ochronna Telesin DJI Osmo 360, ca\u0142kowicie zamkni\u0119ty - \u2705 sklep z dronami i fachowym doradztwem. \u2705 Tutaj kupisz produkty DJI, Yuneec, Parrot, Syma i wiele innych, a tak\u017ce kursy i licencje na operatora drona.","robots":{"index":"index","follow":"follow","max-snippet":"max-snippet:-1","max-image-preview":"max-image-preview:large","max-video-preview":"max-video-preview:-1"},"canonical":"https:\/\/ironsky.pl\/sklep\/produkt\/torba-ochronna-telesin-dji-osmo-360-calkowicie-zamkniety-2\/","og_locale":"pl_PL","og_type":"article","og_title":"Torba ochronna Telesin DJI Osmo 360, ca\u0142kowicie zamkni\u0119ty - IRONSKY.PL Sklep z Dronami","og_description":"Torba ochronna Telesin DJI Osmo 360, ca\u0142kowicie zamkni\u0119ty - \u2705 sklep z dronami i fachowym doradztwem. \u2705 Tutaj kupisz produkty DJI, Yuneec, Parrot, Syma i wiele innych, a tak\u017ce kursy i licencje na operatora drona.","og_url":"https:\/\/ironsky.pl\/sklep\/produkt\/torba-ochronna-telesin-dji-osmo-360-calkowicie-zamkniety-2\/","og_site_name":"IRONSKY.PL Sklep z Dronami","article_modified_time":"2026-04-15T09:10:30+00:00","og_image":[{"width":800,"height":800,"url":"https:\/\/ironsky.pl\/sklep\/wp-content\/uploads\/2026\/02\/54896_2.jpg","type":"image\/jpeg"}],"twitter_card":"summary_large_image","twitter_misc":{"Szacowany czas czytania":"2 minuty"},"schema":{"@context":"https:\/\/schema.org","@graph":[{"@type":"WebPage","@id":"https:\/\/ironsky.pl\/sklep\/produkt\/torba-ochronna-telesin-dji-osmo-360-calkowicie-zamkniety-2\/","url":"https:\/\/ironsky.pl\/sklep\/produkt\/torba-ochronna-telesin-dji-osmo-360-calkowicie-zamkniety-2\/","name":"Torba ochronna Telesin DJI Osmo 360, ca\u0142kowicie zamkni\u0119ty - IRONSKY.PL Sklep z Dronami","isPartOf":{"@id":"https:\/\/ironsky.pl\/sklep\/#website"},"primaryImageOfPage":{"@id":"https:\/\/ironsky.pl\/sklep\/produkt\/torba-ochronna-telesin-dji-osmo-360-calkowicie-zamkniety-2\/#primaryimage"},"image":{"@id":"https:\/\/ironsky.pl\/sklep\/produkt\/torba-ochronna-telesin-dji-osmo-360-calkowicie-zamkniety-2\/#primaryimage"},"thumbnailUrl":"https:\/\/ironsky.pl\/sklep\/wp-content\/uploads\/2026\/02\/54896_2.jpg","datePublished":"2026-04-15T09:10:25+00:00","dateModified":"2026-04-15T09:10:30+00:00","description":"Torba ochronna Telesin DJI Osmo 360, ca\u0142kowicie zamkni\u0119ty - \u2705 sklep z dronami i fachowym doradztwem. \u2705 Tutaj kupisz produkty DJI, Yuneec, Parrot, Syma i wiele innych, a tak\u017ce kursy i licencje na operatora drona.","breadcrumb":{"@id":"https:\/\/ironsky.pl\/sklep\/produkt\/torba-ochronna-telesin-dji-osmo-360-calkowicie-zamkniety-2\/#breadcrumb"},"inLanguage":"pl-PL","potentialAction":[{"@type":"ReadAction","target":["https:\/\/ironsky.pl\/sklep\/produkt\/torba-ochronna-telesin-dji-osmo-360-calkowicie-zamkniety-2\/"]}]},{"@type":"ImageObject","inLanguage":"pl-PL","@id":"https:\/\/ironsky.pl\/sklep\/produkt\/torba-ochronna-telesin-dji-osmo-360-calkowicie-zamkniety-2\/#primaryimage","url":"https:\/\/ironsky.pl\/sklep\/wp-content\/uploads\/2026\/02\/54896_2.jpg","contentUrl":"https:\/\/ironsky.pl\/sklep\/wp-content\/uploads\/2026\/02\/54896_2.jpg","width":800,"height":800},{"@type":"BreadcrumbList","@id":"https:\/\/ironsky.pl\/sklep\/produkt\/torba-ochronna-telesin-dji-osmo-360-calkowicie-zamkniety-2\/#breadcrumb","itemListElement":[{"@type":"ListItem","position":1,"name":"Strona g\u0142\u00f3wna","item":"https:\/\/ironsky.pl\/sklep\/"},{"@type":"ListItem","position":2,"name":"Wszystkie produkty","item":"https:\/\/ironsky.pl\/sklep\/produkty\/"},{"@type":"ListItem","position":3,"name":"Torba ochronna Telesin DJI Osmo 360, ca\u0142kowicie zamkni\u0119ty"}]},{"@type":"WebSite","@id":"https:\/\/ironsky.pl\/sklep\/#website","url":"https:\/\/ironsky.pl\/sklep\/","name":"IRONSKY.PL Sklep z Dronami","description":"IRONSKY.PL Sklep z Dronami","potentialAction":[{"@type":"SearchAction","target":{"@type":"EntryPoint","urlTemplate":"https:\/\/ironsky.pl\/sklep\/?s={search_term_string}"},"query-input":{"@type":"PropertyValueSpecification","valueRequired":true,"valueName":"search_term_string"}}],"inLanguage":"pl-PL"}]}},"_links":{"self":[{"href":"https:\/\/ironsky.pl\/sklep\/wp-json\/wp\/v2\/product\/60912","targetHints":{"allow":["GET"]}}],"collection":[{"href":"https:\/\/ironsky.pl\/sklep\/wp-json\/wp\/v2\/product"}],"about":[{"href":"https:\/\/ironsky.pl\/sklep\/wp-json\/wp\/v2\/types\/product"}],"replies":[{"embeddable":true,"href":"https:\/\/ironsky.pl\/sklep\/wp-json\/wp\/v2\/comments?post=60912"}],"wp:featuredmedia":[{"embeddable":true,"href":"https:\/\/ironsky.pl\/sklep\/wp-json\/wp\/v2\/media\/51297"}],"wp:attachment":[{"href":"https:\/\/ironsky.pl\/sklep\/wp-json\/wp\/v2\/media?parent=60912"}],"wp:term":[{"taxonomy":"product_brand","embeddable":true,"href":"https:\/\/ironsky.pl\/sklep\/wp-json\/wp\/v2\/product_brand?post=60912"},{"taxonomy":"product_cat","embeddable":true,"href":"https:\/\/ironsky.pl\/sklep\/wp-json\/wp\/v2\/product_cat?post=60912"},{"taxonomy":"product_tag","embeddable":true,"href":"https:\/\/ironsky.pl\/sklep\/wp-json\/wp\/v2\/product_tag?post=60912"}],"curies":[{"name":"wp","href":"https:\/\/api.w.org\/{rel}","templated":true}]}}