{"id":60907,"date":"2026-04-15T11:09:56","date_gmt":"2026-04-15T09:09:56","guid":{"rendered":"https:\/\/ironsky.pl\/sklep\/produkt\/mini-pc-minis-forum-ms-a2-9955-ryzen-9-9955hx-barebone\/"},"modified":"2026-04-15T11:10:23","modified_gmt":"2026-04-15T09:10:23","slug":"mini-pc-minis-forum-ms-a2-9955-ryzen-9-9955hx-barebone","status":"publish","type":"product","link":"https:\/\/ironsky.pl\/sklep\/produkt\/mini-pc-minis-forum-ms-a2-9955-ryzen-9-9955hx-barebone\/","title":{"rendered":"Mini PC MINIS FORUM MS-A2-9955 Ryzen 9 9955HX barebone"},"content":{"rendered":"<div style=\"display: flex; flex-direction: column;\" class=\"iai-section-b518b711-327c-49dd-a6df-803f52333dbe-description-wrapper\">\n<div class=\"iai-section-b518b711-327c-49dd-a6df-803f52333dbe iai-section-b518b711-327c-49dd-a6df-803f52333dbe-html\">\n<h3>MINI PC (Personal Computer, komputer osobisty) MS-A2-9955 AMD Ryzen 9 9955HX barebone<\/h3>\n<p>MINIS FORUM MS-A2-9955 to komputer typu barebone, kt\u00f3ry \u0142\u0105czy kompaktow\u0105 form\u0119 z wydajno\u015bci\u0105 klasy premium. Zosta\u0142 wyposa\u017cony w procesor AMD Ryzen\u2122 9 9955HX oparty na architekturze Zen 5, wydajn\u0105 pami\u0119\u0107 DDR5 (Double Data Rate 5, szybka pami\u0119\u0107 operacyjna) i zaawansowany uk\u0142ad ch\u0142odzenia, a dodatkowo oferuje wiele r\u00f3\u017cnych port\u00f3w i wspiera \u0142\u0105czno\u015b\u0107 bezprzewodow\u0105 Wi-Fi 6E (Wireless Fidelity 6E, bezprzewodowa sie\u0107 komputerowa sz\u00f3stej generacji z rozszerzonym pasmem) oraz Bluetooth 5.2 (Bluetooth, technologia bezprzewodowej komunikacji kr\u00f3tkiego zasi\u0119gu). To idealny sprz\u0119t do pracy biurowej, obs\u0142ugi multimedi\u00f3w i nie tylko.<\/p>\n<p><img decoding=\"async\" src=\"https:\/\/assets.innpro.pl\/17987\/23867\/1.jpg\" border=\"0\" alt=\"Dwa kompaktowe komputery z perforowanymi obudowami i niebieskimi portami USB na tle pomara\u0144czowego o\u015bwietlenia\"><\/p>\n<h3>Wydajno\u015b\u0107 procesora Ryzen 9<\/h3>\n<p>Sercem modelu MS-A2-9955 jest procesor AMD Ryzen\u2122 9 9955HX oparty na architekturze Zen 5. To jednostka wyposa\u017cona w 16 rdzeni i 32 w\u0105tki, z taktowaniem do 5,4 GHz i 64 MB pami\u0119ci cache L3. Wszystko to sprawia, \u017ce komputer doskonale sprawdzi si\u0119 w biurze czy w domu \u2013 nada si\u0119 nawet do zada\u0144 wymagaj\u0105cych du\u017cej mocy.<\/p>\n<p><img decoding=\"async\" src=\"https:\/\/assets.innpro.pl\/17987\/23867\/3.jpg\" border=\"0\" alt=\"Procesor AMD Ryzen na p\u0142ycie g\u0142\u00f3wnej z pod\u015bwietlonymi z\u0142otymi kraw\u0119dziami i widocznymi \u015bcie\u017ckami elektronicznymi\"><\/p>\n<h3>Najnowsza pami\u0119\u0107 DDR5<\/h3>\n<p>Komputer obs\u0142uguje do 96 GB pami\u0119ci DDR5 w trybie dwukana\u0142owym. Modu\u0142y DDR5-5600 gwarantuj\u0105 znacznie wy\u017csz\u0105 przepustowo\u015b\u0107, szybsze \u0142adowanie aplikacji i p\u0142ynniejsz\u0105 prac\u0119 wielu program\u00f3w naraz. To ogromna przewaga w zadaniach wymagaj\u0105cych du\u017cych zasob\u00f3w RAM, takich jak edycja wideo czy analiza danych.<\/p>\n<p><img decoding=\"async\" src=\"https:\/\/assets.innpro.pl\/17987\/23867\/9.jpg\" border=\"0\" alt=\"Dwa modu\u0142y pami\u0119ci DDR5 5600 zainstalowane w ciemnej obudowie komputera\"><\/p>\n<h3>Ultraszybkie i pojemne dyski<\/h3>\n<p>MS-A2-9955 obs\u0142uguje nowoczesne no\u015bniki M.2 NVMe (Non-Volatile Memory Express, szybki interfejs do dysk\u00f3w SSD) i U.2 o \u0142\u0105cznej pojemno\u015bci do 15 TB, z mo\u017cliwo\u015bci\u0105 konfiguracji RAID 0 lub RAID 1 (Redundant Array of Independent Disks, technologia zwi\u0119kszaj\u0105ca wydajno\u015b\u0107 lub bezpiecze\u0144stwo danych). Du\u017ce pr\u0119dko\u015bci odczytu i zapisu gwarantuj\u0105 b\u0142yskawiczny start systemu, natychmiastowe uruchamianie program\u00f3w i niezawodny zapis du\u017cych plik\u00f3w.<\/p>\n<p><img decoding=\"async\" src=\"https:\/\/assets.innpro.pl\/17987\/23867\/4.jpg\" border=\"0\" alt=\"Programista pracuj\u0105cy przy monitorze z kodem na ekranie w \u015brodowisku biurowym z du\u017cymi oknami w tle\"><\/p>\n<h3>Obs\u0142uga wielu ekran\u00f3w i grafika Radeon<\/h3>\n<p>Zintegrowany uk\u0142ad AMD Radeon\u2122 610M i dost\u0119pne porty umo\u017cliwiaj\u0105 pod\u0142\u0105czenie trzech monitor\u00f3w jednocze\u015bnie, w tym jednego w rozdzielczo\u015bci 8K. To idealne rozwi\u0105zanie dla os\u00f3b pracuj\u0105cych wielozadaniowo \u2013 od monta\u017cyst\u00f3w i grafik\u00f3w, po u\u017cytkownik\u00f3w wymagaj\u0105cych wygodnej pracy biurowej na wielu ekranach. A je\u015bli potrzebujesz dodatkowych mo\u017cliwo\u015bci, do dyspozycji masz slot PCIe x16 (Peripheral Component Interconnect Express x16, z\u0142\u0105cze do kart rozszerze\u0144), kt\u00f3ry pozwala na instalacj\u0119 dedykowanej karty graficznej.<\/p>\n<p><img decoding=\"async\" src=\"https:\/\/assets.innpro.pl\/17987\/23867\/2.jpg\" border=\"0\" alt=\"Trzy ekrany z interfejsem programu do edycji wideo i kompaktowy komputer na ciemnym tle z pomara\u0144czowym \u015bwiat\u0142em\"><\/p>\n<h3>Profesjonalna \u0142\u0105czno\u015b\u0107<\/h3>\n<p>Mini PC wyposa\u017cono w liczne z\u0142\u0105cza: na froncie znajdziesz port Combo Jack 3,5mm, dwa porty USB 3.2 Gen1 (Universal Serial Bus 3.2 Generacja 1, standard z\u0142\u0105cza do przesy\u0142ania danych, do 5 Gbps) i port USB 2.0, a z ty\u0142u dost\u0119pne s\u0105 dwa porty USB-C 3.2 Gen2 (do 10 Gbps), port HDMI 2.1 (High-Definition Multimedia Interface, standard przesy\u0142u obrazu i d\u017awi\u0119ku), LAN RJ45 2,5 GB (Realtek RTL8125), LAN RJ45 2,5 Gb (Intel I226-V), SFP+ 10G (Small Form-factor Pluggable Plus 10 Gigabit, modu\u0142 \u015bwiat\u0142owodowy), USB 3.2 Gen2 (do 10 Gbps) i USB 3.2 Gen1 (do 5 Gbps). Mo\u017cesz wi\u0119c swobodnie pod\u0142\u0105cza\u0107 urz\u0105dzenia peryferyjne, przesy\u0142a\u0107 pliki, korzysta\u0107 z Internetu i nie tylko. Do tego dochodzi bezprzewodowa \u0142\u0105czno\u015b\u0107 Wi-Fi 6E i Bluetooth 5.2.<\/p>\n<p><img decoding=\"async\" src=\"https:\/\/assets.innpro.pl\/17987\/23867\/11.jpg\" border=\"0\" alt=\"czarny kompaktowy komputer z portami na ciemnym tle\"><\/p>\n<h3>Wydajne ch\u0142odzenie<\/h3>\n<p>MS-A2-9955 wykorzystuje potr\u00f3jne miedziane ciep\u0142owody, nowy wentylator o zwi\u0119kszonym przep\u0142ywie powietrza oraz materia\u0142 zmiennofazowy, kt\u00f3ry skutecznie odprowadza ciep\u0142o. Dzi\u0119ki temu urz\u0105dzenie utrzymuje wysok\u0105 wydajno\u015b\u0107 i stabilno\u015b\u0107 pracy nawet przy d\u0142ugotrwa\u0142ym obci\u0105\u017ceniu.<\/p>\n<p><img decoding=\"async\" src=\"https:\/\/assets.innpro.pl\/17987\/23867\/10.jpg\" border=\"0\" alt=\"Przekr\u00f3j kompaktowego komputera z niebieskimi efektami ch\u0142odzenia i pomara\u0144czowymi liniami przep\u0142ywu powietrza\"><\/p>\n<div class=\"table-wrapper\">\n<p>&nbsp;<\/p>\n<h3>&nbsp;<\/h3>\n<table>\n<tbody>\n<tr>\n<th>Producent<\/th>\n<td>Minis Forum<\/td>\n<\/tr>\n<tr>\n<th>Model<\/th>\n<td>MS-A2-9955<\/td>\n<\/tr>\n<tr>\n<th>CPU<\/th>\n<td>AMD Ryzen\u2122 9 9955HX (Zen 5, 16 rdzeni, 32 w\u0105tki, 64 MB L3 Cache, taktowanie do 5,4 GHz)<\/td>\n<\/tr>\n<tr>\n<th>GPU<\/th>\n<td>AMD Radeon\u2122 610M<\/td>\n<\/tr>\n<tr>\n<th>Pami\u0119\u0107<\/th>\n<td>Do 96 GB DDR5 (SO-DIMM x2) \u2013 DDR5-5600<\/td>\n<\/tr>\n<tr>\n<th>Pami\u0119\u0107 masowa<\/th>\n<td>M.2 2280\/U.2 NVMe SSD \u00d71 (do 15 TB, PCIe 4.0 \u00d74), M.2 2280\/22110 NVMe\/SATA SSD \u00d72 (do 4 TB na slot, domy\u015blnie PCIe 3.0 \u00d74, opcja rozbudowy do PCIe 4.04 \u00d74)<\/td>\n<\/tr>\n<tr>\n<th>\u0141\u0105czno\u015b\u0107 bezprzewodowa<\/th>\n<td>Wi-Fi 6E, Bluetooth 5.2<\/td>\n<\/tr>\n<tr>\n<th>Wyj\u015bcia wideo<\/th>\n<td>HDMI \u00d71 (do 8K@60Hz), USB-C \u00d72 (do 8K@60Hz \/ 4K@144Hz)<\/td>\n<\/tr>\n<tr>\n<th>Wyj\u015bcia audio<\/th>\n<td>HDMI 1, USB-C \u00d72, Combo Jack 3,5 mm \u00d71<\/td>\n<\/tr>\n<tr>\n<th>Wej\u015bcia audio<\/th>\n<td>Combo Jack 3,5 mm \u00d71<\/td>\n<\/tr>\n<tr>\n<th>Porty przednie<\/th>\n<td>3,5 mm Combo Jack \u00d71, USB 3.2 Gen1 (do 5 Gbps) \u00d72, USB 2.0 \u00d71<\/td>\n<\/tr>\n<tr>\n<th>Porty tylne<\/th>\n<td>USB-C (USB 3.2 Gen2, 10 Gb\/s, Alt DP 2.0) \u00d72, HDMI 2.1 \u00d71, LAN 2.5 Gb (RJ45, Realtek RTL8125) \u00d71, LAN 2.5 Gb (RJ45, Intel i226-V) \u00d71, SFP+ 10 Gb (Intel X710) \u00d72, USB 3.2 Gen2 (10 Gbps) \u00d71, USB 3.2 Gen1 (5 Gbps) \u00d71<\/td>\n<\/tr>\n<tr>\n<th>Rozszerzenia PCIe<\/th>\n<td>PCIe x16 (PCIe 4.0 \u00d78, obs\u0142uga splittingu)<\/td>\n<\/tr>\n<tr>\n<th>Przyciski<\/th>\n<td>Power, Reset<\/td>\n<\/tr>\n<tr>\n<th>Zasilacz<\/th>\n<td>19 V \/ 12,63 A<\/td>\n<\/tr>\n<tr>\n<th>System operacyjny<\/th>\n<td><span>brak<\/span><\/td>\n<\/tr>\n<tr>\n<th>Wymiary<\/th>\n<td>196 \u00d7 189 \u00d7 48 mm<\/td>\n<\/tr>\n<\/tbody>\n<\/table>\n<\/div>\n<\/div>\n<\/div>\n","protected":false},"excerpt":{"rendered":"<p>MINI PC (Personal Computer, komputer osobisty) MS-A2-9955 AMD Ryzen 9 9955HX barebone MINIS FORUM MS-A2-9955 to komputer typu barebone, kt\u00f3ry<\/p>\n","protected":false},"featured_media":50112,"comment_status":"closed","ping_status":"open","template":"","meta":{"_acf_changed":false},"product_brand":[],"product_cat":[5929,6006],"product_tag":[],"class_list":{"0":"post-60907","1":"product","2":"type-product","3":"status-publish","4":"has-post-thumbnail","6":"product_cat-akcesoria-it","7":"product_cat-mini-pc","8":"pa_okres-gwarancji-5757","9":"pa_producent-minis-forum","11":"first","12":"outofstock","13":"taxable","14":"shipping-taxable","15":"purchasable","16":"product-type-simple"},"acf":[],"yoast_head":"<!-- This site is optimized with the Yoast SEO plugin v27.2 - https:\/\/yoast.com\/product\/yoast-seo-wordpress\/ -->\n<title>Mini PC MINIS FORUM MS-A2-9955 Ryzen 9 9955HX barebone - IRONSKY.PL Sklep z Dronami<\/title>\n<meta name=\"description\" content=\"Mini PC MINIS FORUM MS-A2-9955 Ryzen 9 9955HX barebone - \u2705 sklep z dronami i fachowym doradztwem. \u2705 Tutaj kupisz produkty DJI, Yuneec, Parrot, Syma i wiele innych, a tak\u017ce kursy i licencje na operatora drona.\" \/>\n<meta name=\"robots\" content=\"index, follow, max-snippet:-1, max-image-preview:large, max-video-preview:-1\" \/>\n<link rel=\"canonical\" href=\"https:\/\/ironsky.pl\/sklep\/produkt\/mini-pc-minis-forum-ms-a2-9955-ryzen-9-9955hx-barebone\/\" \/>\n<meta property=\"og:locale\" content=\"pl_PL\" \/>\n<meta property=\"og:type\" content=\"article\" \/>\n<meta property=\"og:title\" content=\"Mini PC MINIS FORUM MS-A2-9955 Ryzen 9 9955HX barebone - IRONSKY.PL Sklep z Dronami\" \/>\n<meta property=\"og:description\" content=\"Mini PC MINIS FORUM MS-A2-9955 Ryzen 9 9955HX barebone - \u2705 sklep z dronami i fachowym doradztwem. \u2705 Tutaj kupisz produkty DJI, Yuneec, Parrot, Syma i wiele innych, a tak\u017ce kursy i licencje na operatora drona.\" \/>\n<meta property=\"og:url\" content=\"https:\/\/ironsky.pl\/sklep\/produkt\/mini-pc-minis-forum-ms-a2-9955-ryzen-9-9955hx-barebone\/\" \/>\n<meta property=\"og:site_name\" content=\"IRONSKY.PL Sklep z Dronami\" \/>\n<meta property=\"article:modified_time\" content=\"2026-04-15T09:10:23+00:00\" \/>\n<meta property=\"og:image\" content=\"https:\/\/ironsky.pl\/sklep\/wp-content\/uploads\/2025\/10\/54865_1.jpg\" \/>\n\t<meta property=\"og:image:width\" content=\"800\" \/>\n\t<meta property=\"og:image:height\" content=\"800\" \/>\n\t<meta property=\"og:image:type\" content=\"image\/jpeg\" \/>\n<meta name=\"twitter:card\" content=\"summary_large_image\" \/>\n<meta name=\"twitter:label1\" content=\"Szacowany czas czytania\" \/>\n\t<meta name=\"twitter:data1\" content=\"4 minuty\" \/>\n<script type=\"application\/ld+json\" class=\"yoast-schema-graph\">{\"@context\":\"https:\/\/schema.org\",\"@graph\":[{\"@type\":\"WebPage\",\"@id\":\"https:\/\/ironsky.pl\/sklep\/produkt\/mini-pc-minis-forum-ms-a2-9955-ryzen-9-9955hx-barebone\/\",\"url\":\"https:\/\/ironsky.pl\/sklep\/produkt\/mini-pc-minis-forum-ms-a2-9955-ryzen-9-9955hx-barebone\/\",\"name\":\"Mini PC MINIS FORUM MS-A2-9955 Ryzen 9 9955HX barebone - IRONSKY.PL Sklep z Dronami\",\"isPartOf\":{\"@id\":\"https:\/\/ironsky.pl\/sklep\/#website\"},\"primaryImageOfPage\":{\"@id\":\"https:\/\/ironsky.pl\/sklep\/produkt\/mini-pc-minis-forum-ms-a2-9955-ryzen-9-9955hx-barebone\/#primaryimage\"},\"image\":{\"@id\":\"https:\/\/ironsky.pl\/sklep\/produkt\/mini-pc-minis-forum-ms-a2-9955-ryzen-9-9955hx-barebone\/#primaryimage\"},\"thumbnailUrl\":\"https:\/\/ironsky.pl\/sklep\/wp-content\/uploads\/2025\/10\/54865_1.jpg\",\"datePublished\":\"2026-04-15T09:09:56+00:00\",\"dateModified\":\"2026-04-15T09:10:23+00:00\",\"description\":\"Mini PC MINIS FORUM MS-A2-9955 Ryzen 9 9955HX barebone - \u2705 sklep z dronami i fachowym doradztwem. \u2705 Tutaj kupisz produkty DJI, Yuneec, Parrot, Syma i wiele innych, a tak\u017ce kursy i licencje na operatora drona.\",\"breadcrumb\":{\"@id\":\"https:\/\/ironsky.pl\/sklep\/produkt\/mini-pc-minis-forum-ms-a2-9955-ryzen-9-9955hx-barebone\/#breadcrumb\"},\"inLanguage\":\"pl-PL\",\"potentialAction\":[{\"@type\":\"ReadAction\",\"target\":[\"https:\/\/ironsky.pl\/sklep\/produkt\/mini-pc-minis-forum-ms-a2-9955-ryzen-9-9955hx-barebone\/\"]}]},{\"@type\":\"ImageObject\",\"inLanguage\":\"pl-PL\",\"@id\":\"https:\/\/ironsky.pl\/sklep\/produkt\/mini-pc-minis-forum-ms-a2-9955-ryzen-9-9955hx-barebone\/#primaryimage\",\"url\":\"https:\/\/ironsky.pl\/sklep\/wp-content\/uploads\/2025\/10\/54865_1.jpg\",\"contentUrl\":\"https:\/\/ironsky.pl\/sklep\/wp-content\/uploads\/2025\/10\/54865_1.jpg\",\"width\":800,\"height\":800},{\"@type\":\"BreadcrumbList\",\"@id\":\"https:\/\/ironsky.pl\/sklep\/produkt\/mini-pc-minis-forum-ms-a2-9955-ryzen-9-9955hx-barebone\/#breadcrumb\",\"itemListElement\":[{\"@type\":\"ListItem\",\"position\":1,\"name\":\"Strona g\u0142\u00f3wna\",\"item\":\"https:\/\/ironsky.pl\/sklep\/\"},{\"@type\":\"ListItem\",\"position\":2,\"name\":\"Wszystkie produkty\",\"item\":\"https:\/\/ironsky.pl\/sklep\/produkty\/\"},{\"@type\":\"ListItem\",\"position\":3,\"name\":\"Mini PC MINIS FORUM MS-A2-9955 Ryzen 9 9955HX barebone\"}]},{\"@type\":\"WebSite\",\"@id\":\"https:\/\/ironsky.pl\/sklep\/#website\",\"url\":\"https:\/\/ironsky.pl\/sklep\/\",\"name\":\"IRONSKY.PL Sklep z Dronami\",\"description\":\"IRONSKY.PL Sklep z Dronami\",\"potentialAction\":[{\"@type\":\"SearchAction\",\"target\":{\"@type\":\"EntryPoint\",\"urlTemplate\":\"https:\/\/ironsky.pl\/sklep\/?s={search_term_string}\"},\"query-input\":{\"@type\":\"PropertyValueSpecification\",\"valueRequired\":true,\"valueName\":\"search_term_string\"}}],\"inLanguage\":\"pl-PL\"}]}<\/script>\n<!-- \/ Yoast SEO plugin. -->","yoast_head_json":{"title":"Mini PC MINIS FORUM MS-A2-9955 Ryzen 9 9955HX barebone - IRONSKY.PL Sklep z Dronami","description":"Mini PC MINIS FORUM MS-A2-9955 Ryzen 9 9955HX barebone - \u2705 sklep z dronami i fachowym doradztwem. \u2705 Tutaj kupisz produkty DJI, Yuneec, Parrot, Syma i wiele innych, a tak\u017ce kursy i licencje na operatora drona.","robots":{"index":"index","follow":"follow","max-snippet":"max-snippet:-1","max-image-preview":"max-image-preview:large","max-video-preview":"max-video-preview:-1"},"canonical":"https:\/\/ironsky.pl\/sklep\/produkt\/mini-pc-minis-forum-ms-a2-9955-ryzen-9-9955hx-barebone\/","og_locale":"pl_PL","og_type":"article","og_title":"Mini PC MINIS FORUM MS-A2-9955 Ryzen 9 9955HX barebone - IRONSKY.PL Sklep z Dronami","og_description":"Mini PC MINIS FORUM MS-A2-9955 Ryzen 9 9955HX barebone - \u2705 sklep z dronami i fachowym doradztwem. \u2705 Tutaj kupisz produkty DJI, Yuneec, Parrot, Syma i wiele innych, a tak\u017ce kursy i licencje na operatora drona.","og_url":"https:\/\/ironsky.pl\/sklep\/produkt\/mini-pc-minis-forum-ms-a2-9955-ryzen-9-9955hx-barebone\/","og_site_name":"IRONSKY.PL Sklep z Dronami","article_modified_time":"2026-04-15T09:10:23+00:00","og_image":[{"width":800,"height":800,"url":"https:\/\/ironsky.pl\/sklep\/wp-content\/uploads\/2025\/10\/54865_1.jpg","type":"image\/jpeg"}],"twitter_card":"summary_large_image","twitter_misc":{"Szacowany czas czytania":"4 minuty"},"schema":{"@context":"https:\/\/schema.org","@graph":[{"@type":"WebPage","@id":"https:\/\/ironsky.pl\/sklep\/produkt\/mini-pc-minis-forum-ms-a2-9955-ryzen-9-9955hx-barebone\/","url":"https:\/\/ironsky.pl\/sklep\/produkt\/mini-pc-minis-forum-ms-a2-9955-ryzen-9-9955hx-barebone\/","name":"Mini PC MINIS FORUM MS-A2-9955 Ryzen 9 9955HX barebone - IRONSKY.PL Sklep z Dronami","isPartOf":{"@id":"https:\/\/ironsky.pl\/sklep\/#website"},"primaryImageOfPage":{"@id":"https:\/\/ironsky.pl\/sklep\/produkt\/mini-pc-minis-forum-ms-a2-9955-ryzen-9-9955hx-barebone\/#primaryimage"},"image":{"@id":"https:\/\/ironsky.pl\/sklep\/produkt\/mini-pc-minis-forum-ms-a2-9955-ryzen-9-9955hx-barebone\/#primaryimage"},"thumbnailUrl":"https:\/\/ironsky.pl\/sklep\/wp-content\/uploads\/2025\/10\/54865_1.jpg","datePublished":"2026-04-15T09:09:56+00:00","dateModified":"2026-04-15T09:10:23+00:00","description":"Mini PC MINIS FORUM MS-A2-9955 Ryzen 9 9955HX barebone - \u2705 sklep z dronami i fachowym doradztwem. \u2705 Tutaj kupisz produkty DJI, Yuneec, Parrot, Syma i wiele innych, a tak\u017ce kursy i licencje na operatora drona.","breadcrumb":{"@id":"https:\/\/ironsky.pl\/sklep\/produkt\/mini-pc-minis-forum-ms-a2-9955-ryzen-9-9955hx-barebone\/#breadcrumb"},"inLanguage":"pl-PL","potentialAction":[{"@type":"ReadAction","target":["https:\/\/ironsky.pl\/sklep\/produkt\/mini-pc-minis-forum-ms-a2-9955-ryzen-9-9955hx-barebone\/"]}]},{"@type":"ImageObject","inLanguage":"pl-PL","@id":"https:\/\/ironsky.pl\/sklep\/produkt\/mini-pc-minis-forum-ms-a2-9955-ryzen-9-9955hx-barebone\/#primaryimage","url":"https:\/\/ironsky.pl\/sklep\/wp-content\/uploads\/2025\/10\/54865_1.jpg","contentUrl":"https:\/\/ironsky.pl\/sklep\/wp-content\/uploads\/2025\/10\/54865_1.jpg","width":800,"height":800},{"@type":"BreadcrumbList","@id":"https:\/\/ironsky.pl\/sklep\/produkt\/mini-pc-minis-forum-ms-a2-9955-ryzen-9-9955hx-barebone\/#breadcrumb","itemListElement":[{"@type":"ListItem","position":1,"name":"Strona g\u0142\u00f3wna","item":"https:\/\/ironsky.pl\/sklep\/"},{"@type":"ListItem","position":2,"name":"Wszystkie produkty","item":"https:\/\/ironsky.pl\/sklep\/produkty\/"},{"@type":"ListItem","position":3,"name":"Mini PC MINIS FORUM MS-A2-9955 Ryzen 9 9955HX barebone"}]},{"@type":"WebSite","@id":"https:\/\/ironsky.pl\/sklep\/#website","url":"https:\/\/ironsky.pl\/sklep\/","name":"IRONSKY.PL Sklep z Dronami","description":"IRONSKY.PL Sklep z Dronami","potentialAction":[{"@type":"SearchAction","target":{"@type":"EntryPoint","urlTemplate":"https:\/\/ironsky.pl\/sklep\/?s={search_term_string}"},"query-input":{"@type":"PropertyValueSpecification","valueRequired":true,"valueName":"search_term_string"}}],"inLanguage":"pl-PL"}]}},"_links":{"self":[{"href":"https:\/\/ironsky.pl\/sklep\/wp-json\/wp\/v2\/product\/60907","targetHints":{"allow":["GET"]}}],"collection":[{"href":"https:\/\/ironsky.pl\/sklep\/wp-json\/wp\/v2\/product"}],"about":[{"href":"https:\/\/ironsky.pl\/sklep\/wp-json\/wp\/v2\/types\/product"}],"replies":[{"embeddable":true,"href":"https:\/\/ironsky.pl\/sklep\/wp-json\/wp\/v2\/comments?post=60907"}],"wp:featuredmedia":[{"embeddable":true,"href":"https:\/\/ironsky.pl\/sklep\/wp-json\/wp\/v2\/media\/50112"}],"wp:attachment":[{"href":"https:\/\/ironsky.pl\/sklep\/wp-json\/wp\/v2\/media?parent=60907"}],"wp:term":[{"taxonomy":"product_brand","embeddable":true,"href":"https:\/\/ironsky.pl\/sklep\/wp-json\/wp\/v2\/product_brand?post=60907"},{"taxonomy":"product_cat","embeddable":true,"href":"https:\/\/ironsky.pl\/sklep\/wp-json\/wp\/v2\/product_cat?post=60907"},{"taxonomy":"product_tag","embeddable":true,"href":"https:\/\/ironsky.pl\/sklep\/wp-json\/wp\/v2\/product_tag?post=60907"}],"curies":[{"name":"wp","href":"https:\/\/api.w.org\/{rel}","templated":true}]}}