{"id":60905,"date":"2026-04-15T11:09:56","date_gmt":"2026-04-15T09:09:56","guid":{"rendered":"https:\/\/ironsky.pl\/sklep\/produkt\/panel-fotowoltaiczny-ecoflow-nextgen-160w\/"},"modified":"2026-04-15T11:10:20","modified_gmt":"2026-04-15T09:10:20","slug":"panel-fotowoltaiczny-ecoflow-nextgen-160w","status":"publish","type":"product","link":"https:\/\/ironsky.pl\/sklep\/produkt\/panel-fotowoltaiczny-ecoflow-nextgen-160w\/","title":{"rendered":"Panel fotowoltaiczny ECOFLOW NextGen 160W"},"content":{"rendered":"<h3>Panel fotowoltaiczny EcoFlow 160W NextGen<\/h3>\n<p>Panel fotowoltaiczny EcoFlow 160W NextGen to mobilne rozwi\u0105zanie dla os\u00f3b, kt\u00f3re chc\u0105 cieszy\u0107 si\u0119 dost\u0119pem do energii s\u0142onecznej w ka\u017cdych warunkach. Dzi\u0119ki wysokiej sprawno\u015bci na poziomie 25%, mocy do 160 W i zaawansowanym ogniwom monokrystalicznym TOPCon (Tunnel Oxide Passivated Contact, technologia ogniw fotowoltaicznych zwi\u0119kszaj\u0105ca wydajno\u015b\u0107) pozwala szybko i skutecznie \u0142adowa\u0107 stacje zasilania EcoFlow lub dostarcza\u0107 pr\u0105d wybranym urz\u0105dzeniom. Lekka konstrukcja (5,6 kg) i mo\u017cliwo\u015b\u0107 sk\u0142adania sprawiaj\u0105, \u017ce bez trudu zabierzesz go w podr\u00f3\u017c \u2013 na kemping, biwak czy wypraw\u0119 kamperem.<\/p>\n<p>\n<img decoding=\"async\" src=\"https:\/\/assets.innpro.pl\/17975\/23850\/3.jpg\" border=\"0\" alt=\"Roz\u0142o\u017cone panel fotowoltaiczny ustawiony na trawie\" \/>\n<\/p>\n<h3>Wysoka wydajno\u015b\u0107<\/h3>\n<p>Moc znamionowa 160 W i sprawno\u015b\u0107 si\u0119gaj\u0105ca 25% sprawiaj\u0105, \u017ce panel gwarantuje stabilne i efektywne \u0142adowanie. Ponadto specjalne podp\u00f3rki umo\u017cliwiaj\u0105 regulacj\u0119 jego nachylenia w zakresie 30\u00b0, 60\u00b0 lub 90\u00b0, a wbudowany wska\u017anik k\u0105ta padania promieni s\u0142onecznych u\u0142atwia dob\u00f3r odpowiedniego ustawienia. Dzi\u0119ki temu bez trudu uzyskasz optymaln\u0105 pozycj\u0119 wzgl\u0119dem s\u0142o\u0144ca i zwi\u0119kszysz produkcj\u0119 energii!<\/p>\n<p>\n<img decoding=\"async\" src=\"https:\/\/assets.innpro.pl\/17975\/23850\/2.jpg\" border=\"0\" alt=\"Panel fotowoltaiczny z podp\u00f3rk\u0105 z mo\u017cliwo\u015bci\u0105 regulacji k\u0105ta na szarym tle\" \/>\n<\/p>\n<h3>Nowoczesna technologia ogniw<\/h3>\n<p>EcoFlow NextGen 160W wykorzystuje ogniwa monokrystaliczne TOPCon typu N, kt\u00f3re cechuj\u0105 si\u0119 wysok\u0105 sprawno\u015bci\u0105, wydajn\u0105 prac\u0105 i odporno\u015bci\u0105 na zu\u017cycie. Dzi\u0119ki temu mo\u017cesz liczy\u0107 na d\u0142u\u017csz\u0105 \u017cywotno\u015b\u0107 i stabilniejsze dzia\u0142anie w codziennym u\u017cytkowaniu.<\/p>\n<p>\n<img decoding=\"async\" src=\"https:\/\/assets.innpro.pl\/17975\/23850\/7.jpg\" border=\"0\" alt=\"panel solarny ze wska\u017anikiem k\u0105ta padania promieni s\u0142onecznych\" \/>\n<\/p>\n<h3>Lekki i \u0142atwy w transporcie<\/h3>\n<p>Panel sk\u0142ada si\u0119 do kompaktowych wymiar\u00f3w 600 \u00d7 572 \u00d7 32 mm, co pozwala z \u0142atwo\u015bci\u0105 zmie\u015bci\u0107 go w baga\u017cniku czy schowku kampera. W zestawie znajduje si\u0119 tak\u017ce praktyczna torba transportowa, kt\u00f3ra chroni go podczas przewo\u017cenia.<\/p>\n<p>\n<img decoding=\"async\" src=\"https:\/\/assets.innpro.pl\/17975\/23850\/6.jpg\" border=\"0\" alt=\"Dwa z\u0142o\u017cone panele s\u0142oneczne w szarych torbach na czarnym tle\" \/>\n<\/p>\n<h3>Trwa\u0142a konstrukcja<\/h3>\n<p>Panel EcoFlow NextGen 160W zosta\u0142 zaprojektowany z my\u015bl\u0105 o d\u0142ugowieczno\u015bci. Jego warstwowa konstrukcja \u0142\u0105czy lekkie, a zarazem wytrzyma\u0142e materia\u0142y, kt\u00f3re chroni\u0105 ogniwa przed uszkodzeniami mechanicznymi i czynnikami atmosferycznymi. Co wi\u0119cej, dzi\u0119ki klasie szczelno\u015bci IP68 (Ingress Protection, stopie\u0144 ochrony przed py\u0142em i wod\u0105) produkt jest odporny na kurz i wod\u0119, co oznacza bezpieczn\u0105 prac\u0119 nawet w deszczu czy przy du\u017cej wilgotno\u015bci. To pewno\u015b\u0107, \u017ce niezale\u017cnie od miejsca i pogody b\u0119dziesz mie\u0107 dost\u0119p do darmowej energii s\u0142onecznej.<\/p>\n<p>\n<img decoding=\"async\" src=\"https:\/\/assets.innpro.pl\/17975\/23850\/1.jpg\" border=\"0\" alt=\"Przedstawienie poszczeg\u00f3lnych warstw przeno\u015bnego panelu fotowoltaicznego na ciemnym tle\" \/>\n<\/p>\n<h3>\u0141atwa integracja z systemami EcoFlow<\/h3>\n<p>Produkt wyposa\u017cono w standardowe z\u0142\u0105cza fotowoltaiczne kompatybilne z MC4 (Multi-Contact 4 mm, standardowe z\u0142\u0105cze dla paneli fotowoltaicznych), co umo\u017cliwia szybkie i stabilne po\u0142\u0105czenie ze stacjami zasilania EcoFlow. Mo\u017cesz te\u017c \u0142\u0105czy\u0107 kilka paneli szeregowo lub r\u00f3wnolegle, aby zwi\u0119kszy\u0107 moc i szybciej \u0142adowa\u0107 wi\u0119ksze magazyny energii.<\/p>\n<p>\n<img decoding=\"async\" src=\"https:\/\/assets.innpro.pl\/17975\/23850\/4.jpg\" border=\"0\" alt=\"Kemping z samochodem, namiotem na dachu, lud\u017ami i roz\u0142o\u017conym panelem s\u0142onecznym\" \/>\n<\/p>\n<h3>W zestawie<\/h3>\n<ul class=\"list-disc pl-5\">\n<li>Panel fotowoltaiczny<\/li>\n<li>Torba transportowa<\/li>\n<li>Kabel Solar do XT60i (2,5 m)<\/li>\n<li>Skr\u00f3cona instrukcja obs\u0142ugi, instrukcje bezpiecze\u0144stwa i karta gwarancyjna<\/li>\n<\/ul>\n<div class=\"table-wrapper\">\n<p>\u00a0<\/p>\n<h3><\/h3>\n<table>\n<tbody>\n<tr>\n<th>Producent<\/th>\n<td>EcoFlow<\/td>\n<\/tr>\n<tr>\n<th>Model<\/th>\n<td>EF-Fold-P160-04<\/td>\n<\/tr>\n<tr>\n<th>Moc znamionowa<\/th>\n<td>160 W (\u00b15 W)<\/td>\n<\/tr>\n<tr>\n<th>Napi\u0119cie obwodu otwartego<\/th>\n<td>21,3 V<\/td>\n<\/tr>\n<tr>\n<th>Pr\u0105d zwarciowy<\/th>\n<td>9,1 A<\/td>\n<\/tr>\n<tr>\n<th>Optymalne napi\u0119cie robocze<\/th>\n<td>18,6 V<\/td>\n<\/tr>\n<tr>\n<th>Optymalne nat\u0119\u017cenie robocze<\/th>\n<td>8,6 A<\/td>\n<\/tr>\n<tr>\n<th>Zalecana temperatura otoczenia<\/th>\n<td>Od -20\u00b0C do 85\u00b0C<\/td>\n<\/tr>\n<tr>\n<th>Sprawno\u015b\u0107<\/th>\n<td>25%<\/td>\n<\/tr>\n<tr>\n<th>Wsp\u00f3\u0142czynnik temperaturowy mocy znamionowej<\/th>\n<td>-(0,30 \u00b10,02)%\/\u00b0C<\/td>\n<\/tr>\n<tr>\n<th>Wsp\u00f3\u0142czynnik temperaturowy napi\u0119cia obwodu otwartego<\/th>\n<td>-(0,25 \u00b10,03)%\/\u00b0C<\/td>\n<\/tr>\n<tr>\n<th>Wsp\u00f3\u0142czynnik temperaturowy pr\u0105du zwarciowego<\/th>\n<td>+(0,04 \u00b10,015)%\/\u00b0C<\/td>\n<\/tr>\n<tr>\n<th>Waga<\/th>\n<td>Ok. 5,6 kg<\/td>\n<\/tr>\n<tr>\n<th>Wymiary po roz\u0142o\u017ceniu<\/th>\n<td>600 \u00d7 1610 \u00d7 25 mm<\/td>\n<\/tr>\n<tr>\n<th>Wymiary po z\u0142o\u017ceniu<\/th>\n<td>600 \u00d7 572 \u00d7 32 mm<\/td>\n<\/tr>\n<tr>\n<th>Rodzaj ogniw<\/th>\n<td>Monokrystaliczne TOPCon<\/td>\n<\/tr>\n<tr>\n<th>Rodzaj z\u0142\u0105cz<\/th>\n<td>Z\u0142\u0105cza fotowoltaiczne (kompatybilne z MC4)<\/td>\n<\/tr>\n<\/tbody>\n<\/table>\n<\/div>\n","protected":false},"excerpt":{"rendered":"<p>Panel fotowoltaiczny EcoFlow 160W NextGen Panel fotowoltaiczny EcoFlow 160W NextGen to mobilne rozwi\u0105zanie dla os\u00f3b, kt\u00f3re chc\u0105 cieszy\u0107 si\u0119 dost\u0119pem<\/p>\n","protected":false},"featured_media":50091,"comment_status":"closed","ping_status":"open","template":"","meta":{"_acf_changed":false},"product_brand":[],"product_cat":[1108,6193,1110],"product_tag":[],"class_list":{"0":"post-60905","1":"product","2":"type-product","3":"status-publish","4":"has-post-thumbnail","6":"product_cat-energia","7":"product_cat-panele-fotowoltaiczne-panele-fotowoltaiczne","8":"product_cat-panele-fotowoltaiczne","9":"pa_okres-gwarancji-5757","10":"pa_producent-ecoflow","12":"first","13":"outofstock","14":"taxable","15":"shipping-taxable","16":"purchasable","17":"product-type-simple"},"acf":[],"yoast_head":"<!-- This site is optimized with the Yoast SEO plugin v27.2 - https:\/\/yoast.com\/product\/yoast-seo-wordpress\/ -->\n<title>Panel fotowoltaiczny ECOFLOW NextGen 160W - IRONSKY.PL Sklep z Dronami<\/title>\n<meta name=\"description\" content=\"Panel fotowoltaiczny ECOFLOW NextGen 160W - \u2705 sklep z dronami i fachowym doradztwem. \u2705 Tutaj kupisz produkty DJI, Yuneec, Parrot, Syma i wiele innych, a tak\u017ce kursy i licencje na operatora drona.\" \/>\n<meta name=\"robots\" content=\"index, follow, max-snippet:-1, max-image-preview:large, max-video-preview:-1\" \/>\n<link rel=\"canonical\" href=\"https:\/\/ironsky.pl\/sklep\/produkt\/panel-fotowoltaiczny-ecoflow-nextgen-160w\/\" \/>\n<meta property=\"og:locale\" content=\"pl_PL\" \/>\n<meta property=\"og:type\" content=\"article\" \/>\n<meta property=\"og:title\" content=\"Panel fotowoltaiczny ECOFLOW NextGen 160W - IRONSKY.PL Sklep z Dronami\" \/>\n<meta property=\"og:description\" content=\"Panel fotowoltaiczny ECOFLOW NextGen 160W - \u2705 sklep z dronami i fachowym doradztwem. \u2705 Tutaj kupisz produkty DJI, Yuneec, Parrot, Syma i wiele innych, a tak\u017ce kursy i licencje na operatora drona.\" \/>\n<meta property=\"og:url\" content=\"https:\/\/ironsky.pl\/sklep\/produkt\/panel-fotowoltaiczny-ecoflow-nextgen-160w\/\" \/>\n<meta property=\"og:site_name\" content=\"IRONSKY.PL Sklep z Dronami\" \/>\n<meta property=\"article:modified_time\" content=\"2026-04-15T09:10:20+00:00\" \/>\n<meta property=\"og:image\" content=\"https:\/\/ironsky.pl\/sklep\/wp-content\/uploads\/2025\/10\/54859_1.jpg\" \/>\n\t<meta property=\"og:image:width\" content=\"800\" \/>\n\t<meta property=\"og:image:height\" content=\"800\" \/>\n\t<meta property=\"og:image:type\" content=\"image\/jpeg\" \/>\n<meta name=\"twitter:card\" content=\"summary_large_image\" \/>\n<meta name=\"twitter:label1\" content=\"Szacowany czas czytania\" \/>\n\t<meta name=\"twitter:data1\" content=\"2 minuty\" \/>\n<script type=\"application\/ld+json\" class=\"yoast-schema-graph\">{\"@context\":\"https:\/\/schema.org\",\"@graph\":[{\"@type\":\"WebPage\",\"@id\":\"https:\/\/ironsky.pl\/sklep\/produkt\/panel-fotowoltaiczny-ecoflow-nextgen-160w\/\",\"url\":\"https:\/\/ironsky.pl\/sklep\/produkt\/panel-fotowoltaiczny-ecoflow-nextgen-160w\/\",\"name\":\"Panel fotowoltaiczny ECOFLOW NextGen 160W - IRONSKY.PL Sklep z Dronami\",\"isPartOf\":{\"@id\":\"https:\/\/ironsky.pl\/sklep\/#website\"},\"primaryImageOfPage\":{\"@id\":\"https:\/\/ironsky.pl\/sklep\/produkt\/panel-fotowoltaiczny-ecoflow-nextgen-160w\/#primaryimage\"},\"image\":{\"@id\":\"https:\/\/ironsky.pl\/sklep\/produkt\/panel-fotowoltaiczny-ecoflow-nextgen-160w\/#primaryimage\"},\"thumbnailUrl\":\"https:\/\/ironsky.pl\/sklep\/wp-content\/uploads\/2025\/10\/54859_1.jpg\",\"datePublished\":\"2026-04-15T09:09:56+00:00\",\"dateModified\":\"2026-04-15T09:10:20+00:00\",\"description\":\"Panel fotowoltaiczny ECOFLOW NextGen 160W - \u2705 sklep z dronami i fachowym doradztwem. \u2705 Tutaj kupisz produkty DJI, Yuneec, Parrot, Syma i wiele innych, a tak\u017ce kursy i licencje na operatora drona.\",\"breadcrumb\":{\"@id\":\"https:\/\/ironsky.pl\/sklep\/produkt\/panel-fotowoltaiczny-ecoflow-nextgen-160w\/#breadcrumb\"},\"inLanguage\":\"pl-PL\",\"potentialAction\":[{\"@type\":\"ReadAction\",\"target\":[\"https:\/\/ironsky.pl\/sklep\/produkt\/panel-fotowoltaiczny-ecoflow-nextgen-160w\/\"]}]},{\"@type\":\"ImageObject\",\"inLanguage\":\"pl-PL\",\"@id\":\"https:\/\/ironsky.pl\/sklep\/produkt\/panel-fotowoltaiczny-ecoflow-nextgen-160w\/#primaryimage\",\"url\":\"https:\/\/ironsky.pl\/sklep\/wp-content\/uploads\/2025\/10\/54859_1.jpg\",\"contentUrl\":\"https:\/\/ironsky.pl\/sklep\/wp-content\/uploads\/2025\/10\/54859_1.jpg\",\"width\":800,\"height\":800},{\"@type\":\"BreadcrumbList\",\"@id\":\"https:\/\/ironsky.pl\/sklep\/produkt\/panel-fotowoltaiczny-ecoflow-nextgen-160w\/#breadcrumb\",\"itemListElement\":[{\"@type\":\"ListItem\",\"position\":1,\"name\":\"Strona g\u0142\u00f3wna\",\"item\":\"https:\/\/ironsky.pl\/sklep\/\"},{\"@type\":\"ListItem\",\"position\":2,\"name\":\"Wszystkie produkty\",\"item\":\"https:\/\/ironsky.pl\/sklep\/produkty\/\"},{\"@type\":\"ListItem\",\"position\":3,\"name\":\"Panel fotowoltaiczny ECOFLOW NextGen 160W\"}]},{\"@type\":\"WebSite\",\"@id\":\"https:\/\/ironsky.pl\/sklep\/#website\",\"url\":\"https:\/\/ironsky.pl\/sklep\/\",\"name\":\"IRONSKY.PL Sklep z Dronami\",\"description\":\"IRONSKY.PL Sklep z Dronami\",\"potentialAction\":[{\"@type\":\"SearchAction\",\"target\":{\"@type\":\"EntryPoint\",\"urlTemplate\":\"https:\/\/ironsky.pl\/sklep\/?s={search_term_string}\"},\"query-input\":{\"@type\":\"PropertyValueSpecification\",\"valueRequired\":true,\"valueName\":\"search_term_string\"}}],\"inLanguage\":\"pl-PL\"}]}<\/script>\n<!-- \/ Yoast SEO plugin. -->","yoast_head_json":{"title":"Panel fotowoltaiczny ECOFLOW NextGen 160W - IRONSKY.PL Sklep z Dronami","description":"Panel fotowoltaiczny ECOFLOW NextGen 160W - \u2705 sklep z dronami i fachowym doradztwem. \u2705 Tutaj kupisz produkty DJI, Yuneec, Parrot, Syma i wiele innych, a tak\u017ce kursy i licencje na operatora drona.","robots":{"index":"index","follow":"follow","max-snippet":"max-snippet:-1","max-image-preview":"max-image-preview:large","max-video-preview":"max-video-preview:-1"},"canonical":"https:\/\/ironsky.pl\/sklep\/produkt\/panel-fotowoltaiczny-ecoflow-nextgen-160w\/","og_locale":"pl_PL","og_type":"article","og_title":"Panel fotowoltaiczny ECOFLOW NextGen 160W - IRONSKY.PL Sklep z Dronami","og_description":"Panel fotowoltaiczny ECOFLOW NextGen 160W - \u2705 sklep z dronami i fachowym doradztwem. \u2705 Tutaj kupisz produkty DJI, Yuneec, Parrot, Syma i wiele innych, a tak\u017ce kursy i licencje na operatora drona.","og_url":"https:\/\/ironsky.pl\/sklep\/produkt\/panel-fotowoltaiczny-ecoflow-nextgen-160w\/","og_site_name":"IRONSKY.PL Sklep z Dronami","article_modified_time":"2026-04-15T09:10:20+00:00","og_image":[{"width":800,"height":800,"url":"https:\/\/ironsky.pl\/sklep\/wp-content\/uploads\/2025\/10\/54859_1.jpg","type":"image\/jpeg"}],"twitter_card":"summary_large_image","twitter_misc":{"Szacowany czas czytania":"2 minuty"},"schema":{"@context":"https:\/\/schema.org","@graph":[{"@type":"WebPage","@id":"https:\/\/ironsky.pl\/sklep\/produkt\/panel-fotowoltaiczny-ecoflow-nextgen-160w\/","url":"https:\/\/ironsky.pl\/sklep\/produkt\/panel-fotowoltaiczny-ecoflow-nextgen-160w\/","name":"Panel fotowoltaiczny ECOFLOW NextGen 160W - IRONSKY.PL Sklep z Dronami","isPartOf":{"@id":"https:\/\/ironsky.pl\/sklep\/#website"},"primaryImageOfPage":{"@id":"https:\/\/ironsky.pl\/sklep\/produkt\/panel-fotowoltaiczny-ecoflow-nextgen-160w\/#primaryimage"},"image":{"@id":"https:\/\/ironsky.pl\/sklep\/produkt\/panel-fotowoltaiczny-ecoflow-nextgen-160w\/#primaryimage"},"thumbnailUrl":"https:\/\/ironsky.pl\/sklep\/wp-content\/uploads\/2025\/10\/54859_1.jpg","datePublished":"2026-04-15T09:09:56+00:00","dateModified":"2026-04-15T09:10:20+00:00","description":"Panel fotowoltaiczny ECOFLOW NextGen 160W - \u2705 sklep z dronami i fachowym doradztwem. \u2705 Tutaj kupisz produkty DJI, Yuneec, Parrot, Syma i wiele innych, a tak\u017ce kursy i licencje na operatora drona.","breadcrumb":{"@id":"https:\/\/ironsky.pl\/sklep\/produkt\/panel-fotowoltaiczny-ecoflow-nextgen-160w\/#breadcrumb"},"inLanguage":"pl-PL","potentialAction":[{"@type":"ReadAction","target":["https:\/\/ironsky.pl\/sklep\/produkt\/panel-fotowoltaiczny-ecoflow-nextgen-160w\/"]}]},{"@type":"ImageObject","inLanguage":"pl-PL","@id":"https:\/\/ironsky.pl\/sklep\/produkt\/panel-fotowoltaiczny-ecoflow-nextgen-160w\/#primaryimage","url":"https:\/\/ironsky.pl\/sklep\/wp-content\/uploads\/2025\/10\/54859_1.jpg","contentUrl":"https:\/\/ironsky.pl\/sklep\/wp-content\/uploads\/2025\/10\/54859_1.jpg","width":800,"height":800},{"@type":"BreadcrumbList","@id":"https:\/\/ironsky.pl\/sklep\/produkt\/panel-fotowoltaiczny-ecoflow-nextgen-160w\/#breadcrumb","itemListElement":[{"@type":"ListItem","position":1,"name":"Strona g\u0142\u00f3wna","item":"https:\/\/ironsky.pl\/sklep\/"},{"@type":"ListItem","position":2,"name":"Wszystkie produkty","item":"https:\/\/ironsky.pl\/sklep\/produkty\/"},{"@type":"ListItem","position":3,"name":"Panel fotowoltaiczny ECOFLOW NextGen 160W"}]},{"@type":"WebSite","@id":"https:\/\/ironsky.pl\/sklep\/#website","url":"https:\/\/ironsky.pl\/sklep\/","name":"IRONSKY.PL Sklep z Dronami","description":"IRONSKY.PL Sklep z Dronami","potentialAction":[{"@type":"SearchAction","target":{"@type":"EntryPoint","urlTemplate":"https:\/\/ironsky.pl\/sklep\/?s={search_term_string}"},"query-input":{"@type":"PropertyValueSpecification","valueRequired":true,"valueName":"search_term_string"}}],"inLanguage":"pl-PL"}]}},"_links":{"self":[{"href":"https:\/\/ironsky.pl\/sklep\/wp-json\/wp\/v2\/product\/60905","targetHints":{"allow":["GET"]}}],"collection":[{"href":"https:\/\/ironsky.pl\/sklep\/wp-json\/wp\/v2\/product"}],"about":[{"href":"https:\/\/ironsky.pl\/sklep\/wp-json\/wp\/v2\/types\/product"}],"replies":[{"embeddable":true,"href":"https:\/\/ironsky.pl\/sklep\/wp-json\/wp\/v2\/comments?post=60905"}],"wp:featuredmedia":[{"embeddable":true,"href":"https:\/\/ironsky.pl\/sklep\/wp-json\/wp\/v2\/media\/50091"}],"wp:attachment":[{"href":"https:\/\/ironsky.pl\/sklep\/wp-json\/wp\/v2\/media?parent=60905"}],"wp:term":[{"taxonomy":"product_brand","embeddable":true,"href":"https:\/\/ironsky.pl\/sklep\/wp-json\/wp\/v2\/product_brand?post=60905"},{"taxonomy":"product_cat","embeddable":true,"href":"https:\/\/ironsky.pl\/sklep\/wp-json\/wp\/v2\/product_cat?post=60905"},{"taxonomy":"product_tag","embeddable":true,"href":"https:\/\/ironsky.pl\/sklep\/wp-json\/wp\/v2\/product_tag?post=60905"}],"curies":[{"name":"wp","href":"https:\/\/api.w.org\/{rel}","templated":true}]}}