{"id":60901,"date":"2026-04-15T11:09:56","date_gmt":"2026-04-15T09:09:56","guid":{"rendered":"https:\/\/ironsky.pl\/sklep\/produkt\/kabel-ugreen-hdmi-5m-czarny-2\/"},"modified":"2026-04-15T11:10:15","modified_gmt":"2026-04-15T09:10:15","slug":"kabel-ugreen-hdmi-5m-czarny-2","status":"publish","type":"product","link":"https:\/\/ironsky.pl\/sklep\/produkt\/kabel-ugreen-hdmi-5m-czarny-2\/","title":{"rendered":"Kabel UGREEN HDMI 5m (czarny)"},"content":{"rendered":"<h3>Kabel HDMI 8K 60Hz UGREEN 5m 48Gbps (czarny)<\/h3>\n<p>Kabel HDMI 8K 60Hz UGREEN 5m 48Gbps to propozycja dla os\u00f3b, kt\u00f3re oczekuj\u0105 najwy\u017cszej jako\u015bci obrazu i d\u017awi\u0119ku. Dzi\u0119ki obs\u0142udze rozdzielczo\u015bci 8K (60 Hz) oraz 4K\u00a0 (240 Hz) zapewnia niezwykle p\u0142ynny, realistyczny obraz \u2013 zar\u00f3wno podczas ogl\u0105dania film\u00f3w, jak i grania w najbardziej dynamiczne gry. Szeroka przepustowo\u015b\u0107 48 Gb\/s gwarantuje przesy\u0142 sygna\u0142u bez op\u00f3\u017anie\u0144 i zniekszta\u0142ce\u0144, a zgodno\u015b\u0107 ze standardem HDMI 2.1 otwiera dost\u0119p do najnowszych technologii wizualnych i audio.<\/p>\n<p>\n<img decoding=\"async\" src=\"https:\/\/assets.innpro.pl\/18580\/24721\/1.jpg\" border=\"0\" alt=\"Gracz w s\u0142uchawkach przy monitorze pokazuj\u0105cym scen\u0119 z gry FPS z \u017co\u0142nierzem i wybuchami w tle\" \/>\n<\/p>\n<h3>Kinowe wra\u017cenia w domu<\/h3>\n<p>UGREEN HD175-45434 obs\u0142uguje technologi\u0119 HDR oraz d\u017awi\u0119k przestrzenny Dolby Panoramic Sound, co pozwala uzyska\u0107 wra\u017cenie pe\u0142nego zanurzenia w akcji. Synchronizacja obrazu i d\u017awi\u0119ku w czasie rzeczywistym gwarantuje, \u017ce ka\u017cda scena brzmi i wygl\u0105da tak, jak zaplanowali tw\u00f3rcy. Dzi\u0119ki wsparciu dla efekt\u00f3w 3D Stereo Imaging, kabel idealnie sprawdzi si\u0119 zar\u00f3wno w domowym kinie, jak i w profesjonalnych instalacjach multimedialnych.<\/p>\n<p>\n<img decoding=\"async\" src=\"https:\/\/assets.innpro.pl\/18580\/24721\/2.jpg\" border=\"0\" alt=\"Telewizor wy\u015bwietlaj\u0105cy obraz rudego kota z niebieskimi oczami w wysokiej jako\u015bci z efektami \u015bwietlnymi\" \/>\n<\/p>\n<h3>Stworzony do gamingu<\/h3>\n<p>Dzi\u0119ki obs\u0142udze wysokich cz\u0119stotliwo\u015bci od\u015bwie\u017cania \u2013 8K oraz 4K \u2013 kabel HDMI UGREEN zapewnia b\u0142yskawiczn\u0105 reakcj\u0119 i perfekcyjn\u0105 p\u0142ynno\u015b\u0107 obrazu. To doskona\u0142y wyb\u00f3r dla graczy korzystaj\u0105cych z nowoczesnych kart graficznych i monitor\u00f3w o wysokim od\u015bwie\u017caniu, kt\u00f3rzy chc\u0105 w pe\u0142ni wykorzysta\u0107 potencja\u0142 swojego sprz\u0119tu.<\/p>\n<p>\n<img decoding=\"async\" src=\"https:\/\/assets.innpro.pl\/18580\/24721\/3.jpg\" border=\"0\" alt=\"Przekr\u00f3j kabla HDMI pokazuj\u0105cy wielokolorowe przewody miedziane z z\u0142otymi ko\u0144c\u00f3wkami w czarnej os\u0142onie\" \/>\n<\/p>\n<h3>Niezawodne ekranowanie<\/h3>\n<p>Wtyki kabli UGREEN 8K HDMI wykonano z wysokiej jako\u015bci materia\u0142\u00f3w i pokryto warstw\u0105 ekranuj\u0105c\u0105 z blachy cynowanej, kt\u00f3ra skutecznie izoluje przew\u00f3d od zak\u0142\u00f3ce\u0144 elektromagnetycznych. Zastosowanie test\u00f3w EMI i EMC gwarantuje stabilny przesy\u0142 sygna\u0142u nawet w wymagaj\u0105cym \u015brodowisku, co przek\u0142ada si\u0119 na niezak\u0142\u00f3con\u0105 jako\u015b\u0107 obrazu i d\u017awi\u0119ku.<\/p>\n<p>\n<img decoding=\"async\" src=\"https:\/\/assets.innpro.pl\/18580\/24721\/4.jpg\" border=\"0\" alt=\"Z\u0142\u0105cze HDMI 8K pod\u0142\u0105czone do tylnego panelu monitora z pod\u015bwietleniem na ciemnym tle\" \/>\n<\/p>\n<h3>Trwa\u0142o\u015b\u0107 potwierdzona testami<\/h3>\n<p>Kabel zosta\u0142 zaprojektowany z my\u015bl\u0105 o d\u0142ugotrwa\u0142ym u\u017cytkowaniu. Rdze\u0144 z 19 \u017cy\u0142 miedzianych oraz wytrzyma\u0142a os\u0142ona z PVC zapewniaj\u0105 odporno\u015b\u0107 na ponad 10 000 zgi\u0119\u0107 i pod\u0142\u0105cze\u0144. Wzmocnione z\u0142\u0105cza oraz proces formowania wtyk\u00f3w zwi\u0119kszaj\u0105 stabilno\u015b\u0107 po\u0142\u0105czenia i eliminuj\u0105 ryzyko przerw w transmisji. Przew\u00f3d UGREEN wykonano z elastycznego, mi\u0119kkiego PVC, dzi\u0119ki czemu \u0142atwo poprowadzi\u0107 go wzd\u0142u\u017c \u015bcian, pod biurkiem czy przez rurki instalacyjne o \u015brednicy powy\u017cej 30 mm. Taka konstrukcja u\u0142atwia monta\u017c w miejscach, gdzie standardowe kable mog\u0142yby si\u0119 \u0142ama\u0107 lub blokowa\u0107.<\/p>\n<p>\n<img decoding=\"async\" src=\"https:\/\/assets.innpro.pl\/18580\/24721\/5.jpg\" border=\"0\" alt=\"Kabel HDMI z logo 8K \u0142\u0105cz\u0105cy dwa z\u0142\u0105cza na tle monitora wy\u015bwietlaj\u0105cego zach\u00f3d s\u0142o\u0144ca\" \/>\n<\/p>\n<div class=\"table-wrapper\">\n<p>\u00a0<\/p>\n<h3><\/h3>\n<table>\n<tbody>\n<tr>\n<th>Producent<\/th>\n<td>UGREEN<\/td>\n<\/tr>\n<tr>\n<th>Model<\/th>\n<td>HD175-45434<\/td>\n<\/tr>\n<tr>\n<th>Kolor<\/th>\n<td>Czarny<\/td>\n<\/tr>\n<tr>\n<th>Rodzaj kabla<\/th>\n<td>HDMI 2.1 m\u0119sko-m\u0119ski<\/td>\n<\/tr>\n<tr>\n<th>Rozdzielczo\u015b\u0107<\/th>\n<td>8K 60 Hz \/ 4K 240 Hz<\/td>\n<\/tr>\n<tr>\n<th>Przepustowo\u015b\u0107<\/th>\n<td>48 Gb\/s<\/td>\n<\/tr>\n<tr>\n<th>Obs\u0142ugiwane technologie<\/th>\n<td>HDR, 3D Stereo Imaging, Dolby Panoramic Sound<\/td>\n<\/tr>\n<tr>\n<th>Materia\u0142 izolacji<\/th>\n<td>PVC<\/td>\n<\/tr>\n<tr>\n<th>Ekranowanie<\/th>\n<td>blacha cynowana (EMI\/EMC Shielding)<\/td>\n<\/tr>\n<tr>\n<th>Rdze\u0144 przewodu<\/th>\n<td>19-\u017cy\u0142owy miedziany<\/td>\n<\/tr>\n<tr>\n<th>D\u0142ugo\u015b\u0107<\/th>\n<td>5 m<\/td>\n<\/tr>\n<tr>\n<th>Z\u0142\u0105cza<\/th>\n<td>HDMI m\u0119skie \u00d7 2<\/td>\n<\/tr>\n<tr>\n<th>Zastosowanie<\/th>\n<td>komputery, telewizory HDTV, odtwarzacze DVD\/Blu-ray, konsole do gier<\/td>\n<\/tr>\n<\/tbody>\n<\/table>\n<\/div>\n","protected":false},"excerpt":{"rendered":"<p>Kabel HDMI 8K 60Hz UGREEN 5m 48Gbps (czarny) Kabel HDMI 8K 60Hz UGREEN 5m 48Gbps to propozycja dla os\u00f3b, kt\u00f3re<\/p>\n","protected":false},"featured_media":51243,"comment_status":"closed","ping_status":"open","template":"","meta":{"_acf_changed":false},"product_brand":[],"product_cat":[5929,5931,5933],"product_tag":[],"class_list":{"0":"post-60901","1":"product","2":"type-product","3":"status-publish","4":"has-post-thumbnail","6":"product_cat-akcesoria-it","7":"product_cat-kable","8":"product_cat-wideo","9":"pa_okres-gwarancji-5757","10":"pa_producent-ugreen","12":"first","13":"outofstock","14":"taxable","15":"shipping-taxable","16":"purchasable","17":"product-type-simple"},"acf":[],"yoast_head":"<!-- This site is optimized with the Yoast SEO plugin v27.2 - https:\/\/yoast.com\/product\/yoast-seo-wordpress\/ -->\n<title>Kabel UGREEN HDMI 5m (czarny) - IRONSKY.PL Sklep z Dronami<\/title>\n<meta name=\"description\" content=\"Kabel UGREEN HDMI 5m (czarny) - \u2705 sklep z dronami i fachowym doradztwem. \u2705 Tutaj kupisz produkty DJI, Yuneec, Parrot, Syma i wiele innych, a tak\u017ce kursy i licencje na operatora drona.\" \/>\n<meta name=\"robots\" content=\"index, follow, max-snippet:-1, max-image-preview:large, max-video-preview:-1\" \/>\n<link rel=\"canonical\" href=\"https:\/\/ironsky.pl\/sklep\/produkt\/kabel-ugreen-hdmi-5m-czarny-2\/\" \/>\n<meta property=\"og:locale\" content=\"pl_PL\" \/>\n<meta property=\"og:type\" content=\"article\" \/>\n<meta property=\"og:title\" content=\"Kabel UGREEN HDMI 5m (czarny) - IRONSKY.PL Sklep z Dronami\" \/>\n<meta property=\"og:description\" content=\"Kabel UGREEN HDMI 5m (czarny) - \u2705 sklep z dronami i fachowym doradztwem. \u2705 Tutaj kupisz produkty DJI, Yuneec, Parrot, Syma i wiele innych, a tak\u017ce kursy i licencje na operatora drona.\" \/>\n<meta property=\"og:url\" content=\"https:\/\/ironsky.pl\/sklep\/produkt\/kabel-ugreen-hdmi-5m-czarny-2\/\" \/>\n<meta property=\"og:site_name\" content=\"IRONSKY.PL Sklep z Dronami\" \/>\n<meta property=\"article:modified_time\" content=\"2026-04-15T09:10:15+00:00\" \/>\n<meta property=\"og:image\" content=\"https:\/\/ironsky.pl\/sklep\/wp-content\/uploads\/2026\/02\/54828_1.jpg\" \/>\n\t<meta property=\"og:image:width\" content=\"800\" \/>\n\t<meta property=\"og:image:height\" content=\"800\" \/>\n\t<meta property=\"og:image:type\" content=\"image\/jpeg\" \/>\n<meta name=\"twitter:card\" content=\"summary_large_image\" \/>\n<meta name=\"twitter:label1\" content=\"Szacowany czas czytania\" \/>\n\t<meta name=\"twitter:data1\" content=\"2 minuty\" \/>\n<script type=\"application\/ld+json\" class=\"yoast-schema-graph\">{\"@context\":\"https:\/\/schema.org\",\"@graph\":[{\"@type\":\"WebPage\",\"@id\":\"https:\/\/ironsky.pl\/sklep\/produkt\/kabel-ugreen-hdmi-5m-czarny-2\/\",\"url\":\"https:\/\/ironsky.pl\/sklep\/produkt\/kabel-ugreen-hdmi-5m-czarny-2\/\",\"name\":\"Kabel UGREEN HDMI 5m (czarny) - IRONSKY.PL Sklep z Dronami\",\"isPartOf\":{\"@id\":\"https:\/\/ironsky.pl\/sklep\/#website\"},\"primaryImageOfPage\":{\"@id\":\"https:\/\/ironsky.pl\/sklep\/produkt\/kabel-ugreen-hdmi-5m-czarny-2\/#primaryimage\"},\"image\":{\"@id\":\"https:\/\/ironsky.pl\/sklep\/produkt\/kabel-ugreen-hdmi-5m-czarny-2\/#primaryimage\"},\"thumbnailUrl\":\"https:\/\/ironsky.pl\/sklep\/wp-content\/uploads\/2026\/02\/54828_1.jpg\",\"datePublished\":\"2026-04-15T09:09:56+00:00\",\"dateModified\":\"2026-04-15T09:10:15+00:00\",\"description\":\"Kabel UGREEN HDMI 5m (czarny) - \u2705 sklep z dronami i fachowym doradztwem. \u2705 Tutaj kupisz produkty DJI, Yuneec, Parrot, Syma i wiele innych, a tak\u017ce kursy i licencje na operatora drona.\",\"breadcrumb\":{\"@id\":\"https:\/\/ironsky.pl\/sklep\/produkt\/kabel-ugreen-hdmi-5m-czarny-2\/#breadcrumb\"},\"inLanguage\":\"pl-PL\",\"potentialAction\":[{\"@type\":\"ReadAction\",\"target\":[\"https:\/\/ironsky.pl\/sklep\/produkt\/kabel-ugreen-hdmi-5m-czarny-2\/\"]}]},{\"@type\":\"ImageObject\",\"inLanguage\":\"pl-PL\",\"@id\":\"https:\/\/ironsky.pl\/sklep\/produkt\/kabel-ugreen-hdmi-5m-czarny-2\/#primaryimage\",\"url\":\"https:\/\/ironsky.pl\/sklep\/wp-content\/uploads\/2026\/02\/54828_1.jpg\",\"contentUrl\":\"https:\/\/ironsky.pl\/sklep\/wp-content\/uploads\/2026\/02\/54828_1.jpg\",\"width\":800,\"height\":800},{\"@type\":\"BreadcrumbList\",\"@id\":\"https:\/\/ironsky.pl\/sklep\/produkt\/kabel-ugreen-hdmi-5m-czarny-2\/#breadcrumb\",\"itemListElement\":[{\"@type\":\"ListItem\",\"position\":1,\"name\":\"Strona g\u0142\u00f3wna\",\"item\":\"https:\/\/ironsky.pl\/sklep\/\"},{\"@type\":\"ListItem\",\"position\":2,\"name\":\"Wszystkie produkty\",\"item\":\"https:\/\/ironsky.pl\/sklep\/produkty\/\"},{\"@type\":\"ListItem\",\"position\":3,\"name\":\"Kabel UGREEN HDMI 5m (czarny)\"}]},{\"@type\":\"WebSite\",\"@id\":\"https:\/\/ironsky.pl\/sklep\/#website\",\"url\":\"https:\/\/ironsky.pl\/sklep\/\",\"name\":\"IRONSKY.PL Sklep z Dronami\",\"description\":\"IRONSKY.PL Sklep z Dronami\",\"potentialAction\":[{\"@type\":\"SearchAction\",\"target\":{\"@type\":\"EntryPoint\",\"urlTemplate\":\"https:\/\/ironsky.pl\/sklep\/?s={search_term_string}\"},\"query-input\":{\"@type\":\"PropertyValueSpecification\",\"valueRequired\":true,\"valueName\":\"search_term_string\"}}],\"inLanguage\":\"pl-PL\"}]}<\/script>\n<!-- \/ Yoast SEO plugin. -->","yoast_head_json":{"title":"Kabel UGREEN HDMI 5m (czarny) - IRONSKY.PL Sklep z Dronami","description":"Kabel UGREEN HDMI 5m (czarny) - \u2705 sklep z dronami i fachowym doradztwem. \u2705 Tutaj kupisz produkty DJI, Yuneec, Parrot, Syma i wiele innych, a tak\u017ce kursy i licencje na operatora drona.","robots":{"index":"index","follow":"follow","max-snippet":"max-snippet:-1","max-image-preview":"max-image-preview:large","max-video-preview":"max-video-preview:-1"},"canonical":"https:\/\/ironsky.pl\/sklep\/produkt\/kabel-ugreen-hdmi-5m-czarny-2\/","og_locale":"pl_PL","og_type":"article","og_title":"Kabel UGREEN HDMI 5m (czarny) - IRONSKY.PL Sklep z Dronami","og_description":"Kabel UGREEN HDMI 5m (czarny) - \u2705 sklep z dronami i fachowym doradztwem. \u2705 Tutaj kupisz produkty DJI, Yuneec, Parrot, Syma i wiele innych, a tak\u017ce kursy i licencje na operatora drona.","og_url":"https:\/\/ironsky.pl\/sklep\/produkt\/kabel-ugreen-hdmi-5m-czarny-2\/","og_site_name":"IRONSKY.PL Sklep z Dronami","article_modified_time":"2026-04-15T09:10:15+00:00","og_image":[{"width":800,"height":800,"url":"https:\/\/ironsky.pl\/sklep\/wp-content\/uploads\/2026\/02\/54828_1.jpg","type":"image\/jpeg"}],"twitter_card":"summary_large_image","twitter_misc":{"Szacowany czas czytania":"2 minuty"},"schema":{"@context":"https:\/\/schema.org","@graph":[{"@type":"WebPage","@id":"https:\/\/ironsky.pl\/sklep\/produkt\/kabel-ugreen-hdmi-5m-czarny-2\/","url":"https:\/\/ironsky.pl\/sklep\/produkt\/kabel-ugreen-hdmi-5m-czarny-2\/","name":"Kabel UGREEN HDMI 5m (czarny) - IRONSKY.PL Sklep z Dronami","isPartOf":{"@id":"https:\/\/ironsky.pl\/sklep\/#website"},"primaryImageOfPage":{"@id":"https:\/\/ironsky.pl\/sklep\/produkt\/kabel-ugreen-hdmi-5m-czarny-2\/#primaryimage"},"image":{"@id":"https:\/\/ironsky.pl\/sklep\/produkt\/kabel-ugreen-hdmi-5m-czarny-2\/#primaryimage"},"thumbnailUrl":"https:\/\/ironsky.pl\/sklep\/wp-content\/uploads\/2026\/02\/54828_1.jpg","datePublished":"2026-04-15T09:09:56+00:00","dateModified":"2026-04-15T09:10:15+00:00","description":"Kabel UGREEN HDMI 5m (czarny) - \u2705 sklep z dronami i fachowym doradztwem. \u2705 Tutaj kupisz produkty DJI, Yuneec, Parrot, Syma i wiele innych, a tak\u017ce kursy i licencje na operatora drona.","breadcrumb":{"@id":"https:\/\/ironsky.pl\/sklep\/produkt\/kabel-ugreen-hdmi-5m-czarny-2\/#breadcrumb"},"inLanguage":"pl-PL","potentialAction":[{"@type":"ReadAction","target":["https:\/\/ironsky.pl\/sklep\/produkt\/kabel-ugreen-hdmi-5m-czarny-2\/"]}]},{"@type":"ImageObject","inLanguage":"pl-PL","@id":"https:\/\/ironsky.pl\/sklep\/produkt\/kabel-ugreen-hdmi-5m-czarny-2\/#primaryimage","url":"https:\/\/ironsky.pl\/sklep\/wp-content\/uploads\/2026\/02\/54828_1.jpg","contentUrl":"https:\/\/ironsky.pl\/sklep\/wp-content\/uploads\/2026\/02\/54828_1.jpg","width":800,"height":800},{"@type":"BreadcrumbList","@id":"https:\/\/ironsky.pl\/sklep\/produkt\/kabel-ugreen-hdmi-5m-czarny-2\/#breadcrumb","itemListElement":[{"@type":"ListItem","position":1,"name":"Strona g\u0142\u00f3wna","item":"https:\/\/ironsky.pl\/sklep\/"},{"@type":"ListItem","position":2,"name":"Wszystkie produkty","item":"https:\/\/ironsky.pl\/sklep\/produkty\/"},{"@type":"ListItem","position":3,"name":"Kabel UGREEN HDMI 5m (czarny)"}]},{"@type":"WebSite","@id":"https:\/\/ironsky.pl\/sklep\/#website","url":"https:\/\/ironsky.pl\/sklep\/","name":"IRONSKY.PL Sklep z Dronami","description":"IRONSKY.PL Sklep z Dronami","potentialAction":[{"@type":"SearchAction","target":{"@type":"EntryPoint","urlTemplate":"https:\/\/ironsky.pl\/sklep\/?s={search_term_string}"},"query-input":{"@type":"PropertyValueSpecification","valueRequired":true,"valueName":"search_term_string"}}],"inLanguage":"pl-PL"}]}},"_links":{"self":[{"href":"https:\/\/ironsky.pl\/sklep\/wp-json\/wp\/v2\/product\/60901","targetHints":{"allow":["GET"]}}],"collection":[{"href":"https:\/\/ironsky.pl\/sklep\/wp-json\/wp\/v2\/product"}],"about":[{"href":"https:\/\/ironsky.pl\/sklep\/wp-json\/wp\/v2\/types\/product"}],"replies":[{"embeddable":true,"href":"https:\/\/ironsky.pl\/sklep\/wp-json\/wp\/v2\/comments?post=60901"}],"wp:featuredmedia":[{"embeddable":true,"href":"https:\/\/ironsky.pl\/sklep\/wp-json\/wp\/v2\/media\/51243"}],"wp:attachment":[{"href":"https:\/\/ironsky.pl\/sklep\/wp-json\/wp\/v2\/media?parent=60901"}],"wp:term":[{"taxonomy":"product_brand","embeddable":true,"href":"https:\/\/ironsky.pl\/sklep\/wp-json\/wp\/v2\/product_brand?post=60901"},{"taxonomy":"product_cat","embeddable":true,"href":"https:\/\/ironsky.pl\/sklep\/wp-json\/wp\/v2\/product_cat?post=60901"},{"taxonomy":"product_tag","embeddable":true,"href":"https:\/\/ironsky.pl\/sklep\/wp-json\/wp\/v2\/product_tag?post=60901"}],"curies":[{"name":"wp","href":"https:\/\/api.w.org\/{rel}","templated":true}]}}