{"id":60900,"date":"2026-04-15T11:09:56","date_gmt":"2026-04-15T09:09:56","guid":{"rendered":"https:\/\/ironsky.pl\/sklep\/produkt\/kabel-ugreen-hdmi-2-0-15m-czarny-2\/"},"modified":"2026-04-15T11:10:14","modified_gmt":"2026-04-15T09:10:14","slug":"kabel-ugreen-hdmi-2-0-15m-czarny-2","status":"publish","type":"product","link":"https:\/\/ironsky.pl\/sklep\/produkt\/kabel-ugreen-hdmi-2-0-15m-czarny-2\/","title":{"rendered":"Kabel UGREEN HDMI 2.0 1,5m (czarny)"},"content":{"rendered":"<h3>Kabel HDMI 2.0 4K 60Hz UGREEN 1.5m (czarny)<\/h3>\n<p>Kabel HDMI (High-Definition Multimedia Interface, z\u0142\u0105cze do przesy\u0142ania obrazu i d\u017awi\u0119ku w wysokiej rozdzielczo\u015bci) UGREEN zapewnia stabilne i szybkie po\u0142\u0105czenie mi\u0119dzy urz\u0105dzeniami audio-wideo. Obs\u0142uguje rozdzielczo\u015b\u0107 4K\u00a0 (Ultra High Definition, rozdzielczo\u015b\u0107 3840\u00d72160 pikseli) przy 60 Hz, co pozwala cieszy\u0107 si\u0119 wyra\u017anym obrazem i p\u0142ynnym odtwarzaniem film\u00f3w, gier i prezentacji. Produkt dzia\u0142a z wi\u0119kszo\u015bci\u0105 urz\u0105dze\u0144 wyposa\u017conych w standardowy port HDMI. Bez problemu pod\u0142\u0105czysz go do laptopa, konsoli PS4 (PlayStation 4)\/PS3 (PlayStation 3), dekodera czy smart boxa. Po stronie wyj\u015bciowej wsp\u00f3\u0142pracuje z telewizorami HD (High Definition, wysoka rozdzielczo\u015b\u0107), projektorami i monitorami.<\/p>\n<p>\n<img decoding=\"async\" src=\"https:\/\/assets.innpro.pl\/17981\/23860\/5.jpg\" border=\"0\" alt=\"Czarny kabel HDMI z poz\u0142acanymi z\u0142\u0105czami na czarnym tle.\" \/>\n<\/p>\n<h3>Wysokiej jako\u015bci obraz<\/h3>\n<p>Kabel wspiera rozdzielczo\u015b\u0107 3840\u00d72160 przy od\u015bwie\u017caniu 60 Hz, co zapewnia wysoki poziom szczeg\u00f3\u0142owo\u015bci i p\u0142ynno\u015bci. To dobre rozwi\u0105zanie dla graczy i os\u00f3b ogl\u0105daj\u0105cych filmy w jako\u015bci 4K \u2013 obraz jest wyra\u017any i bez op\u00f3\u017anie\u0144. Dzi\u0119ki kompatybilno\u015bci z technologi\u0105 HDR (High Dynamic Range, technologia zwi\u0119kszaj\u0105ca zakres tonalny obrazu) uzyskujesz bardziej realistyczne kolory i lepszy kontrast. Obs\u0142uga efektu 3D (tr\u00f3jwymiarowy obraz) dodatkowo zwi\u0119ksza mo\u017cliwo\u015bci multimedialne \u2013 zar\u00f3wno w grach, jak i filmach.<\/p>\n<p>\n<img decoding=\"async\" src=\"https:\/\/assets.innpro.pl\/17981\/23860\/3.jpg\" border=\"0\" alt=\"Czarny kabel HDMI na bia\u0142o-niebieskim tle.\" \/>\n<\/p>\n<h3>Wysoka przepustowo\u015b\u0107 i lepsza synchronizacja<\/h3>\n<p>Standard HDMI 2.0 i przepustowo\u015b\u0107 do 18 Gb\/s pozwalaj\u0105 na szybki transfer danych bez utraty jako\u015bci sygna\u0142u. W por\u00f3wnaniu do starszej wersji 1.4 (10.2 Gb\/s), daje to wi\u0119ksz\u0105 stabilno\u015b\u0107 i lepsze odwzorowanie obrazu i d\u017awi\u0119ku. Kabel umo\u017cliwia przesy\u0142anie d\u017awi\u0119ku i obrazu bez op\u00f3\u017anie\u0144, co sprawia, \u017ce sprawdzi si\u0119 w przypadku ogl\u0105dania film\u00f3w, grania czy wideokonferencji. Do dyspozycji masz do 32 kana\u0142\u00f3w audio i cz\u0119stotliwo\u015b\u0107 pr\u00f3bkowania do 1536 KHz.<\/p>\n<p>\n<img decoding=\"async\" src=\"https:\/\/assets.innpro.pl\/17981\/23860\/6.jpg\" border=\"0\" alt=\"Kabel HDMI pod\u0142\u0105czony do laptopa. Poni\u017cej bia\u0142y napis 18 Gbps.\" \/>\n<\/p>\n<h3>Trwa\u0142o\u015b\u0107 na lata<\/h3>\n<p>Zewn\u0119trzna pow\u0142oka z PVC (Polyvinyl Chloride, polichlorek winylu \u2013 tworzywo sztuczne o wysokiej odporno\u015bci) zosta\u0142a przetestowana na ponad 5000 zgi\u0119\u0107, co przek\u0142ada si\u0119 na wi\u0119ksz\u0105 wytrzyma\u0142o\u015b\u0107 w codziennym u\u017cytkowaniu. Z\u0142\u0105cza pokryte z\u0142otem s\u0105 odporne na utlenianie i poprawiaj\u0105 jako\u015b\u0107 transmisji sygna\u0142u.<\/p>\n<p>\n<img decoding=\"async\" src=\"https:\/\/assets.innpro.pl\/17981\/23860\/4.jpg\" border=\"0\" alt=\"Kabel Ugreen pod\u0142\u0105czony do laptopa.\" \/>\n<\/p>\n<h3>R\u00f3\u017cne tryby pracy<\/h3>\n<p>Kabel obs\u0142uguje trzy popularne tryby dzia\u0142ania: duplikowanie obrazu (Mirror Mode), rozszerzony pulpit (Extended Mode) oraz po\u0142\u0105czenie z konsolami w trybie Game Interaction. Dzi\u0119ki temu \u0142atwo dopasujesz spos\u00f3b dzia\u0142ania do swoich potrzeb.<\/p>\n<p>\n<img decoding=\"async\" src=\"https:\/\/assets.innpro.pl\/17981\/23860\/2.jpg\" border=\"0\" alt=\"Laptop i telewizor po\u0142\u0105czone kablem wy\u015bwietlaj\u0105 ten sam obraz.\" \/>\n<\/p>\n<div class=\"table-wrapper\">\n<p>\u00a0<\/p>\n<h3><\/h3>\n<table>\n<tbody>\n<tr>\n<th>Producent<\/th>\n<td>Ugreen<\/td>\n<\/tr>\n<tr>\n<th>Model<\/th>\n<td>ED030\/HD104<\/td>\n<\/tr>\n<tr>\n<th>Kolor<\/th>\n<td>czarny<\/td>\n<\/tr>\n<tr>\n<th>D\u0142ugo\u015b\u0107<\/th>\n<td>1.5 m<\/td>\n<\/tr>\n<tr>\n<th>Interfejs<\/th>\n<td>HDMI 2.0 do HDMI 2.0<\/td>\n<\/tr>\n<\/tbody>\n<\/table>\n<\/div>\n","protected":false},"excerpt":{"rendered":"<p>Kabel HDMI 2.0 4K 60Hz UGREEN 1.5m (czarny) Kabel HDMI (High-Definition Multimedia Interface, z\u0142\u0105cze do przesy\u0142ania obrazu i d\u017awi\u0119ku w<\/p>\n","protected":false},"featured_media":51238,"comment_status":"closed","ping_status":"open","template":"","meta":{"_acf_changed":false},"product_brand":[],"product_cat":[5929,5931,5933],"product_tag":[],"class_list":{"0":"post-60900","1":"product","2":"type-product","3":"status-publish","4":"has-post-thumbnail","6":"product_cat-akcesoria-it","7":"product_cat-kable","8":"product_cat-wideo","9":"pa_okres-gwarancji-5757","10":"pa_producent-ugreen","12":"first","13":"outofstock","14":"taxable","15":"shipping-taxable","16":"purchasable","17":"product-type-simple"},"acf":[],"yoast_head":"<!-- This site is optimized with the Yoast SEO plugin v27.2 - https:\/\/yoast.com\/product\/yoast-seo-wordpress\/ -->\n<title>Kabel UGREEN HDMI 2.0 1,5m (czarny) - IRONSKY.PL Sklep z Dronami<\/title>\n<meta name=\"description\" content=\"Kabel UGREEN HDMI 2.0 1,5m (czarny) - \u2705 sklep z dronami i fachowym doradztwem. \u2705 Tutaj kupisz produkty DJI, Yuneec, Parrot, Syma i wiele innych, a tak\u017ce kursy i licencje na operatora drona.\" \/>\n<meta name=\"robots\" content=\"index, follow, max-snippet:-1, max-image-preview:large, max-video-preview:-1\" \/>\n<link rel=\"canonical\" href=\"https:\/\/ironsky.pl\/sklep\/produkt\/kabel-ugreen-hdmi-2-0-15m-czarny-2\/\" \/>\n<meta property=\"og:locale\" content=\"pl_PL\" \/>\n<meta property=\"og:type\" content=\"article\" \/>\n<meta property=\"og:title\" content=\"Kabel UGREEN HDMI 2.0 1,5m (czarny) - IRONSKY.PL Sklep z Dronami\" \/>\n<meta property=\"og:description\" content=\"Kabel UGREEN HDMI 2.0 1,5m (czarny) - \u2705 sklep z dronami i fachowym doradztwem. \u2705 Tutaj kupisz produkty DJI, Yuneec, Parrot, Syma i wiele innych, a tak\u017ce kursy i licencje na operatora drona.\" \/>\n<meta property=\"og:url\" content=\"https:\/\/ironsky.pl\/sklep\/produkt\/kabel-ugreen-hdmi-2-0-15m-czarny-2\/\" \/>\n<meta property=\"og:site_name\" content=\"IRONSKY.PL Sklep z Dronami\" \/>\n<meta property=\"article:modified_time\" content=\"2026-04-15T09:10:14+00:00\" \/>\n<meta property=\"og:image\" content=\"https:\/\/ironsky.pl\/sklep\/wp-content\/uploads\/2026\/02\/54827_4.jpg\" \/>\n\t<meta property=\"og:image:width\" content=\"800\" \/>\n\t<meta property=\"og:image:height\" content=\"800\" \/>\n\t<meta property=\"og:image:type\" content=\"image\/jpeg\" \/>\n<meta name=\"twitter:card\" content=\"summary_large_image\" \/>\n<meta name=\"twitter:label1\" content=\"Szacowany czas czytania\" \/>\n\t<meta name=\"twitter:data1\" content=\"2 minuty\" \/>\n<script type=\"application\/ld+json\" class=\"yoast-schema-graph\">{\"@context\":\"https:\/\/schema.org\",\"@graph\":[{\"@type\":\"WebPage\",\"@id\":\"https:\/\/ironsky.pl\/sklep\/produkt\/kabel-ugreen-hdmi-2-0-15m-czarny-2\/\",\"url\":\"https:\/\/ironsky.pl\/sklep\/produkt\/kabel-ugreen-hdmi-2-0-15m-czarny-2\/\",\"name\":\"Kabel UGREEN HDMI 2.0 1,5m (czarny) - IRONSKY.PL Sklep z Dronami\",\"isPartOf\":{\"@id\":\"https:\/\/ironsky.pl\/sklep\/#website\"},\"primaryImageOfPage\":{\"@id\":\"https:\/\/ironsky.pl\/sklep\/produkt\/kabel-ugreen-hdmi-2-0-15m-czarny-2\/#primaryimage\"},\"image\":{\"@id\":\"https:\/\/ironsky.pl\/sklep\/produkt\/kabel-ugreen-hdmi-2-0-15m-czarny-2\/#primaryimage\"},\"thumbnailUrl\":\"https:\/\/ironsky.pl\/sklep\/wp-content\/uploads\/2026\/02\/54827_4.jpg\",\"datePublished\":\"2026-04-15T09:09:56+00:00\",\"dateModified\":\"2026-04-15T09:10:14+00:00\",\"description\":\"Kabel UGREEN HDMI 2.0 1,5m (czarny) - \u2705 sklep z dronami i fachowym doradztwem. \u2705 Tutaj kupisz produkty DJI, Yuneec, Parrot, Syma i wiele innych, a tak\u017ce kursy i licencje na operatora drona.\",\"breadcrumb\":{\"@id\":\"https:\/\/ironsky.pl\/sklep\/produkt\/kabel-ugreen-hdmi-2-0-15m-czarny-2\/#breadcrumb\"},\"inLanguage\":\"pl-PL\",\"potentialAction\":[{\"@type\":\"ReadAction\",\"target\":[\"https:\/\/ironsky.pl\/sklep\/produkt\/kabel-ugreen-hdmi-2-0-15m-czarny-2\/\"]}]},{\"@type\":\"ImageObject\",\"inLanguage\":\"pl-PL\",\"@id\":\"https:\/\/ironsky.pl\/sklep\/produkt\/kabel-ugreen-hdmi-2-0-15m-czarny-2\/#primaryimage\",\"url\":\"https:\/\/ironsky.pl\/sklep\/wp-content\/uploads\/2026\/02\/54827_4.jpg\",\"contentUrl\":\"https:\/\/ironsky.pl\/sklep\/wp-content\/uploads\/2026\/02\/54827_4.jpg\",\"width\":800,\"height\":800},{\"@type\":\"BreadcrumbList\",\"@id\":\"https:\/\/ironsky.pl\/sklep\/produkt\/kabel-ugreen-hdmi-2-0-15m-czarny-2\/#breadcrumb\",\"itemListElement\":[{\"@type\":\"ListItem\",\"position\":1,\"name\":\"Strona g\u0142\u00f3wna\",\"item\":\"https:\/\/ironsky.pl\/sklep\/\"},{\"@type\":\"ListItem\",\"position\":2,\"name\":\"Wszystkie produkty\",\"item\":\"https:\/\/ironsky.pl\/sklep\/produkty\/\"},{\"@type\":\"ListItem\",\"position\":3,\"name\":\"Kabel UGREEN HDMI 2.0 1,5m (czarny)\"}]},{\"@type\":\"WebSite\",\"@id\":\"https:\/\/ironsky.pl\/sklep\/#website\",\"url\":\"https:\/\/ironsky.pl\/sklep\/\",\"name\":\"IRONSKY.PL Sklep z Dronami\",\"description\":\"IRONSKY.PL Sklep z Dronami\",\"potentialAction\":[{\"@type\":\"SearchAction\",\"target\":{\"@type\":\"EntryPoint\",\"urlTemplate\":\"https:\/\/ironsky.pl\/sklep\/?s={search_term_string}\"},\"query-input\":{\"@type\":\"PropertyValueSpecification\",\"valueRequired\":true,\"valueName\":\"search_term_string\"}}],\"inLanguage\":\"pl-PL\"}]}<\/script>\n<!-- \/ Yoast SEO plugin. -->","yoast_head_json":{"title":"Kabel UGREEN HDMI 2.0 1,5m (czarny) - IRONSKY.PL Sklep z Dronami","description":"Kabel UGREEN HDMI 2.0 1,5m (czarny) - \u2705 sklep z dronami i fachowym doradztwem. \u2705 Tutaj kupisz produkty DJI, Yuneec, Parrot, Syma i wiele innych, a tak\u017ce kursy i licencje na operatora drona.","robots":{"index":"index","follow":"follow","max-snippet":"max-snippet:-1","max-image-preview":"max-image-preview:large","max-video-preview":"max-video-preview:-1"},"canonical":"https:\/\/ironsky.pl\/sklep\/produkt\/kabel-ugreen-hdmi-2-0-15m-czarny-2\/","og_locale":"pl_PL","og_type":"article","og_title":"Kabel UGREEN HDMI 2.0 1,5m (czarny) - IRONSKY.PL Sklep z Dronami","og_description":"Kabel UGREEN HDMI 2.0 1,5m (czarny) - \u2705 sklep z dronami i fachowym doradztwem. \u2705 Tutaj kupisz produkty DJI, Yuneec, Parrot, Syma i wiele innych, a tak\u017ce kursy i licencje na operatora drona.","og_url":"https:\/\/ironsky.pl\/sklep\/produkt\/kabel-ugreen-hdmi-2-0-15m-czarny-2\/","og_site_name":"IRONSKY.PL Sklep z Dronami","article_modified_time":"2026-04-15T09:10:14+00:00","og_image":[{"width":800,"height":800,"url":"https:\/\/ironsky.pl\/sklep\/wp-content\/uploads\/2026\/02\/54827_4.jpg","type":"image\/jpeg"}],"twitter_card":"summary_large_image","twitter_misc":{"Szacowany czas czytania":"2 minuty"},"schema":{"@context":"https:\/\/schema.org","@graph":[{"@type":"WebPage","@id":"https:\/\/ironsky.pl\/sklep\/produkt\/kabel-ugreen-hdmi-2-0-15m-czarny-2\/","url":"https:\/\/ironsky.pl\/sklep\/produkt\/kabel-ugreen-hdmi-2-0-15m-czarny-2\/","name":"Kabel UGREEN HDMI 2.0 1,5m (czarny) - IRONSKY.PL Sklep z Dronami","isPartOf":{"@id":"https:\/\/ironsky.pl\/sklep\/#website"},"primaryImageOfPage":{"@id":"https:\/\/ironsky.pl\/sklep\/produkt\/kabel-ugreen-hdmi-2-0-15m-czarny-2\/#primaryimage"},"image":{"@id":"https:\/\/ironsky.pl\/sklep\/produkt\/kabel-ugreen-hdmi-2-0-15m-czarny-2\/#primaryimage"},"thumbnailUrl":"https:\/\/ironsky.pl\/sklep\/wp-content\/uploads\/2026\/02\/54827_4.jpg","datePublished":"2026-04-15T09:09:56+00:00","dateModified":"2026-04-15T09:10:14+00:00","description":"Kabel UGREEN HDMI 2.0 1,5m (czarny) - \u2705 sklep z dronami i fachowym doradztwem. \u2705 Tutaj kupisz produkty DJI, Yuneec, Parrot, Syma i wiele innych, a tak\u017ce kursy i licencje na operatora drona.","breadcrumb":{"@id":"https:\/\/ironsky.pl\/sklep\/produkt\/kabel-ugreen-hdmi-2-0-15m-czarny-2\/#breadcrumb"},"inLanguage":"pl-PL","potentialAction":[{"@type":"ReadAction","target":["https:\/\/ironsky.pl\/sklep\/produkt\/kabel-ugreen-hdmi-2-0-15m-czarny-2\/"]}]},{"@type":"ImageObject","inLanguage":"pl-PL","@id":"https:\/\/ironsky.pl\/sklep\/produkt\/kabel-ugreen-hdmi-2-0-15m-czarny-2\/#primaryimage","url":"https:\/\/ironsky.pl\/sklep\/wp-content\/uploads\/2026\/02\/54827_4.jpg","contentUrl":"https:\/\/ironsky.pl\/sklep\/wp-content\/uploads\/2026\/02\/54827_4.jpg","width":800,"height":800},{"@type":"BreadcrumbList","@id":"https:\/\/ironsky.pl\/sklep\/produkt\/kabel-ugreen-hdmi-2-0-15m-czarny-2\/#breadcrumb","itemListElement":[{"@type":"ListItem","position":1,"name":"Strona g\u0142\u00f3wna","item":"https:\/\/ironsky.pl\/sklep\/"},{"@type":"ListItem","position":2,"name":"Wszystkie produkty","item":"https:\/\/ironsky.pl\/sklep\/produkty\/"},{"@type":"ListItem","position":3,"name":"Kabel UGREEN HDMI 2.0 1,5m (czarny)"}]},{"@type":"WebSite","@id":"https:\/\/ironsky.pl\/sklep\/#website","url":"https:\/\/ironsky.pl\/sklep\/","name":"IRONSKY.PL Sklep z Dronami","description":"IRONSKY.PL Sklep z Dronami","potentialAction":[{"@type":"SearchAction","target":{"@type":"EntryPoint","urlTemplate":"https:\/\/ironsky.pl\/sklep\/?s={search_term_string}"},"query-input":{"@type":"PropertyValueSpecification","valueRequired":true,"valueName":"search_term_string"}}],"inLanguage":"pl-PL"}]}},"_links":{"self":[{"href":"https:\/\/ironsky.pl\/sklep\/wp-json\/wp\/v2\/product\/60900","targetHints":{"allow":["GET"]}}],"collection":[{"href":"https:\/\/ironsky.pl\/sklep\/wp-json\/wp\/v2\/product"}],"about":[{"href":"https:\/\/ironsky.pl\/sklep\/wp-json\/wp\/v2\/types\/product"}],"replies":[{"embeddable":true,"href":"https:\/\/ironsky.pl\/sklep\/wp-json\/wp\/v2\/comments?post=60900"}],"wp:featuredmedia":[{"embeddable":true,"href":"https:\/\/ironsky.pl\/sklep\/wp-json\/wp\/v2\/media\/51238"}],"wp:attachment":[{"href":"https:\/\/ironsky.pl\/sklep\/wp-json\/wp\/v2\/media?parent=60900"}],"wp:term":[{"taxonomy":"product_brand","embeddable":true,"href":"https:\/\/ironsky.pl\/sklep\/wp-json\/wp\/v2\/product_brand?post=60900"},{"taxonomy":"product_cat","embeddable":true,"href":"https:\/\/ironsky.pl\/sklep\/wp-json\/wp\/v2\/product_cat?post=60900"},{"taxonomy":"product_tag","embeddable":true,"href":"https:\/\/ironsky.pl\/sklep\/wp-json\/wp\/v2\/product_tag?post=60900"}],"curies":[{"name":"wp","href":"https:\/\/api.w.org\/{rel}","templated":true}]}}