{"id":60899,"date":"2026-04-15T11:09:56","date_gmt":"2026-04-15T09:09:56","guid":{"rendered":"https:\/\/ironsky.pl\/sklep\/produkt\/powerbank-ecoflow-rapid-25000mah-170w-wbudowane-kable-100w-2\/"},"modified":"2026-04-15T11:10:12","modified_gmt":"2026-04-15T09:10:12","slug":"powerbank-ecoflow-rapid-25000mah-170w-wbudowane-kable-100w-2","status":"publish","type":"product","link":"https:\/\/ironsky.pl\/sklep\/produkt\/powerbank-ecoflow-rapid-25000mah-170w-wbudowane-kable-100w-2\/","title":{"rendered":"Powerbank ECOFLOW RAPID 25000mAh 170W wbudowane kable 100W"},"content":{"rendered":"<h3>Powerbank EcoFlow RAPID 25000mAh, 170W (wbudowane kable 100W)<\/h3>\n<p>EcoFlow RAPID zapewni Ci dost\u0119p do energii w czasie podr\u00f3\u017cy, w pracy, na uczelni itp. Dzi\u0119ki obs\u0142udze \u0142adowania do 170 W i wbudowanym kablom USB\u2011C (Universal Serial Bus, uniwersalne z\u0142\u0105cze do przesy\u0142ania danych i zasilania) o mocy 100 W zapewnia wygod\u0119 u\u017cytkowania i szybkie \u0142adowanie kompatybilnych urz\u0105dze\u0144. Mimo pojemnego akumulatora zachowuje kompaktowe rozmiary (157 \u00d7 53,8 \u00d7 48,8\u202fmm) i wag\u0119 zaledwie ok.\u202f580\u202fg. Solidna obudowa i technologia X\u2011Core\u202f3.0 (X-Core, autorski uk\u0142ad zarz\u0105dzania zasilaniem firmy EcoFlow) oferuj\u0105 niezawodno\u015b\u0107, bezpiecze\u0144stwo w zasi\u0119gu r\u0119ki.<\/p>\n<p>\n<img decoding=\"async\" src=\"https:\/\/assets.innpro.pl\/17971\/23831\/1.jpg\" border=\"0\" alt=\"M\u0119\u017cczyzna i kobieta robi\u0105 sobie zdj\u0119cie za pomoc\u0105 smartfona pod\u0142\u0105czonego do powerbanka EcoFlow. Za nimi widoczny jest namiot i jezioro.\" \/>\n<\/p>\n<h3>Do 170 W mocy<\/h3>\n<p>EcoFlow RAPID pozwala na \u0142adowanie wielu urz\u0105dze\u0144 naraz \u2013 mo\u017ce dostarczy\u0107 maksymalnie 170\u202fW \u0142\u0105cznej mocy wyj\u015bciowej przez jeden port USB\u2011C oraz dwa wbudowane kable. Dzi\u0119ki temu nawet laptop, tablet, smartfon i s\u0142uchawki mog\u0105 \u0142adowa\u0107 si\u0119 r\u00f3wnocze\u015bnie z pe\u0142n\u0105 moc\u0105.<\/p>\n<p>\n<img decoding=\"async\" src=\"https:\/\/assets.innpro.pl\/17971\/23831\/12.jpg\" border=\"0\" alt=\"Powerbank z wy\u015bwietlaczem le\u017cy na walizce pod\u0142\u0105czony do smartfona i laptopa.\" \/>\n<\/p>\n<h3>B\u0142yskawiczne \u0142adowanie \u2013 50% w zaledwie 26 minut<\/h3>\n<p>RAPID to tak\u017ce jedno z najszybszych \u0142adowa\u0144 dost\u0119pnych dla powerbank\u00f3w tej pojemno\u015bci. Dzi\u0119ki wej\u015bciu USB\u2011C 100 W mo\u017cesz na\u0142adowa\u0107 go do 50% w 26 minut. Ca\u0142kowite \u0142adowanie (25\u202f000\u202fmAh) to 80 minut przy 100\u202fW lub 53 minuty do 80% przy tej samej mocy.<\/p>\n<p>\n<img decoding=\"async\" src=\"https:\/\/assets.innpro.pl\/17971\/23831\/6.jpg\" border=\"0\" alt=\"U\u015bmiechni\u0119ty m\u0119\u017cczyzna w \u017c\u00f3\u0142tej koszulce siedzi w poci\u0105gu i trzyma kubek. Na stoliku przed nim le\u017cy laptop i smartfon pod\u0142\u0105czony do powerbanka.\" \/>\n<\/p>\n<h3>Wbudowane kable \u2013 zapomnij o dodatkowych przewodach<\/h3>\n<p>RAPID oferuje 2 wbudowane kable USB\u2011C o mocy 100\u202fW: jeden o d\u0142ugo\u015bci 67\u202fcm, a drugi \u2013 26\u202fcm. Niezale\u017cnie od okoliczno\u015bci, zawsze masz kabel pod r\u0119k\u0105. Oba przesz\u0142y testy na wytrzyma\u0142o\u015b\u0107, a ich maksymalne obci\u0105\u017cenie wynosi 20 kg, dzi\u0119ki czemu masz pewno\u015b\u0107, \u017ce EcoFlow RAPID nigdy Ci\u0119 nie zawiedzie.<\/p>\n<p>\n<img decoding=\"async\" src=\"https:\/\/assets.innpro.pl\/17971\/23831\/7.jpg\" border=\"0\" alt=\"M\u0119\u017cczyzna siedzi na krze\u015ble nad jeziorem i czyta ksi\u0105\u017ck\u0119, w d\u0142oni trzyma kubek. Obok niego na stoliku le\u017cy smartfon, kamera i dron pod\u0142\u0105czone do powerbanka.\" \/>\n<\/p>\n<h3>Oszcz\u0119dno\u015b\u0107 pojemno\u015bci w kompaktowej formie<\/h3>\n<p>W por\u0119cznej obudowie zmie\u015bci\u0142o si\u0119 a\u017c 90\u202fWh energii \u2013 zgodnej z limitami podr\u00f3\u017cy lotniczych. To wystarczaj\u0105co, by dwukrotnie na\u0142adowa\u0107 MacBooka Pro, 4\u20135 razy iPhone\u2019a 16 lub Steam Decka prawie 2 razy \u2013 co oznacza bezstresow\u0105 prac\u0119 w podr\u00f3\u017cy lub plenerze.<\/p>\n<p>\n<img decoding=\"async\" src=\"https:\/\/assets.innpro.pl\/17971\/23831\/5.jpg\" border=\"0\" alt=\"M\u0119\u017cczyzna pakuje powerbank do czarnego plecaka.\" \/>\n<\/p>\n<h3>Bezpiecze\u0144stwo na najwy\u017cszym poziomie<\/h3>\n<p>Dzi\u0119ki technologii X\u2011Guard (X-Guard, system ochrony termicznej i przeci\u0105\u017ceniowej firmy EcoFlow) uk\u0142ad BMS (Battery Management System, system zarz\u0105dzania bateri\u0105) zapewnia czterowarstwow\u0105 ochron\u0119 przed prze\u0142adowaniem, nadmiernym roz\u0142adowaniem, przegrzaniem i zwarciem \u2013 wszystkie parametry s\u0105 monitorowane w czasie rzeczywistym. X\u2011Core 3.0 precyzyjnie reguluje wydajno\u015b\u0107 i temperatur\u0119, chroni\u0105c powerbank i pod\u0142\u0105czone urz\u0105dzenia przed uszkodzeniem.<\/p>\n<p>\n<img decoding=\"async\" src=\"https:\/\/assets.innpro.pl\/17971\/23831\/2.jpg\" border=\"0\" alt=\"U\u015bmiechni\u0119ty m\u0119\u017cczyzna trzyma w d\u0142oni kubek i patrzy na monitor laptopa. Na stoliku le\u017cy tak\u017ce smartfon i s\u0142uchawki pod\u0142\u0105czone do powerbanka EcoFlow.\" \/>\n<\/p>\n<h3>Czytelny ekran i pe\u0142na kontrola przez aplikacj\u0119<\/h3>\n<p>Powerbank zosta\u0142 wyposa\u017cony w czytelny ekran TFT (Thin-Film Transistor, wy\u015bwietlacz cienkowarstwowy), z kt\u00f3rego poziomu w czasie rzeczywistym sprawdzisz poziom akumulatora, moc port\u00f3w, temperatur\u0119, stan ogniw, liczb\u0119 cykli, a nawet emoji \u0142adowania. Dzi\u0119ki aplikacji EcoFlow mo\u017cesz sterowa\u0107 trybem optymalizacji akumulatora, wybiera\u0107 grafik\u0119 na ekranie standby lub ustawi\u0107 alerty.<\/p>\n<p>\n<img decoding=\"async\" src=\"https:\/\/assets.innpro.pl\/17971\/23831\/13.jpg\" border=\"0\" alt=\"U\u015bmiechni\u0119ta kobieta siedzi przy stole z otwartym laptopem i kubkiem kawy. Obok le\u017cy smartfon i s\u0142uchawki pod\u0142\u0105czone do powerbanka.\" \/>\n<\/p>\n<div class=\"table-wrapper\">\n<p>\u00a0<\/p>\n<h3><\/h3>\n<table>\n<tbody>\n<tr>\n<th>Producent<\/th>\n<td>EcoFlow<\/td>\n<\/tr>\n<tr>\n<th>Model<\/th>\n<td>EF-RAPID25K100W-B-EU<\/td>\n<\/tr>\n<tr>\n<th>Pojemno\u015b\u0107 ca\u0142kowita<\/th>\n<td>25 000 mAh<\/td>\n<\/tr>\n<tr>\n<th>Pojemno\u015b\u0107 u\u017cytkowa<\/th>\n<td>14500 mAh (5V\/3A)<\/td>\n<\/tr>\n<tr>\n<th>Wymiary<\/th>\n<td>ok. 157 x 53.8 x 48.8 mm<\/td>\n<\/tr>\n<tr>\n<th>Waga<\/th>\n<td>ok. 580 g<\/td>\n<\/tr>\n<tr>\n<th>Akumulator<\/th>\n<td>litowy<\/td>\n<\/tr>\n<tr>\n<th>Ilo\u015b\u0107 cykli \u0142adowania<\/th>\n<td>300 cykli do 80% pojemno\u015bci<\/td>\n<\/tr>\n<tr>\n<th>Rodzaj akumulatora<\/th>\n<td>Changhong Sanjie, INR21700-5000  5*5000 mAh<\/td>\n<\/tr>\n<tr>\n<th>Rodzaj ogniwa<\/th>\n<td>5 5000mAh 21700<\/td>\n<\/tr>\n<tr>\n<th>Moc wyj\u015bciowa<\/th>\n<td>1 port typu C: 100 W; 1 kabel zwijany (port typu C): 100 W; 1 kabel wbudowany (port typu C): 100 W; 1 port USB-A: 18 W; \u0141\u0105cznie 170 W<\/td>\n<\/tr>\n<tr>\n<th>Moc wej\u015bciowa<\/th>\n<td>100 W<\/td>\n<\/tr>\n<tr>\n<th>Wy\u015bwietlacz<\/th>\n<td>TFT<\/td>\n<\/tr>\n<tr>\n<th>Odporno\u015b\u0107 na upadki<\/th>\n<td>do 1 m<\/td>\n<\/tr>\n<tr>\n<th>Odporno\u015b\u0107 na ogie\u0144<\/th>\n<td>tak<\/td>\n<\/tr>\n<tr>\n<th>Wspierane protoko\u0142y szybkiego \u0142adowania<\/th>\n<td>BC1.2: 5V\/1,5A; Apple 2,4 A: 5V\/2,4A; QC3.0: 5V\/3A; 9V\/2A; 12V\/1,5A; FCP: 5V\/2A; 9V\/2A; 12V\/1,5A; SCP: 10V\/2,25A; AFC: 5V\/2A; 9V\/1,67A; UFCS: obs\u0142uguje \u0142adowanie indukcyjne 65 W; PD3.1: 5V\/3A; 9V\/3A; 12V\/3A; 15V\/3A; 20V\/5A; PPS: 5V\u201321V\/5A;  USB: obs\u0142uguje protoko\u0142y BC1.2\/Apple 2,4 A\/QC3.0\/FCP\/SCP\/AFC<\/td>\n<\/tr>\n<tr>\n<th>Kompatybilno\u015b\u0107<\/th>\n<td>iPhone; Samsung; Google Pixel; MacBook Serie Pro\/Air; drony DJI ; Steam Deck; Rog Ally; Apple Watch; Apple AirPods; iPad Serie Pro\/Mini\/Air<\/td>\n<\/tr>\n<tr>\n<th>Temperatura robocza<\/th>\n<td>20\u2103\u201330\u2103<\/td>\n<\/tr>\n<tr>\n<th>Temperatura \u0142adowania<\/th>\n<td>0\u2103\u201345\u2103<\/td>\n<\/tr>\n<tr>\n<th>Temperatura roz\u0142adowania<\/th>\n<td>\u221210\u2103\u201345\u2103<\/td>\n<\/tr>\n<\/tbody>\n<\/table>\n<\/div>\n","protected":false},"excerpt":{"rendered":"<p>Powerbank EcoFlow RAPID 25000mAh, 170W (wbudowane kable 100W) EcoFlow RAPID zapewni Ci dost\u0119p do energii w czasie podr\u00f3\u017cy, w pracy,<\/p>\n","protected":false},"featured_media":50072,"comment_status":"closed","ping_status":"open","template":"","meta":{"_acf_changed":false},"product_brand":[],"product_cat":[1108,1113],"product_tag":[],"class_list":{"0":"post-60899","1":"product","2":"type-product","3":"status-publish","4":"has-post-thumbnail","6":"product_cat-energia","7":"product_cat-powerbanki","8":"pa_okres-gwarancji-5757","9":"pa_producent-ecoflow","11":"first","12":"outofstock","13":"taxable","14":"shipping-taxable","15":"purchasable","16":"product-type-simple"},"acf":[],"yoast_head":"<!-- This site is optimized with the Yoast SEO plugin v27.2 - https:\/\/yoast.com\/product\/yoast-seo-wordpress\/ -->\n<title>Powerbank ECOFLOW RAPID 25000mAh 170W wbudowane kable 100W - IRONSKY.PL Sklep z Dronami<\/title>\n<meta name=\"description\" content=\"Powerbank ECOFLOW RAPID 25000mAh 170W wbudowane kable 100W - \u2705 sklep z dronami i fachowym doradztwem. \u2705 Tutaj kupisz produkty DJI, Yuneec, Parrot, Syma i wiele innych, a tak\u017ce kursy i licencje na operatora drona.\" \/>\n<meta name=\"robots\" content=\"index, follow, max-snippet:-1, max-image-preview:large, max-video-preview:-1\" \/>\n<link rel=\"canonical\" href=\"https:\/\/ironsky.pl\/sklep\/produkt\/powerbank-ecoflow-rapid-25000mah-170w-wbudowane-kable-100w-2\/\" \/>\n<meta property=\"og:locale\" content=\"pl_PL\" \/>\n<meta property=\"og:type\" content=\"article\" \/>\n<meta property=\"og:title\" content=\"Powerbank ECOFLOW RAPID 25000mAh 170W wbudowane kable 100W - IRONSKY.PL Sklep z Dronami\" \/>\n<meta property=\"og:description\" content=\"Powerbank ECOFLOW RAPID 25000mAh 170W wbudowane kable 100W - \u2705 sklep z dronami i fachowym doradztwem. \u2705 Tutaj kupisz produkty DJI, Yuneec, Parrot, Syma i wiele innych, a tak\u017ce kursy i licencje na operatora drona.\" \/>\n<meta property=\"og:url\" content=\"https:\/\/ironsky.pl\/sklep\/produkt\/powerbank-ecoflow-rapid-25000mah-170w-wbudowane-kable-100w-2\/\" \/>\n<meta property=\"og:site_name\" content=\"IRONSKY.PL Sklep z Dronami\" \/>\n<meta property=\"article:modified_time\" content=\"2026-04-15T09:10:12+00:00\" \/>\n<meta property=\"og:image\" content=\"https:\/\/ironsky.pl\/sklep\/wp-content\/uploads\/2025\/10\/54825_1.jpg\" \/>\n\t<meta property=\"og:image:width\" content=\"800\" \/>\n\t<meta property=\"og:image:height\" content=\"800\" \/>\n\t<meta property=\"og:image:type\" content=\"image\/jpeg\" \/>\n<meta name=\"twitter:card\" content=\"summary_large_image\" \/>\n<meta name=\"twitter:label1\" content=\"Szacowany czas czytania\" \/>\n\t<meta name=\"twitter:data1\" content=\"3 minuty\" \/>\n<script type=\"application\/ld+json\" class=\"yoast-schema-graph\">{\"@context\":\"https:\/\/schema.org\",\"@graph\":[{\"@type\":\"WebPage\",\"@id\":\"https:\/\/ironsky.pl\/sklep\/produkt\/powerbank-ecoflow-rapid-25000mah-170w-wbudowane-kable-100w-2\/\",\"url\":\"https:\/\/ironsky.pl\/sklep\/produkt\/powerbank-ecoflow-rapid-25000mah-170w-wbudowane-kable-100w-2\/\",\"name\":\"Powerbank ECOFLOW RAPID 25000mAh 170W wbudowane kable 100W - IRONSKY.PL Sklep z Dronami\",\"isPartOf\":{\"@id\":\"https:\/\/ironsky.pl\/sklep\/#website\"},\"primaryImageOfPage\":{\"@id\":\"https:\/\/ironsky.pl\/sklep\/produkt\/powerbank-ecoflow-rapid-25000mah-170w-wbudowane-kable-100w-2\/#primaryimage\"},\"image\":{\"@id\":\"https:\/\/ironsky.pl\/sklep\/produkt\/powerbank-ecoflow-rapid-25000mah-170w-wbudowane-kable-100w-2\/#primaryimage\"},\"thumbnailUrl\":\"https:\/\/ironsky.pl\/sklep\/wp-content\/uploads\/2025\/10\/54825_1.jpg\",\"datePublished\":\"2026-04-15T09:09:56+00:00\",\"dateModified\":\"2026-04-15T09:10:12+00:00\",\"description\":\"Powerbank ECOFLOW RAPID 25000mAh 170W wbudowane kable 100W - \u2705 sklep z dronami i fachowym doradztwem. \u2705 Tutaj kupisz produkty DJI, Yuneec, Parrot, Syma i wiele innych, a tak\u017ce kursy i licencje na operatora drona.\",\"breadcrumb\":{\"@id\":\"https:\/\/ironsky.pl\/sklep\/produkt\/powerbank-ecoflow-rapid-25000mah-170w-wbudowane-kable-100w-2\/#breadcrumb\"},\"inLanguage\":\"pl-PL\",\"potentialAction\":[{\"@type\":\"ReadAction\",\"target\":[\"https:\/\/ironsky.pl\/sklep\/produkt\/powerbank-ecoflow-rapid-25000mah-170w-wbudowane-kable-100w-2\/\"]}]},{\"@type\":\"ImageObject\",\"inLanguage\":\"pl-PL\",\"@id\":\"https:\/\/ironsky.pl\/sklep\/produkt\/powerbank-ecoflow-rapid-25000mah-170w-wbudowane-kable-100w-2\/#primaryimage\",\"url\":\"https:\/\/ironsky.pl\/sklep\/wp-content\/uploads\/2025\/10\/54825_1.jpg\",\"contentUrl\":\"https:\/\/ironsky.pl\/sklep\/wp-content\/uploads\/2025\/10\/54825_1.jpg\",\"width\":800,\"height\":800},{\"@type\":\"BreadcrumbList\",\"@id\":\"https:\/\/ironsky.pl\/sklep\/produkt\/powerbank-ecoflow-rapid-25000mah-170w-wbudowane-kable-100w-2\/#breadcrumb\",\"itemListElement\":[{\"@type\":\"ListItem\",\"position\":1,\"name\":\"Strona g\u0142\u00f3wna\",\"item\":\"https:\/\/ironsky.pl\/sklep\/\"},{\"@type\":\"ListItem\",\"position\":2,\"name\":\"Wszystkie produkty\",\"item\":\"https:\/\/ironsky.pl\/sklep\/produkty\/\"},{\"@type\":\"ListItem\",\"position\":3,\"name\":\"Powerbank ECOFLOW RAPID 25000mAh 170W wbudowane kable 100W\"}]},{\"@type\":\"WebSite\",\"@id\":\"https:\/\/ironsky.pl\/sklep\/#website\",\"url\":\"https:\/\/ironsky.pl\/sklep\/\",\"name\":\"IRONSKY.PL Sklep z Dronami\",\"description\":\"IRONSKY.PL Sklep z Dronami\",\"potentialAction\":[{\"@type\":\"SearchAction\",\"target\":{\"@type\":\"EntryPoint\",\"urlTemplate\":\"https:\/\/ironsky.pl\/sklep\/?s={search_term_string}\"},\"query-input\":{\"@type\":\"PropertyValueSpecification\",\"valueRequired\":true,\"valueName\":\"search_term_string\"}}],\"inLanguage\":\"pl-PL\"}]}<\/script>\n<!-- \/ Yoast SEO plugin. -->","yoast_head_json":{"title":"Powerbank ECOFLOW RAPID 25000mAh 170W wbudowane kable 100W - IRONSKY.PL Sklep z Dronami","description":"Powerbank ECOFLOW RAPID 25000mAh 170W wbudowane kable 100W - \u2705 sklep z dronami i fachowym doradztwem. \u2705 Tutaj kupisz produkty DJI, Yuneec, Parrot, Syma i wiele innych, a tak\u017ce kursy i licencje na operatora drona.","robots":{"index":"index","follow":"follow","max-snippet":"max-snippet:-1","max-image-preview":"max-image-preview:large","max-video-preview":"max-video-preview:-1"},"canonical":"https:\/\/ironsky.pl\/sklep\/produkt\/powerbank-ecoflow-rapid-25000mah-170w-wbudowane-kable-100w-2\/","og_locale":"pl_PL","og_type":"article","og_title":"Powerbank ECOFLOW RAPID 25000mAh 170W wbudowane kable 100W - IRONSKY.PL Sklep z Dronami","og_description":"Powerbank ECOFLOW RAPID 25000mAh 170W wbudowane kable 100W - \u2705 sklep z dronami i fachowym doradztwem. \u2705 Tutaj kupisz produkty DJI, Yuneec, Parrot, Syma i wiele innych, a tak\u017ce kursy i licencje na operatora drona.","og_url":"https:\/\/ironsky.pl\/sklep\/produkt\/powerbank-ecoflow-rapid-25000mah-170w-wbudowane-kable-100w-2\/","og_site_name":"IRONSKY.PL Sklep z Dronami","article_modified_time":"2026-04-15T09:10:12+00:00","og_image":[{"width":800,"height":800,"url":"https:\/\/ironsky.pl\/sklep\/wp-content\/uploads\/2025\/10\/54825_1.jpg","type":"image\/jpeg"}],"twitter_card":"summary_large_image","twitter_misc":{"Szacowany czas czytania":"3 minuty"},"schema":{"@context":"https:\/\/schema.org","@graph":[{"@type":"WebPage","@id":"https:\/\/ironsky.pl\/sklep\/produkt\/powerbank-ecoflow-rapid-25000mah-170w-wbudowane-kable-100w-2\/","url":"https:\/\/ironsky.pl\/sklep\/produkt\/powerbank-ecoflow-rapid-25000mah-170w-wbudowane-kable-100w-2\/","name":"Powerbank ECOFLOW RAPID 25000mAh 170W wbudowane kable 100W - IRONSKY.PL Sklep z Dronami","isPartOf":{"@id":"https:\/\/ironsky.pl\/sklep\/#website"},"primaryImageOfPage":{"@id":"https:\/\/ironsky.pl\/sklep\/produkt\/powerbank-ecoflow-rapid-25000mah-170w-wbudowane-kable-100w-2\/#primaryimage"},"image":{"@id":"https:\/\/ironsky.pl\/sklep\/produkt\/powerbank-ecoflow-rapid-25000mah-170w-wbudowane-kable-100w-2\/#primaryimage"},"thumbnailUrl":"https:\/\/ironsky.pl\/sklep\/wp-content\/uploads\/2025\/10\/54825_1.jpg","datePublished":"2026-04-15T09:09:56+00:00","dateModified":"2026-04-15T09:10:12+00:00","description":"Powerbank ECOFLOW RAPID 25000mAh 170W wbudowane kable 100W - \u2705 sklep z dronami i fachowym doradztwem. \u2705 Tutaj kupisz produkty DJI, Yuneec, Parrot, Syma i wiele innych, a tak\u017ce kursy i licencje na operatora drona.","breadcrumb":{"@id":"https:\/\/ironsky.pl\/sklep\/produkt\/powerbank-ecoflow-rapid-25000mah-170w-wbudowane-kable-100w-2\/#breadcrumb"},"inLanguage":"pl-PL","potentialAction":[{"@type":"ReadAction","target":["https:\/\/ironsky.pl\/sklep\/produkt\/powerbank-ecoflow-rapid-25000mah-170w-wbudowane-kable-100w-2\/"]}]},{"@type":"ImageObject","inLanguage":"pl-PL","@id":"https:\/\/ironsky.pl\/sklep\/produkt\/powerbank-ecoflow-rapid-25000mah-170w-wbudowane-kable-100w-2\/#primaryimage","url":"https:\/\/ironsky.pl\/sklep\/wp-content\/uploads\/2025\/10\/54825_1.jpg","contentUrl":"https:\/\/ironsky.pl\/sklep\/wp-content\/uploads\/2025\/10\/54825_1.jpg","width":800,"height":800},{"@type":"BreadcrumbList","@id":"https:\/\/ironsky.pl\/sklep\/produkt\/powerbank-ecoflow-rapid-25000mah-170w-wbudowane-kable-100w-2\/#breadcrumb","itemListElement":[{"@type":"ListItem","position":1,"name":"Strona g\u0142\u00f3wna","item":"https:\/\/ironsky.pl\/sklep\/"},{"@type":"ListItem","position":2,"name":"Wszystkie produkty","item":"https:\/\/ironsky.pl\/sklep\/produkty\/"},{"@type":"ListItem","position":3,"name":"Powerbank ECOFLOW RAPID 25000mAh 170W wbudowane kable 100W"}]},{"@type":"WebSite","@id":"https:\/\/ironsky.pl\/sklep\/#website","url":"https:\/\/ironsky.pl\/sklep\/","name":"IRONSKY.PL Sklep z Dronami","description":"IRONSKY.PL Sklep z Dronami","potentialAction":[{"@type":"SearchAction","target":{"@type":"EntryPoint","urlTemplate":"https:\/\/ironsky.pl\/sklep\/?s={search_term_string}"},"query-input":{"@type":"PropertyValueSpecification","valueRequired":true,"valueName":"search_term_string"}}],"inLanguage":"pl-PL"}]}},"_links":{"self":[{"href":"https:\/\/ironsky.pl\/sklep\/wp-json\/wp\/v2\/product\/60899","targetHints":{"allow":["GET"]}}],"collection":[{"href":"https:\/\/ironsky.pl\/sklep\/wp-json\/wp\/v2\/product"}],"about":[{"href":"https:\/\/ironsky.pl\/sklep\/wp-json\/wp\/v2\/types\/product"}],"replies":[{"embeddable":true,"href":"https:\/\/ironsky.pl\/sklep\/wp-json\/wp\/v2\/comments?post=60899"}],"wp:featuredmedia":[{"embeddable":true,"href":"https:\/\/ironsky.pl\/sklep\/wp-json\/wp\/v2\/media\/50072"}],"wp:attachment":[{"href":"https:\/\/ironsky.pl\/sklep\/wp-json\/wp\/v2\/media?parent=60899"}],"wp:term":[{"taxonomy":"product_brand","embeddable":true,"href":"https:\/\/ironsky.pl\/sklep\/wp-json\/wp\/v2\/product_brand?post=60899"},{"taxonomy":"product_cat","embeddable":true,"href":"https:\/\/ironsky.pl\/sklep\/wp-json\/wp\/v2\/product_cat?post=60899"},{"taxonomy":"product_tag","embeddable":true,"href":"https:\/\/ironsky.pl\/sklep\/wp-json\/wp\/v2\/product_tag?post=60899"}],"curies":[{"name":"wp","href":"https:\/\/api.w.org\/{rel}","templated":true}]}}