{"id":60895,"date":"2026-04-15T11:09:56","date_gmt":"2026-04-15T09:09:56","guid":{"rendered":"https:\/\/ironsky.pl\/sklep\/produkt\/powerbank-ecoflow-rapid-pro-x-27650-300w\/"},"modified":"2026-04-21T10:15:16","modified_gmt":"2026-04-21T08:15:16","slug":"powerbank-ecoflow-rapid-pro-x-27650-300w","status":"publish","type":"product","link":"https:\/\/ironsky.pl\/sklep\/produkt\/powerbank-ecoflow-rapid-pro-x-27650-300w\/","title":{"rendered":"Powerbank EcoFlow RAPID Pro X 27650 300W"},"content":{"rendered":"<h3>Powerbank EcoFlow RAPID Pro X 27650 300W<\/h3>\n<p>EcoFlow RAPID Pro to powerbank stworzony z my\u015bl\u0105 o u\u017cytkownikach, kt\u00f3rzy potrzebuj\u0105 niezawodnego \u017ar\u00f3d\u0142a energii do pracy i podr\u00f3\u017cy. Z pojemno\u015bci\u0105 27 650 mAh (99,54 Wh) produkt jest przyjazny dla linii lotniczych i bez problemu mie\u015bci si\u0119 w bocznej kieszeni plecaka. Mimo niewielkich rozmiar\u00f3w oferuje ogromne mo\u017cliwo\u015bci \u0142adowania \u2013 od smartfona, przez laptopa, po konsol\u0119.<\/p>\n<p>\n<img decoding=\"async\" src=\"https:\/\/assets.innpro.pl\/17962\/23820\/1.jpg\" border=\"0\" alt=\"M\u0119\u017cczyzna siedzi przy biurku i rysuje na tablecie. Obok znajduj\u0105 si\u0119 laptop, smartfon i s\u0142uchawk pod\u0142\u0105czone do powerbanka ze stacj\u0105.\" \/>\n<\/p>\n<h3>\u0141adowanie wielu urz\u0105dze\u0144 jednocze\u015bnie<\/h3>\n<p>RAPID Pro umo\u017cliwia \u0142adowanie a\u017c czterech urz\u0105dze\u0144 jednocze\u015bnie z \u0142\u0105czn\u0105 moc\u0105 do 300 W, przy czym jedno z wyj\u015b\u0107 USB-C (Universal Serial Bus, uniwersalne z\u0142\u0105cze do przesy\u0142ania danych i zasilania)\u00a0 (C1) obs\u0142uguje szybkie \u0142adowanie 140 W. Dzi\u0119ki temu bez problemu na\u0142adujesz swojego laptopa lub inne sprz\u0119ty wymagaj\u0105ce du\u017cej mocy.<\/p>\n<p>\n<img decoding=\"async\" src=\"https:\/\/assets.innpro.pl\/17962\/23820\/10.jpg\" border=\"0\" alt=\"M\u0119\u017cczyzna w okularach pracuje przy laptopie. Obok na biurku do powerbanka ze stacj\u0105 pod\u0142\u0105czono konsol\u0119, tablet, smartfon i s\u0142uchawki bezprzewodowe.\" \/>\n<\/p>\n<h3>Najszybsze \u0142adowanie<\/h3>\n<p>Dzi\u0119ki innowacyjnej konstrukcji i zaawansowanym rozwi\u0105zaniom RAPID Pro osi\u0105ga 80% na\u0142adowania w zaledwie 20 minut (przy u\u017cyciu Pogo Pin + USB-C o mocy 320 W). Dla por\u00f3wnania: \u0142adowanie przez jeden port 140 W zajmuje 40 minut, a przez dwa porty (280 W) \u2013 tylko 26 minut.<\/p>\n<p>\n<img decoding=\"async\" src=\"https:\/\/assets.innpro.pl\/17962\/23820\/3.jpg\" border=\"0\" alt=\"Powerbank EcoFlow umieszczony w stacji \u0142adowania z wy\u015bwietlaczem.\" \/>\n<\/p>\n<h3>Pe\u0142na kontrola<\/h3>\n<p>Powerbank oferuje czytelny ekran LCD (Liquid Crystal Display, wy\u015bwietlacz ciek\u0142okrystaliczny) oraz integracj\u0119 z aplikacj\u0105 EcoFlow App, kt\u00f3ra pozwala monitorowa\u0107 stan akumulatora, ustawia\u0107 limity \u0142adowania i temperatury oraz optymalizowa\u0107 prac\u0119 akumulatora. Tryb Battery Optimization wyd\u0142u\u017ca \u017cywotno\u015b\u0107 zar\u00f3wno powerbanka, jak i pod\u0142\u0105czonych urz\u0105dze\u0144.<\/p>\n<p>\n<img decoding=\"async\" src=\"https:\/\/assets.innpro.pl\/17962\/23820\/11.jpg\" border=\"0\" alt=\"Zbli\u017cenie na wy\u015bwietlacz powerbanka z poziomem energii 89%.\" \/>\n<\/p>\n<h3>Zaawansowane bezpiecze\u0144stwo<\/h3>\n<p>Zastosowany uk\u0142ad X-Core (X-Core, autorski uk\u0142ad zarz\u0105dzania zasilaniem firmy EcoFlow) 3.0 w po\u0142\u0105czeniu z systemem X-Guard (X-Guard, system ochrony termicznej i przeci\u0105\u017ceniowej firmy EcoFlow) stale monitoruje prac\u0119 powerbanka i automatycznie dostosowuje parametry, by unikn\u0105\u0107 przegrzania. Inteligentne systemy BMS (Battery Management System, system zarz\u0105dzania bateri\u0105) i EMS (Energy Management System, system zarz\u0105dzania energi\u0105) reaguj\u0105 nawet 10 milion\u00f3w razy dziennie, co gwarantuje pe\u0142ne bezpiecze\u0144stwo u\u017cytkowania.<\/p>\n<p>\n<img decoding=\"async\" src=\"https:\/\/assets.innpro.pl\/17962\/23820\/5.jpg\" border=\"0\" alt=\"Powerbank EcoFlow, do kt\u00f3rego pod\u0142\u0105czono 2 laptopy, smartfon i s\u0142uchawki bezprzewodowe.\" \/>\n<\/p>\n<h3>Niezawodny nawet w niskich temperaturach<\/h3>\n<p>Ogniwa X-VELO wykonane w technologii wielobiegunowej z dodatkiem krzemu i w\u0119gla charakteryzuj\u0105 si\u0119 wysok\u0105 g\u0119sto\u015bci\u0105 energii i odporno\u015bci\u0105 na ekstremalne warunki. RAPID Pro mo\u017ce pracowa\u0107 nawet przy -20\u00b0C, co czyni go idealnym wyborem tak\u017ce do pracy w terenie lub w ch\u0142odnym klimacie.<\/p>\n<p>\n<img decoding=\"async\" src=\"https:\/\/assets.innpro.pl\/17962\/23820\/6.jpg\" border=\"0\" alt=\"M\u0119\u017cczyzna siedzi przy stoliku nad morzem. Obok niego znajduj\u0105 si\u0119 r\u00f3\u017cne sprz\u0119ty, w tym powerbank, dron, laptop i smartfon.\" \/>\n<\/p>\n<h3>W zestawie<\/h3>\n<ul class=\"list-disc pl-5\">\n<li>Powerbank EcoFlow RAPID Pro<\/li>\n<li>Flanelowy pokrowiec<\/li>\n<li>Modu\u0142 z kablem<\/li>\n<li>Instrukcja obs\u0142ugi<\/li>\n<\/ul>\n<div class=\"table-wrapper\">\n<p>\u00a0<\/p>\n<h3><\/h3>\n<table>\n<tbody>\n<tr>\n<th>Producent<\/th>\n<td>EcoFlow<\/td>\n<\/tr>\n<tr>\n<th>Model<\/th>\n<td>RAPID Pro X<\/td>\n<\/tr>\n<tr>\n<th>Pojemno\u015b\u0107<\/th>\n<td>27 650 mAh \/ 99,54 Wh<\/td>\n<\/tr>\n<tr>\n<th>Napi\u0119cie nominalne<\/th>\n<td>25,2 V<\/td>\n<\/tr>\n<tr>\n<th>Ogniwa<\/th>\n<td>Ternary Lithium (7S1P)<\/td>\n<\/tr>\n<tr>\n<th>Typ ogniwa<\/th>\n<td>104161<\/td>\n<\/tr>\n<tr>\n<th>Cykl \u017cycia<\/th>\n<td>300 cykli do 80%<\/td>\n<\/tr>\n<tr>\n<th>\u0141\u0105czna moc wyj\u015bciowa<\/th>\n<td>do 300 W (3x USB-C + 1 kabel)<\/td>\n<\/tr>\n<tr>\n<th>Pojedyncze wyj\u015bcie USB-C (C1)<\/th>\n<td>140 W (dwukierunkowe)<\/td>\n<\/tr>\n<tr>\n<th>C2\/C3<\/th>\n<td>65 W<\/td>\n<\/tr>\n<tr>\n<th>Wej\u015bcie \u0142adowania<\/th>\n<td>140 W (1 port): 0\u201380% w 40 min; 280 W (2 porty): 0\u201380% w 26 min; 320 W (USB-C + Pogo Pin): 0\u201380% w 20 min<\/td>\n<\/tr>\n<tr>\n<th>Wy\u015bwietlacz<\/th>\n<td>LCD<\/td>\n<\/tr>\n<tr>\n<th>Aplikacja mobilna<\/th>\n<td>EcoFlow<\/td>\n<\/tr>\n<tr>\n<th>Obudowa<\/th>\n<td>Ogniotrwa\u0142a<\/td>\n<\/tr>\n<tr>\n<th>Odporno\u015b\u0107 na upadek<\/th>\n<td>do 1 m<\/td>\n<\/tr>\n<tr>\n<th>Wodoodporno\u015b\u0107<\/th>\n<td>Brak<\/td>\n<\/tr>\n<tr>\n<th>Temperatura pracy<\/th>\n<td>\u0141adowanie: 20\u00b0C \u2013 30\u00b0C; Roz\u0142adowanie: 0\u00b0C \u2013 45\u00b0C; Przechowywanie: -10\u00b0C \u2013 45\u00b0C<\/td>\n<\/tr>\n<tr>\n<th>Wymiary<\/th>\n<td>Powerbank: 56,51 \u00d7 63,95 \u00d7 151,98 mm; Modu\u0142 z kablem: 23,5 \u00d7 55,72 \u00d7 64,03 mm<\/td>\n<\/tr>\n<tr>\n<th>Waga<\/th>\n<td>Powerbank: 700 g; Modu\u0142 z kablem: 92,2 g<\/td>\n<\/tr>\n<tr>\n<th>D\u0142ugo\u015b\u0107 przewodu<\/th>\n<td>60 cm<\/td>\n<\/tr>\n<tr>\n<th>Kolor<\/th>\n<td>Srebrny<\/td>\n<\/tr>\n<tr><\/tr>\n<\/tbody>\n<\/table>\n<\/div>\n","protected":false},"excerpt":{"rendered":"<p>Powerbank EcoFlow RAPID Pro X 27650 300W EcoFlow RAPID Pro to powerbank stworzony z my\u015bl\u0105 o u\u017cytkownikach, kt\u00f3rzy potrzebuj\u0105 niezawodnego<\/p>\n","protected":false},"featured_media":60896,"comment_status":"closed","ping_status":"open","template":"","meta":{"_acf_changed":false},"product_brand":[],"product_cat":[1108,1113],"product_tag":[],"class_list":{"0":"post-60895","1":"product","2":"type-product","3":"status-publish","4":"has-post-thumbnail","6":"product_cat-energia","7":"product_cat-powerbanki","8":"pa_okres-gwarancji-5757","9":"pa_producent-ecoflow","11":"first","12":"instock","13":"taxable","14":"shipping-taxable","15":"purchasable","16":"product-type-simple"},"acf":[],"yoast_head":"<!-- This site is optimized with the Yoast SEO plugin v27.2 - https:\/\/yoast.com\/product\/yoast-seo-wordpress\/ -->\n<title>Powerbank EcoFlow RAPID Pro X 27650 300W - IRONSKY.PL Sklep z Dronami<\/title>\n<meta name=\"description\" content=\"Powerbank EcoFlow RAPID Pro X 27650 300W - \u2705 sklep z dronami i fachowym doradztwem. \u2705 Tutaj kupisz produkty DJI, Yuneec, Parrot, Syma i wiele innych, a tak\u017ce kursy i licencje na operatora drona.\" \/>\n<meta name=\"robots\" content=\"index, follow, max-snippet:-1, max-image-preview:large, max-video-preview:-1\" \/>\n<link rel=\"canonical\" href=\"https:\/\/ironsky.pl\/sklep\/produkt\/powerbank-ecoflow-rapid-pro-x-27650-300w\/\" \/>\n<meta property=\"og:locale\" content=\"pl_PL\" \/>\n<meta property=\"og:type\" content=\"article\" \/>\n<meta property=\"og:title\" content=\"Powerbank EcoFlow RAPID Pro X 27650 300W - IRONSKY.PL Sklep z Dronami\" \/>\n<meta property=\"og:description\" content=\"Powerbank EcoFlow RAPID Pro X 27650 300W - \u2705 sklep z dronami i fachowym doradztwem. \u2705 Tutaj kupisz produkty DJI, Yuneec, Parrot, Syma i wiele innych, a tak\u017ce kursy i licencje na operatora drona.\" \/>\n<meta property=\"og:url\" content=\"https:\/\/ironsky.pl\/sklep\/produkt\/powerbank-ecoflow-rapid-pro-x-27650-300w\/\" \/>\n<meta property=\"og:site_name\" content=\"IRONSKY.PL Sklep z Dronami\" \/>\n<meta property=\"article:modified_time\" content=\"2026-04-21T08:15:16+00:00\" \/>\n<meta property=\"og:image\" content=\"https:\/\/ironsky.pl\/sklep\/wp-content\/uploads\/2026\/04\/54824_1.jpg\" \/>\n\t<meta property=\"og:image:width\" content=\"800\" \/>\n\t<meta property=\"og:image:height\" content=\"800\" \/>\n\t<meta property=\"og:image:type\" content=\"image\/jpeg\" \/>\n<meta name=\"twitter:card\" content=\"summary_large_image\" \/>\n<meta name=\"twitter:label1\" content=\"Szacowany czas czytania\" \/>\n\t<meta name=\"twitter:data1\" content=\"2 minuty\" \/>\n<script type=\"application\/ld+json\" class=\"yoast-schema-graph\">{\"@context\":\"https:\/\/schema.org\",\"@graph\":[{\"@type\":\"WebPage\",\"@id\":\"https:\/\/ironsky.pl\/sklep\/produkt\/powerbank-ecoflow-rapid-pro-x-27650-300w\/\",\"url\":\"https:\/\/ironsky.pl\/sklep\/produkt\/powerbank-ecoflow-rapid-pro-x-27650-300w\/\",\"name\":\"Powerbank EcoFlow RAPID Pro X 27650 300W - IRONSKY.PL Sklep z Dronami\",\"isPartOf\":{\"@id\":\"https:\/\/ironsky.pl\/sklep\/#website\"},\"primaryImageOfPage\":{\"@id\":\"https:\/\/ironsky.pl\/sklep\/produkt\/powerbank-ecoflow-rapid-pro-x-27650-300w\/#primaryimage\"},\"image\":{\"@id\":\"https:\/\/ironsky.pl\/sklep\/produkt\/powerbank-ecoflow-rapid-pro-x-27650-300w\/#primaryimage\"},\"thumbnailUrl\":\"https:\/\/ironsky.pl\/sklep\/wp-content\/uploads\/2026\/04\/54824_1.jpg\",\"datePublished\":\"2026-04-15T09:09:56+00:00\",\"dateModified\":\"2026-04-21T08:15:16+00:00\",\"description\":\"Powerbank EcoFlow RAPID Pro X 27650 300W - \u2705 sklep z dronami i fachowym doradztwem. \u2705 Tutaj kupisz produkty DJI, Yuneec, Parrot, Syma i wiele innych, a tak\u017ce kursy i licencje na operatora drona.\",\"breadcrumb\":{\"@id\":\"https:\/\/ironsky.pl\/sklep\/produkt\/powerbank-ecoflow-rapid-pro-x-27650-300w\/#breadcrumb\"},\"inLanguage\":\"pl-PL\",\"potentialAction\":[{\"@type\":\"ReadAction\",\"target\":[\"https:\/\/ironsky.pl\/sklep\/produkt\/powerbank-ecoflow-rapid-pro-x-27650-300w\/\"]}]},{\"@type\":\"ImageObject\",\"inLanguage\":\"pl-PL\",\"@id\":\"https:\/\/ironsky.pl\/sklep\/produkt\/powerbank-ecoflow-rapid-pro-x-27650-300w\/#primaryimage\",\"url\":\"https:\/\/ironsky.pl\/sklep\/wp-content\/uploads\/2026\/04\/54824_1.jpg\",\"contentUrl\":\"https:\/\/ironsky.pl\/sklep\/wp-content\/uploads\/2026\/04\/54824_1.jpg\",\"width\":800,\"height\":800},{\"@type\":\"BreadcrumbList\",\"@id\":\"https:\/\/ironsky.pl\/sklep\/produkt\/powerbank-ecoflow-rapid-pro-x-27650-300w\/#breadcrumb\",\"itemListElement\":[{\"@type\":\"ListItem\",\"position\":1,\"name\":\"Strona g\u0142\u00f3wna\",\"item\":\"https:\/\/ironsky.pl\/sklep\/\"},{\"@type\":\"ListItem\",\"position\":2,\"name\":\"Wszystkie produkty\",\"item\":\"https:\/\/ironsky.pl\/sklep\/produkty\/\"},{\"@type\":\"ListItem\",\"position\":3,\"name\":\"Powerbank EcoFlow RAPID Pro X 27650 300W\"}]},{\"@type\":\"WebSite\",\"@id\":\"https:\/\/ironsky.pl\/sklep\/#website\",\"url\":\"https:\/\/ironsky.pl\/sklep\/\",\"name\":\"IRONSKY.PL Sklep z Dronami\",\"description\":\"IRONSKY.PL Sklep z Dronami\",\"potentialAction\":[{\"@type\":\"SearchAction\",\"target\":{\"@type\":\"EntryPoint\",\"urlTemplate\":\"https:\/\/ironsky.pl\/sklep\/?s={search_term_string}\"},\"query-input\":{\"@type\":\"PropertyValueSpecification\",\"valueRequired\":true,\"valueName\":\"search_term_string\"}}],\"inLanguage\":\"pl-PL\"}]}<\/script>\n<!-- \/ Yoast SEO plugin. -->","yoast_head_json":{"title":"Powerbank EcoFlow RAPID Pro X 27650 300W - IRONSKY.PL Sklep z Dronami","description":"Powerbank EcoFlow RAPID Pro X 27650 300W - \u2705 sklep z dronami i fachowym doradztwem. \u2705 Tutaj kupisz produkty DJI, Yuneec, Parrot, Syma i wiele innych, a tak\u017ce kursy i licencje na operatora drona.","robots":{"index":"index","follow":"follow","max-snippet":"max-snippet:-1","max-image-preview":"max-image-preview:large","max-video-preview":"max-video-preview:-1"},"canonical":"https:\/\/ironsky.pl\/sklep\/produkt\/powerbank-ecoflow-rapid-pro-x-27650-300w\/","og_locale":"pl_PL","og_type":"article","og_title":"Powerbank EcoFlow RAPID Pro X 27650 300W - IRONSKY.PL Sklep z Dronami","og_description":"Powerbank EcoFlow RAPID Pro X 27650 300W - \u2705 sklep z dronami i fachowym doradztwem. \u2705 Tutaj kupisz produkty DJI, Yuneec, Parrot, Syma i wiele innych, a tak\u017ce kursy i licencje na operatora drona.","og_url":"https:\/\/ironsky.pl\/sklep\/produkt\/powerbank-ecoflow-rapid-pro-x-27650-300w\/","og_site_name":"IRONSKY.PL Sklep z Dronami","article_modified_time":"2026-04-21T08:15:16+00:00","og_image":[{"width":800,"height":800,"url":"https:\/\/ironsky.pl\/sklep\/wp-content\/uploads\/2026\/04\/54824_1.jpg","type":"image\/jpeg"}],"twitter_card":"summary_large_image","twitter_misc":{"Szacowany czas czytania":"2 minuty"},"schema":{"@context":"https:\/\/schema.org","@graph":[{"@type":"WebPage","@id":"https:\/\/ironsky.pl\/sklep\/produkt\/powerbank-ecoflow-rapid-pro-x-27650-300w\/","url":"https:\/\/ironsky.pl\/sklep\/produkt\/powerbank-ecoflow-rapid-pro-x-27650-300w\/","name":"Powerbank EcoFlow RAPID Pro X 27650 300W - IRONSKY.PL Sklep z Dronami","isPartOf":{"@id":"https:\/\/ironsky.pl\/sklep\/#website"},"primaryImageOfPage":{"@id":"https:\/\/ironsky.pl\/sklep\/produkt\/powerbank-ecoflow-rapid-pro-x-27650-300w\/#primaryimage"},"image":{"@id":"https:\/\/ironsky.pl\/sklep\/produkt\/powerbank-ecoflow-rapid-pro-x-27650-300w\/#primaryimage"},"thumbnailUrl":"https:\/\/ironsky.pl\/sklep\/wp-content\/uploads\/2026\/04\/54824_1.jpg","datePublished":"2026-04-15T09:09:56+00:00","dateModified":"2026-04-21T08:15:16+00:00","description":"Powerbank EcoFlow RAPID Pro X 27650 300W - \u2705 sklep z dronami i fachowym doradztwem. \u2705 Tutaj kupisz produkty DJI, Yuneec, Parrot, Syma i wiele innych, a tak\u017ce kursy i licencje na operatora drona.","breadcrumb":{"@id":"https:\/\/ironsky.pl\/sklep\/produkt\/powerbank-ecoflow-rapid-pro-x-27650-300w\/#breadcrumb"},"inLanguage":"pl-PL","potentialAction":[{"@type":"ReadAction","target":["https:\/\/ironsky.pl\/sklep\/produkt\/powerbank-ecoflow-rapid-pro-x-27650-300w\/"]}]},{"@type":"ImageObject","inLanguage":"pl-PL","@id":"https:\/\/ironsky.pl\/sklep\/produkt\/powerbank-ecoflow-rapid-pro-x-27650-300w\/#primaryimage","url":"https:\/\/ironsky.pl\/sklep\/wp-content\/uploads\/2026\/04\/54824_1.jpg","contentUrl":"https:\/\/ironsky.pl\/sklep\/wp-content\/uploads\/2026\/04\/54824_1.jpg","width":800,"height":800},{"@type":"BreadcrumbList","@id":"https:\/\/ironsky.pl\/sklep\/produkt\/powerbank-ecoflow-rapid-pro-x-27650-300w\/#breadcrumb","itemListElement":[{"@type":"ListItem","position":1,"name":"Strona g\u0142\u00f3wna","item":"https:\/\/ironsky.pl\/sklep\/"},{"@type":"ListItem","position":2,"name":"Wszystkie produkty","item":"https:\/\/ironsky.pl\/sklep\/produkty\/"},{"@type":"ListItem","position":3,"name":"Powerbank EcoFlow RAPID Pro X 27650 300W"}]},{"@type":"WebSite","@id":"https:\/\/ironsky.pl\/sklep\/#website","url":"https:\/\/ironsky.pl\/sklep\/","name":"IRONSKY.PL Sklep z Dronami","description":"IRONSKY.PL Sklep z Dronami","potentialAction":[{"@type":"SearchAction","target":{"@type":"EntryPoint","urlTemplate":"https:\/\/ironsky.pl\/sklep\/?s={search_term_string}"},"query-input":{"@type":"PropertyValueSpecification","valueRequired":true,"valueName":"search_term_string"}}],"inLanguage":"pl-PL"}]}},"_links":{"self":[{"href":"https:\/\/ironsky.pl\/sklep\/wp-json\/wp\/v2\/product\/60895","targetHints":{"allow":["GET"]}}],"collection":[{"href":"https:\/\/ironsky.pl\/sklep\/wp-json\/wp\/v2\/product"}],"about":[{"href":"https:\/\/ironsky.pl\/sklep\/wp-json\/wp\/v2\/types\/product"}],"replies":[{"embeddable":true,"href":"https:\/\/ironsky.pl\/sklep\/wp-json\/wp\/v2\/comments?post=60895"}],"wp:featuredmedia":[{"embeddable":true,"href":"https:\/\/ironsky.pl\/sklep\/wp-json\/wp\/v2\/media\/60896"}],"wp:attachment":[{"href":"https:\/\/ironsky.pl\/sklep\/wp-json\/wp\/v2\/media?parent=60895"}],"wp:term":[{"taxonomy":"product_brand","embeddable":true,"href":"https:\/\/ironsky.pl\/sklep\/wp-json\/wp\/v2\/product_brand?post=60895"},{"taxonomy":"product_cat","embeddable":true,"href":"https:\/\/ironsky.pl\/sklep\/wp-json\/wp\/v2\/product_cat?post=60895"},{"taxonomy":"product_tag","embeddable":true,"href":"https:\/\/ironsky.pl\/sklep\/wp-json\/wp\/v2\/product_tag?post=60895"}],"curies":[{"name":"wp","href":"https:\/\/api.w.org\/{rel}","templated":true}]}}