{"id":60894,"date":"2026-04-15T11:09:56","date_gmt":"2026-04-15T09:09:56","guid":{"rendered":"https:\/\/ironsky.pl\/sklep\/produkt\/powerbank-ecoflow-rapid-pro-20000mah-230w\/"},"modified":"2026-04-15T11:10:09","modified_gmt":"2026-04-15T09:10:09","slug":"powerbank-ecoflow-rapid-pro-20000mah-230w","status":"publish","type":"product","link":"https:\/\/ironsky.pl\/sklep\/produkt\/powerbank-ecoflow-rapid-pro-20000mah-230w\/","title":{"rendered":"Powerbank ECOFLOW RAPID Pro 20000mAh 230W"},"content":{"rendered":"<h3>Powerbank EcoFlow RAPID Pro 20000 230W (wbudowany kabel 100W)<\/h3>\n<p>EcoFlow RAPID Pro to wydajny powerbank zaprojektowany z my\u015bl\u0105 o intensywnym u\u017cytkowaniu w terenie, podr\u00f3\u017cy i codziennej pracy. Z pojemno\u015bci\u0105 ca\u0142kowit\u0105 20 000 mAh (72 Wh), 3 portami USB-C (Universal Serial Bus, uniwersalne z\u0142\u0105cze do przesy\u0142ania danych i zasilania) oraz wbudowanym kablem (100 W), oferuje maksymaln\u0105 elastyczno\u015b\u0107 i szybko\u015b\u0107 \u0142adowania. Jego kompaktowe rozmiary (145 \u00d7 55 \u00d7 56 mm) i ergonomiczna konstrukcja sprawiaj\u0105, \u017ce z \u0142atwo\u015bci\u0105 mie\u015bci si\u0119 mp. w bocznej kieszeni plecaka, a odporno\u015b\u0107 na upadki i ogie\u0144 czyni go idealnym towarzyszem w r\u00f3\u017cnych warunkach.<\/p>\n<p>\n<img decoding=\"async\" src=\"https:\/\/assets.innpro.pl\/17968\/23827\/6.jpg\" border=\"0\" alt=\"M\u0119\u017cczyzna siedzi w poci\u0105gu i rozmawia przez telefon. Obok na stoliku le\u017cy laptop pod\u0142\u0105czony do powerbanka z wy\u015bwietlaczem.\" \/>\n<\/p>\n<h3>\u0141adowanie kilku urz\u0105dze\u0144 jednocze\u015bnie \u2013 do 230 W<\/h3>\n<p>Dzi\u0119ki 3 wyj\u015bciom USB-C i kablowi USB-C RAPID Pro pozwala na r\u00f3wnoczesne \u0142adowanie nawet czterech urz\u0105dze\u0144 z pe\u0142n\u0105 moc\u0105 \u2013 np. dw\u00f3ch laptop\u00f3w, smartfona i tabletu. Ca\u0142kowita moc wyj\u015bciowa wynosi a\u017c 230 W, co pozwala na szybkie \u0142adowanie MacBook\u00f3w Pro, Steam Decka, iPhone\u2019\u00f3w czy innych urz\u0105dze\u0144 mobilnych. Wbudowany kabel wspiera dwukierunkowe szybkie \u0142adowanie do 100 W, a dwa dodatkowe porty oferuj\u0105 moc 65 W.<\/p>\n<p>\n<img decoding=\"async\" src=\"https:\/\/assets.innpro.pl\/17968\/23827\/11.jpg\" border=\"0\" alt=\"Powerbank EcoFlow pod\u0142\u0105czony do 2 laptop\u00f3w, smartfona i s\u0142uchawek TWS.\" \/>\n<\/p>\n<h3>Szybkie \u0142adowanie powerbanka<\/h3>\n<p>RAPID Pro imponuje nie tylko wydajno\u015bci\u0105, ale i szybko\u015bci\u0105 \u0142adowania. Mo\u017cesz uzupe\u0142ni\u0107 80% pojemno\u015bci w zaledwie 19 minut, korzystaj\u0105c z dedykowanej stacji EcoFlow RAPID Pro Desktop Charger (wej\u015bcie 120 W przez pogo pin + USB, Universal Serial Bus, uniwersalne z\u0142\u0105cze do przesy\u0142ania danych i zasilania). Przy \u0142adowaniu przez pojedynczy port USB-C 100 W, osi\u0105gni\u0119cie 80% trwa tylko 39 minut, a przy wej\u015bciu USB 120 W \u2013 zaledwie 25 minut.<\/p>\n<p>\n<img decoding=\"async\" src=\"https:\/\/assets.innpro.pl\/17968\/23827\/10.jpg\" border=\"0\" alt=\"M\u0119\u017cczyzna siedzi przy biurku, trzyma kubek i pracuje przed laptopem. Obok niego le\u017cy aparat, a  do gniazda sieciowego pod\u0142\u0105czono powerbank EcoFlow.\" \/>\n<\/p>\n<h3>Energia, kt\u00f3ra wystarcza na d\u0142u\u017cej<\/h3>\n<p>Z u\u017cytkow\u0105 pojemno\u015bci\u0105 10 718 mAh (przy napi\u0119ciu 14.4 V), RAPID Pro zapewnia energi\u0119 na oko\u0142o 3.2 \u0142adowania iPhone\u2019a 16, jedno pe\u0142ne \u0142adowanie MacBooka Air (49.9 Wh) lub jedno pe\u0142ne \u0142adowanie Steam Decka (40\u201350 Wh). Technologia X-VELO (X-VELO, technologia ogniw litowo-jonowych o wysokiej g\u0119sto\u015bci z dodatkiem krzemu i w\u0119gla opracowana przez EcoFlow) dodatkowo optymalizuje zarz\u0105dzanie temperatur\u0105 i redukuje straty energii, co przek\u0142ada si\u0119 na d\u0142ugotrwa\u0142\u0105 i stabiln\u0105 prac\u0119 nawet w ekstremalnych warunkach \u2013 urz\u0105dzenie testowano w temperaturach do \u201320\u00b0C.<\/p>\n<p>\n<img decoding=\"async\" src=\"https:\/\/assets.innpro.pl\/17968\/23827\/7.jpg\" border=\"0\" alt=\"M\u0119\u017cczyzna w ciemnej koszulce siedzi na krze\u015ble i trzyma w d\u0142oniach aparat. Obok niego na stoliku znajduje si\u0119 laptop, dron i powerbank. W oddali wida\u0107 wod\u0119 i drzewa.\" \/>\n<\/p>\n<h3>Inteligentna ochrona i maksymalna wydajno\u015b\u0107<\/h3>\n<p>Dzi\u0119ki systemowi X-Guard (X-Guard, system ochrony termicznej i przeci\u0105\u017ceniowej firmy EcoFlow) RAPID Pro nieprzerwanie monitoruje temperatur\u0119 i bezpiecze\u0144stwo pracy, wykonuj\u0105c nawet 10 milion\u00f3w pomiar\u00f3w dziennie. Inteligentne systemy BMS (Battery Management System, system zarz\u0105dzania bateri\u0105) i EMS (Energy Management System, system zarz\u0105dzania energi\u0105) dbaj\u0105 o zr\u00f3wnowa\u017con\u0105 prac\u0119 ca\u0142ego uk\u0142adu, zapobiegaj\u0105c przegrzaniu, przeci\u0105\u017ceniu czy nadmiernemu roz\u0142adowaniu.<\/p>\n<p>\n<img decoding=\"async\" src=\"https:\/\/assets.innpro.pl\/17968\/23827\/1.jpg\" border=\"0\" alt=\"Kobieta w ciemnych w\u0142osach \u015bpi. Obok \u0142\u00f3\u017cka na stoliku nocnym le\u017cy smartfon i smartwatch pod\u0142\u0105czone do powerbanka w gnie\u017adzie sieciowym.\" \/>\n<\/p>\n<h3>Wygodna kontrola<\/h3>\n<p>Powerbank wyposa\u017cony zosta\u0142 w czytelny ekran LCD (Liquid Crystal Display, wy\u015bwietlacz ciek\u0142okrystaliczny) o przek\u0105tnej 1.54 cala, kt\u00f3ry wy\u015bwietla stan na\u0142adowania, temperatur\u0119, napi\u0119cie oraz tryb pracy. Mo\u017cesz r\u00f3wnie\u017c dostosowa\u0107 wygl\u0105d ekranu \u2013 ustawi\u0107 preferowan\u0105 grafik\u0119 lub stworzy\u0107 w\u0142asny ekran standby poprzez aplikacj\u0119 EcoFlow Power Management. Aplikacja pozwala tak\u017ce na aktywacj\u0119 trybu optymalizacji akumulatora, kt\u00f3ry przed\u0142u\u017ca \u017cywotno\u015b\u0107 zar\u00f3wno powerbanka, jak i \u0142adowanych urz\u0105dze\u0144.<\/p>\n<p>\n<img decoding=\"async\" src=\"https:\/\/assets.innpro.pl\/17968\/23827\/5.jpg\" border=\"0\" alt=\"M\u0119\u017cczyzna pakuje do czarnego plecaka powerbank z wy\u015bwietlaczem.\" \/>\n<\/p>\n<h3>Kompaktowy i gotowy na ka\u017cde wyzwanie<\/h3>\n<p>RAPID Pro \u0142\u0105czy du\u017c\u0105 moc z kompaktow\u0105 konstrukcj\u0105 i wytrzyma\u0142o\u015bci\u0105. Obudowa jest odporna na upadki z wysoko\u015bci do 1 metra oraz ognioodporna, dzi\u0119ki czemu idealnie sprawdza si\u0119 zar\u00f3wno w codziennym u\u017cytkowaniu, jak i w wymagaj\u0105cych warunkach. Dzi\u0119ki wbudowanemu kablowi USB-C (60 cm) nie musisz pami\u0119ta\u0107 o dodatkowych przewodach.<\/p>\n<p>\n<img decoding=\"async\" src=\"https:\/\/assets.innpro.pl\/17968\/23827\/13.jpg\" border=\"0\" alt=\"3 m\u0119\u017cczyzn siedzi przy stole i rozmawia. 2 z nich korzysta z laptop\u00f3w, a jeden z tabletu. Na \u015brodku sto\u0142u le\u017cy powerbank.\" \/>\n<\/p>\n<h3>W zestawie<\/h3>\n<ul class=\"list-disc pl-5\">\n<li>powerbank<\/li>\n<li>etui<\/li>\n<\/ul>\n<div class=\"table-wrapper\">\n<p>\u00a0<\/p>\n<h3><\/h3>\n<table>\n<tbody>\n<tr>\n<th>Producent<\/th>\n<td>EcoFlow<\/td>\n<\/tr>\n<tr>\n<th>Model<\/th>\n<td>RAPID Pro<\/td>\n<\/tr>\n<tr>\n<th>Pojemno\u015b\u0107 ca\u0142kowita<\/th>\n<td>20 000 mAh (72 Wh)<\/td>\n<\/tr>\n<tr>\n<th>Pojemno\u015b\u0107 u\u017cytkowa<\/th>\n<td>10 718 mAh (14.4V)<\/td>\n<\/tr>\n<tr>\n<th>Wymiary<\/th>\n<td>145 x 55 x 56 mm<\/td>\n<\/tr>\n<tr>\n<th>Waga<\/th>\n<td>563.8 g<\/td>\n<\/tr>\n<tr>\n<th>D\u0142ugo\u015b\u0107 kabla<\/th>\n<td>60 cm<\/td>\n<\/tr>\n<tr>\n<th>Akumulator<\/th>\n<td>litowy<\/td>\n<\/tr>\n<tr>\n<th>Ilo\u015b\u0107 cykli \u0142adowania<\/th>\n<td>400 cykli do 80% pojemno\u015bci<\/td>\n<\/tr>\n<tr>\n<th>Rodzaj akumulatora<\/th>\n<td>21700\u201350 SE<\/td>\n<\/tr>\n<tr>\n<th>Liczba ogniw<\/th>\n<td>4S1P<\/td>\n<\/tr>\n<tr>\n<th>Porty i z\u0142\u0105cza<\/th>\n<td>x3 USB-C + kabel USB-C (\u0142\u0105cznie 230 W)<\/td>\n<\/tr>\n<tr>\n<th>Moc wyj\u015bciowa <\/th>\n<td>kabel USB-C: dwukierunkowe szybkie \u0142adowanie do 100 W; (porty USB-C: 65 W<\/td>\n<\/tr>\n<tr>\n<th>Moc wej\u015bciowa<\/th>\n<td>kabel USB-C: 100 W; Pogo Pin: 120 W; Ca\u0142kowita moc wej\u015bciowa USB: 120 W; Ca\u0142kowita moc wej\u015bciowa Pogo Pin + USB: 120 W  (0\u201380% w 47 minut)<\/td>\n<\/tr>\n<tr>\n<th>Wy\u015bwietlacz<\/th>\n<td>LCD<\/td>\n<\/tr>\n<tr>\n<th>Odporno\u015b\u0107 na upadki<\/th>\n<td>do 1 m<\/td>\n<\/tr>\n<tr>\n<th>Odporno\u015b\u0107 na ogie\u0144<\/th>\n<td>tak<\/td>\n<\/tr>\n<tr>\n<th>Temperatura \u0142adowania<\/th>\n<td>20\u2103\u201330\u2103<\/td>\n<\/tr>\n<tr>\n<th>Temperatura roz\u0142adowania<\/th>\n<td>0\u2103\u201345\u2103<\/td>\n<\/tr>\n<tr>\n<th>Temperatura przechowywania<\/th>\n<td>\u201310\u2103\u201345\u2103<\/td>\n<\/tr>\n<\/tbody>\n<\/table>\n<\/div>\n","protected":false},"excerpt":{"rendered":"<p>Powerbank EcoFlow RAPID Pro 20000 230W (wbudowany kabel 100W) EcoFlow RAPID Pro to wydajny powerbank zaprojektowany z my\u015bl\u0105 o intensywnym<\/p>\n","protected":false},"featured_media":50067,"comment_status":"closed","ping_status":"open","template":"","meta":{"_acf_changed":false},"product_brand":[],"product_cat":[1108,1113],"product_tag":[],"class_list":{"0":"post-60894","1":"product","2":"type-product","3":"status-publish","4":"has-post-thumbnail","6":"product_cat-energia","7":"product_cat-powerbanki","8":"pa_okres-gwarancji-5757","9":"pa_producent-ecoflow","11":"first","12":"outofstock","13":"taxable","14":"shipping-taxable","15":"purchasable","16":"product-type-simple"},"acf":[],"yoast_head":"<!-- This site is optimized with the Yoast SEO plugin v27.2 - https:\/\/yoast.com\/product\/yoast-seo-wordpress\/ -->\n<title>Powerbank ECOFLOW RAPID Pro 20000mAh 230W - IRONSKY.PL Sklep z Dronami<\/title>\n<meta name=\"description\" content=\"Powerbank ECOFLOW RAPID Pro 20000mAh 230W - \u2705 sklep z dronami i fachowym doradztwem. \u2705 Tutaj kupisz produkty DJI, Yuneec, Parrot, Syma i wiele innych, a tak\u017ce kursy i licencje na operatora drona.\" \/>\n<meta name=\"robots\" content=\"index, follow, max-snippet:-1, max-image-preview:large, max-video-preview:-1\" \/>\n<link rel=\"canonical\" href=\"https:\/\/ironsky.pl\/sklep\/produkt\/powerbank-ecoflow-rapid-pro-20000mah-230w\/\" \/>\n<meta property=\"og:locale\" content=\"pl_PL\" \/>\n<meta property=\"og:type\" content=\"article\" \/>\n<meta property=\"og:title\" content=\"Powerbank ECOFLOW RAPID Pro 20000mAh 230W - IRONSKY.PL Sklep z Dronami\" \/>\n<meta property=\"og:description\" content=\"Powerbank ECOFLOW RAPID Pro 20000mAh 230W - \u2705 sklep z dronami i fachowym doradztwem. \u2705 Tutaj kupisz produkty DJI, Yuneec, Parrot, Syma i wiele innych, a tak\u017ce kursy i licencje na operatora drona.\" \/>\n<meta property=\"og:url\" content=\"https:\/\/ironsky.pl\/sklep\/produkt\/powerbank-ecoflow-rapid-pro-20000mah-230w\/\" \/>\n<meta property=\"og:site_name\" content=\"IRONSKY.PL Sklep z Dronami\" \/>\n<meta property=\"article:modified_time\" content=\"2026-04-15T09:10:09+00:00\" \/>\n<meta property=\"og:image\" content=\"https:\/\/ironsky.pl\/sklep\/wp-content\/uploads\/2025\/10\/54823_1.jpg\" \/>\n\t<meta property=\"og:image:width\" content=\"800\" \/>\n\t<meta property=\"og:image:height\" content=\"800\" \/>\n\t<meta property=\"og:image:type\" content=\"image\/jpeg\" \/>\n<meta name=\"twitter:card\" content=\"summary_large_image\" \/>\n<meta name=\"twitter:label1\" content=\"Szacowany czas czytania\" \/>\n\t<meta name=\"twitter:data1\" content=\"3 minuty\" \/>\n<script type=\"application\/ld+json\" class=\"yoast-schema-graph\">{\"@context\":\"https:\/\/schema.org\",\"@graph\":[{\"@type\":\"WebPage\",\"@id\":\"https:\/\/ironsky.pl\/sklep\/produkt\/powerbank-ecoflow-rapid-pro-20000mah-230w\/\",\"url\":\"https:\/\/ironsky.pl\/sklep\/produkt\/powerbank-ecoflow-rapid-pro-20000mah-230w\/\",\"name\":\"Powerbank ECOFLOW RAPID Pro 20000mAh 230W - IRONSKY.PL Sklep z Dronami\",\"isPartOf\":{\"@id\":\"https:\/\/ironsky.pl\/sklep\/#website\"},\"primaryImageOfPage\":{\"@id\":\"https:\/\/ironsky.pl\/sklep\/produkt\/powerbank-ecoflow-rapid-pro-20000mah-230w\/#primaryimage\"},\"image\":{\"@id\":\"https:\/\/ironsky.pl\/sklep\/produkt\/powerbank-ecoflow-rapid-pro-20000mah-230w\/#primaryimage\"},\"thumbnailUrl\":\"https:\/\/ironsky.pl\/sklep\/wp-content\/uploads\/2025\/10\/54823_1.jpg\",\"datePublished\":\"2026-04-15T09:09:56+00:00\",\"dateModified\":\"2026-04-15T09:10:09+00:00\",\"description\":\"Powerbank ECOFLOW RAPID Pro 20000mAh 230W - \u2705 sklep z dronami i fachowym doradztwem. \u2705 Tutaj kupisz produkty DJI, Yuneec, Parrot, Syma i wiele innych, a tak\u017ce kursy i licencje na operatora drona.\",\"breadcrumb\":{\"@id\":\"https:\/\/ironsky.pl\/sklep\/produkt\/powerbank-ecoflow-rapid-pro-20000mah-230w\/#breadcrumb\"},\"inLanguage\":\"pl-PL\",\"potentialAction\":[{\"@type\":\"ReadAction\",\"target\":[\"https:\/\/ironsky.pl\/sklep\/produkt\/powerbank-ecoflow-rapid-pro-20000mah-230w\/\"]}]},{\"@type\":\"ImageObject\",\"inLanguage\":\"pl-PL\",\"@id\":\"https:\/\/ironsky.pl\/sklep\/produkt\/powerbank-ecoflow-rapid-pro-20000mah-230w\/#primaryimage\",\"url\":\"https:\/\/ironsky.pl\/sklep\/wp-content\/uploads\/2025\/10\/54823_1.jpg\",\"contentUrl\":\"https:\/\/ironsky.pl\/sklep\/wp-content\/uploads\/2025\/10\/54823_1.jpg\",\"width\":800,\"height\":800},{\"@type\":\"BreadcrumbList\",\"@id\":\"https:\/\/ironsky.pl\/sklep\/produkt\/powerbank-ecoflow-rapid-pro-20000mah-230w\/#breadcrumb\",\"itemListElement\":[{\"@type\":\"ListItem\",\"position\":1,\"name\":\"Strona g\u0142\u00f3wna\",\"item\":\"https:\/\/ironsky.pl\/sklep\/\"},{\"@type\":\"ListItem\",\"position\":2,\"name\":\"Wszystkie produkty\",\"item\":\"https:\/\/ironsky.pl\/sklep\/produkty\/\"},{\"@type\":\"ListItem\",\"position\":3,\"name\":\"Powerbank ECOFLOW RAPID Pro 20000mAh 230W\"}]},{\"@type\":\"WebSite\",\"@id\":\"https:\/\/ironsky.pl\/sklep\/#website\",\"url\":\"https:\/\/ironsky.pl\/sklep\/\",\"name\":\"IRONSKY.PL Sklep z Dronami\",\"description\":\"IRONSKY.PL Sklep z Dronami\",\"potentialAction\":[{\"@type\":\"SearchAction\",\"target\":{\"@type\":\"EntryPoint\",\"urlTemplate\":\"https:\/\/ironsky.pl\/sklep\/?s={search_term_string}\"},\"query-input\":{\"@type\":\"PropertyValueSpecification\",\"valueRequired\":true,\"valueName\":\"search_term_string\"}}],\"inLanguage\":\"pl-PL\"}]}<\/script>\n<!-- \/ Yoast SEO plugin. -->","yoast_head_json":{"title":"Powerbank ECOFLOW RAPID Pro 20000mAh 230W - IRONSKY.PL Sklep z Dronami","description":"Powerbank ECOFLOW RAPID Pro 20000mAh 230W - \u2705 sklep z dronami i fachowym doradztwem. \u2705 Tutaj kupisz produkty DJI, Yuneec, Parrot, Syma i wiele innych, a tak\u017ce kursy i licencje na operatora drona.","robots":{"index":"index","follow":"follow","max-snippet":"max-snippet:-1","max-image-preview":"max-image-preview:large","max-video-preview":"max-video-preview:-1"},"canonical":"https:\/\/ironsky.pl\/sklep\/produkt\/powerbank-ecoflow-rapid-pro-20000mah-230w\/","og_locale":"pl_PL","og_type":"article","og_title":"Powerbank ECOFLOW RAPID Pro 20000mAh 230W - IRONSKY.PL Sklep z Dronami","og_description":"Powerbank ECOFLOW RAPID Pro 20000mAh 230W - \u2705 sklep z dronami i fachowym doradztwem. \u2705 Tutaj kupisz produkty DJI, Yuneec, Parrot, Syma i wiele innych, a tak\u017ce kursy i licencje na operatora drona.","og_url":"https:\/\/ironsky.pl\/sklep\/produkt\/powerbank-ecoflow-rapid-pro-20000mah-230w\/","og_site_name":"IRONSKY.PL Sklep z Dronami","article_modified_time":"2026-04-15T09:10:09+00:00","og_image":[{"width":800,"height":800,"url":"https:\/\/ironsky.pl\/sklep\/wp-content\/uploads\/2025\/10\/54823_1.jpg","type":"image\/jpeg"}],"twitter_card":"summary_large_image","twitter_misc":{"Szacowany czas czytania":"3 minuty"},"schema":{"@context":"https:\/\/schema.org","@graph":[{"@type":"WebPage","@id":"https:\/\/ironsky.pl\/sklep\/produkt\/powerbank-ecoflow-rapid-pro-20000mah-230w\/","url":"https:\/\/ironsky.pl\/sklep\/produkt\/powerbank-ecoflow-rapid-pro-20000mah-230w\/","name":"Powerbank ECOFLOW RAPID Pro 20000mAh 230W - IRONSKY.PL Sklep z Dronami","isPartOf":{"@id":"https:\/\/ironsky.pl\/sklep\/#website"},"primaryImageOfPage":{"@id":"https:\/\/ironsky.pl\/sklep\/produkt\/powerbank-ecoflow-rapid-pro-20000mah-230w\/#primaryimage"},"image":{"@id":"https:\/\/ironsky.pl\/sklep\/produkt\/powerbank-ecoflow-rapid-pro-20000mah-230w\/#primaryimage"},"thumbnailUrl":"https:\/\/ironsky.pl\/sklep\/wp-content\/uploads\/2025\/10\/54823_1.jpg","datePublished":"2026-04-15T09:09:56+00:00","dateModified":"2026-04-15T09:10:09+00:00","description":"Powerbank ECOFLOW RAPID Pro 20000mAh 230W - \u2705 sklep z dronami i fachowym doradztwem. \u2705 Tutaj kupisz produkty DJI, Yuneec, Parrot, Syma i wiele innych, a tak\u017ce kursy i licencje na operatora drona.","breadcrumb":{"@id":"https:\/\/ironsky.pl\/sklep\/produkt\/powerbank-ecoflow-rapid-pro-20000mah-230w\/#breadcrumb"},"inLanguage":"pl-PL","potentialAction":[{"@type":"ReadAction","target":["https:\/\/ironsky.pl\/sklep\/produkt\/powerbank-ecoflow-rapid-pro-20000mah-230w\/"]}]},{"@type":"ImageObject","inLanguage":"pl-PL","@id":"https:\/\/ironsky.pl\/sklep\/produkt\/powerbank-ecoflow-rapid-pro-20000mah-230w\/#primaryimage","url":"https:\/\/ironsky.pl\/sklep\/wp-content\/uploads\/2025\/10\/54823_1.jpg","contentUrl":"https:\/\/ironsky.pl\/sklep\/wp-content\/uploads\/2025\/10\/54823_1.jpg","width":800,"height":800},{"@type":"BreadcrumbList","@id":"https:\/\/ironsky.pl\/sklep\/produkt\/powerbank-ecoflow-rapid-pro-20000mah-230w\/#breadcrumb","itemListElement":[{"@type":"ListItem","position":1,"name":"Strona g\u0142\u00f3wna","item":"https:\/\/ironsky.pl\/sklep\/"},{"@type":"ListItem","position":2,"name":"Wszystkie produkty","item":"https:\/\/ironsky.pl\/sklep\/produkty\/"},{"@type":"ListItem","position":3,"name":"Powerbank ECOFLOW RAPID Pro 20000mAh 230W"}]},{"@type":"WebSite","@id":"https:\/\/ironsky.pl\/sklep\/#website","url":"https:\/\/ironsky.pl\/sklep\/","name":"IRONSKY.PL Sklep z Dronami","description":"IRONSKY.PL Sklep z Dronami","potentialAction":[{"@type":"SearchAction","target":{"@type":"EntryPoint","urlTemplate":"https:\/\/ironsky.pl\/sklep\/?s={search_term_string}"},"query-input":{"@type":"PropertyValueSpecification","valueRequired":true,"valueName":"search_term_string"}}],"inLanguage":"pl-PL"}]}},"_links":{"self":[{"href":"https:\/\/ironsky.pl\/sklep\/wp-json\/wp\/v2\/product\/60894","targetHints":{"allow":["GET"]}}],"collection":[{"href":"https:\/\/ironsky.pl\/sklep\/wp-json\/wp\/v2\/product"}],"about":[{"href":"https:\/\/ironsky.pl\/sklep\/wp-json\/wp\/v2\/types\/product"}],"replies":[{"embeddable":true,"href":"https:\/\/ironsky.pl\/sklep\/wp-json\/wp\/v2\/comments?post=60894"}],"wp:featuredmedia":[{"embeddable":true,"href":"https:\/\/ironsky.pl\/sklep\/wp-json\/wp\/v2\/media\/50067"}],"wp:attachment":[{"href":"https:\/\/ironsky.pl\/sklep\/wp-json\/wp\/v2\/media?parent=60894"}],"wp:term":[{"taxonomy":"product_brand","embeddable":true,"href":"https:\/\/ironsky.pl\/sklep\/wp-json\/wp\/v2\/product_brand?post=60894"},{"taxonomy":"product_cat","embeddable":true,"href":"https:\/\/ironsky.pl\/sklep\/wp-json\/wp\/v2\/product_cat?post=60894"},{"taxonomy":"product_tag","embeddable":true,"href":"https:\/\/ironsky.pl\/sklep\/wp-json\/wp\/v2\/product_tag?post=60894"}],"curies":[{"name":"wp","href":"https:\/\/api.w.org\/{rel}","templated":true}]}}