{"id":60893,"date":"2026-04-15T11:09:56","date_gmt":"2026-04-15T09:09:56","guid":{"rendered":"https:\/\/ironsky.pl\/sklep\/produkt\/kabel-ecoflow-rapid-pro-usb-c-usb-c-1-8m-240w\/"},"modified":"2026-04-15T11:10:08","modified_gmt":"2026-04-15T09:10:08","slug":"kabel-ecoflow-rapid-pro-usb-c-usb-c-1-8m-240w","status":"publish","type":"product","link":"https:\/\/ironsky.pl\/sklep\/produkt\/kabel-ecoflow-rapid-pro-usb-c-usb-c-1-8m-240w\/","title":{"rendered":"Kabel ECOFLOW RAPID Pro USB-C-USB-C 1.8m 240W"},"content":{"rendered":"<h3>Kabel USB-C EcoFlow RAPID Pro 240W 1,8m<\/h3>\n<p>EcoFlow RAPID Pro USB-C pozwoli Ci b\u0142yskawicznie odnowi\u0107 energi\u0119 urz\u0105dze\u0144 i przes\u0142a\u0107 pliki. Dzi\u0119ki obs\u0142udze ultraszybkiego \u0142adowania o mocy a\u017c 240 W kabel umo\u017cliwia szybkie zasilanie wi\u0119kszo\u015bci urz\u0105dze\u0144 wyposa\u017conych w port USB-C (Universal Serial Bus, uniwersalne z\u0142\u0105cze do przesy\u0142ania danych i zasilania) \u2013 od laptop\u00f3w i smartfon\u00f3w, przez powerbanki i aparaty fotograficzne, a\u017c po konsole. Zaawansowany chip E-Marker (E-Marker, uk\u0142ad elektroniczny identyfikuj\u0105cy parametry kabla i urz\u0105dzenia) automatycznie rozpoznaje urz\u0105dzenie i dobiera odpowiedni tryb \u0142adowania, gwarantuj\u0105c pe\u0142ne bezpiecze\u0144stwo i zgodno\u015b\u0107 z normami USB-IF (USB Implementers Forum, organizacja odpowiedzialna za rozw\u00f3j standard\u00f3w USB).<\/p>\n<p>\n<img decoding=\"async\" src=\"https:\/\/assets.innpro.pl\/17969\/23828\/1.jpg\" border=\"0\" alt=\"Kabel EcoFlow 240 W zwini\u0119ty na czarnym tle.\" \/>\n<\/p>\n<h3>240W \u2013 ultraszybkie \u0142adowanie i b\u0142yskawiczny przesy\u0142 danych<\/h3>\n<p>Z moc\u0105 wyj\u015bciow\u0105 do 240 W (48V\/5A), kabel RAPID Pro to jedno z najmocniejszych rozwi\u0105za\u0144 dost\u0119pnych na rynku. Bez problemu zasili MacBooki, laptopy gamingowe, smartfony, tablety i inne zaawansowane urz\u0105dzenia. Jego podw\u00f3jne z\u0142\u0105cza USB-C zapewniaj\u0105 szybki i stabilny transfer energii oraz danych, niezale\u017cnie od zastosowania. Dzi\u0119ki certyfikacji USB-IF mo\u017cesz mie\u0107 pewno\u015b\u0107, \u017ce kabel spe\u0142nia najwy\u017csze normy bezpiecze\u0144stwa i jako\u015bci.<\/p>\n<p>\n<img decoding=\"async\" src=\"https:\/\/assets.innpro.pl\/17969\/23828\/6.jpg\" border=\"0\" alt=\"Laptop pod\u0142\u0105czony do czarnego kabla EcoFlow.\" \/>\n<\/p>\n<h3>Wytrzyma\u0142o\u015b\u0107 ponad standard<\/h3>\n<p>Kabel RAPID Pro przeszed\u0142 ponad 30 000 test\u00f3w na wytrzyma\u0142o\u015b\u0107, co kilkukrotnie przewy\u017csza bran\u017cowy standard (ok. 5 000 cykli). Wzmocnione ko\u0144c\u00f3wki i oplot z nylonu sprawiaj\u0105, \u017ce jest niezwykle odporny na uszkodzenia mechaniczne, zginanie, rozci\u0105ganie i codzienne u\u017cytkowanie. Zosta\u0142 zaprojektowany tak, by wytrzyma\u0107 obci\u0105\u017cenia do 40 kg, co czyni go idealnym wyborem nie tylko do domu czy biura, ale r\u00f3wnie\u017c w podr\u00f3\u017cy.<\/p>\n<p>\n<img decoding=\"async\" src=\"https:\/\/assets.innpro.pl\/17969\/23828\/4.jpg\" border=\"0\" alt=\"Kabel USB-C EcoFlow w oplocie na czarnym tle.\" \/>\n<\/p>\n<div class=\"table-wrapper\">\n<p>\u00a0<\/p>\n<h3><\/h3>\n<table>\n<tbody>\n<tr>\n<th>Producent<\/th>\n<td>EcoFlow<\/td>\n<\/tr>\n<tr>\n<th>Model<\/th>\n<td>RAPID Pro<\/td>\n<\/tr>\n<tr>\n<th>D\u0142ugo\u015b\u0107<\/th>\n<td>1,8 m<\/td>\n<\/tr>\n<tr>\n<th>Waga<\/th>\n<td>70 \u00b1 2 g<\/td>\n<\/tr>\n<tr>\n<th>Interfejs<\/th>\n<td>USB-C do USB-C<\/td>\n<\/tr>\n<tr>\n<th>Moc<\/th>\n<td>240 W<\/td>\n<\/tr>\n<\/tbody>\n<\/table>\n<\/div>\n","protected":false},"excerpt":{"rendered":"<p>Kabel USB-C EcoFlow RAPID Pro 240W 1,8m EcoFlow RAPID Pro USB-C pozwoli Ci b\u0142yskawicznie odnowi\u0107 energi\u0119 urz\u0105dze\u0144 i przes\u0142a\u0107 pliki.<\/p>\n","protected":false},"featured_media":50065,"comment_status":"closed","ping_status":"open","template":"","meta":{"_acf_changed":false},"product_brand":[],"product_cat":[1108,1113],"product_tag":[],"class_list":{"0":"post-60893","1":"product","2":"type-product","3":"status-publish","4":"has-post-thumbnail","6":"product_cat-energia","7":"product_cat-powerbanki","8":"pa_okres-gwarancji-5757","9":"pa_producent-ecoflow","11":"first","12":"outofstock","13":"taxable","14":"shipping-taxable","15":"purchasable","16":"product-type-simple"},"acf":[],"yoast_head":"<!-- This site is optimized with the Yoast SEO plugin v27.2 - https:\/\/yoast.com\/product\/yoast-seo-wordpress\/ -->\n<title>Kabel ECOFLOW RAPID Pro USB-C-USB-C 1.8m 240W - IRONSKY.PL Sklep z Dronami<\/title>\n<meta name=\"description\" content=\"Kabel ECOFLOW RAPID Pro USB-C-USB-C 1.8m 240W - \u2705 sklep z dronami i fachowym doradztwem. \u2705 Tutaj kupisz produkty DJI, Yuneec, Parrot, Syma i wiele innych, a tak\u017ce kursy i licencje na operatora drona.\" \/>\n<meta name=\"robots\" content=\"index, follow, max-snippet:-1, max-image-preview:large, max-video-preview:-1\" \/>\n<link rel=\"canonical\" href=\"https:\/\/ironsky.pl\/sklep\/produkt\/kabel-ecoflow-rapid-pro-usb-c-usb-c-1-8m-240w\/\" \/>\n<meta property=\"og:locale\" content=\"pl_PL\" \/>\n<meta property=\"og:type\" content=\"article\" \/>\n<meta property=\"og:title\" content=\"Kabel ECOFLOW RAPID Pro USB-C-USB-C 1.8m 240W - IRONSKY.PL Sklep z Dronami\" \/>\n<meta property=\"og:description\" content=\"Kabel ECOFLOW RAPID Pro USB-C-USB-C 1.8m 240W - \u2705 sklep z dronami i fachowym doradztwem. \u2705 Tutaj kupisz produkty DJI, Yuneec, Parrot, Syma i wiele innych, a tak\u017ce kursy i licencje na operatora drona.\" \/>\n<meta property=\"og:url\" content=\"https:\/\/ironsky.pl\/sklep\/produkt\/kabel-ecoflow-rapid-pro-usb-c-usb-c-1-8m-240w\/\" \/>\n<meta property=\"og:site_name\" content=\"IRONSKY.PL Sklep z Dronami\" \/>\n<meta property=\"article:modified_time\" content=\"2026-04-15T09:10:08+00:00\" \/>\n<meta property=\"og:image\" content=\"https:\/\/ironsky.pl\/sklep\/wp-content\/uploads\/2025\/10\/54822_1.jpg\" \/>\n\t<meta property=\"og:image:width\" content=\"800\" \/>\n\t<meta property=\"og:image:height\" content=\"800\" \/>\n\t<meta property=\"og:image:type\" content=\"image\/jpeg\" \/>\n<meta name=\"twitter:card\" content=\"summary_large_image\" \/>\n<meta name=\"twitter:label1\" content=\"Szacowany czas czytania\" \/>\n\t<meta name=\"twitter:data1\" content=\"1 minuta\" \/>\n<script type=\"application\/ld+json\" class=\"yoast-schema-graph\">{\"@context\":\"https:\/\/schema.org\",\"@graph\":[{\"@type\":\"WebPage\",\"@id\":\"https:\/\/ironsky.pl\/sklep\/produkt\/kabel-ecoflow-rapid-pro-usb-c-usb-c-1-8m-240w\/\",\"url\":\"https:\/\/ironsky.pl\/sklep\/produkt\/kabel-ecoflow-rapid-pro-usb-c-usb-c-1-8m-240w\/\",\"name\":\"Kabel ECOFLOW RAPID Pro USB-C-USB-C 1.8m 240W - IRONSKY.PL Sklep z Dronami\",\"isPartOf\":{\"@id\":\"https:\/\/ironsky.pl\/sklep\/#website\"},\"primaryImageOfPage\":{\"@id\":\"https:\/\/ironsky.pl\/sklep\/produkt\/kabel-ecoflow-rapid-pro-usb-c-usb-c-1-8m-240w\/#primaryimage\"},\"image\":{\"@id\":\"https:\/\/ironsky.pl\/sklep\/produkt\/kabel-ecoflow-rapid-pro-usb-c-usb-c-1-8m-240w\/#primaryimage\"},\"thumbnailUrl\":\"https:\/\/ironsky.pl\/sklep\/wp-content\/uploads\/2025\/10\/54822_1.jpg\",\"datePublished\":\"2026-04-15T09:09:56+00:00\",\"dateModified\":\"2026-04-15T09:10:08+00:00\",\"description\":\"Kabel ECOFLOW RAPID Pro USB-C-USB-C 1.8m 240W - \u2705 sklep z dronami i fachowym doradztwem. \u2705 Tutaj kupisz produkty DJI, Yuneec, Parrot, Syma i wiele innych, a tak\u017ce kursy i licencje na operatora drona.\",\"breadcrumb\":{\"@id\":\"https:\/\/ironsky.pl\/sklep\/produkt\/kabel-ecoflow-rapid-pro-usb-c-usb-c-1-8m-240w\/#breadcrumb\"},\"inLanguage\":\"pl-PL\",\"potentialAction\":[{\"@type\":\"ReadAction\",\"target\":[\"https:\/\/ironsky.pl\/sklep\/produkt\/kabel-ecoflow-rapid-pro-usb-c-usb-c-1-8m-240w\/\"]}]},{\"@type\":\"ImageObject\",\"inLanguage\":\"pl-PL\",\"@id\":\"https:\/\/ironsky.pl\/sklep\/produkt\/kabel-ecoflow-rapid-pro-usb-c-usb-c-1-8m-240w\/#primaryimage\",\"url\":\"https:\/\/ironsky.pl\/sklep\/wp-content\/uploads\/2025\/10\/54822_1.jpg\",\"contentUrl\":\"https:\/\/ironsky.pl\/sklep\/wp-content\/uploads\/2025\/10\/54822_1.jpg\",\"width\":800,\"height\":800},{\"@type\":\"BreadcrumbList\",\"@id\":\"https:\/\/ironsky.pl\/sklep\/produkt\/kabel-ecoflow-rapid-pro-usb-c-usb-c-1-8m-240w\/#breadcrumb\",\"itemListElement\":[{\"@type\":\"ListItem\",\"position\":1,\"name\":\"Strona g\u0142\u00f3wna\",\"item\":\"https:\/\/ironsky.pl\/sklep\/\"},{\"@type\":\"ListItem\",\"position\":2,\"name\":\"Wszystkie produkty\",\"item\":\"https:\/\/ironsky.pl\/sklep\/produkty\/\"},{\"@type\":\"ListItem\",\"position\":3,\"name\":\"Kabel ECOFLOW RAPID Pro USB-C-USB-C 1.8m 240W\"}]},{\"@type\":\"WebSite\",\"@id\":\"https:\/\/ironsky.pl\/sklep\/#website\",\"url\":\"https:\/\/ironsky.pl\/sklep\/\",\"name\":\"IRONSKY.PL Sklep z Dronami\",\"description\":\"IRONSKY.PL Sklep z Dronami\",\"potentialAction\":[{\"@type\":\"SearchAction\",\"target\":{\"@type\":\"EntryPoint\",\"urlTemplate\":\"https:\/\/ironsky.pl\/sklep\/?s={search_term_string}\"},\"query-input\":{\"@type\":\"PropertyValueSpecification\",\"valueRequired\":true,\"valueName\":\"search_term_string\"}}],\"inLanguage\":\"pl-PL\"}]}<\/script>\n<!-- \/ Yoast SEO plugin. -->","yoast_head_json":{"title":"Kabel ECOFLOW RAPID Pro USB-C-USB-C 1.8m 240W - IRONSKY.PL Sklep z Dronami","description":"Kabel ECOFLOW RAPID Pro USB-C-USB-C 1.8m 240W - \u2705 sklep z dronami i fachowym doradztwem. \u2705 Tutaj kupisz produkty DJI, Yuneec, Parrot, Syma i wiele innych, a tak\u017ce kursy i licencje na operatora drona.","robots":{"index":"index","follow":"follow","max-snippet":"max-snippet:-1","max-image-preview":"max-image-preview:large","max-video-preview":"max-video-preview:-1"},"canonical":"https:\/\/ironsky.pl\/sklep\/produkt\/kabel-ecoflow-rapid-pro-usb-c-usb-c-1-8m-240w\/","og_locale":"pl_PL","og_type":"article","og_title":"Kabel ECOFLOW RAPID Pro USB-C-USB-C 1.8m 240W - IRONSKY.PL Sklep z Dronami","og_description":"Kabel ECOFLOW RAPID Pro USB-C-USB-C 1.8m 240W - \u2705 sklep z dronami i fachowym doradztwem. \u2705 Tutaj kupisz produkty DJI, Yuneec, Parrot, Syma i wiele innych, a tak\u017ce kursy i licencje na operatora drona.","og_url":"https:\/\/ironsky.pl\/sklep\/produkt\/kabel-ecoflow-rapid-pro-usb-c-usb-c-1-8m-240w\/","og_site_name":"IRONSKY.PL Sklep z Dronami","article_modified_time":"2026-04-15T09:10:08+00:00","og_image":[{"width":800,"height":800,"url":"https:\/\/ironsky.pl\/sklep\/wp-content\/uploads\/2025\/10\/54822_1.jpg","type":"image\/jpeg"}],"twitter_card":"summary_large_image","twitter_misc":{"Szacowany czas czytania":"1 minuta"},"schema":{"@context":"https:\/\/schema.org","@graph":[{"@type":"WebPage","@id":"https:\/\/ironsky.pl\/sklep\/produkt\/kabel-ecoflow-rapid-pro-usb-c-usb-c-1-8m-240w\/","url":"https:\/\/ironsky.pl\/sklep\/produkt\/kabel-ecoflow-rapid-pro-usb-c-usb-c-1-8m-240w\/","name":"Kabel ECOFLOW RAPID Pro USB-C-USB-C 1.8m 240W - IRONSKY.PL Sklep z Dronami","isPartOf":{"@id":"https:\/\/ironsky.pl\/sklep\/#website"},"primaryImageOfPage":{"@id":"https:\/\/ironsky.pl\/sklep\/produkt\/kabel-ecoflow-rapid-pro-usb-c-usb-c-1-8m-240w\/#primaryimage"},"image":{"@id":"https:\/\/ironsky.pl\/sklep\/produkt\/kabel-ecoflow-rapid-pro-usb-c-usb-c-1-8m-240w\/#primaryimage"},"thumbnailUrl":"https:\/\/ironsky.pl\/sklep\/wp-content\/uploads\/2025\/10\/54822_1.jpg","datePublished":"2026-04-15T09:09:56+00:00","dateModified":"2026-04-15T09:10:08+00:00","description":"Kabel ECOFLOW RAPID Pro USB-C-USB-C 1.8m 240W - \u2705 sklep z dronami i fachowym doradztwem. \u2705 Tutaj kupisz produkty DJI, Yuneec, Parrot, Syma i wiele innych, a tak\u017ce kursy i licencje na operatora drona.","breadcrumb":{"@id":"https:\/\/ironsky.pl\/sklep\/produkt\/kabel-ecoflow-rapid-pro-usb-c-usb-c-1-8m-240w\/#breadcrumb"},"inLanguage":"pl-PL","potentialAction":[{"@type":"ReadAction","target":["https:\/\/ironsky.pl\/sklep\/produkt\/kabel-ecoflow-rapid-pro-usb-c-usb-c-1-8m-240w\/"]}]},{"@type":"ImageObject","inLanguage":"pl-PL","@id":"https:\/\/ironsky.pl\/sklep\/produkt\/kabel-ecoflow-rapid-pro-usb-c-usb-c-1-8m-240w\/#primaryimage","url":"https:\/\/ironsky.pl\/sklep\/wp-content\/uploads\/2025\/10\/54822_1.jpg","contentUrl":"https:\/\/ironsky.pl\/sklep\/wp-content\/uploads\/2025\/10\/54822_1.jpg","width":800,"height":800},{"@type":"BreadcrumbList","@id":"https:\/\/ironsky.pl\/sklep\/produkt\/kabel-ecoflow-rapid-pro-usb-c-usb-c-1-8m-240w\/#breadcrumb","itemListElement":[{"@type":"ListItem","position":1,"name":"Strona g\u0142\u00f3wna","item":"https:\/\/ironsky.pl\/sklep\/"},{"@type":"ListItem","position":2,"name":"Wszystkie produkty","item":"https:\/\/ironsky.pl\/sklep\/produkty\/"},{"@type":"ListItem","position":3,"name":"Kabel ECOFLOW RAPID Pro USB-C-USB-C 1.8m 240W"}]},{"@type":"WebSite","@id":"https:\/\/ironsky.pl\/sklep\/#website","url":"https:\/\/ironsky.pl\/sklep\/","name":"IRONSKY.PL Sklep z Dronami","description":"IRONSKY.PL Sklep z Dronami","potentialAction":[{"@type":"SearchAction","target":{"@type":"EntryPoint","urlTemplate":"https:\/\/ironsky.pl\/sklep\/?s={search_term_string}"},"query-input":{"@type":"PropertyValueSpecification","valueRequired":true,"valueName":"search_term_string"}}],"inLanguage":"pl-PL"}]}},"_links":{"self":[{"href":"https:\/\/ironsky.pl\/sklep\/wp-json\/wp\/v2\/product\/60893","targetHints":{"allow":["GET"]}}],"collection":[{"href":"https:\/\/ironsky.pl\/sklep\/wp-json\/wp\/v2\/product"}],"about":[{"href":"https:\/\/ironsky.pl\/sklep\/wp-json\/wp\/v2\/types\/product"}],"replies":[{"embeddable":true,"href":"https:\/\/ironsky.pl\/sklep\/wp-json\/wp\/v2\/comments?post=60893"}],"wp:featuredmedia":[{"embeddable":true,"href":"https:\/\/ironsky.pl\/sklep\/wp-json\/wp\/v2\/media\/50065"}],"wp:attachment":[{"href":"https:\/\/ironsky.pl\/sklep\/wp-json\/wp\/v2\/media?parent=60893"}],"wp:term":[{"taxonomy":"product_brand","embeddable":true,"href":"https:\/\/ironsky.pl\/sklep\/wp-json\/wp\/v2\/product_brand?post=60893"},{"taxonomy":"product_cat","embeddable":true,"href":"https:\/\/ironsky.pl\/sklep\/wp-json\/wp\/v2\/product_cat?post=60893"},{"taxonomy":"product_tag","embeddable":true,"href":"https:\/\/ironsky.pl\/sklep\/wp-json\/wp\/v2\/product_tag?post=60893"}],"curies":[{"name":"wp","href":"https:\/\/api.w.org\/{rel}","templated":true}]}}