{"id":60886,"date":"2026-04-15T11:09:56","date_gmt":"2026-04-15T09:09:56","guid":{"rendered":"https:\/\/ironsky.pl\/sklep\/produkt\/powerbank-ecoflow-rapid-magnetic-5000-75w-czarny\/"},"modified":"2026-04-21T10:15:14","modified_gmt":"2026-04-21T08:15:14","slug":"powerbank-ecoflow-rapid-magnetic-5000-75w-czarny","status":"publish","type":"product","link":"https:\/\/ironsky.pl\/sklep\/produkt\/powerbank-ecoflow-rapid-magnetic-5000-75w-czarny\/","title":{"rendered":"Powerbank EcoFlow RAPID Magnetic 5000 7,5W Czarny"},"content":{"rendered":"<h3>Powerbank EcoFlow RAPID Magnetic 5000 7,5W (czarny)<\/h3>\n<p>EcoFlow RAPID Magnetic to doskona\u0142e rozwi\u0105zanie dla os\u00f3b ceni\u0105cych wygod\u0119 oraz wysok\u0105 jako\u015b\u0107 wykonania. Z pojemno\u015bci\u0105 5000 mAh i bezprzewodowym \u0142adowaniem o mocy 7,5 W sprawdzi si\u0119 w przypadku iPhone\u2019\u00f3w od serii 12, najnowszych modeli Samsunga oraz AirPods z etui \u0142aduj\u0105cym. Dzi\u0119ki portowi USB-C (Universal Serial Bus, uniwersalne z\u0142\u0105cze do przesy\u0142ania danych i zasilania) z moc\u0105 20 W umo\u017cliwia szybkie \u0142adowanie urz\u0105dze\u0144 i samego powerbanka. Jego ultracienka obudowa o grubo\u015bci zaledwie 9,4 mm sprawia, \u017ce RAPID Magnetic mie\u015bci si\u0119 bez problemu w kieszeni spodni, torebce czy torbie na laptopa. Magnesy klasy N52 zapewniaj\u0105 pewne i stabilne przyleganie do urz\u0105dzenia, nawet w ruchu.<\/p>\n<p>\n<img decoding=\"async\" src=\"https:\/\/assets.innpro.pl\/17966\/23825\/8.jpg\" border=\"0\" alt=\"Kobieta w spi\u0119tych w\u0142osach rozmawia przez telefon, do kt\u00f3rego jest pod\u0142\u0105czony magnetyczny powerbank.\" \/>\n<\/p>\n<h3>Bezprzewodowe i przewodowe \u0142adowanie \u2014 zawsze, kiedy potrzebujesz<\/h3>\n<p>EcoFlow RAPID Magnetic umo\u017cliwia \u0142adowanie bezprzewodowe o mocy 7,5 W, dzi\u0119ki czemu potrafi na\u0142adowa\u0107 iPhone\u2019a 16 do oko\u0142o 50% w 36 minut. Co wi\u0119cej, w przypadku przewodowego \u0142adowania (20 W) iPhone\u2019a 15 Pro mo\u017cna w pe\u0142ni na\u0142adowa\u0107 z zapasu energii w powerbanku, a iPhone\u2019a 15 Pro Max do oko\u0142o 86%. Modele iPhone 16 Pro i 16 Pro Max uzyskaj\u0105 odpowiednio oko\u0142o 89% i 72% na jednym \u0142adowaniu przewodowym. Dzi\u0119ki wsparciu funkcji \u201echarge-through\u201d mo\u017cliwe jest jednoczesne \u0142adowanie smartfona oraz samego powerbanka.<\/p>\n<p>\n<img decoding=\"async\" src=\"https:\/\/assets.innpro.pl\/17966\/23825\/9.jpg\" border=\"0\" alt=\"M\u0119\u017cczyzna w fioletowej koszulce i jasnych spodniach trzyma w d\u0142oni smartfon pod\u0142\u0105czony do magnetycznego powerbanka.\" \/>\n<\/p>\n<h3>Szybkie \u0142adowanie powerbanka<\/h3>\n<p>Dzi\u0119ki obs\u0142udze wej\u015bcia USB-C o mocy 20 W powerbank na\u0142adujesz do 50% w zaledwie 48 minut, a pe\u0142ne na\u0142adowanie zajmuje oko\u0142o 126 minut. Takie parametry sprawiaj\u0105, \u017ce nawet kr\u00f3tka przerwa wystarczy, by przygotowa\u0107 RAPID Magnetic do dalszej pracy \u2013 niezale\u017cnie od tego, czy jeste\u015b w podr\u00f3\u017cy, biurze czy na uczelni.<\/p>\n<p>\n<img decoding=\"async\" src=\"https:\/\/assets.innpro.pl\/17966\/23825\/11.jpg\" border=\"0\" alt=\"Czarny powerbank EcoFlow na czarno-szarym tle.\" \/>\n<\/p>\n<h3>Bezpiecze\u0144stwo u\u017cytkowania<\/h3>\n<p>Dzi\u0119ki technologii X-Cooling (system pasywnego ch\u0142odzenia zapobiegaj\u0105cy przegrzewaniu si\u0119 urz\u0105dzenia) powierzchnia RAPID Magnetic utrzymuje si\u0119 poni\u017cej 38\u00b0C, co nie tylko chroni sam powerbank, ale tak\u017ce akumulator telefonu przed przegrzaniem. Takie rozwi\u0105zanie przek\u0142ada si\u0119 na d\u0142u\u017csz\u0105 \u017cywotno\u015b\u0107 urz\u0105dze\u0144 i bezpieczne \u0142adowanie, nawet przy u\u017cywaniu telefonu podczas \u0142adowania.<\/p>\n<p>\n<img decoding=\"async\" src=\"https:\/\/assets.innpro.pl\/17966\/23825\/4.jpg\" border=\"0\" alt=\"U\u015bmiechni\u0119ta kobieta trzyma w d\u0142oni bia\u0142y smartfon. Obok niej stoi u\u015bmiechni\u0119ty m\u0119\u017cczyzna trzymaj\u0105cy w d\u0142oni czarny powerbank.\" \/>\n<\/p>\n<h3>Lekki i kompaktowy<\/h3>\n<p>Ultrasmuk\u0142a konstrukcja (9,4 mm) sprawia, \u017ce EcoFlow RAPID Magnetic mie\u015bci si\u0119 w kieszeni czy torbie, nie zajmuj\u0105c zbyt wiele miejsca. Jego zaokr\u0105glone kraw\u0119dzie i ergonomiczna forma idealnie dopasowuj\u0105 si\u0119 do d\u0142oni. Obudowa pokryta zosta\u0142a matowym materia\u0142em typu silk-soft, kt\u00f3ry jest antypo\u015blizgowy i odporny na odciski palc\u00f3w. Dzi\u0119ki temu urz\u0105dzenie zachowuje estetyczny wygl\u0105d nawet podczas intensywnego u\u017cytkowania.\u00a0<\/p>\n<p>\n<img decoding=\"async\" src=\"https:\/\/assets.innpro.pl\/17966\/23825\/1.jpg\" border=\"0\" alt=\"U\u015bmiechni\u0119ta kobieta w prostych w\u0142osach wyjmuje z kieszeni smartfon pod\u0142\u0105czony do magnetycznego powerbanka. Za ni\u0105 jasna kamienica.\" \/>\n<\/p>\n<h3>W zestawie<\/h3>\n<ul class=\"list-disc pl-5\">\n<li>powerbank<\/li>\n<li>kabel USB-C do USB-C<\/li>\n<li>instrukcja obs\u0142ugi<\/li>\n<\/ul>\n<div class=\"table-wrapper\">\n<p>\u00a0<\/p>\n<h3><\/h3>\n<table>\n<tbody>\n<tr>\n<th>Producent<\/th>\n<td>EcoFlow<\/td>\n<\/tr>\n<tr>\n<th>Model<\/th>\n<td>Rapid Magnetic<\/td>\n<\/tr>\n<tr>\n<th>Pojemno\u015b\u0107 ca\u0142kowita<\/th>\n<td>5000 mAh (3,8 V)<\/td>\n<\/tr>\n<tr>\n<th>Pojemno\u015b\u0107 u\u017cytkowa<\/th>\n<td>3100 mAh (5 V = 2 A)<\/td>\n<\/tr>\n<tr>\n<th>Wymiary<\/th>\n<td>103 \u00d7 71,6 \u00d7 9,4 mm<\/td>\n<\/tr>\n<tr>\n<th>Waga<\/th>\n<td>123 g<\/td>\n<\/tr>\n<tr>\n<th>Rodzaj akumulatora<\/th>\n<td>Litowo-kobaltowy (LiCoO\u2082)<\/td>\n<\/tr>\n<tr>\n<th>Ilo\u015b\u0107 cykli \u0142adowania<\/th>\n<td>do 300<\/td>\n<\/tr>\n<tr>\n<th>Liczba ogniw<\/th>\n<td>1S1P<\/td>\n<\/tr>\n<tr>\n<th>Port<\/th>\n<td>1x USB-C (maks. 20 W)<\/td>\n<\/tr>\n<tr>\n<th>\u0141adowanie przewodowe (wyj\u015bcie)<\/th>\n<td>20 W<\/td>\n<\/tr>\n<tr>\n<th>\u0141adowanie przewodowe (wej\u015bcie)<\/th>\n<td>20 W<\/td>\n<\/tr>\n<tr>\n<th>\u0141adowanie bezprzewodowe<\/th>\n<td>do 7,5 W<\/td>\n<\/tr>\n<tr>\n<th>Kompatybilno\u015b\u0107<\/th>\n<td>iPhone 12 lub nowszy; Samsung S24 lub nowszy; AirPods z etui do \u0142adowania bezprzewodowego<\/td>\n<\/tr>\n<tr>\n<th>Temperatura pracy<\/th>\n<td>15\u00b0C \u2013 40\u00b0C<\/td>\n<\/tr>\n<tr>\n<th>Temperatura \u0142adowania i roz\u0142adowania<\/th>\n<td>0\u00b0C \u2013 40\u00b0C<\/td>\n<\/tr>\n<tr>\n<th>Temperatura przechowywania<\/th>\n<td>-10\u00b0C \u2013 45\u00b0C<\/td>\n<\/tr>\n<\/tbody>\n<\/table>\n<\/div>\n","protected":false},"excerpt":{"rendered":"<p>Powerbank EcoFlow RAPID Magnetic 5000 7,5W (czarny) EcoFlow RAPID Magnetic to doskona\u0142e rozwi\u0105zanie dla os\u00f3b ceni\u0105cych wygod\u0119 oraz wysok\u0105 jako\u015b\u0107<\/p>\n","protected":false},"featured_media":60887,"comment_status":"closed","ping_status":"open","template":"","meta":{"_acf_changed":false},"product_brand":[],"product_cat":[1108,1113],"product_tag":[],"class_list":{"0":"post-60886","1":"product","2":"type-product","3":"status-publish","4":"has-post-thumbnail","6":"product_cat-energia","7":"product_cat-powerbanki","8":"pa_okres-gwarancji-5757","9":"pa_producent-ecoflow","11":"first","12":"instock","13":"taxable","14":"shipping-taxable","15":"purchasable","16":"product-type-simple"},"acf":[],"yoast_head":"<!-- This site is optimized with the Yoast SEO plugin v27.2 - https:\/\/yoast.com\/product\/yoast-seo-wordpress\/ -->\n<title>Powerbank EcoFlow RAPID Magnetic 5000 7,5W Czarny - IRONSKY.PL Sklep z Dronami<\/title>\n<meta name=\"description\" content=\"Powerbank EcoFlow RAPID Magnetic 5000 7,5W Czarny - \u2705 sklep z dronami i fachowym doradztwem. \u2705 Tutaj kupisz produkty DJI, Yuneec, Parrot, Syma i wiele innych, a tak\u017ce kursy i licencje na operatora drona.\" \/>\n<meta name=\"robots\" content=\"index, follow, max-snippet:-1, max-image-preview:large, max-video-preview:-1\" \/>\n<link rel=\"canonical\" href=\"https:\/\/ironsky.pl\/sklep\/produkt\/powerbank-ecoflow-rapid-magnetic-5000-75w-czarny\/\" \/>\n<meta property=\"og:locale\" content=\"pl_PL\" \/>\n<meta property=\"og:type\" content=\"article\" \/>\n<meta property=\"og:title\" content=\"Powerbank EcoFlow RAPID Magnetic 5000 7,5W Czarny - IRONSKY.PL Sklep z Dronami\" \/>\n<meta property=\"og:description\" content=\"Powerbank EcoFlow RAPID Magnetic 5000 7,5W Czarny - \u2705 sklep z dronami i fachowym doradztwem. \u2705 Tutaj kupisz produkty DJI, Yuneec, Parrot, Syma i wiele innych, a tak\u017ce kursy i licencje na operatora drona.\" \/>\n<meta property=\"og:url\" content=\"https:\/\/ironsky.pl\/sklep\/produkt\/powerbank-ecoflow-rapid-magnetic-5000-75w-czarny\/\" \/>\n<meta property=\"og:site_name\" content=\"IRONSKY.PL Sklep z Dronami\" \/>\n<meta property=\"article:modified_time\" content=\"2026-04-21T08:15:14+00:00\" \/>\n<meta property=\"og:image\" content=\"https:\/\/ironsky.pl\/sklep\/wp-content\/uploads\/2026\/04\/54820_1.jpg\" \/>\n\t<meta property=\"og:image:width\" content=\"800\" \/>\n\t<meta property=\"og:image:height\" content=\"800\" \/>\n\t<meta property=\"og:image:type\" content=\"image\/jpeg\" \/>\n<meta name=\"twitter:card\" content=\"summary_large_image\" \/>\n<meta name=\"twitter:label1\" content=\"Szacowany czas czytania\" \/>\n\t<meta name=\"twitter:data1\" content=\"2 minuty\" \/>\n<script type=\"application\/ld+json\" class=\"yoast-schema-graph\">{\"@context\":\"https:\/\/schema.org\",\"@graph\":[{\"@type\":\"WebPage\",\"@id\":\"https:\/\/ironsky.pl\/sklep\/produkt\/powerbank-ecoflow-rapid-magnetic-5000-75w-czarny\/\",\"url\":\"https:\/\/ironsky.pl\/sklep\/produkt\/powerbank-ecoflow-rapid-magnetic-5000-75w-czarny\/\",\"name\":\"Powerbank EcoFlow RAPID Magnetic 5000 7,5W Czarny - IRONSKY.PL Sklep z Dronami\",\"isPartOf\":{\"@id\":\"https:\/\/ironsky.pl\/sklep\/#website\"},\"primaryImageOfPage\":{\"@id\":\"https:\/\/ironsky.pl\/sklep\/produkt\/powerbank-ecoflow-rapid-magnetic-5000-75w-czarny\/#primaryimage\"},\"image\":{\"@id\":\"https:\/\/ironsky.pl\/sklep\/produkt\/powerbank-ecoflow-rapid-magnetic-5000-75w-czarny\/#primaryimage\"},\"thumbnailUrl\":\"https:\/\/ironsky.pl\/sklep\/wp-content\/uploads\/2026\/04\/54820_1.jpg\",\"datePublished\":\"2026-04-15T09:09:56+00:00\",\"dateModified\":\"2026-04-21T08:15:14+00:00\",\"description\":\"Powerbank EcoFlow RAPID Magnetic 5000 7,5W Czarny - \u2705 sklep z dronami i fachowym doradztwem. \u2705 Tutaj kupisz produkty DJI, Yuneec, Parrot, Syma i wiele innych, a tak\u017ce kursy i licencje na operatora drona.\",\"breadcrumb\":{\"@id\":\"https:\/\/ironsky.pl\/sklep\/produkt\/powerbank-ecoflow-rapid-magnetic-5000-75w-czarny\/#breadcrumb\"},\"inLanguage\":\"pl-PL\",\"potentialAction\":[{\"@type\":\"ReadAction\",\"target\":[\"https:\/\/ironsky.pl\/sklep\/produkt\/powerbank-ecoflow-rapid-magnetic-5000-75w-czarny\/\"]}]},{\"@type\":\"ImageObject\",\"inLanguage\":\"pl-PL\",\"@id\":\"https:\/\/ironsky.pl\/sklep\/produkt\/powerbank-ecoflow-rapid-magnetic-5000-75w-czarny\/#primaryimage\",\"url\":\"https:\/\/ironsky.pl\/sklep\/wp-content\/uploads\/2026\/04\/54820_1.jpg\",\"contentUrl\":\"https:\/\/ironsky.pl\/sklep\/wp-content\/uploads\/2026\/04\/54820_1.jpg\",\"width\":800,\"height\":800},{\"@type\":\"BreadcrumbList\",\"@id\":\"https:\/\/ironsky.pl\/sklep\/produkt\/powerbank-ecoflow-rapid-magnetic-5000-75w-czarny\/#breadcrumb\",\"itemListElement\":[{\"@type\":\"ListItem\",\"position\":1,\"name\":\"Strona g\u0142\u00f3wna\",\"item\":\"https:\/\/ironsky.pl\/sklep\/\"},{\"@type\":\"ListItem\",\"position\":2,\"name\":\"Wszystkie produkty\",\"item\":\"https:\/\/ironsky.pl\/sklep\/produkty\/\"},{\"@type\":\"ListItem\",\"position\":3,\"name\":\"Powerbank EcoFlow RAPID Magnetic 5000 7,5W Czarny\"}]},{\"@type\":\"WebSite\",\"@id\":\"https:\/\/ironsky.pl\/sklep\/#website\",\"url\":\"https:\/\/ironsky.pl\/sklep\/\",\"name\":\"IRONSKY.PL Sklep z Dronami\",\"description\":\"IRONSKY.PL Sklep z Dronami\",\"potentialAction\":[{\"@type\":\"SearchAction\",\"target\":{\"@type\":\"EntryPoint\",\"urlTemplate\":\"https:\/\/ironsky.pl\/sklep\/?s={search_term_string}\"},\"query-input\":{\"@type\":\"PropertyValueSpecification\",\"valueRequired\":true,\"valueName\":\"search_term_string\"}}],\"inLanguage\":\"pl-PL\"}]}<\/script>\n<!-- \/ Yoast SEO plugin. -->","yoast_head_json":{"title":"Powerbank EcoFlow RAPID Magnetic 5000 7,5W Czarny - IRONSKY.PL Sklep z Dronami","description":"Powerbank EcoFlow RAPID Magnetic 5000 7,5W Czarny - \u2705 sklep z dronami i fachowym doradztwem. \u2705 Tutaj kupisz produkty DJI, Yuneec, Parrot, Syma i wiele innych, a tak\u017ce kursy i licencje na operatora drona.","robots":{"index":"index","follow":"follow","max-snippet":"max-snippet:-1","max-image-preview":"max-image-preview:large","max-video-preview":"max-video-preview:-1"},"canonical":"https:\/\/ironsky.pl\/sklep\/produkt\/powerbank-ecoflow-rapid-magnetic-5000-75w-czarny\/","og_locale":"pl_PL","og_type":"article","og_title":"Powerbank EcoFlow RAPID Magnetic 5000 7,5W Czarny - IRONSKY.PL Sklep z Dronami","og_description":"Powerbank EcoFlow RAPID Magnetic 5000 7,5W Czarny - \u2705 sklep z dronami i fachowym doradztwem. \u2705 Tutaj kupisz produkty DJI, Yuneec, Parrot, Syma i wiele innych, a tak\u017ce kursy i licencje na operatora drona.","og_url":"https:\/\/ironsky.pl\/sklep\/produkt\/powerbank-ecoflow-rapid-magnetic-5000-75w-czarny\/","og_site_name":"IRONSKY.PL Sklep z Dronami","article_modified_time":"2026-04-21T08:15:14+00:00","og_image":[{"width":800,"height":800,"url":"https:\/\/ironsky.pl\/sklep\/wp-content\/uploads\/2026\/04\/54820_1.jpg","type":"image\/jpeg"}],"twitter_card":"summary_large_image","twitter_misc":{"Szacowany czas czytania":"2 minuty"},"schema":{"@context":"https:\/\/schema.org","@graph":[{"@type":"WebPage","@id":"https:\/\/ironsky.pl\/sklep\/produkt\/powerbank-ecoflow-rapid-magnetic-5000-75w-czarny\/","url":"https:\/\/ironsky.pl\/sklep\/produkt\/powerbank-ecoflow-rapid-magnetic-5000-75w-czarny\/","name":"Powerbank EcoFlow RAPID Magnetic 5000 7,5W Czarny - IRONSKY.PL Sklep z Dronami","isPartOf":{"@id":"https:\/\/ironsky.pl\/sklep\/#website"},"primaryImageOfPage":{"@id":"https:\/\/ironsky.pl\/sklep\/produkt\/powerbank-ecoflow-rapid-magnetic-5000-75w-czarny\/#primaryimage"},"image":{"@id":"https:\/\/ironsky.pl\/sklep\/produkt\/powerbank-ecoflow-rapid-magnetic-5000-75w-czarny\/#primaryimage"},"thumbnailUrl":"https:\/\/ironsky.pl\/sklep\/wp-content\/uploads\/2026\/04\/54820_1.jpg","datePublished":"2026-04-15T09:09:56+00:00","dateModified":"2026-04-21T08:15:14+00:00","description":"Powerbank EcoFlow RAPID Magnetic 5000 7,5W Czarny - \u2705 sklep z dronami i fachowym doradztwem. \u2705 Tutaj kupisz produkty DJI, Yuneec, Parrot, Syma i wiele innych, a tak\u017ce kursy i licencje na operatora drona.","breadcrumb":{"@id":"https:\/\/ironsky.pl\/sklep\/produkt\/powerbank-ecoflow-rapid-magnetic-5000-75w-czarny\/#breadcrumb"},"inLanguage":"pl-PL","potentialAction":[{"@type":"ReadAction","target":["https:\/\/ironsky.pl\/sklep\/produkt\/powerbank-ecoflow-rapid-magnetic-5000-75w-czarny\/"]}]},{"@type":"ImageObject","inLanguage":"pl-PL","@id":"https:\/\/ironsky.pl\/sklep\/produkt\/powerbank-ecoflow-rapid-magnetic-5000-75w-czarny\/#primaryimage","url":"https:\/\/ironsky.pl\/sklep\/wp-content\/uploads\/2026\/04\/54820_1.jpg","contentUrl":"https:\/\/ironsky.pl\/sklep\/wp-content\/uploads\/2026\/04\/54820_1.jpg","width":800,"height":800},{"@type":"BreadcrumbList","@id":"https:\/\/ironsky.pl\/sklep\/produkt\/powerbank-ecoflow-rapid-magnetic-5000-75w-czarny\/#breadcrumb","itemListElement":[{"@type":"ListItem","position":1,"name":"Strona g\u0142\u00f3wna","item":"https:\/\/ironsky.pl\/sklep\/"},{"@type":"ListItem","position":2,"name":"Wszystkie produkty","item":"https:\/\/ironsky.pl\/sklep\/produkty\/"},{"@type":"ListItem","position":3,"name":"Powerbank EcoFlow RAPID Magnetic 5000 7,5W Czarny"}]},{"@type":"WebSite","@id":"https:\/\/ironsky.pl\/sklep\/#website","url":"https:\/\/ironsky.pl\/sklep\/","name":"IRONSKY.PL Sklep z Dronami","description":"IRONSKY.PL Sklep z Dronami","potentialAction":[{"@type":"SearchAction","target":{"@type":"EntryPoint","urlTemplate":"https:\/\/ironsky.pl\/sklep\/?s={search_term_string}"},"query-input":{"@type":"PropertyValueSpecification","valueRequired":true,"valueName":"search_term_string"}}],"inLanguage":"pl-PL"}]}},"_links":{"self":[{"href":"https:\/\/ironsky.pl\/sklep\/wp-json\/wp\/v2\/product\/60886","targetHints":{"allow":["GET"]}}],"collection":[{"href":"https:\/\/ironsky.pl\/sklep\/wp-json\/wp\/v2\/product"}],"about":[{"href":"https:\/\/ironsky.pl\/sklep\/wp-json\/wp\/v2\/types\/product"}],"replies":[{"embeddable":true,"href":"https:\/\/ironsky.pl\/sklep\/wp-json\/wp\/v2\/comments?post=60886"}],"wp:featuredmedia":[{"embeddable":true,"href":"https:\/\/ironsky.pl\/sklep\/wp-json\/wp\/v2\/media\/60887"}],"wp:attachment":[{"href":"https:\/\/ironsky.pl\/sklep\/wp-json\/wp\/v2\/media?parent=60886"}],"wp:term":[{"taxonomy":"product_brand","embeddable":true,"href":"https:\/\/ironsky.pl\/sklep\/wp-json\/wp\/v2\/product_brand?post=60886"},{"taxonomy":"product_cat","embeddable":true,"href":"https:\/\/ironsky.pl\/sklep\/wp-json\/wp\/v2\/product_cat?post=60886"},{"taxonomy":"product_tag","embeddable":true,"href":"https:\/\/ironsky.pl\/sklep\/wp-json\/wp\/v2\/product_tag?post=60886"}],"curies":[{"name":"wp","href":"https:\/\/api.w.org\/{rel}","templated":true}]}}