{"id":60873,"date":"2026-04-15T11:09:39","date_gmt":"2026-04-15T09:09:39","guid":{"rendered":"https:\/\/ironsky.pl\/sklep\/produkt\/zestaw-grawerka-laserowa-xtool-f2-ultra-podajnik-xtool-auto-streamline-2\/"},"modified":"2026-04-15T11:09:49","modified_gmt":"2026-04-15T09:09:49","slug":"zestaw-grawerka-laserowa-xtool-f2-ultra-podajnik-xtool-auto-streamline-2","status":"publish","type":"product","link":"https:\/\/ironsky.pl\/sklep\/produkt\/zestaw-grawerka-laserowa-xtool-f2-ultra-podajnik-xtool-auto-streamline-2\/","title":{"rendered":"Zestaw grawerka laserowa xTool F2 Ultra + Podajnik xTool Auto Streamline\u2122"},"content":{"rendered":"<h3>Zestaw grawerka laserowa xTool F2 Ultra + Podajnik xTool Auto Streamline\u2122<\/h3>\n<p>xTool F2 Ultra to pierwsza na \u015bwiecie grawerka laserowa wyposa\u017cona w podw\u00f3jny system MOPA (Master Oscillator Power Amplifier, technologia umo\u017cliwiaj\u0105ca precyzyjn\u0105 kontrol\u0119 impuls\u00f3w lasera), \u0142\u0105cz\u0105cy moc 60 W lasera MOPA z diod\u0105 40 W. Ta rewolucyjna konstrukcja sprawia, \u017ce urz\u0105dzenie doskonale nadaje si\u0119 do wielu r\u00f3\u017cnych materia\u0142\u00f3w \u2013 od stali nierdzewnej i aluminium, przez srebro, plastik i drewno, po sk\u00f3r\u0119, szk\u0142o, kamie\u0144, gum\u0119 i wiele wi\u0119cej. Dzi\u0119ki zaawansowanej sztucznej inteligencji i podw\u00f3jnym kamerom 48 MP produkt automatycznie rozpoznaje tworzywa i optymalizuje ustawienia, zwi\u0119kszaj\u0105c precyzj\u0119. Dodatkowo pr\u0119dko\u015b\u0107 do 15 000 mm\/s i obszar roboczy o powierzchni 220 x 220 mm zapewniaj\u0105 maksymaln\u0105 efektywno\u015b\u0107. W sk\u0142ad zestawu wchodzi tak\u017ce podajnik xTool Auto Streamline\u2122.<\/p>\n<p>\n<img decoding=\"async\" src=\"https:\/\/assets.innpro.pl\/17907\/23759\/6.jpg\" border=\"0\" alt=\"czarna grawerka laserowa na gradientowym tle w odcieniach fioletu i r\u00f3\u017cu\" \/>\n<\/p>\n<h3>Rewolucyjna technologia \u2013 podw\u00f3jny system MOPA<\/h3>\n<p>Laser MOPA 60 W w po\u0142\u0105czeniu z laserem diodowym 40 W tworzy niespotykane wcze\u015bniej mo\u017cliwo\u015bci obr\u00f3bki materia\u0142\u00f3w. Pozwala mi\u0119dzy innymi na grawerowanie, tworzenie kolorowych wzor\u00f3w, t\u0142oczenie 3D i wycinanie w r\u00f3\u017cnych rodzajach metali. System umo\u017cliwia tak\u017ce wykonywanie holograficznych grawer\u00f3w na stali nierdzewnej i tytanie w ponad 100 sp\u00f3jnych barwach, obejmuj\u0105c 7 spektr\u00f3w kolorystycznych. Dzi\u0119ki tej technologii z \u0142atwo\u015bci\u0105 uzyskasz niesamowite efekty wizualne \u2013 to \u015bwietna opcja dla r\u0119kodzielnik\u00f3w, w\u0142a\u015bcicieli firm rzemie\u015blniczych, tw\u00f3rc\u00f3w bi\u017cuterii i nie tylko!<\/p>\n<p>\n<img decoding=\"async\" src=\"https:\/\/assets.innpro.pl\/17907\/23759\/1.jpg\" border=\"0\" alt=\"wn\u0119trze sklepu jubilerskiego z jasnymi rega\u0142ami, czerwonymi akcentami i grawerk\u0105 laserow\u0105 na ladzie\" \/>\n<\/p>\n<h3>Grawerka laserowa nap\u0119dzana przez AI<\/h3>\n<p>F2 Ultra to pierwszy laser MOPA, kt\u00f3ry wykorzystuje AI (Artificial Intelligence, sztuczna inteligencja), aby automatycznie wykrywa\u0107 materia\u0142y i stosowa\u0107 optymalne ustawienia bez konieczno\u015bci r\u0119cznej konfiguracji. Podw\u00f3jne kamery o rozdzielczo\u015bci 48 MP zwi\u0119kszaj\u0105 dok\u0142adno\u015b\u0107 pozycjonowania do 0,2 mm i poprawiaj\u0105 precyzj\u0119 o 60% wzgl\u0119dem system\u00f3w jednokamerowych.<\/p>\n<p>\n<img decoding=\"async\" src=\"https:\/\/assets.innpro.pl\/17907\/23759\/8.jpg\" border=\"0\" alt=\"dwana\u015bcie z\u0142otych monet z r\u00f3\u017cnymi grawerami u\u0142o\u017cone na turkusowej macie z siatk\u0105\" \/>\n<\/p>\n<h3>Maksymalna produktywno\u015b\u0107 z ultraszybkim grawerowaniem<\/h3>\n<p>Pr\u0119dko\u015b\u0107 grawerowania do 15 000 mm\/s sprawia, \u017ce F2 Ultra jest jedn\u0105 z najszybszych maszyn w swojej klasie. Mosi\u0119\u017cna moneta 40 x 40 mm zostanie wygrawerowana w zaledwie oko\u0142o 3 minuty i 19 sekund, a metalowa statuetka o wymiarach 100 x 30 mm \u2013 ju\u017c w oko\u0142o w 23 sekundy. Tak du\u017ca szybko\u015b\u0107 sprawia, \u017ce mo\u017cesz jeszcze efektywniej wykonywa\u0107 swoje codzienne zadania \u2013 czy to hobbystycznie, czy w ramach pracy.<\/p>\n<p>\n<img decoding=\"async\" src=\"https:\/\/assets.innpro.pl\/17907\/23759\/11.jpg\" border=\"0\" alt=\"M\u0119\u017cczyzna w zielonej koszuli siedzi przy biurku i trzyma z\u0142ot\u0105 monet\u0119 obok grawerki laserowej\" \/>\n<\/p>\n<h3>Wi\u0119kszy obszar roboczy otwiera nowe mo\u017cliwo\u015bci<\/h3>\n<p>Obszar roboczy 220 x 220 mm zapewnia znacznie wi\u0119cej przestrzeni ni\u017c standardowe rozwi\u0105zania. Du\u017co miejsca do pracy umo\u017cliwia realizacj\u0119 wi\u0119kszych projekt\u00f3w bez kompromis\u00f3w na precyzji \u2013 od drobnych element\u00f3w jubilerskich po du\u017ce deski do krojenia, podk\u0142adki czy dekoracje. W zestawie znajdziesz te\u017c podajnik Auto Streamline\u2122, kt\u00f3ry rozszerza obszar do oko\u0142o 220 x 500 mm, co zapewnia dodatkowe mo\u017cliwo\u015bci \u2013 przyda si\u0119 na przyk\u0142ad podczas produkcji seryjnej i realizacji zam\u00f3wie\u0144 hurtowych.<\/p>\n<p>\n<img decoding=\"async\" src=\"https:\/\/assets.innpro.pl\/17907\/23759\/2.jpg\" border=\"0\" alt=\"czarna grawerka laserowa na biurku z r\u00f3\u017cnymi przedmiotami\" \/>\n<\/p>\n<h3>Innowacyjne grawerowanie 3D Curve\u2122 i obr\u00f3bka cylindryczna<\/h3>\n<p>Ekskluzywna technologia xTool 3D Curve automatycznie tworzy modele 3D dla zakrzywionych powierzchni, umo\u017cliwiaj\u0105c bezproblemowe grawerowanie wzor\u00f3w na nieregularnych kszta\u0142tach. Dodatkowo RA2 Pro jako pierwszy na \u015bwiecie obrotowy system 4 w 1 (w oddzielnej sprzeda\u017cy) wspiera 90% grawerowania cylindrycznego, obs\u0142uguj\u0105c 4 formy rotacji dostosowane do takich kszta\u0142t\u00f3w, jak na przyk\u0142ad pier\u015bcionki, bombki \u015bwi\u0105teczne czy kubki.<\/p>\n<p>\n<img decoding=\"async\" src=\"https:\/\/assets.innpro.pl\/17907\/23759\/10.jpg\" border=\"0\" alt=\"d\u0142o\u0144 trzymaj\u0105ca bia\u0142\u0105 pi\u0142k\u0119 baseballow\u0105 z wygrawerowanym z\u0142otym napisem\" \/>\n<\/p>\n<h3>Bezpiecze\u0144stwo na najwy\u017cszym poziomie<\/h3>\n<p>Stabilny system ekstrakcji skutecznie usuwa dym i py\u0142 podczas grawerowania, utrzymuj\u0105c czyste i bezpieczne \u015brodowisko pracy. Ca\u0142kowicie zamkni\u0119ta pokrywa skutecznie blokuje szkodliwe \u015bwiat\u0142o zar\u00f3wno z lasera diodowego 455nm, jak i lasera MOPA, a przycisk awaryjnego zatrzymania oraz alarm bezpiecze\u0144stwa przeciwpo\u017carowego z automatycznym zatrzymaniem dodatkowo zwi\u0119kszaj\u0105 bezpiecze\u0144stwo.<\/p>\n<p>\n<img decoding=\"async\" src=\"https:\/\/assets.innpro.pl\/17907\/23759\/4.jpg\" border=\"0\" alt=\"dwie kobiety rozmawiaj\u0105 przy ladzie w sklepie jubilerskim\" \/>\n<\/p>\n<h3>Ekosystem oprogramowania xTool<\/h3>\n<p>Zaawansowane, a jednocze\u015bnie przyjazne u\u017cytkownikom oprogramowanie xTool Creative Space (xcs) znacznie u\u0142atwia proces grawerowania. Biblioteka ponad 300 materia\u0142\u00f3w pozwala na konfiguracj\u0119 bez testowania, a inteligentne planowanie \u015bcie\u017cek zwi\u0119ksza produktywno\u015b\u0107 nawet o 300%. Mo\u017cliwa jest te\u017c jednoczesna praca kilku urz\u0105dze\u0144. Ponadto platforma Atomm oferuje ponad 5000 gotowych pomys\u0142\u00f3w na projekty ze szczeg\u00f3\u0142owymi instrukcjami, a system Almake tworzy r\u00f3\u017cne wzory w a\u017c 10 dost\u0119pnych stylach na podstawie prompt\u00f3w u\u017cytkownika.<\/p>\n<p>\n<img decoding=\"async\" src=\"https:\/\/assets.innpro.pl\/17907\/23759\/7.jpg\" border=\"0\" alt=\"Kamienne bloki z grawerowanymi wzorami i tekstami u\u0142o\u017cone na drewnianej podstawie z rowkami\" \/>\n<\/p>\n<h3>W zestawie<\/h3>\n<ul class=\"list-disc pl-5\">\n<li>Grawerka laserowa xTool F2 Ultra<\/li>\n<li>Podajnik xTool Auto Streamline\u2122<\/li>\n<li>Kontroler dotykowy<\/li>\n<li>Rura<\/li>\n<li>Zasilacz<\/li>\n<li>Kabel zasilaj\u0105cy<\/li>\n<li>Kabel USB<\/li>\n<li>Klucz<\/li>\n<li>Panel \u017cebrowany<\/li>\n<li>Element pozycjonuj\u0105cy w kszta\u0142cie litery L<\/li>\n<li>\u015aciereczka bezpy\u0142owa<\/li>\n<li>\u015arubokr\u0119t<\/li>\n<li>Pakiet materia\u0142\u00f3w<\/li>\n<li>Skr\u00f3cona instrukcja obs\u0142ugi<\/li>\n<li>Instrukcje bezpiecze\u0144stwa<\/li>\n<\/ul>\n<div class=\"table-wrapper\">\n<p>\u00a0<\/p>\n<h3><\/h3>\n<table>\n<tbody>\n<tr>\n<th>Producent<\/th>\n<td>xTool<\/td>\n<\/tr>\n<tr>\n<th>Model<\/th>\n<td>P1010155<\/td>\n<\/tr>\n<tr>\n<th>Typ lasera<\/th>\n<td>Dioda 40 W + laser MOPA 60 W<\/td>\n<\/tr>\n<tr>\n<th>Tryb pracy<\/th>\n<td>Grawerowanie laserowe, ci\u0119cie laserowe<\/td>\n<\/tr>\n<tr>\n<th>Obs\u0142ugiwane materia\u0142y<\/th>\n<td>Do ci\u0119cia laserowego:<br \/>Dioda laserowa: papier, drewno, sk\u00f3ra, MDF, filc, niekt\u00f3re ciemne nieprzezroczyste akryle;<br \/>Laser MOPA: mosi\u0105dz, stal nierdzewna, aluminium;<\/p>\n<p>Do grawerowania laserowego:<br \/>Dioda laserowa: papier, drewno, sk\u00f3ra, MDF, stal nierdzewna, niekt\u00f3re ciemne nieprzezroczyste akryle, bambus, tkanina, ciemne szk\u0142o, ceramika, jadeit, marmur, \u0142upek, cement, ceg\u0142a, metal powlekany, metal malowany;<br \/>Laser MOPA: stal nierdzewna, aluminium, mosi\u0105dz, srebro, plastik, platyna, tytan, z\u0142oto<\/td>\n<\/tr>\n<tr>\n<th>Obszar roboczy<\/th>\n<td>Ok. 220 x 220 mm (8,6&#8243; \u00d7 8,6&#8243;); Ok. 220 x 500 mm (8,6&#8243; \u00d7 19,6&#8243;) z podajnikiem<\/td>\n<\/tr>\n<tr>\n<th>Maks. pr\u0119dko\u015b\u0107 pracy<\/th>\n<td>590,55 ips (15 000 mm\/s)<\/td>\n<\/tr>\n<tr>\n<th>Maks. grubo\u015b\u0107 ci\u0119cia laserowego (lipa)<\/th>\n<td>23 mm (0,91&#8243;) w wielu przej\u015bciach<\/td>\n<\/tr>\n<tr>\n<th>Maks. grubo\u015b\u0107 ci\u0119cia laserowego (akryl)<\/th>\n<td>20 mm (0,79&#8243;) w wielu przej\u015bciach<\/td>\n<\/tr>\n<tr>\n<th>Maks. wysoko\u015b\u0107 obr\u00f3bki<\/th>\n<td>150 mm<\/td>\n<\/tr>\n<tr>\n<th>Maks. \u015brednica grawerowania obrotowego<\/th>\n<td>150 mm<\/td>\n<\/tr>\n<tr>\n<th>Obs\u0142ugiwane oprogramowanie<\/th>\n<td>xTool Creative Space \/ Atommm<\/td>\n<\/tr>\n<tr>\n<th>System operacyjny<\/th>\n<td>Windows \/ macOS<\/td>\n<\/tr>\n<tr>\n<th>Metoda po\u0142\u0105czenia<\/th>\n<td>USB \/ Wi-Fi \/ IP<\/td>\n<\/tr>\n<tr>\n<th>Obs\u0142ugiwane pliki<\/th>\n<td>SVG \/ DXF \/ JPG \/ JPEG \/ PNG \/ BMP \/ TIF<\/td>\n<\/tr>\n<tr>\n<th>Kompatybilno\u015b\u0107 z Almake<\/th>\n<td>Tak<\/td>\n<\/tr>\n<tr>\n<th>Wst\u0119pnie zmontowane<\/th>\n<td>Tak<\/td>\n<\/tr>\n<tr>\n<th>Wbudowana kamera<\/th>\n<td>48 MP, podw\u00f3jna<\/td>\n<\/tr>\n<tr>\n<th>Metoda pozycjonowania<\/th>\n<td>Pozycjonowanie kamerowe<\/td>\n<\/tr>\n<tr>\n<th>Tryb ustawiania ostro\u015bci<\/th>\n<td>Autofokus<\/td>\n<\/tr>\n<tr>\n<th>System pomiarowy<\/th>\n<td>Nie dotyczy<\/td>\n<\/tr>\n<tr>\n<th>Metoda podgl\u0105du<\/th>\n<td>Inteligentny podgl\u0105d z kamery<\/td>\n<\/tr>\n<tr>\n<th>Rozmiar plamki lasera<\/th>\n<td>0,09 x 0,1 mm (laser diodowy 40 W); 0,03 x 0,03 mm (laser MOPA 60 W);<\/td>\n<\/tr>\n<tr>\n<th>Precyzja pozycjonowania<\/th>\n<td>0,2 mm<\/td>\n<\/tr>\n<tr>\n<th>Precyzja pomiarowa<\/th>\n<td>0,2 mm, kamera<\/td>\n<\/tr>\n<tr>\n<th>Rozdzielczo\u015b\u0107 obrazu<\/th>\n<td>Nie dotyczy<\/td>\n<\/tr>\n<tr>\n<th>Dok\u0142adno\u015b\u0107 ruchu<\/th>\n<td>0,00482 mm<\/td>\n<\/tr>\n<tr>\n<th>Certyfikat bezpiecze\u0144stwa<\/th>\n<td>Laser Klasy 4<\/td>\n<\/tr>\n<tr>\n<th>Wymiary produktu<\/th>\n<td>294 x 429 x 521 mm (11,57&#8243; \u00d7 16,88&#8243; \u00d7 20,51&#8243;)<\/td>\n<\/tr>\n<tr>\n<th>Waga<\/th>\n<td>F2 Ultra: 21,6 kg<\/td>\n<\/tr>\n<tr>\n<th>Maks. moc wej\u015bciowa urz\u0105dzenia<\/th>\n<td>400 W<\/td>\n<\/tr>\n<tr>\n<th>Napi\u0119cie wej\u015bciowe zasilacza<\/th>\n<td>100 V \u2013 240 V, AC 50\/60 Hz<\/td>\n<\/tr>\n<\/tbody>\n<\/table>\n<\/div>\n","protected":false},"excerpt":{"rendered":"<p>Zestaw grawerka laserowa xTool F2 Ultra + Podajnik xTool Auto Streamline\u2122 xTool F2 Ultra to pierwsza na \u015bwiecie grawerka laserowa<\/p>\n","protected":false},"featured_media":50321,"comment_status":"closed","ping_status":"open","template":"","meta":{"_acf_changed":false},"product_brand":[],"product_cat":[6218,6217,6219],"product_tag":[],"class_list":{"0":"post-60873","1":"product","2":"type-product","3":"status-publish","4":"has-post-thumbnail","6":"product_cat-grawerki-i-wycinarki-laserowe","7":"product_cat-technologie-kreatywne","8":"product_cat-urzadzenia","9":"pa_okres-gwarancji-5757","10":"pa_producent-xtool","12":"first","13":"outofstock","14":"taxable","15":"shipping-taxable","16":"purchasable","17":"product-type-simple"},"acf":[],"yoast_head":"<!-- This site is optimized with the Yoast SEO plugin v27.2 - https:\/\/yoast.com\/product\/yoast-seo-wordpress\/ -->\n<title>Zestaw grawerka laserowa xTool F2 Ultra + Podajnik xTool Auto Streamline\u2122 - IRONSKY.PL Sklep z Dronami<\/title>\n<meta name=\"description\" content=\"Zestaw grawerka laserowa xTool F2 Ultra + Podajnik xTool Auto Streamline\u2122 - \u2705 sklep z dronami i fachowym doradztwem. \u2705 Tutaj kupisz produkty DJI, Yuneec, Parrot, Syma i wiele innych, a tak\u017ce kursy i licencje na operatora drona.\" \/>\n<meta name=\"robots\" content=\"index, follow, max-snippet:-1, max-image-preview:large, max-video-preview:-1\" \/>\n<link rel=\"canonical\" href=\"https:\/\/ironsky.pl\/sklep\/produkt\/zestaw-grawerka-laserowa-xtool-f2-ultra-podajnik-xtool-auto-streamline-2\/\" \/>\n<meta property=\"og:locale\" content=\"pl_PL\" \/>\n<meta property=\"og:type\" content=\"article\" \/>\n<meta property=\"og:title\" content=\"Zestaw grawerka laserowa xTool F2 Ultra + Podajnik xTool Auto Streamline\u2122 - IRONSKY.PL Sklep z Dronami\" \/>\n<meta property=\"og:description\" content=\"Zestaw grawerka laserowa xTool F2 Ultra + Podajnik xTool Auto Streamline\u2122 - \u2705 sklep z dronami i fachowym doradztwem. \u2705 Tutaj kupisz produkty DJI, Yuneec, Parrot, Syma i wiele innych, a tak\u017ce kursy i licencje na operatora drona.\" \/>\n<meta property=\"og:url\" content=\"https:\/\/ironsky.pl\/sklep\/produkt\/zestaw-grawerka-laserowa-xtool-f2-ultra-podajnik-xtool-auto-streamline-2\/\" \/>\n<meta property=\"og:site_name\" content=\"IRONSKY.PL Sklep z Dronami\" \/>\n<meta property=\"article:modified_time\" content=\"2026-04-15T09:09:49+00:00\" \/>\n<meta property=\"og:image\" content=\"https:\/\/ironsky.pl\/sklep\/wp-content\/uploads\/2025\/10\/54764_1.jpg\" \/>\n\t<meta property=\"og:image:width\" content=\"800\" \/>\n\t<meta property=\"og:image:height\" content=\"800\" \/>\n\t<meta property=\"og:image:type\" content=\"image\/jpeg\" \/>\n<meta name=\"twitter:card\" content=\"summary_large_image\" \/>\n<meta name=\"twitter:label1\" content=\"Szacowany czas czytania\" \/>\n\t<meta name=\"twitter:data1\" content=\"5 minut\" \/>\n<script type=\"application\/ld+json\" class=\"yoast-schema-graph\">{\"@context\":\"https:\/\/schema.org\",\"@graph\":[{\"@type\":\"WebPage\",\"@id\":\"https:\/\/ironsky.pl\/sklep\/produkt\/zestaw-grawerka-laserowa-xtool-f2-ultra-podajnik-xtool-auto-streamline-2\/\",\"url\":\"https:\/\/ironsky.pl\/sklep\/produkt\/zestaw-grawerka-laserowa-xtool-f2-ultra-podajnik-xtool-auto-streamline-2\/\",\"name\":\"Zestaw grawerka laserowa xTool F2 Ultra + Podajnik xTool Auto Streamline\u2122 - IRONSKY.PL Sklep z Dronami\",\"isPartOf\":{\"@id\":\"https:\/\/ironsky.pl\/sklep\/#website\"},\"primaryImageOfPage\":{\"@id\":\"https:\/\/ironsky.pl\/sklep\/produkt\/zestaw-grawerka-laserowa-xtool-f2-ultra-podajnik-xtool-auto-streamline-2\/#primaryimage\"},\"image\":{\"@id\":\"https:\/\/ironsky.pl\/sklep\/produkt\/zestaw-grawerka-laserowa-xtool-f2-ultra-podajnik-xtool-auto-streamline-2\/#primaryimage\"},\"thumbnailUrl\":\"https:\/\/ironsky.pl\/sklep\/wp-content\/uploads\/2025\/10\/54764_1.jpg\",\"datePublished\":\"2026-04-15T09:09:39+00:00\",\"dateModified\":\"2026-04-15T09:09:49+00:00\",\"description\":\"Zestaw grawerka laserowa xTool F2 Ultra + Podajnik xTool Auto Streamline\u2122 - \u2705 sklep z dronami i fachowym doradztwem. \u2705 Tutaj kupisz produkty DJI, Yuneec, Parrot, Syma i wiele innych, a tak\u017ce kursy i licencje na operatora drona.\",\"breadcrumb\":{\"@id\":\"https:\/\/ironsky.pl\/sklep\/produkt\/zestaw-grawerka-laserowa-xtool-f2-ultra-podajnik-xtool-auto-streamline-2\/#breadcrumb\"},\"inLanguage\":\"pl-PL\",\"potentialAction\":[{\"@type\":\"ReadAction\",\"target\":[\"https:\/\/ironsky.pl\/sklep\/produkt\/zestaw-grawerka-laserowa-xtool-f2-ultra-podajnik-xtool-auto-streamline-2\/\"]}]},{\"@type\":\"ImageObject\",\"inLanguage\":\"pl-PL\",\"@id\":\"https:\/\/ironsky.pl\/sklep\/produkt\/zestaw-grawerka-laserowa-xtool-f2-ultra-podajnik-xtool-auto-streamline-2\/#primaryimage\",\"url\":\"https:\/\/ironsky.pl\/sklep\/wp-content\/uploads\/2025\/10\/54764_1.jpg\",\"contentUrl\":\"https:\/\/ironsky.pl\/sklep\/wp-content\/uploads\/2025\/10\/54764_1.jpg\",\"width\":800,\"height\":800},{\"@type\":\"BreadcrumbList\",\"@id\":\"https:\/\/ironsky.pl\/sklep\/produkt\/zestaw-grawerka-laserowa-xtool-f2-ultra-podajnik-xtool-auto-streamline-2\/#breadcrumb\",\"itemListElement\":[{\"@type\":\"ListItem\",\"position\":1,\"name\":\"Strona g\u0142\u00f3wna\",\"item\":\"https:\/\/ironsky.pl\/sklep\/\"},{\"@type\":\"ListItem\",\"position\":2,\"name\":\"Wszystkie produkty\",\"item\":\"https:\/\/ironsky.pl\/sklep\/produkty\/\"},{\"@type\":\"ListItem\",\"position\":3,\"name\":\"Zestaw grawerka laserowa xTool F2 Ultra + Podajnik xTool Auto Streamline\u2122\"}]},{\"@type\":\"WebSite\",\"@id\":\"https:\/\/ironsky.pl\/sklep\/#website\",\"url\":\"https:\/\/ironsky.pl\/sklep\/\",\"name\":\"IRONSKY.PL Sklep z Dronami\",\"description\":\"IRONSKY.PL Sklep z Dronami\",\"potentialAction\":[{\"@type\":\"SearchAction\",\"target\":{\"@type\":\"EntryPoint\",\"urlTemplate\":\"https:\/\/ironsky.pl\/sklep\/?s={search_term_string}\"},\"query-input\":{\"@type\":\"PropertyValueSpecification\",\"valueRequired\":true,\"valueName\":\"search_term_string\"}}],\"inLanguage\":\"pl-PL\"}]}<\/script>\n<!-- \/ Yoast SEO plugin. -->","yoast_head_json":{"title":"Zestaw grawerka laserowa xTool F2 Ultra + Podajnik xTool Auto Streamline\u2122 - IRONSKY.PL Sklep z Dronami","description":"Zestaw grawerka laserowa xTool F2 Ultra + Podajnik xTool Auto Streamline\u2122 - \u2705 sklep z dronami i fachowym doradztwem. \u2705 Tutaj kupisz produkty DJI, Yuneec, Parrot, Syma i wiele innych, a tak\u017ce kursy i licencje na operatora drona.","robots":{"index":"index","follow":"follow","max-snippet":"max-snippet:-1","max-image-preview":"max-image-preview:large","max-video-preview":"max-video-preview:-1"},"canonical":"https:\/\/ironsky.pl\/sklep\/produkt\/zestaw-grawerka-laserowa-xtool-f2-ultra-podajnik-xtool-auto-streamline-2\/","og_locale":"pl_PL","og_type":"article","og_title":"Zestaw grawerka laserowa xTool F2 Ultra + Podajnik xTool Auto Streamline\u2122 - IRONSKY.PL Sklep z Dronami","og_description":"Zestaw grawerka laserowa xTool F2 Ultra + Podajnik xTool Auto Streamline\u2122 - \u2705 sklep z dronami i fachowym doradztwem. \u2705 Tutaj kupisz produkty DJI, Yuneec, Parrot, Syma i wiele innych, a tak\u017ce kursy i licencje na operatora drona.","og_url":"https:\/\/ironsky.pl\/sklep\/produkt\/zestaw-grawerka-laserowa-xtool-f2-ultra-podajnik-xtool-auto-streamline-2\/","og_site_name":"IRONSKY.PL Sklep z Dronami","article_modified_time":"2026-04-15T09:09:49+00:00","og_image":[{"width":800,"height":800,"url":"https:\/\/ironsky.pl\/sklep\/wp-content\/uploads\/2025\/10\/54764_1.jpg","type":"image\/jpeg"}],"twitter_card":"summary_large_image","twitter_misc":{"Szacowany czas czytania":"5 minut"},"schema":{"@context":"https:\/\/schema.org","@graph":[{"@type":"WebPage","@id":"https:\/\/ironsky.pl\/sklep\/produkt\/zestaw-grawerka-laserowa-xtool-f2-ultra-podajnik-xtool-auto-streamline-2\/","url":"https:\/\/ironsky.pl\/sklep\/produkt\/zestaw-grawerka-laserowa-xtool-f2-ultra-podajnik-xtool-auto-streamline-2\/","name":"Zestaw grawerka laserowa xTool F2 Ultra + Podajnik xTool Auto Streamline\u2122 - IRONSKY.PL Sklep z Dronami","isPartOf":{"@id":"https:\/\/ironsky.pl\/sklep\/#website"},"primaryImageOfPage":{"@id":"https:\/\/ironsky.pl\/sklep\/produkt\/zestaw-grawerka-laserowa-xtool-f2-ultra-podajnik-xtool-auto-streamline-2\/#primaryimage"},"image":{"@id":"https:\/\/ironsky.pl\/sklep\/produkt\/zestaw-grawerka-laserowa-xtool-f2-ultra-podajnik-xtool-auto-streamline-2\/#primaryimage"},"thumbnailUrl":"https:\/\/ironsky.pl\/sklep\/wp-content\/uploads\/2025\/10\/54764_1.jpg","datePublished":"2026-04-15T09:09:39+00:00","dateModified":"2026-04-15T09:09:49+00:00","description":"Zestaw grawerka laserowa xTool F2 Ultra + Podajnik xTool Auto Streamline\u2122 - \u2705 sklep z dronami i fachowym doradztwem. \u2705 Tutaj kupisz produkty DJI, Yuneec, Parrot, Syma i wiele innych, a tak\u017ce kursy i licencje na operatora drona.","breadcrumb":{"@id":"https:\/\/ironsky.pl\/sklep\/produkt\/zestaw-grawerka-laserowa-xtool-f2-ultra-podajnik-xtool-auto-streamline-2\/#breadcrumb"},"inLanguage":"pl-PL","potentialAction":[{"@type":"ReadAction","target":["https:\/\/ironsky.pl\/sklep\/produkt\/zestaw-grawerka-laserowa-xtool-f2-ultra-podajnik-xtool-auto-streamline-2\/"]}]},{"@type":"ImageObject","inLanguage":"pl-PL","@id":"https:\/\/ironsky.pl\/sklep\/produkt\/zestaw-grawerka-laserowa-xtool-f2-ultra-podajnik-xtool-auto-streamline-2\/#primaryimage","url":"https:\/\/ironsky.pl\/sklep\/wp-content\/uploads\/2025\/10\/54764_1.jpg","contentUrl":"https:\/\/ironsky.pl\/sklep\/wp-content\/uploads\/2025\/10\/54764_1.jpg","width":800,"height":800},{"@type":"BreadcrumbList","@id":"https:\/\/ironsky.pl\/sklep\/produkt\/zestaw-grawerka-laserowa-xtool-f2-ultra-podajnik-xtool-auto-streamline-2\/#breadcrumb","itemListElement":[{"@type":"ListItem","position":1,"name":"Strona g\u0142\u00f3wna","item":"https:\/\/ironsky.pl\/sklep\/"},{"@type":"ListItem","position":2,"name":"Wszystkie produkty","item":"https:\/\/ironsky.pl\/sklep\/produkty\/"},{"@type":"ListItem","position":3,"name":"Zestaw grawerka laserowa xTool F2 Ultra + Podajnik xTool Auto Streamline\u2122"}]},{"@type":"WebSite","@id":"https:\/\/ironsky.pl\/sklep\/#website","url":"https:\/\/ironsky.pl\/sklep\/","name":"IRONSKY.PL Sklep z Dronami","description":"IRONSKY.PL Sklep z Dronami","potentialAction":[{"@type":"SearchAction","target":{"@type":"EntryPoint","urlTemplate":"https:\/\/ironsky.pl\/sklep\/?s={search_term_string}"},"query-input":{"@type":"PropertyValueSpecification","valueRequired":true,"valueName":"search_term_string"}}],"inLanguage":"pl-PL"}]}},"_links":{"self":[{"href":"https:\/\/ironsky.pl\/sklep\/wp-json\/wp\/v2\/product\/60873","targetHints":{"allow":["GET"]}}],"collection":[{"href":"https:\/\/ironsky.pl\/sklep\/wp-json\/wp\/v2\/product"}],"about":[{"href":"https:\/\/ironsky.pl\/sklep\/wp-json\/wp\/v2\/types\/product"}],"replies":[{"embeddable":true,"href":"https:\/\/ironsky.pl\/sklep\/wp-json\/wp\/v2\/comments?post=60873"}],"wp:featuredmedia":[{"embeddable":true,"href":"https:\/\/ironsky.pl\/sklep\/wp-json\/wp\/v2\/media\/50321"}],"wp:attachment":[{"href":"https:\/\/ironsky.pl\/sklep\/wp-json\/wp\/v2\/media?parent=60873"}],"wp:term":[{"taxonomy":"product_brand","embeddable":true,"href":"https:\/\/ironsky.pl\/sklep\/wp-json\/wp\/v2\/product_brand?post=60873"},{"taxonomy":"product_cat","embeddable":true,"href":"https:\/\/ironsky.pl\/sklep\/wp-json\/wp\/v2\/product_cat?post=60873"},{"taxonomy":"product_tag","embeddable":true,"href":"https:\/\/ironsky.pl\/sklep\/wp-json\/wp\/v2\/product_tag?post=60873"}],"curies":[{"name":"wp","href":"https:\/\/api.w.org\/{rel}","templated":true}]}}