{"id":60867,"date":"2026-04-15T11:09:39","date_gmt":"2026-04-15T09:09:39","guid":{"rendered":"https:\/\/ironsky.pl\/sklep\/produkt\/zestaw-montazowy-dji-manifold-3-dla-matrice-400-2\/"},"modified":"2026-04-15T11:09:41","modified_gmt":"2026-04-15T09:09:41","slug":"zestaw-montazowy-dji-manifold-3-dla-matrice-400-2","status":"publish","type":"product","link":"https:\/\/ironsky.pl\/sklep\/produkt\/zestaw-montazowy-dji-manifold-3-dla-matrice-400-2\/","title":{"rendered":"Zestaw monta\u017cowy DJI Manifold 3 dla Matrice 400"},"content":{"rendered":"<h3>Zestaw monta\u017cowy DJI Manifold 3 dla Matrice 400<\/h3>\n<p>Ten praktyczny zestaw monta\u017cowy umo\u017cliwia szybk\u0105 i pewn\u0105 instalacj\u0119 komputera pok\u0142adowego Manifold 3 na dronie DJI Matrice 400, zapewniaj\u0105c stabiln\u0105 prac\u0119 nawet w wymagaj\u0105cych warunkach operacyjnych. W komplecie znajduj\u0105 si\u0119 wszystkie niezb\u0119dne elementy, w tym z\u0142\u0105cza, przew\u00f3d koncentryczny, \u015bruby monta\u017cowe oraz \u015brubokr\u0119t z wymiennymi ko\u0144c\u00f3wkami. Dzi\u0119ki temu monta\u017c przebiega szybko i bezproblemowo.<\/p>\n<p>\n<img decoding=\"async\" src=\"https:\/\/assets.innpro.pl\/17805\/23630\/4.jpg\" border=\"0\" alt=\"Zestaw monta\u017cowy DJI Manifold 3 dla Matrice 400 ze \u015brubokr\u0119tem, \u015brubami, przewodem i innymi elementami na szarym tle\" \/>\n<\/p>\n<h3>W zestawie<\/h3>\n<ul class=\"list-disc pl-5\">\n<li>Z\u0142\u0105cze (Matrice 400) \u00d71<\/li>\n<li>Przew\u00f3d koncentryczny (Matrice 400) \u00d71<\/li>\n<li>\u015aruba (Matrice 400) \u00d76<\/li>\n<li>\u015aruba (Manifold 3) \u00d76<\/li>\n<li>\u015aruba przewodu koncentrycznego (Matrice 400) \u00d72<\/li>\n<li>\u015aruba przewodu koncentrycznego (Manifold 3) \u00d72<\/li>\n<li>Uchwyt \u015brubokr\u0119ta \u00d71<\/li>\n<li>Ko\u0144c\u00f3wka \u015brubokr\u0119ta (krzy\u017cak i imbus 2,5 mm) \u00d71<\/li>\n<li>Ko\u0144c\u00f3wka \u015brubokr\u0119ta (imbus 1,5 mm i 2,0 mm) \u00d71<\/li>\n<\/ul>\n<div class=\"table-wrapper\">\n<p>\u00a0<\/p>\n<h3><\/h3>\n<table>\n<tbody>\n<tr>\n<th>Producent<\/th>\n<td>DJI<\/td>\n<\/tr>\n<tr>\n<th>Nazwa<\/th>\n<td>Manifold 3 Accessory Kit (Matrice 400)<\/td>\n<\/tr>\n<tr>\n<th>Waga<\/th>\n<td>24,3 g (z\u0142\u0105cze, przew\u00f3d i wymagane \u015bruby)<\/td>\n<\/tr>\n<tr>\n<th>Kompatybilno\u015b\u0107<\/th>\n<td>DJI Manifold 3, DJI Matrice 400<\/td>\n<\/tr>\n<\/tbody>\n<\/table>\n<\/div>\n","protected":false},"excerpt":{"rendered":"<p>Zestaw monta\u017cowy DJI Manifold 3 dla Matrice 400 Ten praktyczny zestaw monta\u017cowy umo\u017cliwia szybk\u0105 i pewn\u0105 instalacj\u0119 komputera pok\u0142adowego Manifold<\/p>\n","protected":false},"featured_media":50046,"comment_status":"closed","ping_status":"open","template":"","meta":{"_acf_changed":false},"product_brand":[],"product_cat":[6169,1088,1105],"product_tag":[],"class_list":{"0":"post-60867","1":"product","2":"type-product","3":"status-publish","4":"has-post-thumbnail","6":"product_cat-akcesoria-i-czesci","7":"product_cat-drony","8":"product_cat-przemyslowe","9":"pa_okres-gwarancji-5757","10":"pa_producent-dji-enterprise","12":"first","13":"instock","14":"taxable","15":"shipping-taxable","16":"purchasable","17":"product-type-simple"},"acf":[],"yoast_head":"<!-- This site is optimized with the Yoast SEO plugin v27.2 - https:\/\/yoast.com\/product\/yoast-seo-wordpress\/ -->\n<title>Zestaw monta\u017cowy DJI Manifold 3 dla Matrice 400 - IRONSKY.PL Sklep z Dronami<\/title>\n<meta name=\"description\" content=\"Zestaw monta\u017cowy DJI Manifold 3 dla Matrice 400 - \u2705 sklep z dronami i fachowym doradztwem. \u2705 Tutaj kupisz produkty DJI, Yuneec, Parrot, Syma i wiele innych, a tak\u017ce kursy i licencje na operatora drona.\" \/>\n<meta name=\"robots\" content=\"index, follow, max-snippet:-1, max-image-preview:large, max-video-preview:-1\" \/>\n<link rel=\"canonical\" href=\"https:\/\/ironsky.pl\/sklep\/produkt\/zestaw-montazowy-dji-manifold-3-dla-matrice-400-2\/\" \/>\n<meta property=\"og:locale\" content=\"pl_PL\" \/>\n<meta property=\"og:type\" content=\"article\" \/>\n<meta property=\"og:title\" content=\"Zestaw monta\u017cowy DJI Manifold 3 dla Matrice 400 - IRONSKY.PL Sklep z Dronami\" \/>\n<meta property=\"og:description\" content=\"Zestaw monta\u017cowy DJI Manifold 3 dla Matrice 400 - \u2705 sklep z dronami i fachowym doradztwem. \u2705 Tutaj kupisz produkty DJI, Yuneec, Parrot, Syma i wiele innych, a tak\u017ce kursy i licencje na operatora drona.\" \/>\n<meta property=\"og:url\" content=\"https:\/\/ironsky.pl\/sklep\/produkt\/zestaw-montazowy-dji-manifold-3-dla-matrice-400-2\/\" \/>\n<meta property=\"og:site_name\" content=\"IRONSKY.PL Sklep z Dronami\" \/>\n<meta property=\"article:modified_time\" content=\"2026-04-15T09:09:41+00:00\" \/>\n<meta property=\"og:image\" content=\"https:\/\/ironsky.pl\/sklep\/wp-content\/uploads\/2025\/10\/54663_1.jpg\" \/>\n\t<meta property=\"og:image:width\" content=\"800\" \/>\n\t<meta property=\"og:image:height\" content=\"800\" \/>\n\t<meta property=\"og:image:type\" content=\"image\/jpeg\" \/>\n<meta name=\"twitter:card\" content=\"summary_large_image\" \/>\n<meta name=\"twitter:label1\" content=\"Szacowany czas czytania\" \/>\n\t<meta name=\"twitter:data1\" content=\"1 minuta\" \/>\n<script type=\"application\/ld+json\" class=\"yoast-schema-graph\">{\"@context\":\"https:\/\/schema.org\",\"@graph\":[{\"@type\":\"WebPage\",\"@id\":\"https:\/\/ironsky.pl\/sklep\/produkt\/zestaw-montazowy-dji-manifold-3-dla-matrice-400-2\/\",\"url\":\"https:\/\/ironsky.pl\/sklep\/produkt\/zestaw-montazowy-dji-manifold-3-dla-matrice-400-2\/\",\"name\":\"Zestaw monta\u017cowy DJI Manifold 3 dla Matrice 400 - IRONSKY.PL Sklep z Dronami\",\"isPartOf\":{\"@id\":\"https:\/\/ironsky.pl\/sklep\/#website\"},\"primaryImageOfPage\":{\"@id\":\"https:\/\/ironsky.pl\/sklep\/produkt\/zestaw-montazowy-dji-manifold-3-dla-matrice-400-2\/#primaryimage\"},\"image\":{\"@id\":\"https:\/\/ironsky.pl\/sklep\/produkt\/zestaw-montazowy-dji-manifold-3-dla-matrice-400-2\/#primaryimage\"},\"thumbnailUrl\":\"https:\/\/ironsky.pl\/sklep\/wp-content\/uploads\/2025\/10\/54663_1.jpg\",\"datePublished\":\"2026-04-15T09:09:39+00:00\",\"dateModified\":\"2026-04-15T09:09:41+00:00\",\"description\":\"Zestaw monta\u017cowy DJI Manifold 3 dla Matrice 400 - \u2705 sklep z dronami i fachowym doradztwem. \u2705 Tutaj kupisz produkty DJI, Yuneec, Parrot, Syma i wiele innych, a tak\u017ce kursy i licencje na operatora drona.\",\"breadcrumb\":{\"@id\":\"https:\/\/ironsky.pl\/sklep\/produkt\/zestaw-montazowy-dji-manifold-3-dla-matrice-400-2\/#breadcrumb\"},\"inLanguage\":\"pl-PL\",\"potentialAction\":[{\"@type\":\"ReadAction\",\"target\":[\"https:\/\/ironsky.pl\/sklep\/produkt\/zestaw-montazowy-dji-manifold-3-dla-matrice-400-2\/\"]}]},{\"@type\":\"ImageObject\",\"inLanguage\":\"pl-PL\",\"@id\":\"https:\/\/ironsky.pl\/sklep\/produkt\/zestaw-montazowy-dji-manifold-3-dla-matrice-400-2\/#primaryimage\",\"url\":\"https:\/\/ironsky.pl\/sklep\/wp-content\/uploads\/2025\/10\/54663_1.jpg\",\"contentUrl\":\"https:\/\/ironsky.pl\/sklep\/wp-content\/uploads\/2025\/10\/54663_1.jpg\",\"width\":800,\"height\":800},{\"@type\":\"BreadcrumbList\",\"@id\":\"https:\/\/ironsky.pl\/sklep\/produkt\/zestaw-montazowy-dji-manifold-3-dla-matrice-400-2\/#breadcrumb\",\"itemListElement\":[{\"@type\":\"ListItem\",\"position\":1,\"name\":\"Strona g\u0142\u00f3wna\",\"item\":\"https:\/\/ironsky.pl\/sklep\/\"},{\"@type\":\"ListItem\",\"position\":2,\"name\":\"Wszystkie produkty\",\"item\":\"https:\/\/ironsky.pl\/sklep\/produkty\/\"},{\"@type\":\"ListItem\",\"position\":3,\"name\":\"Zestaw monta\u017cowy DJI Manifold 3 dla Matrice 400\"}]},{\"@type\":\"WebSite\",\"@id\":\"https:\/\/ironsky.pl\/sklep\/#website\",\"url\":\"https:\/\/ironsky.pl\/sklep\/\",\"name\":\"IRONSKY.PL Sklep z Dronami\",\"description\":\"IRONSKY.PL Sklep z Dronami\",\"potentialAction\":[{\"@type\":\"SearchAction\",\"target\":{\"@type\":\"EntryPoint\",\"urlTemplate\":\"https:\/\/ironsky.pl\/sklep\/?s={search_term_string}\"},\"query-input\":{\"@type\":\"PropertyValueSpecification\",\"valueRequired\":true,\"valueName\":\"search_term_string\"}}],\"inLanguage\":\"pl-PL\"}]}<\/script>\n<!-- \/ Yoast SEO plugin. -->","yoast_head_json":{"title":"Zestaw monta\u017cowy DJI Manifold 3 dla Matrice 400 - IRONSKY.PL Sklep z Dronami","description":"Zestaw monta\u017cowy DJI Manifold 3 dla Matrice 400 - \u2705 sklep z dronami i fachowym doradztwem. \u2705 Tutaj kupisz produkty DJI, Yuneec, Parrot, Syma i wiele innych, a tak\u017ce kursy i licencje na operatora drona.","robots":{"index":"index","follow":"follow","max-snippet":"max-snippet:-1","max-image-preview":"max-image-preview:large","max-video-preview":"max-video-preview:-1"},"canonical":"https:\/\/ironsky.pl\/sklep\/produkt\/zestaw-montazowy-dji-manifold-3-dla-matrice-400-2\/","og_locale":"pl_PL","og_type":"article","og_title":"Zestaw monta\u017cowy DJI Manifold 3 dla Matrice 400 - IRONSKY.PL Sklep z Dronami","og_description":"Zestaw monta\u017cowy DJI Manifold 3 dla Matrice 400 - \u2705 sklep z dronami i fachowym doradztwem. \u2705 Tutaj kupisz produkty DJI, Yuneec, Parrot, Syma i wiele innych, a tak\u017ce kursy i licencje na operatora drona.","og_url":"https:\/\/ironsky.pl\/sklep\/produkt\/zestaw-montazowy-dji-manifold-3-dla-matrice-400-2\/","og_site_name":"IRONSKY.PL Sklep z Dronami","article_modified_time":"2026-04-15T09:09:41+00:00","og_image":[{"width":800,"height":800,"url":"https:\/\/ironsky.pl\/sklep\/wp-content\/uploads\/2025\/10\/54663_1.jpg","type":"image\/jpeg"}],"twitter_card":"summary_large_image","twitter_misc":{"Szacowany czas czytania":"1 minuta"},"schema":{"@context":"https:\/\/schema.org","@graph":[{"@type":"WebPage","@id":"https:\/\/ironsky.pl\/sklep\/produkt\/zestaw-montazowy-dji-manifold-3-dla-matrice-400-2\/","url":"https:\/\/ironsky.pl\/sklep\/produkt\/zestaw-montazowy-dji-manifold-3-dla-matrice-400-2\/","name":"Zestaw monta\u017cowy DJI Manifold 3 dla Matrice 400 - IRONSKY.PL Sklep z Dronami","isPartOf":{"@id":"https:\/\/ironsky.pl\/sklep\/#website"},"primaryImageOfPage":{"@id":"https:\/\/ironsky.pl\/sklep\/produkt\/zestaw-montazowy-dji-manifold-3-dla-matrice-400-2\/#primaryimage"},"image":{"@id":"https:\/\/ironsky.pl\/sklep\/produkt\/zestaw-montazowy-dji-manifold-3-dla-matrice-400-2\/#primaryimage"},"thumbnailUrl":"https:\/\/ironsky.pl\/sklep\/wp-content\/uploads\/2025\/10\/54663_1.jpg","datePublished":"2026-04-15T09:09:39+00:00","dateModified":"2026-04-15T09:09:41+00:00","description":"Zestaw monta\u017cowy DJI Manifold 3 dla Matrice 400 - \u2705 sklep z dronami i fachowym doradztwem. \u2705 Tutaj kupisz produkty DJI, Yuneec, Parrot, Syma i wiele innych, a tak\u017ce kursy i licencje na operatora drona.","breadcrumb":{"@id":"https:\/\/ironsky.pl\/sklep\/produkt\/zestaw-montazowy-dji-manifold-3-dla-matrice-400-2\/#breadcrumb"},"inLanguage":"pl-PL","potentialAction":[{"@type":"ReadAction","target":["https:\/\/ironsky.pl\/sklep\/produkt\/zestaw-montazowy-dji-manifold-3-dla-matrice-400-2\/"]}]},{"@type":"ImageObject","inLanguage":"pl-PL","@id":"https:\/\/ironsky.pl\/sklep\/produkt\/zestaw-montazowy-dji-manifold-3-dla-matrice-400-2\/#primaryimage","url":"https:\/\/ironsky.pl\/sklep\/wp-content\/uploads\/2025\/10\/54663_1.jpg","contentUrl":"https:\/\/ironsky.pl\/sklep\/wp-content\/uploads\/2025\/10\/54663_1.jpg","width":800,"height":800},{"@type":"BreadcrumbList","@id":"https:\/\/ironsky.pl\/sklep\/produkt\/zestaw-montazowy-dji-manifold-3-dla-matrice-400-2\/#breadcrumb","itemListElement":[{"@type":"ListItem","position":1,"name":"Strona g\u0142\u00f3wna","item":"https:\/\/ironsky.pl\/sklep\/"},{"@type":"ListItem","position":2,"name":"Wszystkie produkty","item":"https:\/\/ironsky.pl\/sklep\/produkty\/"},{"@type":"ListItem","position":3,"name":"Zestaw monta\u017cowy DJI Manifold 3 dla Matrice 400"}]},{"@type":"WebSite","@id":"https:\/\/ironsky.pl\/sklep\/#website","url":"https:\/\/ironsky.pl\/sklep\/","name":"IRONSKY.PL Sklep z Dronami","description":"IRONSKY.PL Sklep z Dronami","potentialAction":[{"@type":"SearchAction","target":{"@type":"EntryPoint","urlTemplate":"https:\/\/ironsky.pl\/sklep\/?s={search_term_string}"},"query-input":{"@type":"PropertyValueSpecification","valueRequired":true,"valueName":"search_term_string"}}],"inLanguage":"pl-PL"}]}},"_links":{"self":[{"href":"https:\/\/ironsky.pl\/sklep\/wp-json\/wp\/v2\/product\/60867","targetHints":{"allow":["GET"]}}],"collection":[{"href":"https:\/\/ironsky.pl\/sklep\/wp-json\/wp\/v2\/product"}],"about":[{"href":"https:\/\/ironsky.pl\/sklep\/wp-json\/wp\/v2\/types\/product"}],"replies":[{"embeddable":true,"href":"https:\/\/ironsky.pl\/sklep\/wp-json\/wp\/v2\/comments?post=60867"}],"wp:featuredmedia":[{"embeddable":true,"href":"https:\/\/ironsky.pl\/sklep\/wp-json\/wp\/v2\/media\/50046"}],"wp:attachment":[{"href":"https:\/\/ironsky.pl\/sklep\/wp-json\/wp\/v2\/media?parent=60867"}],"wp:term":[{"taxonomy":"product_brand","embeddable":true,"href":"https:\/\/ironsky.pl\/sklep\/wp-json\/wp\/v2\/product_brand?post=60867"},{"taxonomy":"product_cat","embeddable":true,"href":"https:\/\/ironsky.pl\/sklep\/wp-json\/wp\/v2\/product_cat?post=60867"},{"taxonomy":"product_tag","embeddable":true,"href":"https:\/\/ironsky.pl\/sklep\/wp-json\/wp\/v2\/product_tag?post=60867"}],"curies":[{"name":"wp","href":"https:\/\/api.w.org\/{rel}","templated":true}]}}