{"id":60858,"date":"2026-04-15T11:09:19","date_gmt":"2026-04-15T09:09:19","guid":{"rendered":"https:\/\/ironsky.pl\/sklep\/produkt\/adapter-podrozny-ugreen-s550-65w-2xusb-c-1xusb-a\/"},"modified":"2026-04-15T11:09:32","modified_gmt":"2026-04-15T09:09:32","slug":"adapter-podrozny-ugreen-s550-65w-2xusb-c-1xusb-a","status":"publish","type":"product","link":"https:\/\/ironsky.pl\/sklep\/produkt\/adapter-podrozny-ugreen-s550-65w-2xusb-c-1xusb-a\/","title":{"rendered":"Adapter podr\u00f3\u017cny UGREEN S550 65W 2xUSB-C 1xUSB-A"},"content":{"rendered":"<h3>Uniwersalny adapter podr\u00f3\u017cny \/ \u0142adowarka sieciowa Ugreen S550, 65W, 2x USB-C, 1x USB-A<\/h3>\n<p>Ugreen S550 to wszechstronny adapter podr\u00f3\u017cny z funkcj\u0105 \u0142adowarki sieciowej, kt\u00f3ry sprawdzi si\u0119 zar\u00f3wno na wakacjach, jak i podczas wyjazd\u00f3w s\u0142u\u017cbowych. Dzi\u0119ki wbudowanym wtyczkom dla USA, Wielkiej Brytanii, Niemiec i Chin, pasuje do ponad 90% gniazdek na \u015bwiecie. Niewielki, ale bardzo wydajny \u2013 oferuje szybkie \u0142adowanie a\u017c trzech urz\u0105dze\u0144 jednocze\u015bnie, przy zachowaniu pe\u0142nego bezpiecze\u0144stwa i nowoczesnej technologii GaN (Gallium Nitride, azotek galu, pozwala na tworzenie mniejszych, wydajniejszych i mniej nagrzewaj\u0105cych si\u0119 \u0142adowarek).<\/p>\n<p>\n<img decoding=\"async\" src=\"https:\/\/assets.innpro.pl\/17898\/23745\/9.jpg\" border=\"0\" alt=\"Adapter Ugreen S550 w czarnym kolorze na ciemnym tle, obok stoi ten sam model odwr\u00f3cony ty\u0142em do kamery.\" \/>\n<\/p>\n<h3>Pracuje w ka\u017cdym zak\u0105tku \u015bwiata<\/h3>\n<p>Model S550 zosta\u0142 zaprojektowany z my\u015bl\u0105 o osobach, kt\u00f3re cz\u0119sto podr\u00f3\u017cuj\u0105 i nie chc\u0105 zabiera\u0107 ze sob\u0105 kilku r\u00f3\u017cnych adapter\u00f3w. Dzi\u0119ki zintegrowanym wtyczkom (US, UK, DE, CN) bez problemu pod\u0142\u0105czysz go do wi\u0119kszo\u015bci gniazdek u\u017cywanych na ca\u0142ym \u015bwiecie. To inteligentne rozwi\u0105zanie, kt\u00f3re zast\u0119puje wiele urz\u0105dze\u0144 i oszcz\u0119dza miejsce w baga\u017cu.<\/p>\n<p>\n<img decoding=\"async\" src=\"https:\/\/assets.innpro.pl\/17898\/23745\/8.jpg\" border=\"0\" alt=\"M\u0119\u017cczyzna w garniturze \u0142aduj\u0105cy swojego smartfona za pomoc\u0105 \u0142adowarki Ugreen S550.\" \/>\n<\/p>\n<h3>Innowacyjne technologie dla bezpiecznej pracy<\/h3>\n<p>Zastosowany w tym modelu uk\u0142ad GaN pozwala na osi\u0105gni\u0119cie wi\u0119kszej wydajno\u015bci \u0142adowania przy jednoczesnym zmniejszeniu nagrzewania si\u0119 urz\u0105dzenia. Dzi\u0119ki temu \u0142adowarka jest bardziej energooszcz\u0119dna, trwalsza i bezpieczniejsza w codziennym u\u017cytkowaniu. To szczeg\u00f3lnie istotne podczas wielogodzinnego \u0142adowania sprz\u0119tu w podr\u00f3\u017cy. Natomiast wbudowana technologia zarz\u0105dzania temperatur\u0105 automatycznie dostosowuje dzia\u0142anie urz\u0105dzenia, zapobiegaj\u0105c przegrzewaniu. Adapter dzia\u0142a stabilnie nawet przy intensywnym u\u017cytkowaniu, co przek\u0142ada si\u0119 na jego d\u0142u\u017csz\u0105 \u017cywotno\u015b\u0107 i bezpiecze\u0144stwo pod\u0142\u0105czonych sprz\u0119t\u00f3w.<\/p>\n<p>\n<img decoding=\"async\" src=\"https:\/\/assets.innpro.pl\/17898\/23745\/2.jpg\" border=\"0\" alt=\"Wizualizacja wn\u0119trza adaptera Ugreen S550 z wykorzystan\u0105 technologi\u0105 GaN.\" \/>\n<\/p>\n<h3>Szybkie \u0142adowanie trzech urz\u0105dze\u0144 jednocze\u015bnie<\/h3>\n<p>Ugreen S550 oferuje trzy porty, w tym dwa USB-C i jeden USB-A (Universal Serial Bus, standard z\u0142\u0105cza i przesy\u0142u danych, kt\u00f3ry s\u0142u\u017cy r\u00f3wnie\u017c do \u0142adowania urz\u0105dze\u0144 elektronicznych), z mo\u017cliwo\u015bci\u0105 jednoczesnego \u0142adowania trzech urz\u0105dze\u0144. Dzi\u0119ki inteligentnemu rozdzielaniu mocy (7.5W + 7.5W + 45W), ka\u017cde z nich \u0142adowane jest optymalnie. Takie rozwi\u0105zanie wp\u0142ywa na \u017cywotno\u015b\u0107 akumulatora pod\u0142\u0105czonego sprz\u0119tu, bez ryzyka jego przegrzania czy prze\u0142adowania. Port USB-C obs\u0142uguje protok\u00f3\u0142 szybkiego \u0142adowania PD 65W (Power Delivery, technologia szybkiego \u0142adowania, kt\u00f3ra dzia\u0142a przez z\u0142\u0105cze USB-C, umo\u017cliwiaj\u0105ca \u0142adowanie urz\u0105dze\u0144 wi\u0119ksz\u0105 moc\u0105), co pozwala na\u0142adowa\u0107 MacBooka Pro do 51% w zaledwie 30 minut.<\/p>\n<p>\n<img decoding=\"async\" src=\"https:\/\/assets.innpro.pl\/17898\/23745\/7.jpg\" border=\"0\" alt=\"\u0141adowarka Ugreen S550 zasilaj\u0105ca kamer\u0119, smartfona, s\u0142uchawki bezprzewodowe i laptopa.\" \/>\n<\/p>\n<h3>Proste rozwi\u0105zanie na ka\u017cd\u0105 podr\u00f3\u017c<\/h3>\n<p>Opr\u00f3cz funkcji adaptera Ugreen S550 spe\u0142nia tak\u017ce rol\u0119 pe\u0142noprawnej \u0142adowarki sieciowej. Rozwi\u0105zanie 2w1 sprawia, \u017ce nie musisz zabiera\u0107 osobnych urz\u0105dze\u0144 do \u0142adowania i pod\u0142\u0105czania sprz\u0119tu. Prosta konstrukcja i intuicyjna obs\u0142uga sprawiaj\u0105, \u017ce korzystanie z niego nie wymaga \u017cadnych dodatkowych instrukcji. Sprawdza si\u0119 w samolocie, hotelu i biurze \u2013 wsz\u0119dzie tam, gdzie potrzebujesz pewnego \u017ar\u00f3d\u0142a zasilania dla swojego laptopa, telefonu czy tabletu. Dzi\u0119ki kompaktowym wymiarom bez problemu zmie\u015bci si\u0119 w torbie lub plecaku.<\/p>\n<p>\n<img decoding=\"async\" src=\"https:\/\/assets.innpro.pl\/17898\/23745\/12.jpg\" border=\"0\" alt=\"D\u0142o\u0144 trzymaj\u0105ca adapter Ugreen S550.\" \/>\n<\/p>\n<div class=\"table-wrapper\">\n<p>\u00a0<\/p>\n<h3><\/h3>\n<table>\n<tbody>\n<tr>\n<th>Producent<\/th>\n<td>Ugreen<\/td>\n<\/tr>\n<tr>\n<th>Model<\/th>\n<td>S550<\/td>\n<\/tr>\n<tr>\n<th>Wsparcie dla szybkiego \u0142adowania<\/th>\n<td>Tak, PD 65W<\/td>\n<\/tr>\n<tr>\n<th>Pr\u0105d znamieniowy<\/th>\n<td>10A<\/td>\n<\/tr>\n<tr>\n<th>Napi\u0119cie znamieniowe<\/th>\n<td>125V~(US)\/250V~(DE\/CN\/UK)<\/td>\n<\/tr>\n<tr>\n<th>Moc<\/th>\n<td>1250W\/(US)\/2500W(D\/CN\/UK)<\/td>\n<\/tr>\n<tr>\n<th>Wej\u015bcie USB <\/th>\n<td>100-240V~50\/60Hz 1.6A MAX<\/td>\n<\/tr>\n<tr>\n<th>Wyj\u015bcie USB-C1<\/th>\n<td>5V\/3A 9V\/3A 12V\/3A 15V\/3A; 20V\/3.25A 65W MAX<\/td>\n<\/tr>\n<tr>\n<th>Wyj\u015bcie USB-C2<\/th>\n<td>5V\/3A 15W MAX<\/td>\n<\/tr>\n<tr>\n<th>Wyj\u015bcie USB-A<\/th>\n<td>5V\/2.4A 12W MAX<\/td>\n<\/tr>\n<tr>\n<th>Wymiary<\/th>\n<td>79 x 62.6 x 65.8 mm<\/td>\n<\/tr>\n<tr>\n<th>Waga<\/th>\n<td>300 g<\/td>\n<\/tr>\n<\/tbody>\n<\/table>\n<\/div>\n","protected":false},"excerpt":{"rendered":"<p>Uniwersalny adapter podr\u00f3\u017cny \/ \u0142adowarka sieciowa Ugreen S550, 65W, 2x USB-C, 1x USB-A Ugreen S550 to wszechstronny adapter podr\u00f3\u017cny z<\/p>\n","protected":false},"featured_media":50014,"comment_status":"closed","ping_status":"open","template":"","meta":{"_acf_changed":false},"product_brand":[],"product_cat":[5930,5929],"product_tag":[],"class_list":{"0":"post-60858","1":"product","2":"type-product","3":"status-publish","4":"has-post-thumbnail","6":"product_cat-adaptery-przejsciowki-konwertery","7":"product_cat-akcesoria-it","8":"pa_okres-gwarancji-5757","9":"pa_producent-ugreen","11":"first","12":"outofstock","13":"taxable","14":"shipping-taxable","15":"purchasable","16":"product-type-simple"},"acf":[],"yoast_head":"<!-- This site is optimized with the Yoast SEO plugin v27.2 - https:\/\/yoast.com\/product\/yoast-seo-wordpress\/ -->\n<title>Adapter podr\u00f3\u017cny UGREEN S550 65W 2xUSB-C 1xUSB-A - IRONSKY.PL Sklep z Dronami<\/title>\n<meta name=\"description\" content=\"Adapter podr\u00f3\u017cny UGREEN S550 65W 2xUSB-C 1xUSB-A - \u2705 sklep z dronami i fachowym doradztwem. \u2705 Tutaj kupisz produkty DJI, Yuneec, Parrot, Syma i wiele innych, a tak\u017ce kursy i licencje na operatora drona.\" \/>\n<meta name=\"robots\" content=\"index, follow, max-snippet:-1, max-image-preview:large, max-video-preview:-1\" \/>\n<link rel=\"canonical\" href=\"https:\/\/ironsky.pl\/sklep\/produkt\/adapter-podrozny-ugreen-s550-65w-2xusb-c-1xusb-a\/\" \/>\n<meta property=\"og:locale\" content=\"pl_PL\" \/>\n<meta property=\"og:type\" content=\"article\" \/>\n<meta property=\"og:title\" content=\"Adapter podr\u00f3\u017cny UGREEN S550 65W 2xUSB-C 1xUSB-A - IRONSKY.PL Sklep z Dronami\" \/>\n<meta property=\"og:description\" content=\"Adapter podr\u00f3\u017cny UGREEN S550 65W 2xUSB-C 1xUSB-A - \u2705 sklep z dronami i fachowym doradztwem. \u2705 Tutaj kupisz produkty DJI, Yuneec, Parrot, Syma i wiele innych, a tak\u017ce kursy i licencje na operatora drona.\" \/>\n<meta property=\"og:url\" content=\"https:\/\/ironsky.pl\/sklep\/produkt\/adapter-podrozny-ugreen-s550-65w-2xusb-c-1xusb-a\/\" \/>\n<meta property=\"og:site_name\" content=\"IRONSKY.PL Sklep z Dronami\" \/>\n<meta property=\"article:modified_time\" content=\"2026-04-15T09:09:32+00:00\" \/>\n<meta property=\"og:image\" content=\"https:\/\/ironsky.pl\/sklep\/wp-content\/uploads\/2025\/10\/54588_1.jpg\" \/>\n\t<meta property=\"og:image:width\" content=\"800\" \/>\n\t<meta property=\"og:image:height\" content=\"800\" \/>\n\t<meta property=\"og:image:type\" content=\"image\/jpeg\" \/>\n<meta name=\"twitter:card\" content=\"summary_large_image\" \/>\n<meta name=\"twitter:label1\" content=\"Szacowany czas czytania\" \/>\n\t<meta name=\"twitter:data1\" content=\"3 minuty\" \/>\n<script type=\"application\/ld+json\" class=\"yoast-schema-graph\">{\"@context\":\"https:\/\/schema.org\",\"@graph\":[{\"@type\":\"WebPage\",\"@id\":\"https:\/\/ironsky.pl\/sklep\/produkt\/adapter-podrozny-ugreen-s550-65w-2xusb-c-1xusb-a\/\",\"url\":\"https:\/\/ironsky.pl\/sklep\/produkt\/adapter-podrozny-ugreen-s550-65w-2xusb-c-1xusb-a\/\",\"name\":\"Adapter podr\u00f3\u017cny UGREEN S550 65W 2xUSB-C 1xUSB-A - IRONSKY.PL Sklep z Dronami\",\"isPartOf\":{\"@id\":\"https:\/\/ironsky.pl\/sklep\/#website\"},\"primaryImageOfPage\":{\"@id\":\"https:\/\/ironsky.pl\/sklep\/produkt\/adapter-podrozny-ugreen-s550-65w-2xusb-c-1xusb-a\/#primaryimage\"},\"image\":{\"@id\":\"https:\/\/ironsky.pl\/sklep\/produkt\/adapter-podrozny-ugreen-s550-65w-2xusb-c-1xusb-a\/#primaryimage\"},\"thumbnailUrl\":\"https:\/\/ironsky.pl\/sklep\/wp-content\/uploads\/2025\/10\/54588_1.jpg\",\"datePublished\":\"2026-04-15T09:09:19+00:00\",\"dateModified\":\"2026-04-15T09:09:32+00:00\",\"description\":\"Adapter podr\u00f3\u017cny UGREEN S550 65W 2xUSB-C 1xUSB-A - \u2705 sklep z dronami i fachowym doradztwem. \u2705 Tutaj kupisz produkty DJI, Yuneec, Parrot, Syma i wiele innych, a tak\u017ce kursy i licencje na operatora drona.\",\"breadcrumb\":{\"@id\":\"https:\/\/ironsky.pl\/sklep\/produkt\/adapter-podrozny-ugreen-s550-65w-2xusb-c-1xusb-a\/#breadcrumb\"},\"inLanguage\":\"pl-PL\",\"potentialAction\":[{\"@type\":\"ReadAction\",\"target\":[\"https:\/\/ironsky.pl\/sklep\/produkt\/adapter-podrozny-ugreen-s550-65w-2xusb-c-1xusb-a\/\"]}]},{\"@type\":\"ImageObject\",\"inLanguage\":\"pl-PL\",\"@id\":\"https:\/\/ironsky.pl\/sklep\/produkt\/adapter-podrozny-ugreen-s550-65w-2xusb-c-1xusb-a\/#primaryimage\",\"url\":\"https:\/\/ironsky.pl\/sklep\/wp-content\/uploads\/2025\/10\/54588_1.jpg\",\"contentUrl\":\"https:\/\/ironsky.pl\/sklep\/wp-content\/uploads\/2025\/10\/54588_1.jpg\",\"width\":800,\"height\":800},{\"@type\":\"BreadcrumbList\",\"@id\":\"https:\/\/ironsky.pl\/sklep\/produkt\/adapter-podrozny-ugreen-s550-65w-2xusb-c-1xusb-a\/#breadcrumb\",\"itemListElement\":[{\"@type\":\"ListItem\",\"position\":1,\"name\":\"Strona g\u0142\u00f3wna\",\"item\":\"https:\/\/ironsky.pl\/sklep\/\"},{\"@type\":\"ListItem\",\"position\":2,\"name\":\"Wszystkie produkty\",\"item\":\"https:\/\/ironsky.pl\/sklep\/produkty\/\"},{\"@type\":\"ListItem\",\"position\":3,\"name\":\"Adapter podr\u00f3\u017cny UGREEN S550 65W 2xUSB-C 1xUSB-A\"}]},{\"@type\":\"WebSite\",\"@id\":\"https:\/\/ironsky.pl\/sklep\/#website\",\"url\":\"https:\/\/ironsky.pl\/sklep\/\",\"name\":\"IRONSKY.PL Sklep z Dronami\",\"description\":\"IRONSKY.PL Sklep z Dronami\",\"potentialAction\":[{\"@type\":\"SearchAction\",\"target\":{\"@type\":\"EntryPoint\",\"urlTemplate\":\"https:\/\/ironsky.pl\/sklep\/?s={search_term_string}\"},\"query-input\":{\"@type\":\"PropertyValueSpecification\",\"valueRequired\":true,\"valueName\":\"search_term_string\"}}],\"inLanguage\":\"pl-PL\"}]}<\/script>\n<!-- \/ Yoast SEO plugin. -->","yoast_head_json":{"title":"Adapter podr\u00f3\u017cny UGREEN S550 65W 2xUSB-C 1xUSB-A - IRONSKY.PL Sklep z Dronami","description":"Adapter podr\u00f3\u017cny UGREEN S550 65W 2xUSB-C 1xUSB-A - \u2705 sklep z dronami i fachowym doradztwem. \u2705 Tutaj kupisz produkty DJI, Yuneec, Parrot, Syma i wiele innych, a tak\u017ce kursy i licencje na operatora drona.","robots":{"index":"index","follow":"follow","max-snippet":"max-snippet:-1","max-image-preview":"max-image-preview:large","max-video-preview":"max-video-preview:-1"},"canonical":"https:\/\/ironsky.pl\/sklep\/produkt\/adapter-podrozny-ugreen-s550-65w-2xusb-c-1xusb-a\/","og_locale":"pl_PL","og_type":"article","og_title":"Adapter podr\u00f3\u017cny UGREEN S550 65W 2xUSB-C 1xUSB-A - IRONSKY.PL Sklep z Dronami","og_description":"Adapter podr\u00f3\u017cny UGREEN S550 65W 2xUSB-C 1xUSB-A - \u2705 sklep z dronami i fachowym doradztwem. \u2705 Tutaj kupisz produkty DJI, Yuneec, Parrot, Syma i wiele innych, a tak\u017ce kursy i licencje na operatora drona.","og_url":"https:\/\/ironsky.pl\/sklep\/produkt\/adapter-podrozny-ugreen-s550-65w-2xusb-c-1xusb-a\/","og_site_name":"IRONSKY.PL Sklep z Dronami","article_modified_time":"2026-04-15T09:09:32+00:00","og_image":[{"width":800,"height":800,"url":"https:\/\/ironsky.pl\/sklep\/wp-content\/uploads\/2025\/10\/54588_1.jpg","type":"image\/jpeg"}],"twitter_card":"summary_large_image","twitter_misc":{"Szacowany czas czytania":"3 minuty"},"schema":{"@context":"https:\/\/schema.org","@graph":[{"@type":"WebPage","@id":"https:\/\/ironsky.pl\/sklep\/produkt\/adapter-podrozny-ugreen-s550-65w-2xusb-c-1xusb-a\/","url":"https:\/\/ironsky.pl\/sklep\/produkt\/adapter-podrozny-ugreen-s550-65w-2xusb-c-1xusb-a\/","name":"Adapter podr\u00f3\u017cny UGREEN S550 65W 2xUSB-C 1xUSB-A - IRONSKY.PL Sklep z Dronami","isPartOf":{"@id":"https:\/\/ironsky.pl\/sklep\/#website"},"primaryImageOfPage":{"@id":"https:\/\/ironsky.pl\/sklep\/produkt\/adapter-podrozny-ugreen-s550-65w-2xusb-c-1xusb-a\/#primaryimage"},"image":{"@id":"https:\/\/ironsky.pl\/sklep\/produkt\/adapter-podrozny-ugreen-s550-65w-2xusb-c-1xusb-a\/#primaryimage"},"thumbnailUrl":"https:\/\/ironsky.pl\/sklep\/wp-content\/uploads\/2025\/10\/54588_1.jpg","datePublished":"2026-04-15T09:09:19+00:00","dateModified":"2026-04-15T09:09:32+00:00","description":"Adapter podr\u00f3\u017cny UGREEN S550 65W 2xUSB-C 1xUSB-A - \u2705 sklep z dronami i fachowym doradztwem. \u2705 Tutaj kupisz produkty DJI, Yuneec, Parrot, Syma i wiele innych, a tak\u017ce kursy i licencje na operatora drona.","breadcrumb":{"@id":"https:\/\/ironsky.pl\/sklep\/produkt\/adapter-podrozny-ugreen-s550-65w-2xusb-c-1xusb-a\/#breadcrumb"},"inLanguage":"pl-PL","potentialAction":[{"@type":"ReadAction","target":["https:\/\/ironsky.pl\/sklep\/produkt\/adapter-podrozny-ugreen-s550-65w-2xusb-c-1xusb-a\/"]}]},{"@type":"ImageObject","inLanguage":"pl-PL","@id":"https:\/\/ironsky.pl\/sklep\/produkt\/adapter-podrozny-ugreen-s550-65w-2xusb-c-1xusb-a\/#primaryimage","url":"https:\/\/ironsky.pl\/sklep\/wp-content\/uploads\/2025\/10\/54588_1.jpg","contentUrl":"https:\/\/ironsky.pl\/sklep\/wp-content\/uploads\/2025\/10\/54588_1.jpg","width":800,"height":800},{"@type":"BreadcrumbList","@id":"https:\/\/ironsky.pl\/sklep\/produkt\/adapter-podrozny-ugreen-s550-65w-2xusb-c-1xusb-a\/#breadcrumb","itemListElement":[{"@type":"ListItem","position":1,"name":"Strona g\u0142\u00f3wna","item":"https:\/\/ironsky.pl\/sklep\/"},{"@type":"ListItem","position":2,"name":"Wszystkie produkty","item":"https:\/\/ironsky.pl\/sklep\/produkty\/"},{"@type":"ListItem","position":3,"name":"Adapter podr\u00f3\u017cny UGREEN S550 65W 2xUSB-C 1xUSB-A"}]},{"@type":"WebSite","@id":"https:\/\/ironsky.pl\/sklep\/#website","url":"https:\/\/ironsky.pl\/sklep\/","name":"IRONSKY.PL Sklep z Dronami","description":"IRONSKY.PL Sklep z Dronami","potentialAction":[{"@type":"SearchAction","target":{"@type":"EntryPoint","urlTemplate":"https:\/\/ironsky.pl\/sklep\/?s={search_term_string}"},"query-input":{"@type":"PropertyValueSpecification","valueRequired":true,"valueName":"search_term_string"}}],"inLanguage":"pl-PL"}]}},"_links":{"self":[{"href":"https:\/\/ironsky.pl\/sklep\/wp-json\/wp\/v2\/product\/60858","targetHints":{"allow":["GET"]}}],"collection":[{"href":"https:\/\/ironsky.pl\/sklep\/wp-json\/wp\/v2\/product"}],"about":[{"href":"https:\/\/ironsky.pl\/sklep\/wp-json\/wp\/v2\/types\/product"}],"replies":[{"embeddable":true,"href":"https:\/\/ironsky.pl\/sklep\/wp-json\/wp\/v2\/comments?post=60858"}],"wp:featuredmedia":[{"embeddable":true,"href":"https:\/\/ironsky.pl\/sklep\/wp-json\/wp\/v2\/media\/50014"}],"wp:attachment":[{"href":"https:\/\/ironsky.pl\/sklep\/wp-json\/wp\/v2\/media?parent=60858"}],"wp:term":[{"taxonomy":"product_brand","embeddable":true,"href":"https:\/\/ironsky.pl\/sklep\/wp-json\/wp\/v2\/product_brand?post=60858"},{"taxonomy":"product_cat","embeddable":true,"href":"https:\/\/ironsky.pl\/sklep\/wp-json\/wp\/v2\/product_cat?post=60858"},{"taxonomy":"product_tag","embeddable":true,"href":"https:\/\/ironsky.pl\/sklep\/wp-json\/wp\/v2\/product_tag?post=60858"}],"curies":[{"name":"wp","href":"https:\/\/api.w.org\/{rel}","templated":true}]}}