{"id":60855,"date":"2026-04-15T11:09:19","date_gmt":"2026-04-15T09:09:19","guid":{"rendered":"https:\/\/ironsky.pl\/sklep\/produkt\/czytnik-kart-ugreen-cm898-usb-c-sd-microsd-czarny\/"},"modified":"2026-04-15T11:09:28","modified_gmt":"2026-04-15T09:09:28","slug":"czytnik-kart-ugreen-cm898-usb-c-sd-microsd-czarny","status":"publish","type":"product","link":"https:\/\/ironsky.pl\/sklep\/produkt\/czytnik-kart-ugreen-cm898-usb-c-sd-microsd-czarny\/","title":{"rendered":"Czytnik kart UGREEN CM898 USB-C SD\/microSD (czarny)"},"content":{"rendered":"<h3>Adapter \/ czytnik kart 3w1 Ugreen CM898, USB-C, MagSafe, SD\/TF (czarny)<\/h3>\n<p>Ugreen CM898 to wielofunkcyjny adapter 3w1, kt\u00f3ry \u0142\u0105czy w sobie funkcje czytnika kart SD (Secure Digital, typ wi\u0119kszej karty pami\u0119ci stosowany najcz\u0119\u015bciej w aparatach fotograficznych, kamerach, laptopach i niekt\u00f3rych tabletach) i TF (TransFlash, inna nazwa dla karty microSD, czyli niewielkiej karty pami\u0119ci u\u017cywanej g\u0142\u00f3wnie w smartfonach, kamerach sportowych, dronach i innych kompaktowych urz\u0105dzeniach elektronicznych), \u0142adowarki i z\u0142\u0105cza danych. Stworzony z my\u015bl\u0105 o posiadaczach nowoczesnych smartfon\u00f3w i laptop\u00f3w, idealnie sprawdzi si\u0119 w pracy kreatywnej, podr\u00f3\u017cy czy codziennym u\u017cytkowaniu. Kompaktowy, magnetyczny i kompatybilny z urz\u0105dzeniami Apple i Android \u2013 to ma\u0142e akcesorium, kt\u00f3re zaskoczy Ci\u0119 swoimi mo\u017cliwo\u015bciami.<\/p>\n<p>\n<img decoding=\"async\" src=\"https:\/\/assets.innpro.pl\/17895\/23741\/8.jpg\" border=\"0\" alt=\"Adapter Ugreen CM898 pod\u0142\u0105czony do smartfona, ma w\u0142o\u017con\u0105 kart\u0119 SD.\" \/>\n<\/p>\n<h3>Szybki transfer danych<\/h3>\n<p>Ugreen CM898 zosta\u0142 wyposa\u017cony w port USB 3.0 (Universal Serial Bus, standard z\u0142\u0105cza i protoko\u0142u transmisji danych, wykorzystywany do przesy\u0142ania plik\u00f3w i \u0142adowania urz\u0105dze\u0144), kt\u00f3ry oferuje pr\u0119dko\u015b\u0107 przesy\u0142u danych do 5 Gb\/s. To oznacza, \u017ce nawet du\u017ce pliki wideo w jako\u015bci 4K ProRes mo\u017cesz przes\u0142a\u0107 w zaledwie kilka sekund. Czytnik obs\u0142uguje jednoczesny odczyt i zapis z kart SD i TF, co znacz\u0105co przyspiesza Twoj\u0105 prac\u0119, bez konieczno\u015bci ci\u0105g\u0142ego prze\u0142\u0105czania kart.<\/p>\n<p>\n<img decoding=\"async\" src=\"https:\/\/assets.innpro.pl\/17895\/23741\/4.jpg\" border=\"0\" alt=\"Adapter Ugreen CM898 z kart\u0105 SD pod\u0142\u0105czony do laptopa.\" \/>\n<\/p>\n<h3>Obs\u0142uga kart UHS-II i pami\u0119ci do 2 TB<\/h3>\n<p>Nie musisz si\u0119 ju\u017c martwi\u0107 o miejsce. Adapter obs\u0142uguje karty pami\u0119ci o pojemno\u015bci a\u017c do 2 TB, a tak\u017ce standard UHS-II (Ultra High Speed, klasa pr\u0119dko\u015bci zapisu i odczytu kart pami\u0119ci SD), co gwarantuje szybki i stabilny transfer \u2013 nawet przy pracy z du\u017cymi plikami wideo. Maksymalna pr\u0119dko\u015b\u0107 odczytu si\u0119ga a\u017c 312 MB\/s (standard SD4.0), dzi\u0119ki czemu Ugreen CM898 sprawdzi si\u0119 zar\u00f3wno w profesjonalnej edycji materia\u0142\u00f3w, jak i codziennej kopii zapasowej danych.<\/p>\n<p>\n<img decoding=\"async\" src=\"https:\/\/assets.innpro.pl\/17895\/23741\/15.jpg\" border=\"0\" alt=\"Adapter Ugreen CM898 pod\u0142\u0105czony do kabla i smartfona trzymanego w d\u0142oni.\" \/>\n<\/p>\n<h3>\u0141adowanie z moc\u0105 do 100 W<\/h3>\n<p>Dzi\u0119ki wsparciu dla PD 100 W (Power Delivery, technologia szybkiego \u0142adowania przez z\u0142\u0105cze USB-C), adapter pozwala na szybkie \u0142adowanie Twojego telefonu, tabletu czy laptopa bez przerywania pracy z danymi. Mo\u017cesz jednocze\u015bnie przesy\u0142a\u0107 pliki i \u0142adowa\u0107 urz\u0105dzenie, co jest niezwykle wygodne, zw\u0142aszcza w podr\u00f3\u017cy lub podczas pracy w terenie.<\/p>\n<p>\n<img decoding=\"async\" src=\"https:\/\/assets.innpro.pl\/17895\/23741\/13.jpg\" border=\"0\" alt=\"Adapter Ugreen CM898 \u0142aduj\u0105cy smartfona.\" \/>\n<\/p>\n<h3>Magnetyczne mocowanie<\/h3>\n<p>Model CM898 zosta\u0142 wyposa\u017cony w mocny magnes, kt\u00f3ry pewnie trzyma si\u0119 tylnej cz\u0119\u015bci iPhone\u2019a serii 15 i 16 \u2013 r\u00f3wnie\u017c w przypadku oryginalnych oraz magnetycznych etui Ugreen. Dzi\u0119ki temu adapter nie przesuwa si\u0119 w trakcie u\u017cytkowania, co zapewnia wygod\u0119 i bezpiecze\u0144stwo dla Twojego sprz\u0119tu.<\/p>\n<p>\n<img decoding=\"async\" src=\"https:\/\/assets.innpro.pl\/17895\/23741\/7.jpg\" border=\"0\" alt=\"Magnetyczne mocowanie adaptera Ugreen CM898.\" \/>\n<\/p>\n<h3>Zgodno\u015b\u0107 z wieloma urz\u0105dzeniami<\/h3>\n<p>Adapter dzia\u0142a z najnowszymi iPhone\u2019ami, a tak\u017ce z urz\u0105dzeniami z systemem Android (Samsung, Xiaomi), iPadami, tabletami, oraz laptopami r\u00f3\u017cnych marek, takich jak MacBook, Lenovo, Dell czy HP. Rozwi\u0105zanie typu plug&amp;play sprawia, \u017ce monta\u017c urz\u0105dzenia jest prosty i wygodny \u2013 bez instalowania dodatkowych sterownik\u00f3w i zb\u0119dnych komplikacji.<\/p>\n<p>\n<img decoding=\"async\" src=\"https:\/\/assets.innpro.pl\/17895\/23741\/3.jpg\" border=\"0\" alt=\"M\u0119\u017cczyzna trzymaj\u0105cy smartfona, do kt\u00f3rego pod\u0142\u0105czony jest adapter Ugreen CM898.\" \/>\n<\/p>\n<div class=\"table-wrapper\">\n<p>\u00a0<\/p>\n<h3><\/h3>\n<table>\n<tbody>\n<tr>\n<th>Producent<\/th>\n<td>Ugreen<\/td>\n<\/tr>\n<tr>\n<th>Model<\/th>\n<td>CM898<\/td>\n<\/tr>\n<tr>\n<th>Z\u0142\u0105cze<\/th>\n<td>USB-C<\/td>\n<\/tr>\n<tr>\n<th>Obs\u0142ugiwane karty<\/th>\n<td>SD (SD4.0, UHS-I\/II), TF<\/td>\n<\/tr>\n<tr>\n<th>Maksymalna pojemno\u015b\u0107 karty<\/th>\n<td>do 2 TB<\/td>\n<\/tr>\n<tr>\n<th>Pr\u0119dko\u015b\u0107 odczytu SD\/TF<\/th>\n<td>do 312 MB\/s<\/td>\n<\/tr>\n<tr>\n<th>Transfer danych USB<\/th>\n<td>USB 3.0 \u2013 do 5 Gb\/s<\/td>\n<\/tr>\n<tr>\n<th>\u0141adowanie<\/th>\n<td>Szybkie \u0142adowanie PD 100W <\/td>\n<\/tr>\n<tr>\n<th>Funkcja \u0142adowania i transmisji danych jednocze\u015bnie<\/th>\n<td>Obs\u0142ugiwana<\/td>\n<\/tr>\n<tr>\n<th>Kompatybilno\u015b\u0107<\/th>\n<td>iPhone 15\/16, Samsung, Xiaomi, iPady, tablety Samsung, MacBook, Lenovo, Dell, HP<\/td>\n<\/tr>\n<tr>\n<th>Magnetyczne mocowanie<\/th>\n<td>Tak (iPhone 15\/16 + kompatybilne etui)<\/td>\n<\/tr>\n<tr>\n<th>Obs\u0142uga wideo<\/th>\n<td>4K ProRes<\/td>\n<\/tr>\n<\/tbody>\n<\/table>\n<\/div>\n","protected":false},"excerpt":{"rendered":"<p>Adapter \/ czytnik kart 3w1 Ugreen CM898, USB-C, MagSafe, SD\/TF (czarny) Ugreen CM898 to wielofunkcyjny adapter 3w1, kt\u00f3ry \u0142\u0105czy w<\/p>\n","protected":false},"featured_media":50006,"comment_status":"closed","ping_status":"open","template":"","meta":{"_acf_changed":false},"product_brand":[],"product_cat":[5930,5929],"product_tag":[],"class_list":{"0":"post-60855","1":"product","2":"type-product","3":"status-publish","4":"has-post-thumbnail","6":"product_cat-adaptery-przejsciowki-konwertery","7":"product_cat-akcesoria-it","8":"pa_okres-gwarancji-5757","9":"pa_producent-ugreen","11":"first","12":"outofstock","13":"taxable","14":"shipping-taxable","15":"purchasable","16":"product-type-simple"},"acf":[],"yoast_head":"<!-- This site is optimized with the Yoast SEO plugin v27.2 - https:\/\/yoast.com\/product\/yoast-seo-wordpress\/ -->\n<title>Czytnik kart UGREEN CM898 USB-C SD\/microSD (czarny) - IRONSKY.PL Sklep z Dronami<\/title>\n<meta name=\"description\" content=\"Czytnik kart UGREEN CM898 USB-C SD\/microSD (czarny) - \u2705 sklep z dronami i fachowym doradztwem. \u2705 Tutaj kupisz produkty DJI, Yuneec, Parrot, Syma i wiele innych, a tak\u017ce kursy i licencje na operatora drona.\" \/>\n<meta name=\"robots\" content=\"index, follow, max-snippet:-1, max-image-preview:large, max-video-preview:-1\" \/>\n<link rel=\"canonical\" href=\"https:\/\/ironsky.pl\/sklep\/produkt\/czytnik-kart-ugreen-cm898-usb-c-sd-microsd-czarny\/\" \/>\n<meta property=\"og:locale\" content=\"pl_PL\" \/>\n<meta property=\"og:type\" content=\"article\" \/>\n<meta property=\"og:title\" content=\"Czytnik kart UGREEN CM898 USB-C SD\/microSD (czarny) - IRONSKY.PL Sklep z Dronami\" \/>\n<meta property=\"og:description\" content=\"Czytnik kart UGREEN CM898 USB-C SD\/microSD (czarny) - \u2705 sklep z dronami i fachowym doradztwem. \u2705 Tutaj kupisz produkty DJI, Yuneec, Parrot, Syma i wiele innych, a tak\u017ce kursy i licencje na operatora drona.\" \/>\n<meta property=\"og:url\" content=\"https:\/\/ironsky.pl\/sklep\/produkt\/czytnik-kart-ugreen-cm898-usb-c-sd-microsd-czarny\/\" \/>\n<meta property=\"og:site_name\" content=\"IRONSKY.PL Sklep z Dronami\" \/>\n<meta property=\"article:modified_time\" content=\"2026-04-15T09:09:28+00:00\" \/>\n<meta property=\"og:image\" content=\"https:\/\/ironsky.pl\/sklep\/wp-content\/uploads\/2025\/10\/54585_1.jpg\" \/>\n\t<meta property=\"og:image:width\" content=\"800\" \/>\n\t<meta property=\"og:image:height\" content=\"800\" \/>\n\t<meta property=\"og:image:type\" content=\"image\/jpeg\" \/>\n<meta name=\"twitter:card\" content=\"summary_large_image\" \/>\n<meta name=\"twitter:label1\" content=\"Szacowany czas czytania\" \/>\n\t<meta name=\"twitter:data1\" content=\"3 minuty\" \/>\n<script type=\"application\/ld+json\" class=\"yoast-schema-graph\">{\"@context\":\"https:\/\/schema.org\",\"@graph\":[{\"@type\":\"WebPage\",\"@id\":\"https:\/\/ironsky.pl\/sklep\/produkt\/czytnik-kart-ugreen-cm898-usb-c-sd-microsd-czarny\/\",\"url\":\"https:\/\/ironsky.pl\/sklep\/produkt\/czytnik-kart-ugreen-cm898-usb-c-sd-microsd-czarny\/\",\"name\":\"Czytnik kart UGREEN CM898 USB-C SD\/microSD (czarny) - IRONSKY.PL Sklep z Dronami\",\"isPartOf\":{\"@id\":\"https:\/\/ironsky.pl\/sklep\/#website\"},\"primaryImageOfPage\":{\"@id\":\"https:\/\/ironsky.pl\/sklep\/produkt\/czytnik-kart-ugreen-cm898-usb-c-sd-microsd-czarny\/#primaryimage\"},\"image\":{\"@id\":\"https:\/\/ironsky.pl\/sklep\/produkt\/czytnik-kart-ugreen-cm898-usb-c-sd-microsd-czarny\/#primaryimage\"},\"thumbnailUrl\":\"https:\/\/ironsky.pl\/sklep\/wp-content\/uploads\/2025\/10\/54585_1.jpg\",\"datePublished\":\"2026-04-15T09:09:19+00:00\",\"dateModified\":\"2026-04-15T09:09:28+00:00\",\"description\":\"Czytnik kart UGREEN CM898 USB-C SD\/microSD (czarny) - \u2705 sklep z dronami i fachowym doradztwem. \u2705 Tutaj kupisz produkty DJI, Yuneec, Parrot, Syma i wiele innych, a tak\u017ce kursy i licencje na operatora drona.\",\"breadcrumb\":{\"@id\":\"https:\/\/ironsky.pl\/sklep\/produkt\/czytnik-kart-ugreen-cm898-usb-c-sd-microsd-czarny\/#breadcrumb\"},\"inLanguage\":\"pl-PL\",\"potentialAction\":[{\"@type\":\"ReadAction\",\"target\":[\"https:\/\/ironsky.pl\/sklep\/produkt\/czytnik-kart-ugreen-cm898-usb-c-sd-microsd-czarny\/\"]}]},{\"@type\":\"ImageObject\",\"inLanguage\":\"pl-PL\",\"@id\":\"https:\/\/ironsky.pl\/sklep\/produkt\/czytnik-kart-ugreen-cm898-usb-c-sd-microsd-czarny\/#primaryimage\",\"url\":\"https:\/\/ironsky.pl\/sklep\/wp-content\/uploads\/2025\/10\/54585_1.jpg\",\"contentUrl\":\"https:\/\/ironsky.pl\/sklep\/wp-content\/uploads\/2025\/10\/54585_1.jpg\",\"width\":800,\"height\":800},{\"@type\":\"BreadcrumbList\",\"@id\":\"https:\/\/ironsky.pl\/sklep\/produkt\/czytnik-kart-ugreen-cm898-usb-c-sd-microsd-czarny\/#breadcrumb\",\"itemListElement\":[{\"@type\":\"ListItem\",\"position\":1,\"name\":\"Strona g\u0142\u00f3wna\",\"item\":\"https:\/\/ironsky.pl\/sklep\/\"},{\"@type\":\"ListItem\",\"position\":2,\"name\":\"Wszystkie produkty\",\"item\":\"https:\/\/ironsky.pl\/sklep\/produkty\/\"},{\"@type\":\"ListItem\",\"position\":3,\"name\":\"Czytnik kart UGREEN CM898 USB-C SD\/microSD (czarny)\"}]},{\"@type\":\"WebSite\",\"@id\":\"https:\/\/ironsky.pl\/sklep\/#website\",\"url\":\"https:\/\/ironsky.pl\/sklep\/\",\"name\":\"IRONSKY.PL Sklep z Dronami\",\"description\":\"IRONSKY.PL Sklep z Dronami\",\"potentialAction\":[{\"@type\":\"SearchAction\",\"target\":{\"@type\":\"EntryPoint\",\"urlTemplate\":\"https:\/\/ironsky.pl\/sklep\/?s={search_term_string}\"},\"query-input\":{\"@type\":\"PropertyValueSpecification\",\"valueRequired\":true,\"valueName\":\"search_term_string\"}}],\"inLanguage\":\"pl-PL\"}]}<\/script>\n<!-- \/ Yoast SEO plugin. -->","yoast_head_json":{"title":"Czytnik kart UGREEN CM898 USB-C SD\/microSD (czarny) - IRONSKY.PL Sklep z Dronami","description":"Czytnik kart UGREEN CM898 USB-C SD\/microSD (czarny) - \u2705 sklep z dronami i fachowym doradztwem. \u2705 Tutaj kupisz produkty DJI, Yuneec, Parrot, Syma i wiele innych, a tak\u017ce kursy i licencje na operatora drona.","robots":{"index":"index","follow":"follow","max-snippet":"max-snippet:-1","max-image-preview":"max-image-preview:large","max-video-preview":"max-video-preview:-1"},"canonical":"https:\/\/ironsky.pl\/sklep\/produkt\/czytnik-kart-ugreen-cm898-usb-c-sd-microsd-czarny\/","og_locale":"pl_PL","og_type":"article","og_title":"Czytnik kart UGREEN CM898 USB-C SD\/microSD (czarny) - IRONSKY.PL Sklep z Dronami","og_description":"Czytnik kart UGREEN CM898 USB-C SD\/microSD (czarny) - \u2705 sklep z dronami i fachowym doradztwem. \u2705 Tutaj kupisz produkty DJI, Yuneec, Parrot, Syma i wiele innych, a tak\u017ce kursy i licencje na operatora drona.","og_url":"https:\/\/ironsky.pl\/sklep\/produkt\/czytnik-kart-ugreen-cm898-usb-c-sd-microsd-czarny\/","og_site_name":"IRONSKY.PL Sklep z Dronami","article_modified_time":"2026-04-15T09:09:28+00:00","og_image":[{"width":800,"height":800,"url":"https:\/\/ironsky.pl\/sklep\/wp-content\/uploads\/2025\/10\/54585_1.jpg","type":"image\/jpeg"}],"twitter_card":"summary_large_image","twitter_misc":{"Szacowany czas czytania":"3 minuty"},"schema":{"@context":"https:\/\/schema.org","@graph":[{"@type":"WebPage","@id":"https:\/\/ironsky.pl\/sklep\/produkt\/czytnik-kart-ugreen-cm898-usb-c-sd-microsd-czarny\/","url":"https:\/\/ironsky.pl\/sklep\/produkt\/czytnik-kart-ugreen-cm898-usb-c-sd-microsd-czarny\/","name":"Czytnik kart UGREEN CM898 USB-C SD\/microSD (czarny) - IRONSKY.PL Sklep z Dronami","isPartOf":{"@id":"https:\/\/ironsky.pl\/sklep\/#website"},"primaryImageOfPage":{"@id":"https:\/\/ironsky.pl\/sklep\/produkt\/czytnik-kart-ugreen-cm898-usb-c-sd-microsd-czarny\/#primaryimage"},"image":{"@id":"https:\/\/ironsky.pl\/sklep\/produkt\/czytnik-kart-ugreen-cm898-usb-c-sd-microsd-czarny\/#primaryimage"},"thumbnailUrl":"https:\/\/ironsky.pl\/sklep\/wp-content\/uploads\/2025\/10\/54585_1.jpg","datePublished":"2026-04-15T09:09:19+00:00","dateModified":"2026-04-15T09:09:28+00:00","description":"Czytnik kart UGREEN CM898 USB-C SD\/microSD (czarny) - \u2705 sklep z dronami i fachowym doradztwem. \u2705 Tutaj kupisz produkty DJI, Yuneec, Parrot, Syma i wiele innych, a tak\u017ce kursy i licencje na operatora drona.","breadcrumb":{"@id":"https:\/\/ironsky.pl\/sklep\/produkt\/czytnik-kart-ugreen-cm898-usb-c-sd-microsd-czarny\/#breadcrumb"},"inLanguage":"pl-PL","potentialAction":[{"@type":"ReadAction","target":["https:\/\/ironsky.pl\/sklep\/produkt\/czytnik-kart-ugreen-cm898-usb-c-sd-microsd-czarny\/"]}]},{"@type":"ImageObject","inLanguage":"pl-PL","@id":"https:\/\/ironsky.pl\/sklep\/produkt\/czytnik-kart-ugreen-cm898-usb-c-sd-microsd-czarny\/#primaryimage","url":"https:\/\/ironsky.pl\/sklep\/wp-content\/uploads\/2025\/10\/54585_1.jpg","contentUrl":"https:\/\/ironsky.pl\/sklep\/wp-content\/uploads\/2025\/10\/54585_1.jpg","width":800,"height":800},{"@type":"BreadcrumbList","@id":"https:\/\/ironsky.pl\/sklep\/produkt\/czytnik-kart-ugreen-cm898-usb-c-sd-microsd-czarny\/#breadcrumb","itemListElement":[{"@type":"ListItem","position":1,"name":"Strona g\u0142\u00f3wna","item":"https:\/\/ironsky.pl\/sklep\/"},{"@type":"ListItem","position":2,"name":"Wszystkie produkty","item":"https:\/\/ironsky.pl\/sklep\/produkty\/"},{"@type":"ListItem","position":3,"name":"Czytnik kart UGREEN CM898 USB-C SD\/microSD (czarny)"}]},{"@type":"WebSite","@id":"https:\/\/ironsky.pl\/sklep\/#website","url":"https:\/\/ironsky.pl\/sklep\/","name":"IRONSKY.PL Sklep z Dronami","description":"IRONSKY.PL Sklep z Dronami","potentialAction":[{"@type":"SearchAction","target":{"@type":"EntryPoint","urlTemplate":"https:\/\/ironsky.pl\/sklep\/?s={search_term_string}"},"query-input":{"@type":"PropertyValueSpecification","valueRequired":true,"valueName":"search_term_string"}}],"inLanguage":"pl-PL"}]}},"_links":{"self":[{"href":"https:\/\/ironsky.pl\/sklep\/wp-json\/wp\/v2\/product\/60855","targetHints":{"allow":["GET"]}}],"collection":[{"href":"https:\/\/ironsky.pl\/sklep\/wp-json\/wp\/v2\/product"}],"about":[{"href":"https:\/\/ironsky.pl\/sklep\/wp-json\/wp\/v2\/types\/product"}],"replies":[{"embeddable":true,"href":"https:\/\/ironsky.pl\/sklep\/wp-json\/wp\/v2\/comments?post=60855"}],"wp:featuredmedia":[{"embeddable":true,"href":"https:\/\/ironsky.pl\/sklep\/wp-json\/wp\/v2\/media\/50006"}],"wp:attachment":[{"href":"https:\/\/ironsky.pl\/sklep\/wp-json\/wp\/v2\/media?parent=60855"}],"wp:term":[{"taxonomy":"product_brand","embeddable":true,"href":"https:\/\/ironsky.pl\/sklep\/wp-json\/wp\/v2\/product_brand?post=60855"},{"taxonomy":"product_cat","embeddable":true,"href":"https:\/\/ironsky.pl\/sklep\/wp-json\/wp\/v2\/product_cat?post=60855"},{"taxonomy":"product_tag","embeddable":true,"href":"https:\/\/ironsky.pl\/sklep\/wp-json\/wp\/v2\/product_tag?post=60855"}],"curies":[{"name":"wp","href":"https:\/\/api.w.org\/{rel}","templated":true}]}}