{"id":60853,"date":"2026-04-15T11:09:19","date_gmt":"2026-04-15T09:09:19","guid":{"rendered":"https:\/\/ironsky.pl\/sklep\/produkt\/obudowa-dysku-ugreen-d703-m-2-nvme-usb4-szara\/"},"modified":"2026-04-15T11:09:25","modified_gmt":"2026-04-15T09:09:25","slug":"obudowa-dysku-ugreen-d703-m-2-nvme-usb4-szara","status":"publish","type":"product","link":"https:\/\/ironsky.pl\/sklep\/produkt\/obudowa-dysku-ugreen-d703-m-2-nvme-usb4-szara\/","title":{"rendered":"Obudowa dysku UGREEN D703 M.2 NVMe USB4 (szara)"},"content":{"rendered":"<h3>Obudowa na dysk SSD M.2 NVMe Ugreen D703, USB4 (szara)<\/h3>\n<p>Ugreen D703 to zaawansowana obudowa na dysk SSD (Solid State Drive, dysk p\u00f3\u0142przewodnikowy) M.2 NVMe (Non-Volatile Memory Express, pozwala na znacznie szybszy przesy\u0142 danych w por\u00f3wnaniu do starszych rozwi\u0105za\u0144), kt\u00f3ra oferuje nie tylko imponuj\u0105c\u0105 pr\u0119dko\u015b\u0107 przesy\u0142u danych do 40 Gb\/s, ale r\u00f3wnie\u017c \u015bwietne ch\u0142odzenie i stabilno\u015b\u0107 pracy. To propozycja dla os\u00f3b, kt\u00f3re potrzebuj\u0105 niezawodnego rozwi\u0105zania do pracy z du\u017cymi plikami \u2013 np. podczas edycji wideo 4K i 8K, tworzenia kopii zapasowych czy codziennej pracy z wieloma urz\u0105dzeniami. Dzi\u0119ki solidnej konstrukcji i szerokiej kompatybilno\u015bci z r\u00f3\u017cnymi systemami i interfejsami D703 sprawdzi si\u0119 zar\u00f3wno w domowym biurze, jak i w zastosowaniach profesjonalnych.<\/p>\n<p>\n<img decoding=\"async\" src=\"https:\/\/assets.innpro.pl\/17887\/23733\/4.jpg\" border=\"0\" alt=\"Obudowa na dysk Ugreen D703 w szarym kolorze na futurystycznym, z\u0142otym tle.\" \/>\n<\/p>\n<h3>Ekstremalnie szybki przesy\u0142 danych<\/h3>\n<p>Zastosowanie interfejsu USB4 (Universal Serial Bus, standard komunikacji, kt\u00f3ry pozwala na zasilanie i \u0142adowanie r\u00f3\u017cnych urz\u0105dze\u0144 elektronicznych) pozwala osi\u0105gn\u0105\u0107 pr\u0119dko\u015bci transferu do 40 Gb\/s. To oznacza, \u017ce plik o wielko\u015bci 3 GB mo\u017cna przes\u0142a\u0107 w zaledwie sekund\u0119. Taka wydajno\u015b\u0107 jest szczeg\u00f3lnie przydatna przy pracy z materia\u0142ami wideo w wysokiej rozdzielczo\u015bci, du\u017cymi projektami graficznymi czy przenoszeniu kopii zapasowych w kr\u00f3tkim czasie.<\/p>\n<p>\n<img decoding=\"async\" src=\"https:\/\/assets.innpro.pl\/17887\/23733\/7.jpg\" border=\"0\" alt=\"Obudowa na dysk Ugreen D703 w szarym kolorze na czarnym tle.\" \/>\n<\/p>\n<h3>Oficjalna certyfikacja Intela<\/h3>\n<p>Ugreen D703 posiada oficjaln\u0105 certyfikacj\u0119 Intela, co oznacza, \u017ce spe\u0142nia wysokie standardy niezawodno\u015bci i stabilno\u015bci transmisji danych. Obudowa korzysta z podw\u00f3jnego uk\u0142adu JHL7440 oraz Realtek, kt\u00f3ry wspiera zar\u00f3wno protoko\u0142y Thunderbolt, jak i USB. Dzi\u0119ki temu zyskujesz pewno\u015b\u0107, \u017ce Twoje dane s\u0105 przesy\u0142ane bezpiecznie i bez zak\u0142\u00f3ce\u0144.<\/p>\n<p>\n<img decoding=\"async\" src=\"https:\/\/assets.innpro.pl\/17887\/23733\/9.jpg\" border=\"0\" alt=\"M\u0119\u017cczyzna w szarym garniturze pracuj\u0105cy na komputerze, do kt\u00f3rego pod\u0142\u0105czona jest obudowa na dysk Ugreen D703.\" \/>\n<\/p>\n<h3>Bez obaw o przegrzanie dysku<\/h3>\n<p>Aby zapewni\u0107 odpowiedni\u0105 temperatur\u0119 pracy, obudowa zosta\u0142a zaprojektowana z my\u015bl\u0105 o efektywnym odprowadzaniu ciep\u0142a. Aluminiowa obudowa, cichy wentylator, termopady i system konwekcyjnego przep\u0142ywu powietrza dzia\u0142aj\u0105 razem, aby utrzyma\u0107 optymaln\u0105 temperatur\u0119 nawet przy intensywnej pracy. To o 33% lepsze odprowadzanie ciep\u0142a w por\u00f3wnaniu z tradycyjnymi rozwi\u0105zaniami.<\/p>\n<p>\n<img decoding=\"async\" src=\"https:\/\/assets.innpro.pl\/17887\/23733\/3.jpg\" border=\"0\" alt=\"Wn\u0119trze obudowy na dysk Ugreen D703 z wizualizacj\u0105 ch\u0142odzenia.\" \/>\n<\/p>\n<h3>Kompatybilno\u015b\u0107 i uniwersalno\u015b\u0107<\/h3>\n<p>Ugreen D703 obs\u0142uguje wy\u0142\u0105cznie dyski SSD NVMe w rozmiarze 2280, co zapewnia optymaln\u0105 wydajno\u015b\u0107. Maksymalna obs\u0142ugiwana pojemno\u015b\u0107 to a\u017c 8 TB \u2013 wystarczaj\u0105co, by pomie\u015bci\u0107 du\u017ce archiwa, biblioteki multimedi\u00f3w i dane projektowe. Obudowa dzia\u0142a bez potrzeby instalowania sterownik\u00f3w i jest kompatybilna z systemami Windows, macOS oraz Linux. Bez problemu wsp\u00f3\u0142pracuje z urz\u0105dzeniami takimi jak MacBook, Mac Mini, Razer Blade 18 czy Dell Inspiron 14 Plus.<\/p>\n<p>\n<img decoding=\"async\" src=\"https:\/\/assets.innpro.pl\/17887\/23733\/10.jpg\" border=\"0\" alt=\"Obudowa na dysk Ugreen D703, obok kt\u00f3rej stoi smartfon, tablet, kamera, konsola i laptop.\" \/>\n<\/p>\n<h3>Przemy\u015blana konstrukcja i wygoda u\u017cytkowania<\/h3>\n<p>Obudowa wykonana jest z aluminium, co wp\u0142ywa na lepsze ch\u0142odzenie, a tak\u017ce wytrzyma\u0142o\u015b\u0107 na r\u00f3\u017cne zagro\u017cenia zewn\u0119trzne. Zastosowany interfejs zosta\u0142 pokryty niklem, co zwi\u0119ksza odporno\u015b\u0107 na zu\u017cycie nawet przy cz\u0119stym pod\u0142\u0105czaniu i od\u0142\u0105czaniu. Wbudowana dioda LED (Light Emitting Diode, dioda elektroluminescencyjna) informuje o stanie pracy urz\u0105dzenia, co u\u0142atwia kontrol\u0119 nad jego dzia\u0142aniem.<\/p>\n<p>\n<img decoding=\"async\" src=\"https:\/\/assets.innpro.pl\/17887\/23733\/14.jpg\" border=\"0\" alt=\"Obudowa na dysk Ugreen D703 uderzaj\u0105ca o ska\u0142\u0119.\" \/>\n<\/p>\n<div class=\"table-wrapper\">\n<p>\u00a0<\/p>\n<h3><\/h3>\n<table>\n<tbody>\n<tr>\n<th>Producent<\/th>\n<td>Ugreen <\/td>\n<\/tr>\n<tr>\n<th>Model<\/th>\n<td>D703<\/td>\n<\/tr>\n<tr>\n<th>Typ dysku<\/th>\n<td>SSD M.2 NVMe (tylko 2280)<\/td>\n<\/tr>\n<tr>\n<th>Maksymalna pojemno\u015b\u0107 dysku<\/th>\n<td>do 8 TB<\/td>\n<\/tr>\n<tr>\n<th>Interfejs<\/th>\n<td>USB4<\/td>\n<\/tr>\n<tr>\n<th>Kompatybilno\u015b\u0107 protoko\u0142\u00f3w<\/th>\n<td>Thunderbolt 5\/4\/3, USB4\/3.2\/3.1\/3.0\/2.0<\/td>\n<\/tr>\n<tr>\n<th>Pr\u0119dko\u015b\u0107 transmisji<\/th>\n<td>do 40 Gb\/s<\/td>\n<\/tr>\n<tr>\n<th>Ch\u0142odzenie<\/th>\n<td>Aluminiowa obudowa, wentylator, termopady, konwekcja powietrza<\/td>\n<\/tr>\n<tr>\n<th>Kompatybilno\u015b\u0107 systemowa<\/th>\n<td>Windows, macOS, Linux<\/td>\n<\/tr>\n<tr>\n<th>Kompatybilno\u015b\u0107 sprz\u0119towa <\/th>\n<td>MacBook, Mac Mini, Razer Blade 18, Dell Inspiron 14 Plus i inne<\/td>\n<\/tr>\n<tr>\n<th>Sterowniki<\/th>\n<td>Niewymagane (Plug &amp; Play)<\/td>\n<\/tr>\n<tr>\n<th>Dodatkowe cechy<\/th>\n<td>\u015awiat\u0142o LED informuj\u0105ce o pracy, niklowane z\u0142\u0105cza, aluminiowy korpus<\/td>\n<\/tr>\n<\/tbody>\n<\/table>\n<\/div>\n","protected":false},"excerpt":{"rendered":"<p>Obudowa na dysk SSD M.2 NVMe Ugreen D703, USB4 (szara) Ugreen D703 to zaawansowana obudowa na dysk SSD (Solid State<\/p>\n","protected":false},"featured_media":49998,"comment_status":"closed","ping_status":"open","template":"","meta":{"_acf_changed":false},"product_brand":[],"product_cat":[5929,5936],"product_tag":[],"class_list":{"0":"post-60853","1":"product","2":"type-product","3":"status-publish","4":"has-post-thumbnail","6":"product_cat-akcesoria-it","7":"product_cat-obudowy-dyskow","8":"pa_okres-gwarancji-5757","9":"pa_producent-ugreen","11":"first","12":"outofstock","13":"taxable","14":"shipping-taxable","15":"purchasable","16":"product-type-simple"},"acf":[],"yoast_head":"<!-- This site is optimized with the Yoast SEO plugin v27.2 - https:\/\/yoast.com\/product\/yoast-seo-wordpress\/ -->\n<title>Obudowa dysku UGREEN D703 M.2 NVMe USB4 (szara) - IRONSKY.PL Sklep z Dronami<\/title>\n<meta name=\"description\" content=\"Obudowa dysku UGREEN D703 M.2 NVMe USB4 (szara) - \u2705 sklep z dronami i fachowym doradztwem. \u2705 Tutaj kupisz produkty DJI, Yuneec, Parrot, Syma i wiele innych, a tak\u017ce kursy i licencje na operatora drona.\" \/>\n<meta name=\"robots\" content=\"index, follow, max-snippet:-1, max-image-preview:large, max-video-preview:-1\" \/>\n<link rel=\"canonical\" href=\"https:\/\/ironsky.pl\/sklep\/produkt\/obudowa-dysku-ugreen-d703-m-2-nvme-usb4-szara\/\" \/>\n<meta property=\"og:locale\" content=\"pl_PL\" \/>\n<meta property=\"og:type\" content=\"article\" \/>\n<meta property=\"og:title\" content=\"Obudowa dysku UGREEN D703 M.2 NVMe USB4 (szara) - IRONSKY.PL Sklep z Dronami\" \/>\n<meta property=\"og:description\" content=\"Obudowa dysku UGREEN D703 M.2 NVMe USB4 (szara) - \u2705 sklep z dronami i fachowym doradztwem. \u2705 Tutaj kupisz produkty DJI, Yuneec, Parrot, Syma i wiele innych, a tak\u017ce kursy i licencje na operatora drona.\" \/>\n<meta property=\"og:url\" content=\"https:\/\/ironsky.pl\/sklep\/produkt\/obudowa-dysku-ugreen-d703-m-2-nvme-usb4-szara\/\" \/>\n<meta property=\"og:site_name\" content=\"IRONSKY.PL Sklep z Dronami\" \/>\n<meta property=\"article:modified_time\" content=\"2026-04-15T09:09:25+00:00\" \/>\n<meta property=\"og:image\" content=\"https:\/\/ironsky.pl\/sklep\/wp-content\/uploads\/2025\/10\/54583_1.jpg\" \/>\n\t<meta property=\"og:image:width\" content=\"800\" \/>\n\t<meta property=\"og:image:height\" content=\"800\" \/>\n\t<meta property=\"og:image:type\" content=\"image\/jpeg\" \/>\n<meta name=\"twitter:card\" content=\"summary_large_image\" \/>\n<meta name=\"twitter:label1\" content=\"Szacowany czas czytania\" \/>\n\t<meta name=\"twitter:data1\" content=\"3 minuty\" \/>\n<script type=\"application\/ld+json\" class=\"yoast-schema-graph\">{\"@context\":\"https:\/\/schema.org\",\"@graph\":[{\"@type\":\"WebPage\",\"@id\":\"https:\/\/ironsky.pl\/sklep\/produkt\/obudowa-dysku-ugreen-d703-m-2-nvme-usb4-szara\/\",\"url\":\"https:\/\/ironsky.pl\/sklep\/produkt\/obudowa-dysku-ugreen-d703-m-2-nvme-usb4-szara\/\",\"name\":\"Obudowa dysku UGREEN D703 M.2 NVMe USB4 (szara) - IRONSKY.PL Sklep z Dronami\",\"isPartOf\":{\"@id\":\"https:\/\/ironsky.pl\/sklep\/#website\"},\"primaryImageOfPage\":{\"@id\":\"https:\/\/ironsky.pl\/sklep\/produkt\/obudowa-dysku-ugreen-d703-m-2-nvme-usb4-szara\/#primaryimage\"},\"image\":{\"@id\":\"https:\/\/ironsky.pl\/sklep\/produkt\/obudowa-dysku-ugreen-d703-m-2-nvme-usb4-szara\/#primaryimage\"},\"thumbnailUrl\":\"https:\/\/ironsky.pl\/sklep\/wp-content\/uploads\/2025\/10\/54583_1.jpg\",\"datePublished\":\"2026-04-15T09:09:19+00:00\",\"dateModified\":\"2026-04-15T09:09:25+00:00\",\"description\":\"Obudowa dysku UGREEN D703 M.2 NVMe USB4 (szara) - \u2705 sklep z dronami i fachowym doradztwem. \u2705 Tutaj kupisz produkty DJI, Yuneec, Parrot, Syma i wiele innych, a tak\u017ce kursy i licencje na operatora drona.\",\"breadcrumb\":{\"@id\":\"https:\/\/ironsky.pl\/sklep\/produkt\/obudowa-dysku-ugreen-d703-m-2-nvme-usb4-szara\/#breadcrumb\"},\"inLanguage\":\"pl-PL\",\"potentialAction\":[{\"@type\":\"ReadAction\",\"target\":[\"https:\/\/ironsky.pl\/sklep\/produkt\/obudowa-dysku-ugreen-d703-m-2-nvme-usb4-szara\/\"]}]},{\"@type\":\"ImageObject\",\"inLanguage\":\"pl-PL\",\"@id\":\"https:\/\/ironsky.pl\/sklep\/produkt\/obudowa-dysku-ugreen-d703-m-2-nvme-usb4-szara\/#primaryimage\",\"url\":\"https:\/\/ironsky.pl\/sklep\/wp-content\/uploads\/2025\/10\/54583_1.jpg\",\"contentUrl\":\"https:\/\/ironsky.pl\/sklep\/wp-content\/uploads\/2025\/10\/54583_1.jpg\",\"width\":800,\"height\":800},{\"@type\":\"BreadcrumbList\",\"@id\":\"https:\/\/ironsky.pl\/sklep\/produkt\/obudowa-dysku-ugreen-d703-m-2-nvme-usb4-szara\/#breadcrumb\",\"itemListElement\":[{\"@type\":\"ListItem\",\"position\":1,\"name\":\"Strona g\u0142\u00f3wna\",\"item\":\"https:\/\/ironsky.pl\/sklep\/\"},{\"@type\":\"ListItem\",\"position\":2,\"name\":\"Wszystkie produkty\",\"item\":\"https:\/\/ironsky.pl\/sklep\/produkty\/\"},{\"@type\":\"ListItem\",\"position\":3,\"name\":\"Obudowa dysku UGREEN D703 M.2 NVMe USB4 (szara)\"}]},{\"@type\":\"WebSite\",\"@id\":\"https:\/\/ironsky.pl\/sklep\/#website\",\"url\":\"https:\/\/ironsky.pl\/sklep\/\",\"name\":\"IRONSKY.PL Sklep z Dronami\",\"description\":\"IRONSKY.PL Sklep z Dronami\",\"potentialAction\":[{\"@type\":\"SearchAction\",\"target\":{\"@type\":\"EntryPoint\",\"urlTemplate\":\"https:\/\/ironsky.pl\/sklep\/?s={search_term_string}\"},\"query-input\":{\"@type\":\"PropertyValueSpecification\",\"valueRequired\":true,\"valueName\":\"search_term_string\"}}],\"inLanguage\":\"pl-PL\"}]}<\/script>\n<!-- \/ Yoast SEO plugin. -->","yoast_head_json":{"title":"Obudowa dysku UGREEN D703 M.2 NVMe USB4 (szara) - IRONSKY.PL Sklep z Dronami","description":"Obudowa dysku UGREEN D703 M.2 NVMe USB4 (szara) - \u2705 sklep z dronami i fachowym doradztwem. \u2705 Tutaj kupisz produkty DJI, Yuneec, Parrot, Syma i wiele innych, a tak\u017ce kursy i licencje na operatora drona.","robots":{"index":"index","follow":"follow","max-snippet":"max-snippet:-1","max-image-preview":"max-image-preview:large","max-video-preview":"max-video-preview:-1"},"canonical":"https:\/\/ironsky.pl\/sklep\/produkt\/obudowa-dysku-ugreen-d703-m-2-nvme-usb4-szara\/","og_locale":"pl_PL","og_type":"article","og_title":"Obudowa dysku UGREEN D703 M.2 NVMe USB4 (szara) - IRONSKY.PL Sklep z Dronami","og_description":"Obudowa dysku UGREEN D703 M.2 NVMe USB4 (szara) - \u2705 sklep z dronami i fachowym doradztwem. \u2705 Tutaj kupisz produkty DJI, Yuneec, Parrot, Syma i wiele innych, a tak\u017ce kursy i licencje na operatora drona.","og_url":"https:\/\/ironsky.pl\/sklep\/produkt\/obudowa-dysku-ugreen-d703-m-2-nvme-usb4-szara\/","og_site_name":"IRONSKY.PL Sklep z Dronami","article_modified_time":"2026-04-15T09:09:25+00:00","og_image":[{"width":800,"height":800,"url":"https:\/\/ironsky.pl\/sklep\/wp-content\/uploads\/2025\/10\/54583_1.jpg","type":"image\/jpeg"}],"twitter_card":"summary_large_image","twitter_misc":{"Szacowany czas czytania":"3 minuty"},"schema":{"@context":"https:\/\/schema.org","@graph":[{"@type":"WebPage","@id":"https:\/\/ironsky.pl\/sklep\/produkt\/obudowa-dysku-ugreen-d703-m-2-nvme-usb4-szara\/","url":"https:\/\/ironsky.pl\/sklep\/produkt\/obudowa-dysku-ugreen-d703-m-2-nvme-usb4-szara\/","name":"Obudowa dysku UGREEN D703 M.2 NVMe USB4 (szara) - IRONSKY.PL Sklep z Dronami","isPartOf":{"@id":"https:\/\/ironsky.pl\/sklep\/#website"},"primaryImageOfPage":{"@id":"https:\/\/ironsky.pl\/sklep\/produkt\/obudowa-dysku-ugreen-d703-m-2-nvme-usb4-szara\/#primaryimage"},"image":{"@id":"https:\/\/ironsky.pl\/sklep\/produkt\/obudowa-dysku-ugreen-d703-m-2-nvme-usb4-szara\/#primaryimage"},"thumbnailUrl":"https:\/\/ironsky.pl\/sklep\/wp-content\/uploads\/2025\/10\/54583_1.jpg","datePublished":"2026-04-15T09:09:19+00:00","dateModified":"2026-04-15T09:09:25+00:00","description":"Obudowa dysku UGREEN D703 M.2 NVMe USB4 (szara) - \u2705 sklep z dronami i fachowym doradztwem. \u2705 Tutaj kupisz produkty DJI, Yuneec, Parrot, Syma i wiele innych, a tak\u017ce kursy i licencje na operatora drona.","breadcrumb":{"@id":"https:\/\/ironsky.pl\/sklep\/produkt\/obudowa-dysku-ugreen-d703-m-2-nvme-usb4-szara\/#breadcrumb"},"inLanguage":"pl-PL","potentialAction":[{"@type":"ReadAction","target":["https:\/\/ironsky.pl\/sklep\/produkt\/obudowa-dysku-ugreen-d703-m-2-nvme-usb4-szara\/"]}]},{"@type":"ImageObject","inLanguage":"pl-PL","@id":"https:\/\/ironsky.pl\/sklep\/produkt\/obudowa-dysku-ugreen-d703-m-2-nvme-usb4-szara\/#primaryimage","url":"https:\/\/ironsky.pl\/sklep\/wp-content\/uploads\/2025\/10\/54583_1.jpg","contentUrl":"https:\/\/ironsky.pl\/sklep\/wp-content\/uploads\/2025\/10\/54583_1.jpg","width":800,"height":800},{"@type":"BreadcrumbList","@id":"https:\/\/ironsky.pl\/sklep\/produkt\/obudowa-dysku-ugreen-d703-m-2-nvme-usb4-szara\/#breadcrumb","itemListElement":[{"@type":"ListItem","position":1,"name":"Strona g\u0142\u00f3wna","item":"https:\/\/ironsky.pl\/sklep\/"},{"@type":"ListItem","position":2,"name":"Wszystkie produkty","item":"https:\/\/ironsky.pl\/sklep\/produkty\/"},{"@type":"ListItem","position":3,"name":"Obudowa dysku UGREEN D703 M.2 NVMe USB4 (szara)"}]},{"@type":"WebSite","@id":"https:\/\/ironsky.pl\/sklep\/#website","url":"https:\/\/ironsky.pl\/sklep\/","name":"IRONSKY.PL Sklep z Dronami","description":"IRONSKY.PL Sklep z Dronami","potentialAction":[{"@type":"SearchAction","target":{"@type":"EntryPoint","urlTemplate":"https:\/\/ironsky.pl\/sklep\/?s={search_term_string}"},"query-input":{"@type":"PropertyValueSpecification","valueRequired":true,"valueName":"search_term_string"}}],"inLanguage":"pl-PL"}]}},"_links":{"self":[{"href":"https:\/\/ironsky.pl\/sklep\/wp-json\/wp\/v2\/product\/60853","targetHints":{"allow":["GET"]}}],"collection":[{"href":"https:\/\/ironsky.pl\/sklep\/wp-json\/wp\/v2\/product"}],"about":[{"href":"https:\/\/ironsky.pl\/sklep\/wp-json\/wp\/v2\/types\/product"}],"replies":[{"embeddable":true,"href":"https:\/\/ironsky.pl\/sklep\/wp-json\/wp\/v2\/comments?post=60853"}],"wp:featuredmedia":[{"embeddable":true,"href":"https:\/\/ironsky.pl\/sklep\/wp-json\/wp\/v2\/media\/49998"}],"wp:attachment":[{"href":"https:\/\/ironsky.pl\/sklep\/wp-json\/wp\/v2\/media?parent=60853"}],"wp:term":[{"taxonomy":"product_brand","embeddable":true,"href":"https:\/\/ironsky.pl\/sklep\/wp-json\/wp\/v2\/product_brand?post=60853"},{"taxonomy":"product_cat","embeddable":true,"href":"https:\/\/ironsky.pl\/sklep\/wp-json\/wp\/v2\/product_cat?post=60853"},{"taxonomy":"product_tag","embeddable":true,"href":"https:\/\/ironsky.pl\/sklep\/wp-json\/wp\/v2\/product_tag?post=60853"}],"curies":[{"name":"wp","href":"https:\/\/api.w.org\/{rel}","templated":true}]}}