{"id":60849,"date":"2026-04-15T11:09:19","date_gmt":"2026-04-15T09:09:19","guid":{"rendered":"https:\/\/ironsky.pl\/sklep\/produkt\/karta-przechwytywania-ugreen-cm629-hdmi-usb-2k30hz\/"},"modified":"2026-04-15T11:09:21","modified_gmt":"2026-04-15T09:09:21","slug":"karta-przechwytywania-ugreen-cm629-hdmi-usb-2k30hz","status":"publish","type":"product","link":"https:\/\/ironsky.pl\/sklep\/produkt\/karta-przechwytywania-ugreen-cm629-hdmi-usb-2k30hz\/","title":{"rendered":"Karta przechwytywania UGREEN CM629 HDMI-USB 2K@30Hz"},"content":{"rendered":"<h3>Karta do przechwytywania wideo HDMI do USB Ugreen CM629, 2K 30Hz<\/h3>\n<p>Karta przechwytywania wideo Ugreen CM629 to kompaktowe, ale bardzo wydajne narz\u0119dzie dla graczy, tw\u00f3rc\u00f3w tre\u015bci i os\u00f3b prowadz\u0105cych transmisje na \u017cywo. Urz\u0105dzenie umo\u017cliwia przechwytywanie obrazu w jako\u015bci 2K przy 30 klatkach na sekund\u0119, a jednocze\u015bnie obs\u0142uguje sygna\u0142 wej\u015bciowy HDMI nawet w jako\u015bci 4K przy 30 Hz. Dzi\u0119ki temu idealnie sprawdzi si\u0119 zar\u00f3wno do nagrywania rozgrywki, jak i prowadzenia wideokonferencji czy streamowania z r\u00f3\u017cnych \u017ar\u00f3de\u0142. B\u0105d\u017a zawsze o krok do przodu, wybierz kart\u0119 Ugreen CM629 ju\u017c dzi\u015b!<\/p>\n<p>\n<img decoding=\"async\" src=\"https:\/\/assets.innpro.pl\/17876\/23717\/4.jpg\" border=\"0\" alt=\"Karta do przechwytywania wideo Ugreen CM629 pod\u0142\u0105czona do konsoli i laptopa.\" \/>\n<\/p>\n<h3>Szeroka kompatybilno\u015b\u0107 z wieloma urz\u0105dzeniami<\/h3>\n<p>Ugreen CM629 wsp\u00f3\u0142pracuje z wieloma urz\u0105dzeniami i systemami. Z\u0142\u0105cze HDMI pozwala na pod\u0142\u0105czenie konsol takich jak Switch, PS5, PS4 czy Xbox, a tak\u017ce aparat\u00f3w, laptop\u00f3w, komputer\u00f3w stacjonarnych i przystawek TV. Po stronie USB mo\u017cesz korzysta\u0107 zar\u00f3wno z portu USB-A, jak i USB-C, co oznacza pe\u0142n\u0105 kompatybilno\u015b\u0107 z komputerami, tabletami, smartfonami oraz goglami VR, takimi jak Quest 2, 3 i 3S. Dodatkowo karta dzia\u0142a bez problemu z popularnymi programami do nagrywania i transmisji, jak OBS Studio, xSplit, PotPlayer, QuickTime Player oraz platformami typu YouTube.<\/p>\n<p>\n<img decoding=\"async\" src=\"https:\/\/assets.innpro.pl\/17876\/23717\/7.jpg\" border=\"0\" alt=\"Karta do przechwytywania wideo Ugreen CM629 pod\u0142\u0105czona do okular\u00f3w VR noszonych przez m\u0119\u017cczyzn\u0119 w niebieskiej koszulce.\" \/>\n<\/p>\n<h3>Wygoda u\u017cytkowania i szybkie pod\u0142\u0105czenie<\/h3>\n<p>Podw\u00f3jne z\u0142\u0105cze USB A\/C u\u0142atwia szybkie i elastyczne pod\u0142\u0105czenie do r\u00f3\u017cnych urz\u0105dze\u0144 \u2013 bez konieczno\u015bci stosowania przej\u015bci\u00f3wek. Wbudowana funkcja &#8222;plug and play&#8221; oznacza, \u017ce nie trzeba instalowa\u0107 \u017cadnych sterownik\u00f3w ani konfigurowa\u0107 ustawie\u0144 \u2013 wystarczy pod\u0142\u0105czy\u0107, a urz\u0105dzenie b\u0119dzie dzia\u0142a\u0107 natychmiastowo. To ogromna zaleta dla os\u00f3b, kt\u00f3re potrzebuj\u0105 sprz\u0119tu dzia\u0142aj\u0105cego natychmiast po pod\u0142\u0105czeniu, bez obaw o skomplikowan\u0105 instalacj\u0119.<\/p>\n<p>\n<img decoding=\"async\" src=\"https:\/\/assets.innpro.pl\/17876\/23717\/9.jpg\" border=\"0\" alt=\"Karta do przechwytywania wideo Ugreen CM629 wyci\u0105gana z szarej torby.\" \/>\n<\/p>\n<h3>Stabilno\u015b\u0107 i solidne wykonanie<\/h3>\n<p>Konstrukcja karty zosta\u0142a zaprojektowana z my\u015bl\u0105 o d\u0142ugotrwa\u0142ym i niezawodnym dzia\u0142aniu. Jej obudowa zosta\u0142a wykonana z wytrzyma\u0142ego aluminium, a interfejsy s\u0105 niklowane, co chroni je przed zu\u017cyciem i zapewnia stabilne po\u0142\u0105czenie. To przek\u0142ada si\u0119 na brak zak\u0142\u00f3ce\u0144 podczas przechwytywania obrazu oraz d\u0142u\u017csz\u0105 \u017cywotno\u015b\u0107 urz\u0105dzenia.\u00a0<\/p>\n<p>\n<img decoding=\"async\" src=\"https:\/\/assets.innpro.pl\/17876\/23717\/8.jpg\" border=\"0\" alt=\"Zbli\u017cenie na kart\u0119 do przechwytywania wideo Ugreen CM629, kt\u00f3ra le\u017cy na b\u0142\u0119kitnym materiale.\" \/>\n<\/p>\n<h3>P\u0142ynno\u015b\u0107 obrazu bez op\u00f3\u017anie\u0144<\/h3>\n<p>Dzi\u0119ki od\u015bwie\u017caniu 60 Hz karta pozwala na p\u0142ynne nagrywanie bez op\u00f3\u017anie\u0144 i przyci\u0119\u0107. To szczeg\u00f3lnie istotne podczas dynamicznych gier online, transmisji na \u017cywo czy rozm\u00f3w wideo \u2013 ka\u017cda sekunda nagrania pozostaje ostra i wyra\u017ana.<\/p>\n<p>\n<img decoding=\"async\" src=\"https:\/\/assets.innpro.pl\/17876\/23717\/6.jpg\" border=\"0\" alt=\"Karta do przechwytywania wideo Ugreen CM629 pod\u0142\u0105czona do komputera i laptopa, na kt\u00f3rych wy\u015bwietlana jest wideorozmowa.\" \/>\n<\/p>\n<div class=\"table-wrapper\">\n<p>\u00a0<\/p>\n<h3><\/h3>\n<table>\n<tbody>\n<tr>\n<th>Producent<\/th>\n<td>Ugreen<\/td>\n<\/tr>\n<tr>\n<th>Model<\/th>\n<td>CM629<\/td>\n<\/tr>\n<tr>\n<th>Wej\u015bcie wideo<\/th>\n<td>HDMI, maks. 4K@30Hz<\/td>\n<\/tr>\n<tr>\n<th>Rozdzielczo\u015b\u0107 przechwytywania<\/th>\n<td>do 2K@30Hz<\/td>\n<\/tr>\n<tr>\n<th>Od\u015bwie\u017canie<\/th>\n<td>do 60 Hz<\/td>\n<\/tr>\n<tr>\n<th>Porty USB<\/th>\n<td>USB-A i USB-C (2 w 1)<\/td>\n<\/tr>\n<tr>\n<th>Kompatybilno\u015b\u0107 z urz\u0105dzeniami<\/th>\n<td>Switch, PS5, PS4, Xbox, aparaty, laptopy, PC, przystawki TV, smartfony, tablety, gogle VR (Quest 2\/3\/3S)<\/td>\n<\/tr>\n<tr>\n<th>Systemy operacyjne i oprogramowanie<\/th>\n<td>OBS Studio, xSplit, PotPlayer, QuickTime Player, Android, YouTube, Windows<\/td>\n<\/tr>\n<tr>\n<th>Materia\u0142 obudowy<\/th>\n<td>Aluminium, niklowane interfejsy<\/td>\n<\/tr>\n<\/tbody>\n<\/table>\n<\/div>\n","protected":false},"excerpt":{"rendered":"<p>Karta do przechwytywania wideo HDMI do USB Ugreen CM629, 2K 30Hz Karta przechwytywania wideo Ugreen CM629 to kompaktowe, ale bardzo<\/p>\n","protected":false},"featured_media":49986,"comment_status":"closed","ping_status":"open","template":"","meta":{"_acf_changed":false},"product_brand":[],"product_cat":[5930,5929],"product_tag":[],"class_list":{"0":"post-60849","1":"product","2":"type-product","3":"status-publish","4":"has-post-thumbnail","6":"product_cat-adaptery-przejsciowki-konwertery","7":"product_cat-akcesoria-it","8":"pa_okres-gwarancji-5757","9":"pa_producent-ugreen","11":"first","12":"outofstock","13":"taxable","14":"shipping-taxable","15":"purchasable","16":"product-type-simple"},"acf":[],"yoast_head":"<!-- This site is optimized with the Yoast SEO plugin v27.2 - https:\/\/yoast.com\/product\/yoast-seo-wordpress\/ -->\n<title>Karta przechwytywania UGREEN CM629 HDMI-USB 2K@30Hz - IRONSKY.PL Sklep z Dronami<\/title>\n<meta name=\"description\" content=\"Karta przechwytywania UGREEN CM629 HDMI-USB 2K@30Hz - \u2705 sklep z dronami i fachowym doradztwem. \u2705 Tutaj kupisz produkty DJI, Yuneec, Parrot, Syma i wiele innych, a tak\u017ce kursy i licencje na operatora drona.\" \/>\n<meta name=\"robots\" content=\"index, follow, max-snippet:-1, max-image-preview:large, max-video-preview:-1\" \/>\n<link rel=\"canonical\" href=\"https:\/\/ironsky.pl\/sklep\/produkt\/karta-przechwytywania-ugreen-cm629-hdmi-usb-2k30hz\/\" \/>\n<meta property=\"og:locale\" content=\"pl_PL\" \/>\n<meta property=\"og:type\" content=\"article\" \/>\n<meta property=\"og:title\" content=\"Karta przechwytywania UGREEN CM629 HDMI-USB 2K@30Hz - IRONSKY.PL Sklep z Dronami\" \/>\n<meta property=\"og:description\" content=\"Karta przechwytywania UGREEN CM629 HDMI-USB 2K@30Hz - \u2705 sklep z dronami i fachowym doradztwem. \u2705 Tutaj kupisz produkty DJI, Yuneec, Parrot, Syma i wiele innych, a tak\u017ce kursy i licencje na operatora drona.\" \/>\n<meta property=\"og:url\" content=\"https:\/\/ironsky.pl\/sklep\/produkt\/karta-przechwytywania-ugreen-cm629-hdmi-usb-2k30hz\/\" \/>\n<meta property=\"og:site_name\" content=\"IRONSKY.PL Sklep z Dronami\" \/>\n<meta property=\"article:modified_time\" content=\"2026-04-15T09:09:21+00:00\" \/>\n<meta property=\"og:image\" content=\"https:\/\/ironsky.pl\/sklep\/wp-content\/uploads\/2025\/10\/54578_1.jpg\" \/>\n\t<meta property=\"og:image:width\" content=\"800\" \/>\n\t<meta property=\"og:image:height\" content=\"800\" \/>\n\t<meta property=\"og:image:type\" content=\"image\/jpeg\" \/>\n<meta name=\"twitter:card\" content=\"summary_large_image\" \/>\n<meta name=\"twitter:label1\" content=\"Szacowany czas czytania\" \/>\n\t<meta name=\"twitter:data1\" content=\"2 minuty\" \/>\n<script type=\"application\/ld+json\" class=\"yoast-schema-graph\">{\"@context\":\"https:\/\/schema.org\",\"@graph\":[{\"@type\":\"WebPage\",\"@id\":\"https:\/\/ironsky.pl\/sklep\/produkt\/karta-przechwytywania-ugreen-cm629-hdmi-usb-2k30hz\/\",\"url\":\"https:\/\/ironsky.pl\/sklep\/produkt\/karta-przechwytywania-ugreen-cm629-hdmi-usb-2k30hz\/\",\"name\":\"Karta przechwytywania UGREEN CM629 HDMI-USB 2K@30Hz - IRONSKY.PL Sklep z Dronami\",\"isPartOf\":{\"@id\":\"https:\/\/ironsky.pl\/sklep\/#website\"},\"primaryImageOfPage\":{\"@id\":\"https:\/\/ironsky.pl\/sklep\/produkt\/karta-przechwytywania-ugreen-cm629-hdmi-usb-2k30hz\/#primaryimage\"},\"image\":{\"@id\":\"https:\/\/ironsky.pl\/sklep\/produkt\/karta-przechwytywania-ugreen-cm629-hdmi-usb-2k30hz\/#primaryimage\"},\"thumbnailUrl\":\"https:\/\/ironsky.pl\/sklep\/wp-content\/uploads\/2025\/10\/54578_1.jpg\",\"datePublished\":\"2026-04-15T09:09:19+00:00\",\"dateModified\":\"2026-04-15T09:09:21+00:00\",\"description\":\"Karta przechwytywania UGREEN CM629 HDMI-USB 2K@30Hz - \u2705 sklep z dronami i fachowym doradztwem. \u2705 Tutaj kupisz produkty DJI, Yuneec, Parrot, Syma i wiele innych, a tak\u017ce kursy i licencje na operatora drona.\",\"breadcrumb\":{\"@id\":\"https:\/\/ironsky.pl\/sklep\/produkt\/karta-przechwytywania-ugreen-cm629-hdmi-usb-2k30hz\/#breadcrumb\"},\"inLanguage\":\"pl-PL\",\"potentialAction\":[{\"@type\":\"ReadAction\",\"target\":[\"https:\/\/ironsky.pl\/sklep\/produkt\/karta-przechwytywania-ugreen-cm629-hdmi-usb-2k30hz\/\"]}]},{\"@type\":\"ImageObject\",\"inLanguage\":\"pl-PL\",\"@id\":\"https:\/\/ironsky.pl\/sklep\/produkt\/karta-przechwytywania-ugreen-cm629-hdmi-usb-2k30hz\/#primaryimage\",\"url\":\"https:\/\/ironsky.pl\/sklep\/wp-content\/uploads\/2025\/10\/54578_1.jpg\",\"contentUrl\":\"https:\/\/ironsky.pl\/sklep\/wp-content\/uploads\/2025\/10\/54578_1.jpg\",\"width\":800,\"height\":800},{\"@type\":\"BreadcrumbList\",\"@id\":\"https:\/\/ironsky.pl\/sklep\/produkt\/karta-przechwytywania-ugreen-cm629-hdmi-usb-2k30hz\/#breadcrumb\",\"itemListElement\":[{\"@type\":\"ListItem\",\"position\":1,\"name\":\"Strona g\u0142\u00f3wna\",\"item\":\"https:\/\/ironsky.pl\/sklep\/\"},{\"@type\":\"ListItem\",\"position\":2,\"name\":\"Wszystkie produkty\",\"item\":\"https:\/\/ironsky.pl\/sklep\/produkty\/\"},{\"@type\":\"ListItem\",\"position\":3,\"name\":\"Karta przechwytywania UGREEN CM629 HDMI-USB 2K@30Hz\"}]},{\"@type\":\"WebSite\",\"@id\":\"https:\/\/ironsky.pl\/sklep\/#website\",\"url\":\"https:\/\/ironsky.pl\/sklep\/\",\"name\":\"IRONSKY.PL Sklep z Dronami\",\"description\":\"IRONSKY.PL Sklep z Dronami\",\"potentialAction\":[{\"@type\":\"SearchAction\",\"target\":{\"@type\":\"EntryPoint\",\"urlTemplate\":\"https:\/\/ironsky.pl\/sklep\/?s={search_term_string}\"},\"query-input\":{\"@type\":\"PropertyValueSpecification\",\"valueRequired\":true,\"valueName\":\"search_term_string\"}}],\"inLanguage\":\"pl-PL\"}]}<\/script>\n<!-- \/ Yoast SEO plugin. -->","yoast_head_json":{"title":"Karta przechwytywania UGREEN CM629 HDMI-USB 2K@30Hz - IRONSKY.PL Sklep z Dronami","description":"Karta przechwytywania UGREEN CM629 HDMI-USB 2K@30Hz - \u2705 sklep z dronami i fachowym doradztwem. \u2705 Tutaj kupisz produkty DJI, Yuneec, Parrot, Syma i wiele innych, a tak\u017ce kursy i licencje na operatora drona.","robots":{"index":"index","follow":"follow","max-snippet":"max-snippet:-1","max-image-preview":"max-image-preview:large","max-video-preview":"max-video-preview:-1"},"canonical":"https:\/\/ironsky.pl\/sklep\/produkt\/karta-przechwytywania-ugreen-cm629-hdmi-usb-2k30hz\/","og_locale":"pl_PL","og_type":"article","og_title":"Karta przechwytywania UGREEN CM629 HDMI-USB 2K@30Hz - IRONSKY.PL Sklep z Dronami","og_description":"Karta przechwytywania UGREEN CM629 HDMI-USB 2K@30Hz - \u2705 sklep z dronami i fachowym doradztwem. \u2705 Tutaj kupisz produkty DJI, Yuneec, Parrot, Syma i wiele innych, a tak\u017ce kursy i licencje na operatora drona.","og_url":"https:\/\/ironsky.pl\/sklep\/produkt\/karta-przechwytywania-ugreen-cm629-hdmi-usb-2k30hz\/","og_site_name":"IRONSKY.PL Sklep z Dronami","article_modified_time":"2026-04-15T09:09:21+00:00","og_image":[{"width":800,"height":800,"url":"https:\/\/ironsky.pl\/sklep\/wp-content\/uploads\/2025\/10\/54578_1.jpg","type":"image\/jpeg"}],"twitter_card":"summary_large_image","twitter_misc":{"Szacowany czas czytania":"2 minuty"},"schema":{"@context":"https:\/\/schema.org","@graph":[{"@type":"WebPage","@id":"https:\/\/ironsky.pl\/sklep\/produkt\/karta-przechwytywania-ugreen-cm629-hdmi-usb-2k30hz\/","url":"https:\/\/ironsky.pl\/sklep\/produkt\/karta-przechwytywania-ugreen-cm629-hdmi-usb-2k30hz\/","name":"Karta przechwytywania UGREEN CM629 HDMI-USB 2K@30Hz - IRONSKY.PL Sklep z Dronami","isPartOf":{"@id":"https:\/\/ironsky.pl\/sklep\/#website"},"primaryImageOfPage":{"@id":"https:\/\/ironsky.pl\/sklep\/produkt\/karta-przechwytywania-ugreen-cm629-hdmi-usb-2k30hz\/#primaryimage"},"image":{"@id":"https:\/\/ironsky.pl\/sklep\/produkt\/karta-przechwytywania-ugreen-cm629-hdmi-usb-2k30hz\/#primaryimage"},"thumbnailUrl":"https:\/\/ironsky.pl\/sklep\/wp-content\/uploads\/2025\/10\/54578_1.jpg","datePublished":"2026-04-15T09:09:19+00:00","dateModified":"2026-04-15T09:09:21+00:00","description":"Karta przechwytywania UGREEN CM629 HDMI-USB 2K@30Hz - \u2705 sklep z dronami i fachowym doradztwem. \u2705 Tutaj kupisz produkty DJI, Yuneec, Parrot, Syma i wiele innych, a tak\u017ce kursy i licencje na operatora drona.","breadcrumb":{"@id":"https:\/\/ironsky.pl\/sklep\/produkt\/karta-przechwytywania-ugreen-cm629-hdmi-usb-2k30hz\/#breadcrumb"},"inLanguage":"pl-PL","potentialAction":[{"@type":"ReadAction","target":["https:\/\/ironsky.pl\/sklep\/produkt\/karta-przechwytywania-ugreen-cm629-hdmi-usb-2k30hz\/"]}]},{"@type":"ImageObject","inLanguage":"pl-PL","@id":"https:\/\/ironsky.pl\/sklep\/produkt\/karta-przechwytywania-ugreen-cm629-hdmi-usb-2k30hz\/#primaryimage","url":"https:\/\/ironsky.pl\/sklep\/wp-content\/uploads\/2025\/10\/54578_1.jpg","contentUrl":"https:\/\/ironsky.pl\/sklep\/wp-content\/uploads\/2025\/10\/54578_1.jpg","width":800,"height":800},{"@type":"BreadcrumbList","@id":"https:\/\/ironsky.pl\/sklep\/produkt\/karta-przechwytywania-ugreen-cm629-hdmi-usb-2k30hz\/#breadcrumb","itemListElement":[{"@type":"ListItem","position":1,"name":"Strona g\u0142\u00f3wna","item":"https:\/\/ironsky.pl\/sklep\/"},{"@type":"ListItem","position":2,"name":"Wszystkie produkty","item":"https:\/\/ironsky.pl\/sklep\/produkty\/"},{"@type":"ListItem","position":3,"name":"Karta przechwytywania UGREEN CM629 HDMI-USB 2K@30Hz"}]},{"@type":"WebSite","@id":"https:\/\/ironsky.pl\/sklep\/#website","url":"https:\/\/ironsky.pl\/sklep\/","name":"IRONSKY.PL Sklep z Dronami","description":"IRONSKY.PL Sklep z Dronami","potentialAction":[{"@type":"SearchAction","target":{"@type":"EntryPoint","urlTemplate":"https:\/\/ironsky.pl\/sklep\/?s={search_term_string}"},"query-input":{"@type":"PropertyValueSpecification","valueRequired":true,"valueName":"search_term_string"}}],"inLanguage":"pl-PL"}]}},"_links":{"self":[{"href":"https:\/\/ironsky.pl\/sklep\/wp-json\/wp\/v2\/product\/60849","targetHints":{"allow":["GET"]}}],"collection":[{"href":"https:\/\/ironsky.pl\/sklep\/wp-json\/wp\/v2\/product"}],"about":[{"href":"https:\/\/ironsky.pl\/sklep\/wp-json\/wp\/v2\/types\/product"}],"replies":[{"embeddable":true,"href":"https:\/\/ironsky.pl\/sklep\/wp-json\/wp\/v2\/comments?post=60849"}],"wp:featuredmedia":[{"embeddable":true,"href":"https:\/\/ironsky.pl\/sklep\/wp-json\/wp\/v2\/media\/49986"}],"wp:attachment":[{"href":"https:\/\/ironsky.pl\/sklep\/wp-json\/wp\/v2\/media?parent=60849"}],"wp:term":[{"taxonomy":"product_brand","embeddable":true,"href":"https:\/\/ironsky.pl\/sklep\/wp-json\/wp\/v2\/product_brand?post=60849"},{"taxonomy":"product_cat","embeddable":true,"href":"https:\/\/ironsky.pl\/sklep\/wp-json\/wp\/v2\/product_cat?post=60849"},{"taxonomy":"product_tag","embeddable":true,"href":"https:\/\/ironsky.pl\/sklep\/wp-json\/wp\/v2\/product_tag?post=60849"}],"curies":[{"name":"wp","href":"https:\/\/api.w.org\/{rel}","templated":true}]}}