{"id":60847,"date":"2026-04-15T11:08:54","date_gmt":"2026-04-15T09:08:54","guid":{"rendered":"https:\/\/ironsky.pl\/sklep\/produkt\/podstawka-do-laptopa-ugreen-lp258-pionowa-czarna\/"},"modified":"2026-04-15T11:09:18","modified_gmt":"2026-04-15T09:09:18","slug":"podstawka-do-laptopa-ugreen-lp258-pionowa-czarna","status":"publish","type":"product","link":"https:\/\/ironsky.pl\/sklep\/produkt\/podstawka-do-laptopa-ugreen-lp258-pionowa-czarna\/","title":{"rendered":"Podstawka do laptopa UGREEN LP258 pionowa (czarna)"},"content":{"rendered":"<h3>Pionowy stojak na laptopa Ugreen LP258, aluminium (czarny)<\/h3>\n<p>Pionowy stojak UGREEN LP258 idealnie nada si\u0119 dla os\u00f3b szukaj\u0105cych funkcjonalnego i eleganckiego akcesorium do organizacji przestrzeni roboczej. Zosta\u0142 wykonany z wysokiej jako\u015bci stopu aluminium i oferuje regulowan\u0105 szeroko\u015b\u0107 od 12 do 26 mm, dzi\u0119ki czemu pomie\u015bci wi\u0119kszo\u015b\u0107 laptop\u00f3w dost\u0119pnych na rynku. Kompaktowe wymiary 150\u00d778\u00d750 mm i waga zaledwie 176g sprawiaj\u0105, \u017ce jest to praktyczne rozwi\u0105zanie, kt\u00f3re pozwala zaoszcz\u0119dzi\u0107 miejsce na biurku.<\/p>\n<p>\n<img decoding=\"async\" src=\"https:\/\/assets.innpro.pl\/17758\/23578\/2.jpg\" border=\"0\" alt=\"R\u0119ka umieszcza MacBooka w czarnej podstawce UGREEN przy biurku z monitorem i klawiatur\u0105\" \/>\n<\/p>\n<h3>Inteligentna regulacja szeroko\u015bci<\/h3>\n<p>Stojak wyposa\u017cono w mechanizm regulacji szeroko\u015bci, kt\u00f3ry pozwala na dopasowanie do urz\u0105dze\u0144 o grubo\u015bci od 12 do 26 mm. Precyzyjny system z pokr\u0119t\u0142em zapewnia stabilne mocowanie laptopa w pozycji pionowej, eliminuj\u0105c ryzyko jego przypadkowego wy\u015blizgni\u0119cia si\u0119.<\/p>\n<p>\n<img decoding=\"async\" src=\"https:\/\/assets.innpro.pl\/17758\/23578\/5.jpg\" border=\"0\" alt=\"Dwa laptopy - MacBook i Dell - w czarnych podstawkach na bia\u0142ych p\u00f3\u0142kach\" \/>\n<\/p>\n<h3>Otwarta konstrukcja dla optymalnej wentylacji<\/h3>\n<p>Przemy\u015blana konstrukcja z otwart\u0105 podstaw\u0105 umo\u017cliwia swobodny przep\u0142yw powietrza, co poprawia odprowadzanie ciep\u0142a. Takie rozwi\u0105zanie przyda si\u0119 osobom intensywnie korzystaj\u0105cym z laptopa \u2013 zapewni jego stabiln\u0105 prac\u0119 i zmniejszy ryzyko przegrzania.<\/p>\n<p>\n<img decoding=\"async\" src=\"https:\/\/assets.innpro.pl\/17758\/23578\/1.jpg\" border=\"0\" alt=\"MacBook w czarnej podstawce UGREEN z graficznymi strza\u0142kami pokazuj\u0105cymi cyrkulacj\u0119 powietrza na drewnianym biurku\" \/>\n<\/p>\n<h3>Wszechstronna funkcjonalno\u015b\u0107<\/h3>\n<p>Stojak nie ogranicza si\u0119 tylko do laptop\u00f3w \u2013 z powodzeniem mo\u017cesz przechowywa\u0107 w nim r\u00f3wnie\u017c tablety, ksi\u0105\u017cki czy inne p\u0142askie przedmioty. Dzi\u0119ki temu produkt \u015bwietnie sprawdzi si\u0119 w ka\u017cdym biurze i nie tylko.<\/p>\n<p>\n<img decoding=\"async\" src=\"https:\/\/assets.innpro.pl\/17758\/23578\/3.jpg\" border=\"0\" alt=\"MacBook w podstawce pod\u0142\u0105czony kablem do stacji dokuj\u0105cej na bia\u0142ym biurku z monitorem i klawiatur\u0105\" \/>\n<\/p>\n<h3>Ochrona przed zarysowaniami<\/h3>\n<p>Model LP258 zosta\u0142 wyposa\u017cony w mi\u0119kkie silikonowe podk\u0142adki, kt\u00f3re chroni\u0105 umieszczone w nim urz\u0105dzenie przed zarysowaniami i zapewniaj\u0105 stabilne ustawienie. Dodatkowe antypo\u015blizgowe elementy na podstawie zapobiegaj\u0105 przesuwaniu si\u0119 stojaka po blacie.<\/p>\n<p>\n<img decoding=\"async\" src=\"https:\/\/assets.innpro.pl\/17758\/23578\/4.jpg\" border=\"0\" alt=\"MacBook w podstawce UGREEN z pod\u0142\u0105czonymi kablami na bia\u0142ym biurku\" \/>\n<\/p>\n<h3>Solidna i kompaktowa konstrukcja<\/h3>\n<p>Wykonanie ze stopu aluminium gwarantuje nie tylko elegancki wygl\u0105d, ale przede wszystkim wyj\u0105tkow\u0105 trwa\u0142o\u015b\u0107 i odporno\u015b\u0107 na zarysowania. Co wi\u0119cej, dzi\u0119ki wymiarom 150\u00d778\u00d750 mm stojak zajmuje niewiele miejsca na biurku, a jednocze\u015bnie zapewnia maksymaln\u0105 stabilno\u015b\u0107. Umie\u015b\u0107 w nim laptopa, aby z \u0142atwo\u015bci\u0105 zadba\u0107 o porz\u0105dek i zaoszcz\u0119dzi\u0107 cenn\u0105 przestrze\u0144!<\/p>\n<p>\n<img decoding=\"async\" src=\"https:\/\/assets.innpro.pl\/17758\/23578\/6.jpg\" border=\"0\" alt=\"MacBook w czarnej podstawce UGREEN obok monitora i \u0142adowarki na nowoczesnym bia\u0142ym biurku\" \/>\n<\/p>\n<div class=\"table-wrapper\">\n<p>\u00a0<\/p>\n<h3><\/h3>\n<table>\n<tbody>\n<tr>\n<th>Producent<\/th>\n<td>UGREEN<\/td>\n<\/tr>\n<tr>\n<th>Model<\/th>\n<td>LP258<\/td>\n<\/tr>\n<tr>\n<th>Kolor<\/th>\n<td>Czarny<\/td>\n<\/tr>\n<tr>\n<th>Wymiary<\/th>\n<td>150\u00d778\u00d750mm<\/td>\n<\/tr>\n<tr>\n<th>Kompatybilno\u015b\u0107<\/th>\n<td>Urz\u0105dzenia o szeroko\u015bci do 26 mm<\/td>\n<\/tr>\n<tr>\n<th>Materia\u0142<\/th>\n<td>Stop aluminium + silikon<\/td>\n<\/tr>\n<tr>\n<th>Waga<\/th>\n<td>176 g<\/td>\n<\/tr>\n<\/tbody>\n<\/table>\n<\/div>\n","protected":false},"excerpt":{"rendered":"<p>Pionowy stojak na laptopa Ugreen LP258, aluminium (czarny) Pionowy stojak UGREEN LP258 idealnie nada si\u0119 dla os\u00f3b szukaj\u0105cych funkcjonalnego i<\/p>\n","protected":false},"featured_media":49964,"comment_status":"closed","ping_status":"open","template":"","meta":{"_acf_changed":false},"product_brand":[],"product_cat":[5929,6195],"product_tag":[],"class_list":{"0":"post-60847","1":"product","2":"type-product","3":"status-publish","4":"has-post-thumbnail","6":"product_cat-akcesoria-it","7":"product_cat-podstawki-pod-laptop","8":"pa_okres-gwarancji-5757","9":"pa_producent-ugreen","11":"first","12":"outofstock","13":"taxable","14":"shipping-taxable","15":"purchasable","16":"product-type-simple"},"acf":[],"yoast_head":"<!-- This site is optimized with the Yoast SEO plugin v27.2 - https:\/\/yoast.com\/product\/yoast-seo-wordpress\/ -->\n<title>Podstawka do laptopa UGREEN LP258 pionowa (czarna) - IRONSKY.PL Sklep z Dronami<\/title>\n<meta name=\"description\" content=\"Podstawka do laptopa UGREEN LP258 pionowa (czarna) - \u2705 sklep z dronami i fachowym doradztwem. \u2705 Tutaj kupisz produkty DJI, Yuneec, Parrot, Syma i wiele innych, a tak\u017ce kursy i licencje na operatora drona.\" \/>\n<meta name=\"robots\" content=\"index, follow, max-snippet:-1, max-image-preview:large, max-video-preview:-1\" \/>\n<link rel=\"canonical\" href=\"https:\/\/ironsky.pl\/sklep\/produkt\/podstawka-do-laptopa-ugreen-lp258-pionowa-czarna\/\" \/>\n<meta property=\"og:locale\" content=\"pl_PL\" \/>\n<meta property=\"og:type\" content=\"article\" \/>\n<meta property=\"og:title\" content=\"Podstawka do laptopa UGREEN LP258 pionowa (czarna) - IRONSKY.PL Sklep z Dronami\" \/>\n<meta property=\"og:description\" content=\"Podstawka do laptopa UGREEN LP258 pionowa (czarna) - \u2705 sklep z dronami i fachowym doradztwem. \u2705 Tutaj kupisz produkty DJI, Yuneec, Parrot, Syma i wiele innych, a tak\u017ce kursy i licencje na operatora drona.\" \/>\n<meta property=\"og:url\" content=\"https:\/\/ironsky.pl\/sklep\/produkt\/podstawka-do-laptopa-ugreen-lp258-pionowa-czarna\/\" \/>\n<meta property=\"og:site_name\" content=\"IRONSKY.PL Sklep z Dronami\" \/>\n<meta property=\"article:modified_time\" content=\"2026-04-15T09:09:18+00:00\" \/>\n<meta property=\"og:image\" content=\"https:\/\/ironsky.pl\/sklep\/wp-content\/uploads\/2025\/10\/54554_1.jpg\" \/>\n\t<meta property=\"og:image:width\" content=\"800\" \/>\n\t<meta property=\"og:image:height\" content=\"800\" \/>\n\t<meta property=\"og:image:type\" content=\"image\/jpeg\" \/>\n<meta name=\"twitter:card\" content=\"summary_large_image\" \/>\n<meta name=\"twitter:label1\" content=\"Szacowany czas czytania\" \/>\n\t<meta name=\"twitter:data1\" content=\"2 minuty\" \/>\n<script type=\"application\/ld+json\" class=\"yoast-schema-graph\">{\"@context\":\"https:\/\/schema.org\",\"@graph\":[{\"@type\":\"WebPage\",\"@id\":\"https:\/\/ironsky.pl\/sklep\/produkt\/podstawka-do-laptopa-ugreen-lp258-pionowa-czarna\/\",\"url\":\"https:\/\/ironsky.pl\/sklep\/produkt\/podstawka-do-laptopa-ugreen-lp258-pionowa-czarna\/\",\"name\":\"Podstawka do laptopa UGREEN LP258 pionowa (czarna) - IRONSKY.PL Sklep z Dronami\",\"isPartOf\":{\"@id\":\"https:\/\/ironsky.pl\/sklep\/#website\"},\"primaryImageOfPage\":{\"@id\":\"https:\/\/ironsky.pl\/sklep\/produkt\/podstawka-do-laptopa-ugreen-lp258-pionowa-czarna\/#primaryimage\"},\"image\":{\"@id\":\"https:\/\/ironsky.pl\/sklep\/produkt\/podstawka-do-laptopa-ugreen-lp258-pionowa-czarna\/#primaryimage\"},\"thumbnailUrl\":\"https:\/\/ironsky.pl\/sklep\/wp-content\/uploads\/2025\/10\/54554_1.jpg\",\"datePublished\":\"2026-04-15T09:08:54+00:00\",\"dateModified\":\"2026-04-15T09:09:18+00:00\",\"description\":\"Podstawka do laptopa UGREEN LP258 pionowa (czarna) - \u2705 sklep z dronami i fachowym doradztwem. \u2705 Tutaj kupisz produkty DJI, Yuneec, Parrot, Syma i wiele innych, a tak\u017ce kursy i licencje na operatora drona.\",\"breadcrumb\":{\"@id\":\"https:\/\/ironsky.pl\/sklep\/produkt\/podstawka-do-laptopa-ugreen-lp258-pionowa-czarna\/#breadcrumb\"},\"inLanguage\":\"pl-PL\",\"potentialAction\":[{\"@type\":\"ReadAction\",\"target\":[\"https:\/\/ironsky.pl\/sklep\/produkt\/podstawka-do-laptopa-ugreen-lp258-pionowa-czarna\/\"]}]},{\"@type\":\"ImageObject\",\"inLanguage\":\"pl-PL\",\"@id\":\"https:\/\/ironsky.pl\/sklep\/produkt\/podstawka-do-laptopa-ugreen-lp258-pionowa-czarna\/#primaryimage\",\"url\":\"https:\/\/ironsky.pl\/sklep\/wp-content\/uploads\/2025\/10\/54554_1.jpg\",\"contentUrl\":\"https:\/\/ironsky.pl\/sklep\/wp-content\/uploads\/2025\/10\/54554_1.jpg\",\"width\":800,\"height\":800},{\"@type\":\"BreadcrumbList\",\"@id\":\"https:\/\/ironsky.pl\/sklep\/produkt\/podstawka-do-laptopa-ugreen-lp258-pionowa-czarna\/#breadcrumb\",\"itemListElement\":[{\"@type\":\"ListItem\",\"position\":1,\"name\":\"Strona g\u0142\u00f3wna\",\"item\":\"https:\/\/ironsky.pl\/sklep\/\"},{\"@type\":\"ListItem\",\"position\":2,\"name\":\"Wszystkie produkty\",\"item\":\"https:\/\/ironsky.pl\/sklep\/produkty\/\"},{\"@type\":\"ListItem\",\"position\":3,\"name\":\"Podstawka do laptopa UGREEN LP258 pionowa (czarna)\"}]},{\"@type\":\"WebSite\",\"@id\":\"https:\/\/ironsky.pl\/sklep\/#website\",\"url\":\"https:\/\/ironsky.pl\/sklep\/\",\"name\":\"IRONSKY.PL Sklep z Dronami\",\"description\":\"IRONSKY.PL Sklep z Dronami\",\"potentialAction\":[{\"@type\":\"SearchAction\",\"target\":{\"@type\":\"EntryPoint\",\"urlTemplate\":\"https:\/\/ironsky.pl\/sklep\/?s={search_term_string}\"},\"query-input\":{\"@type\":\"PropertyValueSpecification\",\"valueRequired\":true,\"valueName\":\"search_term_string\"}}],\"inLanguage\":\"pl-PL\"}]}<\/script>\n<!-- \/ Yoast SEO plugin. -->","yoast_head_json":{"title":"Podstawka do laptopa UGREEN LP258 pionowa (czarna) - IRONSKY.PL Sklep z Dronami","description":"Podstawka do laptopa UGREEN LP258 pionowa (czarna) - \u2705 sklep z dronami i fachowym doradztwem. \u2705 Tutaj kupisz produkty DJI, Yuneec, Parrot, Syma i wiele innych, a tak\u017ce kursy i licencje na operatora drona.","robots":{"index":"index","follow":"follow","max-snippet":"max-snippet:-1","max-image-preview":"max-image-preview:large","max-video-preview":"max-video-preview:-1"},"canonical":"https:\/\/ironsky.pl\/sklep\/produkt\/podstawka-do-laptopa-ugreen-lp258-pionowa-czarna\/","og_locale":"pl_PL","og_type":"article","og_title":"Podstawka do laptopa UGREEN LP258 pionowa (czarna) - IRONSKY.PL Sklep z Dronami","og_description":"Podstawka do laptopa UGREEN LP258 pionowa (czarna) - \u2705 sklep z dronami i fachowym doradztwem. \u2705 Tutaj kupisz produkty DJI, Yuneec, Parrot, Syma i wiele innych, a tak\u017ce kursy i licencje na operatora drona.","og_url":"https:\/\/ironsky.pl\/sklep\/produkt\/podstawka-do-laptopa-ugreen-lp258-pionowa-czarna\/","og_site_name":"IRONSKY.PL Sklep z Dronami","article_modified_time":"2026-04-15T09:09:18+00:00","og_image":[{"width":800,"height":800,"url":"https:\/\/ironsky.pl\/sklep\/wp-content\/uploads\/2025\/10\/54554_1.jpg","type":"image\/jpeg"}],"twitter_card":"summary_large_image","twitter_misc":{"Szacowany czas czytania":"2 minuty"},"schema":{"@context":"https:\/\/schema.org","@graph":[{"@type":"WebPage","@id":"https:\/\/ironsky.pl\/sklep\/produkt\/podstawka-do-laptopa-ugreen-lp258-pionowa-czarna\/","url":"https:\/\/ironsky.pl\/sklep\/produkt\/podstawka-do-laptopa-ugreen-lp258-pionowa-czarna\/","name":"Podstawka do laptopa UGREEN LP258 pionowa (czarna) - IRONSKY.PL Sklep z Dronami","isPartOf":{"@id":"https:\/\/ironsky.pl\/sklep\/#website"},"primaryImageOfPage":{"@id":"https:\/\/ironsky.pl\/sklep\/produkt\/podstawka-do-laptopa-ugreen-lp258-pionowa-czarna\/#primaryimage"},"image":{"@id":"https:\/\/ironsky.pl\/sklep\/produkt\/podstawka-do-laptopa-ugreen-lp258-pionowa-czarna\/#primaryimage"},"thumbnailUrl":"https:\/\/ironsky.pl\/sklep\/wp-content\/uploads\/2025\/10\/54554_1.jpg","datePublished":"2026-04-15T09:08:54+00:00","dateModified":"2026-04-15T09:09:18+00:00","description":"Podstawka do laptopa UGREEN LP258 pionowa (czarna) - \u2705 sklep z dronami i fachowym doradztwem. \u2705 Tutaj kupisz produkty DJI, Yuneec, Parrot, Syma i wiele innych, a tak\u017ce kursy i licencje na operatora drona.","breadcrumb":{"@id":"https:\/\/ironsky.pl\/sklep\/produkt\/podstawka-do-laptopa-ugreen-lp258-pionowa-czarna\/#breadcrumb"},"inLanguage":"pl-PL","potentialAction":[{"@type":"ReadAction","target":["https:\/\/ironsky.pl\/sklep\/produkt\/podstawka-do-laptopa-ugreen-lp258-pionowa-czarna\/"]}]},{"@type":"ImageObject","inLanguage":"pl-PL","@id":"https:\/\/ironsky.pl\/sklep\/produkt\/podstawka-do-laptopa-ugreen-lp258-pionowa-czarna\/#primaryimage","url":"https:\/\/ironsky.pl\/sklep\/wp-content\/uploads\/2025\/10\/54554_1.jpg","contentUrl":"https:\/\/ironsky.pl\/sklep\/wp-content\/uploads\/2025\/10\/54554_1.jpg","width":800,"height":800},{"@type":"BreadcrumbList","@id":"https:\/\/ironsky.pl\/sklep\/produkt\/podstawka-do-laptopa-ugreen-lp258-pionowa-czarna\/#breadcrumb","itemListElement":[{"@type":"ListItem","position":1,"name":"Strona g\u0142\u00f3wna","item":"https:\/\/ironsky.pl\/sklep\/"},{"@type":"ListItem","position":2,"name":"Wszystkie produkty","item":"https:\/\/ironsky.pl\/sklep\/produkty\/"},{"@type":"ListItem","position":3,"name":"Podstawka do laptopa UGREEN LP258 pionowa (czarna)"}]},{"@type":"WebSite","@id":"https:\/\/ironsky.pl\/sklep\/#website","url":"https:\/\/ironsky.pl\/sklep\/","name":"IRONSKY.PL Sklep z Dronami","description":"IRONSKY.PL Sklep z Dronami","potentialAction":[{"@type":"SearchAction","target":{"@type":"EntryPoint","urlTemplate":"https:\/\/ironsky.pl\/sklep\/?s={search_term_string}"},"query-input":{"@type":"PropertyValueSpecification","valueRequired":true,"valueName":"search_term_string"}}],"inLanguage":"pl-PL"}]}},"_links":{"self":[{"href":"https:\/\/ironsky.pl\/sklep\/wp-json\/wp\/v2\/product\/60847","targetHints":{"allow":["GET"]}}],"collection":[{"href":"https:\/\/ironsky.pl\/sklep\/wp-json\/wp\/v2\/product"}],"about":[{"href":"https:\/\/ironsky.pl\/sklep\/wp-json\/wp\/v2\/types\/product"}],"replies":[{"embeddable":true,"href":"https:\/\/ironsky.pl\/sklep\/wp-json\/wp\/v2\/comments?post=60847"}],"wp:featuredmedia":[{"embeddable":true,"href":"https:\/\/ironsky.pl\/sklep\/wp-json\/wp\/v2\/media\/49964"}],"wp:attachment":[{"href":"https:\/\/ironsky.pl\/sklep\/wp-json\/wp\/v2\/media?parent=60847"}],"wp:term":[{"taxonomy":"product_brand","embeddable":true,"href":"https:\/\/ironsky.pl\/sklep\/wp-json\/wp\/v2\/product_brand?post=60847"},{"taxonomy":"product_cat","embeddable":true,"href":"https:\/\/ironsky.pl\/sklep\/wp-json\/wp\/v2\/product_cat?post=60847"},{"taxonomy":"product_tag","embeddable":true,"href":"https:\/\/ironsky.pl\/sklep\/wp-json\/wp\/v2\/product_tag?post=60847"}],"curies":[{"name":"wp","href":"https:\/\/api.w.org\/{rel}","templated":true}]}}