{"id":60846,"date":"2026-04-15T11:08:54","date_gmt":"2026-04-15T09:08:54","guid":{"rendered":"https:\/\/ironsky.pl\/sklep\/produkt\/obudowa-ssd-ugreen-d619-m-2-nvme\/"},"modified":"2026-04-15T11:09:16","modified_gmt":"2026-04-15T09:09:16","slug":"obudowa-ssd-ugreen-d619-m-2-nvme","status":"publish","type":"product","link":"https:\/\/ironsky.pl\/sklep\/produkt\/obudowa-ssd-ugreen-d619-m-2-nvme\/","title":{"rendered":"Obudowa SSD UGREEN D619 M.2 NVMe"},"content":{"rendered":"<h3>Mobilna magnetyczna obudowa na dysk SSD Ugreen D619, M.2 NVMe<\/h3>\n<p>Mobilna obudowa UGREEN D619 zosta\u0142a wyposa\u017cona w magnetyczny system mocowania, obs\u0142uguje dyski SSD (Solid State Drive, p\u00f3\u0142przewodnikowy no\u015bnik danych) M.2 w czterech rozmiarach i zapewnia b\u0142yskawiczny transfer danych do 10 Gbps (Gigabits per second, gigabit\u00f3w na sekund\u0119). Dzi\u0119ki funkcji \u0142adowania PD (Power Delivery, technologia szybkiego \u0142adowania) 100W pozwala \u0142adowa\u0107 smartfona podczas transferu plik\u00f3w. Wyr\u00f3\u017cnia si\u0119 tak\u017ce antypo\u015blizgow\u0105 silikonow\u0105 powierzchni\u0105 i efektywnym odprowadzaniem ciep\u0142a. Obudowa jest kompatybilna z takimi urz\u0105dzeniami, jak na przyk\u0142ad iPhone\u2019y, MacBooki i iPady.<\/p>\n<p>\n<img decoding=\"async\" src=\"https:\/\/assets.innpro.pl\/17760\/23580\/6.jpg\" border=\"0\" alt=\"M\u0119\u017cczyzna w szarym garniturze u\u017cywa laptopa w poci\u0105gu przy oknie z widokiem na krajobraz\" \/>\n<\/p>\n<h3>Ultraszybki transfer danych<\/h3>\n<p>Obudowa osi\u0105ga rzeczywiste pr\u0119dko\u015bci odczytu i zapisu na poziomie oko\u0142o 10 Gbps (1000 MB\/s). Mo\u017cesz wi\u0119c w mgnieniu oka przesy\u0142a\u0107 nawet du\u017ce pliki! To idealne rozwi\u0105zanie dla fotograf\u00f3w, filmowc\u00f3w, grafik\u00f3w i nie tylko.<\/p>\n<p>\n<img decoding=\"async\" src=\"https:\/\/assets.innpro.pl\/17760\/23580\/2.jpg\" border=\"0\" alt=\"obudowa na dysk UGREEN podczas transferu danych na laptopa\" \/>\n<\/p>\n<h3>Kompatybilno\u015b\u0107 z dyskami SSD w r\u00f3\u017cnych rozmiarach<\/h3>\n<p>Model D619 mo\u017ce obs\u0142u\u017cy\u0107 dyski SSD M.2 w formatach 2230, 2242, 2260 i 2280. Co wi\u0119cej, jest kompatybilny zar\u00f3wno z kluczami M&amp;B (NVMe\/PCIe) jak i M (NVMe\/PCIe).<\/p>\n<p>\n<img decoding=\"async\" src=\"https:\/\/assets.innpro.pl\/17760\/23580\/5.jpg\" border=\"0\" alt=\"M\u0119\u017cczyzna w be\u017cowej kamizelce pracuje na laptopie z podstawk\u0105 w biurze przy oknie\" \/>\n<\/p>\n<h3>Nagrywanie i zapis danych w tym samym czasie<\/h3>\n<p>Obudowa pozwala na bezpo\u015brednie nagrywanie wideo 4K ProRes z urz\u0105dze\u0144 wyposa\u017conych w port USB-C (Universal Serial Bus Type-C, uniwersalne z\u0142\u0105cze do przesy\u0142ania danych i zasilania) na zewn\u0119trzny dysk. To doskona\u0142e rozwi\u0105zanie dla tw\u00f3rc\u00f3w, kt\u00f3rzy potrzebuj\u0105 du\u017co miejsca na swoje nagrania.<\/p>\n<p>\n<img decoding=\"async\" src=\"https:\/\/assets.innpro.pl\/17760\/23580\/4.jpg\" border=\"0\" alt=\"m\u0142ody m\u0119\u017cczyzna nagrywa wideo smartfonem z pod\u0142\u0105czon\u0105 obudow\u0105 na dysk\" \/>\n<\/p>\n<h3>Szybkie \u0142adowanie<\/h3>\n<p>Model D619 obs\u0142uguje tak\u017ce szybkie \u0142adowanie PD z moc\u0105 do 100 W. Mo\u017cesz wi\u0119c \u0142adowa\u0107 swoje urz\u0105dzenie podczas intensywnej pracy z dyskiem zewn\u0119trznym \u2013 bez obaw, \u017ce roz\u0142aduje si\u0119 w najmniej odpowiednim momencie.<\/p>\n<p>\n<img decoding=\"async\" src=\"https:\/\/assets.innpro.pl\/17760\/23580\/1.jpg\" border=\"0\" alt=\"obudowa na dysk UGREEN pod\u0142\u0105czona do z\u0142otego iPhone'a podczas \u0142adowania\" \/>\n<\/p>\n<h3>Dopracowana w ka\u017cdym szczeg\u00f3le<\/h3>\n<p>Przemy\u015blana konstrukcja z warstw\u0105 izolacyjn\u0105 pSi (porowaty krzem) i obudow\u0105 ze stopu aluminium zapewnia optymalne odprowadzanie ciep\u0142a. Ponadto mi\u0119kka silikonowa powierzchnia jest bardzo przyjemna w dotyku i chroni pod\u0142\u0105czone urz\u0105dzenie przed zarysowaniem. Model D619 jest przy tym bardzo lekki i por\u0119czny \u2013 mo\u017cesz mie\u0107 go zawsze przy sobie.<\/p>\n<p>\n<img decoding=\"async\" src=\"https:\/\/assets.innpro.pl\/17760\/23580\/3.jpg\" border=\"0\" alt=\"osoba chowaj\u0105ca obudow\u0119 dysku do kieszeni spodni\" \/>\n<\/p>\n<h3>W zestawie<\/h3>\n<ul class=\"list-disc pl-5\">\n<li>Magnetyczna obudowa na dysk SSD<\/li>\n<li>Instrukcja obs\u0142ugi<\/li>\n<li>Magnetyczne akcesoria<\/li>\n<li>Kabel USB-C do USB-C<\/li>\n<li>\u015arubokr\u0119t<\/li>\n<\/ul>\n<div class=\"table-wrapper\">\n<p>\u00a0<\/p>\n<h3><\/h3>\n<table>\n<tbody>\n<tr>\n<th>Producent<\/th>\n<td>UGREEN<\/td>\n<\/tr>\n<tr>\n<th>Model<\/th>\n<td>D619 55151<\/td>\n<\/tr>\n<tr>\n<th>Obs\u0142ugiwane dyski<\/th>\n<td>M.2 NVMe\/SATA<\/td>\n<\/tr>\n<tr>\n<th>Pr\u0119dko\u015b\u0107 transmisji<\/th>\n<td>Do 10 Gbps<\/td>\n<\/tr>\n<tr>\n<th>Obs\u0142ugiwane rozmiary SSD<\/th>\n<td>2230\/2242\/2260\/2280<\/td>\n<\/tr>\n<tr>\n<th>Materia\u0142<\/th>\n<td>Stop aluminium<\/td>\n<\/tr>\n<\/tbody>\n<\/table>\n<\/div>\n","protected":false},"excerpt":{"rendered":"<p>Mobilna magnetyczna obudowa na dysk SSD Ugreen D619, M.2 NVMe Mobilna obudowa UGREEN D619 zosta\u0142a wyposa\u017cona w magnetyczny system mocowania,<\/p>\n","protected":false},"featured_media":49958,"comment_status":"closed","ping_status":"open","template":"","meta":{"_acf_changed":false},"product_brand":[],"product_cat":[5929,5936],"product_tag":[],"class_list":{"0":"post-60846","1":"product","2":"type-product","3":"status-publish","4":"has-post-thumbnail","6":"product_cat-akcesoria-it","7":"product_cat-obudowy-dyskow","8":"pa_okres-gwarancji-5757","9":"pa_producent-ugreen","11":"first","12":"outofstock","13":"taxable","14":"shipping-taxable","15":"purchasable","16":"product-type-simple"},"acf":[],"yoast_head":"<!-- This site is optimized with the Yoast SEO plugin v27.2 - https:\/\/yoast.com\/product\/yoast-seo-wordpress\/ -->\n<title>Obudowa SSD UGREEN D619 M.2 NVMe - IRONSKY.PL Sklep z Dronami<\/title>\n<meta name=\"description\" content=\"Obudowa SSD UGREEN D619 M.2 NVMe - \u2705 sklep z dronami i fachowym doradztwem. \u2705 Tutaj kupisz produkty DJI, Yuneec, Parrot, Syma i wiele innych, a tak\u017ce kursy i licencje na operatora drona.\" \/>\n<meta name=\"robots\" content=\"index, follow, max-snippet:-1, max-image-preview:large, max-video-preview:-1\" \/>\n<link rel=\"canonical\" href=\"https:\/\/ironsky.pl\/sklep\/produkt\/obudowa-ssd-ugreen-d619-m-2-nvme\/\" \/>\n<meta property=\"og:locale\" content=\"pl_PL\" \/>\n<meta property=\"og:type\" content=\"article\" \/>\n<meta property=\"og:title\" content=\"Obudowa SSD UGREEN D619 M.2 NVMe - IRONSKY.PL Sklep z Dronami\" \/>\n<meta property=\"og:description\" content=\"Obudowa SSD UGREEN D619 M.2 NVMe - \u2705 sklep z dronami i fachowym doradztwem. \u2705 Tutaj kupisz produkty DJI, Yuneec, Parrot, Syma i wiele innych, a tak\u017ce kursy i licencje na operatora drona.\" \/>\n<meta property=\"og:url\" content=\"https:\/\/ironsky.pl\/sklep\/produkt\/obudowa-ssd-ugreen-d619-m-2-nvme\/\" \/>\n<meta property=\"og:site_name\" content=\"IRONSKY.PL Sklep z Dronami\" \/>\n<meta property=\"article:modified_time\" content=\"2026-04-15T09:09:16+00:00\" \/>\n<meta property=\"og:image\" content=\"https:\/\/ironsky.pl\/sklep\/wp-content\/uploads\/2025\/10\/54547_1.jpg\" \/>\n\t<meta property=\"og:image:width\" content=\"800\" \/>\n\t<meta property=\"og:image:height\" content=\"800\" \/>\n\t<meta property=\"og:image:type\" content=\"image\/jpeg\" \/>\n<meta name=\"twitter:card\" content=\"summary_large_image\" \/>\n<meta name=\"twitter:label1\" content=\"Szacowany czas czytania\" \/>\n\t<meta name=\"twitter:data1\" content=\"2 minuty\" \/>\n<script type=\"application\/ld+json\" class=\"yoast-schema-graph\">{\"@context\":\"https:\/\/schema.org\",\"@graph\":[{\"@type\":\"WebPage\",\"@id\":\"https:\/\/ironsky.pl\/sklep\/produkt\/obudowa-ssd-ugreen-d619-m-2-nvme\/\",\"url\":\"https:\/\/ironsky.pl\/sklep\/produkt\/obudowa-ssd-ugreen-d619-m-2-nvme\/\",\"name\":\"Obudowa SSD UGREEN D619 M.2 NVMe - IRONSKY.PL Sklep z Dronami\",\"isPartOf\":{\"@id\":\"https:\/\/ironsky.pl\/sklep\/#website\"},\"primaryImageOfPage\":{\"@id\":\"https:\/\/ironsky.pl\/sklep\/produkt\/obudowa-ssd-ugreen-d619-m-2-nvme\/#primaryimage\"},\"image\":{\"@id\":\"https:\/\/ironsky.pl\/sklep\/produkt\/obudowa-ssd-ugreen-d619-m-2-nvme\/#primaryimage\"},\"thumbnailUrl\":\"https:\/\/ironsky.pl\/sklep\/wp-content\/uploads\/2025\/10\/54547_1.jpg\",\"datePublished\":\"2026-04-15T09:08:54+00:00\",\"dateModified\":\"2026-04-15T09:09:16+00:00\",\"description\":\"Obudowa SSD UGREEN D619 M.2 NVMe - \u2705 sklep z dronami i fachowym doradztwem. \u2705 Tutaj kupisz produkty DJI, Yuneec, Parrot, Syma i wiele innych, a tak\u017ce kursy i licencje na operatora drona.\",\"breadcrumb\":{\"@id\":\"https:\/\/ironsky.pl\/sklep\/produkt\/obudowa-ssd-ugreen-d619-m-2-nvme\/#breadcrumb\"},\"inLanguage\":\"pl-PL\",\"potentialAction\":[{\"@type\":\"ReadAction\",\"target\":[\"https:\/\/ironsky.pl\/sklep\/produkt\/obudowa-ssd-ugreen-d619-m-2-nvme\/\"]}]},{\"@type\":\"ImageObject\",\"inLanguage\":\"pl-PL\",\"@id\":\"https:\/\/ironsky.pl\/sklep\/produkt\/obudowa-ssd-ugreen-d619-m-2-nvme\/#primaryimage\",\"url\":\"https:\/\/ironsky.pl\/sklep\/wp-content\/uploads\/2025\/10\/54547_1.jpg\",\"contentUrl\":\"https:\/\/ironsky.pl\/sklep\/wp-content\/uploads\/2025\/10\/54547_1.jpg\",\"width\":800,\"height\":800},{\"@type\":\"BreadcrumbList\",\"@id\":\"https:\/\/ironsky.pl\/sklep\/produkt\/obudowa-ssd-ugreen-d619-m-2-nvme\/#breadcrumb\",\"itemListElement\":[{\"@type\":\"ListItem\",\"position\":1,\"name\":\"Strona g\u0142\u00f3wna\",\"item\":\"https:\/\/ironsky.pl\/sklep\/\"},{\"@type\":\"ListItem\",\"position\":2,\"name\":\"Wszystkie produkty\",\"item\":\"https:\/\/ironsky.pl\/sklep\/produkty\/\"},{\"@type\":\"ListItem\",\"position\":3,\"name\":\"Obudowa SSD UGREEN D619 M.2 NVMe\"}]},{\"@type\":\"WebSite\",\"@id\":\"https:\/\/ironsky.pl\/sklep\/#website\",\"url\":\"https:\/\/ironsky.pl\/sklep\/\",\"name\":\"IRONSKY.PL Sklep z Dronami\",\"description\":\"IRONSKY.PL Sklep z Dronami\",\"potentialAction\":[{\"@type\":\"SearchAction\",\"target\":{\"@type\":\"EntryPoint\",\"urlTemplate\":\"https:\/\/ironsky.pl\/sklep\/?s={search_term_string}\"},\"query-input\":{\"@type\":\"PropertyValueSpecification\",\"valueRequired\":true,\"valueName\":\"search_term_string\"}}],\"inLanguage\":\"pl-PL\"}]}<\/script>\n<!-- \/ Yoast SEO plugin. -->","yoast_head_json":{"title":"Obudowa SSD UGREEN D619 M.2 NVMe - IRONSKY.PL Sklep z Dronami","description":"Obudowa SSD UGREEN D619 M.2 NVMe - \u2705 sklep z dronami i fachowym doradztwem. \u2705 Tutaj kupisz produkty DJI, Yuneec, Parrot, Syma i wiele innych, a tak\u017ce kursy i licencje na operatora drona.","robots":{"index":"index","follow":"follow","max-snippet":"max-snippet:-1","max-image-preview":"max-image-preview:large","max-video-preview":"max-video-preview:-1"},"canonical":"https:\/\/ironsky.pl\/sklep\/produkt\/obudowa-ssd-ugreen-d619-m-2-nvme\/","og_locale":"pl_PL","og_type":"article","og_title":"Obudowa SSD UGREEN D619 M.2 NVMe - IRONSKY.PL Sklep z Dronami","og_description":"Obudowa SSD UGREEN D619 M.2 NVMe - \u2705 sklep z dronami i fachowym doradztwem. \u2705 Tutaj kupisz produkty DJI, Yuneec, Parrot, Syma i wiele innych, a tak\u017ce kursy i licencje na operatora drona.","og_url":"https:\/\/ironsky.pl\/sklep\/produkt\/obudowa-ssd-ugreen-d619-m-2-nvme\/","og_site_name":"IRONSKY.PL Sklep z Dronami","article_modified_time":"2026-04-15T09:09:16+00:00","og_image":[{"width":800,"height":800,"url":"https:\/\/ironsky.pl\/sklep\/wp-content\/uploads\/2025\/10\/54547_1.jpg","type":"image\/jpeg"}],"twitter_card":"summary_large_image","twitter_misc":{"Szacowany czas czytania":"2 minuty"},"schema":{"@context":"https:\/\/schema.org","@graph":[{"@type":"WebPage","@id":"https:\/\/ironsky.pl\/sklep\/produkt\/obudowa-ssd-ugreen-d619-m-2-nvme\/","url":"https:\/\/ironsky.pl\/sklep\/produkt\/obudowa-ssd-ugreen-d619-m-2-nvme\/","name":"Obudowa SSD UGREEN D619 M.2 NVMe - IRONSKY.PL Sklep z Dronami","isPartOf":{"@id":"https:\/\/ironsky.pl\/sklep\/#website"},"primaryImageOfPage":{"@id":"https:\/\/ironsky.pl\/sklep\/produkt\/obudowa-ssd-ugreen-d619-m-2-nvme\/#primaryimage"},"image":{"@id":"https:\/\/ironsky.pl\/sklep\/produkt\/obudowa-ssd-ugreen-d619-m-2-nvme\/#primaryimage"},"thumbnailUrl":"https:\/\/ironsky.pl\/sklep\/wp-content\/uploads\/2025\/10\/54547_1.jpg","datePublished":"2026-04-15T09:08:54+00:00","dateModified":"2026-04-15T09:09:16+00:00","description":"Obudowa SSD UGREEN D619 M.2 NVMe - \u2705 sklep z dronami i fachowym doradztwem. \u2705 Tutaj kupisz produkty DJI, Yuneec, Parrot, Syma i wiele innych, a tak\u017ce kursy i licencje na operatora drona.","breadcrumb":{"@id":"https:\/\/ironsky.pl\/sklep\/produkt\/obudowa-ssd-ugreen-d619-m-2-nvme\/#breadcrumb"},"inLanguage":"pl-PL","potentialAction":[{"@type":"ReadAction","target":["https:\/\/ironsky.pl\/sklep\/produkt\/obudowa-ssd-ugreen-d619-m-2-nvme\/"]}]},{"@type":"ImageObject","inLanguage":"pl-PL","@id":"https:\/\/ironsky.pl\/sklep\/produkt\/obudowa-ssd-ugreen-d619-m-2-nvme\/#primaryimage","url":"https:\/\/ironsky.pl\/sklep\/wp-content\/uploads\/2025\/10\/54547_1.jpg","contentUrl":"https:\/\/ironsky.pl\/sklep\/wp-content\/uploads\/2025\/10\/54547_1.jpg","width":800,"height":800},{"@type":"BreadcrumbList","@id":"https:\/\/ironsky.pl\/sklep\/produkt\/obudowa-ssd-ugreen-d619-m-2-nvme\/#breadcrumb","itemListElement":[{"@type":"ListItem","position":1,"name":"Strona g\u0142\u00f3wna","item":"https:\/\/ironsky.pl\/sklep\/"},{"@type":"ListItem","position":2,"name":"Wszystkie produkty","item":"https:\/\/ironsky.pl\/sklep\/produkty\/"},{"@type":"ListItem","position":3,"name":"Obudowa SSD UGREEN D619 M.2 NVMe"}]},{"@type":"WebSite","@id":"https:\/\/ironsky.pl\/sklep\/#website","url":"https:\/\/ironsky.pl\/sklep\/","name":"IRONSKY.PL Sklep z Dronami","description":"IRONSKY.PL Sklep z Dronami","potentialAction":[{"@type":"SearchAction","target":{"@type":"EntryPoint","urlTemplate":"https:\/\/ironsky.pl\/sklep\/?s={search_term_string}"},"query-input":{"@type":"PropertyValueSpecification","valueRequired":true,"valueName":"search_term_string"}}],"inLanguage":"pl-PL"}]}},"_links":{"self":[{"href":"https:\/\/ironsky.pl\/sklep\/wp-json\/wp\/v2\/product\/60846","targetHints":{"allow":["GET"]}}],"collection":[{"href":"https:\/\/ironsky.pl\/sklep\/wp-json\/wp\/v2\/product"}],"about":[{"href":"https:\/\/ironsky.pl\/sklep\/wp-json\/wp\/v2\/types\/product"}],"replies":[{"embeddable":true,"href":"https:\/\/ironsky.pl\/sklep\/wp-json\/wp\/v2\/comments?post=60846"}],"wp:featuredmedia":[{"embeddable":true,"href":"https:\/\/ironsky.pl\/sklep\/wp-json\/wp\/v2\/media\/49958"}],"wp:attachment":[{"href":"https:\/\/ironsky.pl\/sklep\/wp-json\/wp\/v2\/media?parent=60846"}],"wp:term":[{"taxonomy":"product_brand","embeddable":true,"href":"https:\/\/ironsky.pl\/sklep\/wp-json\/wp\/v2\/product_brand?post=60846"},{"taxonomy":"product_cat","embeddable":true,"href":"https:\/\/ironsky.pl\/sklep\/wp-json\/wp\/v2\/product_cat?post=60846"},{"taxonomy":"product_tag","embeddable":true,"href":"https:\/\/ironsky.pl\/sklep\/wp-json\/wp\/v2\/product_tag?post=60846"}],"curies":[{"name":"wp","href":"https:\/\/api.w.org\/{rel}","templated":true}]}}