{"id":60845,"date":"2026-04-15T11:08:54","date_gmt":"2026-04-15T09:08:54","guid":{"rendered":"https:\/\/ironsky.pl\/sklep\/produkt\/karta-dzwiekowa-ugreen-cm821-usb-c-2x-usb-c-czarna\/"},"modified":"2026-04-15T11:09:15","modified_gmt":"2026-04-15T09:09:15","slug":"karta-dzwiekowa-ugreen-cm821-usb-c-2x-usb-c-czarna","status":"publish","type":"product","link":"https:\/\/ironsky.pl\/sklep\/produkt\/karta-dzwiekowa-ugreen-cm821-usb-c-2x-usb-c-czarna\/","title":{"rendered":"Karta d\u017awi\u0119kowa UGREEN CM821 USB-C-2x USB-C (czarna)"},"content":{"rendered":"<h3>Karta d\u017awi\u0119kowa Ugreen CM821, USB-C do 2x USB-C (czarna)<\/h3>\n<p>UGREEN CM821 to zaawansowane rozwi\u0105zanie 2 w 1, kt\u00f3re umo\u017cliwia jednoczesne s\u0142uchanie muzyki i \u0142adowanie urz\u0105dzenia. Obs\u0142uguje standard PD (Power Delivery, technologia szybkiego \u0142adowania) 60 W i oferuje jako\u015b\u0107 d\u017awi\u0119ku Hi-Fi (High Fidelity, wysoka wierno\u015b\u0107 d\u017awi\u0119ku) z bezstratn\u0105 transmisj\u0105 audio. Wyr\u00f3\u017cnia si\u0119 tak\u017ce kompaktow\u0105 konstrukcj\u0105 z kabel o d\u0142ugo\u015bci 16,4 cm i wytrzyma\u0142\u0105 obudow\u0105 ze stopu aluminium.<\/p>\n<p>\n<img decoding=\"async\" src=\"https:\/\/assets.innpro.pl\/17764\/23586\/1.jpg\" border=\"0\" alt=\"Z\u0142oty telefon pod\u0142\u0105czony kablem do czarnych s\u0142uchawek le\u017c\u0105cych na bia\u0142ych ksi\u0105\u017ckach na jasnym tle\" \/>\n<\/p>\n<h3>Jednoczesne \u0142adowanie i s\u0142uchanie muzyki<\/h3>\n<p>Unikalny design 2 w 1 pozwala na jednoczesne wykorzystanie funkcji szybkiego \u0142adowania oraz s\u0142uchania muzyki przez s\u0142uchawki wyposa\u017cone w z\u0142\u0105cze USB-C (Universal Serial Bus Type-C, uniwersalne z\u0142\u0105cze do przesy\u0142ania danych i zasilania). Jest to szczeg\u00f3lnie przydatne podczas d\u0142ugich podr\u00f3\u017cy, sesji gamingowych czy pracy!<\/p>\n<p>\n<img decoding=\"async\" src=\"https:\/\/assets.innpro.pl\/17764\/23586\/4.jpg\" border=\"0\" alt=\"Kobieta w okularach prowadzi wideokonferencj\u0119 na tablecie pod\u0142\u0105czonym do kabli, gestykuluj\u0105c przy biurku\" \/>\n<\/p>\n<h3>Szybkie \u0142adowanie<\/h3>\n<p>Adapter obs\u0142uguje r\u00f3\u017cne standardy szybkiego \u0142adowania, w tym PD 3.0, QC (Quick Charge, technologia szybkiego \u0142adowania) 4.0, AFC (Adaptive Fast Charging, adaptacyjne szybkie \u0142adowanie), SCP (SuperCharge Protocol, protok\u00f3\u0142 superszybkiego \u0142adowania) i PPS (Programmable Power Supply, programowalne zasilanie), a dodatkowo zapewnia moc si\u0119gaj\u0105c\u0105 60 W. Dzi\u0119ki temu mo\u017cesz w kr\u00f3tkim czasie na\u0142adowa\u0107 swojego smartfona, tablet, a nawet laptopa.<\/p>\n<p>\n<img decoding=\"async\" src=\"https:\/\/assets.innpro.pl\/17764\/23586\/2.jpg\" border=\"0\" alt=\"Tablet z niebieskim ekranem pod\u0142\u0105czony kablem do bia\u0142ej \u0142adowarki na szarym tle\" \/>\n<\/p>\n<h3>\u015awietna jako\u015b\u0107 d\u017awi\u0119ku<\/h3>\n<p>Adapter zapewnia bezstratn\u0105 transmisj\u0119 audio z zachowaniem pe\u0142nej jako\u015bci Hi-Fi. Przekonaj si\u0119, jak fantastycznie mog\u0105 brzmie\u0107 Twoje ulubione utwory i odkryj nies\u0142yszane wcze\u015bniej detale!<\/p>\n<p>\n<img decoding=\"async\" src=\"https:\/\/assets.innpro.pl\/17764\/23586\/6.jpg\" border=\"0\" alt=\"U\u015bmiechni\u0119ta kobieta w niebieskiej kurtce d\u017cinsowej s\u0142ucha muzyki przez s\u0142uchawki, trzymaj\u0105c telefon w parku\" \/>\n<\/p>\n<h3>Szeroka kompatybilno\u015b\u0107<\/h3>\n<p>Adapter wsp\u00f3\u0142pracuje z szerok\u0105 gam\u0105 urz\u0105dze\u0144 wyposa\u017conych w porty USB-C, w tym z laptopami, smartfonami, tabletami oraz konsolami PlayStation 4\/5 i Xbox. Jest te\u017c kompatybilny z wieloma s\u0142uchawkami, g\u0142o\u015bnikami i radiami samochodowymi. Dzi\u0119ki temu \u015bwietnie sprawdzi si\u0119 w wielu scenariuszach!<\/p>\n<p>\n<img decoding=\"async\" src=\"https:\/\/assets.innpro.pl\/17764\/23586\/7.jpg\" border=\"0\" alt=\"Para w okularach przeciws\u0142onecznych siedzi w samochodzie z zamocowanym telefonem na desce rozdzielczej\" \/>\n<\/p>\n<h3>Kompaktowa i wytrzyma\u0142a konstrukcja<\/h3>\n<p>D\u0142ugo\u015b\u0107 kabla 16,4 cm zapewnia optymaln\u0105 r\u00f3wnowag\u0119 mi\u0119dzy wygod\u0105 u\u017cytkowania a mobilno\u015bci\u0105. Dzi\u0119ki niewielkim rozmiarom adapter doskonale sprawdza si\u0119 podczas podr\u00f3\u017cy. Co wi\u0119cej, magnetyczna obudowa z wysokiej jako\u015bci stopu aluminium nie tylko \u015bwietnie si\u0119 prezentuje, ale te\u017c zapewnia doskona\u0142e odprowadzanie ciep\u0142a podczas intensywnego \u0142adowania. Na uwag\u0119 zas\u0142uguje tak\u017ce nylonowy oplot, kt\u00f3ry chroni przew\u00f3d przed uszkodzeniami mechanicznymi i przed\u0142u\u017ca \u017cywotno\u015b\u0107 produktu.<\/p>\n<p>\n<img decoding=\"async\" src=\"https:\/\/assets.innpro.pl\/17764\/23586\/8.jpg\" border=\"0\" alt=\"Blondynka w niebieskim swetrze s\u0142ucha muzyki przez s\u0142uchawki, patrz\u0105c na telefon i siedz\u0105c na kanapie\" \/>\n<\/p>\n<div class=\"table-wrapper\">\n<p>\u00a0<\/p>\n<h3><\/h3>\n<table>\n<tbody>\n<tr>\n<th>Producent<\/th>\n<td>UGREEN<\/td>\n<\/tr>\n<tr>\n<th>Model<\/th>\n<td>CM821<\/td>\n<\/tr>\n<tr>\n<th>Typ<\/th>\n<td>Adapter USB-C do 2x USB-C<\/td>\n<\/tr>\n<tr>\n<th>Moc \u0142adowania PD<\/th>\n<td>60 W<\/td>\n<\/tr>\n<tr>\n<th>Obs\u0142ugiwane standardy szybkiego \u0142adowania<\/th>\n<td>PD 3.0\/2.0, QC 4.0\/3.0, PPS, AFC, SCP<\/td>\n<\/tr>\n<tr>\n<th>D\u0142ugo\u015b\u0107 kabla<\/th>\n<td>16,4cm<\/td>\n<\/tr>\n<tr>\n<th>Materia\u0142 obudowy<\/th>\n<td>Stop aluminium<\/td>\n<\/tr>\n<\/tbody>\n<\/table>\n<\/div>\n","protected":false},"excerpt":{"rendered":"<p>Karta d\u017awi\u0119kowa Ugreen CM821, USB-C do 2x USB-C (czarna) UGREEN CM821 to zaawansowane rozwi\u0105zanie 2 w 1, kt\u00f3re umo\u017cliwia jednoczesne<\/p>\n","protected":false},"featured_media":49955,"comment_status":"closed","ping_status":"open","template":"","meta":{"_acf_changed":false},"product_brand":[],"product_cat":[5929,5935],"product_tag":[],"class_list":{"0":"post-60845","1":"product","2":"type-product","3":"status-publish","4":"has-post-thumbnail","6":"product_cat-akcesoria-it","7":"product_cat-zewnetrzne-karty-dzwiekowe","8":"pa_okres-gwarancji-5757","9":"pa_producent-ugreen","11":"first","12":"outofstock","13":"taxable","14":"shipping-taxable","15":"purchasable","16":"product-type-simple"},"acf":[],"yoast_head":"<!-- This site is optimized with the Yoast SEO plugin v27.2 - https:\/\/yoast.com\/product\/yoast-seo-wordpress\/ -->\n<title>Karta d\u017awi\u0119kowa UGREEN CM821 USB-C-2x USB-C (czarna) - IRONSKY.PL Sklep z Dronami<\/title>\n<meta name=\"description\" content=\"Karta d\u017awi\u0119kowa UGREEN CM821 USB-C-2x USB-C (czarna) - \u2705 sklep z dronami i fachowym doradztwem. \u2705 Tutaj kupisz produkty DJI, Yuneec, Parrot, Syma i wiele innych, a tak\u017ce kursy i licencje na operatora drona.\" \/>\n<meta name=\"robots\" content=\"index, follow, max-snippet:-1, max-image-preview:large, max-video-preview:-1\" \/>\n<link rel=\"canonical\" href=\"https:\/\/ironsky.pl\/sklep\/produkt\/karta-dzwiekowa-ugreen-cm821-usb-c-2x-usb-c-czarna\/\" \/>\n<meta property=\"og:locale\" content=\"pl_PL\" \/>\n<meta property=\"og:type\" content=\"article\" \/>\n<meta property=\"og:title\" content=\"Karta d\u017awi\u0119kowa UGREEN CM821 USB-C-2x USB-C (czarna) - IRONSKY.PL Sklep z Dronami\" \/>\n<meta property=\"og:description\" content=\"Karta d\u017awi\u0119kowa UGREEN CM821 USB-C-2x USB-C (czarna) - \u2705 sklep z dronami i fachowym doradztwem. \u2705 Tutaj kupisz produkty DJI, Yuneec, Parrot, Syma i wiele innych, a tak\u017ce kursy i licencje na operatora drona.\" \/>\n<meta property=\"og:url\" content=\"https:\/\/ironsky.pl\/sklep\/produkt\/karta-dzwiekowa-ugreen-cm821-usb-c-2x-usb-c-czarna\/\" \/>\n<meta property=\"og:site_name\" content=\"IRONSKY.PL Sklep z Dronami\" \/>\n<meta property=\"article:modified_time\" content=\"2026-04-15T09:09:15+00:00\" \/>\n<meta property=\"og:image\" content=\"https:\/\/ironsky.pl\/sklep\/wp-content\/uploads\/2025\/10\/54538_1.jpg\" \/>\n\t<meta property=\"og:image:width\" content=\"800\" \/>\n\t<meta property=\"og:image:height\" content=\"800\" \/>\n\t<meta property=\"og:image:type\" content=\"image\/jpeg\" \/>\n<meta name=\"twitter:card\" content=\"summary_large_image\" \/>\n<meta name=\"twitter:label1\" content=\"Szacowany czas czytania\" \/>\n\t<meta name=\"twitter:data1\" content=\"2 minuty\" \/>\n<script type=\"application\/ld+json\" class=\"yoast-schema-graph\">{\"@context\":\"https:\/\/schema.org\",\"@graph\":[{\"@type\":\"WebPage\",\"@id\":\"https:\/\/ironsky.pl\/sklep\/produkt\/karta-dzwiekowa-ugreen-cm821-usb-c-2x-usb-c-czarna\/\",\"url\":\"https:\/\/ironsky.pl\/sklep\/produkt\/karta-dzwiekowa-ugreen-cm821-usb-c-2x-usb-c-czarna\/\",\"name\":\"Karta d\u017awi\u0119kowa UGREEN CM821 USB-C-2x USB-C (czarna) - IRONSKY.PL Sklep z Dronami\",\"isPartOf\":{\"@id\":\"https:\/\/ironsky.pl\/sklep\/#website\"},\"primaryImageOfPage\":{\"@id\":\"https:\/\/ironsky.pl\/sklep\/produkt\/karta-dzwiekowa-ugreen-cm821-usb-c-2x-usb-c-czarna\/#primaryimage\"},\"image\":{\"@id\":\"https:\/\/ironsky.pl\/sklep\/produkt\/karta-dzwiekowa-ugreen-cm821-usb-c-2x-usb-c-czarna\/#primaryimage\"},\"thumbnailUrl\":\"https:\/\/ironsky.pl\/sklep\/wp-content\/uploads\/2025\/10\/54538_1.jpg\",\"datePublished\":\"2026-04-15T09:08:54+00:00\",\"dateModified\":\"2026-04-15T09:09:15+00:00\",\"description\":\"Karta d\u017awi\u0119kowa UGREEN CM821 USB-C-2x USB-C (czarna) - \u2705 sklep z dronami i fachowym doradztwem. \u2705 Tutaj kupisz produkty DJI, Yuneec, Parrot, Syma i wiele innych, a tak\u017ce kursy i licencje na operatora drona.\",\"breadcrumb\":{\"@id\":\"https:\/\/ironsky.pl\/sklep\/produkt\/karta-dzwiekowa-ugreen-cm821-usb-c-2x-usb-c-czarna\/#breadcrumb\"},\"inLanguage\":\"pl-PL\",\"potentialAction\":[{\"@type\":\"ReadAction\",\"target\":[\"https:\/\/ironsky.pl\/sklep\/produkt\/karta-dzwiekowa-ugreen-cm821-usb-c-2x-usb-c-czarna\/\"]}]},{\"@type\":\"ImageObject\",\"inLanguage\":\"pl-PL\",\"@id\":\"https:\/\/ironsky.pl\/sklep\/produkt\/karta-dzwiekowa-ugreen-cm821-usb-c-2x-usb-c-czarna\/#primaryimage\",\"url\":\"https:\/\/ironsky.pl\/sklep\/wp-content\/uploads\/2025\/10\/54538_1.jpg\",\"contentUrl\":\"https:\/\/ironsky.pl\/sklep\/wp-content\/uploads\/2025\/10\/54538_1.jpg\",\"width\":800,\"height\":800},{\"@type\":\"BreadcrumbList\",\"@id\":\"https:\/\/ironsky.pl\/sklep\/produkt\/karta-dzwiekowa-ugreen-cm821-usb-c-2x-usb-c-czarna\/#breadcrumb\",\"itemListElement\":[{\"@type\":\"ListItem\",\"position\":1,\"name\":\"Strona g\u0142\u00f3wna\",\"item\":\"https:\/\/ironsky.pl\/sklep\/\"},{\"@type\":\"ListItem\",\"position\":2,\"name\":\"Wszystkie produkty\",\"item\":\"https:\/\/ironsky.pl\/sklep\/produkty\/\"},{\"@type\":\"ListItem\",\"position\":3,\"name\":\"Karta d\u017awi\u0119kowa UGREEN CM821 USB-C-2x USB-C (czarna)\"}]},{\"@type\":\"WebSite\",\"@id\":\"https:\/\/ironsky.pl\/sklep\/#website\",\"url\":\"https:\/\/ironsky.pl\/sklep\/\",\"name\":\"IRONSKY.PL Sklep z Dronami\",\"description\":\"IRONSKY.PL Sklep z Dronami\",\"potentialAction\":[{\"@type\":\"SearchAction\",\"target\":{\"@type\":\"EntryPoint\",\"urlTemplate\":\"https:\/\/ironsky.pl\/sklep\/?s={search_term_string}\"},\"query-input\":{\"@type\":\"PropertyValueSpecification\",\"valueRequired\":true,\"valueName\":\"search_term_string\"}}],\"inLanguage\":\"pl-PL\"}]}<\/script>\n<!-- \/ Yoast SEO plugin. -->","yoast_head_json":{"title":"Karta d\u017awi\u0119kowa UGREEN CM821 USB-C-2x USB-C (czarna) - IRONSKY.PL Sklep z Dronami","description":"Karta d\u017awi\u0119kowa UGREEN CM821 USB-C-2x USB-C (czarna) - \u2705 sklep z dronami i fachowym doradztwem. \u2705 Tutaj kupisz produkty DJI, Yuneec, Parrot, Syma i wiele innych, a tak\u017ce kursy i licencje na operatora drona.","robots":{"index":"index","follow":"follow","max-snippet":"max-snippet:-1","max-image-preview":"max-image-preview:large","max-video-preview":"max-video-preview:-1"},"canonical":"https:\/\/ironsky.pl\/sklep\/produkt\/karta-dzwiekowa-ugreen-cm821-usb-c-2x-usb-c-czarna\/","og_locale":"pl_PL","og_type":"article","og_title":"Karta d\u017awi\u0119kowa UGREEN CM821 USB-C-2x USB-C (czarna) - IRONSKY.PL Sklep z Dronami","og_description":"Karta d\u017awi\u0119kowa UGREEN CM821 USB-C-2x USB-C (czarna) - \u2705 sklep z dronami i fachowym doradztwem. \u2705 Tutaj kupisz produkty DJI, Yuneec, Parrot, Syma i wiele innych, a tak\u017ce kursy i licencje na operatora drona.","og_url":"https:\/\/ironsky.pl\/sklep\/produkt\/karta-dzwiekowa-ugreen-cm821-usb-c-2x-usb-c-czarna\/","og_site_name":"IRONSKY.PL Sklep z Dronami","article_modified_time":"2026-04-15T09:09:15+00:00","og_image":[{"width":800,"height":800,"url":"https:\/\/ironsky.pl\/sklep\/wp-content\/uploads\/2025\/10\/54538_1.jpg","type":"image\/jpeg"}],"twitter_card":"summary_large_image","twitter_misc":{"Szacowany czas czytania":"2 minuty"},"schema":{"@context":"https:\/\/schema.org","@graph":[{"@type":"WebPage","@id":"https:\/\/ironsky.pl\/sklep\/produkt\/karta-dzwiekowa-ugreen-cm821-usb-c-2x-usb-c-czarna\/","url":"https:\/\/ironsky.pl\/sklep\/produkt\/karta-dzwiekowa-ugreen-cm821-usb-c-2x-usb-c-czarna\/","name":"Karta d\u017awi\u0119kowa UGREEN CM821 USB-C-2x USB-C (czarna) - IRONSKY.PL Sklep z Dronami","isPartOf":{"@id":"https:\/\/ironsky.pl\/sklep\/#website"},"primaryImageOfPage":{"@id":"https:\/\/ironsky.pl\/sklep\/produkt\/karta-dzwiekowa-ugreen-cm821-usb-c-2x-usb-c-czarna\/#primaryimage"},"image":{"@id":"https:\/\/ironsky.pl\/sklep\/produkt\/karta-dzwiekowa-ugreen-cm821-usb-c-2x-usb-c-czarna\/#primaryimage"},"thumbnailUrl":"https:\/\/ironsky.pl\/sklep\/wp-content\/uploads\/2025\/10\/54538_1.jpg","datePublished":"2026-04-15T09:08:54+00:00","dateModified":"2026-04-15T09:09:15+00:00","description":"Karta d\u017awi\u0119kowa UGREEN CM821 USB-C-2x USB-C (czarna) - \u2705 sklep z dronami i fachowym doradztwem. \u2705 Tutaj kupisz produkty DJI, Yuneec, Parrot, Syma i wiele innych, a tak\u017ce kursy i licencje na operatora drona.","breadcrumb":{"@id":"https:\/\/ironsky.pl\/sklep\/produkt\/karta-dzwiekowa-ugreen-cm821-usb-c-2x-usb-c-czarna\/#breadcrumb"},"inLanguage":"pl-PL","potentialAction":[{"@type":"ReadAction","target":["https:\/\/ironsky.pl\/sklep\/produkt\/karta-dzwiekowa-ugreen-cm821-usb-c-2x-usb-c-czarna\/"]}]},{"@type":"ImageObject","inLanguage":"pl-PL","@id":"https:\/\/ironsky.pl\/sklep\/produkt\/karta-dzwiekowa-ugreen-cm821-usb-c-2x-usb-c-czarna\/#primaryimage","url":"https:\/\/ironsky.pl\/sklep\/wp-content\/uploads\/2025\/10\/54538_1.jpg","contentUrl":"https:\/\/ironsky.pl\/sklep\/wp-content\/uploads\/2025\/10\/54538_1.jpg","width":800,"height":800},{"@type":"BreadcrumbList","@id":"https:\/\/ironsky.pl\/sklep\/produkt\/karta-dzwiekowa-ugreen-cm821-usb-c-2x-usb-c-czarna\/#breadcrumb","itemListElement":[{"@type":"ListItem","position":1,"name":"Strona g\u0142\u00f3wna","item":"https:\/\/ironsky.pl\/sklep\/"},{"@type":"ListItem","position":2,"name":"Wszystkie produkty","item":"https:\/\/ironsky.pl\/sklep\/produkty\/"},{"@type":"ListItem","position":3,"name":"Karta d\u017awi\u0119kowa UGREEN CM821 USB-C-2x USB-C (czarna)"}]},{"@type":"WebSite","@id":"https:\/\/ironsky.pl\/sklep\/#website","url":"https:\/\/ironsky.pl\/sklep\/","name":"IRONSKY.PL Sklep z Dronami","description":"IRONSKY.PL Sklep z Dronami","potentialAction":[{"@type":"SearchAction","target":{"@type":"EntryPoint","urlTemplate":"https:\/\/ironsky.pl\/sklep\/?s={search_term_string}"},"query-input":{"@type":"PropertyValueSpecification","valueRequired":true,"valueName":"search_term_string"}}],"inLanguage":"pl-PL"}]}},"_links":{"self":[{"href":"https:\/\/ironsky.pl\/sklep\/wp-json\/wp\/v2\/product\/60845","targetHints":{"allow":["GET"]}}],"collection":[{"href":"https:\/\/ironsky.pl\/sklep\/wp-json\/wp\/v2\/product"}],"about":[{"href":"https:\/\/ironsky.pl\/sklep\/wp-json\/wp\/v2\/types\/product"}],"replies":[{"embeddable":true,"href":"https:\/\/ironsky.pl\/sklep\/wp-json\/wp\/v2\/comments?post=60845"}],"wp:featuredmedia":[{"embeddable":true,"href":"https:\/\/ironsky.pl\/sklep\/wp-json\/wp\/v2\/media\/49955"}],"wp:attachment":[{"href":"https:\/\/ironsky.pl\/sklep\/wp-json\/wp\/v2\/media?parent=60845"}],"wp:term":[{"taxonomy":"product_brand","embeddable":true,"href":"https:\/\/ironsky.pl\/sklep\/wp-json\/wp\/v2\/product_brand?post=60845"},{"taxonomy":"product_cat","embeddable":true,"href":"https:\/\/ironsky.pl\/sklep\/wp-json\/wp\/v2\/product_cat?post=60845"},{"taxonomy":"product_tag","embeddable":true,"href":"https:\/\/ironsky.pl\/sklep\/wp-json\/wp\/v2\/product_tag?post=60845"}],"curies":[{"name":"wp","href":"https:\/\/api.w.org\/{rel}","templated":true}]}}