{"id":60844,"date":"2026-04-15T11:08:54","date_gmt":"2026-04-15T09:08:54","guid":{"rendered":"https:\/\/ironsky.pl\/sklep\/produkt\/czytnik-kart-ugreen-cm803-usb-c-usb-a-sdtf\/"},"modified":"2026-04-15T11:09:14","modified_gmt":"2026-04-15T09:09:14","slug":"czytnik-kart-ugreen-cm803-usb-c-usb-a-sdtf","status":"publish","type":"product","link":"https:\/\/ironsky.pl\/sklep\/produkt\/czytnik-kart-ugreen-cm803-usb-c-usb-a-sdtf\/","title":{"rendered":"Czytnik kart UGREEN CM803 USB-C\/USB-A SD+TF"},"content":{"rendered":"<h3>Czytnik kart USB-C\/USB-A 2w1 Ugreen CM803, SD +TF 312MB\/s<\/h3>\n<p>Czytnik UGREEN CM803 zosta\u0142 wyposa\u017cony w dwa z\u0142\u0105cza \u2013 USB-A (USB Type-A, tradycyjny prostok\u0105tny standard z\u0142\u0105cza USB) i USB-C (USB Type-C, nowoczesny standard z\u0142\u0105cza USB o odwracalnej konstrukcji), dzi\u0119ki czemu jest kompatybilny z wieloma r\u00f3\u017cnymi urz\u0105dzeniami, takimi jak komputery i smartfony. Obs\u0142uguje karty SD (Secure Digital, standard kart pami\u0119ci) i TF (TransFlash, pierwotna nazwa kart microSD \u2013 micro Secure Digital) o pojemno\u015bci do 2 TB, osi\u0105gaj\u0105c pr\u0119dko\u015bci transferu do 312 MB\/s. Kompaktowa konstrukcja, funkcja Plug &amp; Play oraz mo\u017cliwo\u015b\u0107 jednoczesnego odczytu dw\u00f3ch no\u015bnik\u00f3w sprawiaj\u0105, \u017ce jest to doskona\u0142e narz\u0119dzie do profesjonalnej fotografii i codziennego zarz\u0105dzania danymi.<\/p>\n<p>\n<img decoding=\"async\" src=\"https:\/\/assets.innpro.pl\/17771\/23594\/2.jpg\" border=\"0\" alt=\"czarny czytnik kart pami\u0119ci i dwie karty na b\u0142\u0119kitnym tle\" \/>\n<\/p>\n<h3>Dwa dost\u0119pne z\u0142\u0105cza \u2013 szeroka kompatybilno\u015b\u0107<\/h3>\n<p>Dzi\u0119ki dw\u00f3m dost\u0119pnym z\u0142\u0105czom (USB-A i USB-C) model CM803 mo\u017ce by\u0107 \u0142atwo pod\u0142\u0105czony do wielu urz\u0105dze\u0144. Jest kompatybilny z laptopami, komputerami i smartfonami obs\u0142uguj\u0105cymi funkcj\u0119 OTG (On-The-Go, technologia pozwalaj\u0105ca urz\u0105dzeniom mobilnym na bezpo\u015brednie \u0142\u0105czenie si\u0119 z innymi urz\u0105dzeniami USB). Ju\u017c nie musisz mie\u0107 dw\u00f3ch oddzielnych czytnik\u00f3w do swojej elektroniki! Ponadto urz\u0105dzenie obs\u0142uguje wszystkie popularne formaty kart, takie jak na przyk\u0142ad SDXC (Secure Digital eXtended Capacity, standard kart SD o du\u017cej pojemno\u015bci), SDHC (Secure Digital High Capacity, standard kart SD o wysokiej pojemno\u015bci), MicroSD, MMC (MultiMediaCard, wcze\u015bniejszy standard kart pami\u0119ci), RS-MMC (Reduced-Size MultiMediaCard, zminiaturyzowana wersja MMC), Micro SDXC czy Micro SDHC.<\/p>\n<p>\n<img decoding=\"async\" src=\"https:\/\/assets.innpro.pl\/17771\/23594\/7.jpg\" border=\"0\" alt=\"Czarny adapter UGREEN z wtyczkami USB-A i USB-C le\u017cy na szarej powierzchni na minimalistycznym tle\" \/>\n<\/p>\n<h3>Ultraszybki transfer danych<\/h3>\n<p>Zaawansowany chipset sprawia, \u017ce czytnik mo\u017ce zapewni\u0107 pr\u0119dko\u015b\u0107 transferu do 5 Gbps. W po\u0142\u0105czeniu z kartami UHS-II (Ultra High Speed II, standard wysokiej pr\u0119dko\u015bci dla kart pami\u0119ci SD) wydajno\u015b\u0107 osi\u0105ga do 312 MB\/s. Teraz w mgnieniu oka prze\u015blesz nawet du\u017ce pliki \u2013 zapomnij o d\u0142ugim oczekiwaniu!<\/p>\n<p>\n<img decoding=\"async\" src=\"https:\/\/assets.innpro.pl\/17771\/23594\/3.jpg\" border=\"0\" alt=\"Laptop z pomara\u0144czowym tapet\u0105 pod\u0142\u0105czony do czarnego adaptera UGREEN obok aparatu fotograficznego na biurku\" \/>\n<\/p>\n<h3>Obs\u0142uga dw\u00f3ch kart jednocze\u015bnie<\/h3>\n<p>Czytnik ma dwa niezale\u017cne sloty umo\u017cliwiaj\u0105ce jednoczesny odczyt i zapis dw\u00f3ch kart pami\u0119ci (SD i microSD). Ta funkcjonalno\u015b\u0107 zauwa\u017calnie przyspiesza workflow podczas kopiowania danych lub jednoczesnej pracy z r\u00f3\u017cnymi projektami.<\/p>\n<p>\n<img decoding=\"async\" src=\"https:\/\/assets.innpro.pl\/17771\/23594\/5.jpg\" border=\"0\" alt=\"czytnik kart pami\u0119ci z w\u0142o\u017con\u0105 kart\u0105 pod\u0142\u0105czony do laptopa z programem do edycji zdj\u0119\u0107 na drewnianej powierzchni, obok aparat\" \/>\n<\/p>\n<h3>Plug &amp; Play i nagrywanie wideo 4K<\/h3>\n<p>Po\u017cegnaj si\u0119 z pl\u0105tanin\u0105 kabli i niepor\u0119cznymi adapterami. Czytnik dzia\u0142a na zasadzie Plug &amp; Play \u2013 wystarczy pod\u0142\u0105czy\u0107 go bezpo\u015brednio do urz\u0105dzenia, aby niemal od razu rozpocz\u0105\u0107 prac\u0119! Mo\u017cliwe jest r\u00f3wnie\u017c nagrywanie film\u00f3w 4K (rozdzielczo\u015b\u0107 ultra-wysokiej cz\u0119to\u015bci 3840&#215;2160 pikseli) na kart\u0119 pami\u0119ci, co przyda si\u0119 zw\u0142aszcza vlogerom i innym tw\u00f3rcom.<\/p>\n<p>\n<img decoding=\"async\" src=\"https:\/\/assets.innpro.pl\/17771\/23594\/4.jpg\" border=\"0\" alt=\"czytnik kart pami\u0119ci pod\u0142\u0105czony do smartfona z aplikacj\u0105 do zdj\u0119\u0107 trzymanego w dloniach\" \/>\n<\/p>\n<h3>Dba\u0142o\u015b\u0107 o szczeg\u00f3\u0142y<\/h3>\n<p>Aluminiowa obudowa zapewnia nie tylko elegancki wygl\u0105d, ale te\u017c wyj\u0105tkow\u0105 trwa\u0142o\u015b\u0107 i odporno\u015b\u0107 na uszkodzenia. Co wi\u0119cej, specjalna konstrukcja mechanizmu wysuwania pozwala bezpiecznie zamocowa\u0107 kart\u0119 pami\u0119ci w slocie, zapewniaj\u0105c stabilne po\u0142\u0105czenie i bezproblemowy transfer danych. Czytnik jest przy tym bardzo lekki i kompaktowy \u2013 mo\u017cesz mie\u0107 go zawsze przy sobie.<\/p>\n<p>\n<img decoding=\"async\" src=\"https:\/\/assets.innpro.pl\/17771\/23594\/8.jpg\" border=\"0\" alt=\"czarny czytnik kart pami\u0119ci le\u017cy w kieszeni plecaka obok sprz\u0119tu fotograficznego\" \/>\n<\/p>\n<div class=\"table-wrapper\">\n<p>\u00a0<\/p>\n<h3><\/h3>\n<table>\n<tbody>\n<tr>\n<th>Producent<\/th>\n<td>UGREEN<\/td>\n<\/tr>\n<tr>\n<th>Model CM803<\/th>\n<td>Typ Czytnik kart USB-C\/USB-A 2 w 1<\/td>\n<\/tr>\n<tr>\n<th>Obs\u0142ugiwane karty<\/th>\n<td>SDXC, SDHC, MicroSD, MMC, RS-MMC, Micro SDXC, Micro SDHC, UHS-II, UHS-I<\/td>\n<\/tr>\n<tr>\n<th>Maks. pojemno\u015b\u0107 karty<\/th>\n<td>2 TB<\/td>\n<\/tr>\n<tr>\n<th>Pr\u0119dko\u015b\u0107 transferu<\/th>\n<td>Do 312 MB\/s (z kartami UHS-II)<\/td>\n<\/tr>\n<tr>\n<th>Liczba slot\u00f3w na karty<\/th>\n<td>2 (SD + MicroSD)<\/td>\n<\/tr>\n<tr>\n<th>Materia\u0142 obudowy<\/th>\n<td>Aluminium<\/td>\n<\/tr>\n<\/tbody>\n<\/table>\n<\/div>\n","protected":false},"excerpt":{"rendered":"<p>Czytnik kart USB-C\/USB-A 2w1 Ugreen CM803, SD +TF 312MB\/s Czytnik UGREEN CM803 zosta\u0142 wyposa\u017cony w dwa z\u0142\u0105cza \u2013 USB-A (USB<\/p>\n","protected":false},"featured_media":49940,"comment_status":"closed","ping_status":"open","template":"","meta":{"_acf_changed":false},"product_brand":[],"product_cat":[5929,5943],"product_tag":[],"class_list":{"0":"post-60844","1":"product","2":"type-product","3":"status-publish","4":"has-post-thumbnail","6":"product_cat-akcesoria-it","7":"product_cat-czytniki-kart","8":"pa_okres-gwarancji-5757","9":"pa_producent-ugreen","11":"first","12":"outofstock","13":"taxable","14":"shipping-taxable","15":"purchasable","16":"product-type-simple"},"acf":[],"yoast_head":"<!-- This site is optimized with the Yoast SEO plugin v27.2 - https:\/\/yoast.com\/product\/yoast-seo-wordpress\/ -->\n<title>Czytnik kart UGREEN CM803 USB-C\/USB-A SD+TF - IRONSKY.PL Sklep z Dronami<\/title>\n<meta name=\"description\" content=\"Czytnik kart UGREEN CM803 USB-C\/USB-A SD+TF - \u2705 sklep z dronami i fachowym doradztwem. \u2705 Tutaj kupisz produkty DJI, Yuneec, Parrot, Syma i wiele innych, a tak\u017ce kursy i licencje na operatora drona.\" \/>\n<meta name=\"robots\" content=\"index, follow, max-snippet:-1, max-image-preview:large, max-video-preview:-1\" \/>\n<link rel=\"canonical\" href=\"https:\/\/ironsky.pl\/sklep\/produkt\/czytnik-kart-ugreen-cm803-usb-c-usb-a-sdtf\/\" \/>\n<meta property=\"og:locale\" content=\"pl_PL\" \/>\n<meta property=\"og:type\" content=\"article\" \/>\n<meta property=\"og:title\" content=\"Czytnik kart UGREEN CM803 USB-C\/USB-A SD+TF - IRONSKY.PL Sklep z Dronami\" \/>\n<meta property=\"og:description\" content=\"Czytnik kart UGREEN CM803 USB-C\/USB-A SD+TF - \u2705 sklep z dronami i fachowym doradztwem. \u2705 Tutaj kupisz produkty DJI, Yuneec, Parrot, Syma i wiele innych, a tak\u017ce kursy i licencje na operatora drona.\" \/>\n<meta property=\"og:url\" content=\"https:\/\/ironsky.pl\/sklep\/produkt\/czytnik-kart-ugreen-cm803-usb-c-usb-a-sdtf\/\" \/>\n<meta property=\"og:site_name\" content=\"IRONSKY.PL Sklep z Dronami\" \/>\n<meta property=\"article:modified_time\" content=\"2026-04-15T09:09:14+00:00\" \/>\n<meta property=\"og:image\" content=\"https:\/\/ironsky.pl\/sklep\/wp-content\/uploads\/2025\/10\/54534_1.jpg\" \/>\n\t<meta property=\"og:image:width\" content=\"800\" \/>\n\t<meta property=\"og:image:height\" content=\"800\" \/>\n\t<meta property=\"og:image:type\" content=\"image\/jpeg\" \/>\n<meta name=\"twitter:card\" content=\"summary_large_image\" \/>\n<meta name=\"twitter:label1\" content=\"Szacowany czas czytania\" \/>\n\t<meta name=\"twitter:data1\" content=\"3 minuty\" \/>\n<script type=\"application\/ld+json\" class=\"yoast-schema-graph\">{\"@context\":\"https:\/\/schema.org\",\"@graph\":[{\"@type\":\"WebPage\",\"@id\":\"https:\/\/ironsky.pl\/sklep\/produkt\/czytnik-kart-ugreen-cm803-usb-c-usb-a-sdtf\/\",\"url\":\"https:\/\/ironsky.pl\/sklep\/produkt\/czytnik-kart-ugreen-cm803-usb-c-usb-a-sdtf\/\",\"name\":\"Czytnik kart UGREEN CM803 USB-C\/USB-A SD+TF - IRONSKY.PL Sklep z Dronami\",\"isPartOf\":{\"@id\":\"https:\/\/ironsky.pl\/sklep\/#website\"},\"primaryImageOfPage\":{\"@id\":\"https:\/\/ironsky.pl\/sklep\/produkt\/czytnik-kart-ugreen-cm803-usb-c-usb-a-sdtf\/#primaryimage\"},\"image\":{\"@id\":\"https:\/\/ironsky.pl\/sklep\/produkt\/czytnik-kart-ugreen-cm803-usb-c-usb-a-sdtf\/#primaryimage\"},\"thumbnailUrl\":\"https:\/\/ironsky.pl\/sklep\/wp-content\/uploads\/2025\/10\/54534_1.jpg\",\"datePublished\":\"2026-04-15T09:08:54+00:00\",\"dateModified\":\"2026-04-15T09:09:14+00:00\",\"description\":\"Czytnik kart UGREEN CM803 USB-C\/USB-A SD+TF - \u2705 sklep z dronami i fachowym doradztwem. \u2705 Tutaj kupisz produkty DJI, Yuneec, Parrot, Syma i wiele innych, a tak\u017ce kursy i licencje na operatora drona.\",\"breadcrumb\":{\"@id\":\"https:\/\/ironsky.pl\/sklep\/produkt\/czytnik-kart-ugreen-cm803-usb-c-usb-a-sdtf\/#breadcrumb\"},\"inLanguage\":\"pl-PL\",\"potentialAction\":[{\"@type\":\"ReadAction\",\"target\":[\"https:\/\/ironsky.pl\/sklep\/produkt\/czytnik-kart-ugreen-cm803-usb-c-usb-a-sdtf\/\"]}]},{\"@type\":\"ImageObject\",\"inLanguage\":\"pl-PL\",\"@id\":\"https:\/\/ironsky.pl\/sklep\/produkt\/czytnik-kart-ugreen-cm803-usb-c-usb-a-sdtf\/#primaryimage\",\"url\":\"https:\/\/ironsky.pl\/sklep\/wp-content\/uploads\/2025\/10\/54534_1.jpg\",\"contentUrl\":\"https:\/\/ironsky.pl\/sklep\/wp-content\/uploads\/2025\/10\/54534_1.jpg\",\"width\":800,\"height\":800},{\"@type\":\"BreadcrumbList\",\"@id\":\"https:\/\/ironsky.pl\/sklep\/produkt\/czytnik-kart-ugreen-cm803-usb-c-usb-a-sdtf\/#breadcrumb\",\"itemListElement\":[{\"@type\":\"ListItem\",\"position\":1,\"name\":\"Strona g\u0142\u00f3wna\",\"item\":\"https:\/\/ironsky.pl\/sklep\/\"},{\"@type\":\"ListItem\",\"position\":2,\"name\":\"Wszystkie produkty\",\"item\":\"https:\/\/ironsky.pl\/sklep\/produkty\/\"},{\"@type\":\"ListItem\",\"position\":3,\"name\":\"Czytnik kart UGREEN CM803 USB-C\/USB-A SD+TF\"}]},{\"@type\":\"WebSite\",\"@id\":\"https:\/\/ironsky.pl\/sklep\/#website\",\"url\":\"https:\/\/ironsky.pl\/sklep\/\",\"name\":\"IRONSKY.PL Sklep z Dronami\",\"description\":\"IRONSKY.PL Sklep z Dronami\",\"potentialAction\":[{\"@type\":\"SearchAction\",\"target\":{\"@type\":\"EntryPoint\",\"urlTemplate\":\"https:\/\/ironsky.pl\/sklep\/?s={search_term_string}\"},\"query-input\":{\"@type\":\"PropertyValueSpecification\",\"valueRequired\":true,\"valueName\":\"search_term_string\"}}],\"inLanguage\":\"pl-PL\"}]}<\/script>\n<!-- \/ Yoast SEO plugin. -->","yoast_head_json":{"title":"Czytnik kart UGREEN CM803 USB-C\/USB-A SD+TF - IRONSKY.PL Sklep z Dronami","description":"Czytnik kart UGREEN CM803 USB-C\/USB-A SD+TF - \u2705 sklep z dronami i fachowym doradztwem. \u2705 Tutaj kupisz produkty DJI, Yuneec, Parrot, Syma i wiele innych, a tak\u017ce kursy i licencje na operatora drona.","robots":{"index":"index","follow":"follow","max-snippet":"max-snippet:-1","max-image-preview":"max-image-preview:large","max-video-preview":"max-video-preview:-1"},"canonical":"https:\/\/ironsky.pl\/sklep\/produkt\/czytnik-kart-ugreen-cm803-usb-c-usb-a-sdtf\/","og_locale":"pl_PL","og_type":"article","og_title":"Czytnik kart UGREEN CM803 USB-C\/USB-A SD+TF - IRONSKY.PL Sklep z Dronami","og_description":"Czytnik kart UGREEN CM803 USB-C\/USB-A SD+TF - \u2705 sklep z dronami i fachowym doradztwem. \u2705 Tutaj kupisz produkty DJI, Yuneec, Parrot, Syma i wiele innych, a tak\u017ce kursy i licencje na operatora drona.","og_url":"https:\/\/ironsky.pl\/sklep\/produkt\/czytnik-kart-ugreen-cm803-usb-c-usb-a-sdtf\/","og_site_name":"IRONSKY.PL Sklep z Dronami","article_modified_time":"2026-04-15T09:09:14+00:00","og_image":[{"width":800,"height":800,"url":"https:\/\/ironsky.pl\/sklep\/wp-content\/uploads\/2025\/10\/54534_1.jpg","type":"image\/jpeg"}],"twitter_card":"summary_large_image","twitter_misc":{"Szacowany czas czytania":"3 minuty"},"schema":{"@context":"https:\/\/schema.org","@graph":[{"@type":"WebPage","@id":"https:\/\/ironsky.pl\/sklep\/produkt\/czytnik-kart-ugreen-cm803-usb-c-usb-a-sdtf\/","url":"https:\/\/ironsky.pl\/sklep\/produkt\/czytnik-kart-ugreen-cm803-usb-c-usb-a-sdtf\/","name":"Czytnik kart UGREEN CM803 USB-C\/USB-A SD+TF - IRONSKY.PL Sklep z Dronami","isPartOf":{"@id":"https:\/\/ironsky.pl\/sklep\/#website"},"primaryImageOfPage":{"@id":"https:\/\/ironsky.pl\/sklep\/produkt\/czytnik-kart-ugreen-cm803-usb-c-usb-a-sdtf\/#primaryimage"},"image":{"@id":"https:\/\/ironsky.pl\/sklep\/produkt\/czytnik-kart-ugreen-cm803-usb-c-usb-a-sdtf\/#primaryimage"},"thumbnailUrl":"https:\/\/ironsky.pl\/sklep\/wp-content\/uploads\/2025\/10\/54534_1.jpg","datePublished":"2026-04-15T09:08:54+00:00","dateModified":"2026-04-15T09:09:14+00:00","description":"Czytnik kart UGREEN CM803 USB-C\/USB-A SD+TF - \u2705 sklep z dronami i fachowym doradztwem. \u2705 Tutaj kupisz produkty DJI, Yuneec, Parrot, Syma i wiele innych, a tak\u017ce kursy i licencje na operatora drona.","breadcrumb":{"@id":"https:\/\/ironsky.pl\/sklep\/produkt\/czytnik-kart-ugreen-cm803-usb-c-usb-a-sdtf\/#breadcrumb"},"inLanguage":"pl-PL","potentialAction":[{"@type":"ReadAction","target":["https:\/\/ironsky.pl\/sklep\/produkt\/czytnik-kart-ugreen-cm803-usb-c-usb-a-sdtf\/"]}]},{"@type":"ImageObject","inLanguage":"pl-PL","@id":"https:\/\/ironsky.pl\/sklep\/produkt\/czytnik-kart-ugreen-cm803-usb-c-usb-a-sdtf\/#primaryimage","url":"https:\/\/ironsky.pl\/sklep\/wp-content\/uploads\/2025\/10\/54534_1.jpg","contentUrl":"https:\/\/ironsky.pl\/sklep\/wp-content\/uploads\/2025\/10\/54534_1.jpg","width":800,"height":800},{"@type":"BreadcrumbList","@id":"https:\/\/ironsky.pl\/sklep\/produkt\/czytnik-kart-ugreen-cm803-usb-c-usb-a-sdtf\/#breadcrumb","itemListElement":[{"@type":"ListItem","position":1,"name":"Strona g\u0142\u00f3wna","item":"https:\/\/ironsky.pl\/sklep\/"},{"@type":"ListItem","position":2,"name":"Wszystkie produkty","item":"https:\/\/ironsky.pl\/sklep\/produkty\/"},{"@type":"ListItem","position":3,"name":"Czytnik kart UGREEN CM803 USB-C\/USB-A SD+TF"}]},{"@type":"WebSite","@id":"https:\/\/ironsky.pl\/sklep\/#website","url":"https:\/\/ironsky.pl\/sklep\/","name":"IRONSKY.PL Sklep z Dronami","description":"IRONSKY.PL Sklep z Dronami","potentialAction":[{"@type":"SearchAction","target":{"@type":"EntryPoint","urlTemplate":"https:\/\/ironsky.pl\/sklep\/?s={search_term_string}"},"query-input":{"@type":"PropertyValueSpecification","valueRequired":true,"valueName":"search_term_string"}}],"inLanguage":"pl-PL"}]}},"_links":{"self":[{"href":"https:\/\/ironsky.pl\/sklep\/wp-json\/wp\/v2\/product\/60844","targetHints":{"allow":["GET"]}}],"collection":[{"href":"https:\/\/ironsky.pl\/sklep\/wp-json\/wp\/v2\/product"}],"about":[{"href":"https:\/\/ironsky.pl\/sklep\/wp-json\/wp\/v2\/types\/product"}],"replies":[{"embeddable":true,"href":"https:\/\/ironsky.pl\/sklep\/wp-json\/wp\/v2\/comments?post=60844"}],"wp:featuredmedia":[{"embeddable":true,"href":"https:\/\/ironsky.pl\/sklep\/wp-json\/wp\/v2\/media\/49940"}],"wp:attachment":[{"href":"https:\/\/ironsky.pl\/sklep\/wp-json\/wp\/v2\/media?parent=60844"}],"wp:term":[{"taxonomy":"product_brand","embeddable":true,"href":"https:\/\/ironsky.pl\/sklep\/wp-json\/wp\/v2\/product_brand?post=60844"},{"taxonomy":"product_cat","embeddable":true,"href":"https:\/\/ironsky.pl\/sklep\/wp-json\/wp\/v2\/product_cat?post=60844"},{"taxonomy":"product_tag","embeddable":true,"href":"https:\/\/ironsky.pl\/sklep\/wp-json\/wp\/v2\/product_tag?post=60844"}],"curies":[{"name":"wp","href":"https:\/\/api.w.org\/{rel}","templated":true}]}}