{"id":60842,"date":"2026-04-15T11:08:54","date_gmt":"2026-04-15T09:08:54","guid":{"rendered":"https:\/\/ironsky.pl\/sklep\/produkt\/kabel-ugreen-dp133-displayport-hdmi-20cm-2\/"},"modified":"2026-04-15T11:09:09","modified_gmt":"2026-04-15T09:09:09","slug":"kabel-ugreen-dp133-displayport-hdmi-20cm-2","status":"publish","type":"product","link":"https:\/\/ironsky.pl\/sklep\/produkt\/kabel-ugreen-dp133-displayport-hdmi-20cm-2\/","title":{"rendered":"Kabel UGREEN DP133 DisplayPort-HDMI 20cm"},"content":{"rendered":"<h3>Kabel DisplayPort do HDMI UGREEN DP133, 4K, 20 cm<\/h3>\n<p>Adapter DisplayPort(cyfrowy standard transmisji obrazu i d\u017awi\u0119ku) do HDMI (High-Definition Multimedia Interface, standard transmisji cyfrowego obrazu i d\u017awi\u0119ku) UGREEN DP133 to kompaktowe rozwi\u0105zanie umo\u017cliwiaj\u0105ce jednokierunkow\u0105 transmisj\u0119 sygna\u0142u z urz\u0105dze\u0144 wyposa\u017conych w port DP (DisplayPort) do monitor\u00f3w, telewizor\u00f3w i projektor\u00f3w z wej\u015bciem HDMI. Obs\u0142uguje rozdzielczo\u015bci do 4K i cz\u0119stotliwo\u015b\u0107 od\u015bwie\u017cania do 120 Hz (przy rozdzielczo\u015bci 1080p). Dodatkowo wspiera zaawansowane technologie HDCP 2.2 (High-bandwidth Digital Content Protection, system ochrony tre\u015bci cyfrowych), AMD FreeSync Premium Pro (technologia AMD synchronizuj\u0105ca od\u015bwie\u017canie monitora z kart\u0105 graficzn\u0105), DTS (Digital Theater Systems, standard kodowania d\u017awi\u0119ku przestrzennego) oraz HDR (High Dynamic Range, szeroki zakres dynamiczny obrazu). Wytrzyma\u0142a konstrukcja z aluminiow\u0105 obudow\u0105 i kablem w nylonowym oplocie zapewnia wyj\u0105tkow\u0105 trwa\u0142o\u015b\u0107 i odporno\u015b\u0107 na uszkodzenia.<\/p>\n<p>\n<img decoding=\"async\" src=\"https:\/\/assets.innpro.pl\/17777\/23600\/5.jpg\" border=\"0\" alt=\"szary adapter z czarnym kablem na ciemnym tle\" \/>\n<\/p>\n<h3>Zachwycaj\u0105ca jako\u015b\u0107 obrazu<\/h3>\n<p>Adapter obs\u0142uguje rozdzielczo\u015b\u0107 4K i wysok\u0105 cz\u0119stotliwo\u015b\u0107 od\u015bwie\u017cania \u2013 do 60 Hz przy 2K lub nawet 120 Hz przy 1080p. Dzi\u0119ki temu zapewnia ultraostry obraz idealny zar\u00f3wno do pracy, jak i ogl\u0105dania film\u00f3w czy grania w dynamiczne gry.<\/p>\n<p>\n<img decoding=\"async\" src=\"https:\/\/assets.innpro.pl\/17777\/23600\/1.jpg\" border=\"0\" alt=\"Kobieta i dziecko ogl\u0105daj\u0105 obraz z delfinami na du\u017cym ekranie, obok projektor i laptop na stoliku kawowym\" \/>\n<\/p>\n<h3>Zaawansowane technologie<\/h3>\n<p>AMD FreeSync Premium Pro eliminuje efekt rozdarcia obrazu podczas grania i gwarantuje niesamowit\u0105 p\u0142ynno\u015b\u0107, a technologia DTS zapewnia przestrzenny d\u017awi\u0119k kinowy. Dodatkowo HDR poszerza gam\u0119 kolor\u00f3w i kontrastu, tworz\u0105c realistyczne, \u017cywe obrazy z g\u0142\u0119bokimi czerniami i jasnymi bielami.<\/p>\n<p>\n<img decoding=\"async\" src=\"https:\/\/assets.innpro.pl\/17777\/23600\/6.jpg\" border=\"0\" alt=\"Osoba ogl\u0105da gr\u0119 z robotami wy\u015bwietlan\u0105 na du\u017cym ekranie z laptopa po\u0142\u0105czonego kablem\" \/>\n<\/p>\n<h3>Prosta konfiguracja<\/h3>\n<p>Adapter dzia\u0142a wy\u0142\u0105cznie w kierunku od DisplayPort (\u017ar\u00f3d\u0142o) do HDMI (wy\u015bwietlacz) i jest kompatybilny z komputerami stacjonarnymi, kartami graficznymi oraz laptopami z portami DP. Z kolei z\u0142\u0105cze HDMI obs\u0142uguje projektory, monitory i telewizory. Instalacja jest bardzo prosta i przebiega w trzech krokach. Wystarczy pod\u0142\u0105czy\u0107 adapter do portu DP \u017ar\u00f3d\u0142a, wpi\u0105\u0107 kabel HDMI, a nast\u0119pnie po\u0142\u0105czy\u0107 go z wy\u015bwietlaczem.<\/p>\n<p>\n<img decoding=\"async\" src=\"https:\/\/assets.innpro.pl\/17777\/23600\/3.jpg\" border=\"0\" alt=\"Kabel pod\u0142\u0105czony do komputera stacjonarnego z pod\u015bwietlanym wentylatorem, widoczne porty\" \/>\n<\/p>\n<h3>Wytrzyma\u0142a konstrukcja<\/h3>\n<p>Aluminiowa obudowa zapewnia elegancki wygl\u0105d i lepsze odprowadzanie ciep\u0142a, niklowana miedziana pow\u0142oka na z\u0142\u0105czach zwi\u0119ksza odporno\u015b\u0107 na zu\u017cycie i zapewnia stabiln\u0105 transmisj\u0119 sygna\u0142u, a nylonowy oplot chroni kabel przed uszkodzeniami mechanicznymi. To doskona\u0142a inwestycja na lata!<\/p>\n<p>\n<img decoding=\"async\" src=\"https:\/\/assets.innpro.pl\/17777\/23600\/7.jpg\" border=\"0\" alt=\"Stanowisko pracy z monitorem i laptopem po\u0142\u0105czonymi kablem, osoba pracuje nad edycj\u0105 wideo\" \/>\n<\/p>\n<h3>Wiele zastosowa\u0144<\/h3>\n<p>Adapter UGREEN doskonale nada si\u0119 do r\u00f3\u017cnych zada\u0144. Za jego pomoc\u0105 mo\u017cesz na przyk\u0142ad stworzy\u0107 w\u0142asne domowe kino. Sprawdzi si\u0119 r\u00f3wnie\u017c podczas grania w dynamiczne gry, obr\u00f3bki grafiki, monta\u017cu wideo czy pracy zdalnej.<\/p>\n<p>\n<img decoding=\"async\" src=\"https:\/\/assets.innpro.pl\/17777\/23600\/4.jpg\" border=\"0\" alt=\"Stanowisko do edycji wideo z monitorem pokazuj\u0105cym oprogramowanie monta\u017cowe i laptopem po\u0142\u0105czonym kablem\" \/>\n<\/p>\n<div class=\"table-wrapper\">\n<p>\u00a0<\/p>\n<h3><\/h3>\n<table>\n<tbody>\n<tr>\n<th>Producent<\/th>\n<td>UGREEN<\/td>\n<\/tr>\n<tr>\n<th>Model<\/th>\n<td>DP133<\/td>\n<\/tr>\n<tr>\n<th>Typ<\/th>\n<td>DisplayPort do HDMI<\/td>\n<\/tr>\n<tr>\n<th>Maks. rozdzielczo\u015b\u0107<\/th>\n<td>4K<\/td>\n<\/tr>\n<tr>\n<th>Maks. cz\u0119stotliwo\u015b\u0107 od\u015bwie\u017cania<\/th>\n<td>120 Hz (przy rozdzielczo\u015bci 1080p)<\/td>\n<\/tr>\n<tr>\n<th>Kierunek transmisji<\/th>\n<td>Transmisja jednokierunkowa (DP \u2192 HDMI)<\/td>\n<\/tr>\n<tr>\n<th>Materia\u0142 obudowy<\/th>\n<td>Aluminium<\/td>\n<\/tr>\n<\/tbody>\n<\/table>\n<\/div>\n","protected":false},"excerpt":{"rendered":"<p>Kabel DisplayPort do HDMI UGREEN DP133, 4K, 20 cm Adapter DisplayPort(cyfrowy standard transmisji obrazu i d\u017awi\u0119ku) do HDMI (High-Definition Multimedia<\/p>\n","protected":false},"featured_media":49932,"comment_status":"closed","ping_status":"open","template":"","meta":{"_acf_changed":false},"product_brand":[],"product_cat":[5929,5931,5933],"product_tag":[],"class_list":{"0":"post-60842","1":"product","2":"type-product","3":"status-publish","4":"has-post-thumbnail","6":"product_cat-akcesoria-it","7":"product_cat-kable","8":"product_cat-wideo","9":"pa_okres-gwarancji-5757","10":"pa_producent-ugreen","12":"first","13":"outofstock","14":"taxable","15":"shipping-taxable","16":"purchasable","17":"product-type-simple"},"acf":[],"yoast_head":"<!-- This site is optimized with the Yoast SEO plugin v27.2 - https:\/\/yoast.com\/product\/yoast-seo-wordpress\/ -->\n<title>Kabel UGREEN DP133 DisplayPort-HDMI 20cm - IRONSKY.PL Sklep z Dronami<\/title>\n<meta name=\"description\" content=\"Kabel UGREEN DP133 DisplayPort-HDMI 20cm - \u2705 sklep z dronami i fachowym doradztwem. \u2705 Tutaj kupisz produkty DJI, Yuneec, Parrot, Syma i wiele innych, a tak\u017ce kursy i licencje na operatora drona.\" \/>\n<meta name=\"robots\" content=\"index, follow, max-snippet:-1, max-image-preview:large, max-video-preview:-1\" \/>\n<link rel=\"canonical\" href=\"https:\/\/ironsky.pl\/sklep\/produkt\/kabel-ugreen-dp133-displayport-hdmi-20cm-2\/\" \/>\n<meta property=\"og:locale\" content=\"pl_PL\" \/>\n<meta property=\"og:type\" content=\"article\" \/>\n<meta property=\"og:title\" content=\"Kabel UGREEN DP133 DisplayPort-HDMI 20cm - IRONSKY.PL Sklep z Dronami\" \/>\n<meta property=\"og:description\" content=\"Kabel UGREEN DP133 DisplayPort-HDMI 20cm - \u2705 sklep z dronami i fachowym doradztwem. \u2705 Tutaj kupisz produkty DJI, Yuneec, Parrot, Syma i wiele innych, a tak\u017ce kursy i licencje na operatora drona.\" \/>\n<meta property=\"og:url\" content=\"https:\/\/ironsky.pl\/sklep\/produkt\/kabel-ugreen-dp133-displayport-hdmi-20cm-2\/\" \/>\n<meta property=\"og:site_name\" content=\"IRONSKY.PL Sklep z Dronami\" \/>\n<meta property=\"article:modified_time\" content=\"2026-04-15T09:09:09+00:00\" \/>\n<meta property=\"og:image\" content=\"https:\/\/ironsky.pl\/sklep\/wp-content\/uploads\/2025\/10\/54532_1.jpg\" \/>\n\t<meta property=\"og:image:width\" content=\"800\" \/>\n\t<meta property=\"og:image:height\" content=\"800\" \/>\n\t<meta property=\"og:image:type\" content=\"image\/jpeg\" \/>\n<meta name=\"twitter:card\" content=\"summary_large_image\" \/>\n<meta name=\"twitter:label1\" content=\"Szacowany czas czytania\" \/>\n\t<meta name=\"twitter:data1\" content=\"2 minuty\" \/>\n<script type=\"application\/ld+json\" class=\"yoast-schema-graph\">{\"@context\":\"https:\/\/schema.org\",\"@graph\":[{\"@type\":\"WebPage\",\"@id\":\"https:\/\/ironsky.pl\/sklep\/produkt\/kabel-ugreen-dp133-displayport-hdmi-20cm-2\/\",\"url\":\"https:\/\/ironsky.pl\/sklep\/produkt\/kabel-ugreen-dp133-displayport-hdmi-20cm-2\/\",\"name\":\"Kabel UGREEN DP133 DisplayPort-HDMI 20cm - IRONSKY.PL Sklep z Dronami\",\"isPartOf\":{\"@id\":\"https:\/\/ironsky.pl\/sklep\/#website\"},\"primaryImageOfPage\":{\"@id\":\"https:\/\/ironsky.pl\/sklep\/produkt\/kabel-ugreen-dp133-displayport-hdmi-20cm-2\/#primaryimage\"},\"image\":{\"@id\":\"https:\/\/ironsky.pl\/sklep\/produkt\/kabel-ugreen-dp133-displayport-hdmi-20cm-2\/#primaryimage\"},\"thumbnailUrl\":\"https:\/\/ironsky.pl\/sklep\/wp-content\/uploads\/2025\/10\/54532_1.jpg\",\"datePublished\":\"2026-04-15T09:08:54+00:00\",\"dateModified\":\"2026-04-15T09:09:09+00:00\",\"description\":\"Kabel UGREEN DP133 DisplayPort-HDMI 20cm - \u2705 sklep z dronami i fachowym doradztwem. \u2705 Tutaj kupisz produkty DJI, Yuneec, Parrot, Syma i wiele innych, a tak\u017ce kursy i licencje na operatora drona.\",\"breadcrumb\":{\"@id\":\"https:\/\/ironsky.pl\/sklep\/produkt\/kabel-ugreen-dp133-displayport-hdmi-20cm-2\/#breadcrumb\"},\"inLanguage\":\"pl-PL\",\"potentialAction\":[{\"@type\":\"ReadAction\",\"target\":[\"https:\/\/ironsky.pl\/sklep\/produkt\/kabel-ugreen-dp133-displayport-hdmi-20cm-2\/\"]}]},{\"@type\":\"ImageObject\",\"inLanguage\":\"pl-PL\",\"@id\":\"https:\/\/ironsky.pl\/sklep\/produkt\/kabel-ugreen-dp133-displayport-hdmi-20cm-2\/#primaryimage\",\"url\":\"https:\/\/ironsky.pl\/sklep\/wp-content\/uploads\/2025\/10\/54532_1.jpg\",\"contentUrl\":\"https:\/\/ironsky.pl\/sklep\/wp-content\/uploads\/2025\/10\/54532_1.jpg\",\"width\":800,\"height\":800},{\"@type\":\"BreadcrumbList\",\"@id\":\"https:\/\/ironsky.pl\/sklep\/produkt\/kabel-ugreen-dp133-displayport-hdmi-20cm-2\/#breadcrumb\",\"itemListElement\":[{\"@type\":\"ListItem\",\"position\":1,\"name\":\"Strona g\u0142\u00f3wna\",\"item\":\"https:\/\/ironsky.pl\/sklep\/\"},{\"@type\":\"ListItem\",\"position\":2,\"name\":\"Wszystkie produkty\",\"item\":\"https:\/\/ironsky.pl\/sklep\/produkty\/\"},{\"@type\":\"ListItem\",\"position\":3,\"name\":\"Kabel UGREEN DP133 DisplayPort-HDMI 20cm\"}]},{\"@type\":\"WebSite\",\"@id\":\"https:\/\/ironsky.pl\/sklep\/#website\",\"url\":\"https:\/\/ironsky.pl\/sklep\/\",\"name\":\"IRONSKY.PL Sklep z Dronami\",\"description\":\"IRONSKY.PL Sklep z Dronami\",\"potentialAction\":[{\"@type\":\"SearchAction\",\"target\":{\"@type\":\"EntryPoint\",\"urlTemplate\":\"https:\/\/ironsky.pl\/sklep\/?s={search_term_string}\"},\"query-input\":{\"@type\":\"PropertyValueSpecification\",\"valueRequired\":true,\"valueName\":\"search_term_string\"}}],\"inLanguage\":\"pl-PL\"}]}<\/script>\n<!-- \/ Yoast SEO plugin. -->","yoast_head_json":{"title":"Kabel UGREEN DP133 DisplayPort-HDMI 20cm - IRONSKY.PL Sklep z Dronami","description":"Kabel UGREEN DP133 DisplayPort-HDMI 20cm - \u2705 sklep z dronami i fachowym doradztwem. \u2705 Tutaj kupisz produkty DJI, Yuneec, Parrot, Syma i wiele innych, a tak\u017ce kursy i licencje na operatora drona.","robots":{"index":"index","follow":"follow","max-snippet":"max-snippet:-1","max-image-preview":"max-image-preview:large","max-video-preview":"max-video-preview:-1"},"canonical":"https:\/\/ironsky.pl\/sklep\/produkt\/kabel-ugreen-dp133-displayport-hdmi-20cm-2\/","og_locale":"pl_PL","og_type":"article","og_title":"Kabel UGREEN DP133 DisplayPort-HDMI 20cm - IRONSKY.PL Sklep z Dronami","og_description":"Kabel UGREEN DP133 DisplayPort-HDMI 20cm - \u2705 sklep z dronami i fachowym doradztwem. \u2705 Tutaj kupisz produkty DJI, Yuneec, Parrot, Syma i wiele innych, a tak\u017ce kursy i licencje na operatora drona.","og_url":"https:\/\/ironsky.pl\/sklep\/produkt\/kabel-ugreen-dp133-displayport-hdmi-20cm-2\/","og_site_name":"IRONSKY.PL Sklep z Dronami","article_modified_time":"2026-04-15T09:09:09+00:00","og_image":[{"width":800,"height":800,"url":"https:\/\/ironsky.pl\/sklep\/wp-content\/uploads\/2025\/10\/54532_1.jpg","type":"image\/jpeg"}],"twitter_card":"summary_large_image","twitter_misc":{"Szacowany czas czytania":"2 minuty"},"schema":{"@context":"https:\/\/schema.org","@graph":[{"@type":"WebPage","@id":"https:\/\/ironsky.pl\/sklep\/produkt\/kabel-ugreen-dp133-displayport-hdmi-20cm-2\/","url":"https:\/\/ironsky.pl\/sklep\/produkt\/kabel-ugreen-dp133-displayport-hdmi-20cm-2\/","name":"Kabel UGREEN DP133 DisplayPort-HDMI 20cm - IRONSKY.PL Sklep z Dronami","isPartOf":{"@id":"https:\/\/ironsky.pl\/sklep\/#website"},"primaryImageOfPage":{"@id":"https:\/\/ironsky.pl\/sklep\/produkt\/kabel-ugreen-dp133-displayport-hdmi-20cm-2\/#primaryimage"},"image":{"@id":"https:\/\/ironsky.pl\/sklep\/produkt\/kabel-ugreen-dp133-displayport-hdmi-20cm-2\/#primaryimage"},"thumbnailUrl":"https:\/\/ironsky.pl\/sklep\/wp-content\/uploads\/2025\/10\/54532_1.jpg","datePublished":"2026-04-15T09:08:54+00:00","dateModified":"2026-04-15T09:09:09+00:00","description":"Kabel UGREEN DP133 DisplayPort-HDMI 20cm - \u2705 sklep z dronami i fachowym doradztwem. \u2705 Tutaj kupisz produkty DJI, Yuneec, Parrot, Syma i wiele innych, a tak\u017ce kursy i licencje na operatora drona.","breadcrumb":{"@id":"https:\/\/ironsky.pl\/sklep\/produkt\/kabel-ugreen-dp133-displayport-hdmi-20cm-2\/#breadcrumb"},"inLanguage":"pl-PL","potentialAction":[{"@type":"ReadAction","target":["https:\/\/ironsky.pl\/sklep\/produkt\/kabel-ugreen-dp133-displayport-hdmi-20cm-2\/"]}]},{"@type":"ImageObject","inLanguage":"pl-PL","@id":"https:\/\/ironsky.pl\/sklep\/produkt\/kabel-ugreen-dp133-displayport-hdmi-20cm-2\/#primaryimage","url":"https:\/\/ironsky.pl\/sklep\/wp-content\/uploads\/2025\/10\/54532_1.jpg","contentUrl":"https:\/\/ironsky.pl\/sklep\/wp-content\/uploads\/2025\/10\/54532_1.jpg","width":800,"height":800},{"@type":"BreadcrumbList","@id":"https:\/\/ironsky.pl\/sklep\/produkt\/kabel-ugreen-dp133-displayport-hdmi-20cm-2\/#breadcrumb","itemListElement":[{"@type":"ListItem","position":1,"name":"Strona g\u0142\u00f3wna","item":"https:\/\/ironsky.pl\/sklep\/"},{"@type":"ListItem","position":2,"name":"Wszystkie produkty","item":"https:\/\/ironsky.pl\/sklep\/produkty\/"},{"@type":"ListItem","position":3,"name":"Kabel UGREEN DP133 DisplayPort-HDMI 20cm"}]},{"@type":"WebSite","@id":"https:\/\/ironsky.pl\/sklep\/#website","url":"https:\/\/ironsky.pl\/sklep\/","name":"IRONSKY.PL Sklep z Dronami","description":"IRONSKY.PL Sklep z Dronami","potentialAction":[{"@type":"SearchAction","target":{"@type":"EntryPoint","urlTemplate":"https:\/\/ironsky.pl\/sklep\/?s={search_term_string}"},"query-input":{"@type":"PropertyValueSpecification","valueRequired":true,"valueName":"search_term_string"}}],"inLanguage":"pl-PL"}]}},"_links":{"self":[{"href":"https:\/\/ironsky.pl\/sklep\/wp-json\/wp\/v2\/product\/60842","targetHints":{"allow":["GET"]}}],"collection":[{"href":"https:\/\/ironsky.pl\/sklep\/wp-json\/wp\/v2\/product"}],"about":[{"href":"https:\/\/ironsky.pl\/sklep\/wp-json\/wp\/v2\/types\/product"}],"replies":[{"embeddable":true,"href":"https:\/\/ironsky.pl\/sklep\/wp-json\/wp\/v2\/comments?post=60842"}],"wp:featuredmedia":[{"embeddable":true,"href":"https:\/\/ironsky.pl\/sklep\/wp-json\/wp\/v2\/media\/49932"}],"wp:attachment":[{"href":"https:\/\/ironsky.pl\/sklep\/wp-json\/wp\/v2\/media?parent=60842"}],"wp:term":[{"taxonomy":"product_brand","embeddable":true,"href":"https:\/\/ironsky.pl\/sklep\/wp-json\/wp\/v2\/product_brand?post=60842"},{"taxonomy":"product_cat","embeddable":true,"href":"https:\/\/ironsky.pl\/sklep\/wp-json\/wp\/v2\/product_cat?post=60842"},{"taxonomy":"product_tag","embeddable":true,"href":"https:\/\/ironsky.pl\/sklep\/wp-json\/wp\/v2\/product_tag?post=60842"}],"curies":[{"name":"wp","href":"https:\/\/api.w.org\/{rel}","templated":true}]}}