{"id":60840,"date":"2026-04-15T11:08:54","date_gmt":"2026-04-15T09:08:54","guid":{"rendered":"https:\/\/ironsky.pl\/sklep\/produkt\/stacja-dokujaca-usb-c-ugreen-cm841-11w1-szara\/"},"modified":"2026-04-15T11:09:08","modified_gmt":"2026-04-15T09:09:08","slug":"stacja-dokujaca-usb-c-ugreen-cm841-11w1-szara","status":"publish","type":"product","link":"https:\/\/ironsky.pl\/sklep\/produkt\/stacja-dokujaca-usb-c-ugreen-cm841-11w1-szara\/","title":{"rendered":"Stacja dokuj\u0105ca USB-C UGREEN CM841 11w1 (szara)"},"content":{"rendered":"<h3>Stacja dokuj\u0105ca 11 w 1 Ugreen CM841 (szara)<\/h3>\n<p>UGREEN CM841 to wszechstronna stacja dokuj\u0105ca zaprojektowana z my\u015bl\u0105 o u\u017cytkownikach komputer\u00f3w Mac mini. Dzi\u0119ki wielu r\u00f3\u017cnorodnym portom, mo\u017cliwo\u015bci rozbudowy pami\u0119ci masowej oraz dopasowanej konstrukcji urz\u0105dzenie idealnie uzupe\u0142ni ka\u017cdy profesjonalny lub domowy setup. Wysoka jako\u015b\u0107 wykonania, stabilne zasilanie oraz pe\u0142na zgodno\u015b\u0107 ze standardami technicznymi zapewniaj\u0105 zar\u00f3wno komfort u\u017cytkowania, jak i niezawodno\u015b\u0107. Dodatkowo model ten wykonany jest z aluminium w po\u0142\u0105czeniu z PVC, co zapewnia trwa\u0142o\u015b\u0107 i lekko\u015b\u0107 obudowy.<\/p>\n<p>\n<img decoding=\"async\" src=\"https:\/\/assets.innpro.pl\/17766\/23589\/2.jpg\" border=\"0\" alt=\"Stacja dokuj\u0105ca UGREEN z komputerem Mac mini M4 na nowoczesnym biurku obok myszy i klawiatury\" \/>\n<\/p>\n<h3>Obs\u0142uga nowoczesnych dysk\u00f3w<\/h3>\n<p>Wbudowane gniazdo umo\u017cliwia monta\u017c dysk\u00f3w SSD (Solid State Drive, nap\u0119d p\u00f3\u0142przewodnikowy) w formacie M.2 i zgodnych z protoko\u0142em NVMe (Non-Volatile Memory Express, standard przesy\u0142u danych dla pami\u0119ci nieulotnej). Dzi\u0119ki temu b\u0142yskawicznie rozbudujesz pami\u0119\u0107 komputera \u2013 bez kabli i bez zewn\u0119trznych obud\u00f3w. Stacja wspiera a\u017c cztery d\u0142ugo\u015bci dysk\u00f3w M.2, a maksymalna obs\u0142ugiwana pojemno\u015b\u0107 wynosi do 8 TB. To idealne rozwi\u0105zanie dla os\u00f3b pracuj\u0105cych z du\u017cymi plikami multimedialnymi lub bazami danych<\/p>\n<p>\n<img decoding=\"async\" src=\"https:\/\/assets.innpro.pl\/17766\/23589\/1.jpg\" border=\"0\" alt=\"Stacja dokuj\u0105ca UGREEN pod komputerem Mac z wy\u015bwietlonymi miniaturami popularnych film\u00f3w i seriali\" \/>\n<\/p>\n<h3>Szybki transfer bez kompromis\u00f3w<\/h3>\n<p>CM841 wyposa\u017cono w a\u017c 10 port\u00f3w, w tym 5 USB-A (Universal Serial Bus Type-A, standardowe prostok\u0105tne z\u0142\u0105cze magistrali szeregowej) 3.2 oraz 2 porty USB-C (Universal Serial Bus Type-C, symetryczne z\u0142\u0105cze magistrali szeregowej) 3.2, a tak\u017ce dwa porty USB-A 3.0, kt\u00f3re oferuj\u0105 teoretyczn\u0105 pr\u0119dko\u015b\u0107 transferu do 10 Gb\/s. To idealne rozwi\u0105zanie dla os\u00f3b pracuj\u0105cych z du\u017cymi plikami, grafik\u0105, filmami lub potrzebuj\u0105cych szybkiego dost\u0119pu do danych. Stacja \u015bwietnie sprawdzi si\u0119 w po\u0142\u0105czeniu z dyskami zewn\u0119trznymi, myszkami, klawiaturami czy tabletami graficznymi.<\/p>\n<p>\n<img decoding=\"async\" src=\"https:\/\/assets.innpro.pl\/17766\/23589\/7.jpg\" border=\"0\" alt=\"Ty\u0142 stacji dokuj\u0105cej UGREEN z widocznymi portami, w tym USB i zasilaj\u0105cym, na jasnob\u0142\u0119kitnym tle\" \/>\n<\/p>\n<h3>Natychmiastowy dost\u0119p do multimedi\u00f3w<\/h3>\n<p>Dwa czytniki kart \u2013 SD (Secure Digital, bezpieczny format karty pami\u0119ci) i TF (TransFlash, znane r\u00f3wnie\u017c jako microSD, czyli mikroformat karty pami\u0119ci) \u2013 dzia\u0142aj\u0105 jednocze\u015bnie, oferuj\u0105c pr\u0119dko\u015b\u0107 do 170 MB\/s. Dzi\u0119ki temu mo\u017cesz szybko zgra\u0107 zdj\u0119cia, filmy lub inne pliki z aparat\u00f3w, kamer czy dron\u00f3w bez konieczno\u015bci u\u017cywania przej\u015bci\u00f3wek.<\/p>\n<p>\n<img decoding=\"async\" src=\"https:\/\/assets.innpro.pl\/17766\/23589\/3.jpg\" border=\"0\" alt=\"Grafik pracuj\u0105cy przy komputerze z pod\u0142\u0105czon\u0105 stacj\u0105 dokuj\u0105c\u0105 UGREEN\" \/>\n<\/p>\n<h3>Konstrukcja dopasowana do Mac mini<\/h3>\n<p>Stacj\u0119 zaprojektowano tak, aby stanowi\u0142a idealn\u0105 podstaw\u0119 dla komputera Mac mini \u2013 zar\u00f3wno pod wzgl\u0119dem kszta\u0142tu, jak i estetyki. Jej zakrzywiony profil dopasowuje si\u0119 do wymiar\u00f3w obudowy komputera, a specjalne wyci\u0119cie zapewnia wygodny dost\u0119p do przycisku zasilania. Antypo\u015blizgowa podk\u0142adka silikonowa utrzymuje ca\u0142o\u015b\u0107 stabilnie na ka\u017cdej powierzchni. D\u0142ugo\u015b\u0107 kabla host USB-C wynosi oko\u0142o 4 cm.<\/p>\n<p>\n<img decoding=\"async\" src=\"https:\/\/assets.innpro.pl\/17766\/23589\/5.jpg\" border=\"0\" alt=\"Wizualizacja systemu ch\u0142odzenia stacji dokuj\u0105cej UGREEN z komputerem Mac mini M4\" \/>\n<\/p>\n<h3>Niezawodne zasilanie i \u0142atwa instalacja<\/h3>\n<p>Dzi\u0119ki portowi zasilania USB-C o mocy 15 W stacja dokuj\u0105ca dzia\u0142a stabilnie nawet przy pe\u0142nym obci\u0105\u017ceniu. Nie wymaga dodatkowych sterownik\u00f3w \u2013 wystarczy pod\u0142\u0105czy\u0107 j\u0105 do komputera. Potr\u00f3jny system zabezpiecze\u0144 daje Ci pewno\u015b\u0107, \u017ce pod\u0142\u0105czone urz\u0105dzenia s\u0105 bezpieczne nawet podczas intensywnej pracy.<\/p>\n<p>\n<img decoding=\"async\" src=\"https:\/\/assets.innpro.pl\/17766\/23589\/4.jpg\" border=\"0\" alt=\"U\u017cytkownik pracuj\u0105cy przy monitorze z edytorem graficznym, korzystaj\u0105cy ze stacji dokuj\u0105cej UGREEN\" \/>\n<\/p>\n<div class=\"table-wrapper\">\n<p>\u00a0<\/p>\n<h3><\/h3>\n<table>\n<tbody>\n<tr>\n<th>Producent<\/th>\n<td>Ugreen<\/td>\n<\/tr>\n<tr>\n<th>Model<\/th>\n<td>CM841<\/td>\n<\/tr>\n<tr>\n<th>Kod producenta<\/th>\n<td>65487<\/td>\n<\/tr>\n<tr>\n<th>Obs\u0142ugiwane dyski<\/th>\n<td>SSD M.2 NVMe (protok\u00f3\u0142 NVMe)<\/td>\n<\/tr>\n<tr>\n<th>Gniazda kart SD\/TF<\/th>\n<td>Obs\u0142uga jednoczesnego odczytu dw\u00f3ch kart SD\/TF<\/td>\n<\/tr>\n<tr>\n<th>Porty USB<\/th>\n<td>USB-A 3.2 \u00d73 <br \/> USB-C 3.2 \u00d72 <br \/> USB-A 3.0 \u00d72<\/td>\n<\/tr>\n<tr>\n<th>Materia\u0142 <\/th>\n<td>Stop aluminium + PVC (Polyvinyl Chloride, polichlorek winylu)<\/td>\n<\/tr>\n<tr>\n<th>Port zasilania USB-C <\/th>\n<td>15 W<\/td>\n<\/tr>\n<tr>\n<th>D\u0142ugo\u015b\u0107 kabla <\/th>\n<td>Oko\u0142o 4 cm<\/td>\n<\/tr>\n<tr>\n<th>Waga<\/th>\n<td>250 g<\/td>\n<\/tr>\n<\/tbody>\n<\/table>\n<\/div>\n","protected":false},"excerpt":{"rendered":"<p>Stacja dokuj\u0105ca 11 w 1 Ugreen CM841 (szara) UGREEN CM841 to wszechstronna stacja dokuj\u0105ca zaprojektowana z my\u015bl\u0105 o u\u017cytkownikach komputer\u00f3w<\/p>\n","protected":false},"featured_media":49930,"comment_status":"closed","ping_status":"open","template":"","meta":{"_acf_changed":false},"product_brand":[],"product_cat":[5929,5934],"product_tag":[],"class_list":{"0":"post-60840","1":"product","2":"type-product","3":"status-publish","4":"has-post-thumbnail","6":"product_cat-akcesoria-it","7":"product_cat-huby","8":"pa_okres-gwarancji-5757","9":"pa_producent-ugreen","11":"first","12":"outofstock","13":"taxable","14":"shipping-taxable","15":"purchasable","16":"product-type-simple"},"acf":[],"yoast_head":"<!-- This site is optimized with the Yoast SEO plugin v27.2 - https:\/\/yoast.com\/product\/yoast-seo-wordpress\/ -->\n<title>Stacja dokuj\u0105ca USB-C UGREEN CM841 11w1 (szara) - IRONSKY.PL Sklep z Dronami<\/title>\n<meta name=\"description\" content=\"Stacja dokuj\u0105ca USB-C UGREEN CM841 11w1 (szara) - \u2705 sklep z dronami i fachowym doradztwem. \u2705 Tutaj kupisz produkty DJI, Yuneec, Parrot, Syma i wiele innych, a tak\u017ce kursy i licencje na operatora drona.\" \/>\n<meta name=\"robots\" content=\"index, follow, max-snippet:-1, max-image-preview:large, max-video-preview:-1\" \/>\n<link rel=\"canonical\" href=\"https:\/\/ironsky.pl\/sklep\/produkt\/stacja-dokujaca-usb-c-ugreen-cm841-11w1-szara\/\" \/>\n<meta property=\"og:locale\" content=\"pl_PL\" \/>\n<meta property=\"og:type\" content=\"article\" \/>\n<meta property=\"og:title\" content=\"Stacja dokuj\u0105ca USB-C UGREEN CM841 11w1 (szara) - IRONSKY.PL Sklep z Dronami\" \/>\n<meta property=\"og:description\" content=\"Stacja dokuj\u0105ca USB-C UGREEN CM841 11w1 (szara) - \u2705 sklep z dronami i fachowym doradztwem. \u2705 Tutaj kupisz produkty DJI, Yuneec, Parrot, Syma i wiele innych, a tak\u017ce kursy i licencje na operatora drona.\" \/>\n<meta property=\"og:url\" content=\"https:\/\/ironsky.pl\/sklep\/produkt\/stacja-dokujaca-usb-c-ugreen-cm841-11w1-szara\/\" \/>\n<meta property=\"og:site_name\" content=\"IRONSKY.PL Sklep z Dronami\" \/>\n<meta property=\"article:modified_time\" content=\"2026-04-15T09:09:08+00:00\" \/>\n<meta property=\"og:image\" content=\"https:\/\/ironsky.pl\/sklep\/wp-content\/uploads\/2025\/10\/54485_1.jpg\" \/>\n\t<meta property=\"og:image:width\" content=\"800\" \/>\n\t<meta property=\"og:image:height\" content=\"800\" \/>\n\t<meta property=\"og:image:type\" content=\"image\/jpeg\" \/>\n<meta name=\"twitter:card\" content=\"summary_large_image\" \/>\n<meta name=\"twitter:label1\" content=\"Szacowany czas czytania\" \/>\n\t<meta name=\"twitter:data1\" content=\"3 minuty\" \/>\n<script type=\"application\/ld+json\" class=\"yoast-schema-graph\">{\"@context\":\"https:\/\/schema.org\",\"@graph\":[{\"@type\":\"WebPage\",\"@id\":\"https:\/\/ironsky.pl\/sklep\/produkt\/stacja-dokujaca-usb-c-ugreen-cm841-11w1-szara\/\",\"url\":\"https:\/\/ironsky.pl\/sklep\/produkt\/stacja-dokujaca-usb-c-ugreen-cm841-11w1-szara\/\",\"name\":\"Stacja dokuj\u0105ca USB-C UGREEN CM841 11w1 (szara) - IRONSKY.PL Sklep z Dronami\",\"isPartOf\":{\"@id\":\"https:\/\/ironsky.pl\/sklep\/#website\"},\"primaryImageOfPage\":{\"@id\":\"https:\/\/ironsky.pl\/sklep\/produkt\/stacja-dokujaca-usb-c-ugreen-cm841-11w1-szara\/#primaryimage\"},\"image\":{\"@id\":\"https:\/\/ironsky.pl\/sklep\/produkt\/stacja-dokujaca-usb-c-ugreen-cm841-11w1-szara\/#primaryimage\"},\"thumbnailUrl\":\"https:\/\/ironsky.pl\/sklep\/wp-content\/uploads\/2025\/10\/54485_1.jpg\",\"datePublished\":\"2026-04-15T09:08:54+00:00\",\"dateModified\":\"2026-04-15T09:09:08+00:00\",\"description\":\"Stacja dokuj\u0105ca USB-C UGREEN CM841 11w1 (szara) - \u2705 sklep z dronami i fachowym doradztwem. \u2705 Tutaj kupisz produkty DJI, Yuneec, Parrot, Syma i wiele innych, a tak\u017ce kursy i licencje na operatora drona.\",\"breadcrumb\":{\"@id\":\"https:\/\/ironsky.pl\/sklep\/produkt\/stacja-dokujaca-usb-c-ugreen-cm841-11w1-szara\/#breadcrumb\"},\"inLanguage\":\"pl-PL\",\"potentialAction\":[{\"@type\":\"ReadAction\",\"target\":[\"https:\/\/ironsky.pl\/sklep\/produkt\/stacja-dokujaca-usb-c-ugreen-cm841-11w1-szara\/\"]}]},{\"@type\":\"ImageObject\",\"inLanguage\":\"pl-PL\",\"@id\":\"https:\/\/ironsky.pl\/sklep\/produkt\/stacja-dokujaca-usb-c-ugreen-cm841-11w1-szara\/#primaryimage\",\"url\":\"https:\/\/ironsky.pl\/sklep\/wp-content\/uploads\/2025\/10\/54485_1.jpg\",\"contentUrl\":\"https:\/\/ironsky.pl\/sklep\/wp-content\/uploads\/2025\/10\/54485_1.jpg\",\"width\":800,\"height\":800},{\"@type\":\"BreadcrumbList\",\"@id\":\"https:\/\/ironsky.pl\/sklep\/produkt\/stacja-dokujaca-usb-c-ugreen-cm841-11w1-szara\/#breadcrumb\",\"itemListElement\":[{\"@type\":\"ListItem\",\"position\":1,\"name\":\"Strona g\u0142\u00f3wna\",\"item\":\"https:\/\/ironsky.pl\/sklep\/\"},{\"@type\":\"ListItem\",\"position\":2,\"name\":\"Wszystkie produkty\",\"item\":\"https:\/\/ironsky.pl\/sklep\/produkty\/\"},{\"@type\":\"ListItem\",\"position\":3,\"name\":\"Stacja dokuj\u0105ca USB-C UGREEN CM841 11w1 (szara)\"}]},{\"@type\":\"WebSite\",\"@id\":\"https:\/\/ironsky.pl\/sklep\/#website\",\"url\":\"https:\/\/ironsky.pl\/sklep\/\",\"name\":\"IRONSKY.PL Sklep z Dronami\",\"description\":\"IRONSKY.PL Sklep z Dronami\",\"potentialAction\":[{\"@type\":\"SearchAction\",\"target\":{\"@type\":\"EntryPoint\",\"urlTemplate\":\"https:\/\/ironsky.pl\/sklep\/?s={search_term_string}\"},\"query-input\":{\"@type\":\"PropertyValueSpecification\",\"valueRequired\":true,\"valueName\":\"search_term_string\"}}],\"inLanguage\":\"pl-PL\"}]}<\/script>\n<!-- \/ Yoast SEO plugin. -->","yoast_head_json":{"title":"Stacja dokuj\u0105ca USB-C UGREEN CM841 11w1 (szara) - IRONSKY.PL Sklep z Dronami","description":"Stacja dokuj\u0105ca USB-C UGREEN CM841 11w1 (szara) - \u2705 sklep z dronami i fachowym doradztwem. \u2705 Tutaj kupisz produkty DJI, Yuneec, Parrot, Syma i wiele innych, a tak\u017ce kursy i licencje na operatora drona.","robots":{"index":"index","follow":"follow","max-snippet":"max-snippet:-1","max-image-preview":"max-image-preview:large","max-video-preview":"max-video-preview:-1"},"canonical":"https:\/\/ironsky.pl\/sklep\/produkt\/stacja-dokujaca-usb-c-ugreen-cm841-11w1-szara\/","og_locale":"pl_PL","og_type":"article","og_title":"Stacja dokuj\u0105ca USB-C UGREEN CM841 11w1 (szara) - IRONSKY.PL Sklep z Dronami","og_description":"Stacja dokuj\u0105ca USB-C UGREEN CM841 11w1 (szara) - \u2705 sklep z dronami i fachowym doradztwem. \u2705 Tutaj kupisz produkty DJI, Yuneec, Parrot, Syma i wiele innych, a tak\u017ce kursy i licencje na operatora drona.","og_url":"https:\/\/ironsky.pl\/sklep\/produkt\/stacja-dokujaca-usb-c-ugreen-cm841-11w1-szara\/","og_site_name":"IRONSKY.PL Sklep z Dronami","article_modified_time":"2026-04-15T09:09:08+00:00","og_image":[{"width":800,"height":800,"url":"https:\/\/ironsky.pl\/sklep\/wp-content\/uploads\/2025\/10\/54485_1.jpg","type":"image\/jpeg"}],"twitter_card":"summary_large_image","twitter_misc":{"Szacowany czas czytania":"3 minuty"},"schema":{"@context":"https:\/\/schema.org","@graph":[{"@type":"WebPage","@id":"https:\/\/ironsky.pl\/sklep\/produkt\/stacja-dokujaca-usb-c-ugreen-cm841-11w1-szara\/","url":"https:\/\/ironsky.pl\/sklep\/produkt\/stacja-dokujaca-usb-c-ugreen-cm841-11w1-szara\/","name":"Stacja dokuj\u0105ca USB-C UGREEN CM841 11w1 (szara) - IRONSKY.PL Sklep z Dronami","isPartOf":{"@id":"https:\/\/ironsky.pl\/sklep\/#website"},"primaryImageOfPage":{"@id":"https:\/\/ironsky.pl\/sklep\/produkt\/stacja-dokujaca-usb-c-ugreen-cm841-11w1-szara\/#primaryimage"},"image":{"@id":"https:\/\/ironsky.pl\/sklep\/produkt\/stacja-dokujaca-usb-c-ugreen-cm841-11w1-szara\/#primaryimage"},"thumbnailUrl":"https:\/\/ironsky.pl\/sklep\/wp-content\/uploads\/2025\/10\/54485_1.jpg","datePublished":"2026-04-15T09:08:54+00:00","dateModified":"2026-04-15T09:09:08+00:00","description":"Stacja dokuj\u0105ca USB-C UGREEN CM841 11w1 (szara) - \u2705 sklep z dronami i fachowym doradztwem. \u2705 Tutaj kupisz produkty DJI, Yuneec, Parrot, Syma i wiele innych, a tak\u017ce kursy i licencje na operatora drona.","breadcrumb":{"@id":"https:\/\/ironsky.pl\/sklep\/produkt\/stacja-dokujaca-usb-c-ugreen-cm841-11w1-szara\/#breadcrumb"},"inLanguage":"pl-PL","potentialAction":[{"@type":"ReadAction","target":["https:\/\/ironsky.pl\/sklep\/produkt\/stacja-dokujaca-usb-c-ugreen-cm841-11w1-szara\/"]}]},{"@type":"ImageObject","inLanguage":"pl-PL","@id":"https:\/\/ironsky.pl\/sklep\/produkt\/stacja-dokujaca-usb-c-ugreen-cm841-11w1-szara\/#primaryimage","url":"https:\/\/ironsky.pl\/sklep\/wp-content\/uploads\/2025\/10\/54485_1.jpg","contentUrl":"https:\/\/ironsky.pl\/sklep\/wp-content\/uploads\/2025\/10\/54485_1.jpg","width":800,"height":800},{"@type":"BreadcrumbList","@id":"https:\/\/ironsky.pl\/sklep\/produkt\/stacja-dokujaca-usb-c-ugreen-cm841-11w1-szara\/#breadcrumb","itemListElement":[{"@type":"ListItem","position":1,"name":"Strona g\u0142\u00f3wna","item":"https:\/\/ironsky.pl\/sklep\/"},{"@type":"ListItem","position":2,"name":"Wszystkie produkty","item":"https:\/\/ironsky.pl\/sklep\/produkty\/"},{"@type":"ListItem","position":3,"name":"Stacja dokuj\u0105ca USB-C UGREEN CM841 11w1 (szara)"}]},{"@type":"WebSite","@id":"https:\/\/ironsky.pl\/sklep\/#website","url":"https:\/\/ironsky.pl\/sklep\/","name":"IRONSKY.PL Sklep z Dronami","description":"IRONSKY.PL Sklep z Dronami","potentialAction":[{"@type":"SearchAction","target":{"@type":"EntryPoint","urlTemplate":"https:\/\/ironsky.pl\/sklep\/?s={search_term_string}"},"query-input":{"@type":"PropertyValueSpecification","valueRequired":true,"valueName":"search_term_string"}}],"inLanguage":"pl-PL"}]}},"_links":{"self":[{"href":"https:\/\/ironsky.pl\/sklep\/wp-json\/wp\/v2\/product\/60840","targetHints":{"allow":["GET"]}}],"collection":[{"href":"https:\/\/ironsky.pl\/sklep\/wp-json\/wp\/v2\/product"}],"about":[{"href":"https:\/\/ironsky.pl\/sklep\/wp-json\/wp\/v2\/types\/product"}],"replies":[{"embeddable":true,"href":"https:\/\/ironsky.pl\/sklep\/wp-json\/wp\/v2\/comments?post=60840"}],"wp:featuredmedia":[{"embeddable":true,"href":"https:\/\/ironsky.pl\/sklep\/wp-json\/wp\/v2\/media\/49930"}],"wp:attachment":[{"href":"https:\/\/ironsky.pl\/sklep\/wp-json\/wp\/v2\/media?parent=60840"}],"wp:term":[{"taxonomy":"product_brand","embeddable":true,"href":"https:\/\/ironsky.pl\/sklep\/wp-json\/wp\/v2\/product_brand?post=60840"},{"taxonomy":"product_cat","embeddable":true,"href":"https:\/\/ironsky.pl\/sklep\/wp-json\/wp\/v2\/product_cat?post=60840"},{"taxonomy":"product_tag","embeddable":true,"href":"https:\/\/ironsky.pl\/sklep\/wp-json\/wp\/v2\/product_tag?post=60840"}],"curies":[{"name":"wp","href":"https:\/\/api.w.org\/{rel}","templated":true}]}}