{"id":60833,"date":"2026-04-15T11:08:54","date_gmt":"2026-04-15T09:08:54","guid":{"rendered":"https:\/\/ironsky.pl\/sklep\/produkt\/dji-flighthub-2-on-premises-device-expansion-package-kod-elektroniczny-2\/"},"modified":"2026-04-15T11:08:59","modified_gmt":"2026-04-15T09:08:59","slug":"dji-flighthub-2-on-premises-device-expansion-package-kod-elektroniczny-2","status":"publish","type":"product","link":"https:\/\/ironsky.pl\/sklep\/produkt\/dji-flighthub-2-on-premises-device-expansion-package-kod-elektroniczny-2\/","title":{"rendered":"DJI FlightHub 2 On-Premises Device Expansion Package &#8211; kod elektroniczny"},"content":{"rendered":"<div style=\"display: flex; flex-direction: column;\" class=\"iai-section-b518b711-327c-49dd-a6df-803f52333dbe-description-wrapper\">\n<div class=\"iai-section-b518b711-327c-49dd-a6df-803f52333dbe iai-section-b518b711-327c-49dd-a6df-803f52333dbe-html\">\n<p><img decoding=\"async\" src=\"https:\/\/b2b.innpro.pl\/data\/include\/cms\/enterprise\/FlightHub\/dji-flighthub-2-swiadomosc-sytuacyjna-banner-scaled.jpg\" border=\"0\" alt=\"\" width=\"100%\"><\/p>\n<h3>Pe\u0142na \u015bwiadomo\u015b\u0107 sytuacyjna w czasie rzeczywistym<\/h3>\n<p>FlightHub 2 to kompleksowa, oparta na chmurze platforma do zarz\u0105dzania operacjami dron\u00f3w, kt\u00f3ra pomaga uzyska\u0107 wszechstronn\u0105 \u015bwiadomo\u015b\u0107 sytuacyjn\u0105 w czasie rzeczywistym. Uzyskaj dost\u0119p do wszystkich informacji potrzebnych do planowania misji dron\u00f3w, nadzorowania floty i zarz\u0105dzania tworzonymi danymi &#8211; dost\u0119pna w bezpiecznym \u015brodowisku opartym na chmurze. Wersja&nbsp;ta dodaje jedno dodatkowe urz\u0105dzenie online do pakietu podstawowego.<\/p>\n<p><img decoding=\"async\" src=\"https:\/\/b2b.innpro.pl\/data\/include\/cms\/enterprise\/FlightHub\/4af4fdb547d60ccb1b3ddc17a6c78229.jpg\" border=\"0\" alt=\"\" width=\"100%\"><\/p>\n<h3>Mapa bazowa 2.5D<\/h3>\n<p>Zintegruj dane wysoko\u015bciowe z mapami satelitarnymi, aby zwi\u0119kszy\u0107 orientacj\u0119 w terenie podczas planowania operacji.<\/p>\n<p><img decoding=\"async\" src=\"https:\/\/b2b.innpro.pl\/data\/include\/cms\/enterprise\/FlightHub\/518c25cfca851979759ac79ebefd3739.jpg\" border=\"0\" alt=\"\" width=\"100%\"><\/p>\n<h3>Synchronizacja obrazu panoramicznego jednym dotkni\u0119ciem<\/h3>\n<p>Utw\u00f3rz widok 360\u00b0 i prze\u015blij go do chmury za pomoc\u0105 jednego dotkni\u0119cia palca. Udost\u0119pnione panoramy wraz ze wsp\u00f3\u0142rz\u0119dnymi, z kt\u00f3rych zosta\u0142y wykonane, s\u0105 umieszczane na mapie bazowej 2.5D misji, zapewniaj\u0105c wszystkim cz\u0142onkom zespo\u0142u szybki dost\u0119p do informacji z powietrza.<\/p>\n<p><img decoding=\"async\" src=\"https:\/\/b2b.innpro.pl\/data\/include\/cms\/enterprise\/FlightHub\/34064eef8384137d8881bbbbc3ddcd2f.jpg\" border=\"0\" alt=\"\" width=\"100%\"><\/p>\n<h3>Mapowanie w chmurze<\/h3>\n<p>Generowanie ortomozaiki RGB lub termicznych map obszar\u00f3w o wielko\u015bci do 1,5 k\u33a1 w czasie jednego lotu. Ortomozaika jest automatycznie nak\u0142adana na map\u0119 bazow\u0105 2,5D, zapewniaj\u0105c szczeg\u00f3\u0142ow\u0105 wiedz\u0119 o \u015brodowisku misji, gdy zajdzie taka potrzeba.<\/p>\n<p><img decoding=\"async\" src=\"https:\/\/b2b.innpro.pl\/data\/include\/cms\/enterprise\/FlightHub\/5167ecd4b34e50293ca526cdd41bfc57.jpg\" border=\"0\" alt=\"\" width=\"100%\"><\/p>\n<h3>Przekaz na \u017cywo z przebiegu misji<\/h3>\n<p>Pod\u0142\u0105cz wielu u\u017cytkownik\u00f3w do jednej lub wielu misji realizowanych za pomoc\u0105 dron\u00f3w jednocze\u015bnie i informuj zespo\u0142y o najnowszych wydarzeniach dzi\u0119ki transmisji obrazu na \u017cywo, w wysokiej rozdzielczo\u015bci i z ma\u0142ymi op\u00f3\u017anieniami.<\/p>\n<p><img decoding=\"async\" src=\"https:\/\/b2b.innpro.pl\/data\/include\/cms\/enterprise\/FlightHub\/8a5d990f7ff10f7d8147a1917de44d3e.jpg\" border=\"0\" alt=\"\" width=\"100%\"><\/p>\n<h3>Adnotacje na \u017cywo<\/h3>\n<p>Wyr\u00f3\u017cnianie obiekt\u00f3w lub obszar\u00f3w zainteresowania w celu efektywnego zarz\u0105dzania misj\u0105 i rozmieszczenia jednostek. Adnotacje s\u0105 widoczne dla zespo\u0142\u00f3w naziemnych, operator\u00f3w dron\u00f3w lub dowolnych cz\u0142onk\u00f3w zespo\u0142u, co umo\u017cliwia szybkie dostosowanie misji i podzia\u0142 zada\u0144.<\/p>\n<p><img decoding=\"async\" src=\"https:\/\/b2b.innpro.pl\/data\/include\/cms\/enterprise\/FlightHub\/b8004164d6a6fc237c2c988d5e3841b8.jpg\" border=\"0\" alt=\"\" width=\"100%\"><\/p>\n<h3>Usprawniona komunikacja w zespole<\/h3>\n<p>Synchronizacja cennych informacji, takich jak pozycja zespo\u0142u, status drona, szczeg\u00f3\u0142y misji i inne, w czasie rzeczywistym i na wielu typach urz\u0105dze\u0144. Wsp\u00f3\u0142praca mi\u0119dzy zespo\u0142ami staje si\u0119 \u0142atwiejsza ni\u017c zwykle.<\/p>\n<p><img decoding=\"async\" src=\"https:\/\/b2b.innpro.pl\/data\/include\/cms\/enterprise\/FlightHub\/bbc8bffb7fa0e172556a5b6cc31c3f39.jpg\" border=\"0\" alt=\"\" width=\"100%\"><\/p>\n<h3>Planowanie trasy i zarz\u0105dzanie misj\u0105<\/h3>\n<p>Tworzenie wszelkiego rodzaju misji bezpo\u015brednio z komputera przy u\u017cyciu mapy bazowej 2,5D. Wy\u015bwietlanie podgl\u0105du zak\u0142adanych wynik\u00f3w dla ka\u017cdego punktu misji, wp\u0142ywa na bezpiecze\u0144stwo trasy lotu i wysok\u0105 jako\u015b\u0107 danych. Synchronizowanie misji z operatorami dron\u00f3w pozwoli na efektywne i wygodne wykonanie zadania.<\/p>\n<p><img decoding=\"async\" src=\"https:\/\/b2b.innpro.pl\/data\/include\/cms\/enterprise\/FlightHub\/6585268b1cac8e7bf665c0986ce22dd9.jpg\" border=\"0\" alt=\"\" width=\"100%\"><\/p>\n<h3>Zarz\u0105dzanie zasobami multimedi\u00f3w<\/h3>\n<p>Przegl\u0105daj wyniki swoich misji w chmurze. Otw\u00f3rz dowolne przechwycone zdj\u0119cie, film lub panoram\u0119, a zostan\u0105 one wy\u015bwietlone na mapie bazowej 2,5D wraz z odpowiednimi informacjami o wsp\u00f3\u0142rz\u0119dnych.<\/p>\n<p><img decoding=\"async\" src=\"https:\/\/b2b.innpro.pl\/data\/include\/cms\/enterprise\/FlightHub\/dji-dock-fh2.jpg\" border=\"0\" alt=\"\" width=\"100%\"><\/p>\n<h3>Misje autonomiczne DJI Dock<\/h3>\n<p>Pe\u0142na kompatybilno\u015b\u0107 FlightHub 2 ze stacj\u0105 dokuj\u0105c\u0105 DJI Dock zapewnia zupe\u0142nie nowe podej\u015bcie do pracy na odleg\u0142o\u015b\u0107.&nbsp;<\/p>\n<p><img decoding=\"async\" src=\"https:\/\/b2b.innpro.pl\/data\/include\/cms\/enterprise\/FlightHub\/c5982867fc49842fbada6be0bfdf2650.jpg\" border=\"0\" alt=\"\" width=\"100%\"><\/p>\n<h3>Alerty<\/h3>\n<p>W przypadku nietypowych warunk\u00f3w, takich jak ulewne deszcze, silne wiatry lub inne sytuacje, kt\u00f3re mog\u0105 mie\u0107 wp\u0142yw na misj\u0119 lotu lub integralno\u015b\u0107 sprz\u0119tu, FlightHub 2 automatycznie uruchomi alerty.<\/p>\n<p><img decoding=\"async\" src=\"https:\/\/b2b.innpro.pl\/data\/include\/cms\/enterprise\/FlightHub\/5da2526a60a7b54345dc35e95324736a.jpg\" border=\"0\" alt=\"\" width=\"100%\"><\/p>\n<h3>Zdalna obs\u0142uga techniczna<\/h3>\n<p>Zdalnie sprawdzaj status stacji dokuj\u0105cej DJI i przeprowadzaj debugowanie w razie potrzeby. Zapewnij ci\u0105g\u0142o\u015b\u0107 dzia\u0142ania drona bez konieczno\u015bci ci\u0105g\u0142ych wizyt konserwacyjnych.<\/p>\n<p><img decoding=\"async\" src=\"https:\/\/b2b.innpro.pl\/data\/include\/cms\/enterprise\/FlightHub\/63cfd4249ffd9539ae85889053c4a025.jpg\" border=\"0\" alt=\"\" width=\"100%\"><\/p>\n<h3>DJI FlightHub 2 On-Premises \u2013 bezpieczne \u015brodowisko lokalne<\/h3>\n<p>W sprzeda\u017cy dost\u0119pna jest r\u00f3wnie\u017c wersja DJI FlightHub 2 On-Premises, kt\u00f3ra umo\u017cliwia przetwarzanie i przechowywanie informacji w lokalnej infrastrukturze. Zapewnia takie same funkcje jak wersja chmurowa, ale dzia\u0142a lokalnie, eliminuj\u0105c konieczno\u015b\u0107 korzystania z zewn\u0119trznych serwer\u00f3w. Dzi\u0119ki temu minimalizuje ryzyko wycieku informacji i spe\u0142nia wymogi dotycz\u0105ce bezpiecze\u0144stwa w sektorach, gdzie poufno\u015b\u0107 ma priorytetowe znaczenie.<\/p>\n<p><img decoding=\"async\" src=\"https:\/\/assets.innpro.pl\/3572\/24618\/9.jpg\" border=\"0\" alt=\"\"><\/p>\n<h3>Bezpiecze\u0144stwo Twoich danych<\/h3>\n<p>DJI FlightHub 2 przesy\u0142a, przechowuje i zarz\u0105dza danymi na serwerach w chmurze obs\u0142ugiwanych przez Amazon Web Services, kt\u00f3re s\u0105 zgodne z certyfikatami bezpiecze\u0144stwa ISO\/IEC 27001.<\/p>\n<div class=\"table-wrapper\">\n<table>\n<tbody>\n<tr>\n<th style=\"width: 20%;\">Funkcja<\/th>\n<th style=\"width: 20%;\">Wersja Standardowa (Bezp\u0142atna)<\/th>\n<th style=\"width: 20%;\">Wersja Profesjonalna<\/th>\n<th style=\"width: 20%;\">Wersja Enterprise<\/th>\n<th style=\"width: 20%;\">Wersja On-Premises Basic Package<\/th>\n<\/tr>\n<tr>\n<th>Liczba projekt\u00f3w<\/th>\n<td>5<br \/>Mo\u017cesz utworzy\u0107 do pi\u0119ciu projekt\u00f3w w organizacji. Nowe projekty nie s\u0105 dozwolone po przekroczeniu limitu.<\/td>\n<td>Bez limitu<\/td>\n<td>Bez limitu<\/td>\n<td>Bez limitu<\/td>\n<\/tr>\n<tr>\n<th>Liczba urz\u0105dze\u0144<\/th>\n<td>Bez limitu<\/td>\n<td>Bez limitu<\/td>\n<td>Zale\u017cna od zakupionego pakietu podstawowego oraz pakietu rozszerzenia urz\u0105dze\u0144.<\/td>\n<td>Zale\u017cy od zakupionego pakietu podstawowego i pakietu rozszerze\u0144 urz\u0105dze\u0144.<br \/>Po rozszerzeniu obs\u0142uguje do 200 urz\u0105dze\u0144 z serii DJI Dock.<\/td>\n<\/tr>\n<tr>\n<th>Zamiana logo<\/th>\n<td>&#8211;<\/td>\n<td>Tak<\/td>\n<td>Tak<\/td>\n<td>Tak<\/td>\n<\/tr>\n<tr>\n<th>Niestandardowa strona logowania<\/th>\n<td>&#8211;<\/td>\n<td>&#8211;<\/td>\n<td>&#8211;<\/td>\n<td>Tak<\/td>\n<\/tr>\n<tr>\n<th>Transmisja na \u017cywo<\/th>\n<td>&#8211;<\/td>\n<td>2 000 minut\/miesi\u0105c<br \/>Czas transmisji liczony jest na podstawie \u0142\u0105cznego czasu ogl\u0105dania przez widz\u00f3w. Niewykorzystany czas przechodzi na kolejny miesi\u0105c.<\/td>\n<td>Nieograniczony czas trwania<br \/>Ograniczona liczba minut transmisji dla kamer dokuj\u0105cych:<br \/>30 000 minut na 1 rok \/ 1 urz\u0105dzenie<br \/>100 000 minut na 3 lata \/ 1 urz\u0105dzenie<\/td>\n<td>Nieograniczony czas trwania<\/td>\n<\/tr>\n<tr>\n<th>Pojemno\u015b\u0107 magazynowania<\/th>\n<td>5 GB<\/td>\n<td>500 GB<br \/>500 GB przestrzeni w chmurze dost\u0119pne w okresie wa\u017cno\u015bci. Po zape\u0142nieniu pliki mo\u017cna pobiera\u0107, ale nie mo\u017cna przesy\u0142a\u0107 nowych.<\/td>\n<td>Nieograniczona pojemno\u015b\u0107<\/td>\n<td>Nieograniczona pojemno\u015b\u0107<\/td>\n<\/tr>\n<tr>\n<th>Liczba mapowa\u0144<\/th>\n<td>&#8211;<\/td>\n<td>3 000 obraz\u00f3w\/miesi\u0105c<br \/>Niewykorzystany limit przechodzi na kolejny miesi\u0105c. Obrazy do mapowania w czasie rzeczywistym i na podstawie plik\u00f3w wsp\u00f3\u0142dziel\u0105 ten sam limit.<\/td>\n<td>150 000 obraz\u00f3w na 1 rok \/ 1 urz\u0105dzenie<br \/>450 000 obraz\u00f3w na 3 lata \/ 1 urz\u0105dzenie<br \/>150 000 obraz\u00f3w dla rozszerzenia online<\/td>\n<td>Brak limitu<br \/>Obecna wersja obs\u0142uguje do 2000 obraz\u00f3w dla pojedynczego zadania mapowania.<\/td>\n<\/tr>\n<tr>\n<th>Model wy\u015bwietlania<\/th>\n<td>1<br \/>Obejmuje modele 2D i 3D. Tylko jeden model mo\u017ce by\u0107 na\u0142o\u017cony na map\u0119 jednocze\u015bnie w projekcie.<\/td>\n<td>Bez limitu<\/td>\n<td>Bez limitu<\/td>\n<td>Bez limitu<\/td>\n<\/tr>\n<tr>\n<th>Logowanie kontem zewn\u0119trznym<\/th>\n<td>&#8211;<\/td>\n<td>&#8211;<\/td>\n<td>Tak<\/td>\n<td>Tak<\/td>\n<\/tr>\n<tr>\n<th>OpenAPI<\/th>\n<td>&#8211;<\/td>\n<td>Tak<\/td>\n<td>Tak<\/td>\n<td>Tak<\/td>\n<\/tr>\n<tr>\n<th>Polityka cenowa<\/th>\n<td>Bezp\u0142atny<\/td>\n<td>P\u0142atny<\/td>\n<td>P\u0142atny<\/td>\n<td>Prosimy o kontakt ze sprzedawc\u0105<\/td>\n<\/tr>\n<\/tbody>\n<\/table>\n<\/div>\n<\/div>\n<\/div>\n","protected":false},"excerpt":{"rendered":"<p>Pe\u0142na \u015bwiadomo\u015b\u0107 sytuacyjna w czasie rzeczywistym FlightHub 2 to kompleksowa, oparta na chmurze platforma do zarz\u0105dzania operacjami dron\u00f3w, kt\u00f3ra pomaga<\/p>\n","protected":false},"featured_media":49910,"comment_status":"closed","ping_status":"open","template":"","meta":{"_acf_changed":false},"product_brand":[],"product_cat":[6175,1088,1105],"product_tag":[],"class_list":{"0":"post-60833","1":"product","2":"type-product","3":"status-publish","4":"has-post-thumbnail","6":"product_cat-dji-care-enterprise","7":"product_cat-drony","8":"product_cat-przemyslowe","9":"pa_producent-dji-enterprise","11":"first","12":"outofstock","13":"taxable","14":"shipping-taxable","15":"purchasable","16":"product-type-simple"},"acf":[],"yoast_head":"<!-- This site is optimized with the Yoast SEO plugin v27.2 - https:\/\/yoast.com\/product\/yoast-seo-wordpress\/ -->\n<title>DJI FlightHub 2 On-Premises Device Expansion Package - kod elektroniczny - IRONSKY.PL Sklep z Dronami<\/title>\n<meta name=\"description\" content=\"DJI FlightHub 2 On-Premises Device Expansion Package - kod elektroniczny - \u2705 sklep z dronami i fachowym doradztwem. \u2705 Tutaj kupisz produkty DJI, Yuneec, Parrot, Syma i wiele innych, a tak\u017ce kursy i licencje na operatora drona.\" \/>\n<meta name=\"robots\" content=\"index, follow, max-snippet:-1, max-image-preview:large, max-video-preview:-1\" \/>\n<link rel=\"canonical\" href=\"https:\/\/ironsky.pl\/sklep\/produkt\/dji-flighthub-2-on-premises-device-expansion-package-kod-elektroniczny-2\/\" \/>\n<meta property=\"og:locale\" content=\"pl_PL\" \/>\n<meta property=\"og:type\" content=\"article\" \/>\n<meta property=\"og:title\" content=\"DJI FlightHub 2 On-Premises Device Expansion Package - kod elektroniczny - IRONSKY.PL Sklep z Dronami\" \/>\n<meta property=\"og:description\" content=\"DJI FlightHub 2 On-Premises Device Expansion Package - kod elektroniczny - \u2705 sklep z dronami i fachowym doradztwem. \u2705 Tutaj kupisz produkty DJI, Yuneec, Parrot, Syma i wiele innych, a tak\u017ce kursy i licencje na operatora drona.\" \/>\n<meta property=\"og:url\" content=\"https:\/\/ironsky.pl\/sklep\/produkt\/dji-flighthub-2-on-premises-device-expansion-package-kod-elektroniczny-2\/\" \/>\n<meta property=\"og:site_name\" content=\"IRONSKY.PL Sklep z Dronami\" \/>\n<meta property=\"article:modified_time\" content=\"2026-04-15T09:08:59+00:00\" \/>\n<meta property=\"og:image\" content=\"https:\/\/ironsky.pl\/sklep\/wp-content\/uploads\/2025\/10\/54462_1.jpg\" \/>\n\t<meta property=\"og:image:width\" content=\"640\" \/>\n\t<meta property=\"og:image:height\" content=\"640\" \/>\n\t<meta property=\"og:image:type\" content=\"image\/jpeg\" \/>\n<meta name=\"twitter:card\" content=\"summary_large_image\" \/>\n<meta name=\"twitter:label1\" content=\"Szacowany czas czytania\" \/>\n\t<meta name=\"twitter:data1\" content=\"4 minuty\" \/>\n<script type=\"application\/ld+json\" class=\"yoast-schema-graph\">{\"@context\":\"https:\/\/schema.org\",\"@graph\":[{\"@type\":\"WebPage\",\"@id\":\"https:\/\/ironsky.pl\/sklep\/produkt\/dji-flighthub-2-on-premises-device-expansion-package-kod-elektroniczny-2\/\",\"url\":\"https:\/\/ironsky.pl\/sklep\/produkt\/dji-flighthub-2-on-premises-device-expansion-package-kod-elektroniczny-2\/\",\"name\":\"DJI FlightHub 2 On-Premises Device Expansion Package - kod elektroniczny - IRONSKY.PL Sklep z Dronami\",\"isPartOf\":{\"@id\":\"https:\/\/ironsky.pl\/sklep\/#website\"},\"primaryImageOfPage\":{\"@id\":\"https:\/\/ironsky.pl\/sklep\/produkt\/dji-flighthub-2-on-premises-device-expansion-package-kod-elektroniczny-2\/#primaryimage\"},\"image\":{\"@id\":\"https:\/\/ironsky.pl\/sklep\/produkt\/dji-flighthub-2-on-premises-device-expansion-package-kod-elektroniczny-2\/#primaryimage\"},\"thumbnailUrl\":\"https:\/\/ironsky.pl\/sklep\/wp-content\/uploads\/2025\/10\/54462_1.jpg\",\"datePublished\":\"2026-04-15T09:08:54+00:00\",\"dateModified\":\"2026-04-15T09:08:59+00:00\",\"description\":\"DJI FlightHub 2 On-Premises Device Expansion Package - kod elektroniczny - \u2705 sklep z dronami i fachowym doradztwem. \u2705 Tutaj kupisz produkty DJI, Yuneec, Parrot, Syma i wiele innych, a tak\u017ce kursy i licencje na operatora drona.\",\"breadcrumb\":{\"@id\":\"https:\/\/ironsky.pl\/sklep\/produkt\/dji-flighthub-2-on-premises-device-expansion-package-kod-elektroniczny-2\/#breadcrumb\"},\"inLanguage\":\"pl-PL\",\"potentialAction\":[{\"@type\":\"ReadAction\",\"target\":[\"https:\/\/ironsky.pl\/sklep\/produkt\/dji-flighthub-2-on-premises-device-expansion-package-kod-elektroniczny-2\/\"]}]},{\"@type\":\"ImageObject\",\"inLanguage\":\"pl-PL\",\"@id\":\"https:\/\/ironsky.pl\/sklep\/produkt\/dji-flighthub-2-on-premises-device-expansion-package-kod-elektroniczny-2\/#primaryimage\",\"url\":\"https:\/\/ironsky.pl\/sklep\/wp-content\/uploads\/2025\/10\/54462_1.jpg\",\"contentUrl\":\"https:\/\/ironsky.pl\/sklep\/wp-content\/uploads\/2025\/10\/54462_1.jpg\",\"width\":640,\"height\":640},{\"@type\":\"BreadcrumbList\",\"@id\":\"https:\/\/ironsky.pl\/sklep\/produkt\/dji-flighthub-2-on-premises-device-expansion-package-kod-elektroniczny-2\/#breadcrumb\",\"itemListElement\":[{\"@type\":\"ListItem\",\"position\":1,\"name\":\"Strona g\u0142\u00f3wna\",\"item\":\"https:\/\/ironsky.pl\/sklep\/\"},{\"@type\":\"ListItem\",\"position\":2,\"name\":\"Wszystkie produkty\",\"item\":\"https:\/\/ironsky.pl\/sklep\/produkty\/\"},{\"@type\":\"ListItem\",\"position\":3,\"name\":\"DJI FlightHub 2 On-Premises Device Expansion Package &#8211; kod elektroniczny\"}]},{\"@type\":\"WebSite\",\"@id\":\"https:\/\/ironsky.pl\/sklep\/#website\",\"url\":\"https:\/\/ironsky.pl\/sklep\/\",\"name\":\"IRONSKY.PL Sklep z Dronami\",\"description\":\"IRONSKY.PL Sklep z Dronami\",\"potentialAction\":[{\"@type\":\"SearchAction\",\"target\":{\"@type\":\"EntryPoint\",\"urlTemplate\":\"https:\/\/ironsky.pl\/sklep\/?s={search_term_string}\"},\"query-input\":{\"@type\":\"PropertyValueSpecification\",\"valueRequired\":true,\"valueName\":\"search_term_string\"}}],\"inLanguage\":\"pl-PL\"}]}<\/script>\n<!-- \/ Yoast SEO plugin. -->","yoast_head_json":{"title":"DJI FlightHub 2 On-Premises Device Expansion Package - kod elektroniczny - IRONSKY.PL Sklep z Dronami","description":"DJI FlightHub 2 On-Premises Device Expansion Package - kod elektroniczny - \u2705 sklep z dronami i fachowym doradztwem. \u2705 Tutaj kupisz produkty DJI, Yuneec, Parrot, Syma i wiele innych, a tak\u017ce kursy i licencje na operatora drona.","robots":{"index":"index","follow":"follow","max-snippet":"max-snippet:-1","max-image-preview":"max-image-preview:large","max-video-preview":"max-video-preview:-1"},"canonical":"https:\/\/ironsky.pl\/sklep\/produkt\/dji-flighthub-2-on-premises-device-expansion-package-kod-elektroniczny-2\/","og_locale":"pl_PL","og_type":"article","og_title":"DJI FlightHub 2 On-Premises Device Expansion Package - kod elektroniczny - IRONSKY.PL Sklep z Dronami","og_description":"DJI FlightHub 2 On-Premises Device Expansion Package - kod elektroniczny - \u2705 sklep z dronami i fachowym doradztwem. \u2705 Tutaj kupisz produkty DJI, Yuneec, Parrot, Syma i wiele innych, a tak\u017ce kursy i licencje na operatora drona.","og_url":"https:\/\/ironsky.pl\/sklep\/produkt\/dji-flighthub-2-on-premises-device-expansion-package-kod-elektroniczny-2\/","og_site_name":"IRONSKY.PL Sklep z Dronami","article_modified_time":"2026-04-15T09:08:59+00:00","og_image":[{"width":640,"height":640,"url":"https:\/\/ironsky.pl\/sklep\/wp-content\/uploads\/2025\/10\/54462_1.jpg","type":"image\/jpeg"}],"twitter_card":"summary_large_image","twitter_misc":{"Szacowany czas czytania":"4 minuty"},"schema":{"@context":"https:\/\/schema.org","@graph":[{"@type":"WebPage","@id":"https:\/\/ironsky.pl\/sklep\/produkt\/dji-flighthub-2-on-premises-device-expansion-package-kod-elektroniczny-2\/","url":"https:\/\/ironsky.pl\/sklep\/produkt\/dji-flighthub-2-on-premises-device-expansion-package-kod-elektroniczny-2\/","name":"DJI FlightHub 2 On-Premises Device Expansion Package - kod elektroniczny - IRONSKY.PL Sklep z Dronami","isPartOf":{"@id":"https:\/\/ironsky.pl\/sklep\/#website"},"primaryImageOfPage":{"@id":"https:\/\/ironsky.pl\/sklep\/produkt\/dji-flighthub-2-on-premises-device-expansion-package-kod-elektroniczny-2\/#primaryimage"},"image":{"@id":"https:\/\/ironsky.pl\/sklep\/produkt\/dji-flighthub-2-on-premises-device-expansion-package-kod-elektroniczny-2\/#primaryimage"},"thumbnailUrl":"https:\/\/ironsky.pl\/sklep\/wp-content\/uploads\/2025\/10\/54462_1.jpg","datePublished":"2026-04-15T09:08:54+00:00","dateModified":"2026-04-15T09:08:59+00:00","description":"DJI FlightHub 2 On-Premises Device Expansion Package - kod elektroniczny - \u2705 sklep z dronami i fachowym doradztwem. \u2705 Tutaj kupisz produkty DJI, Yuneec, Parrot, Syma i wiele innych, a tak\u017ce kursy i licencje na operatora drona.","breadcrumb":{"@id":"https:\/\/ironsky.pl\/sklep\/produkt\/dji-flighthub-2-on-premises-device-expansion-package-kod-elektroniczny-2\/#breadcrumb"},"inLanguage":"pl-PL","potentialAction":[{"@type":"ReadAction","target":["https:\/\/ironsky.pl\/sklep\/produkt\/dji-flighthub-2-on-premises-device-expansion-package-kod-elektroniczny-2\/"]}]},{"@type":"ImageObject","inLanguage":"pl-PL","@id":"https:\/\/ironsky.pl\/sklep\/produkt\/dji-flighthub-2-on-premises-device-expansion-package-kod-elektroniczny-2\/#primaryimage","url":"https:\/\/ironsky.pl\/sklep\/wp-content\/uploads\/2025\/10\/54462_1.jpg","contentUrl":"https:\/\/ironsky.pl\/sklep\/wp-content\/uploads\/2025\/10\/54462_1.jpg","width":640,"height":640},{"@type":"BreadcrumbList","@id":"https:\/\/ironsky.pl\/sklep\/produkt\/dji-flighthub-2-on-premises-device-expansion-package-kod-elektroniczny-2\/#breadcrumb","itemListElement":[{"@type":"ListItem","position":1,"name":"Strona g\u0142\u00f3wna","item":"https:\/\/ironsky.pl\/sklep\/"},{"@type":"ListItem","position":2,"name":"Wszystkie produkty","item":"https:\/\/ironsky.pl\/sklep\/produkty\/"},{"@type":"ListItem","position":3,"name":"DJI FlightHub 2 On-Premises Device Expansion Package &#8211; kod elektroniczny"}]},{"@type":"WebSite","@id":"https:\/\/ironsky.pl\/sklep\/#website","url":"https:\/\/ironsky.pl\/sklep\/","name":"IRONSKY.PL Sklep z Dronami","description":"IRONSKY.PL Sklep z Dronami","potentialAction":[{"@type":"SearchAction","target":{"@type":"EntryPoint","urlTemplate":"https:\/\/ironsky.pl\/sklep\/?s={search_term_string}"},"query-input":{"@type":"PropertyValueSpecification","valueRequired":true,"valueName":"search_term_string"}}],"inLanguage":"pl-PL"}]}},"_links":{"self":[{"href":"https:\/\/ironsky.pl\/sklep\/wp-json\/wp\/v2\/product\/60833","targetHints":{"allow":["GET"]}}],"collection":[{"href":"https:\/\/ironsky.pl\/sklep\/wp-json\/wp\/v2\/product"}],"about":[{"href":"https:\/\/ironsky.pl\/sklep\/wp-json\/wp\/v2\/types\/product"}],"replies":[{"embeddable":true,"href":"https:\/\/ironsky.pl\/sklep\/wp-json\/wp\/v2\/comments?post=60833"}],"wp:featuredmedia":[{"embeddable":true,"href":"https:\/\/ironsky.pl\/sklep\/wp-json\/wp\/v2\/media\/49910"}],"wp:attachment":[{"href":"https:\/\/ironsky.pl\/sklep\/wp-json\/wp\/v2\/media?parent=60833"}],"wp:term":[{"taxonomy":"product_brand","embeddable":true,"href":"https:\/\/ironsky.pl\/sklep\/wp-json\/wp\/v2\/product_brand?post=60833"},{"taxonomy":"product_cat","embeddable":true,"href":"https:\/\/ironsky.pl\/sklep\/wp-json\/wp\/v2\/product_cat?post=60833"},{"taxonomy":"product_tag","embeddable":true,"href":"https:\/\/ironsky.pl\/sklep\/wp-json\/wp\/v2\/product_tag?post=60833"}],"curies":[{"name":"wp","href":"https:\/\/api.w.org\/{rel}","templated":true}]}}