{"id":60832,"date":"2026-04-15T11:08:54","date_gmt":"2026-04-15T09:08:54","guid":{"rendered":"https:\/\/ironsky.pl\/sklep\/produkt\/mini-pc-gmktec-evo-x2-ryzen-ai-max-395-128gb-2tb-win11-pro\/"},"modified":"2026-04-15T11:08:58","modified_gmt":"2026-04-15T09:08:58","slug":"mini-pc-gmktec-evo-x2-ryzen-ai-max-395-128gb-2tb-win11-pro","status":"publish","type":"product","link":"https:\/\/ironsky.pl\/sklep\/produkt\/mini-pc-gmktec-evo-x2-ryzen-ai-max-395-128gb-2tb-win11-pro\/","title":{"rendered":"Mini PC GMKtec EVO-X2 Ryzen AI Max+ 395 128GB 2TB Win11 Pro"},"content":{"rendered":"<h3>Mini PC GMKtec EVO-X2- AMD Ryzen AI Max+ 395 &#8211; 128GB RAM  +2 TB SSD <\/h3>\n<p>GMKtec EVO-X2 to mini PC, kt\u00f3ry mimo niewielkich rozmiar\u00f3w oferuje wydajno\u015b\u0107 pracy na wysokim poziomie. Wyposa\u017cony w procesor AMD Ryzen AI Max+ 395, a\u017c 128 GB pami\u0119ci RAM typu LPDDR5X oraz dysk SSD PCIe 4.0 o pojemno\u015bci 2 TB, \u015bwietnie sprawdzi si\u0119 zar\u00f3wno w pracy kreatywnej, gamingu, jak i zastosowaniach biurowych. Dodatkowo obs\u0142uguje standardy \u0142\u0105czno\u015bci \u2013 WiFi 7 i Bluetooth 5.4 \u2013 co zapewnia szybk\u0105 i stabiln\u0105 komunikacj\u0119 bezprzewodow\u0105.<\/p>\n<p>\n<img decoding=\"async\" src=\"https:\/\/assets.innpro.pl\/17720\/24011\/1.jpg\" border=\"0\" alt=\"Szaro-czarny komputer na czerwonym tle.\" \/>\n<\/p>\n<h3>Procesor AMD Ryzen AI Max+ 395<\/h3>\n<p>Zastosowany procesor AMD Ryzen\u2122 AI Max+ 395 \u0142\u0105czy architektur\u0119 Zen 5 z wyj\u0105tkow\u0105 moc\u0105 obliczeniow\u0105. Jednostka oferuje 16 rdzeni i 32 w\u0105tki, a jej maksymalne taktowanie si\u0119ga 5.1 GHz. Dzi\u0119ki zaawansowanemu procesowi technologicznemu 4 nm FinFET oraz rozbudowanej pami\u0119ci podr\u0119cznej \u2013 16 MB L2 i a\u017c 64 MB L3 \u2013 procesor zapewnia szybkie i p\u0142ynne dzia\u0142anie nawet przy du\u017cym obci\u0105\u017ceniu. Elastyczne TDP od 45 do 120 W (z mo\u017cliwo\u015bci\u0105 zwi\u0119kszenia do 140 W) pozwala dopasowa\u0107 prac\u0119 uk\u0142adu do r\u00f3\u017cnych scenariuszy, \u0142\u0105cz\u0105c energooszcz\u0119dno\u015b\u0107 z wysok\u0105 wydajno\u015bci\u0105.<\/p>\n<p>\n<img decoding=\"async\" src=\"https:\/\/assets.innpro.pl\/17720\/24011\/4.jpg\" border=\"0\" alt=\"Zbli\u017cenie na procesor RYZEN.\" \/>\n<\/p>\n<h3>Grafika AMD Radeon 8060S<\/h3>\n<p>Zintegrowana grafika AMD Radeon 8060S oparta na architekturze RDNA 3.5 oferuje 40 jednostek obliczeniowych. Dzi\u0119ki temu EVO-X2 dor\u00f3wnuje pod wzgl\u0119dem wydajno\u015bci kartom graficznym klasy RTX 4070, co czyni go idealnym wyborem do grania, edycji wideo i projektowania graficznego.<\/p>\n<p>\n<img decoding=\"async\" src=\"https:\/\/assets.innpro.pl\/17720\/24011\/5.jpg\" border=\"0\" alt=\"Grafika Radeon komputera.\" \/>\n<\/p>\n<h3>Pami\u0119\u0107 RAM LPDDR5X<\/h3>\n<p>GMKtec EVO-X2 wykorzystuje pami\u0119\u0107 RAM LPDDR5X o taktowaniu a\u017c 8000 MHz, dzia\u0142aj\u0105c\u0105 w konfiguracji o\u015bmiokana\u0142owej. Przek\u0142ada si\u0119 to na realne korzy\u015bci podczas codziennego u\u017cytkowania \u2013 LPDDR5X zapewnia a\u017c o 90% lepsz\u0105 wydajno\u015b\u0107 w wideokonferencjach i edycji zdj\u0119\u0107, 30% wi\u0119ksz\u0105 efektywno\u015b\u0107 w aplikacjach biurowych oraz 14% popraw\u0119 w zadaniach zwi\u0105zanych z tworzeniem tre\u015bci cyfrowych. Dla por\u00f3wnania: starsze generacje pami\u0119ci, takie jak LPDDR5, LPDDR4X czy LPDDR4, osi\u0105gaj\u0105 odpowiednio do 5500 Mbps, 4266 Mbps i 3200 Mbps, podczas gdy LPDDR5X oferuje imponuj\u0105c\u0105 przepustowo\u015b\u0107 si\u0119gaj\u0105c\u0105 8000 Mbps.<\/p>\n<p>\n<img decoding=\"async\" src=\"https:\/\/assets.innpro.pl\/17720\/24011\/7.jpg\" border=\"0\" alt=\"Szary komputer GMKtec na czarnym tle.\" \/>\n<\/p>\n<h3>Architektura XDNA 2<\/h3>\n<p>W GMKtec EVO-X2 zastosowano now\u0105 architektur\u0119 XDNA 2, kt\u00f3ra zapewnia moc obliczeniow\u0105 do 50 TOPS, z maksymalnym potencja\u0142em si\u0119gaj\u0105cym a\u017c 126 TOPS. To rozwi\u0105zanie stworzone z my\u015bl\u0105 o zadaniach opartych na takich aplikacjach jak MidJourney, ChatGPT, czy Google AutoML. Uk\u0142ad oferuje b\u0142yskawiczne przetwarzanie danych, niskie op\u00f3\u017anienia i wysok\u0105 energooszcz\u0119dno\u015b\u0107, co przek\u0142ada si\u0119 na p\u0142ynne dzia\u0142anie. Dodatkowo architektura XDNA 2 doskonale radzi sobie z przetwarzaniem r\u00f3wnoleg\u0142ym i skalowaniem zada\u0144.<\/p>\n<p>\n<img decoding=\"async\" src=\"https:\/\/assets.innpro.pl\/17720\/24011\/6.jpg\" border=\"0\" alt=\"Napis AI (Artificial Intelligence), obok napisy Canva, Chat GPT, MidJourney i Google AutoML.\" \/>\n<\/p>\n<h3>Skuteczne ch\u0142odzenie<\/h3>\n<p>EVO-X2 wyposa\u017cono w unikalny system ch\u0142odzenia z trzema rurkami cieplnymi, dwoma du\u017cymi wentylatorami CPU oraz dodatkowymi wentylatorami dla SSD i RAM-u. Dzi\u0119ki temu nawet przy du\u017cym obci\u0105\u017ceniu komputer dzia\u0142a stabilnie i cicho. Wbudowany przycisk umo\u017cliwia sterowanie pod\u015bwietleniem RGB \u2013 do wyboru jest a\u017c 16 tryb\u00f3w.<\/p>\n<p>\n<img decoding=\"async\" src=\"https:\/\/assets.innpro.pl\/17720\/24011\/2.jpg\" border=\"0\" alt=\"3 wentylatory komputera mini PC (Personal Computer).\" \/>\n<\/p>\n<h3>Niezawodna \u0142\u0105czno\u015b\u0107 bezprzewodowa<\/h3>\n<p>Korzystaj z Mini PC bez obaw o zak\u0142\u00f3cenia. WiFi 7 oferuje pr\u0119dko\u015b\u0107 do 2,9 Gbps przy jednym strumieniu przestrzennym, 5,8 Gbps przy dw\u00f3ch oraz a\u017c 46,4 Gbps przy maksymalnej liczbie strumieni \u2013 to prawie pi\u0119\u0107 razy szybciej ni\u017c WiFi 6E. Tak du\u017ca r\u00f3\u017cnica przek\u0142ada si\u0119 na b\u0142yskawiczne pobieranie plik\u00f3w, stabilne wideokonferencje i p\u0142ynny streaming w rozdzielczo\u015bci 4K, a nawet 8K. Z kolei Bluetooth 5.4 zapewnia bezproblemowe po\u0142\u0105czenie z urz\u0105dzeniami audio, akcesoriami czy kontrolerami, gwarantuj\u0105c ni\u017csze op\u00f3\u017anienia i wi\u0119kszy zasi\u0119g.<\/p>\n<p>\n<img decoding=\"async\" src=\"https:\/\/assets.innpro.pl\/17720\/24011\/8.jpg\" border=\"0\" alt=\"2 szare kom,putery GMKtec na jasnym tle.\" \/>\n<\/p>\n<h3>Obs\u0142uga czterech ekran\u00f3w<\/h3>\n<p>Mini PC obs\u0142uguje jednocze\u015bnie cztery wy\u015bwietlacze w rozdzielczo\u015bci nawet do 8K. Do Twojej dyspozycji s\u0105 porty: HDMI 2.1 (8 Gbps), DisplayPort 1.4 HBR3 (8.1 Gbps) oraz USB4.0 (40 Gbps), co czyni EVO-X2 idealnym narz\u0119dziem dla profesjonalist\u00f3w pracuj\u0105cych z grafik\u0105, wideo i analiz\u0105 danych.<\/p>\n<p>\n<img decoding=\"async\" src=\"https:\/\/assets.innpro.pl\/17720\/24011\/3.jpg\" border=\"0\" alt=\"Szary komputer GMKtec le\u017cy na biurku obok laptopa i 3 monitor\u00f3w.\" \/>\n<\/p>\n<h3>Bogaty zestaw port\u00f3w<\/h3>\n<p>GMKtec EVO-X2 zosta\u0142 wyposa\u017cony w komplet z\u0142\u0105czy, kt\u00f3re u\u0142atwiaj\u0105 codzienn\u0105 prac\u0119. Na przednim panelu znajduj\u0105 si\u0119 mi\u0119dzy innymi 2 porty USB 3.2 o przepustowo\u015bci do 10 Gb\/s, 1 port USB4.0, czytnik kart SD obs\u0142uguj\u0105cy standard SDXC oraz z\u0142\u0105cze audio 3,5 mm w standardzie CTIA. Z ty\u0142u obudowy umieszczono kolejne porty: audio 3.5 mm, 2 USB 2.0, 1 dodatkowe USB 3.2, kolejne USB4.0, a tak\u017ce port LAN 2.5G (8125BG), kt\u00f3ry gwarantuje szybkie po\u0142\u0105czenie przewodowe. Do pod\u0142\u0105czenia monitor\u00f3w dost\u0119pne s\u0105 porty HDMI 2.1 oraz DisplayPort 1.4.<\/p>\n<p>\n<img decoding=\"async\" src=\"https:\/\/assets.innpro.pl\/17720\/24011\/10.jpg\" border=\"0\" alt=\"Zbli\u017cenie na porty komputera.\" \/>\n<\/p>\n<div class=\"table-wrapper\">\n<p>\u00a0<\/p>\n<h3><\/h3>\n<table>\n<tbody>\n<tr>\n<th>Producent<\/th>\n<td>GMKtec<\/td>\n<\/tr>\n<tr>\n<th>Model<\/th>\n<td>EVO-X2<\/td>\n<\/tr>\n<tr>\n<th>Wymiary <\/th>\n<td>186 x 77 x 192 mm<\/td>\n<\/tr>\n<tr>\n<th>Materia\u0142 obudowy <\/th>\n<td>Metal, plastik<\/td>\n<\/tr>\n<tr>\n<th>Waga <\/th>\n<td>1652 g<\/td>\n<\/tr>\n<tr>\n<th>Procesor <\/th>\n<td>AMD Ryzen\u2122 AI Max+  395<\/td>\n<\/tr>\n<tr>\n<th>Maks. taktowanie <\/th>\n<td>5,1 GHz<\/td>\n<\/tr>\n<tr>\n<th>Pob\u00f3r mocy <\/th>\n<td>140 W<\/td>\n<\/tr>\n<tr>\n<th>Pami\u0119\u0107 RAM <\/th>\n<td>LPDDR5X  8000MHz<\/td>\n<\/tr>\n<tr>\n<th>Pojemno\u015b\u0107 pami\u0119ci RAM <\/th>\n<td>128 GB<\/td>\n<\/tr>\n<tr>\n<th>EMMC <\/th>\n<td>Nie<\/td>\n<\/tr>\n<tr>\n<th>SSD <\/th>\n<td>M.2 2280 2 TB (fabrycznie), obs\u0142uga do 8 TB \/ M.2 2280 (rozszerzenie) obs\u0142uga do 8 TB; maks. \u0142\u0105czna obs\u0142ugiwana pojemno\u015b\u0107: 8 TB x 2 = 16 TB<\/td>\n<\/tr>\n<tr>\n<th>Obs\u0142uga dysku 2.5&#8243; HDD\/SSD <\/th>\n<td>Nie<\/td>\n<\/tr>\n<tr>\n<th>Czytnik kart TF <\/th>\n<td>Nie<\/td>\n<\/tr>\n<tr>\n<th>Start zegara czasu rzeczywistego <\/th>\n<td>Obs\u0142ugiwany<\/td>\n<\/tr>\n<tr>\n<th>Obs\u0142uga BIOS <\/th>\n<td>Tak<\/td>\n<\/tr>\n<tr>\n<th>TPM <\/th>\n<td>Obs\u0142uga TPM 2.0<\/td>\n<\/tr>\n<tr>\n<th>Wyj\u015bcia wideo <\/th>\n<td>1x HDMI, 1x DP, 2x USB-C (DP\/transfer danych\/PD)<\/td>\n<\/tr>\n<tr>\n<th>Wska\u017anik stanu <\/th>\n<td>Dioda statusu zasilania<\/td>\n<\/tr>\n<tr>\n<th>Wi-Fi <\/th>\n<td>Wi-Fi 7<\/td>\n<\/tr>\n<tr>\n<th>Typ interfejsu <\/th>\n<td>PCIe<\/td>\n<\/tr>\n<tr>\n<th>Bluetooth <\/th>\n<td>Bluetooth 5.4<\/td>\n<\/tr>\n<tr>\n<th>Interfejs Bluetooth <\/th>\n<td>USB 2.0<\/td>\n<\/tr>\n<tr>\n<th>3G<\/th>\n<td>Nie<\/td>\n<\/tr>\n<tr>\n<th>4G<\/th>\n<td>Nie<\/td>\n<\/tr>\n<tr>\n<th>LAN <\/th>\n<td>1 x Giga LAN (2500M \/ 1000M \/ 100M \/ 10M)<\/td>\n<\/tr>\n<tr>\n<th>USB 2.0 <\/th>\n<td>2x USB-A 2.0<\/td>\n<\/tr>\n<tr>\n<th>USB 3.2 <\/th>\n<td>3x USB-A 3.2<\/td>\n<\/tr>\n<tr>\n<th>Rozszerzenie pami\u0119ci zewn\u0119trznej <\/th>\n<td>Nie<\/td>\n<\/tr>\n<tr>\n<th>Wyj\u015bcia audio\/wideo <\/th>\n<td>1x HDMI 2.1<\/td>\n<\/tr>\n<tr>\n<th>Porty Ethernet <\/th>\n<td>1 x RJ45<\/td>\n<\/tr>\n<tr>\n<th>Transfer danych <\/th>\n<td>Tak<\/td>\n<\/tr>\n<tr>\n<th>Przyciski <\/th>\n<td>Przycisk zasilania x1<\/td>\n<\/tr>\n<tr>\n<th>DC IN <\/th>\n<td>Tak<\/td>\n<\/tr>\n<tr>\n<th>Wej\u015bcie\/wyj\u015bcie audio <\/th>\n<td>1 x gniazdo s\u0142uchawkowe 3,5 mm (wej\u015bcie\/wyj\u015bcie)<\/td>\n<\/tr>\n<tr>\n<th>Anteny <\/th>\n<td>FPC Wi-Fi + Bluetooth, FPC Wi-Fi<\/td>\n<\/tr>\n<tr>\n<th>System operacyjny <\/th>\n<td>Zainstalowany Windows 11 Pro, obs\u0142uguje Linux<\/td>\n<\/tr>\n<tr>\n<th>Temperatura robocza <\/th>\n<td>od 0\u00b0C do 40\u00b0C<\/td>\n<\/tr>\n<tr>\n<th>Wilgotno\u015b\u0107 <\/th>\n<td>10-90%RH<\/td>\n<\/tr>\n<tr>\n<th>Zasilanie <\/th>\n<td>Wej\u015bcie 100\u2013240 V 50\/60 Hz, wyj\u015bcie: 19,5V\/11,8A 230W, DC 5.5\/2.5 mm<\/td>\n<\/tr>\n<tr>\n<th>Zdalne sterowanie IR <\/th>\n<td>Nie<\/td>\n<\/tr>\n<tr>\n<th>VESA <\/th>\n<td>Nie<\/td>\n<\/tr>\n<tr>\n<th>Pasma radiowe <\/th>\n<td>WIFI 2.4G\/WIFI 5G\/WIFI 6G\/BT<\/td>\n<\/tr>\n<tr>\n<th>Maks. moc nadawcza <\/th>\n<td>22dBm\/22dBm\/21dBm\/10dBm<\/td>\n<\/tr>\n<\/tbody>\n<\/table>\n<\/div>\n","protected":false},"excerpt":{"rendered":"<p>Mini PC GMKtec EVO-X2- AMD Ryzen AI Max+ 395 &#8211; 128GB RAM +2 TB SSD GMKtec EVO-X2 to mini PC,<\/p>\n","protected":false},"featured_media":49896,"comment_status":"closed","ping_status":"open","template":"","meta":{"_acf_changed":false},"product_brand":[],"product_cat":[5929,6006],"product_tag":[],"class_list":{"0":"post-60832","1":"product","2":"type-product","3":"status-publish","4":"has-post-thumbnail","6":"product_cat-akcesoria-it","7":"product_cat-mini-pc","8":"pa_okres-gwarancji-5754","9":"pa_producent-gmktec","11":"first","12":"outofstock","13":"taxable","14":"shipping-taxable","15":"purchasable","16":"product-type-simple"},"acf":[],"yoast_head":"<!-- This site is optimized with the Yoast SEO plugin v27.2 - https:\/\/yoast.com\/product\/yoast-seo-wordpress\/ -->\n<title>Mini PC GMKtec EVO-X2 Ryzen AI Max+ 395 128GB 2TB Win11 Pro - IRONSKY.PL Sklep z Dronami<\/title>\n<meta name=\"description\" content=\"Mini PC GMKtec EVO-X2 Ryzen AI Max+ 395 128GB 2TB Win11 Pro - \u2705 sklep z dronami i fachowym doradztwem. \u2705 Tutaj kupisz produkty DJI, Yuneec, Parrot, Syma i wiele innych, a tak\u017ce kursy i licencje na operatora drona.\" \/>\n<meta name=\"robots\" content=\"index, follow, max-snippet:-1, max-image-preview:large, max-video-preview:-1\" \/>\n<link rel=\"canonical\" href=\"https:\/\/ironsky.pl\/sklep\/produkt\/mini-pc-gmktec-evo-x2-ryzen-ai-max-395-128gb-2tb-win11-pro\/\" \/>\n<meta property=\"og:locale\" content=\"pl_PL\" \/>\n<meta property=\"og:type\" content=\"article\" \/>\n<meta property=\"og:title\" content=\"Mini PC GMKtec EVO-X2 Ryzen AI Max+ 395 128GB 2TB Win11 Pro - IRONSKY.PL Sklep z Dronami\" \/>\n<meta property=\"og:description\" content=\"Mini PC GMKtec EVO-X2 Ryzen AI Max+ 395 128GB 2TB Win11 Pro - \u2705 sklep z dronami i fachowym doradztwem. \u2705 Tutaj kupisz produkty DJI, Yuneec, Parrot, Syma i wiele innych, a tak\u017ce kursy i licencje na operatora drona.\" \/>\n<meta property=\"og:url\" content=\"https:\/\/ironsky.pl\/sklep\/produkt\/mini-pc-gmktec-evo-x2-ryzen-ai-max-395-128gb-2tb-win11-pro\/\" \/>\n<meta property=\"og:site_name\" content=\"IRONSKY.PL Sklep z Dronami\" \/>\n<meta property=\"article:modified_time\" content=\"2026-04-15T09:08:58+00:00\" \/>\n<meta property=\"og:image\" content=\"https:\/\/ironsky.pl\/sklep\/wp-content\/uploads\/2025\/10\/54451_1.jpg\" \/>\n\t<meta property=\"og:image:width\" content=\"800\" \/>\n\t<meta property=\"og:image:height\" content=\"800\" \/>\n\t<meta property=\"og:image:type\" content=\"image\/jpeg\" \/>\n<meta name=\"twitter:card\" content=\"summary_large_image\" \/>\n<meta name=\"twitter:label1\" content=\"Szacowany czas czytania\" \/>\n\t<meta name=\"twitter:data1\" content=\"4 minuty\" \/>\n<script type=\"application\/ld+json\" class=\"yoast-schema-graph\">{\"@context\":\"https:\/\/schema.org\",\"@graph\":[{\"@type\":\"WebPage\",\"@id\":\"https:\/\/ironsky.pl\/sklep\/produkt\/mini-pc-gmktec-evo-x2-ryzen-ai-max-395-128gb-2tb-win11-pro\/\",\"url\":\"https:\/\/ironsky.pl\/sklep\/produkt\/mini-pc-gmktec-evo-x2-ryzen-ai-max-395-128gb-2tb-win11-pro\/\",\"name\":\"Mini PC GMKtec EVO-X2 Ryzen AI Max+ 395 128GB 2TB Win11 Pro - IRONSKY.PL Sklep z Dronami\",\"isPartOf\":{\"@id\":\"https:\/\/ironsky.pl\/sklep\/#website\"},\"primaryImageOfPage\":{\"@id\":\"https:\/\/ironsky.pl\/sklep\/produkt\/mini-pc-gmktec-evo-x2-ryzen-ai-max-395-128gb-2tb-win11-pro\/#primaryimage\"},\"image\":{\"@id\":\"https:\/\/ironsky.pl\/sklep\/produkt\/mini-pc-gmktec-evo-x2-ryzen-ai-max-395-128gb-2tb-win11-pro\/#primaryimage\"},\"thumbnailUrl\":\"https:\/\/ironsky.pl\/sklep\/wp-content\/uploads\/2025\/10\/54451_1.jpg\",\"datePublished\":\"2026-04-15T09:08:54+00:00\",\"dateModified\":\"2026-04-15T09:08:58+00:00\",\"description\":\"Mini PC GMKtec EVO-X2 Ryzen AI Max+ 395 128GB 2TB Win11 Pro - \u2705 sklep z dronami i fachowym doradztwem. \u2705 Tutaj kupisz produkty DJI, Yuneec, Parrot, Syma i wiele innych, a tak\u017ce kursy i licencje na operatora drona.\",\"breadcrumb\":{\"@id\":\"https:\/\/ironsky.pl\/sklep\/produkt\/mini-pc-gmktec-evo-x2-ryzen-ai-max-395-128gb-2tb-win11-pro\/#breadcrumb\"},\"inLanguage\":\"pl-PL\",\"potentialAction\":[{\"@type\":\"ReadAction\",\"target\":[\"https:\/\/ironsky.pl\/sklep\/produkt\/mini-pc-gmktec-evo-x2-ryzen-ai-max-395-128gb-2tb-win11-pro\/\"]}]},{\"@type\":\"ImageObject\",\"inLanguage\":\"pl-PL\",\"@id\":\"https:\/\/ironsky.pl\/sklep\/produkt\/mini-pc-gmktec-evo-x2-ryzen-ai-max-395-128gb-2tb-win11-pro\/#primaryimage\",\"url\":\"https:\/\/ironsky.pl\/sklep\/wp-content\/uploads\/2025\/10\/54451_1.jpg\",\"contentUrl\":\"https:\/\/ironsky.pl\/sklep\/wp-content\/uploads\/2025\/10\/54451_1.jpg\",\"width\":800,\"height\":800},{\"@type\":\"BreadcrumbList\",\"@id\":\"https:\/\/ironsky.pl\/sklep\/produkt\/mini-pc-gmktec-evo-x2-ryzen-ai-max-395-128gb-2tb-win11-pro\/#breadcrumb\",\"itemListElement\":[{\"@type\":\"ListItem\",\"position\":1,\"name\":\"Strona g\u0142\u00f3wna\",\"item\":\"https:\/\/ironsky.pl\/sklep\/\"},{\"@type\":\"ListItem\",\"position\":2,\"name\":\"Wszystkie produkty\",\"item\":\"https:\/\/ironsky.pl\/sklep\/produkty\/\"},{\"@type\":\"ListItem\",\"position\":3,\"name\":\"Mini PC GMKtec EVO-X2 Ryzen AI Max+ 395 128GB 2TB Win11 Pro\"}]},{\"@type\":\"WebSite\",\"@id\":\"https:\/\/ironsky.pl\/sklep\/#website\",\"url\":\"https:\/\/ironsky.pl\/sklep\/\",\"name\":\"IRONSKY.PL Sklep z Dronami\",\"description\":\"IRONSKY.PL Sklep z Dronami\",\"potentialAction\":[{\"@type\":\"SearchAction\",\"target\":{\"@type\":\"EntryPoint\",\"urlTemplate\":\"https:\/\/ironsky.pl\/sklep\/?s={search_term_string}\"},\"query-input\":{\"@type\":\"PropertyValueSpecification\",\"valueRequired\":true,\"valueName\":\"search_term_string\"}}],\"inLanguage\":\"pl-PL\"}]}<\/script>\n<!-- \/ Yoast SEO plugin. -->","yoast_head_json":{"title":"Mini PC GMKtec EVO-X2 Ryzen AI Max+ 395 128GB 2TB Win11 Pro - IRONSKY.PL Sklep z Dronami","description":"Mini PC GMKtec EVO-X2 Ryzen AI Max+ 395 128GB 2TB Win11 Pro - \u2705 sklep z dronami i fachowym doradztwem. \u2705 Tutaj kupisz produkty DJI, Yuneec, Parrot, Syma i wiele innych, a tak\u017ce kursy i licencje na operatora drona.","robots":{"index":"index","follow":"follow","max-snippet":"max-snippet:-1","max-image-preview":"max-image-preview:large","max-video-preview":"max-video-preview:-1"},"canonical":"https:\/\/ironsky.pl\/sklep\/produkt\/mini-pc-gmktec-evo-x2-ryzen-ai-max-395-128gb-2tb-win11-pro\/","og_locale":"pl_PL","og_type":"article","og_title":"Mini PC GMKtec EVO-X2 Ryzen AI Max+ 395 128GB 2TB Win11 Pro - IRONSKY.PL Sklep z Dronami","og_description":"Mini PC GMKtec EVO-X2 Ryzen AI Max+ 395 128GB 2TB Win11 Pro - \u2705 sklep z dronami i fachowym doradztwem. \u2705 Tutaj kupisz produkty DJI, Yuneec, Parrot, Syma i wiele innych, a tak\u017ce kursy i licencje na operatora drona.","og_url":"https:\/\/ironsky.pl\/sklep\/produkt\/mini-pc-gmktec-evo-x2-ryzen-ai-max-395-128gb-2tb-win11-pro\/","og_site_name":"IRONSKY.PL Sklep z Dronami","article_modified_time":"2026-04-15T09:08:58+00:00","og_image":[{"width":800,"height":800,"url":"https:\/\/ironsky.pl\/sklep\/wp-content\/uploads\/2025\/10\/54451_1.jpg","type":"image\/jpeg"}],"twitter_card":"summary_large_image","twitter_misc":{"Szacowany czas czytania":"4 minuty"},"schema":{"@context":"https:\/\/schema.org","@graph":[{"@type":"WebPage","@id":"https:\/\/ironsky.pl\/sklep\/produkt\/mini-pc-gmktec-evo-x2-ryzen-ai-max-395-128gb-2tb-win11-pro\/","url":"https:\/\/ironsky.pl\/sklep\/produkt\/mini-pc-gmktec-evo-x2-ryzen-ai-max-395-128gb-2tb-win11-pro\/","name":"Mini PC GMKtec EVO-X2 Ryzen AI Max+ 395 128GB 2TB Win11 Pro - IRONSKY.PL Sklep z Dronami","isPartOf":{"@id":"https:\/\/ironsky.pl\/sklep\/#website"},"primaryImageOfPage":{"@id":"https:\/\/ironsky.pl\/sklep\/produkt\/mini-pc-gmktec-evo-x2-ryzen-ai-max-395-128gb-2tb-win11-pro\/#primaryimage"},"image":{"@id":"https:\/\/ironsky.pl\/sklep\/produkt\/mini-pc-gmktec-evo-x2-ryzen-ai-max-395-128gb-2tb-win11-pro\/#primaryimage"},"thumbnailUrl":"https:\/\/ironsky.pl\/sklep\/wp-content\/uploads\/2025\/10\/54451_1.jpg","datePublished":"2026-04-15T09:08:54+00:00","dateModified":"2026-04-15T09:08:58+00:00","description":"Mini PC GMKtec EVO-X2 Ryzen AI Max+ 395 128GB 2TB Win11 Pro - \u2705 sklep z dronami i fachowym doradztwem. \u2705 Tutaj kupisz produkty DJI, Yuneec, Parrot, Syma i wiele innych, a tak\u017ce kursy i licencje na operatora drona.","breadcrumb":{"@id":"https:\/\/ironsky.pl\/sklep\/produkt\/mini-pc-gmktec-evo-x2-ryzen-ai-max-395-128gb-2tb-win11-pro\/#breadcrumb"},"inLanguage":"pl-PL","potentialAction":[{"@type":"ReadAction","target":["https:\/\/ironsky.pl\/sklep\/produkt\/mini-pc-gmktec-evo-x2-ryzen-ai-max-395-128gb-2tb-win11-pro\/"]}]},{"@type":"ImageObject","inLanguage":"pl-PL","@id":"https:\/\/ironsky.pl\/sklep\/produkt\/mini-pc-gmktec-evo-x2-ryzen-ai-max-395-128gb-2tb-win11-pro\/#primaryimage","url":"https:\/\/ironsky.pl\/sklep\/wp-content\/uploads\/2025\/10\/54451_1.jpg","contentUrl":"https:\/\/ironsky.pl\/sklep\/wp-content\/uploads\/2025\/10\/54451_1.jpg","width":800,"height":800},{"@type":"BreadcrumbList","@id":"https:\/\/ironsky.pl\/sklep\/produkt\/mini-pc-gmktec-evo-x2-ryzen-ai-max-395-128gb-2tb-win11-pro\/#breadcrumb","itemListElement":[{"@type":"ListItem","position":1,"name":"Strona g\u0142\u00f3wna","item":"https:\/\/ironsky.pl\/sklep\/"},{"@type":"ListItem","position":2,"name":"Wszystkie produkty","item":"https:\/\/ironsky.pl\/sklep\/produkty\/"},{"@type":"ListItem","position":3,"name":"Mini PC GMKtec EVO-X2 Ryzen AI Max+ 395 128GB 2TB Win11 Pro"}]},{"@type":"WebSite","@id":"https:\/\/ironsky.pl\/sklep\/#website","url":"https:\/\/ironsky.pl\/sklep\/","name":"IRONSKY.PL Sklep z Dronami","description":"IRONSKY.PL Sklep z Dronami","potentialAction":[{"@type":"SearchAction","target":{"@type":"EntryPoint","urlTemplate":"https:\/\/ironsky.pl\/sklep\/?s={search_term_string}"},"query-input":{"@type":"PropertyValueSpecification","valueRequired":true,"valueName":"search_term_string"}}],"inLanguage":"pl-PL"}]}},"_links":{"self":[{"href":"https:\/\/ironsky.pl\/sklep\/wp-json\/wp\/v2\/product\/60832","targetHints":{"allow":["GET"]}}],"collection":[{"href":"https:\/\/ironsky.pl\/sklep\/wp-json\/wp\/v2\/product"}],"about":[{"href":"https:\/\/ironsky.pl\/sklep\/wp-json\/wp\/v2\/types\/product"}],"replies":[{"embeddable":true,"href":"https:\/\/ironsky.pl\/sklep\/wp-json\/wp\/v2\/comments?post=60832"}],"wp:featuredmedia":[{"embeddable":true,"href":"https:\/\/ironsky.pl\/sklep\/wp-json\/wp\/v2\/media\/49896"}],"wp:attachment":[{"href":"https:\/\/ironsky.pl\/sklep\/wp-json\/wp\/v2\/media?parent=60832"}],"wp:term":[{"taxonomy":"product_brand","embeddable":true,"href":"https:\/\/ironsky.pl\/sklep\/wp-json\/wp\/v2\/product_brand?post=60832"},{"taxonomy":"product_cat","embeddable":true,"href":"https:\/\/ironsky.pl\/sklep\/wp-json\/wp\/v2\/product_cat?post=60832"},{"taxonomy":"product_tag","embeddable":true,"href":"https:\/\/ironsky.pl\/sklep\/wp-json\/wp\/v2\/product_tag?post=60832"}],"curies":[{"name":"wp","href":"https:\/\/api.w.org\/{rel}","templated":true}]}}