{"id":60831,"date":"2026-04-15T11:08:54","date_gmt":"2026-04-15T09:08:54","guid":{"rendered":"https:\/\/ironsky.pl\/sklep\/produkt\/mini-pc-gmktec-evo-x1-ryzen-ai-9-hx-370-32gb-1tb-win11-pro\/"},"modified":"2026-04-15T11:08:57","modified_gmt":"2026-04-15T09:08:57","slug":"mini-pc-gmktec-evo-x1-ryzen-ai-9-hx-370-32gb-1tb-win11-pro","status":"publish","type":"product","link":"https:\/\/ironsky.pl\/sklep\/produkt\/mini-pc-gmktec-evo-x1-ryzen-ai-9-hx-370-32gb-1tb-win11-pro\/","title":{"rendered":"Mini PC GMKtec EVO-X1 Ryzen AI 9 HX 370 32GB 1TB Win11 Pro"},"content":{"rendered":"<h3>EVO-X1- AMD Ryzen AI 9 HX 370 &#8211; 32GB RAM + 1TB SSD<\/h3>\n<p>EVO\u2011X1 to kompaktowe \u017ar\u00f3d\u0142o niespotykanej mocy, kt\u00f3re \u0142\u0105czy w sobie 12\u2011rdzeniowy procesor AMD Ryzen AI\u202f9 HX\u202f370 z innowacyjnym wsp\u00f3\u0142procesorem XDNA\u202f2 o wydajno\u015bci 50\u202fTOPS \u2013 idealne do zaawansowanych oblicze\u0144 i zada\u0144 graficznych. Zintegrowany uk\u0142ad AMD Radeon\u202f890M zapewnia p\u0142ynn\u0105 i ostr\u0105 grafik\u0119, nawet w najnowszych grach i aplikacjach 3D (tr\u00f3jwymiarowych), a mo\u017cliwo\u015b\u0107 wy\u015bwietlania obrazu na trzech monitorach w wysokiej jako\u015bci otwiera przed Tob\u0105 nowe horyzonty pracy i rozrywki. Czterokana\u0142owa pami\u0119\u0107 LPDDR5X oraz dwa ultrawydajne dyski NVMe gwarantuj\u0105 b\u0142yskawiczne uruchamianie program\u00f3w i bezproblemow\u0105 wielozadaniowo\u015b\u0107. EVO\u2011X1 oferuje r\u00f3wnie\u017c po\u0142\u0105czenie Wi-Fi i Bluetooth oraz bogaty zestaw port\u00f3w, a zaawansowany system ch\u0142odzenia dba o stabilno\u015b\u0107 pracy nawet pod pe\u0142nym obci\u0105\u017ceniem. Wybierz EVO\u2011X1 i poczuj, jak wygl\u0105da prawdziwa wydajno\u015b\u0107 bez kompromis\u00f3w!<\/p>\n<p>\n<img decoding=\"async\" src=\"https:\/\/assets.innpro.pl\/17718\/23491\/10.jpg\" border=\"0\" alt=\"2 Mini PC na czarnej powierzchni. W tle pomara\u0144czowe niebo i ksi\u0119\u017cyc.\" \/>\n<\/p>\n<h3>Nowa era wydajno\u015bci<\/h3>\n<p>EVO\u2011X1 to kompaktowe, ale niezwykle pot\u0119\u017cne urz\u0105dzenie stworzone z my\u015bl\u0105 o u\u017cytkownikach, kt\u00f3rzy szukaj\u0105 profesjonalnego i wydajnego rozwi\u0105zania dla pracy zdalnej, w biurze, czy rozrywki. Wyposa\u017cono go w procesor AMD Ryzen AI\u202f9 HX\u202f370 o architekturze Zen\u202f5, kt\u00f3ry oferuje 12 rdzeni, 24 w\u0105tki i maksymalne taktowanie 5,1\u202fGHz. EVO\u2011X1 radzi sobie z najbardziej wymagaj\u0105cymi zadaniami \u2013 od skomplikowanych symulacji, przez tworzenie tre\u015bci wideo w 8K, a\u017c po najnowsze gry AAA (Triple-A, wysokobud\u017cetowe produkcje w bran\u017cy gier wideo).<\/p>\n<p>\n<img decoding=\"async\" src=\"https:\/\/assets.innpro.pl\/17718\/23491\/5.jpg\" border=\"0\" alt=\"Zbli\u017cenie na procesor AMD Ryzen na pomara\u0144czowo-czarnym tle.\" \/>\n<\/p>\n<h3>Grafika na najwy\u017cszym poziomie<\/h3>\n<p>Zintegrowany uk\u0142ad AMD Radeon\u202f890M oparty na rdzeniach RDNA\u202f3.5 dzia\u0142a z cz\u0119stotliwo\u015bci\u0105 do 2\u202f900\u202fMHz, oferuj\u0105c wydajno\u015b\u0107 por\u00f3wnywaln\u0105 z popularnymi modelami kart graficznych. Niezale\u017cnie od tego, czy montujesz wideo, generujesz zaawansowane wizualizacje, czy grasz na trzech monitorach w rozdzielczo\u015bci 8K@60\u202fHz \u2013 HDMI\u202f2.1 (High\u2011Definition Multimedia Interface, interfejs do przesy\u0142u obrazu i d\u017awi\u0119ku w jako\u015bci HD i wy\u017cszej), DP\u202f2.1 (DisplayPort, interfejs s\u0142u\u017c\u0105cy do przesy\u0142u obrazu i d\u017awi\u0119ku o wysokiej rozdzielczo\u015bci), USB\u202f4.0 (Universal Serial Bus, standard przesy\u0142u danych i dostarczania zasilania mi\u0119dzy urz\u0105dzeniami) \u2013 EVO\u2011X1 zapewni p\u0142ynno\u015b\u0107 i nieskaziteln\u0105 jako\u015b\u0107 obrazu.<\/p>\n<p>\n<img decoding=\"async\" src=\"https:\/\/assets.innpro.pl\/17718\/23491\/6.jpg\" border=\"0\" alt=\"Tablet oparty o biurko. Przed nim le\u017cy Mini PC GMKtec.\" \/>\n<\/p>\n<h3>Ekspansja i ultrawydajne dyski SSD<\/h3>\n<p>Dwa gniazda PCIe\u202f4.0 M.2 NVMe (Non\u2011Volatile Memory Express, protok\u00f3\u0142 dla dysk\u00f3w SSD gwarantuj\u0105cy b\u0142yskawiczne odczyty i zapisy przy minimalnych op\u00f3\u017anieniach) w standardzie 2280 pozwalaj\u0105 na instalacj\u0119 no\u015bnik\u00f3w SSD (Solid State Drive, dysk p\u00f3\u0142przewodnikowy zapewniaj\u0105cy szybki odczyt i zapis danych) o \u0142\u0105cznej pojemno\u015bci nawet 1 TB, a transfery rz\u0119du kilku tysi\u0119cy megabajt\u00f3w na sekund\u0119 skracaj\u0105 czas \u0142adowania aplikacji do minimum. Obs\u0142uga PCIe\u202f3.0 i\u202f4.0 (Peripheral Component Interconnect Express, standard magistrali rozszerze\u0144 \u0142\u0105cz\u0105cy p\u0142yt\u0119 g\u0142\u00f3wn\u0105 z kluczowymi podzespo\u0142ami takimi jak karty graficzne czy kontrolery sieciowe) gwarantuje kompatybilno\u015b\u0107 z szerok\u0105 gam\u0105 dysk\u00f3w, a dzi\u0119ki z\u0142\u0105czu OCuLink (Optical\u2011Copper Link, pozwala na wydajne przed\u0142u\u017canie linii PCIe poza obudow\u0119 komputera przy u\u017cyciu przewod\u00f3w miedzianych lub \u015bwiat\u0142owodowych) o pr\u0119dko\u015bci 64\u202fGbps mo\u017cesz pod\u0142\u0105czy\u0107 zewn\u0119trzn\u0105 kart\u0119 graficzn\u0105, zamieniaj\u0105c EVO\u2011X1 w mobiln\u0105 stacj\u0119 robocz\u0105.<\/p>\n<p>\n<img decoding=\"async\" src=\"https:\/\/assets.innpro.pl\/17718\/23491\/4.jpg\" border=\"0\" alt=\"Zbli\u017cenie na PCIe Mini PC na ciemnym tle.\" \/>\n<\/p>\n<h3>Niezr\u00f3wnana pami\u0119\u0107 LPDDR5X<\/h3>\n<p>Czterokana\u0142owa pami\u0119\u0107 LPDDR5X (Low\u202fPower Double Data Rate, standard pami\u0119ci operacyjnej zoptymalizowany pod k\u0105tem minimalnego poboru mocy) o pr\u0119dko\u015bci 7\u202f500\u202fMT\/s stanowi obecnie najszybsze rozwi\u0105zanie niskonapi\u0119ciowe dost\u0119pne na rynku. Dzi\u0119ki niskiemu op\u00f3\u017anieniu EVO\u2011X1 b\u0142yskawicznie reaguje nawet w najbardziej z\u0142o\u017conych scenariuszach wielozadaniowych, poprawiaj\u0105c wydajno\u015b\u0107 wideokonferencji, edycji zdj\u0119\u0107 i aplikacji biurowych o nawet 71\u202f% w por\u00f3wnaniu do tradycyjnych modu\u0142\u00f3w DDR5 (Double Data Rate, dwukrotnie szybsza transmisja danych dzi\u0119ki wykorzystaniu obu zboczy sygna\u0142u zegarowego) SODIMM (Small Outline Dual In-line Memory Module, smuk\u0142a forma pami\u0119ci RAM dla cienkich i kompaktowych urz\u0105dze\u0144).<\/p>\n<p>\n<img decoding=\"async\" src=\"https:\/\/assets.innpro.pl\/17718\/23491\/8.jpg\" border=\"0\" alt=\"Czarny Mini PC GMKtec na czarno-pomarta\u0144czowym tle.\" \/>\n<\/p>\n<h3>Rozbudowana \u0142\u0105czno\u015b\u0107 i ch\u0142odzenie<\/h3>\n<p>EVO\u2011X1 oferuje podw\u00f3jny port 2,5\u202fGbE Intel i226V (Gigabit Ethernet, interfejs sieciowy, kt\u00f3ry umo\u017cliwia przesy\u0142anie danych z szybko\u015bci\u0105 1GB na sekund\u0119), kompatybilny z Linux, Ubuntu, ESXi i VMware, szybkie Wi\u2011Fi\u202f6 oraz Bluetooth\u202f5.2, a tak\u017ce ca\u0142\u0105 gam\u0119 port\u00f3w USB\u202f4.0, USB\u202f3.2, HDMI\u202f2.1 i DisplayPort\u202f2.1. Dzi\u0119ki systemowi dw\u00f3ch wentylator\u00f3w oraz przemy\u015blanej konstrukcji wentylacyjnej urz\u0105dzenie pozostaje ch\u0142odne i ciche, nawet podczas d\u0142ugotrwa\u0142ej pracy pod wysokim obci\u0105\u017ceniem.<\/p>\n<p>\n<img decoding=\"async\" src=\"https:\/\/assets.innpro.pl\/17718\/23491\/3.jpg\" border=\"0\" alt=\"Mini PC le\u017cy na biurku pod\u0142\u0105czony do innego urz\u0105dzenia.\" \/>\n<\/p>\n<h3>W zestawie<\/h3>\n<ul class=\"list-disc pl-5\">\n<li>mini PC EVO-X1<\/li>\n<li>kabel zasilania<\/li>\n<li>zasilacz<\/li>\n<li>kabel HDMI<\/li>\n<li>stojak pionowy<\/li>\n<li>instrukcja obs\u0142ugi<\/li>\n<\/ul>\n<div class=\"table-wrapper\">\n<p>\u00a0<\/p>\n<h3>Og\u00f3lne<\/h3>\n<table>\n<tbody>\n<tr>\n<th>Producent<\/th>\n<td>GMK<\/td>\n<\/tr>\n<tr>\n<th>Model<\/th>\n<td>EVO-X1<\/td>\n<\/tr>\n<tr>\n<th>Kolor<\/th>\n<td>Czarny<\/td>\n<\/tr>\n<tr>\n<th>Pami\u0119\u0107 operacyjna <\/th>\n<td>LPDDR5X quad\u2011channel @ 7\u202f500\u202fMT\/s<\/td>\n<\/tr>\n<tr>\n<th>System operacyjny<\/th>\n<td>Windows\u202f11\u202fPro<\/td>\n<\/tr>\n<\/tbody>\n<\/table>\n<p>\u00a0<\/p>\n<h3>Procesor<\/h3>\n<table>\n<tbody>\n<tr>\n<th>Model<\/th>\n<td>AMD Ryzen AI\u202f9\u202fHX\u202f370<\/td>\n<\/tr>\n<tr>\n<th>Architektura<\/th>\n<td>Zen\u202f5 z XDNA\u202f2 NPU<\/td>\n<\/tr>\n<tr>\n<th>Ilo\u015b\u0107 rdzeni<\/th>\n<td>12<\/td>\n<\/tr>\n<tr>\n<th>Ilo\u015b\u0107 w\u0105tk\u00f3w <\/th>\n<td>24<\/td>\n<\/tr>\n<tr>\n<th>Cz\u0119stotliwo\u015b\u0107 bazowa<\/th>\n<td>5,1\u202fGHz<\/td>\n<\/tr>\n<tr>\n<th>Pami\u0119\u0107<\/th>\n<td>36\u202fMB cache L3 (24\u202fMB + 12\u202fMB)<\/td>\n<\/tr>\n<tr>\n<th>Wsp\u00f3\u0142czynnik TDP<\/th>\n<td>65 W<\/td>\n<\/tr>\n<tr>\n<th>Wydajno\u015b\u0107 NPU<\/th>\n<td>50\u202fTOPS<\/td>\n<\/tr>\n<\/tbody>\n<\/table>\n<p>\u00a0<\/p>\n<h3>Uk\u0142ad graficzny<\/h3>\n<table>\n<tbody>\n<tr>\n<th>Model<\/th>\n<td>AMD Radeon\u202f890\u202fM (RDNA\u202f3.5)<\/td>\n<\/tr>\n<tr>\n<th>Liczba jednostek obliczeniowych (CU)<\/th>\n<td>16<\/td>\n<\/tr>\n<tr>\n<th>Cz\u0119stotliwo\u015b\u0107 bazowa GPU<\/th>\n<td>800\u202fMHz<\/td>\n<\/tr>\n<tr>\n<th>Cz\u0119stotliwo\u015b\u0107 Boost GPU<\/th>\n<td>2900\u202fMHz<\/td>\n<\/tr>\n<tr>\n<th>Ilo\u015b\u0107 rdzeni<\/th>\n<td>12<\/td>\n<\/tr>\n<tr>\n<th>Jednostki cieniuj\u0105ce (Shading Units)<\/th>\n<td>1024<\/td>\n<\/tr>\n<tr>\n<th>TMU (mapowanie tekstur)<\/th>\n<td>64<\/td>\n<\/tr>\n<tr>\n<th>ROP (renderowanie)<\/th>\n<td>40<\/td>\n<\/tr>\n<tr>\n<th>Ca\u0142kowite zu\u017cycie energii (TGP)<\/th>\n<td>15\u202fW<\/td>\n<\/tr>\n<\/tbody>\n<\/table>\n<p>\u00a0<\/p>\n<h3>Magazyn danych<\/h3>\n<table>\n<tbody>\n<tr>\n<th>Sloty<\/th>\n<td>M.2\u202f2280 NVMe PCIe\u202f4.0<\/td>\n<\/tr>\n<tr>\n<th>Pojemno\u015b\u0107<\/th>\n<td>1TB<\/td>\n<\/tr>\n<tr>\n<th>Kompatybilno\u015b\u0107\/zgodno\u015b\u0107<\/th>\n<td>PCIe\u202f3.0 i 4.0<\/td>\n<\/tr>\n<tr>\n<th>Pami\u0119\u0107 RAM<\/th>\n<td>32GB<\/td>\n<\/tr>\n<\/tbody>\n<\/table>\n<p>\u00a0<\/p>\n<h3>Sie\u0107<\/h3>\n<table>\n<tbody>\n<tr>\n<th>LAN<\/th>\n<td>Dual LAN RJ45 Intel i226\u2011V 2,5Gbps<\/td>\n<\/tr>\n<tr>\n<th>Kompatybilno\u015b\u0107<\/th>\n<td>Linux, Ubuntu, ESXi, VMware<\/td>\n<\/tr>\n<tr>\n<th>WiFi<\/th>\n<td>Wi\u2011Fi\u202f6 (802.11ax)<\/td>\n<\/tr>\n<tr>\n<th>Bluetooth<\/th>\n<td>5.2<\/td>\n<\/tr>\n<\/tbody>\n<\/table>\n<p>\u00a0<\/p>\n<h3>Porty <\/h3>\n<table>\n<tbody>\n<tr>\n<th>Wyj\u015bcia wideo<\/th>\n<td>HDMI\u202f2.1, DisplayPort\u202f2.1, USB\u202f4.0<\/td>\n<\/tr>\n<tr>\n<th>Obs\u0142uga monitor\u00f3w<\/th>\n<td>Obs\u0142uga trzech niezale\u017cnych ekran\u00f3w (HDMI + DP + USB4)<\/td>\n<\/tr>\n<tr>\n<th>Porty USB i audio<\/th>\n<td>USB\u202f3.2 Gen\u202f2 x4, USB\u202f4.0, CTIA audio jack<\/td>\n<\/tr>\n<tr>\n<th>OCuLink<\/th>\n<td>Wsparcie dla zewn\u0119trznych GPU do 64\u202fGbps<\/td>\n<\/tr>\n<\/tbody>\n<\/table>\n<\/div>\n","protected":false},"excerpt":{"rendered":"<p>EVO-X1- AMD Ryzen AI 9 HX 370 &#8211; 32GB RAM + 1TB SSD EVO\u2011X1 to kompaktowe \u017ar\u00f3d\u0142o niespotykanej mocy, kt\u00f3re<\/p>\n","protected":false},"featured_media":49891,"comment_status":"closed","ping_status":"open","template":"","meta":{"_acf_changed":false},"product_brand":[],"product_cat":[5929,6006],"product_tag":[],"class_list":{"0":"post-60831","1":"product","2":"type-product","3":"status-publish","4":"has-post-thumbnail","6":"product_cat-akcesoria-it","7":"product_cat-mini-pc","8":"pa_okres-gwarancji-5754","9":"pa_producent-gmktec","11":"first","12":"outofstock","13":"taxable","14":"shipping-taxable","15":"purchasable","16":"product-type-simple"},"acf":[],"yoast_head":"<!-- This site is optimized with the Yoast SEO plugin v27.2 - https:\/\/yoast.com\/product\/yoast-seo-wordpress\/ -->\n<title>Mini PC GMKtec EVO-X1 Ryzen AI 9 HX 370 32GB 1TB Win11 Pro - IRONSKY.PL Sklep z Dronami<\/title>\n<meta name=\"description\" content=\"Mini PC GMKtec EVO-X1 Ryzen AI 9 HX 370 32GB 1TB Win11 Pro - \u2705 sklep z dronami i fachowym doradztwem. \u2705 Tutaj kupisz produkty DJI, Yuneec, Parrot, Syma i wiele innych, a tak\u017ce kursy i licencje na operatora drona.\" \/>\n<meta name=\"robots\" content=\"index, follow, max-snippet:-1, max-image-preview:large, max-video-preview:-1\" \/>\n<link rel=\"canonical\" href=\"https:\/\/ironsky.pl\/sklep\/produkt\/mini-pc-gmktec-evo-x1-ryzen-ai-9-hx-370-32gb-1tb-win11-pro\/\" \/>\n<meta property=\"og:locale\" content=\"pl_PL\" \/>\n<meta property=\"og:type\" content=\"article\" \/>\n<meta property=\"og:title\" content=\"Mini PC GMKtec EVO-X1 Ryzen AI 9 HX 370 32GB 1TB Win11 Pro - IRONSKY.PL Sklep z Dronami\" \/>\n<meta property=\"og:description\" content=\"Mini PC GMKtec EVO-X1 Ryzen AI 9 HX 370 32GB 1TB Win11 Pro - \u2705 sklep z dronami i fachowym doradztwem. \u2705 Tutaj kupisz produkty DJI, Yuneec, Parrot, Syma i wiele innych, a tak\u017ce kursy i licencje na operatora drona.\" \/>\n<meta property=\"og:url\" content=\"https:\/\/ironsky.pl\/sklep\/produkt\/mini-pc-gmktec-evo-x1-ryzen-ai-9-hx-370-32gb-1tb-win11-pro\/\" \/>\n<meta property=\"og:site_name\" content=\"IRONSKY.PL Sklep z Dronami\" \/>\n<meta property=\"article:modified_time\" content=\"2026-04-15T09:08:57+00:00\" \/>\n<meta property=\"og:image\" content=\"https:\/\/ironsky.pl\/sklep\/wp-content\/uploads\/2025\/10\/54450_1.jpg\" \/>\n\t<meta property=\"og:image:width\" content=\"800\" \/>\n\t<meta property=\"og:image:height\" content=\"800\" \/>\n\t<meta property=\"og:image:type\" content=\"image\/jpeg\" \/>\n<meta name=\"twitter:card\" content=\"summary_large_image\" \/>\n<meta name=\"twitter:label1\" content=\"Szacowany czas czytania\" \/>\n\t<meta name=\"twitter:data1\" content=\"4 minuty\" \/>\n<script type=\"application\/ld+json\" class=\"yoast-schema-graph\">{\"@context\":\"https:\/\/schema.org\",\"@graph\":[{\"@type\":\"WebPage\",\"@id\":\"https:\/\/ironsky.pl\/sklep\/produkt\/mini-pc-gmktec-evo-x1-ryzen-ai-9-hx-370-32gb-1tb-win11-pro\/\",\"url\":\"https:\/\/ironsky.pl\/sklep\/produkt\/mini-pc-gmktec-evo-x1-ryzen-ai-9-hx-370-32gb-1tb-win11-pro\/\",\"name\":\"Mini PC GMKtec EVO-X1 Ryzen AI 9 HX 370 32GB 1TB Win11 Pro - IRONSKY.PL Sklep z Dronami\",\"isPartOf\":{\"@id\":\"https:\/\/ironsky.pl\/sklep\/#website\"},\"primaryImageOfPage\":{\"@id\":\"https:\/\/ironsky.pl\/sklep\/produkt\/mini-pc-gmktec-evo-x1-ryzen-ai-9-hx-370-32gb-1tb-win11-pro\/#primaryimage\"},\"image\":{\"@id\":\"https:\/\/ironsky.pl\/sklep\/produkt\/mini-pc-gmktec-evo-x1-ryzen-ai-9-hx-370-32gb-1tb-win11-pro\/#primaryimage\"},\"thumbnailUrl\":\"https:\/\/ironsky.pl\/sklep\/wp-content\/uploads\/2025\/10\/54450_1.jpg\",\"datePublished\":\"2026-04-15T09:08:54+00:00\",\"dateModified\":\"2026-04-15T09:08:57+00:00\",\"description\":\"Mini PC GMKtec EVO-X1 Ryzen AI 9 HX 370 32GB 1TB Win11 Pro - \u2705 sklep z dronami i fachowym doradztwem. \u2705 Tutaj kupisz produkty DJI, Yuneec, Parrot, Syma i wiele innych, a tak\u017ce kursy i licencje na operatora drona.\",\"breadcrumb\":{\"@id\":\"https:\/\/ironsky.pl\/sklep\/produkt\/mini-pc-gmktec-evo-x1-ryzen-ai-9-hx-370-32gb-1tb-win11-pro\/#breadcrumb\"},\"inLanguage\":\"pl-PL\",\"potentialAction\":[{\"@type\":\"ReadAction\",\"target\":[\"https:\/\/ironsky.pl\/sklep\/produkt\/mini-pc-gmktec-evo-x1-ryzen-ai-9-hx-370-32gb-1tb-win11-pro\/\"]}]},{\"@type\":\"ImageObject\",\"inLanguage\":\"pl-PL\",\"@id\":\"https:\/\/ironsky.pl\/sklep\/produkt\/mini-pc-gmktec-evo-x1-ryzen-ai-9-hx-370-32gb-1tb-win11-pro\/#primaryimage\",\"url\":\"https:\/\/ironsky.pl\/sklep\/wp-content\/uploads\/2025\/10\/54450_1.jpg\",\"contentUrl\":\"https:\/\/ironsky.pl\/sklep\/wp-content\/uploads\/2025\/10\/54450_1.jpg\",\"width\":800,\"height\":800},{\"@type\":\"BreadcrumbList\",\"@id\":\"https:\/\/ironsky.pl\/sklep\/produkt\/mini-pc-gmktec-evo-x1-ryzen-ai-9-hx-370-32gb-1tb-win11-pro\/#breadcrumb\",\"itemListElement\":[{\"@type\":\"ListItem\",\"position\":1,\"name\":\"Strona g\u0142\u00f3wna\",\"item\":\"https:\/\/ironsky.pl\/sklep\/\"},{\"@type\":\"ListItem\",\"position\":2,\"name\":\"Wszystkie produkty\",\"item\":\"https:\/\/ironsky.pl\/sklep\/produkty\/\"},{\"@type\":\"ListItem\",\"position\":3,\"name\":\"Mini PC GMKtec EVO-X1 Ryzen AI 9 HX 370 32GB 1TB Win11 Pro\"}]},{\"@type\":\"WebSite\",\"@id\":\"https:\/\/ironsky.pl\/sklep\/#website\",\"url\":\"https:\/\/ironsky.pl\/sklep\/\",\"name\":\"IRONSKY.PL Sklep z Dronami\",\"description\":\"IRONSKY.PL Sklep z Dronami\",\"potentialAction\":[{\"@type\":\"SearchAction\",\"target\":{\"@type\":\"EntryPoint\",\"urlTemplate\":\"https:\/\/ironsky.pl\/sklep\/?s={search_term_string}\"},\"query-input\":{\"@type\":\"PropertyValueSpecification\",\"valueRequired\":true,\"valueName\":\"search_term_string\"}}],\"inLanguage\":\"pl-PL\"}]}<\/script>\n<!-- \/ Yoast SEO plugin. -->","yoast_head_json":{"title":"Mini PC GMKtec EVO-X1 Ryzen AI 9 HX 370 32GB 1TB Win11 Pro - IRONSKY.PL Sklep z Dronami","description":"Mini PC GMKtec EVO-X1 Ryzen AI 9 HX 370 32GB 1TB Win11 Pro - \u2705 sklep z dronami i fachowym doradztwem. \u2705 Tutaj kupisz produkty DJI, Yuneec, Parrot, Syma i wiele innych, a tak\u017ce kursy i licencje na operatora drona.","robots":{"index":"index","follow":"follow","max-snippet":"max-snippet:-1","max-image-preview":"max-image-preview:large","max-video-preview":"max-video-preview:-1"},"canonical":"https:\/\/ironsky.pl\/sklep\/produkt\/mini-pc-gmktec-evo-x1-ryzen-ai-9-hx-370-32gb-1tb-win11-pro\/","og_locale":"pl_PL","og_type":"article","og_title":"Mini PC GMKtec EVO-X1 Ryzen AI 9 HX 370 32GB 1TB Win11 Pro - IRONSKY.PL Sklep z Dronami","og_description":"Mini PC GMKtec EVO-X1 Ryzen AI 9 HX 370 32GB 1TB Win11 Pro - \u2705 sklep z dronami i fachowym doradztwem. \u2705 Tutaj kupisz produkty DJI, Yuneec, Parrot, Syma i wiele innych, a tak\u017ce kursy i licencje na operatora drona.","og_url":"https:\/\/ironsky.pl\/sklep\/produkt\/mini-pc-gmktec-evo-x1-ryzen-ai-9-hx-370-32gb-1tb-win11-pro\/","og_site_name":"IRONSKY.PL Sklep z Dronami","article_modified_time":"2026-04-15T09:08:57+00:00","og_image":[{"width":800,"height":800,"url":"https:\/\/ironsky.pl\/sklep\/wp-content\/uploads\/2025\/10\/54450_1.jpg","type":"image\/jpeg"}],"twitter_card":"summary_large_image","twitter_misc":{"Szacowany czas czytania":"4 minuty"},"schema":{"@context":"https:\/\/schema.org","@graph":[{"@type":"WebPage","@id":"https:\/\/ironsky.pl\/sklep\/produkt\/mini-pc-gmktec-evo-x1-ryzen-ai-9-hx-370-32gb-1tb-win11-pro\/","url":"https:\/\/ironsky.pl\/sklep\/produkt\/mini-pc-gmktec-evo-x1-ryzen-ai-9-hx-370-32gb-1tb-win11-pro\/","name":"Mini PC GMKtec EVO-X1 Ryzen AI 9 HX 370 32GB 1TB Win11 Pro - IRONSKY.PL Sklep z Dronami","isPartOf":{"@id":"https:\/\/ironsky.pl\/sklep\/#website"},"primaryImageOfPage":{"@id":"https:\/\/ironsky.pl\/sklep\/produkt\/mini-pc-gmktec-evo-x1-ryzen-ai-9-hx-370-32gb-1tb-win11-pro\/#primaryimage"},"image":{"@id":"https:\/\/ironsky.pl\/sklep\/produkt\/mini-pc-gmktec-evo-x1-ryzen-ai-9-hx-370-32gb-1tb-win11-pro\/#primaryimage"},"thumbnailUrl":"https:\/\/ironsky.pl\/sklep\/wp-content\/uploads\/2025\/10\/54450_1.jpg","datePublished":"2026-04-15T09:08:54+00:00","dateModified":"2026-04-15T09:08:57+00:00","description":"Mini PC GMKtec EVO-X1 Ryzen AI 9 HX 370 32GB 1TB Win11 Pro - \u2705 sklep z dronami i fachowym doradztwem. \u2705 Tutaj kupisz produkty DJI, Yuneec, Parrot, Syma i wiele innych, a tak\u017ce kursy i licencje na operatora drona.","breadcrumb":{"@id":"https:\/\/ironsky.pl\/sklep\/produkt\/mini-pc-gmktec-evo-x1-ryzen-ai-9-hx-370-32gb-1tb-win11-pro\/#breadcrumb"},"inLanguage":"pl-PL","potentialAction":[{"@type":"ReadAction","target":["https:\/\/ironsky.pl\/sklep\/produkt\/mini-pc-gmktec-evo-x1-ryzen-ai-9-hx-370-32gb-1tb-win11-pro\/"]}]},{"@type":"ImageObject","inLanguage":"pl-PL","@id":"https:\/\/ironsky.pl\/sklep\/produkt\/mini-pc-gmktec-evo-x1-ryzen-ai-9-hx-370-32gb-1tb-win11-pro\/#primaryimage","url":"https:\/\/ironsky.pl\/sklep\/wp-content\/uploads\/2025\/10\/54450_1.jpg","contentUrl":"https:\/\/ironsky.pl\/sklep\/wp-content\/uploads\/2025\/10\/54450_1.jpg","width":800,"height":800},{"@type":"BreadcrumbList","@id":"https:\/\/ironsky.pl\/sklep\/produkt\/mini-pc-gmktec-evo-x1-ryzen-ai-9-hx-370-32gb-1tb-win11-pro\/#breadcrumb","itemListElement":[{"@type":"ListItem","position":1,"name":"Strona g\u0142\u00f3wna","item":"https:\/\/ironsky.pl\/sklep\/"},{"@type":"ListItem","position":2,"name":"Wszystkie produkty","item":"https:\/\/ironsky.pl\/sklep\/produkty\/"},{"@type":"ListItem","position":3,"name":"Mini PC GMKtec EVO-X1 Ryzen AI 9 HX 370 32GB 1TB Win11 Pro"}]},{"@type":"WebSite","@id":"https:\/\/ironsky.pl\/sklep\/#website","url":"https:\/\/ironsky.pl\/sklep\/","name":"IRONSKY.PL Sklep z Dronami","description":"IRONSKY.PL Sklep z Dronami","potentialAction":[{"@type":"SearchAction","target":{"@type":"EntryPoint","urlTemplate":"https:\/\/ironsky.pl\/sklep\/?s={search_term_string}"},"query-input":{"@type":"PropertyValueSpecification","valueRequired":true,"valueName":"search_term_string"}}],"inLanguage":"pl-PL"}]}},"_links":{"self":[{"href":"https:\/\/ironsky.pl\/sklep\/wp-json\/wp\/v2\/product\/60831","targetHints":{"allow":["GET"]}}],"collection":[{"href":"https:\/\/ironsky.pl\/sklep\/wp-json\/wp\/v2\/product"}],"about":[{"href":"https:\/\/ironsky.pl\/sklep\/wp-json\/wp\/v2\/types\/product"}],"replies":[{"embeddable":true,"href":"https:\/\/ironsky.pl\/sklep\/wp-json\/wp\/v2\/comments?post=60831"}],"wp:featuredmedia":[{"embeddable":true,"href":"https:\/\/ironsky.pl\/sklep\/wp-json\/wp\/v2\/media\/49891"}],"wp:attachment":[{"href":"https:\/\/ironsky.pl\/sklep\/wp-json\/wp\/v2\/media?parent=60831"}],"wp:term":[{"taxonomy":"product_brand","embeddable":true,"href":"https:\/\/ironsky.pl\/sklep\/wp-json\/wp\/v2\/product_brand?post=60831"},{"taxonomy":"product_cat","embeddable":true,"href":"https:\/\/ironsky.pl\/sklep\/wp-json\/wp\/v2\/product_cat?post=60831"},{"taxonomy":"product_tag","embeddable":true,"href":"https:\/\/ironsky.pl\/sklep\/wp-json\/wp\/v2\/product_tag?post=60831"}],"curies":[{"name":"wp","href":"https:\/\/api.w.org\/{rel}","templated":true}]}}