{"id":60830,"date":"2026-04-15T11:08:54","date_gmt":"2026-04-15T09:08:54","guid":{"rendered":"https:\/\/ironsky.pl\/sklep\/produkt\/mini-pc-gmktec-g10-ryzen-5-3500u-16gb-1tb-win11-pro\/"},"modified":"2026-04-15T11:08:56","modified_gmt":"2026-04-15T09:08:56","slug":"mini-pc-gmktec-g10-ryzen-5-3500u-16gb-1tb-win11-pro","status":"publish","type":"product","link":"https:\/\/ironsky.pl\/sklep\/produkt\/mini-pc-gmktec-g10-ryzen-5-3500u-16gb-1tb-win11-pro\/","title":{"rendered":"Mini PC GMKtec G10 Ryzen 5 3500U 16GB\/1TB Win11 Pro"},"content":{"rendered":"<h3>MiniPC G10 &#8211; AMD Ryzen 5 3500U -16GB RAM+1TB SSD<\/h3>\n<p>MiniPC G10 to kompaktowe urz\u0105dzenie, kt\u00f3re w niewielkiej obudowie kryje prawdziw\u0105 moc dzi\u0119ki procesorowi AMD\u202fRyzen\u202f5\u202f3500U. Wyposa\u017cony w 16\u202fGB pami\u0119ci DDR4 oraz szybki dysk M.2\u202f2280 SSD 1 TB, zapewnia b\u0142yskawiczny dost\u0119p do danych i p\u0142ynn\u0105 prac\u0119 wielozadaniow\u0105. Bogactwo port\u00f3w umo\u017cliwia pod\u0142\u0105czenie monitor\u00f3w, projektora, sieci NAS czy zestawu s\u0142uchawkowego, a obs\u0142uga trzech ekran\u00f3w w jako\u015bci 4K@60\u202fHz przenosi rozrywk\u0119 i produktywno\u015b\u0107 na wy\u017cszy poziom. Zaawansowany system ch\u0142odzenia dba o cich\u0105 prac\u0119, a zintegrowana grafika AMD\u202fRadeon Vega\u202f8 gwarantuje ostry obraz. Jest kompatybilny z systemami Windows 11\u202fPro, Windows\u202f10 i Linux, a dzi\u0119ki swojej lekkiej wadze MiniPC G10 sprawdzi si\u0119 doskonale w ka\u017cdej przestrzeni roboczej. <\/p>\n<p>\n<img decoding=\"async\" src=\"https:\/\/assets.innpro.pl\/17717\/23490\/3.jpg\" border=\"0\" alt=\"M\u0119\u017cczyzna pracuje przed komputerem. Na monitorach wy\u015bwietlone s\u0105 wykresy i mapa.\" \/>\n<\/p>\n<h3>Moc w kompaktowym wydaniu<\/h3>\n<p>Sercem urz\u0105dzenia jest energooszcz\u0119dny procesor AMD Ryzen 5 3500U, oferuj\u0105cy cztery rdzenie i osiem w\u0105tk\u00f3w z turbo do 3,7\u202fGHz. Dzi\u0119ki temu G10 radzi sobie z wymagaj\u0105cymi zadaniami biurowymi, obr\u00f3bk\u0105 zdj\u0119\u0107 czy wideo, a jednocze\u015bnie jest \u015bwietny w multitaskingu. Zintegrowana pami\u0119\u0107 podr\u0119czna o pojemno\u015bci 4\u202fMB dodatkowo przyspiesza wykonywanie proces\u00f3w, zapewniaj\u0105c natychmiastow\u0105 reakcj\u0119 systemu na Twoje ka\u017cde klikni\u0119cie.<\/p>\n<p>\n<img decoding=\"async\" src=\"https:\/\/assets.innpro.pl\/17717\/23490\/10.jpg\" border=\"0\" alt=\"Mini PC przymocowany do monitora komputera.\" \/>\n<\/p>\n<h3>Pami\u0119\u0107 i magazyn bez kompromis\u00f3w<\/h3>\n<p>MiniPC G10 oferuje pami\u0119\u0107 RAM (random-access memory, pami\u0119\u0107 o dost\u0119pie swobodnym\/pami\u0119\u0107 g\u0142\u00f3wna) wynosz\u0105c\u0105 16 GB. To gwarancja swobody przy jednoczesnym uruchamianiu wielu aplikacji oraz pracy z du\u017cymi plikami. Wbudowany dysk M.2 2280 SSD o pojemno\u015bci 1 TB zapewnia b\u0142yskawiczny dost\u0119p do danych oraz kr\u00f3tki czas uruchamiania systemu i program\u00f3w. Niezale\u017cnie od tego, czy archiwizujesz ogromne biblioteki multimedi\u00f3w, czy tworzysz projekty 3D (tr\u00f3jwymiarowe) \u2013 przestrzeni nigdy nie zabraknie.<\/p>\n<p>\n<img decoding=\"async\" src=\"https:\/\/assets.innpro.pl\/17717\/23490\/7.jpg\" border=\"0\" alt=\"Mini PC le\u017cy na biurku obok monitora, smartatcha i klawiatury.\" \/>\n<\/p>\n<h3>Bogactwo z\u0142\u0105czy w s\u0142u\u017cbie uniwersalno\u015bci<\/h3>\n<p>MiniPC G10 zaskakuje ilo\u015bci\u0105 i r\u00f3\u017cnorodno\u015bci\u0105 port\u00f3w dost\u0119pnych na jego obudowie. Dwa porty USB 3.2 (Universal Serial Bus, standard interfejsu s\u0142u\u017c\u0105cy do przesy\u0142ania danych lub zasilania urz\u0105dze\u0144) o pr\u0119dko\u015bci 5\u202fGbps w po\u0142\u0105czeniu z portem USB 2.0 umo\u017cliwiaj\u0105 b\u0142yskawiczne przesy\u0142anie danych oraz pod\u0142\u0105czenie peryferi\u00f3w. Dwa z\u0142\u0105cza Type\u2011C \u2013 jedno obs\u0142uguj\u0105ce zasilanie PD (Power Delivery, standard szybkiego \u0142adowania), drugie wspieraj\u0105ce DP (DisplayPort, umo\u017cliwia przesy\u0142anie d\u017awi\u0119ku oraz obrazu), transfer danych i \u0142adowanie urz\u0105dze\u0144 \u2013 zapewniaj\u0105 najwy\u017csz\u0105 elastyczno\u015b\u0107. Dzi\u0119ki HDMI 2.1 (High-Definition Multimedia Interface, s\u0142u\u017cy do przesy\u0142ania cyfrowego obrazu i d\u017awi\u0119ku w wysokiej jako\u015bci) i DisplayPort 1.4 z \u0142atwo\u015bci\u0105 stworzysz stacj\u0119 graficzn\u0105 z obs\u0142ug\u0105 rozdzielczo\u015bci 4K przy 60\u202fHz, a gniazdo 2,5\u202fG Giga LAN (Local Area Network, lokalna sie\u0107 komputerowa) pozwala na ultraszybkie po\u0142\u0105czenie sieciowe. Na obudowie znajdziesz tak\u017ce wej\u015bcie CTIA (The Wireless Association, pierwotnie znane jako Cellular Telephone Industries Association), zamek Kensington dla zwi\u0119kszenia bezpiecze\u0144stwa oraz czytelny przycisk zasilania.<\/p>\n<p>\n<img decoding=\"async\" src=\"https:\/\/assets.innpro.pl\/17717\/23490\/1.jpg\" border=\"0\" alt=\"Trzymany w d\u0142oni srebrny Mini PC z r\u00f3\u017cnymi portami.\" \/>\n<\/p>\n<h3>Ultra HD na trzech ekranach<\/h3>\n<p>Je\u015bli pracujesz na wielu monitorach lub chcesz przenie\u015b\u0107 rozrywk\u0119 na wy\u017cszy poziom, MiniPC G10 sprosta temu wyzwaniu. Obs\u0142uga trzech niezale\u017cnych ekran\u00f3w HD (High Definition, wysoka rozdzielczo\u015b\u0107) umo\u017cliwia stworzenie rozbudowanego stanowiska z kilkoma monitorami, a natywne wsparcie dla 4K@60\u202fHz sprawi, \u017ce filmy, gry czy prezentacje zachwyc\u0105 ostro\u015bci\u0105 i p\u0142ynno\u015bci\u0105 obrazu. Wystarczy pod\u0142\u0105czy\u0107 monitory lub telewizor, by w kilka chwil uzyska\u0107 efektown\u0105, wieloekranow\u0105 konfiguracj\u0119.<\/p>\n<p>\n<img decoding=\"async\" src=\"https:\/\/assets.innpro.pl\/17717\/23490\/9.jpg\" border=\"0\" alt=\"2 monitory i laptop le\u017c\u0105 na biurku obok klawiatury i Mini PC.\" \/>\n<\/p>\n<h3>Cicha praca dzi\u0119ki inteligentnemu ch\u0142odzeniu<\/h3>\n<p>Zaawansowany system ch\u0142odzenia w MiniPC G10 oferuje niezwykle cich\u0105 prac\u0119, utrzymuj\u0105c ha\u0142as na poziomie nieprzekraczaj\u0105cym 35\u202fdB. To mniej ni\u017c szept w bibliotece, dzi\u0119ki czemu mo\u017cesz skoncentrowa\u0107 si\u0119 na pracy lub rozrywce, nie rozpraszaj\u0105c si\u0119 odg\u0142osami wentylator\u00f3w. Jednocze\u015bnie uk\u0142ad ch\u0142odzenia efektywnie odprowadza ciep\u0142o, pozwalaj\u0105c procesorowi i uk\u0142adowi graficznemu Radeon Vega 8 (taktowanemu do 1\u202f200\u202fMHz) pracowa\u0107 z pe\u0142n\u0105 wydajno\u015bci\u0105 bez obaw o przegrzanie.<\/p>\n<p>\n<img decoding=\"async\" src=\"https:\/\/assets.innpro.pl\/17717\/23490\/4.jpg\" border=\"0\" alt=\"System ch\u0142odzenia Mini PC na bia\u0142ym tle.\" \/>\n<\/p>\n<h3>Pe\u0142na kompatybilno\u015b\u0107 systemowa<\/h3>\n<p>MiniPC G10 dzia\u0142a r\u00f3wnie dobrze pod kontrol\u0105 zar\u00f3wno Windows 11 Pro, jak i Windows 10, a tak\u017ce Linux. Niezale\u017cnie od tego, czy stawiasz na stabilno\u015b\u0107 i znajomy interfejs Microsoftu, czy wybierasz otwarto\u015b\u0107 i elastyczno\u015b\u0107 innych system\u00f3w, MiniPC G10 dostarczy Ci niezawodnego wsparcia dla wszystkich kluczowych aplikacji.<\/p>\n<p>\n<img decoding=\"async\" src=\"https:\/\/assets.innpro.pl\/17717\/23490\/2.jpg\" border=\"0\" alt=\"2 monitory i laptop stoj\u0105 na biurku obok klawiatury i Mini PC.\" \/>\n<\/p>\n<h3>Kompaktowy design, wielkie mo\u017cliwo\u015bci<\/h3>\n<p>Z obj\u0119to\u015bci\u0105 zaledwie 0,42\u202flitra i minimalistycznym, eleganckim wyko\u0144czeniem, MiniPC G10 doskonale komponuje si\u0119 na ka\u017cdym biurku, za monitorem czy w podr\u00f3\u017cy. To idealne rozwi\u0105zanie dla profesjonalist\u00f3w, tw\u00f3rc\u00f3w tre\u015bci i mi\u0142o\u015bnik\u00f3w technologii, kt\u00f3rzy ceni\u0105 sobie maksymaln\u0105 wydajno\u015b\u0107 przy minimalnym zaj\u0119ciu przestrzeni. Dzi\u0119ki niemu Twoje stanowisko pracy stanie si\u0119 bardziej uporz\u0105dkowane, a mobilno\u015b\u0107 wzro\u015bnie.<\/p>\n<p>\n<img decoding=\"async\" src=\"https:\/\/assets.innpro.pl\/17717\/23490\/8.jpg\" border=\"0\" alt=\"Mini PC na bia\u0142ym tle.\" \/>\n<\/p>\n<div class=\"table-wrapper\">\n<p>\u00a0<\/p>\n<h3><\/h3>\n<table>\n<tbody>\n<tr>\n<th>Producent<\/th>\n<td>GMK<\/td>\n<\/tr>\n<tr>\n<th>Model<\/th>\n<td>G10<\/td>\n<\/tr>\n<tr>\n<th>Wymiary<\/th>\n<td>103 x 98 x 42 mm<\/td>\n<\/tr>\n<tr>\n<th>Materia\u0142 obudowy<\/th>\n<td>Plastik<\/td>\n<\/tr>\n<tr>\n<th>Waga<\/th>\n<td>284 g<\/td>\n<\/tr>\n<tr>\n<th>Procesor<\/th>\n<td>AMD Ryzen\u2122 5 3500U<\/td>\n<\/tr>\n<tr>\n<th>Maks. taktowanie<\/th>\n<td>3,7 GHz<\/td>\n<\/tr>\n<tr>\n<th>Pob\u00f3r mocy<\/th>\n<td>35 W<\/td>\n<\/tr>\n<tr>\n<th>Pami\u0119\u0107 <\/th>\n<td>DDR4 2400<\/td>\n<\/tr>\n<tr>\n<th>Pojemno\u015b\u0107 pami\u0119ci<\/th>\n<td>16 GB (DDR)<\/td>\n<\/tr>\n<tr>\n<th>EMMC <\/th>\n<td>Nie<\/td>\n<\/tr>\n<tr>\n<th>SSD <\/th>\n<td>M.2 2280 512GBTB\/1TB (fabrycznie), obsluga do 8TB \/ M.2 2280 (rozszerzenie); obs\u0142uga 8TB \/ maks. \u0142\u0105czna obs\u0142ugiwana pojemno\u015b\u0107 8 TB x 2 = 16 TB<\/td>\n<\/tr>\n<tr>\n<th>Obs\u0142uga dysku 2.5&#8243; HDD\/SSD <\/th>\n<td>Nie<\/td>\n<\/tr>\n<tr>\n<th>Czytnik kart TF <\/th>\n<td>Nie<\/td>\n<\/tr>\n<tr>\n<th>Start zegara czasu rzeczywistego <\/th>\n<td>Obs\u0142ugiwany<\/td>\n<\/tr>\n<tr>\n<th>Obs\u0142uga BIOS <\/th>\n<td>Tak<\/td>\n<\/tr>\n<tr>\n<th>TPM <\/th>\n<td>Obs\u0142uga TPM 2.0<\/td>\n<\/tr>\n<tr>\n<th>Wyj\u015bcia wideo <\/th>\n<td>HDMI, DP, Type-C (DP\/DATA\/PD)<\/td>\n<\/tr>\n<tr>\n<th>Wska\u017anik stanu <\/th>\n<td>Dioda statusu zasilania<\/td>\n<\/tr>\n<tr>\n<th>Wi-Fi <\/th>\n<td>Wi-Fi 5<\/td>\n<\/tr>\n<tr>\n<th>Typ interfejsu <\/th>\n<td>PCIe<\/td>\n<\/tr>\n<tr>\n<th>Bluetooth <\/th>\n<td>Bluetooth 5.0<\/td>\n<\/tr>\n<tr>\n<th>Interfejs <\/th>\n<td>Bluetooth, USB 2.0<\/td>\n<\/tr>\n<tr>\n<th>Wbudowane Wi-Fi <\/th>\n<td>Tak (przez PCIe)<\/td>\n<\/tr>\n<tr>\n<th>Wbudowany Bluetooth <\/th>\n<td>Tak (przez USB 2.0)<\/td>\n<\/tr>\n<tr>\n<th>LAN <\/th>\n<td>1 x Giga LAN (2500M \/ 1000M \/ 100M \/ 10M)<\/td>\n<\/tr>\n<tr>\n<th>USB 2.0 <\/th>\n<td>1x USB-A 2.0<\/td>\n<\/tr>\n<tr>\n<th>USB 3.2<\/th>\n<td>2x USB-A 3.2<\/td>\n<\/tr>\n<tr>\n<th>Rozszerzenie pami\u0119ci zewn\u0119trznej <\/th>\n<td>Nie<\/td>\n<\/tr>\n<tr>\n<th>Wyj\u015bcia audio\/wideo <\/th>\n<td>1x HDMI 2.1 <\/td>\n<\/tr>\n<tr>\n<th>Porty Ethernet <\/th>\n<td>1x RJ45<\/td>\n<\/tr>\n<tr>\n<th>Transfer danych <\/th>\n<td>Tak<\/td>\n<\/tr>\n<tr>\n<th>Przyciski <\/th>\n<td>Przycisk zasilania x1<\/td>\n<\/tr>\n<tr>\n<th>DC IN <\/th>\n<td>Tak <\/td>\n<\/tr>\n<tr>\n<th>Wej\u015bcie\/wyj\u015bcie audio <\/th>\n<td>1x gniazdo s\u0142uchawkowe 3,5 mm (wej\u015bcie\/wyj\u015bcie)<\/td>\n<\/tr>\n<tr>\n<th>Anteny <\/th>\n<td>WiFi, Bluetooth<\/td>\n<\/tr>\n<tr>\n<th>System operacyjny <\/th>\n<td>Zainstalowany Windows 11 Pro, obs\u0142uguje Linux<\/td>\n<\/tr>\n<tr>\n<th>Temperatura robocza <\/th>\n<td>od 0\u00b0C do 40\u00b0C<\/td>\n<\/tr>\n<tr>\n<th>Temperatura przechowywania <\/th>\n<td>Nie dotyczy<\/td>\n<\/tr>\n<tr>\n<th>Wilgotno\u015b\u0107 <\/th>\n<td>Nie dotyczy<\/td>\n<\/tr>\n<tr>\n<th>Zasilanie <\/th>\n<td>Type-C  19V\/3.42A  64.98W<\/td>\n<\/tr>\n<tr>\n<th>Zdalne sterowanie IR <\/th>\n<td>Nie<\/td>\n<\/tr>\n<tr>\n<th>VESA <\/th>\n<td>Tak<\/td>\n<\/tr>\n<tr>\n<th>Pasma radiowe <\/th>\n<td>WIFI 2.4G \/ WIFI 5G \/ BT<\/td>\n<\/tr>\n<tr>\n<th>Maks. moc nadawcza<\/th>\n<td>18dBm \/ 17dBm \/ 4dBm<\/td>\n<\/tr>\n<\/tbody>\n<\/table>\n<\/div>\n","protected":false},"excerpt":{"rendered":"<p>MiniPC G10 &#8211; AMD Ryzen 5 3500U -16GB RAM+1TB SSD MiniPC G10 to kompaktowe urz\u0105dzenie, kt\u00f3re w niewielkiej obudowie kryje<\/p>\n","protected":false},"featured_media":49887,"comment_status":"closed","ping_status":"open","template":"","meta":{"_acf_changed":false},"product_brand":[],"product_cat":[5929,6006],"product_tag":[],"class_list":{"0":"post-60830","1":"product","2":"type-product","3":"status-publish","4":"has-post-thumbnail","6":"product_cat-akcesoria-it","7":"product_cat-mini-pc","8":"pa_okres-gwarancji-5754","9":"pa_producent-gmktec","11":"first","12":"outofstock","13":"taxable","14":"shipping-taxable","15":"purchasable","16":"product-type-simple"},"acf":[],"yoast_head":"<!-- This site is optimized with the Yoast SEO plugin v27.2 - https:\/\/yoast.com\/product\/yoast-seo-wordpress\/ -->\n<title>Mini PC GMKtec G10 Ryzen 5 3500U 16GB\/1TB Win11 Pro - IRONSKY.PL Sklep z Dronami<\/title>\n<meta name=\"description\" content=\"Mini PC GMKtec G10 Ryzen 5 3500U 16GB\/1TB Win11 Pro - \u2705 sklep z dronami i fachowym doradztwem. \u2705 Tutaj kupisz produkty DJI, Yuneec, Parrot, Syma i wiele innych, a tak\u017ce kursy i licencje na operatora drona.\" \/>\n<meta name=\"robots\" content=\"index, follow, max-snippet:-1, max-image-preview:large, max-video-preview:-1\" \/>\n<link rel=\"canonical\" href=\"https:\/\/ironsky.pl\/sklep\/produkt\/mini-pc-gmktec-g10-ryzen-5-3500u-16gb-1tb-win11-pro\/\" \/>\n<meta property=\"og:locale\" content=\"pl_PL\" \/>\n<meta property=\"og:type\" content=\"article\" \/>\n<meta property=\"og:title\" content=\"Mini PC GMKtec G10 Ryzen 5 3500U 16GB\/1TB Win11 Pro - IRONSKY.PL Sklep z Dronami\" \/>\n<meta property=\"og:description\" content=\"Mini PC GMKtec G10 Ryzen 5 3500U 16GB\/1TB Win11 Pro - \u2705 sklep z dronami i fachowym doradztwem. \u2705 Tutaj kupisz produkty DJI, Yuneec, Parrot, Syma i wiele innych, a tak\u017ce kursy i licencje na operatora drona.\" \/>\n<meta property=\"og:url\" content=\"https:\/\/ironsky.pl\/sklep\/produkt\/mini-pc-gmktec-g10-ryzen-5-3500u-16gb-1tb-win11-pro\/\" \/>\n<meta property=\"og:site_name\" content=\"IRONSKY.PL Sklep z Dronami\" \/>\n<meta property=\"article:modified_time\" content=\"2026-04-15T09:08:56+00:00\" \/>\n<meta property=\"og:image\" content=\"https:\/\/ironsky.pl\/sklep\/wp-content\/uploads\/2025\/10\/54449_1.jpg\" \/>\n\t<meta property=\"og:image:width\" content=\"800\" \/>\n\t<meta property=\"og:image:height\" content=\"800\" \/>\n\t<meta property=\"og:image:type\" content=\"image\/jpeg\" \/>\n<meta name=\"twitter:card\" content=\"summary_large_image\" \/>\n<meta name=\"twitter:label1\" content=\"Szacowany czas czytania\" \/>\n\t<meta name=\"twitter:data1\" content=\"5 minut\" \/>\n<script type=\"application\/ld+json\" class=\"yoast-schema-graph\">{\"@context\":\"https:\/\/schema.org\",\"@graph\":[{\"@type\":\"WebPage\",\"@id\":\"https:\/\/ironsky.pl\/sklep\/produkt\/mini-pc-gmktec-g10-ryzen-5-3500u-16gb-1tb-win11-pro\/\",\"url\":\"https:\/\/ironsky.pl\/sklep\/produkt\/mini-pc-gmktec-g10-ryzen-5-3500u-16gb-1tb-win11-pro\/\",\"name\":\"Mini PC GMKtec G10 Ryzen 5 3500U 16GB\/1TB Win11 Pro - IRONSKY.PL Sklep z Dronami\",\"isPartOf\":{\"@id\":\"https:\/\/ironsky.pl\/sklep\/#website\"},\"primaryImageOfPage\":{\"@id\":\"https:\/\/ironsky.pl\/sklep\/produkt\/mini-pc-gmktec-g10-ryzen-5-3500u-16gb-1tb-win11-pro\/#primaryimage\"},\"image\":{\"@id\":\"https:\/\/ironsky.pl\/sklep\/produkt\/mini-pc-gmktec-g10-ryzen-5-3500u-16gb-1tb-win11-pro\/#primaryimage\"},\"thumbnailUrl\":\"https:\/\/ironsky.pl\/sklep\/wp-content\/uploads\/2025\/10\/54449_1.jpg\",\"datePublished\":\"2026-04-15T09:08:54+00:00\",\"dateModified\":\"2026-04-15T09:08:56+00:00\",\"description\":\"Mini PC GMKtec G10 Ryzen 5 3500U 16GB\/1TB Win11 Pro - \u2705 sklep z dronami i fachowym doradztwem. \u2705 Tutaj kupisz produkty DJI, Yuneec, Parrot, Syma i wiele innych, a tak\u017ce kursy i licencje na operatora drona.\",\"breadcrumb\":{\"@id\":\"https:\/\/ironsky.pl\/sklep\/produkt\/mini-pc-gmktec-g10-ryzen-5-3500u-16gb-1tb-win11-pro\/#breadcrumb\"},\"inLanguage\":\"pl-PL\",\"potentialAction\":[{\"@type\":\"ReadAction\",\"target\":[\"https:\/\/ironsky.pl\/sklep\/produkt\/mini-pc-gmktec-g10-ryzen-5-3500u-16gb-1tb-win11-pro\/\"]}]},{\"@type\":\"ImageObject\",\"inLanguage\":\"pl-PL\",\"@id\":\"https:\/\/ironsky.pl\/sklep\/produkt\/mini-pc-gmktec-g10-ryzen-5-3500u-16gb-1tb-win11-pro\/#primaryimage\",\"url\":\"https:\/\/ironsky.pl\/sklep\/wp-content\/uploads\/2025\/10\/54449_1.jpg\",\"contentUrl\":\"https:\/\/ironsky.pl\/sklep\/wp-content\/uploads\/2025\/10\/54449_1.jpg\",\"width\":800,\"height\":800},{\"@type\":\"BreadcrumbList\",\"@id\":\"https:\/\/ironsky.pl\/sklep\/produkt\/mini-pc-gmktec-g10-ryzen-5-3500u-16gb-1tb-win11-pro\/#breadcrumb\",\"itemListElement\":[{\"@type\":\"ListItem\",\"position\":1,\"name\":\"Strona g\u0142\u00f3wna\",\"item\":\"https:\/\/ironsky.pl\/sklep\/\"},{\"@type\":\"ListItem\",\"position\":2,\"name\":\"Wszystkie produkty\",\"item\":\"https:\/\/ironsky.pl\/sklep\/produkty\/\"},{\"@type\":\"ListItem\",\"position\":3,\"name\":\"Mini PC GMKtec G10 Ryzen 5 3500U 16GB\/1TB Win11 Pro\"}]},{\"@type\":\"WebSite\",\"@id\":\"https:\/\/ironsky.pl\/sklep\/#website\",\"url\":\"https:\/\/ironsky.pl\/sklep\/\",\"name\":\"IRONSKY.PL Sklep z Dronami\",\"description\":\"IRONSKY.PL Sklep z Dronami\",\"potentialAction\":[{\"@type\":\"SearchAction\",\"target\":{\"@type\":\"EntryPoint\",\"urlTemplate\":\"https:\/\/ironsky.pl\/sklep\/?s={search_term_string}\"},\"query-input\":{\"@type\":\"PropertyValueSpecification\",\"valueRequired\":true,\"valueName\":\"search_term_string\"}}],\"inLanguage\":\"pl-PL\"}]}<\/script>\n<!-- \/ Yoast SEO plugin. -->","yoast_head_json":{"title":"Mini PC GMKtec G10 Ryzen 5 3500U 16GB\/1TB Win11 Pro - IRONSKY.PL Sklep z Dronami","description":"Mini PC GMKtec G10 Ryzen 5 3500U 16GB\/1TB Win11 Pro - \u2705 sklep z dronami i fachowym doradztwem. \u2705 Tutaj kupisz produkty DJI, Yuneec, Parrot, Syma i wiele innych, a tak\u017ce kursy i licencje na operatora drona.","robots":{"index":"index","follow":"follow","max-snippet":"max-snippet:-1","max-image-preview":"max-image-preview:large","max-video-preview":"max-video-preview:-1"},"canonical":"https:\/\/ironsky.pl\/sklep\/produkt\/mini-pc-gmktec-g10-ryzen-5-3500u-16gb-1tb-win11-pro\/","og_locale":"pl_PL","og_type":"article","og_title":"Mini PC GMKtec G10 Ryzen 5 3500U 16GB\/1TB Win11 Pro - IRONSKY.PL Sklep z Dronami","og_description":"Mini PC GMKtec G10 Ryzen 5 3500U 16GB\/1TB Win11 Pro - \u2705 sklep z dronami i fachowym doradztwem. \u2705 Tutaj kupisz produkty DJI, Yuneec, Parrot, Syma i wiele innych, a tak\u017ce kursy i licencje na operatora drona.","og_url":"https:\/\/ironsky.pl\/sklep\/produkt\/mini-pc-gmktec-g10-ryzen-5-3500u-16gb-1tb-win11-pro\/","og_site_name":"IRONSKY.PL Sklep z Dronami","article_modified_time":"2026-04-15T09:08:56+00:00","og_image":[{"width":800,"height":800,"url":"https:\/\/ironsky.pl\/sklep\/wp-content\/uploads\/2025\/10\/54449_1.jpg","type":"image\/jpeg"}],"twitter_card":"summary_large_image","twitter_misc":{"Szacowany czas czytania":"5 minut"},"schema":{"@context":"https:\/\/schema.org","@graph":[{"@type":"WebPage","@id":"https:\/\/ironsky.pl\/sklep\/produkt\/mini-pc-gmktec-g10-ryzen-5-3500u-16gb-1tb-win11-pro\/","url":"https:\/\/ironsky.pl\/sklep\/produkt\/mini-pc-gmktec-g10-ryzen-5-3500u-16gb-1tb-win11-pro\/","name":"Mini PC GMKtec G10 Ryzen 5 3500U 16GB\/1TB Win11 Pro - IRONSKY.PL Sklep z Dronami","isPartOf":{"@id":"https:\/\/ironsky.pl\/sklep\/#website"},"primaryImageOfPage":{"@id":"https:\/\/ironsky.pl\/sklep\/produkt\/mini-pc-gmktec-g10-ryzen-5-3500u-16gb-1tb-win11-pro\/#primaryimage"},"image":{"@id":"https:\/\/ironsky.pl\/sklep\/produkt\/mini-pc-gmktec-g10-ryzen-5-3500u-16gb-1tb-win11-pro\/#primaryimage"},"thumbnailUrl":"https:\/\/ironsky.pl\/sklep\/wp-content\/uploads\/2025\/10\/54449_1.jpg","datePublished":"2026-04-15T09:08:54+00:00","dateModified":"2026-04-15T09:08:56+00:00","description":"Mini PC GMKtec G10 Ryzen 5 3500U 16GB\/1TB Win11 Pro - \u2705 sklep z dronami i fachowym doradztwem. \u2705 Tutaj kupisz produkty DJI, Yuneec, Parrot, Syma i wiele innych, a tak\u017ce kursy i licencje na operatora drona.","breadcrumb":{"@id":"https:\/\/ironsky.pl\/sklep\/produkt\/mini-pc-gmktec-g10-ryzen-5-3500u-16gb-1tb-win11-pro\/#breadcrumb"},"inLanguage":"pl-PL","potentialAction":[{"@type":"ReadAction","target":["https:\/\/ironsky.pl\/sklep\/produkt\/mini-pc-gmktec-g10-ryzen-5-3500u-16gb-1tb-win11-pro\/"]}]},{"@type":"ImageObject","inLanguage":"pl-PL","@id":"https:\/\/ironsky.pl\/sklep\/produkt\/mini-pc-gmktec-g10-ryzen-5-3500u-16gb-1tb-win11-pro\/#primaryimage","url":"https:\/\/ironsky.pl\/sklep\/wp-content\/uploads\/2025\/10\/54449_1.jpg","contentUrl":"https:\/\/ironsky.pl\/sklep\/wp-content\/uploads\/2025\/10\/54449_1.jpg","width":800,"height":800},{"@type":"BreadcrumbList","@id":"https:\/\/ironsky.pl\/sklep\/produkt\/mini-pc-gmktec-g10-ryzen-5-3500u-16gb-1tb-win11-pro\/#breadcrumb","itemListElement":[{"@type":"ListItem","position":1,"name":"Strona g\u0142\u00f3wna","item":"https:\/\/ironsky.pl\/sklep\/"},{"@type":"ListItem","position":2,"name":"Wszystkie produkty","item":"https:\/\/ironsky.pl\/sklep\/produkty\/"},{"@type":"ListItem","position":3,"name":"Mini PC GMKtec G10 Ryzen 5 3500U 16GB\/1TB Win11 Pro"}]},{"@type":"WebSite","@id":"https:\/\/ironsky.pl\/sklep\/#website","url":"https:\/\/ironsky.pl\/sklep\/","name":"IRONSKY.PL Sklep z Dronami","description":"IRONSKY.PL Sklep z Dronami","potentialAction":[{"@type":"SearchAction","target":{"@type":"EntryPoint","urlTemplate":"https:\/\/ironsky.pl\/sklep\/?s={search_term_string}"},"query-input":{"@type":"PropertyValueSpecification","valueRequired":true,"valueName":"search_term_string"}}],"inLanguage":"pl-PL"}]}},"_links":{"self":[{"href":"https:\/\/ironsky.pl\/sklep\/wp-json\/wp\/v2\/product\/60830","targetHints":{"allow":["GET"]}}],"collection":[{"href":"https:\/\/ironsky.pl\/sklep\/wp-json\/wp\/v2\/product"}],"about":[{"href":"https:\/\/ironsky.pl\/sklep\/wp-json\/wp\/v2\/types\/product"}],"replies":[{"embeddable":true,"href":"https:\/\/ironsky.pl\/sklep\/wp-json\/wp\/v2\/comments?post=60830"}],"wp:featuredmedia":[{"embeddable":true,"href":"https:\/\/ironsky.pl\/sklep\/wp-json\/wp\/v2\/media\/49887"}],"wp:attachment":[{"href":"https:\/\/ironsky.pl\/sklep\/wp-json\/wp\/v2\/media?parent=60830"}],"wp:term":[{"taxonomy":"product_brand","embeddable":true,"href":"https:\/\/ironsky.pl\/sklep\/wp-json\/wp\/v2\/product_brand?post=60830"},{"taxonomy":"product_cat","embeddable":true,"href":"https:\/\/ironsky.pl\/sklep\/wp-json\/wp\/v2\/product_cat?post=60830"},{"taxonomy":"product_tag","embeddable":true,"href":"https:\/\/ironsky.pl\/sklep\/wp-json\/wp\/v2\/product_tag?post=60830"}],"curies":[{"name":"wp","href":"https:\/\/api.w.org\/{rel}","templated":true}]}}