{"id":60827,"date":"2026-04-15T11:08:39","date_gmt":"2026-04-15T09:08:39","guid":{"rendered":"https:\/\/ironsky.pl\/sklep\/produkt\/para-smigiel-ccw-agras-t25-2\/"},"modified":"2026-04-15T11:08:53","modified_gmt":"2026-04-15T09:08:53","slug":"para-smigiel-ccw-agras-t25-2","status":"publish","type":"product","link":"https:\/\/ironsky.pl\/sklep\/produkt\/para-smigiel-ccw-agras-t25-2\/","title":{"rendered":"Para \u015bmigie\u0142 CCW Agras T25"},"content":{"rendered":"<h3><span>Para \u015bmigie\u0142 CCW Agras T25<\/span><\/h3>\n<p><span>\u015amig\u0142a zosta\u0142y wykonane z filamentu z nylonu i w\u0142\u00f3kna w\u0119glowego, co zapewnia im wyj\u0105tkow\u0105 trwa\u0142o\u015b\u0107 i nisk\u0105 wag\u0119. Ten zaawansowany materia\u0142 zwi\u0119ksza odporno\u015b\u0107 \u015bmig\u0142a na uszkodzenia i poprawia jego efektywno\u015b\u0107 aerodynamiczn\u0105, minimalizuj\u0105c op\u00f3r powietrza. Dzi\u0119ki temu dron mo\u017ce efektywnie przenosi\u0107 ci\u0119\u017ckie \u0142adunki i wykonywa\u0107 precyzyjne manewry, co jest kluczowe dla jego wydajno\u015bci w profesjonalnych zastosowaniach rolniczych.<\/p>\n<p><strong>UWAGA &#8211; pe\u0142en komplet sk\u0142ada si\u0119 z 8\u00a0\u015bmigie\u0142:<br \/>&#8211; 4 \u015bmig\u0142a CCW<\/strong><br \/><strong>&#8211; 4 \u015bmig\u0142a CW<\/strong><\/span><\/p>\n","protected":false},"excerpt":{"rendered":"<p>Para \u015bmigie\u0142 CCW Agras T25 \u015amig\u0142a zosta\u0142y wykonane z filamentu z nylonu i w\u0142\u00f3kna w\u0119glowego, co zapewnia im wyj\u0105tkow\u0105 trwa\u0142o\u015b\u0107<\/p>\n","protected":false},"featured_media":49879,"comment_status":"closed","ping_status":"open","template":"","meta":{"_acf_changed":false},"product_brand":[],"product_cat":[6169,1088,1105],"product_tag":[],"class_list":{"0":"post-60827","1":"product","2":"type-product","3":"status-publish","4":"has-post-thumbnail","6":"product_cat-akcesoria-i-czesci","7":"product_cat-drony","8":"product_cat-przemyslowe","9":"pa_producent-dji-agriculture","11":"first","12":"outofstock","13":"taxable","14":"shipping-taxable","15":"purchasable","16":"product-type-simple"},"acf":[],"yoast_head":"<!-- This site is optimized with the Yoast SEO plugin v27.2 - https:\/\/yoast.com\/product\/yoast-seo-wordpress\/ -->\n<title>Para \u015bmigie\u0142 CCW Agras T25 - IRONSKY.PL Sklep z Dronami<\/title>\n<meta name=\"description\" content=\"Para \u015bmigie\u0142 CCW Agras T25 - \u2705 sklep z dronami i fachowym doradztwem. \u2705 Tutaj kupisz produkty DJI, Yuneec, Parrot, Syma i wiele innych, a tak\u017ce kursy i licencje na operatora drona.\" \/>\n<meta name=\"robots\" content=\"index, follow, max-snippet:-1, max-image-preview:large, max-video-preview:-1\" \/>\n<link rel=\"canonical\" href=\"https:\/\/ironsky.pl\/sklep\/produkt\/para-smigiel-ccw-agras-t25-2\/\" \/>\n<meta property=\"og:locale\" content=\"pl_PL\" \/>\n<meta property=\"og:type\" content=\"article\" \/>\n<meta property=\"og:title\" content=\"Para \u015bmigie\u0142 CCW Agras T25 - IRONSKY.PL Sklep z Dronami\" \/>\n<meta property=\"og:description\" content=\"Para \u015bmigie\u0142 CCW Agras T25 - \u2705 sklep z dronami i fachowym doradztwem. \u2705 Tutaj kupisz produkty DJI, Yuneec, Parrot, Syma i wiele innych, a tak\u017ce kursy i licencje na operatora drona.\" \/>\n<meta property=\"og:url\" content=\"https:\/\/ironsky.pl\/sklep\/produkt\/para-smigiel-ccw-agras-t25-2\/\" \/>\n<meta property=\"og:site_name\" content=\"IRONSKY.PL Sklep z Dronami\" \/>\n<meta property=\"article:modified_time\" content=\"2026-04-15T09:08:53+00:00\" \/>\n<meta property=\"og:image\" content=\"https:\/\/ironsky.pl\/sklep\/wp-content\/uploads\/2025\/10\/54427_1.png\" \/>\n\t<meta property=\"og:image:width\" content=\"1080\" \/>\n\t<meta property=\"og:image:height\" content=\"1080\" \/>\n\t<meta property=\"og:image:type\" content=\"image\/png\" \/>\n<meta name=\"twitter:card\" content=\"summary_large_image\" \/>\n<script type=\"application\/ld+json\" class=\"yoast-schema-graph\">{\"@context\":\"https:\/\/schema.org\",\"@graph\":[{\"@type\":\"WebPage\",\"@id\":\"https:\/\/ironsky.pl\/sklep\/produkt\/para-smigiel-ccw-agras-t25-2\/\",\"url\":\"https:\/\/ironsky.pl\/sklep\/produkt\/para-smigiel-ccw-agras-t25-2\/\",\"name\":\"Para \u015bmigie\u0142 CCW Agras T25 - IRONSKY.PL Sklep z Dronami\",\"isPartOf\":{\"@id\":\"https:\/\/ironsky.pl\/sklep\/#website\"},\"primaryImageOfPage\":{\"@id\":\"https:\/\/ironsky.pl\/sklep\/produkt\/para-smigiel-ccw-agras-t25-2\/#primaryimage\"},\"image\":{\"@id\":\"https:\/\/ironsky.pl\/sklep\/produkt\/para-smigiel-ccw-agras-t25-2\/#primaryimage\"},\"thumbnailUrl\":\"https:\/\/ironsky.pl\/sklep\/wp-content\/uploads\/2025\/10\/54427_1.png\",\"datePublished\":\"2026-04-15T09:08:39+00:00\",\"dateModified\":\"2026-04-15T09:08:53+00:00\",\"description\":\"Para \u015bmigie\u0142 CCW Agras T25 - \u2705 sklep z dronami i fachowym doradztwem. \u2705 Tutaj kupisz produkty DJI, Yuneec, Parrot, Syma i wiele innych, a tak\u017ce kursy i licencje na operatora drona.\",\"breadcrumb\":{\"@id\":\"https:\/\/ironsky.pl\/sklep\/produkt\/para-smigiel-ccw-agras-t25-2\/#breadcrumb\"},\"inLanguage\":\"pl-PL\",\"potentialAction\":[{\"@type\":\"ReadAction\",\"target\":[\"https:\/\/ironsky.pl\/sklep\/produkt\/para-smigiel-ccw-agras-t25-2\/\"]}]},{\"@type\":\"ImageObject\",\"inLanguage\":\"pl-PL\",\"@id\":\"https:\/\/ironsky.pl\/sklep\/produkt\/para-smigiel-ccw-agras-t25-2\/#primaryimage\",\"url\":\"https:\/\/ironsky.pl\/sklep\/wp-content\/uploads\/2025\/10\/54427_1.png\",\"contentUrl\":\"https:\/\/ironsky.pl\/sklep\/wp-content\/uploads\/2025\/10\/54427_1.png\",\"width\":1080,\"height\":1080},{\"@type\":\"BreadcrumbList\",\"@id\":\"https:\/\/ironsky.pl\/sklep\/produkt\/para-smigiel-ccw-agras-t25-2\/#breadcrumb\",\"itemListElement\":[{\"@type\":\"ListItem\",\"position\":1,\"name\":\"Strona g\u0142\u00f3wna\",\"item\":\"https:\/\/ironsky.pl\/sklep\/\"},{\"@type\":\"ListItem\",\"position\":2,\"name\":\"Wszystkie produkty\",\"item\":\"https:\/\/ironsky.pl\/sklep\/produkty\/\"},{\"@type\":\"ListItem\",\"position\":3,\"name\":\"Para \u015bmigie\u0142 CCW Agras T25\"}]},{\"@type\":\"WebSite\",\"@id\":\"https:\/\/ironsky.pl\/sklep\/#website\",\"url\":\"https:\/\/ironsky.pl\/sklep\/\",\"name\":\"IRONSKY.PL Sklep z Dronami\",\"description\":\"IRONSKY.PL Sklep z Dronami\",\"potentialAction\":[{\"@type\":\"SearchAction\",\"target\":{\"@type\":\"EntryPoint\",\"urlTemplate\":\"https:\/\/ironsky.pl\/sklep\/?s={search_term_string}\"},\"query-input\":{\"@type\":\"PropertyValueSpecification\",\"valueRequired\":true,\"valueName\":\"search_term_string\"}}],\"inLanguage\":\"pl-PL\"}]}<\/script>\n<!-- \/ Yoast SEO plugin. -->","yoast_head_json":{"title":"Para \u015bmigie\u0142 CCW Agras T25 - IRONSKY.PL Sklep z Dronami","description":"Para \u015bmigie\u0142 CCW Agras T25 - \u2705 sklep z dronami i fachowym doradztwem. \u2705 Tutaj kupisz produkty DJI, Yuneec, Parrot, Syma i wiele innych, a tak\u017ce kursy i licencje na operatora drona.","robots":{"index":"index","follow":"follow","max-snippet":"max-snippet:-1","max-image-preview":"max-image-preview:large","max-video-preview":"max-video-preview:-1"},"canonical":"https:\/\/ironsky.pl\/sklep\/produkt\/para-smigiel-ccw-agras-t25-2\/","og_locale":"pl_PL","og_type":"article","og_title":"Para \u015bmigie\u0142 CCW Agras T25 - IRONSKY.PL Sklep z Dronami","og_description":"Para \u015bmigie\u0142 CCW Agras T25 - \u2705 sklep z dronami i fachowym doradztwem. \u2705 Tutaj kupisz produkty DJI, Yuneec, Parrot, Syma i wiele innych, a tak\u017ce kursy i licencje na operatora drona.","og_url":"https:\/\/ironsky.pl\/sklep\/produkt\/para-smigiel-ccw-agras-t25-2\/","og_site_name":"IRONSKY.PL Sklep z Dronami","article_modified_time":"2026-04-15T09:08:53+00:00","og_image":[{"width":1080,"height":1080,"url":"https:\/\/ironsky.pl\/sklep\/wp-content\/uploads\/2025\/10\/54427_1.png","type":"image\/png"}],"twitter_card":"summary_large_image","schema":{"@context":"https:\/\/schema.org","@graph":[{"@type":"WebPage","@id":"https:\/\/ironsky.pl\/sklep\/produkt\/para-smigiel-ccw-agras-t25-2\/","url":"https:\/\/ironsky.pl\/sklep\/produkt\/para-smigiel-ccw-agras-t25-2\/","name":"Para \u015bmigie\u0142 CCW Agras T25 - IRONSKY.PL Sklep z Dronami","isPartOf":{"@id":"https:\/\/ironsky.pl\/sklep\/#website"},"primaryImageOfPage":{"@id":"https:\/\/ironsky.pl\/sklep\/produkt\/para-smigiel-ccw-agras-t25-2\/#primaryimage"},"image":{"@id":"https:\/\/ironsky.pl\/sklep\/produkt\/para-smigiel-ccw-agras-t25-2\/#primaryimage"},"thumbnailUrl":"https:\/\/ironsky.pl\/sklep\/wp-content\/uploads\/2025\/10\/54427_1.png","datePublished":"2026-04-15T09:08:39+00:00","dateModified":"2026-04-15T09:08:53+00:00","description":"Para \u015bmigie\u0142 CCW Agras T25 - \u2705 sklep z dronami i fachowym doradztwem. \u2705 Tutaj kupisz produkty DJI, Yuneec, Parrot, Syma i wiele innych, a tak\u017ce kursy i licencje na operatora drona.","breadcrumb":{"@id":"https:\/\/ironsky.pl\/sklep\/produkt\/para-smigiel-ccw-agras-t25-2\/#breadcrumb"},"inLanguage":"pl-PL","potentialAction":[{"@type":"ReadAction","target":["https:\/\/ironsky.pl\/sklep\/produkt\/para-smigiel-ccw-agras-t25-2\/"]}]},{"@type":"ImageObject","inLanguage":"pl-PL","@id":"https:\/\/ironsky.pl\/sklep\/produkt\/para-smigiel-ccw-agras-t25-2\/#primaryimage","url":"https:\/\/ironsky.pl\/sklep\/wp-content\/uploads\/2025\/10\/54427_1.png","contentUrl":"https:\/\/ironsky.pl\/sklep\/wp-content\/uploads\/2025\/10\/54427_1.png","width":1080,"height":1080},{"@type":"BreadcrumbList","@id":"https:\/\/ironsky.pl\/sklep\/produkt\/para-smigiel-ccw-agras-t25-2\/#breadcrumb","itemListElement":[{"@type":"ListItem","position":1,"name":"Strona g\u0142\u00f3wna","item":"https:\/\/ironsky.pl\/sklep\/"},{"@type":"ListItem","position":2,"name":"Wszystkie produkty","item":"https:\/\/ironsky.pl\/sklep\/produkty\/"},{"@type":"ListItem","position":3,"name":"Para \u015bmigie\u0142 CCW Agras T25"}]},{"@type":"WebSite","@id":"https:\/\/ironsky.pl\/sklep\/#website","url":"https:\/\/ironsky.pl\/sklep\/","name":"IRONSKY.PL Sklep z Dronami","description":"IRONSKY.PL Sklep z Dronami","potentialAction":[{"@type":"SearchAction","target":{"@type":"EntryPoint","urlTemplate":"https:\/\/ironsky.pl\/sklep\/?s={search_term_string}"},"query-input":{"@type":"PropertyValueSpecification","valueRequired":true,"valueName":"search_term_string"}}],"inLanguage":"pl-PL"}]}},"_links":{"self":[{"href":"https:\/\/ironsky.pl\/sklep\/wp-json\/wp\/v2\/product\/60827","targetHints":{"allow":["GET"]}}],"collection":[{"href":"https:\/\/ironsky.pl\/sklep\/wp-json\/wp\/v2\/product"}],"about":[{"href":"https:\/\/ironsky.pl\/sklep\/wp-json\/wp\/v2\/types\/product"}],"replies":[{"embeddable":true,"href":"https:\/\/ironsky.pl\/sklep\/wp-json\/wp\/v2\/comments?post=60827"}],"wp:featuredmedia":[{"embeddable":true,"href":"https:\/\/ironsky.pl\/sklep\/wp-json\/wp\/v2\/media\/49879"}],"wp:attachment":[{"href":"https:\/\/ironsky.pl\/sklep\/wp-json\/wp\/v2\/media?parent=60827"}],"wp:term":[{"taxonomy":"product_brand","embeddable":true,"href":"https:\/\/ironsky.pl\/sklep\/wp-json\/wp\/v2\/product_brand?post=60827"},{"taxonomy":"product_cat","embeddable":true,"href":"https:\/\/ironsky.pl\/sklep\/wp-json\/wp\/v2\/product_cat?post=60827"},{"taxonomy":"product_tag","embeddable":true,"href":"https:\/\/ironsky.pl\/sklep\/wp-json\/wp\/v2\/product_tag?post=60827"}],"curies":[{"name":"wp","href":"https:\/\/api.w.org\/{rel}","templated":true}]}}