{"id":60826,"date":"2026-04-15T11:08:39","date_gmt":"2026-04-15T09:08:39","guid":{"rendered":"https:\/\/ironsky.pl\/sklep\/produkt\/myjka-i-utwardzarka-wydrukow-elegoo-mercury-plus-3-0-2\/"},"modified":"2026-04-15T11:08:51","modified_gmt":"2026-04-15T09:08:51","slug":"myjka-i-utwardzarka-wydrukow-elegoo-mercury-plus-3-0-2","status":"publish","type":"product","link":"https:\/\/ironsky.pl\/sklep\/produkt\/myjka-i-utwardzarka-wydrukow-elegoo-mercury-plus-3-0-2\/","title":{"rendered":"Myjka i utwardzarka wydruk\u00f3w ELEGOO Mercury Plus 3.0"},"content":{"rendered":"<h3>Urz\u0105dzenie do mycia i suszenia wydruk\u00f3w ELEGOO Mercury Plus 3.0<\/h3>\n<p>ELEGOO Mercury Plus 3.0 to praktyczne urz\u0105dzenie 2 w 1, kt\u00f3re \u0142\u0105czy funkcje mycia i utwardzania modeli \u017cywicznych. Dzi\u0119ki zintegrowanej konstrukcji pojemnik do mycia mo\u017cna przechowywa\u0107 bezpo\u015brednio w module utwardzania, co pozwala zaoszcz\u0119dzi\u0107 miejsce i u\u0142atwia organizacj\u0119 przestrzeni roboczej. Ca\u0142y proces przebiega teraz szybciej i wygodniej ni\u017c kiedykolwiek wcze\u015bniej!<\/p>\n<p>\n<img decoding=\"async\" src=\"https:\/\/assets.innpro.pl\/17678\/23434\/2.jpg\" border=\"0\" alt=\"urz\u0105dzenie do mycia i suszenia wydruk\u00f3w na stole obok modelu 3D\" \/>\n<\/p>\n<h3>Prosta obs\u0142uga<\/h3>\n<p>Intuicyjny panel dotykowy z cyfrowym wy\u015bwietlaczem pozwala na b\u0142yskawiczne rozpocz\u0119cie pracy. Za jego pomoc\u0105 mo\u017cesz na przyk\u0142ad szybko wybra\u0107 tryb, ustawi\u0107 czas i uruchomi\u0107 lub zatrzyma\u0107 po\u017c\u0105dany proces.<\/p>\n<p>\n<img decoding=\"async\" src=\"https:\/\/assets.innpro.pl\/17678\/23434\/8.jpg\" border=\"0\" alt=\"obs\u0142uga panelu dotykowego urz\u0105dzenia do mycia i suszenia wydruk\u00f3w\" \/>\n<\/p>\n<h3>Wi\u0119ksza pojemno\u015b\u0107, wi\u0119ksze mo\u017cliwo\u015bci<\/h3>\n<p>Nowy model oferuje zauwa\u017calnie wi\u0119ksz\u0105 przestrze\u0144 robocz\u0105 ni\u017c poprzednia generacja. Obj\u0119to\u015b\u0107 pojemnika na IPA (Isopropyl Alcohol, alkohol izopropylowy) wzros\u0142a z 3,5 l do a\u017c 7,5 l i pozwala my\u0107 wydruki o maksymalnych wymiarach 214 \u00d7 135 \u00d7 180 mm (z platform\u0105) lub 230 \u00d7 135 \u00d7 260 mm (bez platformy). Ponadto obszar do utwardzania zwi\u0119kszy\u0142 si\u0119 o oko\u0142o 460%, co umo\u017cliwia obr\u00f3bk\u0119 wi\u0119kszych modeli lub kilku wydruk\u00f3w jednocze\u015bnie.<\/p>\n<p>\n<img decoding=\"async\" src=\"https:\/\/assets.innpro.pl\/17678\/23434\/3.jpg\" border=\"0\" alt=\"utwardzanie modelu 3D w urz\u0105dzeniu\" \/>\n<\/p>\n<h3>Elastyczne tryby pracy<\/h3>\n<p>Urz\u0105dzenie pozwala my\u0107 modele na dwa sposoby \u2013 w pozycji zawieszonej (214 \u00d7 135 \u00d7 180 mm) lub w odpornym na korozj\u0119 koszyku (230 \u00d7 135 \u00d7 260 mm). Dzi\u0119ki temu mo\u017cesz dopasowa\u0107 metod\u0119 czyszczenia do wielko\u015bci i kszta\u0142tu wydruk\u00f3w, minimalizuj\u0105c ryzyko uszkodzenia delikatnych element\u00f3w.<\/p>\n<p>\n<img decoding=\"async\" src=\"https:\/\/assets.innpro.pl\/17678\/23434\/1.jpg\" border=\"0\" alt=\"urz\u0105dzenie do mycia i suszenia wydruk\u00f3w 3D z akcesoriami\" \/>\n<\/p>\n<h3>Szybkie i dok\u0142adne czyszczenie<\/h3>\n<p>\u0141o\u017cyska typu POM (Polyoxymethylene, poliacetal) zapewniaj\u0105 p\u0142ynne obroty turbiny, co przyspiesza mieszanie wody i zwi\u0119ksza skuteczno\u015b\u0107 czyszczenia. Dodatkowo produkt zosta\u0142 wyposa\u017cony w specjaln\u0105 uszczelk\u0119, nie musisz wi\u0119c obawia\u0107 si\u0119 przeciek\u00f3w.<\/p>\n<p>\n<img decoding=\"async\" src=\"https:\/\/assets.innpro.pl\/17678\/23434\/7.jpg\" border=\"0\" alt=\"wydruk 3D utwardzany w urz\u0105dzeniu z pomara\u0144czow\u0105 pokryw\u0105\" \/>\n<\/p>\n<h3>Skuteczne utwardzanie 360\u00b0<\/h3>\n<p>Obrotowy st\u00f3\u0142 r\u00f3wnomiernie eksponuje ca\u0142\u0105 powierzchni\u0119 wydruku na promieniowanie UV (ultrafioletowe), a dolne \u015bwiat\u0142o odbijaj\u0105ce dodatkowo wzmacnia ten efekt. Zastosowana soczewka Fresnela rozprasza promienie w spos\u00f3b r\u00f3wnomierny, co przek\u0142ada si\u0119 na lepsze utwardzanie skomplikowanych detali. Produkt oferuje tak\u017ce specjaln\u0105 \u017c\u00f3\u0142t\u0105 pokryw\u0119, kt\u00f3ra zatrzymuje promieniowanie ultrafioletowe ze skuteczno\u015bci\u0105 do 99,9%, co przek\u0142ada si\u0119 na wi\u0119ksze bezpiecze\u0144stwo u\u017cytkowania.<\/p>\n<p>\n<img decoding=\"async\" src=\"https:\/\/assets.innpro.pl\/17678\/23434\/6.jpg\" border=\"0\" alt=\"diody UV utwardzaj\u0105ce wydruk 3D\" \/>\n<\/p>\n<h3>Efekty, kt\u00f3re wida\u0107 go\u0142ym okiem<\/h3>\n<p>Po myciu i utwardzaniu modele przestaj\u0105 by\u0107 lepkie i szorstkie \u2014 powierzchnia staje si\u0119 g\u0142adka, czysta i wyra\u017anie bardziej szczeg\u00f3\u0142owa. To nie tylko kwestia estetyki, ale te\u017c wi\u0119kszej trwa\u0142o\u015bci i gotowo\u015bci do dalszej obr\u00f3bki, na przyk\u0142ad malowania.<\/p>\n<p>\n<img decoding=\"async\" src=\"https:\/\/assets.innpro.pl\/17678\/23434\/5.jpg\" border=\"0\" alt=\"dwa wydruki 3D \u2013 przed i po utwardzeniu\" \/>\n<\/p>\n<h3>Kompatybilno\u015b\u0107 bez granic<\/h3>\n<p>ELEGOO Mercury Plus 3.0 wsp\u00f3\u0142pracuje z wi\u0119kszo\u015bci\u0105 popularnych drukarek 3D typu LCD (Liquid Crystal Display, wy\u015bwietlacz ciek\u0142okrystaliczny), DLP (Digital Light Processing, cyfrowe przetwarzanie \u015bwiat\u0142a) i MSLA (Masked Stereolithography, maskowana stereolitografia). To uniwersalne rozwi\u0105zanie, kt\u00f3re sprawdzi si\u0119 niezale\u017cnie od marki i technologii Twojego sprz\u0119tu.<\/p>\n<p>\n<img decoding=\"async\" src=\"https:\/\/assets.innpro.pl\/17678\/23434\/4.jpg\" border=\"0\" alt=\"urz\u0105dzenie do mycia u suszenia wydruk\u00f3w 3D obok pojemnika na IPA\" \/>\n<\/p>\n<div class=\"table-wrapper\">\n<p>\u00a0<\/p>\n<h3><\/h3>\n<table>\n<tbody>\n<tr>\n<th>Producent<\/th>\n<td>ELEGOO<\/td>\n<\/tr>\n<tr>\n<th>Model<\/th>\n<td>50.101.059300<\/td>\n<\/tr>\n<tr>\n<th>Zakres czasu mycia<\/th>\n<td>0\u201330 minut<\/td>\n<\/tr>\n<tr>\n<th>Zakres czasu utwardzania<\/th>\n<td>0\u201330 minut<\/td>\n<\/tr>\n<tr>\n<th>Spos\u00f3b sterowania<\/th>\n<td>Przyciski dotykowe<\/td>\n<\/tr>\n<tr>\n<th>Moc znamionowa<\/th>\n<td>48 W<\/td>\n<\/tr>\n<tr>\n<th>Zasilanie<\/th>\n<td>100\u2013240 V, 50\/60 Hz, 24 V, 2 A<\/td>\n<\/tr>\n<tr>\n<th>Maksymalny rozmiar modelu do mycia (z platform\u0105)<\/th>\n<td>214 \u00d7 135 \u00d7 180 mm (d\u0142. \u00d7 szer. \u00d7 wys.)<\/td>\n<\/tr>\n<tr>\n<th>Maksymalny rozmiar modelu do mycia (bez platformy)<\/th>\n<td>230 \u00d7 135 \u00d7 260 mm (d\u0142. \u00d7 szer. \u00d7 wys.)<\/td>\n<\/tr>\n<tr>\n<th>Maksymalny obszar utwardzania<\/th>\n<td>\u00d8250 \u00d7 290 mm<\/td>\n<\/tr>\n<tr>\n<th>Wymiary urz\u0105dzenia<\/th>\n<td>302,5 \u00d7 302,5 \u00d7 412,5 mm (d\u0142. \u00d7 szer. \u00d7 wys.)<\/td>\n<\/tr>\n<\/tbody>\n<\/table>\n<\/div>\n","protected":false},"excerpt":{"rendered":"<p>Urz\u0105dzenie do mycia i suszenia wydruk\u00f3w ELEGOO Mercury Plus 3.0 ELEGOO Mercury Plus 3.0 to praktyczne urz\u0105dzenie 2 w 1,<\/p>\n","protected":false},"featured_media":51190,"comment_status":"closed","ping_status":"open","template":"","meta":{"_acf_changed":false},"product_brand":[],"product_cat":[6226,6222,6217],"product_tag":[],"class_list":{"0":"post-60826","1":"product","2":"type-product","3":"status-publish","4":"has-post-thumbnail","6":"product_cat-akcesoria-do-drukarek-3d","7":"product_cat-druk-3d-technologie-kreatywne","8":"product_cat-technologie-kreatywne","9":"pa_okres-gwarancji-5754","10":"pa_producent-elegoo","12":"first","13":"outofstock","14":"taxable","15":"shipping-taxable","16":"purchasable","17":"product-type-simple"},"acf":[],"yoast_head":"<!-- This site is optimized with the Yoast SEO plugin v27.2 - https:\/\/yoast.com\/product\/yoast-seo-wordpress\/ -->\n<title>Myjka i utwardzarka wydruk\u00f3w ELEGOO Mercury Plus 3.0 - IRONSKY.PL Sklep z Dronami<\/title>\n<meta name=\"description\" content=\"Myjka i utwardzarka wydruk\u00f3w ELEGOO Mercury Plus 3.0 - \u2705 sklep z dronami i fachowym doradztwem. \u2705 Tutaj kupisz produkty DJI, Yuneec, Parrot, Syma i wiele innych, a tak\u017ce kursy i licencje na operatora drona.\" \/>\n<meta name=\"robots\" content=\"index, follow, max-snippet:-1, max-image-preview:large, max-video-preview:-1\" \/>\n<link rel=\"canonical\" href=\"https:\/\/ironsky.pl\/sklep\/produkt\/myjka-i-utwardzarka-wydrukow-elegoo-mercury-plus-3-0-2\/\" \/>\n<meta property=\"og:locale\" content=\"pl_PL\" \/>\n<meta property=\"og:type\" content=\"article\" \/>\n<meta property=\"og:title\" content=\"Myjka i utwardzarka wydruk\u00f3w ELEGOO Mercury Plus 3.0 - IRONSKY.PL Sklep z Dronami\" \/>\n<meta property=\"og:description\" content=\"Myjka i utwardzarka wydruk\u00f3w ELEGOO Mercury Plus 3.0 - \u2705 sklep z dronami i fachowym doradztwem. \u2705 Tutaj kupisz produkty DJI, Yuneec, Parrot, Syma i wiele innych, a tak\u017ce kursy i licencje na operatora drona.\" \/>\n<meta property=\"og:url\" content=\"https:\/\/ironsky.pl\/sklep\/produkt\/myjka-i-utwardzarka-wydrukow-elegoo-mercury-plus-3-0-2\/\" \/>\n<meta property=\"og:site_name\" content=\"IRONSKY.PL Sklep z Dronami\" \/>\n<meta property=\"article:modified_time\" content=\"2026-04-15T09:08:51+00:00\" \/>\n<meta property=\"og:image\" content=\"https:\/\/ironsky.pl\/sklep\/wp-content\/uploads\/2026\/02\/54423_1.jpg\" \/>\n\t<meta property=\"og:image:width\" content=\"800\" \/>\n\t<meta property=\"og:image:height\" content=\"800\" \/>\n\t<meta property=\"og:image:type\" content=\"image\/jpeg\" \/>\n<meta name=\"twitter:card\" content=\"summary_large_image\" \/>\n<meta name=\"twitter:label1\" content=\"Szacowany czas czytania\" \/>\n\t<meta name=\"twitter:data1\" content=\"2 minuty\" \/>\n<script type=\"application\/ld+json\" class=\"yoast-schema-graph\">{\"@context\":\"https:\/\/schema.org\",\"@graph\":[{\"@type\":\"WebPage\",\"@id\":\"https:\/\/ironsky.pl\/sklep\/produkt\/myjka-i-utwardzarka-wydrukow-elegoo-mercury-plus-3-0-2\/\",\"url\":\"https:\/\/ironsky.pl\/sklep\/produkt\/myjka-i-utwardzarka-wydrukow-elegoo-mercury-plus-3-0-2\/\",\"name\":\"Myjka i utwardzarka wydruk\u00f3w ELEGOO Mercury Plus 3.0 - IRONSKY.PL Sklep z Dronami\",\"isPartOf\":{\"@id\":\"https:\/\/ironsky.pl\/sklep\/#website\"},\"primaryImageOfPage\":{\"@id\":\"https:\/\/ironsky.pl\/sklep\/produkt\/myjka-i-utwardzarka-wydrukow-elegoo-mercury-plus-3-0-2\/#primaryimage\"},\"image\":{\"@id\":\"https:\/\/ironsky.pl\/sklep\/produkt\/myjka-i-utwardzarka-wydrukow-elegoo-mercury-plus-3-0-2\/#primaryimage\"},\"thumbnailUrl\":\"https:\/\/ironsky.pl\/sklep\/wp-content\/uploads\/2026\/02\/54423_1.jpg\",\"datePublished\":\"2026-04-15T09:08:39+00:00\",\"dateModified\":\"2026-04-15T09:08:51+00:00\",\"description\":\"Myjka i utwardzarka wydruk\u00f3w ELEGOO Mercury Plus 3.0 - \u2705 sklep z dronami i fachowym doradztwem. \u2705 Tutaj kupisz produkty DJI, Yuneec, Parrot, Syma i wiele innych, a tak\u017ce kursy i licencje na operatora drona.\",\"breadcrumb\":{\"@id\":\"https:\/\/ironsky.pl\/sklep\/produkt\/myjka-i-utwardzarka-wydrukow-elegoo-mercury-plus-3-0-2\/#breadcrumb\"},\"inLanguage\":\"pl-PL\",\"potentialAction\":[{\"@type\":\"ReadAction\",\"target\":[\"https:\/\/ironsky.pl\/sklep\/produkt\/myjka-i-utwardzarka-wydrukow-elegoo-mercury-plus-3-0-2\/\"]}]},{\"@type\":\"ImageObject\",\"inLanguage\":\"pl-PL\",\"@id\":\"https:\/\/ironsky.pl\/sklep\/produkt\/myjka-i-utwardzarka-wydrukow-elegoo-mercury-plus-3-0-2\/#primaryimage\",\"url\":\"https:\/\/ironsky.pl\/sklep\/wp-content\/uploads\/2026\/02\/54423_1.jpg\",\"contentUrl\":\"https:\/\/ironsky.pl\/sklep\/wp-content\/uploads\/2026\/02\/54423_1.jpg\",\"width\":800,\"height\":800},{\"@type\":\"BreadcrumbList\",\"@id\":\"https:\/\/ironsky.pl\/sklep\/produkt\/myjka-i-utwardzarka-wydrukow-elegoo-mercury-plus-3-0-2\/#breadcrumb\",\"itemListElement\":[{\"@type\":\"ListItem\",\"position\":1,\"name\":\"Strona g\u0142\u00f3wna\",\"item\":\"https:\/\/ironsky.pl\/sklep\/\"},{\"@type\":\"ListItem\",\"position\":2,\"name\":\"Wszystkie produkty\",\"item\":\"https:\/\/ironsky.pl\/sklep\/produkty\/\"},{\"@type\":\"ListItem\",\"position\":3,\"name\":\"Myjka i utwardzarka wydruk\u00f3w ELEGOO Mercury Plus 3.0\"}]},{\"@type\":\"WebSite\",\"@id\":\"https:\/\/ironsky.pl\/sklep\/#website\",\"url\":\"https:\/\/ironsky.pl\/sklep\/\",\"name\":\"IRONSKY.PL Sklep z Dronami\",\"description\":\"IRONSKY.PL Sklep z Dronami\",\"potentialAction\":[{\"@type\":\"SearchAction\",\"target\":{\"@type\":\"EntryPoint\",\"urlTemplate\":\"https:\/\/ironsky.pl\/sklep\/?s={search_term_string}\"},\"query-input\":{\"@type\":\"PropertyValueSpecification\",\"valueRequired\":true,\"valueName\":\"search_term_string\"}}],\"inLanguage\":\"pl-PL\"}]}<\/script>\n<!-- \/ Yoast SEO plugin. -->","yoast_head_json":{"title":"Myjka i utwardzarka wydruk\u00f3w ELEGOO Mercury Plus 3.0 - IRONSKY.PL Sklep z Dronami","description":"Myjka i utwardzarka wydruk\u00f3w ELEGOO Mercury Plus 3.0 - \u2705 sklep z dronami i fachowym doradztwem. \u2705 Tutaj kupisz produkty DJI, Yuneec, Parrot, Syma i wiele innych, a tak\u017ce kursy i licencje na operatora drona.","robots":{"index":"index","follow":"follow","max-snippet":"max-snippet:-1","max-image-preview":"max-image-preview:large","max-video-preview":"max-video-preview:-1"},"canonical":"https:\/\/ironsky.pl\/sklep\/produkt\/myjka-i-utwardzarka-wydrukow-elegoo-mercury-plus-3-0-2\/","og_locale":"pl_PL","og_type":"article","og_title":"Myjka i utwardzarka wydruk\u00f3w ELEGOO Mercury Plus 3.0 - IRONSKY.PL Sklep z Dronami","og_description":"Myjka i utwardzarka wydruk\u00f3w ELEGOO Mercury Plus 3.0 - \u2705 sklep z dronami i fachowym doradztwem. \u2705 Tutaj kupisz produkty DJI, Yuneec, Parrot, Syma i wiele innych, a tak\u017ce kursy i licencje na operatora drona.","og_url":"https:\/\/ironsky.pl\/sklep\/produkt\/myjka-i-utwardzarka-wydrukow-elegoo-mercury-plus-3-0-2\/","og_site_name":"IRONSKY.PL Sklep z Dronami","article_modified_time":"2026-04-15T09:08:51+00:00","og_image":[{"width":800,"height":800,"url":"https:\/\/ironsky.pl\/sklep\/wp-content\/uploads\/2026\/02\/54423_1.jpg","type":"image\/jpeg"}],"twitter_card":"summary_large_image","twitter_misc":{"Szacowany czas czytania":"2 minuty"},"schema":{"@context":"https:\/\/schema.org","@graph":[{"@type":"WebPage","@id":"https:\/\/ironsky.pl\/sklep\/produkt\/myjka-i-utwardzarka-wydrukow-elegoo-mercury-plus-3-0-2\/","url":"https:\/\/ironsky.pl\/sklep\/produkt\/myjka-i-utwardzarka-wydrukow-elegoo-mercury-plus-3-0-2\/","name":"Myjka i utwardzarka wydruk\u00f3w ELEGOO Mercury Plus 3.0 - IRONSKY.PL Sklep z Dronami","isPartOf":{"@id":"https:\/\/ironsky.pl\/sklep\/#website"},"primaryImageOfPage":{"@id":"https:\/\/ironsky.pl\/sklep\/produkt\/myjka-i-utwardzarka-wydrukow-elegoo-mercury-plus-3-0-2\/#primaryimage"},"image":{"@id":"https:\/\/ironsky.pl\/sklep\/produkt\/myjka-i-utwardzarka-wydrukow-elegoo-mercury-plus-3-0-2\/#primaryimage"},"thumbnailUrl":"https:\/\/ironsky.pl\/sklep\/wp-content\/uploads\/2026\/02\/54423_1.jpg","datePublished":"2026-04-15T09:08:39+00:00","dateModified":"2026-04-15T09:08:51+00:00","description":"Myjka i utwardzarka wydruk\u00f3w ELEGOO Mercury Plus 3.0 - \u2705 sklep z dronami i fachowym doradztwem. \u2705 Tutaj kupisz produkty DJI, Yuneec, Parrot, Syma i wiele innych, a tak\u017ce kursy i licencje na operatora drona.","breadcrumb":{"@id":"https:\/\/ironsky.pl\/sklep\/produkt\/myjka-i-utwardzarka-wydrukow-elegoo-mercury-plus-3-0-2\/#breadcrumb"},"inLanguage":"pl-PL","potentialAction":[{"@type":"ReadAction","target":["https:\/\/ironsky.pl\/sklep\/produkt\/myjka-i-utwardzarka-wydrukow-elegoo-mercury-plus-3-0-2\/"]}]},{"@type":"ImageObject","inLanguage":"pl-PL","@id":"https:\/\/ironsky.pl\/sklep\/produkt\/myjka-i-utwardzarka-wydrukow-elegoo-mercury-plus-3-0-2\/#primaryimage","url":"https:\/\/ironsky.pl\/sklep\/wp-content\/uploads\/2026\/02\/54423_1.jpg","contentUrl":"https:\/\/ironsky.pl\/sklep\/wp-content\/uploads\/2026\/02\/54423_1.jpg","width":800,"height":800},{"@type":"BreadcrumbList","@id":"https:\/\/ironsky.pl\/sklep\/produkt\/myjka-i-utwardzarka-wydrukow-elegoo-mercury-plus-3-0-2\/#breadcrumb","itemListElement":[{"@type":"ListItem","position":1,"name":"Strona g\u0142\u00f3wna","item":"https:\/\/ironsky.pl\/sklep\/"},{"@type":"ListItem","position":2,"name":"Wszystkie produkty","item":"https:\/\/ironsky.pl\/sklep\/produkty\/"},{"@type":"ListItem","position":3,"name":"Myjka i utwardzarka wydruk\u00f3w ELEGOO Mercury Plus 3.0"}]},{"@type":"WebSite","@id":"https:\/\/ironsky.pl\/sklep\/#website","url":"https:\/\/ironsky.pl\/sklep\/","name":"IRONSKY.PL Sklep z Dronami","description":"IRONSKY.PL Sklep z Dronami","potentialAction":[{"@type":"SearchAction","target":{"@type":"EntryPoint","urlTemplate":"https:\/\/ironsky.pl\/sklep\/?s={search_term_string}"},"query-input":{"@type":"PropertyValueSpecification","valueRequired":true,"valueName":"search_term_string"}}],"inLanguage":"pl-PL"}]}},"_links":{"self":[{"href":"https:\/\/ironsky.pl\/sklep\/wp-json\/wp\/v2\/product\/60826","targetHints":{"allow":["GET"]}}],"collection":[{"href":"https:\/\/ironsky.pl\/sklep\/wp-json\/wp\/v2\/product"}],"about":[{"href":"https:\/\/ironsky.pl\/sklep\/wp-json\/wp\/v2\/types\/product"}],"replies":[{"embeddable":true,"href":"https:\/\/ironsky.pl\/sklep\/wp-json\/wp\/v2\/comments?post=60826"}],"wp:featuredmedia":[{"embeddable":true,"href":"https:\/\/ironsky.pl\/sklep\/wp-json\/wp\/v2\/media\/51190"}],"wp:attachment":[{"href":"https:\/\/ironsky.pl\/sklep\/wp-json\/wp\/v2\/media?parent=60826"}],"wp:term":[{"taxonomy":"product_brand","embeddable":true,"href":"https:\/\/ironsky.pl\/sklep\/wp-json\/wp\/v2\/product_brand?post=60826"},{"taxonomy":"product_cat","embeddable":true,"href":"https:\/\/ironsky.pl\/sklep\/wp-json\/wp\/v2\/product_cat?post=60826"},{"taxonomy":"product_tag","embeddable":true,"href":"https:\/\/ironsky.pl\/sklep\/wp-json\/wp\/v2\/product_tag?post=60826"}],"curies":[{"name":"wp","href":"https:\/\/api.w.org\/{rel}","templated":true}]}}