{"id":60825,"date":"2026-04-15T11:08:39","date_gmt":"2026-04-15T09:08:39","guid":{"rendered":"https:\/\/ironsky.pl\/sklep\/produkt\/drukarka-3d-elegoo-neptune-4-pro-2\/"},"modified":"2026-04-15T11:08:50","modified_gmt":"2026-04-15T09:08:50","slug":"drukarka-3d-elegoo-neptune-4-pro-2","status":"publish","type":"product","link":"https:\/\/ironsky.pl\/sklep\/produkt\/drukarka-3d-elegoo-neptune-4-pro-2\/","title":{"rendered":"Drukarka 3D ELEGOO Neptune 4 Pro"},"content":{"rendered":"<h3>Drukarka 3D ELEGOO Neptune 4 Pro<\/h3>\n<p>ELEGOO Neptune 4 Pro to nowoczesna drukarka 3D FDM (Fused Deposition Modeling, technologia osadzania topionego materia\u0142u), kt\u00f3ra \u0142\u0105czy wysok\u0105 pr\u0119dko\u015b\u0107, precyzj\u0119 i solidn\u0105 konstrukcj\u0119. Bazuje na p\u0142ycie g\u0142\u00f3wnej Klipper, oferuje du\u017ce pole robocze 225 \u00d7 225 \u00d7 265 mm i temperatur\u0119 druku do 300\u00b0C, a ponadto pozwala korzysta\u0107 z szerokiej gamy filament\u00f3w \u2013 od PLA (Polylactic Acid, polikwas mlekowy) i PETG (Polyethylene Terephthalate Glycol, modyfikowany politereftalan etylenu z glikolem) po ABS (Acrylonitrile Butadiene Styrene, kopolimer akrylonitrylo-butadieno-styrenowy), TPU (Thermoplastic Polyurethane, termoplastyczny poliuretan) czy nylon. Wydajny ekstruder oraz automatyczne poziomowanie w 121 punktach sprawiaj\u0105, \u017ce Neptune 4 Pro sprosta zar\u00f3wno szybkiemu prototypowaniu, jak i d\u0142ugim, wymagaj\u0105cym wydrukom technicznym.<\/p>\n<p>\n<img decoding=\"async\" src=\"https:\/\/assets.innpro.pl\/17677\/23433\/9.jpg\" border=\"0\" alt=\"Drukarka 3D ELEGOO ustawiona na stole w warsztacie z narz\u0119dziami w tle\" \/>\n<\/p>\n<h3>Szybki druk bez kompromis\u00f3w<\/h3>\n<p>Drukarka osi\u0105ga maksymaln\u0105 pr\u0119dko\u015b\u0107 500 mm\/s, a zalecane 250 mm\/s gwarantuje znakomit\u0105 jako\u015b\u0107 przy kr\u00f3tkim czasie realizacji projekt\u00f3w. Wspierana przez p\u0142yt\u0119 g\u0142\u00f3wn\u0105 Klipper, wydajny procesor 4-rdzeniowy ARM (Advanced RISC Machine, zaawansowana architektura RISC) 64-bit 1.5G i funkcje takie jak Input Shaping oraz Pressure Advance \u2013 zapewnia wyj\u0105tkowo g\u0142adk\u0105 powierzchni\u0119 modelu i r\u00f3wnomierne t\u0142oczenie filamentu. To doskona\u0142y wyb\u00f3r dla os\u00f3b, kt\u00f3re oczekuj\u0105 nie tylko dok\u0142adno\u015bci, ale te\u017c realnej oszcz\u0119dno\u015bci czasu.<\/p>\n<p>\n<img decoding=\"async\" src=\"https:\/\/assets.innpro.pl\/17677\/23433\/4.jpg\" border=\"0\" alt=\"Podgrzewany st\u00f3\u0142 drukarki 3D marki ELEGOO z graficznym symbolem ciep\u0142a\" \/>\n<\/p>\n<h3>Efektywny system ch\u0142odzenia, przemy\u015blana konstrukcja sto\u0142u<\/h3>\n<p>Dwa dwustronne wentylatory 4015 i cztery wentylatory 4020 zapewniaj\u0105 skuteczne odprowadzanie ciep\u0142a i ch\u0142odzenie drukowanych modeli. Co wi\u0119cej, st\u00f3\u0142 grzewczy urz\u0105dzenia jest podzielony na dwa segmenty o r\u00f3\u017cnych mocach \u2013 150 W i 100 W. Takie rozwi\u0105zanie gwarantuje mniejsze zu\u017cycie energii i chroni przed przegrzaniem, co przek\u0142ada si\u0119 na stabilniejsz\u0105 i bezpieczniejsz\u0105 prac\u0119.<\/p>\n<p>\n<img decoding=\"async\" src=\"https:\/\/assets.innpro.pl\/17677\/23433\/6.jpg\" border=\"0\" alt=\"Modu\u0142 z czterema wentylatorami ch\u0142odz\u0105cymi, przedstawiony z niebieskimi strumieniami powietrza\" \/>\n<\/p>\n<h3>Ulepszony hotend i wydajny ekstruder<\/h3>\n<p>Model Neptune 4 Pro zosta\u0142 wyposa\u017cony w wydajny ekstruder typu direct z podw\u00f3jn\u0105 przek\u0142adni\u0105, kt\u00f3ry zapewnia precyzyjne i stabilne podawanie filamentu, niezale\u017cnie od rodzaju. Ponadto hotend o ulepszonej konstrukcji wykorzystuje rurk\u0119 termiczn\u0105 z miedzi i tytanu oraz dysz\u0119 umo\u017cliwiaj\u0105c\u0105 prac\u0119 przy 300\u00b0C. Takie rozwi\u0105zanie pozwala na druk z szerokiej gamy materia\u0142\u00f3w, r\u00f3wnie\u017c tych wymagaj\u0105cych wy\u017cszej temperatury i lepszego przep\u0142ywu.<\/p>\n<p>\n<img decoding=\"async\" src=\"https:\/\/assets.innpro.pl\/17677\/23433\/3.jpg\" border=\"0\" alt=\"Zbli\u017cenie na g\u0142owic\u0119 drukuj\u0105c\u0105 3D z przezroczyst\u0105 obudow\u0105 i pod\u015bwietlonym wylotem dyszy\" \/>\n<\/p>\n<h3>Stabilno\u015b\u0107 prowadzenia i sztywno\u015b\u0107 konstrukcji<\/h3>\n<p>Drukarka zosta\u0142a wyposa\u017cona w metalowe prowadnice osi X i Y, kt\u00f3re w po\u0142\u0105czeniu z podw\u00f3jnymi \u0142o\u017cyskami kulowymi w kszta\u0142cie litery U zapewniaj\u0105 p\u0142ynne, precyzyjne i stabilne prowadzenie g\u0142owicy drukuj\u0105cej. Dodatkowo wzmocniony, poszerzony profil osi Y zwi\u0119ksza sztywno\u015b\u0107 ca\u0142ej konstrukcji, co przek\u0142ada si\u0119 na wy\u017csz\u0105 jako\u015b\u0107 wydruk\u00f3w, zw\u0142aszcza przy du\u017cych pr\u0119dko\u015bciach.<\/p>\n<p>\n<img decoding=\"async\" src=\"https:\/\/assets.innpro.pl\/17677\/23433\/10.jpg\" border=\"0\" alt=\"Zbli\u017cenie na system prowadzenia g\u0142owicy drukarki 3D z widocznymi \u0142o\u017cyskami na szynie\" \/>\n<\/p>\n<h3>Automatyczne poziomowanie i elastyczna platforma<\/h3>\n<p>Drukarka wykorzystuje automatyczne poziomowanie sto\u0142u w a\u017c 121 punktach (siatka 11\u00d711), co zapewnia doskona\u0142\u0105 przyczepno\u015b\u0107 i idealnie wyr\u00f3wnan\u0105 pierwsz\u0105 warstw\u0119. Dodatkowo u\u017cytkownik mo\u017ce skorzysta\u0107 z pokr\u0119te\u0142 znajduj\u0105cych si\u0119 pod platform\u0105 robocz\u0105, aby r\u0119cznie skorygowa\u0107 poziom \u2014 dla jeszcze wi\u0119kszej dok\u0142adno\u015bci i pe\u0142nej kontroli nad procesem druku.<\/p>\n<p>\n<img decoding=\"async\" src=\"https:\/\/assets.innpro.pl\/17677\/23433\/1.jpg\" border=\"0\" alt=\"G\u0142owica drukarki 3D wykonuj\u0105ca automatyczne poziomowanie sto\u0142u za pomoc\u0105 niebieskiego lasera\" \/>\n<\/p>\n<h3>Intuicyjna obs\u0142uga i elastyczna komunikacja<\/h3>\n<p>Od\u0142\u0105czany ekran dotykowy o przek\u0105tnej 4,3\u201d pozwala na wygodny podgl\u0105d modelu i zatrzymywanie drukowania. Ponadto drukarka umo\u017cliwia przesy\u0142anie plik\u00f3w przez port USB (Universal Serial Bus, uniwersalne z\u0142\u0105cze do przesy\u0142ania danych i zasilania) lub LAN (Local Area Network, lokalna sie\u0107 komputerowa).<\/p>\n<p>\n<img decoding=\"async\" src=\"https:\/\/assets.innpro.pl\/17677\/23433\/5.jpg\" border=\"0\" alt=\"Drukarka 3D z w\u0142\u0105czonym o\u015bwietleniem roboczym i r\u0119ka obs\u0142uguj\u0105c\u0105 ekran dotykowy\" \/>\n<\/p>\n<h3>Dodatkowe mo\u017cliwo\u015bci<\/h3>\n<p>Dzi\u0119ki czujnikowi filamentu i funkcji wznawiania pracy po przerwie mo\u017cesz mie\u0107 pewno\u015b\u0107, \u017ce druk nie zako\u0144czy si\u0119 niepowodzeniem, nawet je\u015bli wydarzy si\u0119 co\u015b nieoczekiwanego. O\u015bwietlenie LED (Light Emitting Diode, dioda elektroluminescencyjna) przy dyszy u\u0142atwia obserwacj\u0119 detali z bliska, a dodatkowa listwa LED zapewnia r\u00f3wnomierne do\u015bwietlenie ca\u0142ego obszaru roboczego.<\/p>\n<p>\n<img decoding=\"async\" src=\"https:\/\/assets.innpro.pl\/17677\/23433\/8.jpg\" border=\"0\" alt=\"Zbli\u017cenie na g\u0142owic\u0119 drukuj\u0105c\u0105 3D z oznaczeniami przep\u0142ywu powietrza ch\u0142odz\u0105cego\" \/>\n<\/p>\n<h3>Wi\u0119cej przestrzeni na Twoje pomys\u0142y<\/h3>\n<p>Neptune 4 PRO oferuje przestrze\u0144 robocz\u0105 225 \u00d7 225 \u00d7 265 mm, co pozwala na tworzenie zar\u00f3wno niewielkich prototyp\u00f3w, jak i bardziej rozbudowanych modeli. Taka obj\u0119to\u015b\u0107 daje du\u017c\u0105 swobod\u0119 projektowania bez konieczno\u015bci dzielenia modeli na cz\u0119\u015bci.<\/p>\n<p>\n<img decoding=\"async\" src=\"https:\/\/assets.innpro.pl\/17677\/23433\/2.jpg\" border=\"0\" alt=\"Drukarka 3D z zaznaczonym na niebiesko obszarem roboczym i panelem steruj\u0105cym z ekranem dotykowym\" \/>\n<\/p>\n<div class=\"table-wrapper\">\n<p>\u00a0<\/p>\n<h3><\/h3>\n<table>\n<tbody>\n<tr>\n<th>Producent<\/th>\n<td>ELEGOO<\/td>\n<\/tr>\n<tr>\n<th>Model<\/th>\n<td>M6-512<\/td>\n<\/tr>\n<tr>\n<th>Maksymalna pr\u0119dko\u015b\u0107 druku<\/th>\n<td>500 mm\/s<\/td>\n<\/tr>\n<tr>\n<th>O\u015b X, Y<\/th>\n<td>W pe\u0142ni metalowe prowadnice osi z podw\u00f3jnymi \u0142o\u017cyskami kulowymi w kszta\u0142cie litery U<\/td>\n<\/tr>\n<tr>\n<th>Funkcja Pressure Advance<\/th>\n<td>Tak<\/td>\n<\/tr>\n<tr>\n<th>Funkcja Input Shaping<\/th>\n<td>Tak<\/td>\n<\/tr>\n<tr>\n<th>St\u00f3\u0142 grzewczy<\/th>\n<td>100 W + 150 W, inteligentnie podgrzewany strefowo<\/td>\n<\/tr>\n<tr>\n<th>Poziomowanie platformy<\/th>\n<td>Automatyczne w 121 punktach + poziomowanie wspomagaj\u0105ce<\/td>\n<\/tr>\n<tr>\n<th>Obj\u0119to\u015b\u0107 robocza<\/th>\n<td>225 \u00d7 225 \u00d7 265 mm<\/td>\n<\/tr>\n<tr>\n<th>Typ ekstrudera<\/th>\n<td>Ulepszony ekstruder typu direct z podw\u00f3jn\u0105 przek\u0142adni\u0105 (291 g)<\/td>\n<\/tr>\n<tr>\n<th>Typ wentylator\u00f3w<\/th>\n<td>Wentylatory 4015 z \u0142o\u017cyskami kulowymi<\/td>\n<\/tr>\n<tr>\n<th>Maks. pr\u0119dko\u015b\u0107 wentylator\u00f3w<\/th>\n<td>10 000 obr.\/min<\/td>\n<\/tr>\n<tr>\n<th>Maks. temperatura dyszy<\/th>\n<td>Do 300\u00b0C<\/td>\n<\/tr>\n<tr>\n<th>Firmware<\/th>\n<td>Klipper<\/td>\n<\/tr>\n<tr>\n<th>Metoda przesy\u0142ania plik\u00f3w<\/th>\n<td>LAN + USB<\/td>\n<\/tr>\n<tr>\n<th>Obs\u0142ugiwane materia\u0142y<\/th>\n<td>PLA \/ ABS \/ TPU \/ PETG \/ Nylon<\/td>\n<\/tr>\n<\/tbody>\n<\/table>\n<\/div>\n","protected":false},"excerpt":{"rendered":"<p>Drukarka 3D ELEGOO Neptune 4 Pro ELEGOO Neptune 4 Pro to nowoczesna drukarka 3D FDM (Fused Deposition Modeling, technologia osadzania<\/p>\n","protected":false},"featured_media":51186,"comment_status":"closed","ping_status":"open","template":"","meta":{"_acf_changed":false},"product_brand":[],"product_cat":[6222,6223,6217],"product_tag":[],"class_list":{"0":"post-60825","1":"product","2":"type-product","3":"status-publish","4":"has-post-thumbnail","6":"product_cat-druk-3d-technologie-kreatywne","7":"product_cat-drukarki-3d","8":"product_cat-technologie-kreatywne","9":"pa_okres-gwarancji-5754","10":"pa_producent-elegoo","12":"first","13":"outofstock","14":"taxable","15":"shipping-taxable","16":"purchasable","17":"product-type-simple"},"acf":[],"yoast_head":"<!-- This site is optimized with the Yoast SEO plugin v27.2 - https:\/\/yoast.com\/product\/yoast-seo-wordpress\/ -->\n<title>Drukarka 3D ELEGOO Neptune 4 Pro - IRONSKY.PL Sklep z Dronami<\/title>\n<meta name=\"description\" content=\"Drukarka 3D ELEGOO Neptune 4 Pro - \u2705 sklep z dronami i fachowym doradztwem. \u2705 Tutaj kupisz produkty DJI, Yuneec, Parrot, Syma i wiele innych, a tak\u017ce kursy i licencje na operatora drona.\" \/>\n<meta name=\"robots\" content=\"index, follow, max-snippet:-1, max-image-preview:large, max-video-preview:-1\" \/>\n<link rel=\"canonical\" href=\"https:\/\/ironsky.pl\/sklep\/produkt\/drukarka-3d-elegoo-neptune-4-pro-2\/\" \/>\n<meta property=\"og:locale\" content=\"pl_PL\" \/>\n<meta property=\"og:type\" content=\"article\" \/>\n<meta property=\"og:title\" content=\"Drukarka 3D ELEGOO Neptune 4 Pro - IRONSKY.PL Sklep z Dronami\" \/>\n<meta property=\"og:description\" content=\"Drukarka 3D ELEGOO Neptune 4 Pro - \u2705 sklep z dronami i fachowym doradztwem. \u2705 Tutaj kupisz produkty DJI, Yuneec, Parrot, Syma i wiele innych, a tak\u017ce kursy i licencje na operatora drona.\" \/>\n<meta property=\"og:url\" content=\"https:\/\/ironsky.pl\/sklep\/produkt\/drukarka-3d-elegoo-neptune-4-pro-2\/\" \/>\n<meta property=\"og:site_name\" content=\"IRONSKY.PL Sklep z Dronami\" \/>\n<meta property=\"article:modified_time\" content=\"2026-04-15T09:08:50+00:00\" \/>\n<meta property=\"og:image\" content=\"https:\/\/ironsky.pl\/sklep\/wp-content\/uploads\/2026\/02\/54422_1.jpg\" \/>\n\t<meta property=\"og:image:width\" content=\"800\" \/>\n\t<meta property=\"og:image:height\" content=\"800\" \/>\n\t<meta property=\"og:image:type\" content=\"image\/jpeg\" \/>\n<meta name=\"twitter:card\" content=\"summary_large_image\" \/>\n<meta name=\"twitter:label1\" content=\"Szacowany czas czytania\" \/>\n\t<meta name=\"twitter:data1\" content=\"4 minuty\" \/>\n<script type=\"application\/ld+json\" class=\"yoast-schema-graph\">{\"@context\":\"https:\/\/schema.org\",\"@graph\":[{\"@type\":\"WebPage\",\"@id\":\"https:\/\/ironsky.pl\/sklep\/produkt\/drukarka-3d-elegoo-neptune-4-pro-2\/\",\"url\":\"https:\/\/ironsky.pl\/sklep\/produkt\/drukarka-3d-elegoo-neptune-4-pro-2\/\",\"name\":\"Drukarka 3D ELEGOO Neptune 4 Pro - IRONSKY.PL Sklep z Dronami\",\"isPartOf\":{\"@id\":\"https:\/\/ironsky.pl\/sklep\/#website\"},\"primaryImageOfPage\":{\"@id\":\"https:\/\/ironsky.pl\/sklep\/produkt\/drukarka-3d-elegoo-neptune-4-pro-2\/#primaryimage\"},\"image\":{\"@id\":\"https:\/\/ironsky.pl\/sklep\/produkt\/drukarka-3d-elegoo-neptune-4-pro-2\/#primaryimage\"},\"thumbnailUrl\":\"https:\/\/ironsky.pl\/sklep\/wp-content\/uploads\/2026\/02\/54422_1.jpg\",\"datePublished\":\"2026-04-15T09:08:39+00:00\",\"dateModified\":\"2026-04-15T09:08:50+00:00\",\"description\":\"Drukarka 3D ELEGOO Neptune 4 Pro - \u2705 sklep z dronami i fachowym doradztwem. \u2705 Tutaj kupisz produkty DJI, Yuneec, Parrot, Syma i wiele innych, a tak\u017ce kursy i licencje na operatora drona.\",\"breadcrumb\":{\"@id\":\"https:\/\/ironsky.pl\/sklep\/produkt\/drukarka-3d-elegoo-neptune-4-pro-2\/#breadcrumb\"},\"inLanguage\":\"pl-PL\",\"potentialAction\":[{\"@type\":\"ReadAction\",\"target\":[\"https:\/\/ironsky.pl\/sklep\/produkt\/drukarka-3d-elegoo-neptune-4-pro-2\/\"]}]},{\"@type\":\"ImageObject\",\"inLanguage\":\"pl-PL\",\"@id\":\"https:\/\/ironsky.pl\/sklep\/produkt\/drukarka-3d-elegoo-neptune-4-pro-2\/#primaryimage\",\"url\":\"https:\/\/ironsky.pl\/sklep\/wp-content\/uploads\/2026\/02\/54422_1.jpg\",\"contentUrl\":\"https:\/\/ironsky.pl\/sklep\/wp-content\/uploads\/2026\/02\/54422_1.jpg\",\"width\":800,\"height\":800},{\"@type\":\"BreadcrumbList\",\"@id\":\"https:\/\/ironsky.pl\/sklep\/produkt\/drukarka-3d-elegoo-neptune-4-pro-2\/#breadcrumb\",\"itemListElement\":[{\"@type\":\"ListItem\",\"position\":1,\"name\":\"Strona g\u0142\u00f3wna\",\"item\":\"https:\/\/ironsky.pl\/sklep\/\"},{\"@type\":\"ListItem\",\"position\":2,\"name\":\"Wszystkie produkty\",\"item\":\"https:\/\/ironsky.pl\/sklep\/produkty\/\"},{\"@type\":\"ListItem\",\"position\":3,\"name\":\"Drukarka 3D ELEGOO Neptune 4 Pro\"}]},{\"@type\":\"WebSite\",\"@id\":\"https:\/\/ironsky.pl\/sklep\/#website\",\"url\":\"https:\/\/ironsky.pl\/sklep\/\",\"name\":\"IRONSKY.PL Sklep z Dronami\",\"description\":\"IRONSKY.PL Sklep z Dronami\",\"potentialAction\":[{\"@type\":\"SearchAction\",\"target\":{\"@type\":\"EntryPoint\",\"urlTemplate\":\"https:\/\/ironsky.pl\/sklep\/?s={search_term_string}\"},\"query-input\":{\"@type\":\"PropertyValueSpecification\",\"valueRequired\":true,\"valueName\":\"search_term_string\"}}],\"inLanguage\":\"pl-PL\"}]}<\/script>\n<!-- \/ Yoast SEO plugin. -->","yoast_head_json":{"title":"Drukarka 3D ELEGOO Neptune 4 Pro - IRONSKY.PL Sklep z Dronami","description":"Drukarka 3D ELEGOO Neptune 4 Pro - \u2705 sklep z dronami i fachowym doradztwem. \u2705 Tutaj kupisz produkty DJI, Yuneec, Parrot, Syma i wiele innych, a tak\u017ce kursy i licencje na operatora drona.","robots":{"index":"index","follow":"follow","max-snippet":"max-snippet:-1","max-image-preview":"max-image-preview:large","max-video-preview":"max-video-preview:-1"},"canonical":"https:\/\/ironsky.pl\/sklep\/produkt\/drukarka-3d-elegoo-neptune-4-pro-2\/","og_locale":"pl_PL","og_type":"article","og_title":"Drukarka 3D ELEGOO Neptune 4 Pro - IRONSKY.PL Sklep z Dronami","og_description":"Drukarka 3D ELEGOO Neptune 4 Pro - \u2705 sklep z dronami i fachowym doradztwem. \u2705 Tutaj kupisz produkty DJI, Yuneec, Parrot, Syma i wiele innych, a tak\u017ce kursy i licencje na operatora drona.","og_url":"https:\/\/ironsky.pl\/sklep\/produkt\/drukarka-3d-elegoo-neptune-4-pro-2\/","og_site_name":"IRONSKY.PL Sklep z Dronami","article_modified_time":"2026-04-15T09:08:50+00:00","og_image":[{"width":800,"height":800,"url":"https:\/\/ironsky.pl\/sklep\/wp-content\/uploads\/2026\/02\/54422_1.jpg","type":"image\/jpeg"}],"twitter_card":"summary_large_image","twitter_misc":{"Szacowany czas czytania":"4 minuty"},"schema":{"@context":"https:\/\/schema.org","@graph":[{"@type":"WebPage","@id":"https:\/\/ironsky.pl\/sklep\/produkt\/drukarka-3d-elegoo-neptune-4-pro-2\/","url":"https:\/\/ironsky.pl\/sklep\/produkt\/drukarka-3d-elegoo-neptune-4-pro-2\/","name":"Drukarka 3D ELEGOO Neptune 4 Pro - IRONSKY.PL Sklep z Dronami","isPartOf":{"@id":"https:\/\/ironsky.pl\/sklep\/#website"},"primaryImageOfPage":{"@id":"https:\/\/ironsky.pl\/sklep\/produkt\/drukarka-3d-elegoo-neptune-4-pro-2\/#primaryimage"},"image":{"@id":"https:\/\/ironsky.pl\/sklep\/produkt\/drukarka-3d-elegoo-neptune-4-pro-2\/#primaryimage"},"thumbnailUrl":"https:\/\/ironsky.pl\/sklep\/wp-content\/uploads\/2026\/02\/54422_1.jpg","datePublished":"2026-04-15T09:08:39+00:00","dateModified":"2026-04-15T09:08:50+00:00","description":"Drukarka 3D ELEGOO Neptune 4 Pro - \u2705 sklep z dronami i fachowym doradztwem. \u2705 Tutaj kupisz produkty DJI, Yuneec, Parrot, Syma i wiele innych, a tak\u017ce kursy i licencje na operatora drona.","breadcrumb":{"@id":"https:\/\/ironsky.pl\/sklep\/produkt\/drukarka-3d-elegoo-neptune-4-pro-2\/#breadcrumb"},"inLanguage":"pl-PL","potentialAction":[{"@type":"ReadAction","target":["https:\/\/ironsky.pl\/sklep\/produkt\/drukarka-3d-elegoo-neptune-4-pro-2\/"]}]},{"@type":"ImageObject","inLanguage":"pl-PL","@id":"https:\/\/ironsky.pl\/sklep\/produkt\/drukarka-3d-elegoo-neptune-4-pro-2\/#primaryimage","url":"https:\/\/ironsky.pl\/sklep\/wp-content\/uploads\/2026\/02\/54422_1.jpg","contentUrl":"https:\/\/ironsky.pl\/sklep\/wp-content\/uploads\/2026\/02\/54422_1.jpg","width":800,"height":800},{"@type":"BreadcrumbList","@id":"https:\/\/ironsky.pl\/sklep\/produkt\/drukarka-3d-elegoo-neptune-4-pro-2\/#breadcrumb","itemListElement":[{"@type":"ListItem","position":1,"name":"Strona g\u0142\u00f3wna","item":"https:\/\/ironsky.pl\/sklep\/"},{"@type":"ListItem","position":2,"name":"Wszystkie produkty","item":"https:\/\/ironsky.pl\/sklep\/produkty\/"},{"@type":"ListItem","position":3,"name":"Drukarka 3D ELEGOO Neptune 4 Pro"}]},{"@type":"WebSite","@id":"https:\/\/ironsky.pl\/sklep\/#website","url":"https:\/\/ironsky.pl\/sklep\/","name":"IRONSKY.PL Sklep z Dronami","description":"IRONSKY.PL Sklep z Dronami","potentialAction":[{"@type":"SearchAction","target":{"@type":"EntryPoint","urlTemplate":"https:\/\/ironsky.pl\/sklep\/?s={search_term_string}"},"query-input":{"@type":"PropertyValueSpecification","valueRequired":true,"valueName":"search_term_string"}}],"inLanguage":"pl-PL"}]}},"_links":{"self":[{"href":"https:\/\/ironsky.pl\/sklep\/wp-json\/wp\/v2\/product\/60825","targetHints":{"allow":["GET"]}}],"collection":[{"href":"https:\/\/ironsky.pl\/sklep\/wp-json\/wp\/v2\/product"}],"about":[{"href":"https:\/\/ironsky.pl\/sklep\/wp-json\/wp\/v2\/types\/product"}],"replies":[{"embeddable":true,"href":"https:\/\/ironsky.pl\/sklep\/wp-json\/wp\/v2\/comments?post=60825"}],"wp:featuredmedia":[{"embeddable":true,"href":"https:\/\/ironsky.pl\/sklep\/wp-json\/wp\/v2\/media\/51186"}],"wp:attachment":[{"href":"https:\/\/ironsky.pl\/sklep\/wp-json\/wp\/v2\/media?parent=60825"}],"wp:term":[{"taxonomy":"product_brand","embeddable":true,"href":"https:\/\/ironsky.pl\/sklep\/wp-json\/wp\/v2\/product_brand?post=60825"},{"taxonomy":"product_cat","embeddable":true,"href":"https:\/\/ironsky.pl\/sklep\/wp-json\/wp\/v2\/product_cat?post=60825"},{"taxonomy":"product_tag","embeddable":true,"href":"https:\/\/ironsky.pl\/sklep\/wp-json\/wp\/v2\/product_tag?post=60825"}],"curies":[{"name":"wp","href":"https:\/\/api.w.org\/{rel}","templated":true}]}}