{"id":60824,"date":"2026-04-15T11:08:39","date_gmt":"2026-04-15T09:08:39","guid":{"rendered":"https:\/\/ironsky.pl\/sklep\/produkt\/akumulator-ecoflow-delta-pro-ultra-6kwh\/"},"modified":"2026-04-15T11:08:49","modified_gmt":"2026-04-15T09:08:49","slug":"akumulator-ecoflow-delta-pro-ultra-6kwh","status":"publish","type":"product","link":"https:\/\/ironsky.pl\/sklep\/produkt\/akumulator-ecoflow-delta-pro-ultra-6kwh\/","title":{"rendered":"Akumulator ECOFLOW DELTA Pro Ultra 6kWh"},"content":{"rendered":"<h3>Akumulator do EcoFlow DELTA Pro Ultra<\/h3>\n<p>Przygotuj si\u0119 na niespodziewane awarie, oszcz\u0119dzaj na rachunkach i miej pewno\u015b\u0107, \u017ce urz\u0105dzenia w Twoim domu b\u0119d\u0105 dzia\u0142a\u0107 niezale\u017cnie od sytuacji. EcoFlow DELTA Pro Ultra EB to pot\u0119\u017cny modu\u0142 akumulatorowy zaprojektowany do pracy w systemie zasilania nowej generacji. W po\u0142\u0105czeniu z inwerterem (sprzedawanym oddzielnie) tworzy elastyczne i skalowalne \u017ar\u00f3d\u0142o energii o imponuj\u0105cej wydajno\u015bci \u2013 pozwala zasila\u0107 wybrany sprz\u0119t przez bardzo d\u0142ugi czas. Sam akumulator oferuje pojemno\u015b\u0107 6 kWh, kt\u00f3r\u0105 mo\u017cna rozszerzy\u0107 a\u017c do 30 kWh. To idealne rozwi\u0105zanie dla os\u00f3b, kt\u00f3re chc\u0105 uniezale\u017cni\u0107 si\u0119 od sieci lub zabezpieczy\u0107 sw\u00f3j dom na wypadek przerw w dostawie pr\u0105du! Uwaga: akumulator dzia\u0142a tylko w po\u0142\u0105czeniu z inwerterem.<\/p>\n<p>\n<img decoding=\"async\" src=\"https:\/\/assets.innpro.pl\/17719\/23492\/5.jpg\" border=\"0\" alt=\"Elegancki salon z panoramicznymi oknami i generatorem energii przy \u015bcianie podczas burzy\" \/>\n<\/p>\n<h3>Skalowalno\u015b\u0107 do 30 kWh \u2013 dopasuj system do swoich potrzeb<\/h3>\n<p>Ka\u017cdy akumulator DELTA Pro Ultra EB ma pojemno\u015b\u0107 6 kWh, co przek\u0142ada si\u0119 na wiele godzin zasilania potrzebnych urz\u0105dze\u0144. Potrzebujesz jeszcze wi\u0119cej energii? Mo\u017cesz po\u0142\u0105czy\u0107 ze sob\u0105 nawet pi\u0119\u0107 jednostek, osi\u0105gaj\u0105c maksymalnie 30 kWh. Dzi\u0119ki modu\u0142owej konstrukcji rozbudowa jest szybka i nie wymaga specjalistycznych narz\u0119dzi.<\/p>\n<p>\n<img decoding=\"async\" src=\"https:\/\/assets.innpro.pl\/17719\/23492\/8.jpg\" border=\"0\" alt=\"inwerter z pi\u0119cioma akumulatorami pod\u0142\u0105czony do gniazdka na tle szarej \u015bciany\" \/>\n<\/p>\n<h3>Kilka sposob\u00f3w \u0142adowania \u2013 bezproblemowy dost\u0119p do energii<\/h3>\n<p>EcoFlow DELTA Pro Ultra oferuje wyj\u0105tkowo elastyczne opcje \u0142adowania \u2013 do wyboru masz kilka r\u00f3\u017cnych metod, kt\u00f3re pozwalaj\u0105 dopasowa\u0107 spos\u00f3b uzupe\u0142niania energii do aktualnych warunk\u00f3w. Mo\u017cesz korzysta\u0107 z paneli fotowoltaicznych w (do 4000 W lub do 1600 W), stacji \u0142adowania pojazd\u00f3w elektrycznych (do 6900 W), generatora pr\u0105du (do 2800 W) lub standardowego gniazdka \u015bciennego (do 2800 W). Dodatkowo mo\u017cliwe jest jednoczesne \u0142adowanie z dw\u00f3ch \u017ar\u00f3de\u0142 (PV + sie\u0107), co daje imponuj\u0105c\u0105 maksymaln\u0105 moc wej\u015bciow\u0105 na poziomie a\u017c 8800 W. Nie musisz te\u017c zbyt d\u0142ugo czeka\u0107, a\u017c system b\u0119dzie gotowy do pracy. Aby na\u0142adowa\u0107 jeden akumulator do 80%, wystarczy oko\u0142o 1 godziny i 13 minut, a dwa akumulatory mog\u0105 odzyska\u0107 100% energii ju\u017c w 2 godziny.<\/p>\n<p>\n<img decoding=\"async\" src=\"https:\/\/assets.innpro.pl\/17719\/23492\/10.jpg\" border=\"0\" alt=\"stacja zasilania \u0142adowana ze stacji do \u0142adowania pojazd\u00f3w elektrycznych na du\u017cym pustym parkingu\" \/>\n<\/p>\n<h3>Proste po\u0142\u0105czenie z domow\u0105 instalacj\u0105<\/h3>\n<p>W po\u0142\u0105czeniu z dost\u0119pnym w oddzielnej sprzeda\u017cy prze\u0142\u0105cznikiem (MTS \u2013 Manual Transfer Switch, r\u0119czny prze\u0142\u0105cznik zasilania) DELTA Pro Ultra mo\u017ce zasila\u0107 ca\u0142\u0105 instalacj\u0119 domow\u0105. Akcesorium umo\u017cliwia \u0142atwe prze\u0142\u0105czanie si\u0119 mi\u0119dzy sieci\u0105 energetyczn\u0105 a systemem EcoFlow, co pozwala na przyk\u0142ad wykorzystywa\u0107 energi\u0119 s\u0142oneczn\u0105 zgromadzon\u0105 w ci\u0105gu dnia, aby wieczorem i w nocy zasila\u0107 ca\u0142y dom i oszcz\u0119dza\u0107 na rachunkach. Takie rozwi\u0105zanie sprawdzi si\u0119 tak\u017ce w sytuacjach awaryjnych.<\/p>\n<p>\n<img decoding=\"async\" src=\"https:\/\/assets.innpro.pl\/17719\/23492\/9.jpg\" border=\"0\" alt=\"Rodzina w kuchni z dzieckiem biegn\u0105cym obok generatora energii pod\u0142\u0105czonego do gniazdka\" \/>\n<\/p>\n<h3>Awaryjne zasilanie UPS<\/h3>\n<p>Niespodziewana awaria? Ju\u017c nie musisz si\u0119 tego obawia\u0107 \u2013 stacja DELTA Pro Ultra (akumulator z inwerterem) obs\u0142uguje funkcj\u0119 online UPS (Uninterruptible Power Supply, zasilacz awaryjny), kt\u00f3ra umo\u017cliwia prze\u0142\u0105czanie si\u0119 na zasilanie awaryjne w ci\u0105gu 20 ms. Dzi\u0119ki temu mo\u017cesz mie\u0107 pewno\u015b\u0107, \u017ce nawet w przypadku nag\u0142ej przerwy w dostawie pr\u0105du Twoje urz\u0105dzenia, takie jak lod\u00f3wka czy komputer, b\u0119d\u0105 dzia\u0142a\u0107 nieprzerwanie!<\/p>\n<p>\n<img decoding=\"async\" src=\"https:\/\/assets.innpro.pl\/17719\/23492\/6.jpg\" border=\"0\" alt=\"ojciec z c\u00f3rk\u0105 przy dw\u00f3ch pralkach obok stacji zasilania w jasnym pomieszczeniu\" \/>\n<\/p>\n<h3>Pe\u0142na kontrola z aplikacj\u0105 EcoFlow<\/h3>\n<p>Wygodn\u0105 obs\u0142ug\u0119 stacji umo\u017cliwia aplikacja EcoFlow. Dzi\u0119ki niej zyskujesz pe\u0142n\u0105 kontrol\u0119 nad przep\u0142ywem energii \u2013 w czasie rzeczywistym monitorujesz zu\u017cycie, poziom na\u0142adowania i wiele wi\u0119cej. Intuicyjny interfejs pozwala na automatyzacj\u0119 harmonogram\u00f3w \u0142adowania i roz\u0142adowywania, dostosowywanie tryb\u00f3w pracy oraz optymalizacj\u0119 dzia\u0142ania ca\u0142ego systemu. Aplikacja jest te\u017c kompatybilna z innymi markami, takimi jak Google, Shelly, Tapo czy Kasa Smart.<\/p>\n<p>\n<img decoding=\"async\" src=\"https:\/\/assets.innpro.pl\/17719\/23492\/2.jpg\" border=\"0\" alt=\"Zesp\u00f3\u0142 ratunkowy na miejscu wypadku samochodowego z generatorem energii w\u015br\u00f3d szcz\u0105tk\u00f3w\" \/>\n<\/p>\n<h3>Gotowo\u015b\u0107 na ka\u017cd\u0105 pogod\u0119<\/h3>\n<p>Stacja EcoFlow DELTA Pro Ultra sprawdzi si\u0119 nawet w wyj\u0105tkowo wymagaj\u0105cych warunkach. Oferuje funkcj\u0119 autoogrzewania, dzi\u0119ki czemu niestraszne jej mrozy \u2013 mo\u017ce bez problemu dzia\u0142a\u0107 w temperaturach od -20\u00b0C do 45\u00b0C. Ma r\u00f3wnie\u017c system ch\u0142odzenia X-Cooling i wyr\u00f3\u017cnia si\u0119 klas\u0105 szczelno\u015bci IP54. Py\u0142 czy zachlapania nie stanowi\u0105 dla niej zagro\u017cenia! Ponadto wysokiej klasy akumulator LFP (Lithium Iron Phosphate, litowo-\u017celazowo-fosforanowy) charakteryzuje si\u0119 d\u0142ug\u0105 \u017cywotno\u015bci\u0105, a o jego doskona\u0142\u0105 kondycj\u0119 dbaj\u0105 system BMS (Battery Management System, system zarz\u0105dzania bateri\u0105) i technologia balansowania ogniw SOC (State of Charge, stan na\u0142adowania).<\/p>\n<p>\n<img decoding=\"async\" src=\"https:\/\/assets.innpro.pl\/17719\/23492\/7.jpg\" border=\"0\" alt=\"stacja zasilania na k\u00f3\u0142kach na tle dramatycznego krajobrazu \u0142\u0105cz\u0105cego lodowiec i pustyni\u0119\" \/>\n<\/p>\n<h3>Zaskakuj\u0105co cicha praca<\/h3>\n<p>Cho\u0107 kryje w sobie ogromn\u0105 moc, system EcoFlow DELTA Pro Ultra pracuje wyj\u0105tkowo cicho \u2013 przy obci\u0105\u017ceniu poni\u017cej 2000 W poziom ha\u0142asu wynosi 0 db! Mo\u017cesz wi\u0119c bez problemu korzysta\u0107 z niego podczas pracy czy w nocy \u2013 nie b\u0119dzie Ci przeszkadza\u0107.<\/p>\n<p>\n<img decoding=\"async\" src=\"https:\/\/assets.innpro.pl\/17719\/23492\/4.jpg\" border=\"0\" alt=\"Drewniany domek w lesie ze stacj\u0105 zasilania na tarasie\" \/>\n<\/p>\n<h3>Przemy\u015blana konstrukcja<\/h3>\n<p>EcoFlow DELTA Pro Ultra to doskonale zaprojektowane rozwi\u0105zanie, kt\u00f3re sprawdzi si\u0119 w niemal ka\u017cdej przestrzeni \u2013 od domu jednorodzinnego, przez domek letniskowy, a\u017c po zastosowania podczas podr\u00f3\u017cy. Dzi\u0119ki modu\u0142owej budowie i dost\u0119pnemu w oddzielnej sprzeda\u017cy w\u00f3zkowi transportowemu mo\u017cesz bez problemu przemieszcza\u0107 stacj\u0119 i zabiera\u0107 j\u0105 na wakacje, do gara\u017cu czy ogrodu. \u015awietnie nada si\u0119 r\u00f3wnie\u017c do u\u017cytku profesjonalnego \u2013 na przyk\u0142ad w biurach, na planach filmowych czy przy organizacji wydarze\u0144. Jest gotowa, aby Ci s\u0142u\u017cy\u0107, wsz\u0119dzie tam, gdzie tego potrzebujesz!<\/p>\n<p>\n<img decoding=\"async\" src=\"https:\/\/assets.innpro.pl\/17719\/23492\/3.jpg\" border=\"0\" alt=\"Rodzina chowaj\u0105ca przeno\u015bn\u0105 stacj\u0119 zasilania do baga\u017cnika bia\u0142ego samochodu przed gara\u017cem\" \/>\n<\/p>\n<h3>Oszcz\u0119dzaj na rachunkach<\/h3>\n<p>Akumulator DELTA Pro Ultra EB, jako element inteligentnego systemu zasilania, pomaga realnie obni\u017cy\u0107 rachunki za pr\u0105d. Tryb self-powered pozwala w pierwszej kolejno\u015bci wykorzystywa\u0107 energi\u0119 z paneli s\u0142onecznych, a dopiero p\u00f3\u017aniej si\u0119ga\u0107 po zasilanie z sieci. Warto te\u017c skorzysta\u0107 z harmonogram\u00f3w \u0142adowania i roz\u0142adowania. Wszystko to u\u0142atwia zmniejszanie poboru pr\u0105du z sieci i oszcz\u0119dzanie na rachunkach!<\/p>\n<p>\n<img decoding=\"async\" src=\"https:\/\/assets.innpro.pl\/17719\/23492\/1.jpg\" border=\"0\" alt=\"stacja zasilania stoj\u0105ca obok paneli fotowoltaicznych w ogrodzie\" \/>\n<\/p>\n<h3>W zestawie<\/h3>\n<ul class=\"list-disc pl-5\">\n<li>Akumulator DELTA Pro Ultra EB<\/li>\n<li>Kabel do pod\u0142\u0105czenia akumulatora (0,2 m)<\/li>\n<\/ul>\n<div class=\"table-wrapper\">\n<p>\u00a0<\/p>\n<h3>Og\u00f3lne<\/h3>\n<table>\n<tbody>\n<tr>\n<th>Model  <\/th>\n<td>EFYJ751-BP  <\/td>\n<\/tr>\n<tr>\n<th>Nazwa  <\/th>\n<td>Rechargeable Li-ion battery pack<\/td>\n<\/tr>\n<tr>\n<th>Waga <\/th>\n<td>50,7 kg  <\/td>\n<\/tr>\n<tr>\n<th>Wymiary  <\/th>\n<td>660 \u00d7 455 \u00d7 204 mm  <\/td>\n<\/tr>\n<tr>\n<th>Pojemno\u015b\u0107  <\/th>\n<td>102,4 V = 60 Ah, 6144 Wh<\/td>\n<\/tr>\n<\/tbody>\n<\/table>\n<p>\u00a0<\/p>\n<h3>Akumulator<\/h3>\n<table>\n<tbody>\n<tr>\n<th>Rodzaj ogniwa<\/th>\n<td>LFP  <\/td>\n<\/tr>\n<tr>\n<th>\u017bywotno\u015b\u0107 <\/th>\n<td>\u226580% SOH po 3500 cyklach przy 25\u00b0C (0,5C\/0,5C)  <\/td>\n<\/tr>\n<tr>\n<th>Rodzaj zabezpiecze\u0144  <\/th>\n<td>Zabezpieczenie przed przepi\u0119ciem, przeci\u0105\u017ceniem, przegrzaniem, zwarciem, nisk\u0105 temperatur\u0105, niskim napi\u0119ciem, pr\u0105dem przet\u0119\u017ceniowym<\/td>\n<\/tr>\n<\/tbody>\n<\/table>\n<p>\u00a0<\/p>\n<h3>Inne<\/h3>\n<table>\n<tbody>\n<tr>\n<th>Temperatura roz\u0142adowania  <\/th>\n<td>Od \u201320\u00b0C do 45\u00b0C  <\/td>\n<\/tr>\n<tr>\n<th>Temperatura \u0142adowania  <\/th>\n<td>Od \u201320\u00b0C do 45\u00b0C  <\/td>\n<\/tr>\n<tr>\n<th>Temperatura przechowywania  <\/th>\n<td>Od \u201320\u00b0C do 45\u00b0C (optymalna: \u201320\u00b0C do 45\u00b0C)  <\/td>\n<\/tr>\n<tr>\n<th>Maksymalna wysoko\u015b\u0107 pracy  <\/th>\n<td>\u22643000 m  <\/td>\n<\/tr>\n<tr>\n<th>Klasa szczelno\u015bci<\/th>\n<td>IP54<\/td>\n<\/tr>\n<\/tbody>\n<\/table>\n<\/div>\n","protected":false},"excerpt":{"rendered":"<p>Akumulator do EcoFlow DELTA Pro Ultra Przygotuj si\u0119 na niespodziewane awarie, oszcz\u0119dzaj na rachunkach i miej pewno\u015b\u0107, \u017ce urz\u0105dzenia w<\/p>\n","protected":false},"featured_media":49873,"comment_status":"closed","ping_status":"open","template":"","meta":{"_acf_changed":false},"product_brand":[],"product_cat":[1108,1111,6199],"product_tag":[],"class_list":{"0":"post-60824","1":"product","2":"type-product","3":"status-publish","4":"has-post-thumbnail","6":"product_cat-energia","7":"product_cat-stacje-zasilania","8":"product_cat-stacje-zasilania-stacje-zasilania","9":"pa_okres-gwarancji-5757","10":"pa_producent-ecoflow","12":"first","13":"outofstock","14":"taxable","15":"shipping-taxable","16":"purchasable","17":"product-type-simple"},"acf":[],"yoast_head":"<!-- This site is optimized with the Yoast SEO plugin v27.2 - https:\/\/yoast.com\/product\/yoast-seo-wordpress\/ -->\n<title>Akumulator ECOFLOW DELTA Pro Ultra 6kWh - IRONSKY.PL Sklep z Dronami<\/title>\n<meta name=\"description\" content=\"Akumulator ECOFLOW DELTA Pro Ultra 6kWh - \u2705 sklep z dronami i fachowym doradztwem. \u2705 Tutaj kupisz produkty DJI, Yuneec, Parrot, Syma i wiele innych, a tak\u017ce kursy i licencje na operatora drona.\" \/>\n<meta name=\"robots\" content=\"index, follow, max-snippet:-1, max-image-preview:large, max-video-preview:-1\" \/>\n<link rel=\"canonical\" href=\"https:\/\/ironsky.pl\/sklep\/produkt\/akumulator-ecoflow-delta-pro-ultra-6kwh\/\" \/>\n<meta property=\"og:locale\" content=\"pl_PL\" \/>\n<meta property=\"og:type\" content=\"article\" \/>\n<meta property=\"og:title\" content=\"Akumulator ECOFLOW DELTA Pro Ultra 6kWh - IRONSKY.PL Sklep z Dronami\" \/>\n<meta property=\"og:description\" content=\"Akumulator ECOFLOW DELTA Pro Ultra 6kWh - \u2705 sklep z dronami i fachowym doradztwem. \u2705 Tutaj kupisz produkty DJI, Yuneec, Parrot, Syma i wiele innych, a tak\u017ce kursy i licencje na operatora drona.\" \/>\n<meta property=\"og:url\" content=\"https:\/\/ironsky.pl\/sklep\/produkt\/akumulator-ecoflow-delta-pro-ultra-6kwh\/\" \/>\n<meta property=\"og:site_name\" content=\"IRONSKY.PL Sklep z Dronami\" \/>\n<meta property=\"article:modified_time\" content=\"2026-04-15T09:08:49+00:00\" \/>\n<meta property=\"og:image\" content=\"https:\/\/ironsky.pl\/sklep\/wp-content\/uploads\/2025\/10\/54421_1.jpg\" \/>\n\t<meta property=\"og:image:width\" content=\"800\" \/>\n\t<meta property=\"og:image:height\" content=\"800\" \/>\n\t<meta property=\"og:image:type\" content=\"image\/jpeg\" \/>\n<meta name=\"twitter:card\" content=\"summary_large_image\" \/>\n<meta name=\"twitter:label1\" content=\"Szacowany czas czytania\" \/>\n\t<meta name=\"twitter:data1\" content=\"5 minut\" \/>\n<script type=\"application\/ld+json\" class=\"yoast-schema-graph\">{\"@context\":\"https:\/\/schema.org\",\"@graph\":[{\"@type\":\"WebPage\",\"@id\":\"https:\/\/ironsky.pl\/sklep\/produkt\/akumulator-ecoflow-delta-pro-ultra-6kwh\/\",\"url\":\"https:\/\/ironsky.pl\/sklep\/produkt\/akumulator-ecoflow-delta-pro-ultra-6kwh\/\",\"name\":\"Akumulator ECOFLOW DELTA Pro Ultra 6kWh - IRONSKY.PL Sklep z Dronami\",\"isPartOf\":{\"@id\":\"https:\/\/ironsky.pl\/sklep\/#website\"},\"primaryImageOfPage\":{\"@id\":\"https:\/\/ironsky.pl\/sklep\/produkt\/akumulator-ecoflow-delta-pro-ultra-6kwh\/#primaryimage\"},\"image\":{\"@id\":\"https:\/\/ironsky.pl\/sklep\/produkt\/akumulator-ecoflow-delta-pro-ultra-6kwh\/#primaryimage\"},\"thumbnailUrl\":\"https:\/\/ironsky.pl\/sklep\/wp-content\/uploads\/2025\/10\/54421_1.jpg\",\"datePublished\":\"2026-04-15T09:08:39+00:00\",\"dateModified\":\"2026-04-15T09:08:49+00:00\",\"description\":\"Akumulator ECOFLOW DELTA Pro Ultra 6kWh - \u2705 sklep z dronami i fachowym doradztwem. \u2705 Tutaj kupisz produkty DJI, Yuneec, Parrot, Syma i wiele innych, a tak\u017ce kursy i licencje na operatora drona.\",\"breadcrumb\":{\"@id\":\"https:\/\/ironsky.pl\/sklep\/produkt\/akumulator-ecoflow-delta-pro-ultra-6kwh\/#breadcrumb\"},\"inLanguage\":\"pl-PL\",\"potentialAction\":[{\"@type\":\"ReadAction\",\"target\":[\"https:\/\/ironsky.pl\/sklep\/produkt\/akumulator-ecoflow-delta-pro-ultra-6kwh\/\"]}]},{\"@type\":\"ImageObject\",\"inLanguage\":\"pl-PL\",\"@id\":\"https:\/\/ironsky.pl\/sklep\/produkt\/akumulator-ecoflow-delta-pro-ultra-6kwh\/#primaryimage\",\"url\":\"https:\/\/ironsky.pl\/sklep\/wp-content\/uploads\/2025\/10\/54421_1.jpg\",\"contentUrl\":\"https:\/\/ironsky.pl\/sklep\/wp-content\/uploads\/2025\/10\/54421_1.jpg\",\"width\":800,\"height\":800},{\"@type\":\"BreadcrumbList\",\"@id\":\"https:\/\/ironsky.pl\/sklep\/produkt\/akumulator-ecoflow-delta-pro-ultra-6kwh\/#breadcrumb\",\"itemListElement\":[{\"@type\":\"ListItem\",\"position\":1,\"name\":\"Strona g\u0142\u00f3wna\",\"item\":\"https:\/\/ironsky.pl\/sklep\/\"},{\"@type\":\"ListItem\",\"position\":2,\"name\":\"Wszystkie produkty\",\"item\":\"https:\/\/ironsky.pl\/sklep\/produkty\/\"},{\"@type\":\"ListItem\",\"position\":3,\"name\":\"Akumulator ECOFLOW DELTA Pro Ultra 6kWh\"}]},{\"@type\":\"WebSite\",\"@id\":\"https:\/\/ironsky.pl\/sklep\/#website\",\"url\":\"https:\/\/ironsky.pl\/sklep\/\",\"name\":\"IRONSKY.PL Sklep z Dronami\",\"description\":\"IRONSKY.PL Sklep z Dronami\",\"potentialAction\":[{\"@type\":\"SearchAction\",\"target\":{\"@type\":\"EntryPoint\",\"urlTemplate\":\"https:\/\/ironsky.pl\/sklep\/?s={search_term_string}\"},\"query-input\":{\"@type\":\"PropertyValueSpecification\",\"valueRequired\":true,\"valueName\":\"search_term_string\"}}],\"inLanguage\":\"pl-PL\"}]}<\/script>\n<!-- \/ Yoast SEO plugin. -->","yoast_head_json":{"title":"Akumulator ECOFLOW DELTA Pro Ultra 6kWh - IRONSKY.PL Sklep z Dronami","description":"Akumulator ECOFLOW DELTA Pro Ultra 6kWh - \u2705 sklep z dronami i fachowym doradztwem. \u2705 Tutaj kupisz produkty DJI, Yuneec, Parrot, Syma i wiele innych, a tak\u017ce kursy i licencje na operatora drona.","robots":{"index":"index","follow":"follow","max-snippet":"max-snippet:-1","max-image-preview":"max-image-preview:large","max-video-preview":"max-video-preview:-1"},"canonical":"https:\/\/ironsky.pl\/sklep\/produkt\/akumulator-ecoflow-delta-pro-ultra-6kwh\/","og_locale":"pl_PL","og_type":"article","og_title":"Akumulator ECOFLOW DELTA Pro Ultra 6kWh - IRONSKY.PL Sklep z Dronami","og_description":"Akumulator ECOFLOW DELTA Pro Ultra 6kWh - \u2705 sklep z dronami i fachowym doradztwem. \u2705 Tutaj kupisz produkty DJI, Yuneec, Parrot, Syma i wiele innych, a tak\u017ce kursy i licencje na operatora drona.","og_url":"https:\/\/ironsky.pl\/sklep\/produkt\/akumulator-ecoflow-delta-pro-ultra-6kwh\/","og_site_name":"IRONSKY.PL Sklep z Dronami","article_modified_time":"2026-04-15T09:08:49+00:00","og_image":[{"width":800,"height":800,"url":"https:\/\/ironsky.pl\/sklep\/wp-content\/uploads\/2025\/10\/54421_1.jpg","type":"image\/jpeg"}],"twitter_card":"summary_large_image","twitter_misc":{"Szacowany czas czytania":"5 minut"},"schema":{"@context":"https:\/\/schema.org","@graph":[{"@type":"WebPage","@id":"https:\/\/ironsky.pl\/sklep\/produkt\/akumulator-ecoflow-delta-pro-ultra-6kwh\/","url":"https:\/\/ironsky.pl\/sklep\/produkt\/akumulator-ecoflow-delta-pro-ultra-6kwh\/","name":"Akumulator ECOFLOW DELTA Pro Ultra 6kWh - IRONSKY.PL Sklep z Dronami","isPartOf":{"@id":"https:\/\/ironsky.pl\/sklep\/#website"},"primaryImageOfPage":{"@id":"https:\/\/ironsky.pl\/sklep\/produkt\/akumulator-ecoflow-delta-pro-ultra-6kwh\/#primaryimage"},"image":{"@id":"https:\/\/ironsky.pl\/sklep\/produkt\/akumulator-ecoflow-delta-pro-ultra-6kwh\/#primaryimage"},"thumbnailUrl":"https:\/\/ironsky.pl\/sklep\/wp-content\/uploads\/2025\/10\/54421_1.jpg","datePublished":"2026-04-15T09:08:39+00:00","dateModified":"2026-04-15T09:08:49+00:00","description":"Akumulator ECOFLOW DELTA Pro Ultra 6kWh - \u2705 sklep z dronami i fachowym doradztwem. \u2705 Tutaj kupisz produkty DJI, Yuneec, Parrot, Syma i wiele innych, a tak\u017ce kursy i licencje na operatora drona.","breadcrumb":{"@id":"https:\/\/ironsky.pl\/sklep\/produkt\/akumulator-ecoflow-delta-pro-ultra-6kwh\/#breadcrumb"},"inLanguage":"pl-PL","potentialAction":[{"@type":"ReadAction","target":["https:\/\/ironsky.pl\/sklep\/produkt\/akumulator-ecoflow-delta-pro-ultra-6kwh\/"]}]},{"@type":"ImageObject","inLanguage":"pl-PL","@id":"https:\/\/ironsky.pl\/sklep\/produkt\/akumulator-ecoflow-delta-pro-ultra-6kwh\/#primaryimage","url":"https:\/\/ironsky.pl\/sklep\/wp-content\/uploads\/2025\/10\/54421_1.jpg","contentUrl":"https:\/\/ironsky.pl\/sklep\/wp-content\/uploads\/2025\/10\/54421_1.jpg","width":800,"height":800},{"@type":"BreadcrumbList","@id":"https:\/\/ironsky.pl\/sklep\/produkt\/akumulator-ecoflow-delta-pro-ultra-6kwh\/#breadcrumb","itemListElement":[{"@type":"ListItem","position":1,"name":"Strona g\u0142\u00f3wna","item":"https:\/\/ironsky.pl\/sklep\/"},{"@type":"ListItem","position":2,"name":"Wszystkie produkty","item":"https:\/\/ironsky.pl\/sklep\/produkty\/"},{"@type":"ListItem","position":3,"name":"Akumulator ECOFLOW DELTA Pro Ultra 6kWh"}]},{"@type":"WebSite","@id":"https:\/\/ironsky.pl\/sklep\/#website","url":"https:\/\/ironsky.pl\/sklep\/","name":"IRONSKY.PL Sklep z Dronami","description":"IRONSKY.PL Sklep z Dronami","potentialAction":[{"@type":"SearchAction","target":{"@type":"EntryPoint","urlTemplate":"https:\/\/ironsky.pl\/sklep\/?s={search_term_string}"},"query-input":{"@type":"PropertyValueSpecification","valueRequired":true,"valueName":"search_term_string"}}],"inLanguage":"pl-PL"}]}},"_links":{"self":[{"href":"https:\/\/ironsky.pl\/sklep\/wp-json\/wp\/v2\/product\/60824","targetHints":{"allow":["GET"]}}],"collection":[{"href":"https:\/\/ironsky.pl\/sklep\/wp-json\/wp\/v2\/product"}],"about":[{"href":"https:\/\/ironsky.pl\/sklep\/wp-json\/wp\/v2\/types\/product"}],"replies":[{"embeddable":true,"href":"https:\/\/ironsky.pl\/sklep\/wp-json\/wp\/v2\/comments?post=60824"}],"wp:featuredmedia":[{"embeddable":true,"href":"https:\/\/ironsky.pl\/sklep\/wp-json\/wp\/v2\/media\/49873"}],"wp:attachment":[{"href":"https:\/\/ironsky.pl\/sklep\/wp-json\/wp\/v2\/media?parent=60824"}],"wp:term":[{"taxonomy":"product_brand","embeddable":true,"href":"https:\/\/ironsky.pl\/sklep\/wp-json\/wp\/v2\/product_brand?post=60824"},{"taxonomy":"product_cat","embeddable":true,"href":"https:\/\/ironsky.pl\/sklep\/wp-json\/wp\/v2\/product_cat?post=60824"},{"taxonomy":"product_tag","embeddable":true,"href":"https:\/\/ironsky.pl\/sklep\/wp-json\/wp\/v2\/product_tag?post=60824"}],"curies":[{"name":"wp","href":"https:\/\/api.w.org\/{rel}","templated":true}]}}