{"id":60810,"date":"2026-04-15T11:08:20","date_gmt":"2026-04-15T09:08:20","guid":{"rendered":"https:\/\/ironsky.pl\/sklep\/produkt\/dji-modify-flagship-dozywotnia-kod-elektroniczny-2\/"},"modified":"2026-04-15T11:08:34","modified_gmt":"2026-04-15T09:08:34","slug":"dji-modify-flagship-dozywotnia-kod-elektroniczny-2","status":"publish","type":"product","link":"https:\/\/ironsky.pl\/sklep\/produkt\/dji-modify-flagship-dozywotnia-kod-elektroniczny-2\/","title":{"rendered":"DJI Modify Flagship &#8211; do\u017cywotnia &#8211; kod elektroniczny"},"content":{"rendered":"<h3>DJI Modify Flagship &#8211; do\u017cywotnia &#8211; kod elektroniczny<\/h3>\n<p>DJI Modify to pierwsze inteligentne oprogramowanie DJI do edycji siatek 3D i chmur punkt\u00f3w, zaprojektowane z my\u015bl\u0105 o prostocie, intuicyjno\u015bci i wysokiej wydajno\u015bci. Umo\u017cliwia szybkie wyg\u0142adzanie, redukcj\u0119 szum\u00f3w, zmniejszanie g\u0119sto\u015bci oraz klasyfikacj\u0119 danych. Pozwala na automatyczne generowanie wynik\u00f3w terenu i jednoczesne usuwanie defekt\u00f3w siatek, takich jak dziury, zawieszone elementy czy pojazdy. Zintegrowane z DJI Terra i dronami DJI Enterprise tworzy kompleksowe, jednolite \u015brodowisko pracy \u2013 od pozyskania danych po ich finaln\u0105 obr\u00f3bk\u0119 i udost\u0119pnianie.<\/p>\n<p>\n<img decoding=\"async\" src=\"https:\/\/assets.innpro.pl\/17626\/23378\/1.jpg\" border=\"0\" alt=\"monitor z wy\u015bwietlonym oprogramowaniem do edycji modeli na biurku przed du\u017cym oknem z widokiem na miasto\" \/>\n<\/p>\n<h3>P\u0142ynna integracja z DJI Terra<\/h3>\n<p>DJI Modify zapewnia bezproblemowy przep\u0142yw pracy z DJI Terra, umo\u017cliwiaj\u0105c natychmiastowe przej\u0119cie wynik\u00f3w modelowania do dalszej edycji. Generowane wyniki terenu mo\u017cna z \u0142atwo\u015bci\u0105 eksportowa\u0107 do format\u00f3w zgodnych z bran\u017cowymi standardami (GIS, Geographic Information System \u2013 system informacji geograficznej; CAD, Computer-Aided Design \u2013 komputerowe wspomaganie projektowania). Takie rozwi\u0105zanie \u015bwietnie sprawdza si\u0119 w r\u00f3\u017cnych zastosowaniach i bran\u017cach \u2013 od pomiar\u00f3w i mapowania, przez po\u017carnictwo i reagowanie kryzysowe, a\u017c po transport.<\/p>\n<p>\n<img decoding=\"async\" src=\"https:\/\/assets.innpro.pl\/17626\/23378\/9.jpg\" border=\"0\" alt=\"przedstawienie integracji oprogramowania do edycji modeli i do tworzenia modeli\" \/>\n<\/p>\n<h3>Intuicyjna obs\u0142uga i uproszczony interfejs<\/h3>\n<p>Interfejs DJI Modify zosta\u0142 zaprojektowany z my\u015bl\u0105 o szybkim wdro\u017ceniu i prostocie. U\u017cytkownicy mog\u0105 b\u0142yskawicznie rozpocz\u0105\u0107 prac\u0119 bez konieczno\u015bci uczenia si\u0119 skomplikowanych funkcji. Narz\u0119dzia edycyjne s\u0105 praktyczne i \u0142atwe w obs\u0142udze, a standardowe operacje \u2013 takie jak import, eksport, naprawa tekstur czy automatyczne sp\u0142aszczanie pojazd\u00f3w \u2013 przebiegaj\u0105 p\u0142ynnie i bezproblemowo.<\/p>\n<p>\n<img decoding=\"async\" src=\"https:\/\/assets.innpro.pl\/17626\/23378\/4.jpg\" border=\"0\" alt=\"oprogramowanie do edycji modeli w\u0142\u0105czone na tablecie trzymanym w d\u0142oniach\" \/>\n<\/p>\n<h3>Jednoczesna edycja modeli o r\u00f3\u017cnej jako\u015bci<\/h3>\n<p>DJI Modify umo\u017cliwia wy\u015bwietlanie i edycj\u0119 modeli wysokiej i niskiej jako\u015bci w jednym interfejsie. Wszystkie wprowadzone zmiany s\u0105 synchronizowane i widoczne w czasie rzeczywistym, co pozwala na szybkie dostosowanie plik\u00f3w do r\u00f3\u017cnych zastosowa\u0144 \u2014 bez potrzeby prze\u0142\u0105czania si\u0119 mi\u0119dzy widokami.<\/p>\n<p>\n<img decoding=\"async\" src=\"https:\/\/assets.innpro.pl\/17626\/23378\/7.jpg\" border=\"0\" alt=\"m\u0119\u017cczyzna pracuj\u0105cy przy komputerze\" \/>\n<\/p>\n<h3>Zaawansowane tryby wizualizacji chmur punkt\u00f3w<\/h3>\n<p>Oprogramowanie obs\u0142uguje regulowany rozmiar punkt\u00f3w oraz wiele tryb\u00f3w wy\u015bwietlania, takich jak RGB (Red Green Blue \u2013 czerwony, zielony, niebieski), Elevation, Class, Intensity czy Number of Returns. Dost\u0119pna jest r\u00f3wnie\u017c nak\u0142adka kolorowania RGB i Class, co u\u0142atwia wizualn\u0105 ocen\u0119 klasyfikacji danych.<\/p>\n<p>\n<img decoding=\"async\" src=\"https:\/\/assets.innpro.pl\/17626\/23378\/6.jpg\" border=\"0\" alt=\"interfejs oprogramowania do edycji modeli\" \/>\n<\/p>\n<h3>Inteligentna klasyfikacja i obr\u00f3bka chmur punkt\u00f3w<\/h3>\n<p>Funkcja Smart Filter pozwala automatycznie rozr\u00f3\u017cnia\u0107 elementy takie jak grunt, ro\u015blinno\u015b\u0107, budynki, przewody, s\u0142upy energetyczne, pojazdy i obiekty ruchome \u2013 szczeg\u00f3lnie w \u015brodowiskach miejskich. Ponadto narz\u0119dzia takie jak szybki wyb\u00f3r czy wyb\u00f3r struktury umo\u017cliwiaj\u0105 precyzyjne poprawki. W razie potrzeby mo\u017cesz te\u017c dokona\u0107 r\u0119cznej klasyfikacji za pomoc\u0105 selekcji prostok\u0105tnej, p\u0119dzla lub pojedynczego punktu. Dost\u0119pna jest r\u00f3wnie\u017c regulacja tolerancji, kt\u00f3ra pozwala wybiera\u0107 obszary o zbli\u017conych kolorach.<\/p>\n<p>\n<img decoding=\"async\" src=\"https:\/\/assets.innpro.pl\/17626\/23378\/10.jpg\" border=\"0\" alt=\"interfejs oprogramowania do edycji modeli\" \/>\n<\/p>\n<h3>Redukcja szum\u00f3w, pr\u00f3bkowanie i wyg\u0142adzanie<\/h3>\n<p>DJI Modify pozwala na selektywne lub globalne usuwanie szum\u00f3w, regulacj\u0119 g\u0119sto\u015bci danych (wed\u0142ug odleg\u0142o\u015bci lub procentowo) oraz wyg\u0142adzanie chmur punkt\u00f3w. Dzi\u0119ki temu poprawia si\u0119 jako\u015b\u0107 wizualna i strukturalna modelu, a Ty zyskujesz wi\u0119ksz\u0105 kontrol\u0119 nad przejrzysto\u015bci\u0105 informacji.<\/p>\n<p>\n<img decoding=\"async\" src=\"https:\/\/assets.innpro.pl\/17626\/23378\/3.jpg\" border=\"0\" alt=\"interfejs oprogramowania do edycji modeli 3D\" \/>\n<\/p>\n<h3>Precyzyjne wyniki terenu z klasyfikowanych chmur<\/h3>\n<p>Oprogramowanie umo\u017cliwia przetwarzanie sklasyfikowanych chmur punkt\u00f3w gruntu w celu generowania cyfrowych modeli elewacyjnych (DEM, Digital Elevation Model \u2013 cyfrowy model elewacyjny), siatek nieregularnych (TIN, Triangulated Irregular Network \u2013 tr\u00f3jk\u0105tna nieregularna siatka), kontur\u00f3w oraz siatek punkt\u00f3w. Taka funkcjonalno\u015b\u0107 przydaje si\u0119 zw\u0142aszcza w geodezji, planowaniu przestrzennym i analizie \u015brodowiskowej.<\/p>\n<p>\n<img decoding=\"async\" src=\"https:\/\/assets.innpro.pl\/17626\/23378\/8.jpg\" border=\"0\" alt=\"interfejs oprogramowania do edycji chmur punkt\u00f3w i modeli 3D\" \/>\n<\/p>\n<h3>Naprawa siatek 3D bez wysi\u0142ku<\/h3>\n<p>DJI Modify identyfikuje zawieszone fragmenty modeli i pozwala na ich szybkie usuwanie za pomoc\u0105 selekcji prostok\u0105tnej lub pojedynczego klikni\u0119cia. Mo\u017cliwe jest r\u00f3wnie\u017c sp\u0142aszczanie pojazd\u00f3w, usuwanie lub klonowanie obiekt\u00f3w, automatyczne wykrywanie i wype\u0142nianie dziur, a tak\u017ce r\u0119czne rysowanie powierzchni wodnych z pe\u0142n\u0105 kontrol\u0105 nad ich wysoko\u015bci\u0105, kszta\u0142tem, po\u0142o\u017ceniem i zasi\u0119giem.<\/p>\n<p>\n<img decoding=\"async\" src=\"https:\/\/assets.innpro.pl\/17626\/23378\/2.jpg\" border=\"0\" alt=\"biurko z monitorem z widocznym oprogramowaniem do edycji modeli 3D pod du\u017cym oknem z widokiem na miasto\" \/>\n<\/p>\n<h3>Szybki eksport i udost\u0119pnianie w chmurze<\/h3>\n<p>Gotowe modele mo\u017cna eksportowa\u0107 do format\u00f3w takich jak PLY, OBJ czy B3DM (3D Tiles), kt\u00f3re s\u0105 kompatybilne z DJI Terra i oprogramowaniem firm trzecich. DJI Modify pozwala tak\u017ce na udost\u0119pnianie wynik\u00f3w w chmurze. Wystarczy wys\u0142a\u0107 link, aby umo\u017cliwi\u0107 przegl\u0105danie modelu online bez potrzeby instalacji dodatkowego oprogramowania \u2013 zar\u00f3wno na komputerach, jak i urz\u0105dzeniach mobilnych.<\/p>\n<p>\n<img decoding=\"async\" src=\"https:\/\/assets.innpro.pl\/17626\/23378\/5.jpg\" border=\"0\" alt=\"model miasta widoczny na ekranie tabletu trzymanego w d\u0142oniach\" \/><\/p>\n<h3>Plany licencyjne DJI Modify<\/h3>\n<table style=\"border-collapse:collapse;width:100%;font-family:sans-serif;font-size:14px\">\n<thead>\n<tr>\n<th style=\"border:1px solid #ccc;padding:8px;text-align:center\"><strong>Funkcja \/ Wersja<\/strong><\/th>\n<th style=\"border:1px solid #ccc;padding:8px;text-align:center\"><strong>Standard<\/strong><\/th>\n<th style=\"border:1px solid #ccc;padding:8px;text-align:center\"><strong>Flagship<\/strong><\/th>\n<\/tr>\n<\/thead>\n<tbody>\n<tr>\n<td style=\"border:1px solid #ccc;padding:8px\"><strong>Edycja siatek 3D<\/strong><\/td>\n<td style=\"border:1px solid #ccc;padding:8px;text-align:center\">\u2713<\/td>\n<td style=\"border:1px solid #ccc;padding:8px;text-align:center\">\u2713<\/td>\n<\/tr>\n<tr>\n<td style=\"border:1px solid #ccc;padding:8px\"><strong>Edycja chmur punkt\u00f3w<\/strong><\/td>\n<td style=\"border:1px solid #ccc;padding:8px;text-align:center\">\u2014<\/td>\n<td style=\"border:1px solid #ccc;padding:8px;text-align:center\">\u2713<\/td>\n<\/tr>\n<tr>\n<td style=\"border:1px solid #ccc;padding:8px\"><strong>Generowanie wynik\u00f3w terenu<\/strong><\/td>\n<td style=\"border:1px solid #ccc;padding:8px;text-align:center\">\u2014<\/td>\n<td style=\"border:1px solid #ccc;padding:8px;text-align:center\">\u2713<\/td>\n<\/tr>\n<tr>\n<td style=\"border:1px solid #ccc;padding:8px\"><strong>Udost\u0119pnianie w chmurze<\/strong><\/td>\n<td style=\"border:1px solid #ccc;padding:8px;text-align:center\">\u2713<\/td>\n<td style=\"border:1px solid #ccc;padding:8px;text-align:center\">\u2713<\/td>\n<\/tr>\n<tr>\n<td style=\"border:1px solid #ccc;padding:8px\"><strong>Eksport wynik\u00f3w<\/strong><\/td>\n<td style=\"border:1px solid #ccc;padding:8px;text-align:center\">\u2713<\/td>\n<td style=\"border:1px solid #ccc;padding:8px;text-align:center\">\u2713<\/td>\n<\/tr>\n<tr>\n<td style=\"border:1px solid #ccc;padding:8px\"><strong>Maks. liczba powi\u0105zanych urz\u0105dze\u0144<\/strong><\/td>\n<td style=\"border:1px solid #ccc;padding:8px;text-align:center\">1<\/td>\n<td style=\"border:1px solid #ccc;padding:8px;text-align:center\">1<\/td>\n<\/tr>\n<tr>\n<td style=\"border:1px solid #ccc;padding:8px\"><strong>Tryb autoryzacji<\/strong><\/td>\n<td style=\"border:1px solid #ccc;padding:8px;text-align:center\">Online<\/td>\n<td style=\"border:1px solid #ccc;padding:8px;text-align:center\">Online<\/td>\n<\/tr>\n<tr>\n<td style=\"border:1px solid #ccc;padding:8px\"><strong>Okres wa\u017cno\u015bci<\/strong><\/td>\n<td style=\"border:1px solid #ccc;padding:8px;text-align:center\">Bezterminowy<\/td>\n<td style=\"border:1px solid #ccc;padding:8px;text-align:center\">Bezterminowy<\/td>\n<\/tr>\n<\/tbody>\n<\/table>\n<div class=\"table-wrapper\">\n<\/div>\n","protected":false},"excerpt":{"rendered":"<p>DJI Modify Flagship &#8211; do\u017cywotnia &#8211; kod elektroniczny DJI Modify to pierwsze inteligentne oprogramowanie DJI do edycji siatek 3D i<\/p>\n","protected":false},"featured_media":49817,"comment_status":"closed","ping_status":"open","template":"","meta":{"_acf_changed":false},"product_brand":[],"product_cat":[1088,1105,6194],"product_tag":[],"class_list":{"0":"post-60810","1":"product","2":"type-product","3":"status-publish","4":"has-post-thumbnail","6":"product_cat-drony","7":"product_cat-przemyslowe","8":"product_cat-oprogramowanie","9":"pa_producent-dji-enterprise","11":"first","12":"outofstock","13":"taxable","14":"shipping-taxable","15":"purchasable","16":"product-type-simple"},"acf":[],"yoast_head":"<!-- This site is optimized with the Yoast SEO plugin v27.2 - https:\/\/yoast.com\/product\/yoast-seo-wordpress\/ -->\n<title>DJI Modify Flagship - do\u017cywotnia - kod elektroniczny - IRONSKY.PL Sklep z Dronami<\/title>\n<meta name=\"description\" content=\"DJI Modify Flagship - do\u017cywotnia - kod elektroniczny - \u2705 sklep z dronami i fachowym doradztwem. \u2705 Tutaj kupisz produkty DJI, Yuneec, Parrot, Syma i wiele innych, a tak\u017ce kursy i licencje na operatora drona.\" \/>\n<meta name=\"robots\" content=\"index, follow, max-snippet:-1, max-image-preview:large, max-video-preview:-1\" \/>\n<link rel=\"canonical\" href=\"https:\/\/ironsky.pl\/sklep\/produkt\/dji-modify-flagship-dozywotnia-kod-elektroniczny-2\/\" \/>\n<meta property=\"og:locale\" content=\"pl_PL\" \/>\n<meta property=\"og:type\" content=\"article\" \/>\n<meta property=\"og:title\" content=\"DJI Modify Flagship - do\u017cywotnia - kod elektroniczny - IRONSKY.PL Sklep z Dronami\" \/>\n<meta property=\"og:description\" content=\"DJI Modify Flagship - do\u017cywotnia - kod elektroniczny - \u2705 sklep z dronami i fachowym doradztwem. \u2705 Tutaj kupisz produkty DJI, Yuneec, Parrot, Syma i wiele innych, a tak\u017ce kursy i licencje na operatora drona.\" \/>\n<meta property=\"og:url\" content=\"https:\/\/ironsky.pl\/sklep\/produkt\/dji-modify-flagship-dozywotnia-kod-elektroniczny-2\/\" \/>\n<meta property=\"og:site_name\" content=\"IRONSKY.PL Sklep z Dronami\" \/>\n<meta property=\"article:modified_time\" content=\"2026-04-15T09:08:34+00:00\" \/>\n<meta property=\"og:image\" content=\"https:\/\/ironsky.pl\/sklep\/wp-content\/uploads\/2025\/10\/54356_1.jpg\" \/>\n\t<meta property=\"og:image:width\" content=\"800\" \/>\n\t<meta property=\"og:image:height\" content=\"800\" \/>\n\t<meta property=\"og:image:type\" content=\"image\/jpeg\" \/>\n<meta name=\"twitter:card\" content=\"summary_large_image\" \/>\n<meta name=\"twitter:label1\" content=\"Szacowany czas czytania\" \/>\n\t<meta name=\"twitter:data1\" content=\"4 minuty\" \/>\n<script type=\"application\/ld+json\" class=\"yoast-schema-graph\">{\"@context\":\"https:\/\/schema.org\",\"@graph\":[{\"@type\":\"WebPage\",\"@id\":\"https:\/\/ironsky.pl\/sklep\/produkt\/dji-modify-flagship-dozywotnia-kod-elektroniczny-2\/\",\"url\":\"https:\/\/ironsky.pl\/sklep\/produkt\/dji-modify-flagship-dozywotnia-kod-elektroniczny-2\/\",\"name\":\"DJI Modify Flagship - do\u017cywotnia - kod elektroniczny - IRONSKY.PL Sklep z Dronami\",\"isPartOf\":{\"@id\":\"https:\/\/ironsky.pl\/sklep\/#website\"},\"primaryImageOfPage\":{\"@id\":\"https:\/\/ironsky.pl\/sklep\/produkt\/dji-modify-flagship-dozywotnia-kod-elektroniczny-2\/#primaryimage\"},\"image\":{\"@id\":\"https:\/\/ironsky.pl\/sklep\/produkt\/dji-modify-flagship-dozywotnia-kod-elektroniczny-2\/#primaryimage\"},\"thumbnailUrl\":\"https:\/\/ironsky.pl\/sklep\/wp-content\/uploads\/2025\/10\/54356_1.jpg\",\"datePublished\":\"2026-04-15T09:08:20+00:00\",\"dateModified\":\"2026-04-15T09:08:34+00:00\",\"description\":\"DJI Modify Flagship - do\u017cywotnia - kod elektroniczny - \u2705 sklep z dronami i fachowym doradztwem. \u2705 Tutaj kupisz produkty DJI, Yuneec, Parrot, Syma i wiele innych, a tak\u017ce kursy i licencje na operatora drona.\",\"breadcrumb\":{\"@id\":\"https:\/\/ironsky.pl\/sklep\/produkt\/dji-modify-flagship-dozywotnia-kod-elektroniczny-2\/#breadcrumb\"},\"inLanguage\":\"pl-PL\",\"potentialAction\":[{\"@type\":\"ReadAction\",\"target\":[\"https:\/\/ironsky.pl\/sklep\/produkt\/dji-modify-flagship-dozywotnia-kod-elektroniczny-2\/\"]}]},{\"@type\":\"ImageObject\",\"inLanguage\":\"pl-PL\",\"@id\":\"https:\/\/ironsky.pl\/sklep\/produkt\/dji-modify-flagship-dozywotnia-kod-elektroniczny-2\/#primaryimage\",\"url\":\"https:\/\/ironsky.pl\/sklep\/wp-content\/uploads\/2025\/10\/54356_1.jpg\",\"contentUrl\":\"https:\/\/ironsky.pl\/sklep\/wp-content\/uploads\/2025\/10\/54356_1.jpg\",\"width\":800,\"height\":800},{\"@type\":\"BreadcrumbList\",\"@id\":\"https:\/\/ironsky.pl\/sklep\/produkt\/dji-modify-flagship-dozywotnia-kod-elektroniczny-2\/#breadcrumb\",\"itemListElement\":[{\"@type\":\"ListItem\",\"position\":1,\"name\":\"Strona g\u0142\u00f3wna\",\"item\":\"https:\/\/ironsky.pl\/sklep\/\"},{\"@type\":\"ListItem\",\"position\":2,\"name\":\"Wszystkie produkty\",\"item\":\"https:\/\/ironsky.pl\/sklep\/produkty\/\"},{\"@type\":\"ListItem\",\"position\":3,\"name\":\"DJI Modify Flagship &#8211; do\u017cywotnia &#8211; kod elektroniczny\"}]},{\"@type\":\"WebSite\",\"@id\":\"https:\/\/ironsky.pl\/sklep\/#website\",\"url\":\"https:\/\/ironsky.pl\/sklep\/\",\"name\":\"IRONSKY.PL Sklep z Dronami\",\"description\":\"IRONSKY.PL Sklep z Dronami\",\"potentialAction\":[{\"@type\":\"SearchAction\",\"target\":{\"@type\":\"EntryPoint\",\"urlTemplate\":\"https:\/\/ironsky.pl\/sklep\/?s={search_term_string}\"},\"query-input\":{\"@type\":\"PropertyValueSpecification\",\"valueRequired\":true,\"valueName\":\"search_term_string\"}}],\"inLanguage\":\"pl-PL\"}]}<\/script>\n<!-- \/ Yoast SEO plugin. -->","yoast_head_json":{"title":"DJI Modify Flagship - do\u017cywotnia - kod elektroniczny - IRONSKY.PL Sklep z Dronami","description":"DJI Modify Flagship - do\u017cywotnia - kod elektroniczny - \u2705 sklep z dronami i fachowym doradztwem. \u2705 Tutaj kupisz produkty DJI, Yuneec, Parrot, Syma i wiele innych, a tak\u017ce kursy i licencje na operatora drona.","robots":{"index":"index","follow":"follow","max-snippet":"max-snippet:-1","max-image-preview":"max-image-preview:large","max-video-preview":"max-video-preview:-1"},"canonical":"https:\/\/ironsky.pl\/sklep\/produkt\/dji-modify-flagship-dozywotnia-kod-elektroniczny-2\/","og_locale":"pl_PL","og_type":"article","og_title":"DJI Modify Flagship - do\u017cywotnia - kod elektroniczny - IRONSKY.PL Sklep z Dronami","og_description":"DJI Modify Flagship - do\u017cywotnia - kod elektroniczny - \u2705 sklep z dronami i fachowym doradztwem. \u2705 Tutaj kupisz produkty DJI, Yuneec, Parrot, Syma i wiele innych, a tak\u017ce kursy i licencje na operatora drona.","og_url":"https:\/\/ironsky.pl\/sklep\/produkt\/dji-modify-flagship-dozywotnia-kod-elektroniczny-2\/","og_site_name":"IRONSKY.PL Sklep z Dronami","article_modified_time":"2026-04-15T09:08:34+00:00","og_image":[{"width":800,"height":800,"url":"https:\/\/ironsky.pl\/sklep\/wp-content\/uploads\/2025\/10\/54356_1.jpg","type":"image\/jpeg"}],"twitter_card":"summary_large_image","twitter_misc":{"Szacowany czas czytania":"4 minuty"},"schema":{"@context":"https:\/\/schema.org","@graph":[{"@type":"WebPage","@id":"https:\/\/ironsky.pl\/sklep\/produkt\/dji-modify-flagship-dozywotnia-kod-elektroniczny-2\/","url":"https:\/\/ironsky.pl\/sklep\/produkt\/dji-modify-flagship-dozywotnia-kod-elektroniczny-2\/","name":"DJI Modify Flagship - do\u017cywotnia - kod elektroniczny - IRONSKY.PL Sklep z Dronami","isPartOf":{"@id":"https:\/\/ironsky.pl\/sklep\/#website"},"primaryImageOfPage":{"@id":"https:\/\/ironsky.pl\/sklep\/produkt\/dji-modify-flagship-dozywotnia-kod-elektroniczny-2\/#primaryimage"},"image":{"@id":"https:\/\/ironsky.pl\/sklep\/produkt\/dji-modify-flagship-dozywotnia-kod-elektroniczny-2\/#primaryimage"},"thumbnailUrl":"https:\/\/ironsky.pl\/sklep\/wp-content\/uploads\/2025\/10\/54356_1.jpg","datePublished":"2026-04-15T09:08:20+00:00","dateModified":"2026-04-15T09:08:34+00:00","description":"DJI Modify Flagship - do\u017cywotnia - kod elektroniczny - \u2705 sklep z dronami i fachowym doradztwem. \u2705 Tutaj kupisz produkty DJI, Yuneec, Parrot, Syma i wiele innych, a tak\u017ce kursy i licencje na operatora drona.","breadcrumb":{"@id":"https:\/\/ironsky.pl\/sklep\/produkt\/dji-modify-flagship-dozywotnia-kod-elektroniczny-2\/#breadcrumb"},"inLanguage":"pl-PL","potentialAction":[{"@type":"ReadAction","target":["https:\/\/ironsky.pl\/sklep\/produkt\/dji-modify-flagship-dozywotnia-kod-elektroniczny-2\/"]}]},{"@type":"ImageObject","inLanguage":"pl-PL","@id":"https:\/\/ironsky.pl\/sklep\/produkt\/dji-modify-flagship-dozywotnia-kod-elektroniczny-2\/#primaryimage","url":"https:\/\/ironsky.pl\/sklep\/wp-content\/uploads\/2025\/10\/54356_1.jpg","contentUrl":"https:\/\/ironsky.pl\/sklep\/wp-content\/uploads\/2025\/10\/54356_1.jpg","width":800,"height":800},{"@type":"BreadcrumbList","@id":"https:\/\/ironsky.pl\/sklep\/produkt\/dji-modify-flagship-dozywotnia-kod-elektroniczny-2\/#breadcrumb","itemListElement":[{"@type":"ListItem","position":1,"name":"Strona g\u0142\u00f3wna","item":"https:\/\/ironsky.pl\/sklep\/"},{"@type":"ListItem","position":2,"name":"Wszystkie produkty","item":"https:\/\/ironsky.pl\/sklep\/produkty\/"},{"@type":"ListItem","position":3,"name":"DJI Modify Flagship &#8211; do\u017cywotnia &#8211; kod elektroniczny"}]},{"@type":"WebSite","@id":"https:\/\/ironsky.pl\/sklep\/#website","url":"https:\/\/ironsky.pl\/sklep\/","name":"IRONSKY.PL Sklep z Dronami","description":"IRONSKY.PL Sklep z Dronami","potentialAction":[{"@type":"SearchAction","target":{"@type":"EntryPoint","urlTemplate":"https:\/\/ironsky.pl\/sklep\/?s={search_term_string}"},"query-input":{"@type":"PropertyValueSpecification","valueRequired":true,"valueName":"search_term_string"}}],"inLanguage":"pl-PL"}]}},"_links":{"self":[{"href":"https:\/\/ironsky.pl\/sklep\/wp-json\/wp\/v2\/product\/60810","targetHints":{"allow":["GET"]}}],"collection":[{"href":"https:\/\/ironsky.pl\/sklep\/wp-json\/wp\/v2\/product"}],"about":[{"href":"https:\/\/ironsky.pl\/sklep\/wp-json\/wp\/v2\/types\/product"}],"replies":[{"embeddable":true,"href":"https:\/\/ironsky.pl\/sklep\/wp-json\/wp\/v2\/comments?post=60810"}],"wp:featuredmedia":[{"embeddable":true,"href":"https:\/\/ironsky.pl\/sklep\/wp-json\/wp\/v2\/media\/49817"}],"wp:attachment":[{"href":"https:\/\/ironsky.pl\/sklep\/wp-json\/wp\/v2\/media?parent=60810"}],"wp:term":[{"taxonomy":"product_brand","embeddable":true,"href":"https:\/\/ironsky.pl\/sklep\/wp-json\/wp\/v2\/product_brand?post=60810"},{"taxonomy":"product_cat","embeddable":true,"href":"https:\/\/ironsky.pl\/sklep\/wp-json\/wp\/v2\/product_cat?post=60810"},{"taxonomy":"product_tag","embeddable":true,"href":"https:\/\/ironsky.pl\/sklep\/wp-json\/wp\/v2\/product_tag?post=60810"}],"curies":[{"name":"wp","href":"https:\/\/api.w.org\/{rel}","templated":true}]}}