{"id":60796,"date":"2026-04-15T11:08:20","date_gmt":"2026-04-15T09:08:20","guid":{"rendered":"https:\/\/ironsky.pl\/sklep\/produkt\/stacja-zasilania-ecoflow-river-2-256wh-wtyczka-ch\/"},"modified":"2026-04-15T11:08:21","modified_gmt":"2026-04-15T09:08:21","slug":"stacja-zasilania-ecoflow-river-2-256wh-wtyczka-ch","status":"publish","type":"product","link":"https:\/\/ironsky.pl\/sklep\/produkt\/stacja-zasilania-ecoflow-river-2-256wh-wtyczka-ch\/","title":{"rendered":"Stacja zasilania ECOFLOW RIVER 2 256Wh wtyczka CH"},"content":{"rendered":"<h3>Przeno\u015bna stacja zasilania EcoFlow RIVER 2 (Wersja z wtyczk\u0105 CH)<\/h3>\n<p>Zadbaj o niezawodne \u017ar\u00f3d\u0142o zasilania dla swoich urz\u0105dze\u0144. Przeno\u015bna stacja EcoFlow RIVER 2 wyr\u00f3\u017cnia si\u0119 pojemno\u015bci\u0105 256 Wh i mo\u017ce dostarcza\u0107 energi\u0119 wi\u0119kszo\u015bci popularnych sprz\u0119t\u00f3w. Jej moc wyj\u015bciowa si\u0119ga 300 W, a dzi\u0119ki technologii X-Boost poradzi sobie nawet w wypadku 600 W. Produkt obs\u0142uguje te\u017c szybkie \u0142adowanie &#8211; aby na\u0142adowa\u0107 go do 100%, wystarczy oko\u0142o 60 minut! Co wi\u0119cej, stacja jest zaskakuj\u0105co lekka i przeno\u015bna, a jej wygodn\u0105 obs\u0142ug\u0119 umo\u017cliwia dedykowana aplikacja. <strong>Uwaga: urz\u0105dzenie ma wtyczk\u0119 szwajcarsk\u0105.<\/strong><\/p>\n<p>\n<img decoding=\"async\" src=\"https:\/\/assets.innpro.pl\/17709\/23481\/4.jpg\" border=\"0\" alt=\"stacja zasilania na sto\u0142ku w wysokiej trawie obok panelu fotowoltaicznego\" \/>\n<\/p>\n<h3>Mo\u017ce zasila\u0107 wi\u0119kszo\u015b\u0107 popularnych urz\u0105dze\u0144<\/h3>\n<p>Niewa\u017cne, jakim urz\u0105dzeniom chcesz dostarcza\u0107 energi\u0119 &#8211; RIVER 2 Ci\u0119 nie zawiedzie! Moc wyj\u015bciowa stacji wynosi do 300 W (gniazdko AC). Mo\u017cesz te\u017c skorzysta\u0107 z technologii X-Boost, dzi\u0119ki kt\u00f3rej produkt poradzi sobie nawet ze sprz\u0119tem o mocy do 600 W. Wszystko to sprawia, \u017ce RIVER 2 pozwala zasila\u0107 wi\u0119kszo\u015b\u0107 powszechnie u\u017cywanych urz\u0105dze\u0144 takich jak laptop, lampa czy blender.<\/p>\n<p>\n<img decoding=\"async\" src=\"https:\/\/assets.innpro.pl\/17709\/23481\/9.jpg\" border=\"0\" alt=\"stacja zasilania na stole podczas posi\u0142ku z osobami trzymaj\u0105cymi telefony w tle\" \/>\n<\/p>\n<h3>Od 0% do 100% w godzin\u0119<\/h3>\n<p>Przekonaj si\u0119, jak szybko Twoja stacja mo\u017ce by\u0107 zn\u00f3w gotowa do pracy. RIVER 2 obs\u0142uguje szybkie \u0142adowanie &#8211; za pomoc\u0105 gniazdka AC do 100% na\u0142adujesz j\u0105 ju\u017c w oko\u0142o godzin\u0119! Wybierasz si\u0119 na wypraw\u0119 w teren? A mo\u017ce planujesz podr\u00f3\u017c kamperem? Pod\u0142\u0105cz stacj\u0119 do \u0142adowania i zajmij si\u0119 pakowaniem baga\u017cu. Zanim sko\u0144czysz, RIVER 2 b\u0119dzie w pe\u0142ni gotowa, aby Ci s\u0142u\u017cy\u0107!<\/p>\n<p>\n<img decoding=\"async\" src=\"https:\/\/assets.innpro.pl\/17709\/23481\/10.jpg\" border=\"0\" alt=\"stacja zasilania z pod\u0142\u0105czonymi kablami na pok\u0142adzie \u0142odzi z wentylatorem i widokiem na g\u00f3ry\" \/>\n<\/p>\n<h3>4 sposoby \u0142adowania<\/h3>\n<p>\u0141aduj swoj\u0105 stacj\u0119 tak, jak chcesz. RIVER 2 obs\u0142uguje a\u017c 4 sposoby \u0142adowania, dzi\u0119ki czemu \u015bwietnie sprawdzi si\u0119 w r\u00f3\u017cnych scenariuszach. Mo\u017cesz na przyk\u0142ad pod\u0142\u0105czy\u0107 j\u0105 do gniazdka AC lub u\u017cy\u0107 \u0142adowarki samochodowej. Istnieje te\u017c mo\u017cliwo\u015b\u0107 korzystania z og\u00f3lnodost\u0119pnej, ekologicznej energii s\u0142onecznej &#8211; za pomoc\u0105 paneli fotowoltaicznych na\u0142adujesz stacj\u0119 w oko\u0142o 3 godziny. RIVER 2 oferuje te\u017c zupe\u0142nie nowy spos\u00f3b \u0142adowania przez USB-C (Universal Serial Bus Type-C, uniwersalne z\u0142\u0105cze do przesy\u0142ania danych i zasilania).<\/p>\n<p>\n<img decoding=\"async\" src=\"https:\/\/assets.innpro.pl\/17709\/23481\/2.jpg\" border=\"0\" alt=\"przeno\u015bna stacja zasilania z panelami s\u0142onecznymi na kempingu z namiotem i m\u0119\u017cczyzn\u0105 robi\u0105cym zdj\u0119cia\" \/>\n<\/p>\n<h3>Niezawodny akumulator<\/h3>\n<p>RIVER 2 to doskona\u0142a inwestycja na lata &#8211; b\u0119dzie \u015bwietnie Ci s\u0142u\u017cy\u0107 przez d\u0142ugi czas. Zosta\u0142a wyposa\u017cona w ulepszony akumulator LFP, kt\u00f3ry wyr\u00f3\u017cnia si\u0119 imponuj\u0105c\u0105 \u017cywotno\u015bci\u0105. Dzi\u0119ki niemu mo\u017cesz ca\u0142kowicie na\u0142adowa\u0107 i roz\u0142adowa\u0107 stacj\u0119 nawet 3000 razy! To przek\u0142ada si\u0119 na oko\u0142o 10 lat u\u017cytkowania. Ponadto zastosowanie ogniw LFP (Lithium Iron Phosphate, litowo-\u017celazowo-fosforanowy) gwarantuje wydajn\u0105 i bezpieczn\u0105 prac\u0119 urz\u0105dzenia &#8211; nawet przy wysokich temperaturach. Za niezawodne dzia\u0142anie akumulatora odpowiada te\u017c zaawansowany system BMS (Battery Management System, system zarz\u0105dzania bateri\u0105).<\/p>\n<p>\n<img decoding=\"async\" src=\"https:\/\/assets.innpro.pl\/17709\/23481\/12.jpg\" border=\"0\" alt=\"Generator energii umieszczony w baga\u017cniku samochodu mi\u0119dzy ubraniami i innymi rzeczami\" \/>\n<\/p>\n<h3>Zawsze pod r\u0119k\u0105<\/h3>\n<p>Wybierasz si\u0119 na piknik? Organizujesz grilla? A mo\u017ce planujesz wycieczk\u0119 pod namiot? Zabierz RIVER 2 ze sob\u0105 i ciesz si\u0119 wygodnym dost\u0119pem do pr\u0105du, gdziekolwiek si\u0119 znajdziesz! Nowa stacja EcoFlow jest a\u017c o 30% l\u017cejsza ni\u017c urz\u0105dzenia poprzedniej generacji &#8211; wa\u017cy zaledwie oko\u0142o 3,5 kg. Zosta\u0142a te\u017c wyposa\u017cona w praktyczny uchwyt, kt\u00f3ry znacznie u\u0142atwia jej przenoszenie.<\/p>\n<p>\n<img decoding=\"async\" src=\"https:\/\/assets.innpro.pl\/17709\/23481\/7.jpg\" border=\"0\" alt=\"dron ustawiony na przeno\u015bnej stacji zasilania stoj\u0105cej na skrzyni na polu\" \/>\n<\/p>\n<h3>Funkcja EPS<\/h3>\n<p>Niekt\u00f3rych sytuacji nie da si\u0119 przewidzie\u0107, ale mo\u017cna si\u0119 na nie przygotowa\u0107. Stacja EcoFlow RIVER 2 przyda Ci si\u0119 r\u00f3wnie\u017c do zasilania awaryjnego &#8211; mo\u017ce pe\u0142ni\u0107 funkcj\u0119 EPS (Emergency Power Supply, awaryjne \u017ar\u00f3d\u0142o zasilania). To oznacza, \u017ce je\u015bli nast\u0105pi przerwa w dostawie pr\u0105du, produkt w oko\u0142o 30 ms zacznie dostarcza\u0107 energi\u0119 pod\u0142\u0105czonym sprz\u0119tom, na przyk\u0142ad aparatowi CPAP (Continuous Positive Airway Pressure, aparat do terapii bezdechu sennego), lampie lub akwarium. Dzi\u0119ki temu masz pewno\u015b\u0107, \u017ce urz\u0105dzenia, na kt\u00f3rych pracy Ci zale\u017cy, b\u0119d\u0105 dzia\u0142a\u0107 niemal w ka\u017cdej sytuacji!<\/p>\n<p>\n<img decoding=\"async\" src=\"https:\/\/assets.innpro.pl\/17709\/23481\/13.jpg\" border=\"0\" alt=\"Generator energii z pod\u0142\u0105czonymi kablami na skalistym pustynnym terenie obok osoby w r\u00f3\u017cowej kurtce\" \/>\n<\/p>\n<h3>Pe\u0142na kontrola z aplikacj\u0105 EcoFlow<\/h3>\n<p>Teraz mo\u017cesz wygodnie kontrolowa\u0107 swoj\u0105 stacj\u0119 zasilania na odleg\u0142o\u015b\u0107. Wystarczy skorzysta\u0107 z aplikacji EcoFlow, kt\u00f3r\u0105 znajdziesz na przyk\u0142ad w sklepie App Store lub Google Play. Za jej pomoc\u0105 w prosty spos\u00f3b sprawdzisz poziomy na\u0142adowania, dostosujesz ustawienia i zmienisz pr\u0119dko\u015bci \u0142adowania. RIVER 2 \u0142\u0105czy si\u0119 ze smartfonem przez Bluetooth lub Wi-Fi. Z EcoFlow wszystko, czego potrzebujesz, masz w zasi\u0119gu r\u0119ki!<\/p>\n<p>\n<img decoding=\"async\" src=\"https:\/\/assets.innpro.pl\/17709\/23481\/5.jpg\" border=\"0\" alt=\"trzy stacje zasilania r\u00f3\u017cnej wielko\u015bci ustawione na drewnianej \u0142awce w polu\" \/>\n<\/p>\n<div class=\"table-wrapper\">\n<p>\u00a0<\/p>\n<h3><\/h3>\n<table>\n<tbody>\n<tr>\n<th>Producent <\/th>\n<td>EcoFlow<\/td>\n<\/tr>\n<tr>\n<th>Model <\/th>\n<td>RIVER 2<\/td>\n<\/tr>\n<tr>\n<th>Pojemno\u015b\u0107 <\/th>\n<td>256 Wh<\/td>\n<\/tr>\n<tr>\n<th>Waga <\/th>\n<td>Ok. 3,5 kg<\/td>\n<\/tr>\n<tr>\n<th>Wymiary <\/th>\n<td>Ok. 245 x 214 x 142 mm<\/td>\n<\/tr>\n<tr>\n<th>Wej\u015bcie AC <\/th>\n<td>220-240 V~ 50\/60 Hz, 8 A maks.<\/td>\n<\/tr>\n<tr>\n<th>Wej\u015bcie DC 1<\/th>\n<td>1-30 V 110 W, 8 A maks.<\/td>\n<\/tr>\n<tr>\n<th>Wej\u015bcie \/ wyj\u015bcie USB-C <\/th>\n<td>5 \/ 9 \/ 12 \/ 15 \/ 20 V 3 A, 60 W maks.<\/td>\n<\/tr>\n<tr>\n<th>Wyj\u015bcie USB-A <\/th>\n<td>5 V 2,4 A 12 W maks. (na ka\u017cdy port)<\/td>\n<\/tr>\n<tr>\n<th>Wyj\u015bcie DC <\/th>\n<td>12,6 V 8 A, 100 W maks.<\/td>\n<\/tr>\n<tr>\n<th>Wyj\u015bcie AC <\/th>\n<td>Czysta fala sinusoidalna, \u0142\u0105cznie 300 W (przep\u0142yw 600 W), 230 V~ 50\/60 Hz<\/td>\n<\/tr>\n<tr>\n<th>Ogniwo akumulatora <\/th>\n<td>LFP<\/td>\n<\/tr>\n<tr>\n<th>\u017bywotno\u015b\u0107 <\/th>\n<td>80% pojemno\u015bci po 3000 cykli \u0142adowania<\/td>\n<\/tr>\n<tr>\n<th>Temperatura roz\u0142adowania <\/th>\n<td>Od -10\u00b0C do 45\u00b0C<\/td>\n<\/tr>\n<tr>\n<th>Temperatura \u0142adowania <\/th>\n<td>Od 0\u00b0C do 45\u00b0C<\/td>\n<\/tr>\n<tr>\n<th>Optymalna temperatura pracy<\/th>\n<td>Od 20\u00b0C do 30\u00b0C<\/td>\n<\/tr>\n<tr>\n<th>Temperatura przechowywania <\/th>\n<td>Od -10\u00b0C do 45\u00b0C (optymalnie od 20\u00b0C do 30\u00b0C)<\/td>\n<\/tr>\n<tr>\n<th>Aplikacja <\/th>\n<td>EcoFlow<\/td>\n<\/tr>\n<tr>\n<th>\u0141\u0105czno\u015b\u0107 <\/th>\n<td>Wi-Fi, Bluetooth<\/td>\n<\/tr>\n<tr>\n<th>Rodzaj wtyczki<\/th>\n<td>Szwajcarska<\/td>\n<\/tr>\n<\/tbody>\n<\/table>\n<\/div>\n","protected":false},"excerpt":{"rendered":"<p>Przeno\u015bna stacja zasilania EcoFlow RIVER 2 (Wersja z wtyczk\u0105 CH) Zadbaj o niezawodne \u017ar\u00f3d\u0142o zasilania dla swoich urz\u0105dze\u0144. Przeno\u015bna stacja<\/p>\n","protected":false},"featured_media":49778,"comment_status":"closed","ping_status":"open","template":"","meta":{"_acf_changed":false},"product_brand":[],"product_cat":[1108,6199,1111],"product_tag":[],"class_list":{"0":"post-60796","1":"product","2":"type-product","3":"status-publish","4":"has-post-thumbnail","6":"product_cat-energia","7":"product_cat-stacje-zasilania-stacje-zasilania","8":"product_cat-stacje-zasilania","9":"pa_okres-gwarancji-5757","10":"pa_producent-ecoflow","12":"first","13":"outofstock","14":"taxable","15":"shipping-taxable","16":"purchasable","17":"product-type-simple"},"acf":[],"yoast_head":"<!-- This site is optimized with the Yoast SEO plugin v27.2 - https:\/\/yoast.com\/product\/yoast-seo-wordpress\/ -->\n<title>Stacja zasilania ECOFLOW RIVER 2 256Wh wtyczka CH - IRONSKY.PL Sklep z Dronami<\/title>\n<meta name=\"description\" content=\"Stacja zasilania ECOFLOW RIVER 2 256Wh wtyczka CH - \u2705 sklep z dronami i fachowym doradztwem. \u2705 Tutaj kupisz produkty DJI, Yuneec, Parrot, Syma i wiele innych, a tak\u017ce kursy i licencje na operatora drona.\" \/>\n<meta name=\"robots\" content=\"index, follow, max-snippet:-1, max-image-preview:large, max-video-preview:-1\" \/>\n<link rel=\"canonical\" href=\"https:\/\/ironsky.pl\/sklep\/produkt\/stacja-zasilania-ecoflow-river-2-256wh-wtyczka-ch\/\" \/>\n<meta property=\"og:locale\" content=\"pl_PL\" \/>\n<meta property=\"og:type\" content=\"article\" \/>\n<meta property=\"og:title\" content=\"Stacja zasilania ECOFLOW RIVER 2 256Wh wtyczka CH - IRONSKY.PL Sklep z Dronami\" \/>\n<meta property=\"og:description\" content=\"Stacja zasilania ECOFLOW RIVER 2 256Wh wtyczka CH - \u2705 sklep z dronami i fachowym doradztwem. \u2705 Tutaj kupisz produkty DJI, Yuneec, Parrot, Syma i wiele innych, a tak\u017ce kursy i licencje na operatora drona.\" \/>\n<meta property=\"og:url\" content=\"https:\/\/ironsky.pl\/sklep\/produkt\/stacja-zasilania-ecoflow-river-2-256wh-wtyczka-ch\/\" \/>\n<meta property=\"og:site_name\" content=\"IRONSKY.PL Sklep z Dronami\" \/>\n<meta property=\"article:modified_time\" content=\"2026-04-15T09:08:21+00:00\" \/>\n<meta property=\"og:image\" content=\"https:\/\/ironsky.pl\/sklep\/wp-content\/uploads\/2025\/10\/54306_1.jpg\" \/>\n\t<meta property=\"og:image:width\" content=\"800\" \/>\n\t<meta property=\"og:image:height\" content=\"800\" \/>\n\t<meta property=\"og:image:type\" content=\"image\/jpeg\" \/>\n<meta name=\"twitter:card\" content=\"summary_large_image\" \/>\n<meta name=\"twitter:label1\" content=\"Szacowany czas czytania\" \/>\n\t<meta name=\"twitter:data1\" content=\"4 minuty\" \/>\n<script type=\"application\/ld+json\" class=\"yoast-schema-graph\">{\"@context\":\"https:\/\/schema.org\",\"@graph\":[{\"@type\":\"WebPage\",\"@id\":\"https:\/\/ironsky.pl\/sklep\/produkt\/stacja-zasilania-ecoflow-river-2-256wh-wtyczka-ch\/\",\"url\":\"https:\/\/ironsky.pl\/sklep\/produkt\/stacja-zasilania-ecoflow-river-2-256wh-wtyczka-ch\/\",\"name\":\"Stacja zasilania ECOFLOW RIVER 2 256Wh wtyczka CH - IRONSKY.PL Sklep z Dronami\",\"isPartOf\":{\"@id\":\"https:\/\/ironsky.pl\/sklep\/#website\"},\"primaryImageOfPage\":{\"@id\":\"https:\/\/ironsky.pl\/sklep\/produkt\/stacja-zasilania-ecoflow-river-2-256wh-wtyczka-ch\/#primaryimage\"},\"image\":{\"@id\":\"https:\/\/ironsky.pl\/sklep\/produkt\/stacja-zasilania-ecoflow-river-2-256wh-wtyczka-ch\/#primaryimage\"},\"thumbnailUrl\":\"https:\/\/ironsky.pl\/sklep\/wp-content\/uploads\/2025\/10\/54306_1.jpg\",\"datePublished\":\"2026-04-15T09:08:20+00:00\",\"dateModified\":\"2026-04-15T09:08:21+00:00\",\"description\":\"Stacja zasilania ECOFLOW RIVER 2 256Wh wtyczka CH - \u2705 sklep z dronami i fachowym doradztwem. \u2705 Tutaj kupisz produkty DJI, Yuneec, Parrot, Syma i wiele innych, a tak\u017ce kursy i licencje na operatora drona.\",\"breadcrumb\":{\"@id\":\"https:\/\/ironsky.pl\/sklep\/produkt\/stacja-zasilania-ecoflow-river-2-256wh-wtyczka-ch\/#breadcrumb\"},\"inLanguage\":\"pl-PL\",\"potentialAction\":[{\"@type\":\"ReadAction\",\"target\":[\"https:\/\/ironsky.pl\/sklep\/produkt\/stacja-zasilania-ecoflow-river-2-256wh-wtyczka-ch\/\"]}]},{\"@type\":\"ImageObject\",\"inLanguage\":\"pl-PL\",\"@id\":\"https:\/\/ironsky.pl\/sklep\/produkt\/stacja-zasilania-ecoflow-river-2-256wh-wtyczka-ch\/#primaryimage\",\"url\":\"https:\/\/ironsky.pl\/sklep\/wp-content\/uploads\/2025\/10\/54306_1.jpg\",\"contentUrl\":\"https:\/\/ironsky.pl\/sklep\/wp-content\/uploads\/2025\/10\/54306_1.jpg\",\"width\":800,\"height\":800},{\"@type\":\"BreadcrumbList\",\"@id\":\"https:\/\/ironsky.pl\/sklep\/produkt\/stacja-zasilania-ecoflow-river-2-256wh-wtyczka-ch\/#breadcrumb\",\"itemListElement\":[{\"@type\":\"ListItem\",\"position\":1,\"name\":\"Strona g\u0142\u00f3wna\",\"item\":\"https:\/\/ironsky.pl\/sklep\/\"},{\"@type\":\"ListItem\",\"position\":2,\"name\":\"Wszystkie produkty\",\"item\":\"https:\/\/ironsky.pl\/sklep\/produkty\/\"},{\"@type\":\"ListItem\",\"position\":3,\"name\":\"Stacja zasilania ECOFLOW RIVER 2 256Wh wtyczka CH\"}]},{\"@type\":\"WebSite\",\"@id\":\"https:\/\/ironsky.pl\/sklep\/#website\",\"url\":\"https:\/\/ironsky.pl\/sklep\/\",\"name\":\"IRONSKY.PL Sklep z Dronami\",\"description\":\"IRONSKY.PL Sklep z Dronami\",\"potentialAction\":[{\"@type\":\"SearchAction\",\"target\":{\"@type\":\"EntryPoint\",\"urlTemplate\":\"https:\/\/ironsky.pl\/sklep\/?s={search_term_string}\"},\"query-input\":{\"@type\":\"PropertyValueSpecification\",\"valueRequired\":true,\"valueName\":\"search_term_string\"}}],\"inLanguage\":\"pl-PL\"}]}<\/script>\n<!-- \/ Yoast SEO plugin. -->","yoast_head_json":{"title":"Stacja zasilania ECOFLOW RIVER 2 256Wh wtyczka CH - IRONSKY.PL Sklep z Dronami","description":"Stacja zasilania ECOFLOW RIVER 2 256Wh wtyczka CH - \u2705 sklep z dronami i fachowym doradztwem. \u2705 Tutaj kupisz produkty DJI, Yuneec, Parrot, Syma i wiele innych, a tak\u017ce kursy i licencje na operatora drona.","robots":{"index":"index","follow":"follow","max-snippet":"max-snippet:-1","max-image-preview":"max-image-preview:large","max-video-preview":"max-video-preview:-1"},"canonical":"https:\/\/ironsky.pl\/sklep\/produkt\/stacja-zasilania-ecoflow-river-2-256wh-wtyczka-ch\/","og_locale":"pl_PL","og_type":"article","og_title":"Stacja zasilania ECOFLOW RIVER 2 256Wh wtyczka CH - IRONSKY.PL Sklep z Dronami","og_description":"Stacja zasilania ECOFLOW RIVER 2 256Wh wtyczka CH - \u2705 sklep z dronami i fachowym doradztwem. \u2705 Tutaj kupisz produkty DJI, Yuneec, Parrot, Syma i wiele innych, a tak\u017ce kursy i licencje na operatora drona.","og_url":"https:\/\/ironsky.pl\/sklep\/produkt\/stacja-zasilania-ecoflow-river-2-256wh-wtyczka-ch\/","og_site_name":"IRONSKY.PL Sklep z Dronami","article_modified_time":"2026-04-15T09:08:21+00:00","og_image":[{"width":800,"height":800,"url":"https:\/\/ironsky.pl\/sklep\/wp-content\/uploads\/2025\/10\/54306_1.jpg","type":"image\/jpeg"}],"twitter_card":"summary_large_image","twitter_misc":{"Szacowany czas czytania":"4 minuty"},"schema":{"@context":"https:\/\/schema.org","@graph":[{"@type":"WebPage","@id":"https:\/\/ironsky.pl\/sklep\/produkt\/stacja-zasilania-ecoflow-river-2-256wh-wtyczka-ch\/","url":"https:\/\/ironsky.pl\/sklep\/produkt\/stacja-zasilania-ecoflow-river-2-256wh-wtyczka-ch\/","name":"Stacja zasilania ECOFLOW RIVER 2 256Wh wtyczka CH - IRONSKY.PL Sklep z Dronami","isPartOf":{"@id":"https:\/\/ironsky.pl\/sklep\/#website"},"primaryImageOfPage":{"@id":"https:\/\/ironsky.pl\/sklep\/produkt\/stacja-zasilania-ecoflow-river-2-256wh-wtyczka-ch\/#primaryimage"},"image":{"@id":"https:\/\/ironsky.pl\/sklep\/produkt\/stacja-zasilania-ecoflow-river-2-256wh-wtyczka-ch\/#primaryimage"},"thumbnailUrl":"https:\/\/ironsky.pl\/sklep\/wp-content\/uploads\/2025\/10\/54306_1.jpg","datePublished":"2026-04-15T09:08:20+00:00","dateModified":"2026-04-15T09:08:21+00:00","description":"Stacja zasilania ECOFLOW RIVER 2 256Wh wtyczka CH - \u2705 sklep z dronami i fachowym doradztwem. \u2705 Tutaj kupisz produkty DJI, Yuneec, Parrot, Syma i wiele innych, a tak\u017ce kursy i licencje na operatora drona.","breadcrumb":{"@id":"https:\/\/ironsky.pl\/sklep\/produkt\/stacja-zasilania-ecoflow-river-2-256wh-wtyczka-ch\/#breadcrumb"},"inLanguage":"pl-PL","potentialAction":[{"@type":"ReadAction","target":["https:\/\/ironsky.pl\/sklep\/produkt\/stacja-zasilania-ecoflow-river-2-256wh-wtyczka-ch\/"]}]},{"@type":"ImageObject","inLanguage":"pl-PL","@id":"https:\/\/ironsky.pl\/sklep\/produkt\/stacja-zasilania-ecoflow-river-2-256wh-wtyczka-ch\/#primaryimage","url":"https:\/\/ironsky.pl\/sklep\/wp-content\/uploads\/2025\/10\/54306_1.jpg","contentUrl":"https:\/\/ironsky.pl\/sklep\/wp-content\/uploads\/2025\/10\/54306_1.jpg","width":800,"height":800},{"@type":"BreadcrumbList","@id":"https:\/\/ironsky.pl\/sklep\/produkt\/stacja-zasilania-ecoflow-river-2-256wh-wtyczka-ch\/#breadcrumb","itemListElement":[{"@type":"ListItem","position":1,"name":"Strona g\u0142\u00f3wna","item":"https:\/\/ironsky.pl\/sklep\/"},{"@type":"ListItem","position":2,"name":"Wszystkie produkty","item":"https:\/\/ironsky.pl\/sklep\/produkty\/"},{"@type":"ListItem","position":3,"name":"Stacja zasilania ECOFLOW RIVER 2 256Wh wtyczka CH"}]},{"@type":"WebSite","@id":"https:\/\/ironsky.pl\/sklep\/#website","url":"https:\/\/ironsky.pl\/sklep\/","name":"IRONSKY.PL Sklep z Dronami","description":"IRONSKY.PL Sklep z Dronami","potentialAction":[{"@type":"SearchAction","target":{"@type":"EntryPoint","urlTemplate":"https:\/\/ironsky.pl\/sklep\/?s={search_term_string}"},"query-input":{"@type":"PropertyValueSpecification","valueRequired":true,"valueName":"search_term_string"}}],"inLanguage":"pl-PL"}]}},"_links":{"self":[{"href":"https:\/\/ironsky.pl\/sklep\/wp-json\/wp\/v2\/product\/60796","targetHints":{"allow":["GET"]}}],"collection":[{"href":"https:\/\/ironsky.pl\/sklep\/wp-json\/wp\/v2\/product"}],"about":[{"href":"https:\/\/ironsky.pl\/sklep\/wp-json\/wp\/v2\/types\/product"}],"replies":[{"embeddable":true,"href":"https:\/\/ironsky.pl\/sklep\/wp-json\/wp\/v2\/comments?post=60796"}],"wp:featuredmedia":[{"embeddable":true,"href":"https:\/\/ironsky.pl\/sklep\/wp-json\/wp\/v2\/media\/49778"}],"wp:attachment":[{"href":"https:\/\/ironsky.pl\/sklep\/wp-json\/wp\/v2\/media?parent=60796"}],"wp:term":[{"taxonomy":"product_brand","embeddable":true,"href":"https:\/\/ironsky.pl\/sklep\/wp-json\/wp\/v2\/product_brand?post=60796"},{"taxonomy":"product_cat","embeddable":true,"href":"https:\/\/ironsky.pl\/sklep\/wp-json\/wp\/v2\/product_cat?post=60796"},{"taxonomy":"product_tag","embeddable":true,"href":"https:\/\/ironsky.pl\/sklep\/wp-json\/wp\/v2\/product_tag?post=60796"}],"curies":[{"name":"wp","href":"https:\/\/api.w.org\/{rel}","templated":true}]}}