{"id":60795,"date":"2026-04-15T11:07:51","date_gmt":"2026-04-15T09:07:51","guid":{"rendered":"https:\/\/ironsky.pl\/sklep\/produkt\/lodowka-turystyczna-ecoflow-glacier-wtyczka-ch\/"},"modified":"2026-04-15T11:08:19","modified_gmt":"2026-04-15T09:08:19","slug":"lodowka-turystyczna-ecoflow-glacier-wtyczka-ch","status":"publish","type":"product","link":"https:\/\/ironsky.pl\/sklep\/produkt\/lodowka-turystyczna-ecoflow-glacier-wtyczka-ch\/","title":{"rendered":"Lod\u00f3wka turystyczna ECOFLOW Glacier (wtyczka CH)"},"content":{"rendered":"<h3>Przeno\u015bna lod\u00f3wka ECOFLOW Glacier (wersja z wtyczk\u0105 CH)<\/h3>\n<p>Wybierasz si\u0119 na camping, a mo\u017ce organizujesz imprez\u0119 w plenerze? Zabierz ze sob\u0105 lod\u00f3wk\u0119 EcoFlow Glacier. Jej pojemno\u015b\u0107 si\u0119ga 38 l i zosta\u0142a wyposa\u017cona w dwie komory. Pozwala zar\u00f3wno ch\u0142odzi\u0107, jak i mrozi\u0107 \u017cywno\u015b\u0107, pe\u0142ni r\u00f3wnie\u017c funkcj\u0119 kostkarki do lodu. Co wi\u0119cej, mo\u017ce pracowa\u0107 bezprzewodowo dzi\u0119ki plug-in battery (brak w zestawie) lub przewodowo \u2013 np. po pod\u0142\u0105czeniu do gniazda AC. Ponadto powsta\u0142a z przyjaznych dla \u015brodowiska materia\u0142\u00f3w i mo\u017cesz j\u0105 \u0142adowa\u0107 na kilka sposob\u00f3w. <strong>Uwaga: urz\u0105dzenie ma wtyczk\u0119 szwajcarsk\u0105.<\/strong><\/p>\n<p>\n<img decoding=\"async\" src=\"https:\/\/assets.innpro.pl\/17712\/23484\/7.jpg\" border=\"0\" alt=\"m\u0119\u017cczyzna z telefonem siedzi obok lod\u00f3wki turystycznej na jachcie\" \/>\n<\/p>\n<h3>2 niezale\u017cne komory<\/h3>\n<p>Wybierasz si\u0119 na weekend pod namiot? Zabierz ze sob\u0105 EcoFlow Glacier. Lod\u00f3wka zosta\u0142a wyposa\u017cona w 2 przegr\u00f3dki: jedn\u0105 o pojemno\u015bci 23 l i drug\u0105 o pojemno\u015bci 15 l, dzi\u0119ki czemu mo\u017cesz np. w jednej z nich przechowywa\u0107 napoje, a w drugiej \u2013 \u017cywno\u015b\u0107. Co wi\u0119cej, panel sterowania pozwala kontrolowa\u0107 prac\u0119 urz\u0105dzenia: prze\u0142\u0105cz jedn\u0105 komor\u0119 na funkcj\u0119 mro\u017cenia, a drug\u0105 \u2013 na ch\u0142odzenia lub w\u0142\u0105cz ch\u0142odzenie\/mro\u017cenie w obu przegr\u00f3dkach. Co wi\u0119cej, lod\u00f3wka wyr\u00f3\u017cnia si\u0119 \u0142\u0105czn\u0105 pojemno\u015bci\u0105 38 l, co umo\u017cliwia przechowanie 60 puszek napoju.<\/p>\n<p>\n<img decoding=\"async\" src=\"https:\/\/assets.innpro.pl\/17712\/23484\/10.jpg\" border=\"0\" alt=\"M\u0119\u017cczyzna w kraciastej koszuli wk\u0142ada mi\u0119so do lod\u00f3wki samochodowej w kamperze\" \/>\n<\/p>\n<h3>Kostkarka do lodu<\/h3>\n<p>Marzy Ci si\u0119 orze\u017awiaj\u0105cy nap\u00f3j w upalny dzie\u0144? Z Ecoflow Glacier to mo\u017cliwe! Lod\u00f3wka zosta\u0142a wyposa\u017cona w kostkark\u0119, dzi\u0119ki kt\u00f3rej przygotuje oko\u0142o 18 kostek lodu w oko\u0142o 12 min (je\u015bli temperatura otoczenia wynosi 25\u00b0C, a wody \u2013 15\u00b0C). Teraz masz dost\u0119p do zimnych napoj\u00f3w bez wzgl\u0119du na to, gdzie si\u0119 znajdujesz.<\/p>\n<p>\n<img decoding=\"async\" src=\"https:\/\/assets.innpro.pl\/17712\/23484\/5.jpg\" border=\"0\" alt=\"R\u0119ce m\u0119\u017cczyzny wk\u0142adaj\u0105 l\u00f3d do przeno\u015bnej lod\u00f3wki na pok\u0142adzie jachtu\" \/>\n<\/p>\n<h3>Szybkie ch\u0142odzenie \u2013 niskie zu\u017cycie energii<\/h3>\n<p>Ju\u017c nie musisz czeka\u0107 zbyt d\u0142ugo, a\u017c Twoje napoje si\u0119 sch\u0142odz\u0105. Je\u015bli korzystasz z trybu Max, wystarczy oko\u0142o 15-20 min, aby temperatura urz\u0105dzenia spad\u0142a z 30\u00b0C \/ 86\u00b0F do 0\u00b0C \/ 32\u00b0F. Natomiast w trybie Eco lod\u00f3wka zu\u017cywa mniej ni\u017c 1 kWh energii w ci\u0105gu dnia.<\/p>\n<p>\n<img decoding=\"async\" src=\"https:\/\/assets.innpro.pl\/17712\/23484\/4.jpg\" border=\"0\" alt=\"Para na jachcie rzuca sobie butelk\u0105 nad przeno\u015bn\u0105 lod\u00f3wk\u0105 na pok\u0142adzie\" \/>\n<\/p>\n<h3>Wygodny transport<\/h3>\n<p>EcoFlow Glacier wyr\u00f3\u017cnia si\u0119 przeno\u015bn\u0105 i ergonomiczn\u0105 konstrukcj\u0105. Jej transport u\u0142atwiaj\u0105 k\u00f3\u0142ka i 2 uchwyty \u2013 nie musisz wi\u0119c d\u017awiga\u0107 lod\u00f3wki z jej zawarto\u015bci\u0105. Co wi\u0119cej, akcesoria z \u0142atwo\u015bci\u0105 odczepisz, je\u015bli nie b\u0119d\u0105 Ci potrzebne, na przyk\u0142ad, gdy zechcesz przenie\u015b\u0107 lod\u00f3wk\u0119 do baga\u017cnika samochodu na czas transportu. Uwaga: k\u00f3\u0142ka i uchwyty nie stanowi\u0105 cz\u0119\u015bci zestawu i nale\u017cy je zakupi\u0107 oddzielnie.<\/p>\n<p>\n<img decoding=\"async\" src=\"https:\/\/assets.innpro.pl\/17712\/23484\/9.jpg\" border=\"0\" alt=\"M\u0119\u017cczyzna nosi czarn\u0105 lod\u00f3wk\u0119 turystyczn\u0105 schodz\u0105c z jachtu w marinie\" \/>\n<\/p>\n<h3>Kilka sposob\u00f3w \u0142adowania<\/h3>\n<p>Lod\u00f3wk\u0119 EcoFlow Glacier (w przypadku pracy bezprzewodowej z akumulatorem plug-in battery) na\u0142adujesz na 3 sposoby, dla jeszcze wi\u0119kszej swobody u\u017cytkowania. Mo\u017cesz j\u0105 pod\u0142\u0105czy\u0107 do gniazdka AC (180 W) \u2014 po oko\u0142o 2 h 15 min b\u0119dzie gotowa do dalszej pracy. W zestawie znajdziesz r\u00f3wnie\u017c \u0142adowark\u0119 samochodow\u0105 z kablem, kt\u00f3ra pozwoli odnowi\u0107 energi\u0119 lod\u00f3wki w 4 h (12 V) lub 2 h 7 min (24 V). Je\u015bli stawiasz na ekologiczne rozwi\u0105zania \u2013 pod\u0142\u0105cz EcoFlow Glacier do paneli s\u0142onecznych (240 W) \u2013 b\u0119dzie gotowa do dalszej pracy po 2 h 5 min. Ponadto urz\u0105dzenie jest kompatybilne ze stacjami \u0142adowania EcoFlow z serii Delta oraz sprz\u0119tem z zestawu Power Kits.<\/p>\n<p>\n<img decoding=\"async\" src=\"https:\/\/assets.innpro.pl\/17712\/23484\/8.jpg\" border=\"0\" alt=\"m\u0119\u017cczyzna wk\u0142ada akumulator do lod\u00f3wki turystycznej na pok\u0142adzie jachtu w marinie\" \/>\n<\/p>\n<h3>Prosta, intuicyjna obs\u0142uga<\/h3>\n<p>Obs\u0142uga lod\u00f3wki jest prosta i wygodna, wi\u0119c nie sprawi Ci problemu. Zosta\u0142a wyposa\u017cona w wy\u015bwietlacz LCD (Liquid Crystal Display, ciek\u0142okrystaliczny wy\u015bwietlacz) i panel sterowania, co pozwoli dostosowa\u0107 jej dzia\u0142anie do w\u0142asnych potrzeb. Za pomoc\u0105 przycisk\u00f3w w\u0142\u0105czysz\/wy\u0142\u0105czysz urz\u0105dzenie, ustawisz temperatur\u0119 lub w\u0142\u0105czysz kostkark\u0119. Opr\u00f3cz tego z poziomu dedykowanej aplikacji sprawdzisz pozosta\u0142y czas pracy, temperatur\u0119 urz\u0105dzenia, histori\u0119 wydajno\u015bci pracy itp. Ciesz si\u0119 rozwi\u0105zaniami, jakie oferuje EcoFlow Glacier.<\/p>\n<p>\n<img decoding=\"async\" src=\"https:\/\/assets.innpro.pl\/17712\/23484\/2.jpg\" border=\"0\" alt=\"M\u0119\u017cczyzna w kraciastej koszuli wk\u0142ada butelk\u0119 do lod\u00f3wki samochodowej w kamperze\" \/>\n<\/p>\n<h3>Wydajne i bezpieczne zasilanie<\/h3>\n<p>EcoFlow Glacier jest bezprzewodowa, a do jej zasilania potrzebujesz akumulatora (plug-in battery) o pojemno\u015bci 298 Wh. Umo\u017cliwia on ch\u0142odzenie \u017cywno\u015bci przez 24 h i mro\u017cenie przez 10 h. Za jego pomoc\u0105 odnowisz te\u017c energi\u0119 laptopa. Uwaga: plug-in battery nie wchodzi w sk\u0142ad zestawu i nale\u017cy go zakupi\u0107 oddzielnie. EcoFlow Glacier mo\u017ce r\u00f3wnie\u017c pracowa\u0107 przewodowo, wystarczy, \u017ce pod\u0142\u0105czysz j\u0105 do zasilania, np. gniazda AC lub \u0142adowarki samochodowej. Dodatkowo lod\u00f3wka oferuje ochron\u0119 akumulatora przed nadmiernym roz\u0142adowaniem, wi\u0119c mo\u017cesz z niej bezpiecznie korzysta\u0107.<\/p>\n<p>\n<img decoding=\"async\" src=\"https:\/\/assets.innpro.pl\/17712\/23484\/6.jpg\" border=\"0\" alt=\"lod\u00f3wka turystyczna i klimatyzator przeno\u015bny ustawione na dziobie jachtu na wodzie\" \/>\n<\/p>\n<h3>W zestawie<\/h3>\n<ul class=\"list-disc pl-5\">\n<li>Lod\u00f3wka<\/li>\n<li>Zasilacz + kabel AC<\/li>\n<li>\u0141adowarka samochodowa + kabel<\/li>\n<li>Koszyk<\/li>\n<li>Miarka do nabierania kostek lodu<\/li>\n<li>Instrukcja obs\u0142ugi<\/li>\n<\/ul>\n<div class=\"table-wrapper\">\n<p>\u00a0<\/p>\n<h3><\/h3>\n<table>\n<tbody>\n<tr>\n<th>Producent<\/th>\n<td>EcoFlow<\/td>\n<\/tr>\n<tr>\n<th>Model<\/th>\n<td>ZYDBX100-CH<\/td>\n<\/tr>\n<tr>\n<th>Nazwa<\/th>\n<td>EcoFlow Glacier<\/td>\n<\/tr>\n<tr>\n<th>Kategoria klimatyczna<\/th>\n<td>SN\/N\/ST\/T<\/td>\n<\/tr>\n<tr>\n<th>Ochrona przed zwarciem<\/th>\n<td>2<\/td>\n<\/tr>\n<tr>\n<th>Pojemno\u015b\u0107<\/th>\n<td>Lewa komora: 23 l;<br \/>Prawa komora: 15 l;<br \/>\u0141\u0105cznie: 38 l;<\/td>\n<\/tr>\n<tr>\n<th>Wymiary <\/th>\n<td>776 x 385 x 445 mm (bez k\u00f3\u0142ek i uchwyt\u00f3w) \/ 845 x 385 x 445 mm (z k\u00f3\u0142kami i uchwytami)<\/td>\n<\/tr>\n<tr>\n<th>Wodoodporno\u015b\u0107<\/th>\n<td>IPX5<\/td>\n<\/tr>\n<tr>\n<th>Temperatura ch\u0142odzenia<\/th>\n<td>-25\u00b0C &#8211; +10\u00b0C \/ -13\u00b0F &#8211; +50\u00b0F (temp. otoczenia 25\u00b0C)<\/td>\n<\/tr>\n<tr>\n<th>Tryby pracy<\/th>\n<td>Szybkie zamra\u017canie, Eco<\/td>\n<\/tr>\n<tr>\n<th>Czas zamra\u017cania<\/th>\n<td>15 min<\/td>\n<\/tr>\n<tr>\n<th>Zu\u017cycie energii<\/th>\n<td>Lod\u00f3wka: 0,3 kWh\/24 h (temp. otoczenia 25\u00b0C \/ 77\u00b0F, ustawiona temp. 4\u00b0C \/ 39\u00b0F);<br \/>Zamra\u017carka: 0,7 kWh\/24 h (temp. otoczenia 25\u00b0C \/ 77\u00b0F, ustawiona temp. -18\u00b0C \/ 39\u00b0F);<\/td>\n<\/tr>\n<tr>\n<th>Klasa energetyczna<\/th>\n<td>1<\/td>\n<\/tr>\n<tr>\n<th>Poziom ha\u0142asu<\/th>\n<td>Kostkarka do lodu: 50 dB (A)<br \/>Lod\u00f3wka: 42 dB (A);<\/td>\n<\/tr>\n<tr>\n<th>WiFi<\/th>\n<td>2.4G<\/td>\n<\/tr>\n<tr>\n<th>Bluetooth<\/th>\n<td>Tak<\/td>\n<\/tr>\n<tr>\n<th>Waga<\/th>\n<td>23 kg (wliczaj\u0105c k\u00f3\u0142ka i uchwyty)<\/td>\n<\/tr>\n<tr>\n<th>Napi\u0119cie wej\u015bciowe AC<\/th>\n<td>100-240 V, 50\/60 Hz<\/td>\n<\/tr>\n<tr>\n<th>Moc wej\u015bciowa AC<\/th>\n<td>180 W<\/td>\n<\/tr>\n<tr>\n<th>Moc wyj\u015bciowa<\/th>\n<td>\u0141adowanie za pomoc\u0105 paneli s\u0142onecznych: 240 W (11-60 V, 13A max);<br \/>\u0141adowanie za pomoc\u0105 \u0142adowarki samochodowej: 192 W (12\/24 V, 8A max);<\/td>\n<\/tr>\n<tr>\n<th>Temperatura robocza<\/th>\n<td>Od 0\u00b0C do 50\u00b0C \/ od 32\u00b0F do 122\u00b0F<\/td>\n<\/tr>\n<tr>\n<th>Temperatura przechowywania<\/th>\n<td>Od -30\u00b0C do 80\u00b0C \/ od -22\u00b0F do 176\u00b0F<\/td>\n<\/tr>\n<tr>\n<th>Rodzaj wtyczki<\/th>\n<td>Szwajcarska<\/td>\n<\/tr>\n<\/tbody>\n<\/table>\n<\/div>\n","protected":false},"excerpt":{"rendered":"<p>Przeno\u015bna lod\u00f3wka ECOFLOW Glacier (wersja z wtyczk\u0105 CH) Wybierasz si\u0119 na camping, a mo\u017ce organizujesz imprez\u0119 w plenerze? Zabierz ze<\/p>\n","protected":false},"featured_media":49772,"comment_status":"closed","ping_status":"open","template":"","meta":{"_acf_changed":false},"product_brand":[],"product_cat":[5978,5937],"product_tag":[],"class_list":{"0":"post-60795","1":"product","2":"type-product","3":"status-publish","4":"has-post-thumbnail","6":"product_cat-kemping","7":"product_cat-outdoor","8":"pa_okres-gwarancji-5757","9":"pa_producent-ecoflow","11":"first","12":"outofstock","13":"taxable","14":"shipping-taxable","15":"purchasable","16":"product-type-simple"},"acf":[],"yoast_head":"<!-- This site is optimized with the Yoast SEO plugin v27.2 - https:\/\/yoast.com\/product\/yoast-seo-wordpress\/ -->\n<title>Lod\u00f3wka turystyczna ECOFLOW Glacier (wtyczka CH) - IRONSKY.PL Sklep z Dronami<\/title>\n<meta name=\"description\" content=\"Lod\u00f3wka turystyczna ECOFLOW Glacier (wtyczka CH) - \u2705 sklep z dronami i fachowym doradztwem. \u2705 Tutaj kupisz produkty DJI, Yuneec, Parrot, Syma i wiele innych, a tak\u017ce kursy i licencje na operatora drona.\" \/>\n<meta name=\"robots\" content=\"index, follow, max-snippet:-1, max-image-preview:large, max-video-preview:-1\" \/>\n<link rel=\"canonical\" href=\"https:\/\/ironsky.pl\/sklep\/produkt\/lodowka-turystyczna-ecoflow-glacier-wtyczka-ch\/\" \/>\n<meta property=\"og:locale\" content=\"pl_PL\" \/>\n<meta property=\"og:type\" content=\"article\" \/>\n<meta property=\"og:title\" content=\"Lod\u00f3wka turystyczna ECOFLOW Glacier (wtyczka CH) - IRONSKY.PL Sklep z Dronami\" \/>\n<meta property=\"og:description\" content=\"Lod\u00f3wka turystyczna ECOFLOW Glacier (wtyczka CH) - \u2705 sklep z dronami i fachowym doradztwem. \u2705 Tutaj kupisz produkty DJI, Yuneec, Parrot, Syma i wiele innych, a tak\u017ce kursy i licencje na operatora drona.\" \/>\n<meta property=\"og:url\" content=\"https:\/\/ironsky.pl\/sklep\/produkt\/lodowka-turystyczna-ecoflow-glacier-wtyczka-ch\/\" \/>\n<meta property=\"og:site_name\" content=\"IRONSKY.PL Sklep z Dronami\" \/>\n<meta property=\"article:modified_time\" content=\"2026-04-15T09:08:19+00:00\" \/>\n<meta property=\"og:image\" content=\"https:\/\/ironsky.pl\/sklep\/wp-content\/uploads\/2025\/10\/54305_5.jpg\" \/>\n\t<meta property=\"og:image:width\" content=\"800\" \/>\n\t<meta property=\"og:image:height\" content=\"800\" \/>\n\t<meta property=\"og:image:type\" content=\"image\/jpeg\" \/>\n<meta name=\"twitter:card\" content=\"summary_large_image\" \/>\n<meta name=\"twitter:label1\" content=\"Szacowany czas czytania\" \/>\n\t<meta name=\"twitter:data1\" content=\"4 minuty\" \/>\n<script type=\"application\/ld+json\" class=\"yoast-schema-graph\">{\"@context\":\"https:\/\/schema.org\",\"@graph\":[{\"@type\":\"WebPage\",\"@id\":\"https:\/\/ironsky.pl\/sklep\/produkt\/lodowka-turystyczna-ecoflow-glacier-wtyczka-ch\/\",\"url\":\"https:\/\/ironsky.pl\/sklep\/produkt\/lodowka-turystyczna-ecoflow-glacier-wtyczka-ch\/\",\"name\":\"Lod\u00f3wka turystyczna ECOFLOW Glacier (wtyczka CH) - IRONSKY.PL Sklep z Dronami\",\"isPartOf\":{\"@id\":\"https:\/\/ironsky.pl\/sklep\/#website\"},\"primaryImageOfPage\":{\"@id\":\"https:\/\/ironsky.pl\/sklep\/produkt\/lodowka-turystyczna-ecoflow-glacier-wtyczka-ch\/#primaryimage\"},\"image\":{\"@id\":\"https:\/\/ironsky.pl\/sklep\/produkt\/lodowka-turystyczna-ecoflow-glacier-wtyczka-ch\/#primaryimage\"},\"thumbnailUrl\":\"https:\/\/ironsky.pl\/sklep\/wp-content\/uploads\/2025\/10\/54305_5.jpg\",\"datePublished\":\"2026-04-15T09:07:51+00:00\",\"dateModified\":\"2026-04-15T09:08:19+00:00\",\"description\":\"Lod\u00f3wka turystyczna ECOFLOW Glacier (wtyczka CH) - \u2705 sklep z dronami i fachowym doradztwem. \u2705 Tutaj kupisz produkty DJI, Yuneec, Parrot, Syma i wiele innych, a tak\u017ce kursy i licencje na operatora drona.\",\"breadcrumb\":{\"@id\":\"https:\/\/ironsky.pl\/sklep\/produkt\/lodowka-turystyczna-ecoflow-glacier-wtyczka-ch\/#breadcrumb\"},\"inLanguage\":\"pl-PL\",\"potentialAction\":[{\"@type\":\"ReadAction\",\"target\":[\"https:\/\/ironsky.pl\/sklep\/produkt\/lodowka-turystyczna-ecoflow-glacier-wtyczka-ch\/\"]}]},{\"@type\":\"ImageObject\",\"inLanguage\":\"pl-PL\",\"@id\":\"https:\/\/ironsky.pl\/sklep\/produkt\/lodowka-turystyczna-ecoflow-glacier-wtyczka-ch\/#primaryimage\",\"url\":\"https:\/\/ironsky.pl\/sklep\/wp-content\/uploads\/2025\/10\/54305_5.jpg\",\"contentUrl\":\"https:\/\/ironsky.pl\/sklep\/wp-content\/uploads\/2025\/10\/54305_5.jpg\",\"width\":800,\"height\":800},{\"@type\":\"BreadcrumbList\",\"@id\":\"https:\/\/ironsky.pl\/sklep\/produkt\/lodowka-turystyczna-ecoflow-glacier-wtyczka-ch\/#breadcrumb\",\"itemListElement\":[{\"@type\":\"ListItem\",\"position\":1,\"name\":\"Strona g\u0142\u00f3wna\",\"item\":\"https:\/\/ironsky.pl\/sklep\/\"},{\"@type\":\"ListItem\",\"position\":2,\"name\":\"Wszystkie produkty\",\"item\":\"https:\/\/ironsky.pl\/sklep\/produkty\/\"},{\"@type\":\"ListItem\",\"position\":3,\"name\":\"Lod\u00f3wka turystyczna ECOFLOW Glacier (wtyczka CH)\"}]},{\"@type\":\"WebSite\",\"@id\":\"https:\/\/ironsky.pl\/sklep\/#website\",\"url\":\"https:\/\/ironsky.pl\/sklep\/\",\"name\":\"IRONSKY.PL Sklep z Dronami\",\"description\":\"IRONSKY.PL Sklep z Dronami\",\"potentialAction\":[{\"@type\":\"SearchAction\",\"target\":{\"@type\":\"EntryPoint\",\"urlTemplate\":\"https:\/\/ironsky.pl\/sklep\/?s={search_term_string}\"},\"query-input\":{\"@type\":\"PropertyValueSpecification\",\"valueRequired\":true,\"valueName\":\"search_term_string\"}}],\"inLanguage\":\"pl-PL\"}]}<\/script>\n<!-- \/ Yoast SEO plugin. -->","yoast_head_json":{"title":"Lod\u00f3wka turystyczna ECOFLOW Glacier (wtyczka CH) - IRONSKY.PL Sklep z Dronami","description":"Lod\u00f3wka turystyczna ECOFLOW Glacier (wtyczka CH) - \u2705 sklep z dronami i fachowym doradztwem. \u2705 Tutaj kupisz produkty DJI, Yuneec, Parrot, Syma i wiele innych, a tak\u017ce kursy i licencje na operatora drona.","robots":{"index":"index","follow":"follow","max-snippet":"max-snippet:-1","max-image-preview":"max-image-preview:large","max-video-preview":"max-video-preview:-1"},"canonical":"https:\/\/ironsky.pl\/sklep\/produkt\/lodowka-turystyczna-ecoflow-glacier-wtyczka-ch\/","og_locale":"pl_PL","og_type":"article","og_title":"Lod\u00f3wka turystyczna ECOFLOW Glacier (wtyczka CH) - IRONSKY.PL Sklep z Dronami","og_description":"Lod\u00f3wka turystyczna ECOFLOW Glacier (wtyczka CH) - \u2705 sklep z dronami i fachowym doradztwem. \u2705 Tutaj kupisz produkty DJI, Yuneec, Parrot, Syma i wiele innych, a tak\u017ce kursy i licencje na operatora drona.","og_url":"https:\/\/ironsky.pl\/sklep\/produkt\/lodowka-turystyczna-ecoflow-glacier-wtyczka-ch\/","og_site_name":"IRONSKY.PL Sklep z Dronami","article_modified_time":"2026-04-15T09:08:19+00:00","og_image":[{"width":800,"height":800,"url":"https:\/\/ironsky.pl\/sklep\/wp-content\/uploads\/2025\/10\/54305_5.jpg","type":"image\/jpeg"}],"twitter_card":"summary_large_image","twitter_misc":{"Szacowany czas czytania":"4 minuty"},"schema":{"@context":"https:\/\/schema.org","@graph":[{"@type":"WebPage","@id":"https:\/\/ironsky.pl\/sklep\/produkt\/lodowka-turystyczna-ecoflow-glacier-wtyczka-ch\/","url":"https:\/\/ironsky.pl\/sklep\/produkt\/lodowka-turystyczna-ecoflow-glacier-wtyczka-ch\/","name":"Lod\u00f3wka turystyczna ECOFLOW Glacier (wtyczka CH) - IRONSKY.PL Sklep z Dronami","isPartOf":{"@id":"https:\/\/ironsky.pl\/sklep\/#website"},"primaryImageOfPage":{"@id":"https:\/\/ironsky.pl\/sklep\/produkt\/lodowka-turystyczna-ecoflow-glacier-wtyczka-ch\/#primaryimage"},"image":{"@id":"https:\/\/ironsky.pl\/sklep\/produkt\/lodowka-turystyczna-ecoflow-glacier-wtyczka-ch\/#primaryimage"},"thumbnailUrl":"https:\/\/ironsky.pl\/sklep\/wp-content\/uploads\/2025\/10\/54305_5.jpg","datePublished":"2026-04-15T09:07:51+00:00","dateModified":"2026-04-15T09:08:19+00:00","description":"Lod\u00f3wka turystyczna ECOFLOW Glacier (wtyczka CH) - \u2705 sklep z dronami i fachowym doradztwem. \u2705 Tutaj kupisz produkty DJI, Yuneec, Parrot, Syma i wiele innych, a tak\u017ce kursy i licencje na operatora drona.","breadcrumb":{"@id":"https:\/\/ironsky.pl\/sklep\/produkt\/lodowka-turystyczna-ecoflow-glacier-wtyczka-ch\/#breadcrumb"},"inLanguage":"pl-PL","potentialAction":[{"@type":"ReadAction","target":["https:\/\/ironsky.pl\/sklep\/produkt\/lodowka-turystyczna-ecoflow-glacier-wtyczka-ch\/"]}]},{"@type":"ImageObject","inLanguage":"pl-PL","@id":"https:\/\/ironsky.pl\/sklep\/produkt\/lodowka-turystyczna-ecoflow-glacier-wtyczka-ch\/#primaryimage","url":"https:\/\/ironsky.pl\/sklep\/wp-content\/uploads\/2025\/10\/54305_5.jpg","contentUrl":"https:\/\/ironsky.pl\/sklep\/wp-content\/uploads\/2025\/10\/54305_5.jpg","width":800,"height":800},{"@type":"BreadcrumbList","@id":"https:\/\/ironsky.pl\/sklep\/produkt\/lodowka-turystyczna-ecoflow-glacier-wtyczka-ch\/#breadcrumb","itemListElement":[{"@type":"ListItem","position":1,"name":"Strona g\u0142\u00f3wna","item":"https:\/\/ironsky.pl\/sklep\/"},{"@type":"ListItem","position":2,"name":"Wszystkie produkty","item":"https:\/\/ironsky.pl\/sklep\/produkty\/"},{"@type":"ListItem","position":3,"name":"Lod\u00f3wka turystyczna ECOFLOW Glacier (wtyczka CH)"}]},{"@type":"WebSite","@id":"https:\/\/ironsky.pl\/sklep\/#website","url":"https:\/\/ironsky.pl\/sklep\/","name":"IRONSKY.PL Sklep z Dronami","description":"IRONSKY.PL Sklep z Dronami","potentialAction":[{"@type":"SearchAction","target":{"@type":"EntryPoint","urlTemplate":"https:\/\/ironsky.pl\/sklep\/?s={search_term_string}"},"query-input":{"@type":"PropertyValueSpecification","valueRequired":true,"valueName":"search_term_string"}}],"inLanguage":"pl-PL"}]}},"_links":{"self":[{"href":"https:\/\/ironsky.pl\/sklep\/wp-json\/wp\/v2\/product\/60795","targetHints":{"allow":["GET"]}}],"collection":[{"href":"https:\/\/ironsky.pl\/sklep\/wp-json\/wp\/v2\/product"}],"about":[{"href":"https:\/\/ironsky.pl\/sklep\/wp-json\/wp\/v2\/types\/product"}],"replies":[{"embeddable":true,"href":"https:\/\/ironsky.pl\/sklep\/wp-json\/wp\/v2\/comments?post=60795"}],"wp:featuredmedia":[{"embeddable":true,"href":"https:\/\/ironsky.pl\/sklep\/wp-json\/wp\/v2\/media\/49772"}],"wp:attachment":[{"href":"https:\/\/ironsky.pl\/sklep\/wp-json\/wp\/v2\/media?parent=60795"}],"wp:term":[{"taxonomy":"product_brand","embeddable":true,"href":"https:\/\/ironsky.pl\/sklep\/wp-json\/wp\/v2\/product_brand?post=60795"},{"taxonomy":"product_cat","embeddable":true,"href":"https:\/\/ironsky.pl\/sklep\/wp-json\/wp\/v2\/product_cat?post=60795"},{"taxonomy":"product_tag","embeddable":true,"href":"https:\/\/ironsky.pl\/sklep\/wp-json\/wp\/v2\/product_tag?post=60795"}],"curies":[{"name":"wp","href":"https:\/\/api.w.org\/{rel}","templated":true}]}}