{"id":60794,"date":"2026-04-15T11:07:51","date_gmt":"2026-04-15T09:07:51","guid":{"rendered":"https:\/\/ironsky.pl\/sklep\/produkt\/klimatyzator-przenosny-ecoflow-wave-2-wtyczka-ch\/"},"modified":"2026-04-15T11:08:18","modified_gmt":"2026-04-15T09:08:18","slug":"klimatyzator-przenosny-ecoflow-wave-2-wtyczka-ch","status":"publish","type":"product","link":"https:\/\/ironsky.pl\/sklep\/produkt\/klimatyzator-przenosny-ecoflow-wave-2-wtyczka-ch\/","title":{"rendered":"Klimatyzator przeno\u015bny ECOFLOW Wave 2 (wtyczka CH)"},"content":{"rendered":"<h3>Klimatyzator EcoFlow Wave 2 (wersja z wtyczk\u0105 CH)<\/h3>\n<p>Zadbaj o optymaln\u0105 temperatur\u0119 w swoim domku letniskowym, kamperze czy przyczepie kempingowej. EcoFlow Wave 2 to klimatyzator z funkcj\u0105 ch\u0142odzenia i grzania, kt\u00f3ry doskonale sprawdzi si\u0119 w r\u00f3\u017cnych zastosowaniach. Nie wymaga skomplikowanej instalacji i jest bardzo cichy. Wykorzystuje te\u017c przyjazne dla \u015brodowiska ch\u0142odziwo R290 (propan, ekologiczny czynnik ch\u0142odniczy) i oferuje r\u00f3\u017cne tryby do wyboru. Co wi\u0119cej, mo\u017cesz zasila\u0107 go na kilka sposob\u00f3w \u2013 mi\u0119dzy innymi za pomoc\u0105 dost\u0119pnego w oddzielnej sprzeda\u017cy akumulatora. <strong>Uwaga: urz\u0105dzenie ma wtyczk\u0119 szwajcarsk\u0105.<\/strong><\/p>\n<p>\n<img decoding=\"async\" src=\"https:\/\/assets.innpro.pl\/17710\/23482\/8.jpg\" border=\"0\" alt=\"M\u0119\u017cczyzna z kubkiem siedzi w namiocie obok klimatyzatora na kempingu w g\u00f3rskim krajobrazie\" \/>\n<\/p>\n<h3>Wiele zastosowa\u0144<\/h3>\n<p>Zapewnij sobie och\u0142od\u0119 w upalne dni lub ciesz si\u0119 przyjemnym ciep\u0142em zim\u0105. Klimatyzator Wave 2 doskonale sprawdzi si\u0119 o ka\u017cdej porze roku i znajdzie wiele zastosowa\u0144 w r\u00f3\u017cnych sytuacjach. Z powodzeniem wykorzystasz go na przyk\u0142ad w kamperze, w ma\u0142ym domku, na jachcie, a nawet w namiocie. Zapewnij sobie i swoim bliskim optymaln\u0105 temperatur\u0119 niemal w ka\u017cdej sytuacji \u2013 z EcoFlow staje si\u0119 to prostsze ni\u017c kiedykolwiek wcze\u015bniej!<\/p>\n<p>\n<img decoding=\"async\" src=\"https:\/\/assets.innpro.pl\/17710\/23482\/6.jpg\" border=\"0\" alt=\"Kobieta siedzi na pod\u0142odze z kubkiem obok przeno\u015bnego klimatyzatora w przytulnym salonie\" \/>\n<\/p>\n<h3>Szybkie grzanie i ch\u0142odzenie<\/h3>\n<p>Wave 2 to pierwszy na \u015bwiecie przeno\u015bny klimatyzator, kt\u00f3ry oferuje zar\u00f3wno funkcj\u0119 grzania, jak i ch\u0142odzenia. Zosta\u0142 wyposa\u017cony w specjalnie zaprojektowany kompresor, kt\u00f3ry gwarantuje bezkonkurencyjn\u0105 wydajno\u015b\u0107. Co to oznacza w praktyce? Wave 2 zapewnia nawet 5100 BTU w przypadku ch\u0142odzenia, a 6100 BTU w przypadku ogrzewania. Dzi\u0119ki temu wystarczy oko\u0142o 5 minut, aby podnie\u015b\u0107 temperatur\u0119 w pomieszczeniu o powierzchni 10 m3 z 20\u00b0C do 30\u00b0C lub obni\u017cy\u0107 j\u0105 z 30\u00b0C do 20\u00b0C.<\/p>\n<p>\n<img decoding=\"async\" src=\"https:\/\/assets.innpro.pl\/17710\/23482\/10.jpg\" border=\"0\" alt=\"Kobieta z telefonem w namiocie obok klimatyzatora na kempingu z krzes\u0142em i stolikiem\" \/>\n<\/p>\n<h3>Zapomnij o skomplikowanym monta\u017cu<\/h3>\n<p>Klimatyzator jest gotowy do u\u017cycia niemal od razu po wyj\u0119ciu z opakowania. Nie wymaga skomplikowanej instalacji i jest bardzo prosty w obs\u0142udze. Co wi\u0119cej, dzi\u0119ki stosunkowo niewielkim rozmiarom doskonale nadaje si\u0119 nawet do ma\u0142ych pomieszcze\u0144. To jednak nie koniec udogodnie\u0144, jakie oferuje Wave 2 \u2013 korzystaj\u0105c z niego w trybie ch\u0142odzenia (przy wilgotno\u015bci poni\u017cej 70%), nie musisz odprowadza\u0107 wody \u2013 b\u0119dzie ona uwalniana w postaci pary wodnej. Uwaga: w trybie grzania odprowadzanie wody jest konieczne.<\/p>\n<p>\n<img decoding=\"async\" src=\"https:\/\/assets.innpro.pl\/17710\/23482\/1.jpg\" border=\"0\" alt=\"M\u0119\u017cczyzna pod\u0142\u0105cza kana\u0142y wentylacyjne do klimatyzatora umieszczonego na siedzeniu kampera\" \/>\n<\/p>\n<h3>Cicha praca<\/h3>\n<p>EcoFlow Wave 2 doskonale sprawdzi si\u0119 r\u00f3wnie\u017c w nocy \u2013 nie obawiaj si\u0119, \u017ce przeszkodzi Ci w odpoczynku. W trybie Sleep jego poziom g\u0142o\u015bno\u015bci wynosi tylko oko\u0142o 44 dB \u2013 zapomnij o uci\u0105\u017cliwym szumie! Umie\u015b\u0107 klimatyzator w swoim kamperze, domu lub namiocie, zapewnij sobie optymaln\u0105 temperatur\u0119 i ciesz si\u0119 komfortem \u2013 Wave 2 \u0142\u0105czy w sobie imponuj\u0105c\u0105 wydajno\u015b\u0107 i bezproblemowe dzia\u0142anie.<\/p>\n<p>\n<img decoding=\"async\" src=\"https:\/\/assets.innpro.pl\/17710\/23482\/7.jpg\" border=\"0\" alt=\"Kobieta z laptopem siedzi na pod\u0142odze obok klimatyzatora w rustykalnym wn\u0119trzu z kominkiem\" \/>\n<\/p>\n<h3>D\u0142ugi czas pracy z dodatkowym akumulatorem<\/h3>\n<p>W sprzeda\u017cy dost\u0119pny jest r\u00f3wnie\u017c dodatkowy akumulator, kt\u00f3ry pozwoli na bezprzewodowe dzia\u0142anie klimatyzatora. Uwolnij si\u0119 od kabli i zyskaj wi\u0119ksz\u0105 swobod\u0119! Czas pracy urz\u0105dzenia w trybie Eco wynosi nawet 8 godzin, mo\u017cesz wi\u0119c cieszy\u0107 si\u0119 przyjemnym ciep\u0142em lub och\u0142od\u0105 przez d\u0142ugi czas. Teraz bez przeszk\u00f3d wykorzystasz klimatyzator w dowolnym miejscu \u2013 nie musisz ogranicza\u0107 si\u0119 do dost\u0119pnych gniazdek.<\/p>\n<p>\n<img decoding=\"async\" src=\"https:\/\/assets.innpro.pl\/17710\/23482\/11.jpg\" border=\"0\" alt=\"Para siedzi przy stoliku z klimatyzatorem podczas piknikowania w zielonym krajobrazie\" \/>\n<\/p>\n<h3>R\u00f3\u017cne sposoby zasilania<\/h3>\n<p>Dost\u0119pnych jest kilka sposob\u00f3w zasilania klimatyzatora, mo\u017cesz wi\u0119c wygodnie korzysta\u0107 z niego niemal w ka\u017cdej sytuacji. Je\u015bli jeste\u015b w domu, po prostu pod\u0142\u0105cz urz\u0105dzenie do gniazdka AC. Znajdujesz si\u0119 w miejscu, w kt\u00f3rym dost\u0119p do pr\u0105du jest utrudniony lub niemo\u017cliwy? U\u017cyj dodatkowego akumulatora, paneli s\u0142onecznych, \u0142adowarki samochodowej lub przeno\u015bnej stacji zasilania! Z EcoFlow bez trudu przygotujesz si\u0119 na ka\u017cde okoliczno\u015bci.<\/p>\n<p>\n<img decoding=\"async\" src=\"https:\/\/assets.innpro.pl\/17710\/23482\/2.jpg\" border=\"0\" alt=\"Klimatyzator i roz\u0142o\u017cone panele s\u0142oneczne na trawie obok namiotu kempingowego\" \/>\n<\/p>\n<h3>Przyjazne dla \u015brodowiska ch\u0142odziwo R290<\/h3>\n<p>EcoFlow tworzy rozwi\u0105zania nie tylko przyjazne u\u017cytkownikom, ale te\u017c bezpieczne dla \u015brodowiska. Klimatyzator Wave 2 korzysta z naturalnego ch\u0142odziwa R290, kt\u00f3re jest czyste, ekologiczne i mo\u017ce zapewni\u0107 wymarzon\u0105 och\u0142od\u0119 w upalne dni. Nie wytwarza te\u017c ozonu i pozwala zmniejszy\u0107 \u015blad w\u0119glowy.<\/p>\n<p>\n<img decoding=\"async\" src=\"https:\/\/assets.innpro.pl\/17710\/23482\/5.jpg\" border=\"0\" alt=\"Para przy stoliku z klimatyzatorem podczas jesiennego piknikowania w g\u00f3rskim krajobrazie\" \/>\n<\/p>\n<h3>Rozbudowany ekosystem<\/h3>\n<p>Wave 2 to dopiero pocz\u0105tek. Po\u0142\u0105cz klimatyzator z DELT\u0104 2 lub DELT\u0104 Max (albo z ich dodatkowymi akumulatorami) i uzyskaj jeszcze d\u0142u\u017cszy czas pracy si\u0119gaj\u0105cy 7-14 godzin w trybie Eco. Mo\u017cesz te\u017c wykorzysta\u0107 inn\u0105 przeno\u015bn\u0105 stacj\u0119 zasilania o mocy przynajmniej 820 W. Zyskaj wi\u0119cej mo\u017cliwo\u015bci i ciesz si\u0119 optymaln\u0105 temperatur\u0105 nawet przez ca\u0142y dzie\u0144!<\/p>\n<p>\n<img decoding=\"async\" src=\"https:\/\/assets.innpro.pl\/17710\/23482\/4.jpg\" border=\"0\" alt=\"Klimatyzator zamontowany na desce rozdzielczej samochodu z zielonym krajobrazem za oknem\" \/>\n<\/p>\n<h3>Przydatne akcesoria<\/h3>\n<p>W zestawie znajdziesz te\u017c kilka przydatnych akcesori\u00f3w, kt\u00f3re pozwol\u0105 Ci swobodnie korzysta\u0107 z klimatyzatora w r\u00f3\u017cnych miejscach i dostosowywa\u0107 go do bie\u017c\u0105cych potrzeb. Mo\u017cesz na przyk\u0142ad pod\u0142\u0105czy\u0107 do niego kana\u0142y wentylacyjne, aby uzyska\u0107 bardziej ukierunkowane ch\u0142odzenie. Takie rozwi\u0105zanie \u015bwietnie sprawdzi si\u0119 w kamperze, umo\u017cliwia te\u017c umieszczenie urz\u0105dzenia w wybranej odleg\u0142o\u015bci.<\/p>\n<p>\n<img decoding=\"async\" src=\"https:\/\/assets.innpro.pl\/17710\/23482\/9.jpg\" border=\"0\" alt=\"Przeno\u015bny klimatyzator z w\u0119\u017cami wentylacyjnymi umieszczony we wn\u0119trzu samochodu o zmierzchu\" \/>\n<\/p>\n<h3>W zestawie<\/h3>\n<ul class=\"list-disc pl-5\">\n<li>Klimatyzator EcoFlow Wave 2<\/li>\n<li>Instrukcja obs\u0142ugi<\/li>\n<li>Os\u0142ony z adapterami kana\u0142\u00f3w wentylacyjnych (A, B i C)<\/li>\n<li>Wietrznik<\/li>\n<li>Mocowanie wentylacyjne do okna<\/li>\n<li>Kana\u0142y wentylacyjne (D, E)<\/li>\n<li>Rurka odp\u0142ywowa<\/li>\n<\/ul>\n<div class=\"table-wrapper\">\n<p>\u00a0<\/p>\n<h3><\/h3>\n<table>\n<tbody>\n<tr>\n<th>Producent<\/th>\n<td>EcoFlow<\/td>\n<\/tr>\n<tr>\n<th>Nazwa <\/th>\n<td>Wave 2<\/td>\n<\/tr>\n<tr>\n<th>Model <\/th>\n<td>ZYDKT210-CH-NBox<\/td>\n<\/tr>\n<tr>\n<th>Moc ch\u0142odzenia \/ grzania <\/th>\n<td>1500 W \/ 1800 W (5100 BTU \/ 6100 BTU)<\/td>\n<\/tr>\n<tr>\n<th>Obszar ch\u0142odzenia <\/th>\n<td>\u2264 10 m\u00b2<\/td>\n<\/tr>\n<tr>\n<th>Zakres regulacji temperatury <\/th>\n<td>Od 16\u00b0C do 30\u00b0C<\/td>\n<\/tr>\n<tr>\n<th>Dost\u0119pne tryby <\/th>\n<td>Cooling, Heating, Fan, Fast, Slow, Eco<\/td>\n<\/tr>\n<tr>\n<th>Ch\u0142odziwo <\/th>\n<td>R290 (130 g)<\/td>\n<\/tr>\n<tr>\n<th>Przep\u0142yw powietrza <\/th>\n<td>290 m3\/h<\/td>\n<\/tr>\n<tr>\n<th>Znamionowa moc wej\u015bciowa ch\u0142odzenia \/ grzania (AC) <\/th>\n<td>550 W \/ 600 W<\/td>\n<\/tr>\n<tr>\n<th>Znamionowa moc wej\u015bciowa ch\u0142odzenia \/ grzania (DC) <\/th>\n<td>495 W \/ 540 W<\/td>\n<\/tr>\n<tr>\n<th>Moc maksymalna ch\u0142odzenia \/ grzania <\/th>\n<td>700 W<\/td>\n<\/tr>\n<tr>\n<th>Wej\u015bcie AC <\/th>\n<td>100-240 V ~50\/60 Hz, 820 W maks.<\/td>\n<\/tr>\n<tr>\n<th>Wej\u015bcie (\u0142adowarka samochodowa) <\/th>\n<td>12 V \/ 24 V 8 A, 200 W maks.<\/td>\n<\/tr>\n<tr>\n<th>Wej\u015bcie (\u0142adowanie s\u0142oneczne) <\/th>\n<td>11-60 V 13 A, 400 W maks.<\/td>\n<\/tr>\n<tr>\n<th>Moc wej\u015bciowa zewn\u0119trznego akumulatora <\/th>\n<td>700 W maks.<\/td>\n<\/tr>\n<tr>\n<th>Funkcja No-Drain <\/th>\n<td>Tak, w trybie ch\u0142odzenia<\/td>\n<\/tr>\n<tr>\n<th>Funkcja Overflow Shutdown <\/th>\n<td>Tak<\/td>\n<\/tr>\n<tr>\n<th>Wodoodporno\u015b\u0107 <\/th>\n<td>IPX4<\/td>\n<\/tr>\n<tr>\n<th>Poziom g\u0142o\u015bno\u015bci <\/th>\n<td>44-56 dB<\/td>\n<\/tr>\n<tr>\n<th>Dopuszczalny zakres ci\u015bnienia (wysokie ci\u015bnienie \/ niskie ci\u015bnienie) <\/th>\n<td>2,24 MPa \/ 0,74 MPa<\/td>\n<\/tr>\n<tr>\n<th>Temperatura pracy <\/th>\n<td>Od 5\u00b0C do 50\u00b0C<\/td>\n<\/tr>\n<tr>\n<th>Temperatura przechowywania <\/th>\n<td>Od -10\u00b0C do 60\u00b0C<\/td>\n<\/tr>\n<tr>\n<th>Pasmo przenoszenia Wi-Fi <\/th>\n<td>2412-2472 MHz (20 m) \/ 2422-2462 MHz (40 m)<\/td>\n<\/tr>\n<tr>\n<th>Maks. moc Wi-Fi <\/th>\n<td>16,54 dBm<\/td>\n<\/tr>\n<tr>\n<th>Pasmo przenoszenia Bluetooth <\/th>\n<td>2402-2480 MHz<\/td>\n<\/tr>\n<tr>\n<th>Maks. moc Bluetooth <\/th>\n<td>0,02 dBm<\/td>\n<\/tr>\n<tr>\n<th>Waga <\/th>\n<td>Ok. 14,5 kg<\/td>\n<\/tr>\n<tr>\n<th>Wymiary <\/th>\n<td>518 x 297 x 336 mm<\/td>\n<\/tr>\n<tr>\n<th>Rodzaj wtyczki<\/th>\n<td>Szwajcarska<\/td>\n<\/tr>\n<\/tbody>\n<\/table>\n<\/div>\n","protected":false},"excerpt":{"rendered":"<p>Klimatyzator EcoFlow Wave 2 (wersja z wtyczk\u0105 CH) Zadbaj o optymaln\u0105 temperatur\u0119 w swoim domku letniskowym, kamperze czy przyczepie kempingowej.<\/p>\n","protected":false},"featured_media":49767,"comment_status":"closed","ping_status":"open","template":"","meta":{"_acf_changed":false},"product_brand":[],"product_cat":[5937,5970],"product_tag":[],"class_list":{"0":"post-60794","1":"product","2":"type-product","3":"status-publish","4":"has-post-thumbnail","6":"product_cat-outdoor","7":"product_cat-pozostale-outdoor","8":"pa_okres-gwarancji-5757","9":"pa_producent-ecoflow","11":"first","12":"outofstock","13":"taxable","14":"shipping-taxable","15":"purchasable","16":"product-type-simple"},"acf":[],"yoast_head":"<!-- This site is optimized with the Yoast SEO plugin v27.2 - https:\/\/yoast.com\/product\/yoast-seo-wordpress\/ -->\n<title>Klimatyzator przeno\u015bny ECOFLOW Wave 2 (wtyczka CH) - IRONSKY.PL Sklep z Dronami<\/title>\n<meta name=\"description\" content=\"Klimatyzator przeno\u015bny ECOFLOW Wave 2 (wtyczka CH) - \u2705 sklep z dronami i fachowym doradztwem. \u2705 Tutaj kupisz produkty DJI, Yuneec, Parrot, Syma i wiele innych, a tak\u017ce kursy i licencje na operatora drona.\" \/>\n<meta name=\"robots\" content=\"index, follow, max-snippet:-1, max-image-preview:large, max-video-preview:-1\" \/>\n<link rel=\"canonical\" href=\"https:\/\/ironsky.pl\/sklep\/produkt\/klimatyzator-przenosny-ecoflow-wave-2-wtyczka-ch\/\" \/>\n<meta property=\"og:locale\" content=\"pl_PL\" \/>\n<meta property=\"og:type\" content=\"article\" \/>\n<meta property=\"og:title\" content=\"Klimatyzator przeno\u015bny ECOFLOW Wave 2 (wtyczka CH) - IRONSKY.PL Sklep z Dronami\" \/>\n<meta property=\"og:description\" content=\"Klimatyzator przeno\u015bny ECOFLOW Wave 2 (wtyczka CH) - \u2705 sklep z dronami i fachowym doradztwem. \u2705 Tutaj kupisz produkty DJI, Yuneec, Parrot, Syma i wiele innych, a tak\u017ce kursy i licencje na operatora drona.\" \/>\n<meta property=\"og:url\" content=\"https:\/\/ironsky.pl\/sklep\/produkt\/klimatyzator-przenosny-ecoflow-wave-2-wtyczka-ch\/\" \/>\n<meta property=\"og:site_name\" content=\"IRONSKY.PL Sklep z Dronami\" \/>\n<meta property=\"article:modified_time\" content=\"2026-04-15T09:08:18+00:00\" \/>\n<meta property=\"og:image\" content=\"https:\/\/ironsky.pl\/sklep\/wp-content\/uploads\/2025\/10\/54304_2.jpg\" \/>\n\t<meta property=\"og:image:width\" content=\"800\" \/>\n\t<meta property=\"og:image:height\" content=\"800\" \/>\n\t<meta property=\"og:image:type\" content=\"image\/jpeg\" \/>\n<meta name=\"twitter:card\" content=\"summary_large_image\" \/>\n<meta name=\"twitter:label1\" content=\"Szacowany czas czytania\" \/>\n\t<meta name=\"twitter:data1\" content=\"5 minut\" \/>\n<script type=\"application\/ld+json\" class=\"yoast-schema-graph\">{\"@context\":\"https:\/\/schema.org\",\"@graph\":[{\"@type\":\"WebPage\",\"@id\":\"https:\/\/ironsky.pl\/sklep\/produkt\/klimatyzator-przenosny-ecoflow-wave-2-wtyczka-ch\/\",\"url\":\"https:\/\/ironsky.pl\/sklep\/produkt\/klimatyzator-przenosny-ecoflow-wave-2-wtyczka-ch\/\",\"name\":\"Klimatyzator przeno\u015bny ECOFLOW Wave 2 (wtyczka CH) - IRONSKY.PL Sklep z Dronami\",\"isPartOf\":{\"@id\":\"https:\/\/ironsky.pl\/sklep\/#website\"},\"primaryImageOfPage\":{\"@id\":\"https:\/\/ironsky.pl\/sklep\/produkt\/klimatyzator-przenosny-ecoflow-wave-2-wtyczka-ch\/#primaryimage\"},\"image\":{\"@id\":\"https:\/\/ironsky.pl\/sklep\/produkt\/klimatyzator-przenosny-ecoflow-wave-2-wtyczka-ch\/#primaryimage\"},\"thumbnailUrl\":\"https:\/\/ironsky.pl\/sklep\/wp-content\/uploads\/2025\/10\/54304_2.jpg\",\"datePublished\":\"2026-04-15T09:07:51+00:00\",\"dateModified\":\"2026-04-15T09:08:18+00:00\",\"description\":\"Klimatyzator przeno\u015bny ECOFLOW Wave 2 (wtyczka CH) - \u2705 sklep z dronami i fachowym doradztwem. \u2705 Tutaj kupisz produkty DJI, Yuneec, Parrot, Syma i wiele innych, a tak\u017ce kursy i licencje na operatora drona.\",\"breadcrumb\":{\"@id\":\"https:\/\/ironsky.pl\/sklep\/produkt\/klimatyzator-przenosny-ecoflow-wave-2-wtyczka-ch\/#breadcrumb\"},\"inLanguage\":\"pl-PL\",\"potentialAction\":[{\"@type\":\"ReadAction\",\"target\":[\"https:\/\/ironsky.pl\/sklep\/produkt\/klimatyzator-przenosny-ecoflow-wave-2-wtyczka-ch\/\"]}]},{\"@type\":\"ImageObject\",\"inLanguage\":\"pl-PL\",\"@id\":\"https:\/\/ironsky.pl\/sklep\/produkt\/klimatyzator-przenosny-ecoflow-wave-2-wtyczka-ch\/#primaryimage\",\"url\":\"https:\/\/ironsky.pl\/sklep\/wp-content\/uploads\/2025\/10\/54304_2.jpg\",\"contentUrl\":\"https:\/\/ironsky.pl\/sklep\/wp-content\/uploads\/2025\/10\/54304_2.jpg\",\"width\":800,\"height\":800},{\"@type\":\"BreadcrumbList\",\"@id\":\"https:\/\/ironsky.pl\/sklep\/produkt\/klimatyzator-przenosny-ecoflow-wave-2-wtyczka-ch\/#breadcrumb\",\"itemListElement\":[{\"@type\":\"ListItem\",\"position\":1,\"name\":\"Strona g\u0142\u00f3wna\",\"item\":\"https:\/\/ironsky.pl\/sklep\/\"},{\"@type\":\"ListItem\",\"position\":2,\"name\":\"Wszystkie produkty\",\"item\":\"https:\/\/ironsky.pl\/sklep\/produkty\/\"},{\"@type\":\"ListItem\",\"position\":3,\"name\":\"Klimatyzator przeno\u015bny ECOFLOW Wave 2 (wtyczka CH)\"}]},{\"@type\":\"WebSite\",\"@id\":\"https:\/\/ironsky.pl\/sklep\/#website\",\"url\":\"https:\/\/ironsky.pl\/sklep\/\",\"name\":\"IRONSKY.PL Sklep z Dronami\",\"description\":\"IRONSKY.PL Sklep z Dronami\",\"potentialAction\":[{\"@type\":\"SearchAction\",\"target\":{\"@type\":\"EntryPoint\",\"urlTemplate\":\"https:\/\/ironsky.pl\/sklep\/?s={search_term_string}\"},\"query-input\":{\"@type\":\"PropertyValueSpecification\",\"valueRequired\":true,\"valueName\":\"search_term_string\"}}],\"inLanguage\":\"pl-PL\"}]}<\/script>\n<!-- \/ Yoast SEO plugin. -->","yoast_head_json":{"title":"Klimatyzator przeno\u015bny ECOFLOW Wave 2 (wtyczka CH) - IRONSKY.PL Sklep z Dronami","description":"Klimatyzator przeno\u015bny ECOFLOW Wave 2 (wtyczka CH) - \u2705 sklep z dronami i fachowym doradztwem. \u2705 Tutaj kupisz produkty DJI, Yuneec, Parrot, Syma i wiele innych, a tak\u017ce kursy i licencje na operatora drona.","robots":{"index":"index","follow":"follow","max-snippet":"max-snippet:-1","max-image-preview":"max-image-preview:large","max-video-preview":"max-video-preview:-1"},"canonical":"https:\/\/ironsky.pl\/sklep\/produkt\/klimatyzator-przenosny-ecoflow-wave-2-wtyczka-ch\/","og_locale":"pl_PL","og_type":"article","og_title":"Klimatyzator przeno\u015bny ECOFLOW Wave 2 (wtyczka CH) - IRONSKY.PL Sklep z Dronami","og_description":"Klimatyzator przeno\u015bny ECOFLOW Wave 2 (wtyczka CH) - \u2705 sklep z dronami i fachowym doradztwem. \u2705 Tutaj kupisz produkty DJI, Yuneec, Parrot, Syma i wiele innych, a tak\u017ce kursy i licencje na operatora drona.","og_url":"https:\/\/ironsky.pl\/sklep\/produkt\/klimatyzator-przenosny-ecoflow-wave-2-wtyczka-ch\/","og_site_name":"IRONSKY.PL Sklep z Dronami","article_modified_time":"2026-04-15T09:08:18+00:00","og_image":[{"width":800,"height":800,"url":"https:\/\/ironsky.pl\/sklep\/wp-content\/uploads\/2025\/10\/54304_2.jpg","type":"image\/jpeg"}],"twitter_card":"summary_large_image","twitter_misc":{"Szacowany czas czytania":"5 minut"},"schema":{"@context":"https:\/\/schema.org","@graph":[{"@type":"WebPage","@id":"https:\/\/ironsky.pl\/sklep\/produkt\/klimatyzator-przenosny-ecoflow-wave-2-wtyczka-ch\/","url":"https:\/\/ironsky.pl\/sklep\/produkt\/klimatyzator-przenosny-ecoflow-wave-2-wtyczka-ch\/","name":"Klimatyzator przeno\u015bny ECOFLOW Wave 2 (wtyczka CH) - IRONSKY.PL Sklep z Dronami","isPartOf":{"@id":"https:\/\/ironsky.pl\/sklep\/#website"},"primaryImageOfPage":{"@id":"https:\/\/ironsky.pl\/sklep\/produkt\/klimatyzator-przenosny-ecoflow-wave-2-wtyczka-ch\/#primaryimage"},"image":{"@id":"https:\/\/ironsky.pl\/sklep\/produkt\/klimatyzator-przenosny-ecoflow-wave-2-wtyczka-ch\/#primaryimage"},"thumbnailUrl":"https:\/\/ironsky.pl\/sklep\/wp-content\/uploads\/2025\/10\/54304_2.jpg","datePublished":"2026-04-15T09:07:51+00:00","dateModified":"2026-04-15T09:08:18+00:00","description":"Klimatyzator przeno\u015bny ECOFLOW Wave 2 (wtyczka CH) - \u2705 sklep z dronami i fachowym doradztwem. \u2705 Tutaj kupisz produkty DJI, Yuneec, Parrot, Syma i wiele innych, a tak\u017ce kursy i licencje na operatora drona.","breadcrumb":{"@id":"https:\/\/ironsky.pl\/sklep\/produkt\/klimatyzator-przenosny-ecoflow-wave-2-wtyczka-ch\/#breadcrumb"},"inLanguage":"pl-PL","potentialAction":[{"@type":"ReadAction","target":["https:\/\/ironsky.pl\/sklep\/produkt\/klimatyzator-przenosny-ecoflow-wave-2-wtyczka-ch\/"]}]},{"@type":"ImageObject","inLanguage":"pl-PL","@id":"https:\/\/ironsky.pl\/sklep\/produkt\/klimatyzator-przenosny-ecoflow-wave-2-wtyczka-ch\/#primaryimage","url":"https:\/\/ironsky.pl\/sklep\/wp-content\/uploads\/2025\/10\/54304_2.jpg","contentUrl":"https:\/\/ironsky.pl\/sklep\/wp-content\/uploads\/2025\/10\/54304_2.jpg","width":800,"height":800},{"@type":"BreadcrumbList","@id":"https:\/\/ironsky.pl\/sklep\/produkt\/klimatyzator-przenosny-ecoflow-wave-2-wtyczka-ch\/#breadcrumb","itemListElement":[{"@type":"ListItem","position":1,"name":"Strona g\u0142\u00f3wna","item":"https:\/\/ironsky.pl\/sklep\/"},{"@type":"ListItem","position":2,"name":"Wszystkie produkty","item":"https:\/\/ironsky.pl\/sklep\/produkty\/"},{"@type":"ListItem","position":3,"name":"Klimatyzator przeno\u015bny ECOFLOW Wave 2 (wtyczka CH)"}]},{"@type":"WebSite","@id":"https:\/\/ironsky.pl\/sklep\/#website","url":"https:\/\/ironsky.pl\/sklep\/","name":"IRONSKY.PL Sklep z Dronami","description":"IRONSKY.PL Sklep z Dronami","potentialAction":[{"@type":"SearchAction","target":{"@type":"EntryPoint","urlTemplate":"https:\/\/ironsky.pl\/sklep\/?s={search_term_string}"},"query-input":{"@type":"PropertyValueSpecification","valueRequired":true,"valueName":"search_term_string"}}],"inLanguage":"pl-PL"}]}},"_links":{"self":[{"href":"https:\/\/ironsky.pl\/sklep\/wp-json\/wp\/v2\/product\/60794","targetHints":{"allow":["GET"]}}],"collection":[{"href":"https:\/\/ironsky.pl\/sklep\/wp-json\/wp\/v2\/product"}],"about":[{"href":"https:\/\/ironsky.pl\/sklep\/wp-json\/wp\/v2\/types\/product"}],"replies":[{"embeddable":true,"href":"https:\/\/ironsky.pl\/sklep\/wp-json\/wp\/v2\/comments?post=60794"}],"wp:featuredmedia":[{"embeddable":true,"href":"https:\/\/ironsky.pl\/sklep\/wp-json\/wp\/v2\/media\/49767"}],"wp:attachment":[{"href":"https:\/\/ironsky.pl\/sklep\/wp-json\/wp\/v2\/media?parent=60794"}],"wp:term":[{"taxonomy":"product_brand","embeddable":true,"href":"https:\/\/ironsky.pl\/sklep\/wp-json\/wp\/v2\/product_brand?post=60794"},{"taxonomy":"product_cat","embeddable":true,"href":"https:\/\/ironsky.pl\/sklep\/wp-json\/wp\/v2\/product_cat?post=60794"},{"taxonomy":"product_tag","embeddable":true,"href":"https:\/\/ironsky.pl\/sklep\/wp-json\/wp\/v2\/product_tag?post=60794"}],"curies":[{"name":"wp","href":"https:\/\/api.w.org\/{rel}","templated":true}]}}