{"id":60793,"date":"2026-04-15T11:07:51","date_gmt":"2026-04-15T09:07:51","guid":{"rendered":"https:\/\/ironsky.pl\/sklep\/produkt\/uchwyt-mocujacy-ecoflow-fixing-metal-tab\/"},"modified":"2026-04-15T11:08:17","modified_gmt":"2026-04-15T09:08:17","slug":"uchwyt-mocujacy-ecoflow-fixing-metal-tab","status":"publish","type":"product","link":"https:\/\/ironsky.pl\/sklep\/produkt\/uchwyt-mocujacy-ecoflow-fixing-metal-tab\/","title":{"rendered":"Uchwyt mocuj\u0105cy ECOFLOW Fixing Metal Tab"},"content":{"rendered":"<h3>Metalowy uchwyt mocuj\u0105cy EcoFlow<\/h3>\n<p>Metalowy uchwyt mocuj\u0105cy EcoFlow przydaje si\u0119 przy rozbudowie systemu DELTA Pro Ultra. S\u0142u\u017cy do bezpiecznego \u0142\u0105czenia trzech lub wi\u0119cej modu\u0142\u00f3w akumulatorowych w pionie. Umo\u017cliwia tak\u017ce po\u0142\u0105czenie akumulator\u00f3w z inwerterem. Solidna, a zarazem kompaktowa konstrukcja (112,6 \u00d7 48,2 \u00d7 24 mm) sprawia, \u017ce akcesorium idealnie wpasowuje si\u0119 w system, zapewniaj\u0105c trwa\u0142o\u015b\u0107 i bezpiecze\u0144stwo ca\u0142ej instalacji.<\/p>\n<p>\n<img decoding=\"async\" src=\"https:\/\/assets.innpro.pl\/17730\/23510\/1.jpg\" border=\"0\" alt=\"metalowe uchwyty mocuj\u0105ce do akumulator\u00f3w EcoFlow na szarym tle\" \/>\n<\/p>\n<div class=\"table-wrapper\">\n<p>\u00a0<\/p>\n<h3><\/h3>\n<table>\n<tbody>\n<tr>\n<th>Producent<\/th>\n<td>EcoFlow<\/td>\n<\/tr>\n<tr>\n<th>Nazwa<\/th>\n<td>EcoFlow Fixing Metal Tab<\/td>\n<\/tr>\n<tr>\n<th>Model<\/th>\n<td>EFA-FixingMetalTab<\/td>\n<\/tr>\n<tr>\n<th>Wymiary<\/th>\n<td>112,6 x 48,2 x 24 mm<\/td>\n<\/tr>\n<tr>\n<th>Kompatybilno\u015b\u0107<\/th>\n<td>EcoFlow DELTA Pro Ultra<\/td>\n<\/tr>\n<\/tbody>\n<\/table>\n<\/div>\n","protected":false},"excerpt":{"rendered":"<p>Metalowy uchwyt mocuj\u0105cy EcoFlow Metalowy uchwyt mocuj\u0105cy EcoFlow przydaje si\u0119 przy rozbudowie systemu DELTA Pro Ultra. S\u0142u\u017cy do bezpiecznego \u0142\u0105czenia<\/p>\n","protected":false},"featured_media":49765,"comment_status":"closed","ping_status":"open","template":"","meta":{"_acf_changed":false},"product_brand":[],"product_cat":[5937,5970],"product_tag":[],"class_list":{"0":"post-60793","1":"product","2":"type-product","3":"status-publish","4":"has-post-thumbnail","6":"product_cat-outdoor","7":"product_cat-pozostale-outdoor","8":"pa_okres-gwarancji-5757","9":"pa_producent-ecoflow","11":"first","12":"outofstock","13":"taxable","14":"shipping-taxable","15":"purchasable","16":"product-type-simple"},"acf":[],"yoast_head":"<!-- This site is optimized with the Yoast SEO plugin v27.2 - https:\/\/yoast.com\/product\/yoast-seo-wordpress\/ -->\n<title>Uchwyt mocuj\u0105cy ECOFLOW Fixing Metal Tab - IRONSKY.PL Sklep z Dronami<\/title>\n<meta name=\"description\" content=\"Uchwyt mocuj\u0105cy ECOFLOW Fixing Metal Tab - \u2705 sklep z dronami i fachowym doradztwem. \u2705 Tutaj kupisz produkty DJI, Yuneec, Parrot, Syma i wiele innych, a tak\u017ce kursy i licencje na operatora drona.\" \/>\n<meta name=\"robots\" content=\"index, follow, max-snippet:-1, max-image-preview:large, max-video-preview:-1\" \/>\n<link rel=\"canonical\" href=\"https:\/\/ironsky.pl\/sklep\/produkt\/uchwyt-mocujacy-ecoflow-fixing-metal-tab\/\" \/>\n<meta property=\"og:locale\" content=\"pl_PL\" \/>\n<meta property=\"og:type\" content=\"article\" \/>\n<meta property=\"og:title\" content=\"Uchwyt mocuj\u0105cy ECOFLOW Fixing Metal Tab - IRONSKY.PL Sklep z Dronami\" \/>\n<meta property=\"og:description\" content=\"Uchwyt mocuj\u0105cy ECOFLOW Fixing Metal Tab - \u2705 sklep z dronami i fachowym doradztwem. \u2705 Tutaj kupisz produkty DJI, Yuneec, Parrot, Syma i wiele innych, a tak\u017ce kursy i licencje na operatora drona.\" \/>\n<meta property=\"og:url\" content=\"https:\/\/ironsky.pl\/sklep\/produkt\/uchwyt-mocujacy-ecoflow-fixing-metal-tab\/\" \/>\n<meta property=\"og:site_name\" content=\"IRONSKY.PL Sklep z Dronami\" \/>\n<meta property=\"article:modified_time\" content=\"2026-04-15T09:08:17+00:00\" \/>\n<meta property=\"og:image\" content=\"https:\/\/ironsky.pl\/sklep\/wp-content\/uploads\/2025\/10\/54303_1.jpg\" \/>\n\t<meta property=\"og:image:width\" content=\"800\" \/>\n\t<meta property=\"og:image:height\" content=\"800\" \/>\n\t<meta property=\"og:image:type\" content=\"image\/jpeg\" \/>\n<meta name=\"twitter:card\" content=\"summary_large_image\" \/>\n<script type=\"application\/ld+json\" class=\"yoast-schema-graph\">{\"@context\":\"https:\/\/schema.org\",\"@graph\":[{\"@type\":\"WebPage\",\"@id\":\"https:\/\/ironsky.pl\/sklep\/produkt\/uchwyt-mocujacy-ecoflow-fixing-metal-tab\/\",\"url\":\"https:\/\/ironsky.pl\/sklep\/produkt\/uchwyt-mocujacy-ecoflow-fixing-metal-tab\/\",\"name\":\"Uchwyt mocuj\u0105cy ECOFLOW Fixing Metal Tab - IRONSKY.PL Sklep z Dronami\",\"isPartOf\":{\"@id\":\"https:\/\/ironsky.pl\/sklep\/#website\"},\"primaryImageOfPage\":{\"@id\":\"https:\/\/ironsky.pl\/sklep\/produkt\/uchwyt-mocujacy-ecoflow-fixing-metal-tab\/#primaryimage\"},\"image\":{\"@id\":\"https:\/\/ironsky.pl\/sklep\/produkt\/uchwyt-mocujacy-ecoflow-fixing-metal-tab\/#primaryimage\"},\"thumbnailUrl\":\"https:\/\/ironsky.pl\/sklep\/wp-content\/uploads\/2025\/10\/54303_1.jpg\",\"datePublished\":\"2026-04-15T09:07:51+00:00\",\"dateModified\":\"2026-04-15T09:08:17+00:00\",\"description\":\"Uchwyt mocuj\u0105cy ECOFLOW Fixing Metal Tab - \u2705 sklep z dronami i fachowym doradztwem. \u2705 Tutaj kupisz produkty DJI, Yuneec, Parrot, Syma i wiele innych, a tak\u017ce kursy i licencje na operatora drona.\",\"breadcrumb\":{\"@id\":\"https:\/\/ironsky.pl\/sklep\/produkt\/uchwyt-mocujacy-ecoflow-fixing-metal-tab\/#breadcrumb\"},\"inLanguage\":\"pl-PL\",\"potentialAction\":[{\"@type\":\"ReadAction\",\"target\":[\"https:\/\/ironsky.pl\/sklep\/produkt\/uchwyt-mocujacy-ecoflow-fixing-metal-tab\/\"]}]},{\"@type\":\"ImageObject\",\"inLanguage\":\"pl-PL\",\"@id\":\"https:\/\/ironsky.pl\/sklep\/produkt\/uchwyt-mocujacy-ecoflow-fixing-metal-tab\/#primaryimage\",\"url\":\"https:\/\/ironsky.pl\/sklep\/wp-content\/uploads\/2025\/10\/54303_1.jpg\",\"contentUrl\":\"https:\/\/ironsky.pl\/sklep\/wp-content\/uploads\/2025\/10\/54303_1.jpg\",\"width\":800,\"height\":800},{\"@type\":\"BreadcrumbList\",\"@id\":\"https:\/\/ironsky.pl\/sklep\/produkt\/uchwyt-mocujacy-ecoflow-fixing-metal-tab\/#breadcrumb\",\"itemListElement\":[{\"@type\":\"ListItem\",\"position\":1,\"name\":\"Strona g\u0142\u00f3wna\",\"item\":\"https:\/\/ironsky.pl\/sklep\/\"},{\"@type\":\"ListItem\",\"position\":2,\"name\":\"Wszystkie produkty\",\"item\":\"https:\/\/ironsky.pl\/sklep\/produkty\/\"},{\"@type\":\"ListItem\",\"position\":3,\"name\":\"Uchwyt mocuj\u0105cy ECOFLOW Fixing Metal Tab\"}]},{\"@type\":\"WebSite\",\"@id\":\"https:\/\/ironsky.pl\/sklep\/#website\",\"url\":\"https:\/\/ironsky.pl\/sklep\/\",\"name\":\"IRONSKY.PL Sklep z Dronami\",\"description\":\"IRONSKY.PL Sklep z Dronami\",\"potentialAction\":[{\"@type\":\"SearchAction\",\"target\":{\"@type\":\"EntryPoint\",\"urlTemplate\":\"https:\/\/ironsky.pl\/sklep\/?s={search_term_string}\"},\"query-input\":{\"@type\":\"PropertyValueSpecification\",\"valueRequired\":true,\"valueName\":\"search_term_string\"}}],\"inLanguage\":\"pl-PL\"}]}<\/script>\n<!-- \/ Yoast SEO plugin. -->","yoast_head_json":{"title":"Uchwyt mocuj\u0105cy ECOFLOW Fixing Metal Tab - IRONSKY.PL Sklep z Dronami","description":"Uchwyt mocuj\u0105cy ECOFLOW Fixing Metal Tab - \u2705 sklep z dronami i fachowym doradztwem. \u2705 Tutaj kupisz produkty DJI, Yuneec, Parrot, Syma i wiele innych, a tak\u017ce kursy i licencje na operatora drona.","robots":{"index":"index","follow":"follow","max-snippet":"max-snippet:-1","max-image-preview":"max-image-preview:large","max-video-preview":"max-video-preview:-1"},"canonical":"https:\/\/ironsky.pl\/sklep\/produkt\/uchwyt-mocujacy-ecoflow-fixing-metal-tab\/","og_locale":"pl_PL","og_type":"article","og_title":"Uchwyt mocuj\u0105cy ECOFLOW Fixing Metal Tab - IRONSKY.PL Sklep z Dronami","og_description":"Uchwyt mocuj\u0105cy ECOFLOW Fixing Metal Tab - \u2705 sklep z dronami i fachowym doradztwem. \u2705 Tutaj kupisz produkty DJI, Yuneec, Parrot, Syma i wiele innych, a tak\u017ce kursy i licencje na operatora drona.","og_url":"https:\/\/ironsky.pl\/sklep\/produkt\/uchwyt-mocujacy-ecoflow-fixing-metal-tab\/","og_site_name":"IRONSKY.PL Sklep z Dronami","article_modified_time":"2026-04-15T09:08:17+00:00","og_image":[{"width":800,"height":800,"url":"https:\/\/ironsky.pl\/sklep\/wp-content\/uploads\/2025\/10\/54303_1.jpg","type":"image\/jpeg"}],"twitter_card":"summary_large_image","schema":{"@context":"https:\/\/schema.org","@graph":[{"@type":"WebPage","@id":"https:\/\/ironsky.pl\/sklep\/produkt\/uchwyt-mocujacy-ecoflow-fixing-metal-tab\/","url":"https:\/\/ironsky.pl\/sklep\/produkt\/uchwyt-mocujacy-ecoflow-fixing-metal-tab\/","name":"Uchwyt mocuj\u0105cy ECOFLOW Fixing Metal Tab - IRONSKY.PL Sklep z Dronami","isPartOf":{"@id":"https:\/\/ironsky.pl\/sklep\/#website"},"primaryImageOfPage":{"@id":"https:\/\/ironsky.pl\/sklep\/produkt\/uchwyt-mocujacy-ecoflow-fixing-metal-tab\/#primaryimage"},"image":{"@id":"https:\/\/ironsky.pl\/sklep\/produkt\/uchwyt-mocujacy-ecoflow-fixing-metal-tab\/#primaryimage"},"thumbnailUrl":"https:\/\/ironsky.pl\/sklep\/wp-content\/uploads\/2025\/10\/54303_1.jpg","datePublished":"2026-04-15T09:07:51+00:00","dateModified":"2026-04-15T09:08:17+00:00","description":"Uchwyt mocuj\u0105cy ECOFLOW Fixing Metal Tab - \u2705 sklep z dronami i fachowym doradztwem. \u2705 Tutaj kupisz produkty DJI, Yuneec, Parrot, Syma i wiele innych, a tak\u017ce kursy i licencje na operatora drona.","breadcrumb":{"@id":"https:\/\/ironsky.pl\/sklep\/produkt\/uchwyt-mocujacy-ecoflow-fixing-metal-tab\/#breadcrumb"},"inLanguage":"pl-PL","potentialAction":[{"@type":"ReadAction","target":["https:\/\/ironsky.pl\/sklep\/produkt\/uchwyt-mocujacy-ecoflow-fixing-metal-tab\/"]}]},{"@type":"ImageObject","inLanguage":"pl-PL","@id":"https:\/\/ironsky.pl\/sklep\/produkt\/uchwyt-mocujacy-ecoflow-fixing-metal-tab\/#primaryimage","url":"https:\/\/ironsky.pl\/sklep\/wp-content\/uploads\/2025\/10\/54303_1.jpg","contentUrl":"https:\/\/ironsky.pl\/sklep\/wp-content\/uploads\/2025\/10\/54303_1.jpg","width":800,"height":800},{"@type":"BreadcrumbList","@id":"https:\/\/ironsky.pl\/sklep\/produkt\/uchwyt-mocujacy-ecoflow-fixing-metal-tab\/#breadcrumb","itemListElement":[{"@type":"ListItem","position":1,"name":"Strona g\u0142\u00f3wna","item":"https:\/\/ironsky.pl\/sklep\/"},{"@type":"ListItem","position":2,"name":"Wszystkie produkty","item":"https:\/\/ironsky.pl\/sklep\/produkty\/"},{"@type":"ListItem","position":3,"name":"Uchwyt mocuj\u0105cy ECOFLOW Fixing Metal Tab"}]},{"@type":"WebSite","@id":"https:\/\/ironsky.pl\/sklep\/#website","url":"https:\/\/ironsky.pl\/sklep\/","name":"IRONSKY.PL Sklep z Dronami","description":"IRONSKY.PL Sklep z Dronami","potentialAction":[{"@type":"SearchAction","target":{"@type":"EntryPoint","urlTemplate":"https:\/\/ironsky.pl\/sklep\/?s={search_term_string}"},"query-input":{"@type":"PropertyValueSpecification","valueRequired":true,"valueName":"search_term_string"}}],"inLanguage":"pl-PL"}]}},"_links":{"self":[{"href":"https:\/\/ironsky.pl\/sklep\/wp-json\/wp\/v2\/product\/60793","targetHints":{"allow":["GET"]}}],"collection":[{"href":"https:\/\/ironsky.pl\/sklep\/wp-json\/wp\/v2\/product"}],"about":[{"href":"https:\/\/ironsky.pl\/sklep\/wp-json\/wp\/v2\/types\/product"}],"replies":[{"embeddable":true,"href":"https:\/\/ironsky.pl\/sklep\/wp-json\/wp\/v2\/comments?post=60793"}],"wp:featuredmedia":[{"embeddable":true,"href":"https:\/\/ironsky.pl\/sklep\/wp-json\/wp\/v2\/media\/49765"}],"wp:attachment":[{"href":"https:\/\/ironsky.pl\/sklep\/wp-json\/wp\/v2\/media?parent=60793"}],"wp:term":[{"taxonomy":"product_brand","embeddable":true,"href":"https:\/\/ironsky.pl\/sklep\/wp-json\/wp\/v2\/product_brand?post=60793"},{"taxonomy":"product_cat","embeddable":true,"href":"https:\/\/ironsky.pl\/sklep\/wp-json\/wp\/v2\/product_cat?post=60793"},{"taxonomy":"product_tag","embeddable":true,"href":"https:\/\/ironsky.pl\/sklep\/wp-json\/wp\/v2\/product_tag?post=60793"}],"curies":[{"name":"wp","href":"https:\/\/api.w.org\/{rel}","templated":true}]}}