{"id":60792,"date":"2026-04-15T11:07:51","date_gmt":"2026-04-15T09:07:51","guid":{"rendered":"https:\/\/ironsky.pl\/sklep\/produkt\/dji-manifold-3-2\/"},"modified":"2026-04-15T11:08:16","modified_gmt":"2026-04-15T09:08:16","slug":"dji-manifold-3-2","status":"publish","type":"product","link":"https:\/\/ironsky.pl\/sklep\/produkt\/dji-manifold-3-2\/","title":{"rendered":"DJI Manifold 3"},"content":{"rendered":"<h3>DJI Manifold 3<\/h3>\n<p>DJI Manifold 3 to kompaktowy komputer pok\u0142adowy, kt\u00f3ry zapewnia a\u017c 100 TOPS (Tera Operations Per Second, bilion\u00f3w operacji na sekund\u0119) mocy obliczeniowej przy masie zaledwie 120 g. Stworzony z my\u015bl\u0105 o integracji z platform\u0105 DJI Matrice 400 \u2013 znacznie zwi\u0119ksza mo\u017cliwo\u015bci w zakresie kontroli lotu, pracy gimbala i obs\u0142ugi kamery, podnosz\u0105c wydajno\u015b\u0107 operacyjn\u0105 w bran\u017cach takich jak energetyka, bezpiecze\u0144stwo publiczne czy inspekcje infrastruktury. Ponadto otwarty ekosystem i przyjazne \u015brodowisko deweloperskie pozwalaj\u0105 tworzy\u0107 zaawansowane aplikacje dopasowane do wymagaj\u0105cych scenariuszy.<\/p>\n<p><img decoding=\"async\" src=\"https:\/\/assets.innpro.pl\/17614\/23363\/6.jpg\" border=\"0\" alt=\"komputer pok\u0142adowy do dron\u00f3w na jasnym, niebieskim tle\"><\/p>\n<h3>Kompaktowy format, pot\u0119\u017cna wydajno\u015b\u0107<\/h3>\n<p>Manifold 3 zapewnia do 100 TOPS mocy obliczeniowej i wykorzystuje komponenty takie jak GPU(Graphics Processing Unit, procesor graficzny) i DLA (Deep Learning Accelerator, akcelerator uczenia g\u0142\u0119bokiego), aby sprawnie uruchamia\u0107 modele algorytmiczne i przyspiesza\u0107 ich dzia\u0142anie. Mimo tak du\u017cych mo\u017cliwo\u015bci wa\u017cy zaledwie 120 g, dzi\u0119ki czemu nie wp\u0142ywa znacz\u0105co na czas lotu ani osi\u0105gi drona. Jego kompaktowa budowa pozwala na \u0142atw\u0105 integracj\u0119 z platformami lotniczymi DJI, oferuj\u0105c wysok\u0105 wydajno\u015b\u0107 bez kompromis\u00f3w.<\/p>\n<p><img decoding=\"async\" src=\"https:\/\/assets.innpro.pl\/17614\/23363\/8.jpg\" border=\"0\" alt=\"kompaktowy komputer podk\u0142adowy do dron\u00f3w na niebieskim tle\"><\/p>\n<h3>Odporno\u015b\u0107 na trudne warunki<\/h3>\n<p>Dzi\u0119ki klasie szczelno\u015bci IP55 (Ingress Protection 55, stopie\u0144 ochrony przed py\u0142em i wod\u0105) oraz mo\u017cliwo\u015bci pracy w zakresie temperatur od -20\u00b0C do 50\u00b0C Manifold 3 sprawdzi si\u0119 zar\u00f3wno w ekstremalnym upale, jak i na mrozie. Skuteczny system ch\u0142odzenia umo\u017cliwia stabilne dzia\u0142anie urz\u0105dzenia przy poborze mocy 25 W nawet przy 40\u00b0C. To wydajno\u015b\u0107, na kt\u00f3rej mo\u017cesz polega\u0107!<\/p>\n<p><img decoding=\"async\" src=\"https:\/\/assets.innpro.pl\/17614\/23363\/3.jpg\" border=\"0\" alt=\"komputer pok\u0142adowy do dron\u00f3w przedstawiony z efektami przep\u0142ywu powietrza na ciemnym tle\"><\/p>\n<h3>Integracja z PSDK i szybki dost\u0119p do danych<\/h3>\n<p>Modu\u0142 jest kompatybilny z PSDK (Payload Software Development Kit, zestaw narz\u0119dzi do integracji \u0142adunk\u00f3w) V3, dzi\u0119ki czemu umo\u017cliwia p\u0142ynn\u0105 integracj\u0119 z r\u00f3\u017cnymi sensorami drona. Dodatkowo natywnie wspiera kodeki sprz\u0119towe, zapewniaj\u0105c szybki dost\u0119p do strumieniowania wideo. To przek\u0142ada si\u0119 na skuteczniejsz\u0105 kontrol\u0119 \u0142adunk\u00f3w i wi\u0119ksz\u0105 elastyczno\u015b\u0107 w dostosowaniu platformy do konkretnych zada\u0144.<\/p>\n<p><img decoding=\"async\" src=\"https:\/\/assets.innpro.pl\/17614\/23363\/7.jpg\" border=\"0\" alt=\"rozleg\u0142a farma fotowoltaiczna o zachodzie s\u0142o\u0144ca\"><\/p>\n<h3>U\u0142atwiona instalacja aplikacji<\/h3>\n<p>Manifold 3 pozwala lokalnie instalowa\u0107 oprogramowanie innych firm bez potrzeby korzystania z terminala czy zaawansowanych zale\u017cno\u015bci programowych. Dzi\u0119ki DJI Pilot 2 ca\u0142y proces przypomina instalacj\u0119 zwyk\u0142ych aplikacji mobilnych \u2013 jest bardzo szybki i intuicyjny.<\/p>\n<p><img decoding=\"async\" src=\"https:\/\/assets.innpro.pl\/17614\/23363\/9.jpg\" border=\"0\" alt=\"r\u00f3g nowoczesnego budynku z pomara\u0144czow\u0105 elewacj\u0105 i pionowym oknem, na tle nieba\"><\/p>\n<h3>Rozszerzona funkcjonalno\u015b\u0107 \u2013 sie\u0107 4G i dane LiDAR<\/h3>\n<p>Dzi\u0119ki PSDK mo\u017cliwa jest bezpo\u015brednia obs\u0142uga sieci 4G (czwartej generacji, standard szybkiego internetu mobilnego), co zmniejsza op\u00f3\u017anienia w komunikacji. U\u017cytkownicy mog\u0105 te\u017c wykorzysta\u0107 dane z chmury punkt\u00f3w LiDAR (Light Detection and Ranging, technologia zdalnego pomiaru odleg\u0142o\u015bci) z DJI Matrice 400 oraz nak\u0142ada\u0107 wizualizacje AR (Augmented Reality, rozszerzona rzeczywisto\u015b\u0107) w aplikacji DJI Pilot 2 \u2013 to otwiera drzwi do nowych zastosowa\u0144 w z\u0142o\u017conych \u015brodowiskach operacyjnych.<\/p>\n<p><img decoding=\"async\" src=\"https:\/\/assets.innpro.pl\/17614\/23363\/4.jpg\" border=\"0\" alt=\"zapora wodna z rozleg\u0142ym zbiornikiem i zielonym p\u00f3\u0142wyspem po\u015brodku\"><\/p>\n<h3>Port USB-C 3.0 \u2013 dodatkowe opcje \u0142\u0105czno\u015bci<\/h3>\n<p>Port USB-C (Universal Serial Bus Type-C, uniwersalne z\u0142\u0105cze danych i zasilania w standardzie C) 3.0 z obs\u0142ug\u0105 Power Delivery (PD, technologia szybkiego \u0142adowania i zasilania) pozwala na bezproblemowe pod\u0142\u0105czanie zewn\u0119trznych urz\u0105dze\u0144, takich jak pami\u0119ci USB, karty sieciowe czy dodatkowe sensory. Taka elastyczno\u015b\u0107 jeszcze bardziej rozszerza mo\u017cliwo\u015bci systemu, u\u0142atwiaj\u0105c dostosowanie platformy do specyfiki zada\u0144.<\/p>\n<p><img decoding=\"async\" src=\"https:\/\/assets.innpro.pl\/17614\/23363\/5.jpg\" border=\"0\" alt=\"komputer pok\u0142adowy do dron\u00f3w DJI pod\u0142\u0105czony do koncentratora USB z trzema kablami, na czarnym tle\"><\/p>\n<h3>Platforma otwarta na innowacje<\/h3>\n<p>DJI Manifold 3 to nie tylko pot\u0119\u017cna jednostka obliczeniowa, ale te\u017c otwarta platforma dla deweloper\u00f3w, kt\u00f3rzy chc\u0105 tworzy\u0107 zaawansowane, zautomatyzowane rozwi\u0105zania \u2013 od gromadzenia danych po ich przetwarzanie i realizacj\u0119 zada\u0144. Dzi\u0119ki temu doskonale sprawdzi si\u0119 w profesjonalnych projektach, kt\u00f3re wymagaj\u0105 najwy\u017cszej precyzji i efektywno\u015bci.<\/p>\n<p><img decoding=\"async\" src=\"https:\/\/assets.innpro.pl\/17614\/23363\/10.jpg\" border=\"0\" alt=\"zalane osiedle z domami i drzewami cz\u0119\u015bciowo pod wod\u0105 oraz \u0142odzi\u0105 z lud\u017ami\"><\/p>\n<h3>Komputer pok\u0142adowy do zada\u0144 specjalnych<\/h3>\n<p>Manifold 3 znajdzie zastosowanie wsz\u0119dzie tam, gdzie liczy si\u0119 szybkie przetwarzanie danych. Sprawdzi si\u0119 mi\u0119dzy innymi podczas inspekcji infrastruktury energetycznej, w dzia\u0142aniach s\u0142u\u017cb ratowniczych i porz\u0105dkowych, w zarz\u0105dzaniu zasobami wodnymi czy monitoringu le\u015bnym. Dzi\u0119ki du\u017cej mocy obliczeniowej i otwartemu \u015brodowisku developerskiemu pozwala tworzy\u0107 dedykowane aplikacje dopasowane do konkretnych scenariuszy operacyjnych.<\/p>\n<p><img decoding=\"async\" src=\"https:\/\/assets.innpro.pl\/17614\/23363\/1.jpg\" border=\"0\" alt=\"droga przecinaj\u0105ca zielony las\"><\/p>\n<h3>Zawarto\u015b\u0107 zestawu:<\/h3>\n<ul>\n<li>DJI Manifold 3 \u00d7 1<\/li>\n<\/ul>\n<div class=\"table-wrapper\">\n<h3>Og\u00f3lne<\/h3>\n<table>\n<tbody>\n<tr>\n<th>Nazwa produktu<\/th>\n<td>Manifold 3<\/td>\n<\/tr>\n<tr>\n<th>Waga<\/th>\n<td>120 \u00b1 5 g<\/td>\n<\/tr>\n<tr>\n<th>Wymiary<\/th>\n<td>98 \u00d7 57 \u00d7 36 mm (D \u00d7 S \u00d7 W)<\/td>\n<\/tr>\n<tr>\n<th>Moc znamionowa<\/th>\n<td>33 W<\/td>\n<\/tr>\n<tr>\n<th>Kompatybilno\u015b\u0107<\/th>\n<td>DJI Matrice 400 (z dedykowanym uchwytem monta\u017cowym), <br \/>DJI Matrice 4 Series (z dedykowanym uchwytem monta\u017cowym), <br \/>DJI Matrice 4D Series (z dedykowanym uchwytem monta\u017cowym)<\/td>\n<\/tr>\n<tr>\n<th>Pami\u0119\u0107 RAM<\/th>\n<td>16 GB LPDDR5<\/td>\n<\/tr>\n<tr>\n<th>Pami\u0119\u0107 wewn\u0119trzna<\/th>\n<td>256 GB SSD<\/td>\n<\/tr>\n<tr>\n<th>Moc obliczeniowa<\/th>\n<td>Do 100 TOPS* *Warto\u015b\u0107 okre\u015blona przy precyzji INT8, w oparciu o rozrzedzony model obliczeniowy.<\/td>\n<\/tr>\n<tr>\n<th>Interfejsy<\/th>\n<td>E-Port: obs\u0142uga interfejsu DJI Matrice 400 E-Port V2; USB-C: USB 3.2 Gen 1, pr\u0119dko\u015b\u0107 przesy\u0142u do 5 Gb\/s *Na platformie DJI Matrice 400 obs\u0142ugiwane s\u0105 wy\u0142\u0105cznie porty E1, E2 i E3 interfejsu E-Port V2 (zalecany port: E3).<\/td>\n<\/tr>\n<\/tbody>\n<\/table>\n<p>\u00a0<\/p>\n<h3>Parametry \u015brodowiskowe<\/h3>\n<table>\n<tbody>\n<tr>\n<th>Temperatura pracy<\/th>\n<td>Od -20\u00b0C do 50\u00b0C<\/td>\n<\/tr>\n<tr>\n<th>Temperatura przechowywania<\/th>\n<td>Od -20\u00b0C do 60\u00b0C<\/td>\n<\/tr>\n<tr>\n<th>Klasa szczelno\u015bci<\/th>\n<td>IP55 *Zmierzono w kontrolowanych warunkach. Stopie\u0144 ochrony mo\u017ce si\u0119 obni\u017ca\u0107 w wyniku zu\u017cycia produktu.<\/td>\n<\/tr>\n<\/tbody>\n<\/table>\n<p>\u00a0<\/p>\n<h3>Zasilanie<\/h3>\n<table>\n<tbody>\n<tr>\n<th>Zasilanie przez E-Port<\/th>\n<td>DJI Matrice 400 E-Port V2: wej\u015bcie 24 V<\/td>\n<\/tr>\n<tr>\n<th>Zasilanie przez USB (PD)<\/th>\n<td>Mo\u017cliwo\u015b\u0107 zasilania za pomoc\u0105 adaptera obs\u0142uguj\u0105cego protok\u00f3\u0142 Power Delivery (PD) przez interfejs USB-C *Szczeg\u00f3\u0142y dotycz\u0105ce zalecanych modeli zasilaczy dost\u0119pne s\u0105 w sekcji FAQ.<\/td>\n<\/tr>\n<\/tbody>\n<\/table>\n<\/div>\n","protected":false},"excerpt":{"rendered":"<p>DJI Manifold 3 DJI Manifold 3 to kompaktowy komputer pok\u0142adowy, kt\u00f3ry zapewnia a\u017c 100 TOPS (Tera Operations Per Second, bilion\u00f3w<\/p>\n","protected":false},"featured_media":49759,"comment_status":"closed","ping_status":"open","template":"","meta":{"_acf_changed":false},"product_brand":[],"product_cat":[6169,1088,1105],"product_tag":[],"class_list":{"0":"post-60792","1":"product","2":"type-product","3":"status-publish","4":"has-post-thumbnail","6":"product_cat-akcesoria-i-czesci","7":"product_cat-drony","8":"product_cat-przemyslowe","9":"pa_okres-gwarancji-5757","10":"pa_producent-dji-enterprise","12":"first","13":"outofstock","14":"taxable","15":"shipping-taxable","16":"purchasable","17":"product-type-simple"},"acf":[],"yoast_head":"<!-- This site is optimized with the Yoast SEO plugin v27.2 - https:\/\/yoast.com\/product\/yoast-seo-wordpress\/ -->\n<title>DJI Manifold 3 - IRONSKY.PL Sklep z Dronami<\/title>\n<meta name=\"description\" content=\"DJI Manifold 3 - \u2705 sklep z dronami i fachowym doradztwem. \u2705 Tutaj kupisz produkty DJI, Yuneec, Parrot, Syma i wiele innych, a tak\u017ce kursy i licencje na operatora drona.\" \/>\n<meta name=\"robots\" content=\"index, follow, max-snippet:-1, max-image-preview:large, max-video-preview:-1\" \/>\n<link rel=\"canonical\" href=\"https:\/\/ironsky.pl\/sklep\/produkt\/dji-manifold-3-2\/\" \/>\n<meta property=\"og:locale\" content=\"pl_PL\" \/>\n<meta property=\"og:type\" content=\"article\" \/>\n<meta property=\"og:title\" content=\"DJI Manifold 3 - IRONSKY.PL Sklep z Dronami\" \/>\n<meta property=\"og:description\" content=\"DJI Manifold 3 - \u2705 sklep z dronami i fachowym doradztwem. \u2705 Tutaj kupisz produkty DJI, Yuneec, Parrot, Syma i wiele innych, a tak\u017ce kursy i licencje na operatora drona.\" \/>\n<meta property=\"og:url\" content=\"https:\/\/ironsky.pl\/sklep\/produkt\/dji-manifold-3-2\/\" \/>\n<meta property=\"og:site_name\" content=\"IRONSKY.PL Sklep z Dronami\" \/>\n<meta property=\"article:modified_time\" content=\"2026-04-15T09:08:16+00:00\" \/>\n<meta property=\"og:image\" content=\"https:\/\/ironsky.pl\/sklep\/wp-content\/uploads\/2025\/10\/54302_1.jpg\" \/>\n\t<meta property=\"og:image:width\" content=\"800\" \/>\n\t<meta property=\"og:image:height\" content=\"800\" \/>\n\t<meta property=\"og:image:type\" content=\"image\/jpeg\" \/>\n<meta name=\"twitter:card\" content=\"summary_large_image\" \/>\n<meta name=\"twitter:label1\" content=\"Szacowany czas czytania\" \/>\n\t<meta name=\"twitter:data1\" content=\"4 minuty\" \/>\n<script type=\"application\/ld+json\" class=\"yoast-schema-graph\">{\"@context\":\"https:\/\/schema.org\",\"@graph\":[{\"@type\":\"WebPage\",\"@id\":\"https:\/\/ironsky.pl\/sklep\/produkt\/dji-manifold-3-2\/\",\"url\":\"https:\/\/ironsky.pl\/sklep\/produkt\/dji-manifold-3-2\/\",\"name\":\"DJI Manifold 3 - IRONSKY.PL Sklep z Dronami\",\"isPartOf\":{\"@id\":\"https:\/\/ironsky.pl\/sklep\/#website\"},\"primaryImageOfPage\":{\"@id\":\"https:\/\/ironsky.pl\/sklep\/produkt\/dji-manifold-3-2\/#primaryimage\"},\"image\":{\"@id\":\"https:\/\/ironsky.pl\/sklep\/produkt\/dji-manifold-3-2\/#primaryimage\"},\"thumbnailUrl\":\"https:\/\/ironsky.pl\/sklep\/wp-content\/uploads\/2025\/10\/54302_1.jpg\",\"datePublished\":\"2026-04-15T09:07:51+00:00\",\"dateModified\":\"2026-04-15T09:08:16+00:00\",\"description\":\"DJI Manifold 3 - \u2705 sklep z dronami i fachowym doradztwem. \u2705 Tutaj kupisz produkty DJI, Yuneec, Parrot, Syma i wiele innych, a tak\u017ce kursy i licencje na operatora drona.\",\"breadcrumb\":{\"@id\":\"https:\/\/ironsky.pl\/sklep\/produkt\/dji-manifold-3-2\/#breadcrumb\"},\"inLanguage\":\"pl-PL\",\"potentialAction\":[{\"@type\":\"ReadAction\",\"target\":[\"https:\/\/ironsky.pl\/sklep\/produkt\/dji-manifold-3-2\/\"]}]},{\"@type\":\"ImageObject\",\"inLanguage\":\"pl-PL\",\"@id\":\"https:\/\/ironsky.pl\/sklep\/produkt\/dji-manifold-3-2\/#primaryimage\",\"url\":\"https:\/\/ironsky.pl\/sklep\/wp-content\/uploads\/2025\/10\/54302_1.jpg\",\"contentUrl\":\"https:\/\/ironsky.pl\/sklep\/wp-content\/uploads\/2025\/10\/54302_1.jpg\",\"width\":800,\"height\":800},{\"@type\":\"BreadcrumbList\",\"@id\":\"https:\/\/ironsky.pl\/sklep\/produkt\/dji-manifold-3-2\/#breadcrumb\",\"itemListElement\":[{\"@type\":\"ListItem\",\"position\":1,\"name\":\"Strona g\u0142\u00f3wna\",\"item\":\"https:\/\/ironsky.pl\/sklep\/\"},{\"@type\":\"ListItem\",\"position\":2,\"name\":\"Wszystkie produkty\",\"item\":\"https:\/\/ironsky.pl\/sklep\/produkty\/\"},{\"@type\":\"ListItem\",\"position\":3,\"name\":\"DJI Manifold 3\"}]},{\"@type\":\"WebSite\",\"@id\":\"https:\/\/ironsky.pl\/sklep\/#website\",\"url\":\"https:\/\/ironsky.pl\/sklep\/\",\"name\":\"IRONSKY.PL Sklep z Dronami\",\"description\":\"IRONSKY.PL Sklep z Dronami\",\"potentialAction\":[{\"@type\":\"SearchAction\",\"target\":{\"@type\":\"EntryPoint\",\"urlTemplate\":\"https:\/\/ironsky.pl\/sklep\/?s={search_term_string}\"},\"query-input\":{\"@type\":\"PropertyValueSpecification\",\"valueRequired\":true,\"valueName\":\"search_term_string\"}}],\"inLanguage\":\"pl-PL\"}]}<\/script>\n<!-- \/ Yoast SEO plugin. -->","yoast_head_json":{"title":"DJI Manifold 3 - IRONSKY.PL Sklep z Dronami","description":"DJI Manifold 3 - \u2705 sklep z dronami i fachowym doradztwem. \u2705 Tutaj kupisz produkty DJI, Yuneec, Parrot, Syma i wiele innych, a tak\u017ce kursy i licencje na operatora drona.","robots":{"index":"index","follow":"follow","max-snippet":"max-snippet:-1","max-image-preview":"max-image-preview:large","max-video-preview":"max-video-preview:-1"},"canonical":"https:\/\/ironsky.pl\/sklep\/produkt\/dji-manifold-3-2\/","og_locale":"pl_PL","og_type":"article","og_title":"DJI Manifold 3 - IRONSKY.PL Sklep z Dronami","og_description":"DJI Manifold 3 - \u2705 sklep z dronami i fachowym doradztwem. \u2705 Tutaj kupisz produkty DJI, Yuneec, Parrot, Syma i wiele innych, a tak\u017ce kursy i licencje na operatora drona.","og_url":"https:\/\/ironsky.pl\/sklep\/produkt\/dji-manifold-3-2\/","og_site_name":"IRONSKY.PL Sklep z Dronami","article_modified_time":"2026-04-15T09:08:16+00:00","og_image":[{"width":800,"height":800,"url":"https:\/\/ironsky.pl\/sklep\/wp-content\/uploads\/2025\/10\/54302_1.jpg","type":"image\/jpeg"}],"twitter_card":"summary_large_image","twitter_misc":{"Szacowany czas czytania":"4 minuty"},"schema":{"@context":"https:\/\/schema.org","@graph":[{"@type":"WebPage","@id":"https:\/\/ironsky.pl\/sklep\/produkt\/dji-manifold-3-2\/","url":"https:\/\/ironsky.pl\/sklep\/produkt\/dji-manifold-3-2\/","name":"DJI Manifold 3 - IRONSKY.PL Sklep z Dronami","isPartOf":{"@id":"https:\/\/ironsky.pl\/sklep\/#website"},"primaryImageOfPage":{"@id":"https:\/\/ironsky.pl\/sklep\/produkt\/dji-manifold-3-2\/#primaryimage"},"image":{"@id":"https:\/\/ironsky.pl\/sklep\/produkt\/dji-manifold-3-2\/#primaryimage"},"thumbnailUrl":"https:\/\/ironsky.pl\/sklep\/wp-content\/uploads\/2025\/10\/54302_1.jpg","datePublished":"2026-04-15T09:07:51+00:00","dateModified":"2026-04-15T09:08:16+00:00","description":"DJI Manifold 3 - \u2705 sklep z dronami i fachowym doradztwem. \u2705 Tutaj kupisz produkty DJI, Yuneec, Parrot, Syma i wiele innych, a tak\u017ce kursy i licencje na operatora drona.","breadcrumb":{"@id":"https:\/\/ironsky.pl\/sklep\/produkt\/dji-manifold-3-2\/#breadcrumb"},"inLanguage":"pl-PL","potentialAction":[{"@type":"ReadAction","target":["https:\/\/ironsky.pl\/sklep\/produkt\/dji-manifold-3-2\/"]}]},{"@type":"ImageObject","inLanguage":"pl-PL","@id":"https:\/\/ironsky.pl\/sklep\/produkt\/dji-manifold-3-2\/#primaryimage","url":"https:\/\/ironsky.pl\/sklep\/wp-content\/uploads\/2025\/10\/54302_1.jpg","contentUrl":"https:\/\/ironsky.pl\/sklep\/wp-content\/uploads\/2025\/10\/54302_1.jpg","width":800,"height":800},{"@type":"BreadcrumbList","@id":"https:\/\/ironsky.pl\/sklep\/produkt\/dji-manifold-3-2\/#breadcrumb","itemListElement":[{"@type":"ListItem","position":1,"name":"Strona g\u0142\u00f3wna","item":"https:\/\/ironsky.pl\/sklep\/"},{"@type":"ListItem","position":2,"name":"Wszystkie produkty","item":"https:\/\/ironsky.pl\/sklep\/produkty\/"},{"@type":"ListItem","position":3,"name":"DJI Manifold 3"}]},{"@type":"WebSite","@id":"https:\/\/ironsky.pl\/sklep\/#website","url":"https:\/\/ironsky.pl\/sklep\/","name":"IRONSKY.PL Sklep z Dronami","description":"IRONSKY.PL Sklep z Dronami","potentialAction":[{"@type":"SearchAction","target":{"@type":"EntryPoint","urlTemplate":"https:\/\/ironsky.pl\/sklep\/?s={search_term_string}"},"query-input":{"@type":"PropertyValueSpecification","valueRequired":true,"valueName":"search_term_string"}}],"inLanguage":"pl-PL"}]}},"_links":{"self":[{"href":"https:\/\/ironsky.pl\/sklep\/wp-json\/wp\/v2\/product\/60792","targetHints":{"allow":["GET"]}}],"collection":[{"href":"https:\/\/ironsky.pl\/sklep\/wp-json\/wp\/v2\/product"}],"about":[{"href":"https:\/\/ironsky.pl\/sklep\/wp-json\/wp\/v2\/types\/product"}],"replies":[{"embeddable":true,"href":"https:\/\/ironsky.pl\/sklep\/wp-json\/wp\/v2\/comments?post=60792"}],"wp:featuredmedia":[{"embeddable":true,"href":"https:\/\/ironsky.pl\/sklep\/wp-json\/wp\/v2\/media\/49759"}],"wp:attachment":[{"href":"https:\/\/ironsky.pl\/sklep\/wp-json\/wp\/v2\/media?parent=60792"}],"wp:term":[{"taxonomy":"product_brand","embeddable":true,"href":"https:\/\/ironsky.pl\/sklep\/wp-json\/wp\/v2\/product_brand?post=60792"},{"taxonomy":"product_cat","embeddable":true,"href":"https:\/\/ironsky.pl\/sklep\/wp-json\/wp\/v2\/product_cat?post=60792"},{"taxonomy":"product_tag","embeddable":true,"href":"https:\/\/ironsky.pl\/sklep\/wp-json\/wp\/v2\/product_tag?post=60792"}],"curies":[{"name":"wp","href":"https:\/\/api.w.org\/{rel}","templated":true}]}}